{"id":5077351,"date":"2026-03-03T12:46:40","date_gmt":"2026-03-03T10:46:40","guid":{"rendered":"https:\/\/visitparnu.com\/gidy\/norrakeelsed-giidid\/"},"modified":"2026-04-24T09:44:10","modified_gmt":"2026-04-24T07:44:10","slug":"norrakeelsed-giidid","status":"publish","type":"page","link":"https:\/\/visitparnu.com\/ru\/gidy\/norrakeelsed-giidid\/","title":{"rendered":"Norwegian guides in P\u00e4rnu"},"content":{"rendered":"\t\t<div data-elementor-type=\"wp-post\" data-elementor-id=\"5077351\" class=\"elementor elementor-5077351 elementor-5069419\" data-elementor-post-type=\"page\">\n\t\t\t\t\t\t<section class=\"elementor-section elementor-top-section elementor-element elementor-element-320fa3f elementor-section-full_width elementor-section-height-default elementor-section-height-default\" data-id=\"320fa3f\" data-element_type=\"section\" data-e-type=\"section\">\n\t\t\t\t\t\t<div class=\"elementor-container elementor-column-gap-default\">\n\t\t\t\t\t<div class=\"elementor-column elementor-col-100 elementor-top-column elementor-element elementor-element-8f0178d\" data-id=\"8f0178d\" data-element_type=\"column\" data-e-type=\"column\">\n\t\t\t<div class=\"elementor-widget-wrap elementor-element-populated\">\n\t\t\t\t\t\t<section class=\"elementor-section elementor-inner-section elementor-element elementor-element-e0c680d elementor-section-boxed elementor-section-height-default elementor-section-height-default\" data-id=\"e0c680d\" data-element_type=\"section\" data-e-type=\"section\">\n\t\t\t\t\t\t<div class=\"elementor-container elementor-column-gap-default\">\n\t\t\t\t\t<div class=\"elementor-column elementor-col-33 elementor-inner-column elementor-element elementor-element-2a6aaa8\" data-id=\"2a6aaa8\" data-element_type=\"column\" data-e-type=\"column\">\n\t\t\t<div class=\"elementor-widget-wrap elementor-element-populated\">\n\t\t\t\t<div class=\"elementor-element elementor-element-8f814ca e-con-full e-flex e-con e-child\" data-id=\"8f814ca\" data-element_type=\"container\" data-e-type=\"container\">\n\t\t\t\t<div class=\"elementor-element elementor-element-ea972c0 elementor-widget elementor-widget-image\" data-id=\"ea972c0\" data-element_type=\"widget\" data-e-type=\"widget\" data-widget_type=\"image.default\">\n\t\t\t\t\t\t\t\t\t\t\t\t<figure class=\"wp-caption\">\n\t\t\t\t\t\t\t\t\t\t<img fetchpriority=\"high\" decoding=\"async\" width=\"200\" height=\"300\" src=\"https:\/\/visitparnu.com\/wp-content\/uploads\/2018\/10\/Katlin-200x300.jpg\" class=\"attachment-medium size-medium wp-image-5060558\" alt=\"Norrakeelne giid\" srcset=\"https:\/\/visitparnu.com\/wp-content\/uploads\/2018\/10\/Katlin-200x300.jpg 200w, https:\/\/visitparnu.com\/wp-content\/uploads\/2018\/10\/Katlin-682x1024.jpg 682w, https:\/\/visitparnu.com\/wp-content\/uploads\/2018\/10\/Katlin-768x1152.jpg 768w, https:\/\/visitparnu.com\/wp-content\/uploads\/2018\/10\/Katlin-1024x1536.jpg 1024w, https:\/\/visitparnu.com\/wp-content\/uploads\/2018\/10\/Katlin.jpg 1333w\" sizes=\"(max-width: 200px) 100vw, 200px\" \/>\t\t\t\t\t\t\t\t\t\t\t<figcaption class=\"widget-image-caption wp-caption-text\">K\u00e4tlin Janson <br> <a href=\"tel:+372 56657279\"> +372 56657279<\/a> <br><a href=\"mailto:katlinjanson@gmail.com\"> katlinjanson@gmail.com<\/a> <br> Langugages:  estonian, norwegian<br> Hobbies: travel, languages<\/figcaption>\n\t\t\t\t\t\t\t\t\t\t<\/figure>\n\t\t\t\t\t\t\t\t\t<\/div>\n\t\t\t\t<\/div>\n\t\t\t\t\t<\/div>\n\t\t<\/div>\n\t\t\t\t<div class=\"elementor-column elementor-col-33 elementor-inner-column elementor-element elementor-element-c72f5fa\" data-id=\"c72f5fa\" data-element_type=\"column\" data-e-type=\"column\">\n\t\t\t<div class=\"elementor-widget-wrap\">\n\t\t\t\t\t\t\t<\/div>\n\t\t<\/div>\n\t\t\t\t<div class=\"elementor-column elementor-col-33 elementor-inner-column elementor-element elementor-element-bb734dd\" data-id=\"bb734dd\" data-element_type=\"column\" data-e-type=\"column\">\n\t\t\t<div class=\"elementor-widget-wrap\">\n\t\t\t\t\t\t\t<\/div>\n\t\t<\/div>\n\t\t\t\t\t<\/div>\n\t\t<\/section>\n\t\t\t\t\t<\/div>\n\t\t<\/div>\n\t\t\t\t\t<\/div>\n\t\t<\/section>\n\t\t\t\t<\/div>\n\t\t","protected":false},"excerpt":{"rendered":"<p>K\u00e4tlin Janson +372 56657279 katlinjanson@gmail.com Langugages: estonian, norwegian Hobbies: travel, languages<\/p>\n","protected":false},"author":15,"featured_media":5077343,"parent":4937225,"menu_order":8,"comment_status":"closed","ping_status":"closed","template":"","meta":{"_acf_changed":false,"footnotes":""},"class_list":["post-5077351","page","type-page","status-publish","has-post-thumbnail","hentry"],"acf":[],"yoast_head":"<!-- This site is optimized with the Yoast SEO plugin v27.3 - https:\/\/yoast.com\/product\/yoast-seo-wordpress\/ -->\n<title>Norwegian guides in P\u00e4rnu - Visit P\u00e4rnu<\/title>\n<meta name=\"robots\" content=\"index, follow, max-snippet:-1, max-image-preview:large, max-video-preview:-1\" \/>\n<link rel=\"canonical\" href=\"https:\/\/visitparnu.com\/ru\/gidy\/norrakeelsed-giidid\/\" \/>\n<meta property=\"og:locale\" content=\"ru_RU\" \/>\n<meta property=\"og:type\" content=\"article\" \/>\n<meta property=\"og:title\" content=\"Norwegian guides in P\u00e4rnu - Visit P\u00e4rnu\" \/>\n<meta property=\"og:description\" content=\"K\u00e4tlin Janson +372 56657279 katlinjanson@gmail.com Langugages: estonian, norwegian Hobbies: travel, languages\" \/>\n<meta property=\"og:url\" content=\"https:\/\/visitparnu.com\/ru\/gidy\/norrakeelsed-giidid\/\" \/>\n<meta property=\"og:site_name\" content=\"Visit P\u00e4rnu\" \/>\n<meta property=\"article:publisher\" content=\"https:\/\/www.facebook.com\/visitparnuEE\/\" \/>\n<meta property=\"article:modified_time\" content=\"2026-04-24T07:44:10+00:00\" \/>\n<meta property=\"og:image\" content=\"https:\/\/visitparnu.com\/wp-content\/uploads\/2026\/04\/giidid-no-1024x463.png\" \/>\n\t<meta property=\"og:image:width\" content=\"1024\" \/>\n\t<meta property=\"og:image:height\" content=\"463\" \/>\n\t<meta property=\"og:image:type\" content=\"image\/png\" \/>\n<meta name=\"twitter:card\" content=\"summary_large_image\" \/>\n<meta name=\"twitter:label1\" content=\"\u041f\u0440\u0438\u043c\u0435\u0440\u043d\u043e\u0435 \u0432\u0440\u0435\u043c\u044f \u0434\u043b\u044f \u0447\u0442\u0435\u043d\u0438\u044f\" \/>\n\t<meta name=\"twitter:data1\" content=\"1 \u043c\u0438\u043d\u0443\u0442\u0430\" \/>\n<script type=\"application\/ld+json\" class=\"yoast-schema-graph\">{\"@context\":\"https:\\\/\\\/schema.org\",\"@graph\":[{\"@type\":\"WebPage\",\"@id\":\"https:\\\/\\\/visitparnu.com\\\/ru\\\/gidy\\\/norrakeelsed-giidid\\\/\",\"url\":\"https:\\\/\\\/visitparnu.com\\\/ru\\\/gidy\\\/norrakeelsed-giidid\\\/\",\"name\":\"Norwegian guides in P\u00e4rnu - Visit P\u00e4rnu\",\"isPartOf\":{\"@id\":\"https:\\\/\\\/visitparnu.com\\\/ru\\\/#website\"},\"primaryImageOfPage\":{\"@id\":\"https:\\\/\\\/visitparnu.com\\\/ru\\\/gidy\\\/norrakeelsed-giidid\\\/#primaryimage\"},\"image\":{\"@id\":\"https:\\\/\\\/visitparnu.com\\\/ru\\\/gidy\\\/norrakeelsed-giidid\\\/#primaryimage\"},\"thumbnailUrl\":\"https:\\\/\\\/visitparnu.com\\\/wp-content\\\/uploads\\\/2026\\\/04\\\/giidid-no.png\",\"datePublished\":\"2026-03-03T10:46:40+00:00\",\"dateModified\":\"2026-04-24T07:44:10+00:00\",\"breadcrumb\":{\"@id\":\"https:\\\/\\\/visitparnu.com\\\/ru\\\/gidy\\\/norrakeelsed-giidid\\\/#breadcrumb\"},\"inLanguage\":\"ru-RU\",\"potentialAction\":[{\"@type\":\"ReadAction\",\"target\":[\"https:\\\/\\\/visitparnu.com\\\/ru\\\/gidy\\\/norrakeelsed-giidid\\\/\"]}]},{\"@type\":\"ImageObject\",\"inLanguage\":\"ru-RU\",\"@id\":\"https:\\\/\\\/visitparnu.com\\\/ru\\\/gidy\\\/norrakeelsed-giidid\\\/#primaryimage\",\"url\":\"https:\\\/\\\/visitparnu.com\\\/wp-content\\\/uploads\\\/2026\\\/04\\\/giidid-no.png\",\"contentUrl\":\"https:\\\/\\\/visitparnu.com\\\/wp-content\\\/uploads\\\/2026\\\/04\\\/giidid-no.png\",\"width\":1866,\"height\":843},{\"@type\":\"BreadcrumbList\",\"@id\":\"https:\\\/\\\/visitparnu.com\\\/ru\\\/gidy\\\/norrakeelsed-giidid\\\/#breadcrumb\",\"itemListElement\":[{\"@type\":\"ListItem\",\"position\":1,\"name\":\"\",\"item\":\"https:\\\/\\\/visitparnu.com\\\/ru\\\/avaleht\\\/\"},{\"@type\":\"ListItem\",\"position\":2,\"name\":\"\u0413\u0438\u0434\u044b\",\"item\":\"https:\\\/\\\/visitparnu.com\\\/ru\\\/gidy\\\/\"},{\"@type\":\"ListItem\",\"position\":3,\"name\":\"Norwegian guides in P\u00e4rnu\"}]},{\"@type\":\"WebSite\",\"@id\":\"https:\\\/\\\/visitparnu.com\\\/ru\\\/#website\",\"url\":\"https:\\\/\\\/visitparnu.com\\\/ru\\\/\",\"name\":\"Visit P\u00e4rnu\",\"description\":\"\",\"publisher\":{\"@id\":\"https:\\\/\\\/visitparnu.com\\\/ru\\\/#organization\"},\"potentialAction\":[{\"@type\":\"SearchAction\",\"target\":{\"@type\":\"EntryPoint\",\"urlTemplate\":\"https:\\\/\\\/visitparnu.com\\\/ru\\\/?s={search_term_string}\"},\"query-input\":{\"@type\":\"PropertyValueSpecification\",\"valueRequired\":true,\"valueName\":\"search_term_string\"}}],\"inLanguage\":\"ru-RU\"},{\"@type\":\"Organization\",\"@id\":\"https:\\\/\\\/visitparnu.com\\\/ru\\\/#organization\",\"name\":\"Visit P\u00e4rnu\",\"url\":\"https:\\\/\\\/visitparnu.com\\\/ru\\\/\",\"logo\":{\"@type\":\"ImageObject\",\"inLanguage\":\"ru-RU\",\"@id\":\"https:\\\/\\\/visitparnu.com\\\/ru\\\/#\\\/schema\\\/logo\\\/image\\\/\",\"url\":\"https:\\\/\\\/visitparnu.com\\\/wp-content\\\/uploads\\\/2022\\\/11\\\/VP_logo.svg\",\"contentUrl\":\"https:\\\/\\\/visitparnu.com\\\/wp-content\\\/uploads\\\/2022\\\/11\\\/VP_logo.svg\",\"width\":305,\"height\":33,\"caption\":\"Visit P\u00e4rnu\"},\"image\":{\"@id\":\"https:\\\/\\\/visitparnu.com\\\/ru\\\/#\\\/schema\\\/logo\\\/image\\\/\"},\"sameAs\":[\"https:\\\/\\\/www.facebook.com\\\/visitparnuEE\\\/\",\"https:\\\/\\\/www.youtube.com\\\/user\\\/visitparnuestonia\\\/\",\"https:\\\/\\\/www.instagram.com\\\/visitparnu\\\/\"]}]}<\/script>\n<!-- \/ Yoast SEO plugin. -->","yoast_head_json":{"title":"Norwegian guides in P\u00e4rnu - Visit P\u00e4rnu","robots":{"index":"index","follow":"follow","max-snippet":"max-snippet:-1","max-image-preview":"max-image-preview:large","max-video-preview":"max-video-preview:-1"},"canonical":"https:\/\/visitparnu.com\/ru\/gidy\/norrakeelsed-giidid\/","og_locale":"ru_RU","og_type":"article","og_title":"Norwegian guides in P\u00e4rnu - Visit P\u00e4rnu","og_description":"K\u00e4tlin Janson +372 56657279 katlinjanson@gmail.com Langugages: estonian, norwegian Hobbies: travel, languages","og_url":"https:\/\/visitparnu.com\/ru\/gidy\/norrakeelsed-giidid\/","og_site_name":"Visit P\u00e4rnu","article_publisher":"https:\/\/www.facebook.com\/visitparnuEE\/","article_modified_time":"2026-04-24T07:44:10+00:00","og_image":[{"width":1024,"height":463,"url":"https:\/\/visitparnu.com\/wp-content\/uploads\/2026\/04\/giidid-no-1024x463.png","type":"image\/png"}],"twitter_card":"summary_large_image","twitter_misc":{"\u041f\u0440\u0438\u043c\u0435\u0440\u043d\u043e\u0435 \u0432\u0440\u0435\u043c\u044f \u0434\u043b\u044f \u0447\u0442\u0435\u043d\u0438\u044f":"1 \u043c\u0438\u043d\u0443\u0442\u0430"},"schema":{"@context":"https:\/\/schema.org","@graph":[{"@type":"WebPage","@id":"https:\/\/visitparnu.com\/ru\/gidy\/norrakeelsed-giidid\/","url":"https:\/\/visitparnu.com\/ru\/gidy\/norrakeelsed-giidid\/","name":"Norwegian guides in P\u00e4rnu - Visit P\u00e4rnu","isPartOf":{"@id":"https:\/\/visitparnu.com\/ru\/#website"},"primaryImageOfPage":{"@id":"https:\/\/visitparnu.com\/ru\/gidy\/norrakeelsed-giidid\/#primaryimage"},"image":{"@id":"https:\/\/visitparnu.com\/ru\/gidy\/norrakeelsed-giidid\/#primaryimage"},"thumbnailUrl":"https:\/\/visitparnu.com\/wp-content\/uploads\/2026\/04\/giidid-no.png","datePublished":"2026-03-03T10:46:40+00:00","dateModified":"2026-04-24T07:44:10+00:00","breadcrumb":{"@id":"https:\/\/visitparnu.com\/ru\/gidy\/norrakeelsed-giidid\/#breadcrumb"},"inLanguage":"ru-RU","potentialAction":[{"@type":"ReadAction","target":["https:\/\/visitparnu.com\/ru\/gidy\/norrakeelsed-giidid\/"]}]},{"@type":"ImageObject","inLanguage":"ru-RU","@id":"https:\/\/visitparnu.com\/ru\/gidy\/norrakeelsed-giidid\/#primaryimage","url":"https:\/\/visitparnu.com\/wp-content\/uploads\/2026\/04\/giidid-no.png","contentUrl":"https:\/\/visitparnu.com\/wp-content\/uploads\/2026\/04\/giidid-no.png","width":1866,"height":843},{"@type":"BreadcrumbList","@id":"https:\/\/visitparnu.com\/ru\/gidy\/norrakeelsed-giidid\/#breadcrumb","itemListElement":[{"@type":"ListItem","position":1,"name":"","item":"https:\/\/visitparnu.com\/ru\/avaleht\/"},{"@type":"ListItem","position":2,"name":"\u0413\u0438\u0434\u044b","item":"https:\/\/visitparnu.com\/ru\/gidy\/"},{"@type":"ListItem","position":3,"name":"Norwegian guides in P\u00e4rnu"}]},{"@type":"WebSite","@id":"https:\/\/visitparnu.com\/ru\/#website","url":"https:\/\/visitparnu.com\/ru\/","name":"Visit P\u00e4rnu","description":"","publisher":{"@id":"https:\/\/visitparnu.com\/ru\/#organization"},"potentialAction":[{"@type":"SearchAction","target":{"@type":"EntryPoint","urlTemplate":"https:\/\/visitparnu.com\/ru\/?s={search_term_string}"},"query-input":{"@type":"PropertyValueSpecification","valueRequired":true,"valueName":"search_term_string"}}],"inLanguage":"ru-RU"},{"@type":"Organization","@id":"https:\/\/visitparnu.com\/ru\/#organization","name":"Visit P\u00e4rnu","url":"https:\/\/visitparnu.com\/ru\/","logo":{"@type":"ImageObject","inLanguage":"ru-RU","@id":"https:\/\/visitparnu.com\/ru\/#\/schema\/logo\/image\/","url":"https:\/\/visitparnu.com\/wp-content\/uploads\/2022\/11\/VP_logo.svg","contentUrl":"https:\/\/visitparnu.com\/wp-content\/uploads\/2022\/11\/VP_logo.svg","width":305,"height":33,"caption":"Visit P\u00e4rnu"},"image":{"@id":"https:\/\/visitparnu.com\/ru\/#\/schema\/logo\/image\/"},"sameAs":["https:\/\/www.facebook.com\/visitparnuEE\/","https:\/\/www.youtube.com\/user\/visitparnuestonia\/","https:\/\/www.instagram.com\/visitparnu\/"]}]}},"_links":{"self":[{"href":"https:\/\/visitparnu.com\/ru\/wp-json\/wp\/v2\/pages\/5077351","targetHints":{"allow":["GET"]}}],"collection":[{"href":"https:\/\/visitparnu.com\/ru\/wp-json\/wp\/v2\/pages"}],"about":[{"href":"https:\/\/visitparnu.com\/ru\/wp-json\/wp\/v2\/types\/page"}],"author":[{"embeddable":true,"href":"https:\/\/visitparnu.com\/ru\/wp-json\/wp\/v2\/users\/15"}],"replies":[{"embeddable":true,"href":"https:\/\/visitparnu.com\/ru\/wp-json\/wp\/v2\/comments?post=5077351"}],"version-history":[{"count":1,"href":"https:\/\/visitparnu.com\/ru\/wp-json\/wp\/v2\/pages\/5077351\/revisions"}],"predecessor-version":[{"id":5077369,"href":"https:\/\/visitparnu.com\/ru\/wp-json\/wp\/v2\/pages\/5077351\/revisions\/5077369"}],"up":[{"embeddable":true,"href":"https:\/\/visitparnu.com\/ru\/wp-json\/wp\/v2\/pages\/4937225"}],"wp:featuredmedia":[{"embeddable":true,"href":"https:\/\/visitparnu.com\/ru\/wp-json\/wp\/v2\/media\/5077343"}],"wp:attachment":[{"href":"https:\/\/visitparnu.com\/ru\/wp-json\/wp\/v2\/media?parent=5077351"}],"curies":[{"name":"wp","href":"https:\/\/api.w.org\/{rel}","templated":true}]}}