{"id":5077350,"date":"2026-03-03T12:46:40","date_gmt":"2026-03-03T10:46:40","guid":{"rendered":"https:\/\/visitparnu.com\/norrakeelsed-giidid\/"},"modified":"2026-04-24T09:43:49","modified_gmt":"2026-04-24T07:43:49","slug":"norrakeelsed-giidid","status":"publish","type":"page","link":"https:\/\/visitparnu.com\/lv\/norrakeelsed-giidid\/","title":{"rendered":"Norwegian guides in P\u00e4rnu"},"content":{"rendered":"\t\t<div data-elementor-type=\"wp-post\" data-elementor-id=\"5077350\" class=\"elementor elementor-5077350 elementor-5069419\" data-elementor-post-type=\"page\">\n\t\t\t\t\t\t<section class=\"elementor-section elementor-top-section elementor-element elementor-element-320fa3f elementor-section-full_width elementor-section-height-default elementor-section-height-default\" data-id=\"320fa3f\" data-element_type=\"section\" data-e-type=\"section\">\n\t\t\t\t\t\t<div class=\"elementor-container elementor-column-gap-default\">\n\t\t\t\t\t<div class=\"elementor-column elementor-col-100 elementor-top-column elementor-element elementor-element-8f0178d\" data-id=\"8f0178d\" data-element_type=\"column\" data-e-type=\"column\">\n\t\t\t<div class=\"elementor-widget-wrap elementor-element-populated\">\n\t\t\t\t\t\t<section class=\"elementor-section elementor-inner-section elementor-element elementor-element-e0c680d elementor-section-boxed elementor-section-height-default elementor-section-height-default\" data-id=\"e0c680d\" data-element_type=\"section\" data-e-type=\"section\">\n\t\t\t\t\t\t<div class=\"elementor-container elementor-column-gap-default\">\n\t\t\t\t\t<div class=\"elementor-column elementor-col-33 elementor-inner-column elementor-element elementor-element-2a6aaa8\" data-id=\"2a6aaa8\" data-element_type=\"column\" data-e-type=\"column\">\n\t\t\t<div class=\"elementor-widget-wrap elementor-element-populated\">\n\t\t\t\t<div class=\"elementor-element elementor-element-8f814ca e-con-full e-flex e-con e-child\" data-id=\"8f814ca\" data-element_type=\"container\" data-e-type=\"container\">\n\t\t\t\t<div class=\"elementor-element elementor-element-ea972c0 elementor-widget elementor-widget-image\" data-id=\"ea972c0\" data-element_type=\"widget\" data-e-type=\"widget\" data-widget_type=\"image.default\">\n\t\t\t\t\t\t\t\t\t\t\t\t<figure class=\"wp-caption\">\n\t\t\t\t\t\t\t\t\t\t<img fetchpriority=\"high\" decoding=\"async\" width=\"200\" height=\"300\" src=\"https:\/\/visitparnu.com\/wp-content\/uploads\/2018\/10\/Katlin-200x300.jpg\" class=\"attachment-medium size-medium wp-image-5060558\" alt=\"Norrakeelne giid\" srcset=\"https:\/\/visitparnu.com\/wp-content\/uploads\/2018\/10\/Katlin-200x300.jpg 200w, https:\/\/visitparnu.com\/wp-content\/uploads\/2018\/10\/Katlin-682x1024.jpg 682w, https:\/\/visitparnu.com\/wp-content\/uploads\/2018\/10\/Katlin-768x1152.jpg 768w, https:\/\/visitparnu.com\/wp-content\/uploads\/2018\/10\/Katlin-1024x1536.jpg 1024w, https:\/\/visitparnu.com\/wp-content\/uploads\/2018\/10\/Katlin.jpg 1333w\" sizes=\"(max-width: 200px) 100vw, 200px\" \/>\t\t\t\t\t\t\t\t\t\t\t<figcaption class=\"widget-image-caption wp-caption-text\">K\u00e4tlin Janson <br> <a href=\"tel:+372 56657279\"> +372 56657279<\/a> <br><a href=\"mailto:katlinjanson@gmail.com\"> katlinjanson@gmail.com<\/a> <br> Langugages:  estonian, norwegian<br> Hobbies: travel, languages<\/figcaption>\n\t\t\t\t\t\t\t\t\t\t<\/figure>\n\t\t\t\t\t\t\t\t\t<\/div>\n\t\t\t\t<\/div>\n\t\t\t\t\t<\/div>\n\t\t<\/div>\n\t\t\t\t<div class=\"elementor-column elementor-col-33 elementor-inner-column elementor-element elementor-element-c72f5fa\" data-id=\"c72f5fa\" data-element_type=\"column\" data-e-type=\"column\">\n\t\t\t<div class=\"elementor-widget-wrap\">\n\t\t\t\t\t\t\t<\/div>\n\t\t<\/div>\n\t\t\t\t<div class=\"elementor-column elementor-col-33 elementor-inner-column elementor-element elementor-element-bb734dd\" data-id=\"bb734dd\" data-element_type=\"column\" data-e-type=\"column\">\n\t\t\t<div class=\"elementor-widget-wrap\">\n\t\t\t\t\t\t\t<\/div>\n\t\t<\/div>\n\t\t\t\t\t<\/div>\n\t\t<\/section>\n\t\t\t\t\t<\/div>\n\t\t<\/div>\n\t\t\t\t\t<\/div>\n\t\t<\/section>\n\t\t\t\t<\/div>\n\t\t","protected":false},"excerpt":{"rendered":"<p>K\u00e4tlin Janson +372 56657279 katlinjanson@gmail.com Langugages: estonian, norwegian Hobbies: travel, languages<\/p>\n","protected":false},"author":15,"featured_media":5077343,"parent":0,"menu_order":8,"comment_status":"closed","ping_status":"closed","template":"","meta":{"_acf_changed":false,"footnotes":""},"class_list":["post-5077350","page","type-page","status-publish","has-post-thumbnail","hentry"],"acf":[],"yoast_head":"<!-- This site is optimized with the Yoast SEO plugin v27.3 - https:\/\/yoast.com\/product\/yoast-seo-wordpress\/ -->\n<title>Norwegian guides in P\u00e4rnu - Visit P\u00e4rnu<\/title>\n<meta name=\"robots\" content=\"index, follow, max-snippet:-1, max-image-preview:large, max-video-preview:-1\" \/>\n<link rel=\"canonical\" href=\"https:\/\/visitparnu.com\/lv\/norrakeelsed-giidid\/\" \/>\n<meta property=\"og:locale\" content=\"lv_LV\" \/>\n<meta property=\"og:type\" content=\"article\" \/>\n<meta property=\"og:title\" content=\"Norwegian guides in P\u00e4rnu - Visit P\u00e4rnu\" \/>\n<meta property=\"og:description\" content=\"K\u00e4tlin Janson +372 56657279 katlinjanson@gmail.com Langugages: estonian, norwegian Hobbies: travel, languages\" \/>\n<meta property=\"og:url\" content=\"https:\/\/visitparnu.com\/lv\/norrakeelsed-giidid\/\" \/>\n<meta property=\"og:site_name\" content=\"Visit P\u00e4rnu\" \/>\n<meta property=\"article:publisher\" content=\"https:\/\/www.facebook.com\/visitparnuEE\/\" \/>\n<meta property=\"article:modified_time\" content=\"2026-04-24T07:43:49+00:00\" \/>\n<meta property=\"og:image\" content=\"https:\/\/visitparnu.com\/wp-content\/uploads\/2026\/04\/giidid-no-1024x463.png\" \/>\n\t<meta property=\"og:image:width\" content=\"1024\" \/>\n\t<meta property=\"og:image:height\" content=\"463\" \/>\n\t<meta property=\"og:image:type\" content=\"image\/png\" \/>\n<meta name=\"twitter:card\" content=\"summary_large_image\" \/>\n<meta name=\"twitter:label1\" content=\"Est. reading time\" \/>\n\t<meta name=\"twitter:data1\" content=\"1 minute\" \/>\n<script type=\"application\/ld+json\" class=\"yoast-schema-graph\">{\"@context\":\"https:\\\/\\\/schema.org\",\"@graph\":[{\"@type\":\"WebPage\",\"@id\":\"https:\\\/\\\/visitparnu.com\\\/lv\\\/norrakeelsed-giidid\\\/\",\"url\":\"https:\\\/\\\/visitparnu.com\\\/lv\\\/norrakeelsed-giidid\\\/\",\"name\":\"Norwegian guides in P\u00e4rnu - Visit P\u00e4rnu\",\"isPartOf\":{\"@id\":\"https:\\\/\\\/visitparnu.com\\\/lv\\\/#website\"},\"primaryImageOfPage\":{\"@id\":\"https:\\\/\\\/visitparnu.com\\\/lv\\\/norrakeelsed-giidid\\\/#primaryimage\"},\"image\":{\"@id\":\"https:\\\/\\\/visitparnu.com\\\/lv\\\/norrakeelsed-giidid\\\/#primaryimage\"},\"thumbnailUrl\":\"https:\\\/\\\/visitparnu.com\\\/wp-content\\\/uploads\\\/2026\\\/04\\\/giidid-no.png\",\"datePublished\":\"2026-03-03T10:46:40+00:00\",\"dateModified\":\"2026-04-24T07:43:49+00:00\",\"breadcrumb\":{\"@id\":\"https:\\\/\\\/visitparnu.com\\\/lv\\\/norrakeelsed-giidid\\\/#breadcrumb\"},\"inLanguage\":\"lv-LV\",\"potentialAction\":[{\"@type\":\"ReadAction\",\"target\":[\"https:\\\/\\\/visitparnu.com\\\/lv\\\/norrakeelsed-giidid\\\/\"]}]},{\"@type\":\"ImageObject\",\"inLanguage\":\"lv-LV\",\"@id\":\"https:\\\/\\\/visitparnu.com\\\/lv\\\/norrakeelsed-giidid\\\/#primaryimage\",\"url\":\"https:\\\/\\\/visitparnu.com\\\/wp-content\\\/uploads\\\/2026\\\/04\\\/giidid-no.png\",\"contentUrl\":\"https:\\\/\\\/visitparnu.com\\\/wp-content\\\/uploads\\\/2026\\\/04\\\/giidid-no.png\",\"width\":1866,\"height\":843},{\"@type\":\"BreadcrumbList\",\"@id\":\"https:\\\/\\\/visitparnu.com\\\/lv\\\/norrakeelsed-giidid\\\/#breadcrumb\",\"itemListElement\":[{\"@type\":\"ListItem\",\"position\":1,\"name\":\"\",\"item\":\"https:\\\/\\\/visitparnu.com\\\/lv\\\/\"},{\"@type\":\"ListItem\",\"position\":2,\"name\":\"Norwegian guides in P\u00e4rnu\"}]},{\"@type\":\"WebSite\",\"@id\":\"https:\\\/\\\/visitparnu.com\\\/lv\\\/#website\",\"url\":\"https:\\\/\\\/visitparnu.com\\\/lv\\\/\",\"name\":\"Visit P\u00e4rnu\",\"description\":\"\",\"publisher\":{\"@id\":\"https:\\\/\\\/visitparnu.com\\\/lv\\\/#organization\"},\"potentialAction\":[{\"@type\":\"SearchAction\",\"target\":{\"@type\":\"EntryPoint\",\"urlTemplate\":\"https:\\\/\\\/visitparnu.com\\\/lv\\\/?s={search_term_string}\"},\"query-input\":{\"@type\":\"PropertyValueSpecification\",\"valueRequired\":true,\"valueName\":\"search_term_string\"}}],\"inLanguage\":\"lv-LV\"},{\"@type\":\"Organization\",\"@id\":\"https:\\\/\\\/visitparnu.com\\\/lv\\\/#organization\",\"name\":\"Visit P\u00e4rnu\",\"url\":\"https:\\\/\\\/visitparnu.com\\\/lv\\\/\",\"logo\":{\"@type\":\"ImageObject\",\"inLanguage\":\"lv-LV\",\"@id\":\"https:\\\/\\\/visitparnu.com\\\/lv\\\/#\\\/schema\\\/logo\\\/image\\\/\",\"url\":\"https:\\\/\\\/visitparnu.com\\\/wp-content\\\/uploads\\\/2022\\\/11\\\/VP_logo.svg\",\"contentUrl\":\"https:\\\/\\\/visitparnu.com\\\/wp-content\\\/uploads\\\/2022\\\/11\\\/VP_logo.svg\",\"width\":305,\"height\":33,\"caption\":\"Visit P\u00e4rnu\"},\"image\":{\"@id\":\"https:\\\/\\\/visitparnu.com\\\/lv\\\/#\\\/schema\\\/logo\\\/image\\\/\"},\"sameAs\":[\"https:\\\/\\\/www.facebook.com\\\/visitparnuEE\\\/\",\"https:\\\/\\\/www.youtube.com\\\/user\\\/visitparnuestonia\\\/\",\"https:\\\/\\\/www.instagram.com\\\/visitparnu\\\/\"]}]}<\/script>\n<!-- \/ Yoast SEO plugin. -->","yoast_head_json":{"title":"Norwegian guides in P\u00e4rnu - Visit P\u00e4rnu","robots":{"index":"index","follow":"follow","max-snippet":"max-snippet:-1","max-image-preview":"max-image-preview:large","max-video-preview":"max-video-preview:-1"},"canonical":"https:\/\/visitparnu.com\/lv\/norrakeelsed-giidid\/","og_locale":"lv_LV","og_type":"article","og_title":"Norwegian guides in P\u00e4rnu - Visit P\u00e4rnu","og_description":"K\u00e4tlin Janson +372 56657279 katlinjanson@gmail.com Langugages: estonian, norwegian Hobbies: travel, languages","og_url":"https:\/\/visitparnu.com\/lv\/norrakeelsed-giidid\/","og_site_name":"Visit P\u00e4rnu","article_publisher":"https:\/\/www.facebook.com\/visitparnuEE\/","article_modified_time":"2026-04-24T07:43:49+00:00","og_image":[{"width":1024,"height":463,"url":"https:\/\/visitparnu.com\/wp-content\/uploads\/2026\/04\/giidid-no-1024x463.png","type":"image\/png"}],"twitter_card":"summary_large_image","twitter_misc":{"Est. reading time":"1 minute"},"schema":{"@context":"https:\/\/schema.org","@graph":[{"@type":"WebPage","@id":"https:\/\/visitparnu.com\/lv\/norrakeelsed-giidid\/","url":"https:\/\/visitparnu.com\/lv\/norrakeelsed-giidid\/","name":"Norwegian guides in P\u00e4rnu - Visit P\u00e4rnu","isPartOf":{"@id":"https:\/\/visitparnu.com\/lv\/#website"},"primaryImageOfPage":{"@id":"https:\/\/visitparnu.com\/lv\/norrakeelsed-giidid\/#primaryimage"},"image":{"@id":"https:\/\/visitparnu.com\/lv\/norrakeelsed-giidid\/#primaryimage"},"thumbnailUrl":"https:\/\/visitparnu.com\/wp-content\/uploads\/2026\/04\/giidid-no.png","datePublished":"2026-03-03T10:46:40+00:00","dateModified":"2026-04-24T07:43:49+00:00","breadcrumb":{"@id":"https:\/\/visitparnu.com\/lv\/norrakeelsed-giidid\/#breadcrumb"},"inLanguage":"lv-LV","potentialAction":[{"@type":"ReadAction","target":["https:\/\/visitparnu.com\/lv\/norrakeelsed-giidid\/"]}]},{"@type":"ImageObject","inLanguage":"lv-LV","@id":"https:\/\/visitparnu.com\/lv\/norrakeelsed-giidid\/#primaryimage","url":"https:\/\/visitparnu.com\/wp-content\/uploads\/2026\/04\/giidid-no.png","contentUrl":"https:\/\/visitparnu.com\/wp-content\/uploads\/2026\/04\/giidid-no.png","width":1866,"height":843},{"@type":"BreadcrumbList","@id":"https:\/\/visitparnu.com\/lv\/norrakeelsed-giidid\/#breadcrumb","itemListElement":[{"@type":"ListItem","position":1,"name":"","item":"https:\/\/visitparnu.com\/lv\/"},{"@type":"ListItem","position":2,"name":"Norwegian guides in P\u00e4rnu"}]},{"@type":"WebSite","@id":"https:\/\/visitparnu.com\/lv\/#website","url":"https:\/\/visitparnu.com\/lv\/","name":"Visit P\u00e4rnu","description":"","publisher":{"@id":"https:\/\/visitparnu.com\/lv\/#organization"},"potentialAction":[{"@type":"SearchAction","target":{"@type":"EntryPoint","urlTemplate":"https:\/\/visitparnu.com\/lv\/?s={search_term_string}"},"query-input":{"@type":"PropertyValueSpecification","valueRequired":true,"valueName":"search_term_string"}}],"inLanguage":"lv-LV"},{"@type":"Organization","@id":"https:\/\/visitparnu.com\/lv\/#organization","name":"Visit P\u00e4rnu","url":"https:\/\/visitparnu.com\/lv\/","logo":{"@type":"ImageObject","inLanguage":"lv-LV","@id":"https:\/\/visitparnu.com\/lv\/#\/schema\/logo\/image\/","url":"https:\/\/visitparnu.com\/wp-content\/uploads\/2022\/11\/VP_logo.svg","contentUrl":"https:\/\/visitparnu.com\/wp-content\/uploads\/2022\/11\/VP_logo.svg","width":305,"height":33,"caption":"Visit P\u00e4rnu"},"image":{"@id":"https:\/\/visitparnu.com\/lv\/#\/schema\/logo\/image\/"},"sameAs":["https:\/\/www.facebook.com\/visitparnuEE\/","https:\/\/www.youtube.com\/user\/visitparnuestonia\/","https:\/\/www.instagram.com\/visitparnu\/"]}]}},"_links":{"self":[{"href":"https:\/\/visitparnu.com\/lv\/wp-json\/wp\/v2\/pages\/5077350","targetHints":{"allow":["GET"]}}],"collection":[{"href":"https:\/\/visitparnu.com\/lv\/wp-json\/wp\/v2\/pages"}],"about":[{"href":"https:\/\/visitparnu.com\/lv\/wp-json\/wp\/v2\/types\/page"}],"author":[{"embeddable":true,"href":"https:\/\/visitparnu.com\/lv\/wp-json\/wp\/v2\/users\/15"}],"replies":[{"embeddable":true,"href":"https:\/\/visitparnu.com\/lv\/wp-json\/wp\/v2\/comments?post=5077350"}],"version-history":[{"count":1,"href":"https:\/\/visitparnu.com\/lv\/wp-json\/wp\/v2\/pages\/5077350\/revisions"}],"predecessor-version":[{"id":5077368,"href":"https:\/\/visitparnu.com\/lv\/wp-json\/wp\/v2\/pages\/5077350\/revisions\/5077368"}],"wp:featuredmedia":[{"embeddable":true,"href":"https:\/\/visitparnu.com\/lv\/wp-json\/wp\/v2\/media\/5077343"}],"wp:attachment":[{"href":"https:\/\/visitparnu.com\/lv\/wp-json\/wp\/v2\/media?parent=5077350"}],"curies":[{"name":"wp","href":"https:\/\/api.w.org\/{rel}","templated":true}]}}