{"id":5061508,"date":"2020-02-05T12:51:42","date_gmt":"2020-02-05T10:51:42","guid":{"rendered":"https:\/\/visitparnu.com\/privaatsuse-ja-kupsiste-eeskirjad\/"},"modified":"2025-09-12T13:56:21","modified_gmt":"2025-09-12T11:56:21","slug":"privaatsuse-ja-kupsiste-eeskirjad","status":"publish","type":"page","link":"https:\/\/visitparnu.com\/lv\/privatuma-un-sikdatnu-politika\/","title":{"rendered":"Priv\u0101tuma un s\u012bkdat\u0146u politika"},"content":{"rendered":"\t\t<div data-elementor-type=\"wp-page\" data-elementor-id=\"5061508\" class=\"elementor elementor-5061508 elementor-4936702\" data-elementor-post-type=\"page\">\n\t\t\t\t<div class=\"elementor-element elementor-element-20c1cf7 e-con-full e-flex e-con e-parent\" data-id=\"20c1cf7\" data-element_type=\"container\" data-e-type=\"container\">\n\t\t<div class=\"elementor-element elementor-element-0c0485e e-con-full e-flex e-con e-child\" data-id=\"0c0485e\" data-element_type=\"container\" data-e-type=\"container\">\n\t\t\t\t<div class=\"elementor-element elementor-element-45685ed elementor-widget elementor-widget-text-editor\" data-id=\"45685ed\" data-element_type=\"widget\" data-e-type=\"widget\" data-widget_type=\"text-editor.default\">\n\t\t\t\t\t\t\t\t\t<h2 data-start=\"99\" data-end=\"127\">Personas datu p\u0101rzinis<\/h2><p data-start=\"128\" data-end=\"429\">Par personas datu apstr\u0101di t\u012bmek\u013ca vietnes <a class=\"decorated-link\" href=\"http:\/\/www.visitparnu.com\" target=\"_new\" rel=\"noopener\" data-start=\"171\" data-end=\"189\">www.visitparnu.com<\/a> lietot\u0101jiem atbild\u012bgais p\u0101rzinis ir P\u0113rnavas pils\u0113tas pa\u0161vald\u012bba, re\u0123istr\u0101cijas kods 75000064, Suur-Sepa 16, 80098 P\u0113rnava, e-pasts: <a class=\"decorated-link cursor-pointer\" rel=\"noopener\" data-start=\"323\" data-end=\"345\">linnavalitsus@parnu.ee<\/a>. Pla\u0161\u0101ka inform\u0101cija par iest\u0101des datu aizsardz\u012bbas nosac\u012bjumiem pieejama <a href=\"https:\/\/parnu.ee\/omavalitsuse-uldinfo\/isikuandmete-kaitse\"><strong data-start=\"420\" data-end=\"428\">\u0160EIT<\/strong><\/a>.<\/p><h2 data-start=\"431\" data-end=\"463\">P\u0101rl\u016bkprogrammas s\u012bkdatnes<\/h2><p data-start=\"464\" data-end=\"758\">Apmekl\u0113jot t\u012bmek\u013ca vietni, m\u0113s izmantojam s\u012bkdatnes, lai identific\u0113tu J\u016bsu sesiju. Dati tiek apstr\u0101d\u0101ti tikai anonimiz\u0113t\u0101 form\u0101, lai izveidotu apmekl\u0113jumu statistiku, ko izmantojam vietnes pilnveido\u0161anai un \u0113rt\u0101kai lieto\u0161anai apmekl\u0113t\u0101jiem. S\u012bkdat\u0146u izmanto\u0161anas principi ir apskat\u0101mi <a href=\"https:\/\/parnu.ee\/omavalitsuse-uldinfo\/kuepsised-cookies\"><strong data-start=\"749\" data-end=\"757\">\u0160EIT<\/strong><\/a>.<\/p>\t\t\t\t\t\t\t\t<\/div>\n\t\t\t\t<\/div>\n\t\t<div class=\"elementor-element elementor-element-0de4280 e-con-full e-flex e-con e-child\" data-id=\"0de4280\" data-element_type=\"container\" data-e-type=\"container\">\n\t\t\t\t<div class=\"elementor-element elementor-element-62251a4 elementor-widget elementor-widget-text-editor\" data-id=\"62251a4\" data-element_type=\"widget\" data-e-type=\"widget\" data-widget_type=\"text-editor.default\">\n\t\t\t\t\t\t\t\t\t<h2>\u201cVisit P\u00e4rnu\u201d jaunumi<\/h2><p>Vietn\u0113 \u201cVisit P\u00e4rnu\u201d iesp\u0113jams pieteikties jaunumu sa\u0146em\u0161anai, kas pal\u012bdz\u0113s pl\u0101not J\u016bsu n\u0101kamo atp\u016btu P\u0113rnav\u0101! Jaunumu izs\u016bt\u012b\u0161anai tiek v\u0101kti un uzglab\u0101ti sa\u0146\u0113m\u0113ja v\u0101rds un e-pasta adrese l\u012bdz br\u012bdim, kad lietot\u0101js v\u0113las sa\u0146emt jaunumu izdevumus. No jaunumu sa\u0146em\u0161anas var atteikties jebkur\u0101 laik\u0101, izmantojot saiti, kas pievienota visos jaunumu e-pastos. Jaunumu izs\u016bt\u012b\u0161anai m\u0113s izmantojam <strong data-start=\"1179\" data-end=\"1196\">SENDSMAILY O\u00dc<\/strong> pakalpojumu. Pakalpojuma sniedz\u0113ja priv\u0101tuma politika un dro\u0161\u012bbas inform\u0101cija pieejama <a href=\"https:\/\/smaily.com\/et\/privaatsuspoliitika-ja-turvalisus\/\"><strong data-start=\"1284\" data-end=\"1292\">\u0160EIT<\/strong><\/a>.<\/p><h2 data-start=\"1295\" data-end=\"1318\">Papildu jaut\u0101jumi<\/h2><p>Papildu jaut\u0101jumu gad\u012bjum\u0101, l\u016bdzu, rakstiet uz <a class=\"decorated-link cursor-pointer\" rel=\"noopener\" data-start=\"1366\" data-end=\"1385\">info@visitparnu.com<\/a><\/p>\t\t\t\t\t\t\t\t<\/div>\n\t\t\t\t<\/div>\n\t\t\t\t<\/div>\n\t\t<div class=\"elementor-element elementor-element-baabb69 elementor-hidden-desktop elementor-hidden-tablet elementor-hidden-mobile e-flex e-con-boxed e-con e-parent\" data-id=\"baabb69\" data-element_type=\"container\" data-e-type=\"container\">\n\t\t\t\t\t<div class=\"e-con-inner\">\n\t\t\t\t<div class=\"elementor-element elementor-element-4907860 elementor-hidden-desktop elementor-hidden-tablet elementor-hidden-mobile elementor-widget elementor-widget-text-editor\" data-id=\"4907860\" data-element_type=\"widget\" data-e-type=\"widget\" data-widget_type=\"text-editor.default\">\n\t\t\t\t\t\t\t\t\t<h1>Privaatsuse ja k\u00fcpsiste eeskirjad<\/h1><p>K\u00e4esolevad Privaatsuseeskirjad reguleerivad seda, kuidas P\u00e4rnu Linnavalitsus kogub, kasutab, s\u00e4ilitab ja avalikustab veebilehel www.visitparnu.com (edaspidi \u201eVeebileht\u201c kasutajatelt (eraldi viidatud kui \u201eKasutaja\u201c) kogutud teavet.<\/p><h2>Isikutuvastusandmed<\/h2><p>Me v\u00f5ime Kasutajalt isikuandmeid koguda mitmel erineval viisil, sealhulgas siis, kuid mitte ainult, kui Kasutajad k\u00fclastavad meie Veebilehte, registreeruvad Veebilehel, vormistavad tellimuse, t\u00e4idavad vormi v\u00f5i k\u00fcsimustiku, samuti seoses muude tegevuste, teenuste, funktsioonide v\u00f5i ressursside kasutamisega, mis me oleme Veebilehel k\u00e4ttesaadavaks muutnud. Kasutajatelt v\u00f5idakse vajadusel k\u00fcsida nime, e-posti aadressi, telefoninumbrit. Sellegipoolest on Kasutajatel v\u00f5imalik meie Veebilehte ka anon\u00fc\u00fcmselt k\u00fclastada. Me kogume Kasutajatelt isikuandmeid ainult juhul, kui nad edastavad meile sellist teavet vabatahtlikult. Kasutajad v\u00f5ivad alati keelduda isikut t\u00f5endava teabe andmisest, kuigi neil ei pruugi selle tulemusel olla v\u00f5imalik m\u00f5nd Veebilehe funktsiooni kasutada.\u00a0<\/p><p>Uudiskirja saatmiseks kogutakse ja s\u00e4ilitatakse uudiskirja saaja e-posti aadressi kuni kasutaja soovib uudiskirja saada. Kasutajatel on v\u00f5imalik igal ajal uudiskirja saamisest loobuda, kasutades selleks k\u00f5ikide uudiskirjade juurde lisatud veebilinki.<\/p><h2>Isikustamata tuvastusandmed<\/h2><p>Me v\u00f5ime koguda kasutajate isikustamata tuvastusandmeid mis tahes ajal, kui nad meie Veebilehte kasutavad. Isikustamata tuvastusandmete hulka v\u00f5ivad kuuluda veebilehitseja nimi, arvuti t\u00fc\u00fcp ja tehniline teave selle kohta, kuidas Kasutajad on meie Veebilehega \u00fchenduses, n\u00e4iteks teave operatsioonis\u00fcsteemi ja kasutatavate interneti teenusepakkujate kohta ning muu sarnane teave.<\/p><h2>Veebilehitseja k\u00fcpsised<\/h2><p>Kasutajakogemuse parandamiseks v\u00f5idakse meie Veebilehel kasutada k\u00fcpsiseid. Kasutaja veebilehitseja paigutab oma k\u00f5vakettale k\u00fcpsiseid salvestamise ja m\u00f5nikord ka teabe j\u00e4lgimise eesm\u00e4rgil. Kasutaja v\u00f5ib seadistada oma veebilehitseja nii, et see keelustab k\u00fcpsised v\u00f5i annab k\u00fcpsiste saatmisest m\u00e4rku. Kui seda tehakse, tuleb meeles pidada, et m\u00f5ned Veebilehe osad ei pruugi selle tulemusel enam funktsioneerida.<\/p><h2>Kuidas me kogutud isikuandmeid kasutame<\/h2><ul><li>Kasutajakogemuse parandamiseks<\/li><li>Veebilehe t\u00e4iustamiseks ja arendamiseks<\/li><li>Klienditeeninduse parandamiseks<\/li><li>Uudiskirjaga liitujate e-mailile, saadame aeg-ajalt uudiskirja.<\/li><\/ul><h2>Kuidas me sinu isikuandmeid kaitseme<\/h2><p>Me rakendame asjakohaseid andmete kogumise, s\u00e4ilitamise ja t\u00f6\u00f6tlemise tavasid ning turvameetmeid, et kaitsta sinu isikuandmeid, kasutajanime, salas\u00f5na, tehingute andmeid ja muid meie Veebilehel salvestatud andmeid loata juurdep\u00e4\u00e4su, muutmise, avalikustamise v\u00f5i h\u00e4vitamise eest.<\/p><h2>Sinu isikuandmete jagamine<\/h2><p>Me ei m\u00fc\u00fc, vaheta ega rendi Kasutajate isikuandmeid kolmandatele isikutele. Me v\u00f5ime \u00fclaltoodud eesm\u00e4rkidel jagada oma \u00e4ripartnerite, usaldusv\u00e4\u00e4rsete t\u00fctarettev\u00f5tete ja reklaamijatega \u00fcldist koondatud demograafilist teavet, mis ei ole seotud k\u00fclastajate ja kasutajate tuvastamist v\u00f5imaldavate isikuandmetega. Me v\u00f5ime kasutada kolmandatest isikutest teenusepakkujaid, et aidata meil oma \u00e4ri ja Veebilehte hallata v\u00f5i teostada tegevusi meie nimel, nt uudiskirjade v\u00f5i k\u00fcsitluste saatmine. Me v\u00f5ime jagada sinu teavet nende kolmandate osapooltega piiratud eesm\u00e4rkidel tingimusel, et oled meile selleks vastava loa andnud.P<\/p>\t\t\t\t\t\t\t\t<\/div>\n\t\t\t\t<div class=\"elementor-element elementor-element-a699ab9 elementor-hidden-desktop elementor-hidden-tablet elementor-hidden-mobile elementor-widget elementor-widget-text-editor\" data-id=\"a699ab9\" data-element_type=\"widget\" data-e-type=\"widget\" data-widget_type=\"text-editor.default\">\n\t\t\t\t\t\t\t\t\t<h2>Kolmandatest isikutest Veebilehed<\/h2><p>Kasutajad v\u00f5ivad meie Veebilehelt leida reklaame ja muud sisu, mis suunab (linkide kaudu) nad edasi meie partnerite, tarnijate, reklaamijate, sponsorite, litsentsiandjate ja muude kolmandate osapoolte veebilehtede ja teenuste juurde. Nendel veebilehtedel kuvatav sisu ega lingid ei ole meie kontrolli all ning meie ei vastuta meie Veebilehelt lingitud (v\u00f5i meie lehele linkivate) veebilehtede tavade eest. Lisaks v\u00f5ivad need veebilehed v\u00f5i teenused, sealhulgas nende sisu ja lingid, pidevalt muutuda. Nendel veebilehtedel v\u00f5ivad olla enda eraldiseisvad privaatsuseeskirjad ja klienditeeninduse eeskirjad. Sirvimine ja suhtlemine mis tahes muu veebilehel, sh veebisaitidel, millel on link meie Veebilehele, kehtivad selle veebisaidi enda tingimused ja eeskirjad.<\/p><h2>Sinu n\u00f5usolek nende tingimustega<\/h2><p>K\u00e4esolevat Veebilehte kasutades v\u00e4ljend oma n\u00f5usolekut antud eeskirjadega. Kui sa eeskirjadega ei n\u00f5ustu, siis palume meie Veebilehte mitte kasutada. Kui j\u00e4tkad Veebilehe kasutamist p\u00e4rast muudatuste elluviimist eeskirjades, loetakse seda n\u00f5usolekuks antud muudatustega. K\u00e4esolevad privaatsuseeskirjad on koostatud internetis laialdaselt kasutatava privaatsuseeskirjade generaatori poolt.<\/p><h2>Mis on k\u00fcpsised?<\/h2><p>Nii nagu professionaalsete veebilehtede puhul tavaks, kasutab ka meie Veebileht k\u00fcpsiseid \u2013 pisikesi faile, mis laetakse sinu arvutisse, et pakkuda Veebilehel paremat kasutuskogemust. Sel lehel kirjeldame, millist teavet k\u00fcpsised koguvad, kuidas me seda kasutame ja miks on neid k\u00fcpsiseid vahel tarvis salvestada. Samuti selgitame, kuidas saate k\u00fcpsiste salvestamist keelata, kuigi see v\u00f5ib piirata v\u00f5i takistada Veebilehe teatud funktsionaalsuste toimimist.<\/p><h2>Kuidas me k\u00fcpsiseid kasutame<\/h2><p>Me kasutame k\u00fcpsiseid mitmesugustel p\u00f5hjustel, mida kirjeldame j\u00e4rgnevalt. Kahjuks ei ole enamikul juhtudel k\u00fcpsiste keelamiseks standardv\u00f5imalusi, mis ei t\u00f5kestaks t\u00e4ielikult nende k\u00fcpsiste poolt Veebilehele lisatud funktsioonide kasutamise. Kui sa pole kindel, kas soovid k\u00fcpsiseid lubada v\u00f5i keelata, on soovitatav lubada k\u00f5igi k\u00fcpsiste kasutamine, sest neid rakendatakse sinu poolt kasutatava teenuse osutamiseks.<\/p><h2>K\u00fcpsiste keelamine<\/h2><p>K\u00fcpsiste kasutamist on v\u00f5imalik keelata veebilehitseja seadetes (t\u00e4psemad juhised leiad oma veebilehitseja Help\/Spikker sektsioonist). Pea meeles, et k\u00fcpsiste keelamine m\u00f5jutab selle ja paljude teiste k\u00fclastatavate veebilehtede funktsioone. K\u00fcpsiste keelamine p\u00f5hjustab tavaliselt ka selle Veebilehe teatavate funktsionaalsuste ja funktsioonide blokeerimise. Seet\u00f5ttu ei ole soovitatav k\u00fcpsiseid keelata.<\/p><h2>Milliseid k\u00fcpsiseid me kasutame<\/h2><ul><li>Anal\u00fc\u00fctilisi k\u00fcpsiseid, mis koguvad teavet selle kohta, kuidas veebilehte kasutatakse. N\u00e4iteks, milliseid sisulehti k\u00fclastatakse k\u00f5ige enam v\u00f5i mida k\u00fclastajad veebilehelt otsivad jne. Need k\u00fcpsised ei kogu teavet, mis v\u00f5imaldaks veebilehe kasutajat otseselt tuvastada. Siia hulka kuuluvad Google Analyticsi ja Hotjari k\u00fcpsised.<\/li><li>Reklaamik\u00fcpsiseid, mida aitavad pakkuda kasutaja huvidele sihitud reklaame. Visitparnu.com Facebook Pixel kood ning kui te ei soovi visitparnu.com veebilehe reklaami enam Facebookis n\u00e4ha, siis v\u00f5ite selle keelata. Avage https:\/\/www.facebook.com\/ads\/preferences ja kustutage \u201cReklaamijad, kellega oled suhelnud\u201d valiku alt VisitParnu reklaamid.<\/li><\/ul><h2>Lisak\u00fcsimused<\/h2><p>Lisak\u00fcsimuste puhul kirjutage meile info@visitparnu.com<\/p>\t\t\t\t\t\t\t\t<\/div>\n\t\t\t\t\t<\/div>\n\t\t\t\t<\/div>\n\t\t\t\t<\/div>\n\t\t","protected":false},"excerpt":{"rendered":"<p>Personas datu p\u0101rzinis Par personas datu apstr\u0101di t\u012bmek\u013ca vietnes www.visitparnu.com lietot\u0101jiem atbild\u012bgais p\u0101rzinis ir P\u0113rnavas pils\u0113tas pa\u0161vald\u012bba, re\u0123istr\u0101cijas kods 75000064, Suur-Sepa 16, 80098 P\u0113rnava, e-pasts: linnavalitsus@parnu.ee. Pla\u0161\u0101ka inform\u0101cija par iest\u0101des datu aizsardz\u012bbas nosac\u012bjumiem pieejama \u0160EIT. P\u0101rl\u016bkprogrammas s\u012bkdatnes Apmekl\u0113jot t\u012bmek\u013ca vietni, m\u0113s izmantojam s\u012bkdatnes, lai identific\u0113tu J\u016bsu sesiju. Dati tiek apstr\u0101d\u0101ti tikai anonimiz\u0113t\u0101 form\u0101, lai izveidotu [&hellip;]<\/p>\n","protected":false},"author":1,"featured_media":0,"parent":0,"menu_order":0,"comment_status":"closed","ping_status":"closed","template":"","meta":{"_acf_changed":false,"footnotes":""},"class_list":["post-5061508","page","type-page","status-publish","hentry"],"acf":[],"yoast_head":"<!-- This site is optimized with the Yoast SEO plugin v27.3 - https:\/\/yoast.com\/product\/yoast-seo-wordpress\/ -->\n<title>Priv\u0101tuma un s\u012bkdat\u0146u politika - Visit P\u00e4rnu<\/title>\n<meta name=\"robots\" content=\"index, follow, max-snippet:-1, max-image-preview:large, max-video-preview:-1\" \/>\n<link rel=\"canonical\" href=\"https:\/\/visitparnu.com\/lv\/privatuma-un-sikdatnu-politika\/\" \/>\n<meta property=\"og:locale\" content=\"lv_LV\" \/>\n<meta property=\"og:type\" content=\"article\" \/>\n<meta property=\"og:title\" content=\"Priv\u0101tuma un s\u012bkdat\u0146u politika - Visit P\u00e4rnu\" \/>\n<meta property=\"og:description\" content=\"Personas datu p\u0101rzinis Par personas datu apstr\u0101di t\u012bmek\u013ca vietnes www.visitparnu.com lietot\u0101jiem atbild\u012bgais p\u0101rzinis ir P\u0113rnavas pils\u0113tas pa\u0161vald\u012bba, re\u0123istr\u0101cijas kods 75000064, Suur-Sepa 16, 80098 P\u0113rnava, e-pasts: linnavalitsus@parnu.ee. Pla\u0161\u0101ka inform\u0101cija par iest\u0101des datu aizsardz\u012bbas nosac\u012bjumiem pieejama \u0160EIT. P\u0101rl\u016bkprogrammas s\u012bkdatnes Apmekl\u0113jot t\u012bmek\u013ca vietni, m\u0113s izmantojam s\u012bkdatnes, lai identific\u0113tu J\u016bsu sesiju. Dati tiek apstr\u0101d\u0101ti tikai anonimiz\u0113t\u0101 form\u0101, lai izveidotu [&hellip;]\" \/>\n<meta property=\"og:url\" content=\"https:\/\/visitparnu.com\/lv\/privatuma-un-sikdatnu-politika\/\" \/>\n<meta property=\"og:site_name\" content=\"Visit P\u00e4rnu\" \/>\n<meta property=\"article:publisher\" content=\"https:\/\/www.facebook.com\/visitparnuEE\/\" \/>\n<meta property=\"article:modified_time\" content=\"2025-09-12T11:56:21+00:00\" \/>\n<meta name=\"twitter:card\" content=\"summary_large_image\" \/>\n<meta name=\"twitter:label1\" content=\"Est. reading time\" \/>\n\t<meta name=\"twitter:data1\" content=\"6 minutes\" \/>\n<script type=\"application\/ld+json\" class=\"yoast-schema-graph\">{\"@context\":\"https:\\\/\\\/schema.org\",\"@graph\":[{\"@type\":\"WebPage\",\"@id\":\"https:\\\/\\\/visitparnu.com\\\/lv\\\/privatuma-un-sikdatnu-politika\\\/\",\"url\":\"https:\\\/\\\/visitparnu.com\\\/lv\\\/privatuma-un-sikdatnu-politika\\\/\",\"name\":\"Priv\u0101tuma un s\u012bkdat\u0146u politika - Visit P\u00e4rnu\",\"isPartOf\":{\"@id\":\"https:\\\/\\\/visitparnu.com\\\/lv\\\/#website\"},\"datePublished\":\"2020-02-05T10:51:42+00:00\",\"dateModified\":\"2025-09-12T11:56:21+00:00\",\"breadcrumb\":{\"@id\":\"https:\\\/\\\/visitparnu.com\\\/lv\\\/privatuma-un-sikdatnu-politika\\\/#breadcrumb\"},\"inLanguage\":\"lv-LV\",\"potentialAction\":[{\"@type\":\"ReadAction\",\"target\":[\"https:\\\/\\\/visitparnu.com\\\/lv\\\/privatuma-un-sikdatnu-politika\\\/\"]}]},{\"@type\":\"BreadcrumbList\",\"@id\":\"https:\\\/\\\/visitparnu.com\\\/lv\\\/privatuma-un-sikdatnu-politika\\\/#breadcrumb\",\"itemListElement\":[{\"@type\":\"ListItem\",\"position\":1,\"name\":\"\",\"item\":\"https:\\\/\\\/visitparnu.com\\\/lv\\\/\"},{\"@type\":\"ListItem\",\"position\":2,\"name\":\"Priv\u0101tuma un s\u012bkdat\u0146u politika\"}]},{\"@type\":\"WebSite\",\"@id\":\"https:\\\/\\\/visitparnu.com\\\/lv\\\/#website\",\"url\":\"https:\\\/\\\/visitparnu.com\\\/lv\\\/\",\"name\":\"Visit P\u00e4rnu\",\"description\":\"\",\"publisher\":{\"@id\":\"https:\\\/\\\/visitparnu.com\\\/lv\\\/#organization\"},\"potentialAction\":[{\"@type\":\"SearchAction\",\"target\":{\"@type\":\"EntryPoint\",\"urlTemplate\":\"https:\\\/\\\/visitparnu.com\\\/lv\\\/?s={search_term_string}\"},\"query-input\":{\"@type\":\"PropertyValueSpecification\",\"valueRequired\":true,\"valueName\":\"search_term_string\"}}],\"inLanguage\":\"lv-LV\"},{\"@type\":\"Organization\",\"@id\":\"https:\\\/\\\/visitparnu.com\\\/lv\\\/#organization\",\"name\":\"Visit P\u00e4rnu\",\"url\":\"https:\\\/\\\/visitparnu.com\\\/lv\\\/\",\"logo\":{\"@type\":\"ImageObject\",\"inLanguage\":\"lv-LV\",\"@id\":\"https:\\\/\\\/visitparnu.com\\\/lv\\\/#\\\/schema\\\/logo\\\/image\\\/\",\"url\":\"https:\\\/\\\/visitparnu.com\\\/wp-content\\\/uploads\\\/2022\\\/11\\\/VP_logo.svg\",\"contentUrl\":\"https:\\\/\\\/visitparnu.com\\\/wp-content\\\/uploads\\\/2022\\\/11\\\/VP_logo.svg\",\"width\":305,\"height\":33,\"caption\":\"Visit P\u00e4rnu\"},\"image\":{\"@id\":\"https:\\\/\\\/visitparnu.com\\\/lv\\\/#\\\/schema\\\/logo\\\/image\\\/\"},\"sameAs\":[\"https:\\\/\\\/www.facebook.com\\\/visitparnuEE\\\/\",\"https:\\\/\\\/www.youtube.com\\\/user\\\/visitparnuestonia\\\/\",\"https:\\\/\\\/www.instagram.com\\\/visitparnu\\\/\"]}]}<\/script>\n<!-- \/ Yoast SEO plugin. -->","yoast_head_json":{"title":"Priv\u0101tuma un s\u012bkdat\u0146u politika - Visit P\u00e4rnu","robots":{"index":"index","follow":"follow","max-snippet":"max-snippet:-1","max-image-preview":"max-image-preview:large","max-video-preview":"max-video-preview:-1"},"canonical":"https:\/\/visitparnu.com\/lv\/privatuma-un-sikdatnu-politika\/","og_locale":"lv_LV","og_type":"article","og_title":"Priv\u0101tuma un s\u012bkdat\u0146u politika - Visit P\u00e4rnu","og_description":"Personas datu p\u0101rzinis Par personas datu apstr\u0101di t\u012bmek\u013ca vietnes www.visitparnu.com lietot\u0101jiem atbild\u012bgais p\u0101rzinis ir P\u0113rnavas pils\u0113tas pa\u0161vald\u012bba, re\u0123istr\u0101cijas kods 75000064, Suur-Sepa 16, 80098 P\u0113rnava, e-pasts: linnavalitsus@parnu.ee. Pla\u0161\u0101ka inform\u0101cija par iest\u0101des datu aizsardz\u012bbas nosac\u012bjumiem pieejama \u0160EIT. P\u0101rl\u016bkprogrammas s\u012bkdatnes Apmekl\u0113jot t\u012bmek\u013ca vietni, m\u0113s izmantojam s\u012bkdatnes, lai identific\u0113tu J\u016bsu sesiju. Dati tiek apstr\u0101d\u0101ti tikai anonimiz\u0113t\u0101 form\u0101, lai izveidotu [&hellip;]","og_url":"https:\/\/visitparnu.com\/lv\/privatuma-un-sikdatnu-politika\/","og_site_name":"Visit P\u00e4rnu","article_publisher":"https:\/\/www.facebook.com\/visitparnuEE\/","article_modified_time":"2025-09-12T11:56:21+00:00","twitter_card":"summary_large_image","twitter_misc":{"Est. reading time":"6 minutes"},"schema":{"@context":"https:\/\/schema.org","@graph":[{"@type":"WebPage","@id":"https:\/\/visitparnu.com\/lv\/privatuma-un-sikdatnu-politika\/","url":"https:\/\/visitparnu.com\/lv\/privatuma-un-sikdatnu-politika\/","name":"Priv\u0101tuma un s\u012bkdat\u0146u politika - Visit P\u00e4rnu","isPartOf":{"@id":"https:\/\/visitparnu.com\/lv\/#website"},"datePublished":"2020-02-05T10:51:42+00:00","dateModified":"2025-09-12T11:56:21+00:00","breadcrumb":{"@id":"https:\/\/visitparnu.com\/lv\/privatuma-un-sikdatnu-politika\/#breadcrumb"},"inLanguage":"lv-LV","potentialAction":[{"@type":"ReadAction","target":["https:\/\/visitparnu.com\/lv\/privatuma-un-sikdatnu-politika\/"]}]},{"@type":"BreadcrumbList","@id":"https:\/\/visitparnu.com\/lv\/privatuma-un-sikdatnu-politika\/#breadcrumb","itemListElement":[{"@type":"ListItem","position":1,"name":"","item":"https:\/\/visitparnu.com\/lv\/"},{"@type":"ListItem","position":2,"name":"Priv\u0101tuma un s\u012bkdat\u0146u politika"}]},{"@type":"WebSite","@id":"https:\/\/visitparnu.com\/lv\/#website","url":"https:\/\/visitparnu.com\/lv\/","name":"Visit P\u00e4rnu","description":"","publisher":{"@id":"https:\/\/visitparnu.com\/lv\/#organization"},"potentialAction":[{"@type":"SearchAction","target":{"@type":"EntryPoint","urlTemplate":"https:\/\/visitparnu.com\/lv\/?s={search_term_string}"},"query-input":{"@type":"PropertyValueSpecification","valueRequired":true,"valueName":"search_term_string"}}],"inLanguage":"lv-LV"},{"@type":"Organization","@id":"https:\/\/visitparnu.com\/lv\/#organization","name":"Visit P\u00e4rnu","url":"https:\/\/visitparnu.com\/lv\/","logo":{"@type":"ImageObject","inLanguage":"lv-LV","@id":"https:\/\/visitparnu.com\/lv\/#\/schema\/logo\/image\/","url":"https:\/\/visitparnu.com\/wp-content\/uploads\/2022\/11\/VP_logo.svg","contentUrl":"https:\/\/visitparnu.com\/wp-content\/uploads\/2022\/11\/VP_logo.svg","width":305,"height":33,"caption":"Visit P\u00e4rnu"},"image":{"@id":"https:\/\/visitparnu.com\/lv\/#\/schema\/logo\/image\/"},"sameAs":["https:\/\/www.facebook.com\/visitparnuEE\/","https:\/\/www.youtube.com\/user\/visitparnuestonia\/","https:\/\/www.instagram.com\/visitparnu\/"]}]}},"_links":{"self":[{"href":"https:\/\/visitparnu.com\/lv\/wp-json\/wp\/v2\/pages\/5061508","targetHints":{"allow":["GET"]}}],"collection":[{"href":"https:\/\/visitparnu.com\/lv\/wp-json\/wp\/v2\/pages"}],"about":[{"href":"https:\/\/visitparnu.com\/lv\/wp-json\/wp\/v2\/types\/page"}],"author":[{"embeddable":true,"href":"https:\/\/visitparnu.com\/lv\/wp-json\/wp\/v2\/users\/1"}],"replies":[{"embeddable":true,"href":"https:\/\/visitparnu.com\/lv\/wp-json\/wp\/v2\/comments?post=5061508"}],"version-history":[{"count":4,"href":"https:\/\/visitparnu.com\/lv\/wp-json\/wp\/v2\/pages\/5061508\/revisions"}],"predecessor-version":[{"id":5061512,"href":"https:\/\/visitparnu.com\/lv\/wp-json\/wp\/v2\/pages\/5061508\/revisions\/5061512"}],"wp:attachment":[{"href":"https:\/\/visitparnu.com\/lv\/wp-json\/wp\/v2\/media?parent=5061508"}],"curies":[{"name":"wp","href":"https:\/\/api.w.org\/{rel}","templated":true}]}}