{"id":4944281,"date":"2023-01-04T15:50:13","date_gmt":"2023-01-04T13:50:13","guid":{"rendered":"https:\/\/visitparnu.com\/romantiline-rannatee\/"},"modified":"2023-01-15T15:32:31","modified_gmt":"2023-01-15T13:32:31","slug":"romantiskais-piekrastes-cels","status":"publish","type":"page","link":"https:\/\/visitparnu.com\/lv\/romantiskais-piekrastes-cels\/","title":{"rendered":"Romantiskais piekrastes ce\u013c\u0161"},"content":{"rendered":"\t\t<div data-elementor-type=\"wp-page\" data-elementor-id=\"4944281\" class=\"elementor elementor-4944281 elementor-4941119\" data-elementor-post-type=\"page\">\n\t\t\t\t<div class=\"elementor-element elementor-element-5ae26bbc content-two-col-block e-flex e-con-boxed e-con e-parent\" data-id=\"5ae26bbc\" data-element_type=\"container\" data-e-type=\"container\">\n\t\t\t\t\t<div class=\"e-con-inner\">\n\t\t<div class=\"elementor-element elementor-element-3fabbc64 e-con-full e-flex e-con e-parent\" data-id=\"3fabbc64\" data-element_type=\"container\" data-e-type=\"container\">\n\t\t\t\t<div class=\"elementor-element elementor-element-5c180f2d elementor-widget elementor-widget-text-editor\" data-id=\"5c180f2d\" data-element_type=\"widget\" data-e-type=\"widget\" data-widget_type=\"text-editor.default\">\n\t\t\t\t\t\t\t\t\t<blockquote><p style=\"font-weight: 400;\">Romantiskais piekrastes ce\u013c\u0161 vijas gar P\u0113rnavas apri\u0146\u0137a krasta l\u012bniju, kur atrad\u012bsiet priv\u0101tas parad\u012bzes pludmales, idilliskus zvejnieku ciematus un ma\u0123iskus saulrietus. Romantiskais piekrastes ce\u013c\u0161 apvieno sev\u012b kult\u016bras, v\u0113stures un dabas v\u0113rt\u012bbas gandr\u012bz 300 km garaj\u0101 ce\u013c\u0101.\u00a0<\/p><\/blockquote><p style=\"font-weight: 400;\">Romantiskais piekrastes ce\u013c\u0161 s\u0101kas no Virtsu un vijas gar P\u0113rnavas l\u012b\u010da krastu l\u012bdz H\u0113dem\u0113ste, Kabli un Ikla. P\u0113rnavas\u00a0 apri\u0146\u0137a piekrasti ar t\u0101s br\u012bni\u0161\u0137\u012bgo dabu un kult\u016bru, kas st\u0101sta par\u00a0 piekrastes iedz\u012bvot\u0101ju v\u0113sturi, ir v\u0113rts apmekl\u0113t jebkur\u0101 gadalaik\u0101.<\/p>\t\t\t\t\t\t\t\t<\/div>\n\t\t\t\t<div class=\"elementor-element elementor-element-f54b70c elementor-align-center elementor-widget elementor-widget-button\" data-id=\"f54b70c\" data-element_type=\"widget\" data-e-type=\"widget\" data-widget_type=\"button.default\">\n\t\t\t\t\t\t\t\t\t\t<a class=\"elementor-button elementor-button-link elementor-size-sm\" href=\"https:\/\/www.rannatee.ee\">\n\t\t\t\t\t\t<span class=\"elementor-button-content-wrapper\">\n\t\t\t\t\t\t\t\t\t<span class=\"elementor-button-text\">https:\/\/www.rannatee.ee<\/span>\n\t\t\t\t\t<\/span>\n\t\t\t\t\t<\/a>\n\t\t\t\t\t\t\t\t<\/div>\n\t\t\t\t<\/div>\n\t\t\t\t\t<\/div>\n\t\t\t\t<\/div>\n\t\t\t\t<\/div>\n\t\t","protected":false},"excerpt":{"rendered":"<p>Romantiskais piekrastes ce\u013c\u0161 vijas gar P\u0113rnavas apri\u0146\u0137a krasta l\u012bniju, kur atrad\u012bsiet priv\u0101tas parad\u012bzes pludmales, idilliskus zvejnieku ciematus un ma\u0123iskus saulrietus. Romantiskais piekrastes ce\u013c\u0161 apvieno sev\u012b kult\u016bras, v\u0113stures un dabas v\u0113rt\u012bbas gandr\u012bz 300 km garaj\u0101 ce\u013c\u0101.\u00a0 Romantiskais piekrastes ce\u013c\u0161 s\u0101kas no Virtsu un vijas gar P\u0113rnavas l\u012b\u010da krastu l\u012bdz H\u0113dem\u0113ste, Kabli un Ikla. P\u0113rnavas\u00a0 apri\u0146\u0137a piekrasti [&hellip;]<\/p>\n","protected":false},"author":1,"featured_media":4944269,"parent":0,"menu_order":0,"comment_status":"closed","ping_status":"closed","template":"","meta":{"_acf_changed":false,"footnotes":""},"class_list":["post-4944281","page","type-page","status-publish","has-post-thumbnail","hentry"],"acf":[],"yoast_head":"<!-- This site is optimized with the Yoast SEO plugin v27.3 - https:\/\/yoast.com\/product\/yoast-seo-wordpress\/ -->\n<title>Romantiskais piekrastes ce\u013c\u0161 - Visit P\u00e4rnu<\/title>\n<meta name=\"robots\" content=\"index, follow, max-snippet:-1, max-image-preview:large, max-video-preview:-1\" \/>\n<link rel=\"canonical\" href=\"https:\/\/visitparnu.com\/lv\/romantiskais-piekrastes-cels\/\" \/>\n<meta property=\"og:locale\" content=\"lv_LV\" \/>\n<meta property=\"og:type\" content=\"article\" \/>\n<meta property=\"og:title\" content=\"Romantiskais piekrastes ce\u013c\u0161 - Visit P\u00e4rnu\" \/>\n<meta property=\"og:description\" content=\"Romantiskais piekrastes ce\u013c\u0161 vijas gar P\u0113rnavas apri\u0146\u0137a krasta l\u012bniju, kur atrad\u012bsiet priv\u0101tas parad\u012bzes pludmales, idilliskus zvejnieku ciematus un ma\u0123iskus saulrietus. Romantiskais piekrastes ce\u013c\u0161 apvieno sev\u012b kult\u016bras, v\u0113stures un dabas v\u0113rt\u012bbas gandr\u012bz 300 km garaj\u0101 ce\u013c\u0101.\u00a0 Romantiskais piekrastes ce\u013c\u0161 s\u0101kas no Virtsu un vijas gar P\u0113rnavas l\u012b\u010da krastu l\u012bdz H\u0113dem\u0113ste, Kabli un Ikla. P\u0113rnavas\u00a0 apri\u0146\u0137a piekrasti [&hellip;]\" \/>\n<meta property=\"og:url\" content=\"https:\/\/visitparnu.com\/lv\/romantiskais-piekrastes-cels\/\" \/>\n<meta property=\"og:site_name\" content=\"Visit P\u00e4rnu\" \/>\n<meta property=\"article:publisher\" content=\"https:\/\/www.facebook.com\/visitparnuEE\/\" \/>\n<meta property=\"article:modified_time\" content=\"2023-01-15T13:32:31+00:00\" \/>\n<meta property=\"og:image\" content=\"https:\/\/visitparnu.com\/wp-content\/uploads\/2023\/01\/0683-scaled-1.jpg\" \/>\n\t<meta property=\"og:image:width\" content=\"2300\" \/>\n\t<meta property=\"og:image:height\" content=\"1840\" \/>\n\t<meta property=\"og:image:type\" content=\"image\/jpeg\" \/>\n<meta name=\"twitter:card\" content=\"summary_large_image\" \/>\n<meta name=\"twitter:label1\" content=\"Est. reading time\" \/>\n\t<meta name=\"twitter:data1\" content=\"1 minute\" \/>\n<script type=\"application\/ld+json\" class=\"yoast-schema-graph\">{\"@context\":\"https:\\\/\\\/schema.org\",\"@graph\":[{\"@type\":\"WebPage\",\"@id\":\"https:\\\/\\\/visitparnu.com\\\/lv\\\/romantiskais-piekrastes-cels\\\/\",\"url\":\"https:\\\/\\\/visitparnu.com\\\/lv\\\/romantiskais-piekrastes-cels\\\/\",\"name\":\"Romantiskais piekrastes ce\u013c\u0161 - Visit P\u00e4rnu\",\"isPartOf\":{\"@id\":\"https:\\\/\\\/visitparnu.com\\\/lv\\\/#website\"},\"primaryImageOfPage\":{\"@id\":\"https:\\\/\\\/visitparnu.com\\\/lv\\\/romantiskais-piekrastes-cels\\\/#primaryimage\"},\"image\":{\"@id\":\"https:\\\/\\\/visitparnu.com\\\/lv\\\/romantiskais-piekrastes-cels\\\/#primaryimage\"},\"thumbnailUrl\":\"https:\\\/\\\/visitparnu.com\\\/wp-content\\\/uploads\\\/2023\\\/01\\\/0683-scaled-1.jpg\",\"datePublished\":\"2023-01-04T13:50:13+00:00\",\"dateModified\":\"2023-01-15T13:32:31+00:00\",\"breadcrumb\":{\"@id\":\"https:\\\/\\\/visitparnu.com\\\/lv\\\/romantiskais-piekrastes-cels\\\/#breadcrumb\"},\"inLanguage\":\"lv-LV\",\"potentialAction\":[{\"@type\":\"ReadAction\",\"target\":[\"https:\\\/\\\/visitparnu.com\\\/lv\\\/romantiskais-piekrastes-cels\\\/\"]}]},{\"@type\":\"ImageObject\",\"inLanguage\":\"lv-LV\",\"@id\":\"https:\\\/\\\/visitparnu.com\\\/lv\\\/romantiskais-piekrastes-cels\\\/#primaryimage\",\"url\":\"https:\\\/\\\/visitparnu.com\\\/wp-content\\\/uploads\\\/2023\\\/01\\\/0683-scaled-1.jpg\",\"contentUrl\":\"https:\\\/\\\/visitparnu.com\\\/wp-content\\\/uploads\\\/2023\\\/01\\\/0683-scaled-1.jpg\",\"width\":2300,\"height\":1840},{\"@type\":\"BreadcrumbList\",\"@id\":\"https:\\\/\\\/visitparnu.com\\\/lv\\\/romantiskais-piekrastes-cels\\\/#breadcrumb\",\"itemListElement\":[{\"@type\":\"ListItem\",\"position\":1,\"name\":\"\",\"item\":\"https:\\\/\\\/visitparnu.com\\\/lv\\\/\"},{\"@type\":\"ListItem\",\"position\":2,\"name\":\"Romantiskais piekrastes ce\u013c\u0161\"}]},{\"@type\":\"WebSite\",\"@id\":\"https:\\\/\\\/visitparnu.com\\\/lv\\\/#website\",\"url\":\"https:\\\/\\\/visitparnu.com\\\/lv\\\/\",\"name\":\"Visit P\u00e4rnu\",\"description\":\"\",\"publisher\":{\"@id\":\"https:\\\/\\\/visitparnu.com\\\/lv\\\/#organization\"},\"potentialAction\":[{\"@type\":\"SearchAction\",\"target\":{\"@type\":\"EntryPoint\",\"urlTemplate\":\"https:\\\/\\\/visitparnu.com\\\/lv\\\/?s={search_term_string}\"},\"query-input\":{\"@type\":\"PropertyValueSpecification\",\"valueRequired\":true,\"valueName\":\"search_term_string\"}}],\"inLanguage\":\"lv-LV\"},{\"@type\":\"Organization\",\"@id\":\"https:\\\/\\\/visitparnu.com\\\/lv\\\/#organization\",\"name\":\"Visit P\u00e4rnu\",\"url\":\"https:\\\/\\\/visitparnu.com\\\/lv\\\/\",\"logo\":{\"@type\":\"ImageObject\",\"inLanguage\":\"lv-LV\",\"@id\":\"https:\\\/\\\/visitparnu.com\\\/lv\\\/#\\\/schema\\\/logo\\\/image\\\/\",\"url\":\"https:\\\/\\\/visitparnu.com\\\/wp-content\\\/uploads\\\/2022\\\/11\\\/VP_logo.svg\",\"contentUrl\":\"https:\\\/\\\/visitparnu.com\\\/wp-content\\\/uploads\\\/2022\\\/11\\\/VP_logo.svg\",\"width\":305,\"height\":33,\"caption\":\"Visit P\u00e4rnu\"},\"image\":{\"@id\":\"https:\\\/\\\/visitparnu.com\\\/lv\\\/#\\\/schema\\\/logo\\\/image\\\/\"},\"sameAs\":[\"https:\\\/\\\/www.facebook.com\\\/visitparnuEE\\\/\",\"https:\\\/\\\/www.youtube.com\\\/user\\\/visitparnuestonia\\\/\",\"https:\\\/\\\/www.instagram.com\\\/visitparnu\\\/\"]}]}<\/script>\n<!-- \/ Yoast SEO plugin. -->","yoast_head_json":{"title":"Romantiskais piekrastes ce\u013c\u0161 - Visit P\u00e4rnu","robots":{"index":"index","follow":"follow","max-snippet":"max-snippet:-1","max-image-preview":"max-image-preview:large","max-video-preview":"max-video-preview:-1"},"canonical":"https:\/\/visitparnu.com\/lv\/romantiskais-piekrastes-cels\/","og_locale":"lv_LV","og_type":"article","og_title":"Romantiskais piekrastes ce\u013c\u0161 - Visit P\u00e4rnu","og_description":"Romantiskais piekrastes ce\u013c\u0161 vijas gar P\u0113rnavas apri\u0146\u0137a krasta l\u012bniju, kur atrad\u012bsiet priv\u0101tas parad\u012bzes pludmales, idilliskus zvejnieku ciematus un ma\u0123iskus saulrietus. Romantiskais piekrastes ce\u013c\u0161 apvieno sev\u012b kult\u016bras, v\u0113stures un dabas v\u0113rt\u012bbas gandr\u012bz 300 km garaj\u0101 ce\u013c\u0101.\u00a0 Romantiskais piekrastes ce\u013c\u0161 s\u0101kas no Virtsu un vijas gar P\u0113rnavas l\u012b\u010da krastu l\u012bdz H\u0113dem\u0113ste, Kabli un Ikla. P\u0113rnavas\u00a0 apri\u0146\u0137a piekrasti [&hellip;]","og_url":"https:\/\/visitparnu.com\/lv\/romantiskais-piekrastes-cels\/","og_site_name":"Visit P\u00e4rnu","article_publisher":"https:\/\/www.facebook.com\/visitparnuEE\/","article_modified_time":"2023-01-15T13:32:31+00:00","og_image":[{"width":2300,"height":1840,"url":"https:\/\/visitparnu.com\/wp-content\/uploads\/2023\/01\/0683-scaled-1.jpg","type":"image\/jpeg"}],"twitter_card":"summary_large_image","twitter_misc":{"Est. reading time":"1 minute"},"schema":{"@context":"https:\/\/schema.org","@graph":[{"@type":"WebPage","@id":"https:\/\/visitparnu.com\/lv\/romantiskais-piekrastes-cels\/","url":"https:\/\/visitparnu.com\/lv\/romantiskais-piekrastes-cels\/","name":"Romantiskais piekrastes ce\u013c\u0161 - Visit P\u00e4rnu","isPartOf":{"@id":"https:\/\/visitparnu.com\/lv\/#website"},"primaryImageOfPage":{"@id":"https:\/\/visitparnu.com\/lv\/romantiskais-piekrastes-cels\/#primaryimage"},"image":{"@id":"https:\/\/visitparnu.com\/lv\/romantiskais-piekrastes-cels\/#primaryimage"},"thumbnailUrl":"https:\/\/visitparnu.com\/wp-content\/uploads\/2023\/01\/0683-scaled-1.jpg","datePublished":"2023-01-04T13:50:13+00:00","dateModified":"2023-01-15T13:32:31+00:00","breadcrumb":{"@id":"https:\/\/visitparnu.com\/lv\/romantiskais-piekrastes-cels\/#breadcrumb"},"inLanguage":"lv-LV","potentialAction":[{"@type":"ReadAction","target":["https:\/\/visitparnu.com\/lv\/romantiskais-piekrastes-cels\/"]}]},{"@type":"ImageObject","inLanguage":"lv-LV","@id":"https:\/\/visitparnu.com\/lv\/romantiskais-piekrastes-cels\/#primaryimage","url":"https:\/\/visitparnu.com\/wp-content\/uploads\/2023\/01\/0683-scaled-1.jpg","contentUrl":"https:\/\/visitparnu.com\/wp-content\/uploads\/2023\/01\/0683-scaled-1.jpg","width":2300,"height":1840},{"@type":"BreadcrumbList","@id":"https:\/\/visitparnu.com\/lv\/romantiskais-piekrastes-cels\/#breadcrumb","itemListElement":[{"@type":"ListItem","position":1,"name":"","item":"https:\/\/visitparnu.com\/lv\/"},{"@type":"ListItem","position":2,"name":"Romantiskais piekrastes ce\u013c\u0161"}]},{"@type":"WebSite","@id":"https:\/\/visitparnu.com\/lv\/#website","url":"https:\/\/visitparnu.com\/lv\/","name":"Visit P\u00e4rnu","description":"","publisher":{"@id":"https:\/\/visitparnu.com\/lv\/#organization"},"potentialAction":[{"@type":"SearchAction","target":{"@type":"EntryPoint","urlTemplate":"https:\/\/visitparnu.com\/lv\/?s={search_term_string}"},"query-input":{"@type":"PropertyValueSpecification","valueRequired":true,"valueName":"search_term_string"}}],"inLanguage":"lv-LV"},{"@type":"Organization","@id":"https:\/\/visitparnu.com\/lv\/#organization","name":"Visit P\u00e4rnu","url":"https:\/\/visitparnu.com\/lv\/","logo":{"@type":"ImageObject","inLanguage":"lv-LV","@id":"https:\/\/visitparnu.com\/lv\/#\/schema\/logo\/image\/","url":"https:\/\/visitparnu.com\/wp-content\/uploads\/2022\/11\/VP_logo.svg","contentUrl":"https:\/\/visitparnu.com\/wp-content\/uploads\/2022\/11\/VP_logo.svg","width":305,"height":33,"caption":"Visit P\u00e4rnu"},"image":{"@id":"https:\/\/visitparnu.com\/lv\/#\/schema\/logo\/image\/"},"sameAs":["https:\/\/www.facebook.com\/visitparnuEE\/","https:\/\/www.youtube.com\/user\/visitparnuestonia\/","https:\/\/www.instagram.com\/visitparnu\/"]}]}},"_links":{"self":[{"href":"https:\/\/visitparnu.com\/lv\/wp-json\/wp\/v2\/pages\/4944281","targetHints":{"allow":["GET"]}}],"collection":[{"href":"https:\/\/visitparnu.com\/lv\/wp-json\/wp\/v2\/pages"}],"about":[{"href":"https:\/\/visitparnu.com\/lv\/wp-json\/wp\/v2\/types\/page"}],"author":[{"embeddable":true,"href":"https:\/\/visitparnu.com\/lv\/wp-json\/wp\/v2\/users\/1"}],"replies":[{"embeddable":true,"href":"https:\/\/visitparnu.com\/lv\/wp-json\/wp\/v2\/comments?post=4944281"}],"version-history":[{"count":4,"href":"https:\/\/visitparnu.com\/lv\/wp-json\/wp\/v2\/pages\/4944281\/revisions"}],"predecessor-version":[{"id":4944295,"href":"https:\/\/visitparnu.com\/lv\/wp-json\/wp\/v2\/pages\/4944281\/revisions\/4944295"}],"wp:featuredmedia":[{"embeddable":true,"href":"https:\/\/visitparnu.com\/lv\/wp-json\/wp\/v2\/media\/4944269"}],"wp:attachment":[{"href":"https:\/\/visitparnu.com\/lv\/wp-json\/wp\/v2\/media?parent=4944281"}],"curies":[{"name":"wp","href":"https:\/\/api.w.org\/{rel}","templated":true}]}}