{"id":4944007,"date":"2023-01-04T14:56:21","date_gmt":"2023-01-04T12:56:21","guid":{"rendered":"https:\/\/visitparnu.com\/parnu-ajalugu\/"},"modified":"2023-01-15T13:35:15","modified_gmt":"2023-01-15T11:35:15","slug":"pernavas-vesture","status":"publish","type":"page","link":"https:\/\/visitparnu.com\/lv\/pernavas-vesture\/","title":{"rendered":"P\u0113rnavas v\u0113sture"},"content":{"rendered":"\t\t<div data-elementor-type=\"wp-page\" data-elementor-id=\"4944007\" class=\"elementor elementor-4944007 elementor-4941089\" data-elementor-post-type=\"page\">\n\t\t\t\t<div class=\"elementor-element elementor-element-71bd7a55 content-two-col-block e-flex e-con-boxed e-con e-parent\" data-id=\"71bd7a55\" data-element_type=\"container\" data-e-type=\"container\">\n\t\t\t\t\t<div class=\"e-con-inner\">\n\t\t<div class=\"elementor-element elementor-element-79af514d e-con-full e-flex e-con e-parent\" data-id=\"79af514d\" data-element_type=\"container\" data-e-type=\"container\">\n\t\t\t\t<div class=\"elementor-element elementor-element-2b821bd1 elementor-widget elementor-widget-text-editor\" data-id=\"2b821bd1\" data-element_type=\"widget\" data-e-type=\"widget\" data-widget_type=\"text-editor.default\">\n\t\t\t\t\t\t\t\t\t<p>P\u0113rnava ir k\u016brorta pils\u0113ta ar bag\u0101tu kult\u016bru un romantisk\u0101m ieli\u0146\u0101m, t\u0101s v\u0113sture iesniedzas 13. gadsimt\u0101. P\u0113rnavas upes gr\u012bv\u0101 cilv\u0113ki ir dz\u012bvoju\u0161i jau vair\u0101k nek\u0101 11\u00a0000 gadu. Labv\u0113l\u012bg\u0101 atra\u0161an\u0101s vieta pie j\u016bras un upes ir veidojusi P\u0113rnavu pils\u0113tu, k\u0101da t\u0101 ir \u0161odien.<\/p><p>Viduslaikos P\u0113rnava bija v\u0113sturiski svar\u012bgu pre\u010du ieve\u0161anas osta. 1838. gad\u0101 tika atv\u0113rta pirm\u0101 peldiest\u0101de un tas bija P\u0113rnavas k\u0101 k\u016brortpils\u0113tas veido\u0161an\u0101s s\u0101kums.<\/p><p>P\u0113rnavas pludmale un P\u0113rnavas SPA\u00a0 vienm\u0113r ir biju\u0161i vispievilc\u012bg\u0101kie atp\u016btas faktori P\u0113rnav\u0101.<\/p>\t\t\t\t\t\t\t\t<\/div>\n\t\t\t\t<\/div>\n\t\t\t\t\t<\/div>\n\t\t\t\t<\/div>\n\t\t\t\t<\/div>\n\t\t","protected":false},"excerpt":{"rendered":"<p>P\u0113rnava ir k\u016brorta pils\u0113ta ar bag\u0101tu kult\u016bru un romantisk\u0101m ieli\u0146\u0101m, t\u0101s v\u0113sture iesniedzas 13. gadsimt\u0101. P\u0113rnavas upes gr\u012bv\u0101 cilv\u0113ki ir dz\u012bvoju\u0161i jau vair\u0101k nek\u0101 11\u00a0000 gadu. Labv\u0113l\u012bg\u0101 atra\u0161an\u0101s vieta pie j\u016bras un upes ir veidojusi P\u0113rnavu pils\u0113tu, k\u0101da t\u0101 ir \u0161odien. Viduslaikos P\u0113rnava bija v\u0113sturiski svar\u012bgu pre\u010du ieve\u0161anas osta. 1838. gad\u0101 tika atv\u0113rta pirm\u0101 peldiest\u0101de [&hellip;]<\/p>\n","protected":false},"author":1,"featured_media":0,"parent":0,"menu_order":0,"comment_status":"closed","ping_status":"closed","template":"","meta":{"_acf_changed":false,"footnotes":""},"class_list":["post-4944007","page","type-page","status-publish","hentry"],"acf":[],"yoast_head":"<!-- This site is optimized with the Yoast SEO plugin v27.3 - https:\/\/yoast.com\/product\/yoast-seo-wordpress\/ -->\n<title>P\u0113rnavas v\u0113sture - Visit P\u00e4rnu<\/title>\n<meta name=\"robots\" content=\"index, follow, max-snippet:-1, max-image-preview:large, max-video-preview:-1\" \/>\n<link rel=\"canonical\" href=\"https:\/\/visitparnu.com\/lv\/pernavas-vesture\/\" \/>\n<meta property=\"og:locale\" content=\"lv_LV\" \/>\n<meta property=\"og:type\" content=\"article\" \/>\n<meta property=\"og:title\" content=\"P\u0113rnavas v\u0113sture - Visit P\u00e4rnu\" \/>\n<meta property=\"og:description\" content=\"P\u0113rnava ir k\u016brorta pils\u0113ta ar bag\u0101tu kult\u016bru un romantisk\u0101m ieli\u0146\u0101m, t\u0101s v\u0113sture iesniedzas 13. gadsimt\u0101. P\u0113rnavas upes gr\u012bv\u0101 cilv\u0113ki ir dz\u012bvoju\u0161i jau vair\u0101k nek\u0101 11\u00a0000 gadu. Labv\u0113l\u012bg\u0101 atra\u0161an\u0101s vieta pie j\u016bras un upes ir veidojusi P\u0113rnavu pils\u0113tu, k\u0101da t\u0101 ir \u0161odien. Viduslaikos P\u0113rnava bija v\u0113sturiski svar\u012bgu pre\u010du ieve\u0161anas osta. 1838. gad\u0101 tika atv\u0113rta pirm\u0101 peldiest\u0101de [&hellip;]\" \/>\n<meta property=\"og:url\" content=\"https:\/\/visitparnu.com\/lv\/pernavas-vesture\/\" \/>\n<meta property=\"og:site_name\" content=\"Visit P\u00e4rnu\" \/>\n<meta property=\"article:publisher\" content=\"https:\/\/www.facebook.com\/visitparnuEE\/\" \/>\n<meta property=\"article:modified_time\" content=\"2023-01-15T11:35:15+00:00\" \/>\n<meta name=\"twitter:card\" content=\"summary_large_image\" \/>\n<meta name=\"twitter:label1\" content=\"Est. reading time\" \/>\n\t<meta name=\"twitter:data1\" content=\"1 minute\" \/>\n<script type=\"application\/ld+json\" class=\"yoast-schema-graph\">{\"@context\":\"https:\\\/\\\/schema.org\",\"@graph\":[{\"@type\":\"WebPage\",\"@id\":\"https:\\\/\\\/visitparnu.com\\\/lv\\\/pernavas-vesture\\\/\",\"url\":\"https:\\\/\\\/visitparnu.com\\\/lv\\\/pernavas-vesture\\\/\",\"name\":\"P\u0113rnavas v\u0113sture - Visit P\u00e4rnu\",\"isPartOf\":{\"@id\":\"https:\\\/\\\/visitparnu.com\\\/lv\\\/#website\"},\"datePublished\":\"2023-01-04T12:56:21+00:00\",\"dateModified\":\"2023-01-15T11:35:15+00:00\",\"breadcrumb\":{\"@id\":\"https:\\\/\\\/visitparnu.com\\\/lv\\\/pernavas-vesture\\\/#breadcrumb\"},\"inLanguage\":\"lv-LV\",\"potentialAction\":[{\"@type\":\"ReadAction\",\"target\":[\"https:\\\/\\\/visitparnu.com\\\/lv\\\/pernavas-vesture\\\/\"]}]},{\"@type\":\"BreadcrumbList\",\"@id\":\"https:\\\/\\\/visitparnu.com\\\/lv\\\/pernavas-vesture\\\/#breadcrumb\",\"itemListElement\":[{\"@type\":\"ListItem\",\"position\":1,\"name\":\"\",\"item\":\"https:\\\/\\\/visitparnu.com\\\/lv\\\/\"},{\"@type\":\"ListItem\",\"position\":2,\"name\":\"P\u0113rnavas v\u0113sture\"}]},{\"@type\":\"WebSite\",\"@id\":\"https:\\\/\\\/visitparnu.com\\\/lv\\\/#website\",\"url\":\"https:\\\/\\\/visitparnu.com\\\/lv\\\/\",\"name\":\"Visit P\u00e4rnu\",\"description\":\"\",\"publisher\":{\"@id\":\"https:\\\/\\\/visitparnu.com\\\/lv\\\/#organization\"},\"potentialAction\":[{\"@type\":\"SearchAction\",\"target\":{\"@type\":\"EntryPoint\",\"urlTemplate\":\"https:\\\/\\\/visitparnu.com\\\/lv\\\/?s={search_term_string}\"},\"query-input\":{\"@type\":\"PropertyValueSpecification\",\"valueRequired\":true,\"valueName\":\"search_term_string\"}}],\"inLanguage\":\"lv-LV\"},{\"@type\":\"Organization\",\"@id\":\"https:\\\/\\\/visitparnu.com\\\/lv\\\/#organization\",\"name\":\"Visit P\u00e4rnu\",\"url\":\"https:\\\/\\\/visitparnu.com\\\/lv\\\/\",\"logo\":{\"@type\":\"ImageObject\",\"inLanguage\":\"lv-LV\",\"@id\":\"https:\\\/\\\/visitparnu.com\\\/lv\\\/#\\\/schema\\\/logo\\\/image\\\/\",\"url\":\"https:\\\/\\\/visitparnu.com\\\/wp-content\\\/uploads\\\/2022\\\/11\\\/VP_logo.svg\",\"contentUrl\":\"https:\\\/\\\/visitparnu.com\\\/wp-content\\\/uploads\\\/2022\\\/11\\\/VP_logo.svg\",\"width\":305,\"height\":33,\"caption\":\"Visit P\u00e4rnu\"},\"image\":{\"@id\":\"https:\\\/\\\/visitparnu.com\\\/lv\\\/#\\\/schema\\\/logo\\\/image\\\/\"},\"sameAs\":[\"https:\\\/\\\/www.facebook.com\\\/visitparnuEE\\\/\",\"https:\\\/\\\/www.youtube.com\\\/user\\\/visitparnuestonia\\\/\",\"https:\\\/\\\/www.instagram.com\\\/visitparnu\\\/\"]}]}<\/script>\n<!-- \/ Yoast SEO plugin. -->","yoast_head_json":{"title":"P\u0113rnavas v\u0113sture - Visit P\u00e4rnu","robots":{"index":"index","follow":"follow","max-snippet":"max-snippet:-1","max-image-preview":"max-image-preview:large","max-video-preview":"max-video-preview:-1"},"canonical":"https:\/\/visitparnu.com\/lv\/pernavas-vesture\/","og_locale":"lv_LV","og_type":"article","og_title":"P\u0113rnavas v\u0113sture - Visit P\u00e4rnu","og_description":"P\u0113rnava ir k\u016brorta pils\u0113ta ar bag\u0101tu kult\u016bru un romantisk\u0101m ieli\u0146\u0101m, t\u0101s v\u0113sture iesniedzas 13. gadsimt\u0101. P\u0113rnavas upes gr\u012bv\u0101 cilv\u0113ki ir dz\u012bvoju\u0161i jau vair\u0101k nek\u0101 11\u00a0000 gadu. Labv\u0113l\u012bg\u0101 atra\u0161an\u0101s vieta pie j\u016bras un upes ir veidojusi P\u0113rnavu pils\u0113tu, k\u0101da t\u0101 ir \u0161odien. Viduslaikos P\u0113rnava bija v\u0113sturiski svar\u012bgu pre\u010du ieve\u0161anas osta. 1838. gad\u0101 tika atv\u0113rta pirm\u0101 peldiest\u0101de [&hellip;]","og_url":"https:\/\/visitparnu.com\/lv\/pernavas-vesture\/","og_site_name":"Visit P\u00e4rnu","article_publisher":"https:\/\/www.facebook.com\/visitparnuEE\/","article_modified_time":"2023-01-15T11:35:15+00:00","twitter_card":"summary_large_image","twitter_misc":{"Est. reading time":"1 minute"},"schema":{"@context":"https:\/\/schema.org","@graph":[{"@type":"WebPage","@id":"https:\/\/visitparnu.com\/lv\/pernavas-vesture\/","url":"https:\/\/visitparnu.com\/lv\/pernavas-vesture\/","name":"P\u0113rnavas v\u0113sture - Visit P\u00e4rnu","isPartOf":{"@id":"https:\/\/visitparnu.com\/lv\/#website"},"datePublished":"2023-01-04T12:56:21+00:00","dateModified":"2023-01-15T11:35:15+00:00","breadcrumb":{"@id":"https:\/\/visitparnu.com\/lv\/pernavas-vesture\/#breadcrumb"},"inLanguage":"lv-LV","potentialAction":[{"@type":"ReadAction","target":["https:\/\/visitparnu.com\/lv\/pernavas-vesture\/"]}]},{"@type":"BreadcrumbList","@id":"https:\/\/visitparnu.com\/lv\/pernavas-vesture\/#breadcrumb","itemListElement":[{"@type":"ListItem","position":1,"name":"","item":"https:\/\/visitparnu.com\/lv\/"},{"@type":"ListItem","position":2,"name":"P\u0113rnavas v\u0113sture"}]},{"@type":"WebSite","@id":"https:\/\/visitparnu.com\/lv\/#website","url":"https:\/\/visitparnu.com\/lv\/","name":"Visit P\u00e4rnu","description":"","publisher":{"@id":"https:\/\/visitparnu.com\/lv\/#organization"},"potentialAction":[{"@type":"SearchAction","target":{"@type":"EntryPoint","urlTemplate":"https:\/\/visitparnu.com\/lv\/?s={search_term_string}"},"query-input":{"@type":"PropertyValueSpecification","valueRequired":true,"valueName":"search_term_string"}}],"inLanguage":"lv-LV"},{"@type":"Organization","@id":"https:\/\/visitparnu.com\/lv\/#organization","name":"Visit P\u00e4rnu","url":"https:\/\/visitparnu.com\/lv\/","logo":{"@type":"ImageObject","inLanguage":"lv-LV","@id":"https:\/\/visitparnu.com\/lv\/#\/schema\/logo\/image\/","url":"https:\/\/visitparnu.com\/wp-content\/uploads\/2022\/11\/VP_logo.svg","contentUrl":"https:\/\/visitparnu.com\/wp-content\/uploads\/2022\/11\/VP_logo.svg","width":305,"height":33,"caption":"Visit P\u00e4rnu"},"image":{"@id":"https:\/\/visitparnu.com\/lv\/#\/schema\/logo\/image\/"},"sameAs":["https:\/\/www.facebook.com\/visitparnuEE\/","https:\/\/www.youtube.com\/user\/visitparnuestonia\/","https:\/\/www.instagram.com\/visitparnu\/"]}]}},"_links":{"self":[{"href":"https:\/\/visitparnu.com\/lv\/wp-json\/wp\/v2\/pages\/4944007","targetHints":{"allow":["GET"]}}],"collection":[{"href":"https:\/\/visitparnu.com\/lv\/wp-json\/wp\/v2\/pages"}],"about":[{"href":"https:\/\/visitparnu.com\/lv\/wp-json\/wp\/v2\/types\/page"}],"author":[{"embeddable":true,"href":"https:\/\/visitparnu.com\/lv\/wp-json\/wp\/v2\/users\/1"}],"replies":[{"embeddable":true,"href":"https:\/\/visitparnu.com\/lv\/wp-json\/wp\/v2\/comments?post=4944007"}],"version-history":[{"count":4,"href":"https:\/\/visitparnu.com\/lv\/wp-json\/wp\/v2\/pages\/4944007\/revisions"}],"predecessor-version":[{"id":4944020,"href":"https:\/\/visitparnu.com\/lv\/wp-json\/wp\/v2\/pages\/4944007\/revisions\/4944020"}],"wp:attachment":[{"href":"https:\/\/visitparnu.com\/lv\/wp-json\/wp\/v2\/media?parent=4944007"}],"curies":[{"name":"wp","href":"https:\/\/api.w.org\/{rel}","templated":true}]}}