{"id":4937584,"date":"2018-10-16T13:14:52","date_gmt":"2018-10-16T11:14:52","guid":{"rendered":"https:\/\/visitparnu.com\/transports\/"},"modified":"2023-08-02T10:21:48","modified_gmt":"2023-08-02T08:21:48","slug":"transports","status":"publish","type":"page","link":"https:\/\/visitparnu.com\/lv\/transports\/","title":{"rendered":"Transports"},"content":{"rendered":"\t\t<div data-elementor-type=\"wp-post\" data-elementor-id=\"4937584\" class=\"elementor elementor-4937584 elementor-4936663\" data-elementor-post-type=\"page\">\n\t\t\t\t<div class=\"elementor-element elementor-element-eeaed46 content-one-col-block e-flex e-con-boxed e-con e-parent\" data-id=\"eeaed46\" data-element_type=\"container\" data-e-type=\"container\">\n\t\t\t\t\t<div class=\"e-con-inner\">\n\t\t<div class=\"elementor-element elementor-element-37606e5 e-con-full e-flex e-con e-parent\" data-id=\"37606e5\" data-element_type=\"container\" data-e-type=\"container\">\n\t\t\t\t<div class=\"elementor-element elementor-element-1e06bc6 elementor-widget elementor-widget-text-editor\" data-id=\"1e06bc6\" data-element_type=\"widget\" data-e-type=\"widget\" data-widget_type=\"text-editor.default\">\n\t\t\t\t\t\t\t\t\t<blockquote><p>Vienk\u0101r\u0161\u0101kais veids, k\u0101 nok\u013c\u016bt P\u0113rnav\u0101, ir ierasties ar starptautisku avioreisu Igaunijas galvaspils\u0113t\u0101\u00a0<a href=\"https:\/\/www.tallinn-airport.ee\/en\/\" target=\"_blank\" rel=\"noopener\">Tallin\u0101<\/a>\u00a0vai Latvijas galvaspils\u0113t\u0101\u00a0<a href=\"https:\/\/www.riga-airport.com\/\" target=\"_blank\" rel=\"noopener\">R\u012bg\u0101<\/a>. P\u0113rnava atrodas no abu pils\u0113tu lidost\u0101m, kuras savieno Via Baltica (E67) \u0161oseja, tikai <b>p\u0101ris stundu brauciena<\/b>att\u0101lum\u0101. Igaunijas\u00a0<a href=\"https:\/\/www.ts.ee\/en\/\" target=\"_blank\" rel=\"noopener\">liel\u0101k\u0101 osta<\/a>\u00a0atrodas Tallin\u0101, pr\u0101mji no Helsinkiem tur ierodas gandr\u012bz katru stundu. P\u0113rnavas\u00a0<a href=\"https:\/\/jahtklubi.ee\/yacht-marina\" target=\"_blank\" rel=\"noopener\">Jahtklubs\u00a0<\/a>gaida ierodamies viesus ar jaht\u0101m.<\/p><\/blockquote>\t\t\t\t\t\t\t\t<\/div>\n\t\t\t\t<div class=\"elementor-element elementor-element-d7a9ca1 elementor-widget elementor-widget-text-editor\" data-id=\"d7a9ca1\" data-element_type=\"widget\" data-e-type=\"widget\" data-widget_type=\"text-editor.default\">\n\t\t\t\t\t\t\t\t\t<div class=\"elementor-element elementor-element-3590c60 elementor-widget elementor-widget-text-editor\" data-id=\"3590c60\" data-element_type=\"widget\" data-widget_type=\"text-editor.default\"><div class=\"elementor-widget-container\"><div class=\"elementor-text-editor elementor-clearfix\"><div class=\"elementor-element elementor-element-500ebb52 elementor-widget elementor-widget-text-editor\" data-id=\"500ebb52\" data-element_type=\"widget\" data-settings=\"{&quot;ekit_we_effect_on&quot;:&quot;none&quot;}\" data-widget_type=\"text-editor.default\"><div class=\"elementor-widget-container\"><div class=\"elementor-text-editor elementor-clearfix\"><h2>P\u0113rnavas sabiedriskais transports<\/h2><p>P\u0113rnavas sabiedrisk\u0101 transporta mar\u0161ruti un laiki redzami <a href=\"https:\/\/web.peatus.ee\/#city;parnu-linn\">\u0160EIT<\/a>. Katr\u0101 autobusu pietur\u0101 ir pils\u0113tas karte, k\u0101 ar\u012b laika grafiks, pietur\u0101s ar bie\u017e\u0101ku satiksmi ir uzst\u0101d\u012bti elektroniski tablo.<\/p><p>P\u0113rnavas apri\u0146\u0137a sabiedriskaj\u0101 transport\u0101 darbojas plastik\u0101ta kar\u0161u sist\u0113ma. T\u0101da pati sist\u0113ma ir lieto\u0161an\u0101 ar\u012b, piem\u0113ram, Tallin\u0101 un Tartu. Ja ir analoga karte, tad to var lietot ar\u012b P\u0113rnav\u0101. Jauna plastik\u0101ta karte maks\u0101 2\u20ac un to var nopirkt vis\u0101s sabiedrisk\u0101 transporta \u00a0bi\u013ce\u0161u tirdzniec\u012bbas viet\u0101s. Iek\u0101pjot autobus\u0101, karti vajag valid\u0113t.<\/p><p><strong>Vienas stundas<\/strong> bi\u013cete pils\u0113tas apmekl\u0113t\u0101jam maks\u0101 1,5\u20ac, <strong>dienas bi\u013cete<\/strong> 6\u20ac un\u00a0<strong>piecu dienu<\/strong> bi\u013cete 15\u20ac. Dienas bi\u013cete st\u0101jas sp\u0113k\u0101, ja karte ir valid\u0113ta 4 reizes. Piem\u0113ram, braucot dien\u0101 4 atsevi\u0161\u0137as reizes un valid\u0113jot savu karti, t\u0101 autom\u0101tiski k\u013c\u016bst par dienas bi\u013ceti.<\/p><p>Vienas stundas bi\u013ceti var nopirkt ar\u012b pie autobusa vad\u012bt\u0101ja. T\u0101d\u0101 gad\u012bjum\u0101 plastik\u0101ta karti nevajag. Pap\u012bra bi\u013cetes cena pils\u0113tas l\u012bnij\u0101s ir \u00a0<strong>3\u20ac<\/strong> (piepils\u0113tas \u2013 2\u20ac) un nor\u0113\u0137in\u0101ties var skaidr\u0101 naud\u0101.<\/p><p>Vair\u0101k inform\u0101cijas par bi\u013ce\u0161u sist\u0113mu var atrast <a href=\"https:\/\/pytk.ee\/piletihinnad-ja-soodustused.html\" target=\"_blank\" rel=\"noopener\">\u0160EIT<\/a>. Vair\u0101k inform\u0101cijas par <strong>P\u0113rnavas autoostu<\/strong>\u00a0un t\u0101s pakalpojumiem skat\u012bt <a href=\"https:\/\/visitparnu.com\/lv\/pernavas-autoosta\/\">\u0160EIT<\/a>.<\/p><\/div><\/div><\/div><div class=\"elementor-element elementor-element-edcf190 elementor-widget elementor-widget-text-editor\" data-id=\"edcf190\" data-element_type=\"widget\" data-settings=\"{&quot;ekit_we_effect_on&quot;:&quot;none&quot;}\" data-widget_type=\"text-editor.default\"><div class=\"elementor-widget-container\"><div class=\"elementor-text-editor elementor-clearfix\"><h2>Taksometri un pr\u0101mju satiksme uz sal\u0101m<\/h2><p>Taksometru pas\u016bt\u012b\u0161ana P\u0113rnav\u0101:<\/p><ul><li>1222 \u2013 P\u00e4rnu Takso<\/li><li>1918 \u2013 Elektritakso<\/li><li>1200 \u2013 Go Takso<\/li><li>1700 \u2013 Bristol Takso<\/li><li>1300 \u2013 E-Takso<\/li><li>Turkl\u0101t P\u0113rnav\u0101 darbojas ar\u012b lietotnes Bolt.<\/li><\/ul><p>Pr\u0101mja satiksme uz Kihnu salu\u00a0<a href=\"https:\/\/www.veeteed.com\/#\/en\/\">www.veeteed.com<\/a> (no Munalaid).<\/p><p>Pr\u0101mju satiksme uz S\u0101rem\u0101 un H\u012bjum\u0101 sal\u0101m <a href=\"https:\/\/www.praamid.ee\/en\/homepage\/\">www.praamid.ee<\/a>.<\/p><div class=\"elementor-element elementor-element-2f5d6ba elementor-widget elementor-widget-text-editor\" data-id=\"2f5d6ba\" data-element_type=\"widget\" data-settings=\"{&quot;ekit_we_effect_on&quot;:&quot;none&quot;}\" data-widget_type=\"text-editor.default\"><div class=\"elementor-widget-container\"><div class=\"elementor-text-editor elementor-clearfix\"><h2>Nomas automa\u0161\u012bnas P\u0113rnav\u0101<\/h2><p>Automa\u0161\u012bna sniedz Tev \u0113rtu iesp\u0113ju atkl\u0101t vietas \u0101rpus P\u0113rnavas pils\u0113tas. Iepaz\u012bsti\u00a0<a href=\"https:\/\/visitparnu.com\/lv\/apskates-objekti-pernavas-aprinki\/\">Apskates objektus P\u0113rnavas apri\u0146\u0137\u012b<\/a><a href=\"https:\/\/visitparnu.com\/vaatamisvaarsused-parnumaal\/\">.<\/a><\/p><p>Automa\u0161\u012bnu noma P\u0113rnav\u0101:<\/p><p><a href=\"https:\/\/rendiautorent.ee\/en\/car-rent-in-tallinn-tartu-parnu-and-kuressaare\/\">Rendiautorent<\/a><\/p><p><a href=\"https:\/\/laverterent.ee\/en\/\">Laverte Autorent<\/a><\/p><\/div><\/div><\/div><div class=\"elementor-element elementor-element-afa00ee elementor-widget elementor-widget-text-editor\" data-id=\"afa00ee\" data-element_type=\"widget\" data-settings=\"{&quot;ekit_we_effect_on&quot;:&quot;none&quot;}\" data-widget_type=\"text-editor.default\"><div class=\"elementor-widget-container\"><div class=\"elementor-text-editor elementor-clearfix\"><h2><strong>Automa\u0161\u012bnas novieto\u0161ana<\/strong><\/h2><p>P\u0113rnavas <strong>centr\u0101, <\/strong>k\u0101 ar\u012b vasar\u0101 <strong>pludmales rajon\u0101 <\/strong>automa\u0161\u012bnas st\u0101vvietas ir <strong>par maksu<\/strong>. St\u0101vvietas izmanto\u0161ana pils\u0113tas centr\u0101 uz 1 stundu un pludmal\u0113 uz pusstundu, izmantojot st\u0101vvietas pulksteni, ir bez maksas.<\/p><p>Vair\u0101k par automa\u0161\u012bnu novieto\u0161anu uzzini\u00a0<a href=\"https:\/\/visitparnu.com\/lv\/autostavvietas-pernava\/\">\u0160EIT<\/a>.\u00a0<\/p><\/div><\/div><\/div><\/div><\/div><\/div><\/div><\/div><\/div>\t\t\t\t\t\t\t\t<\/div>\n\t\t\t\t<\/div>\n\t\t\t\t\t<\/div>\n\t\t\t\t<\/div>\n\t\t<div class=\"elementor-element elementor-element-75bf989 content-two-col-block e-flex e-con-boxed e-con e-parent\" data-id=\"75bf989\" data-element_type=\"container\" data-e-type=\"container\">\n\t\t\t\t\t<div class=\"e-con-inner\">\n\t\t<div class=\"elementor-element elementor-element-c9f7253 e-con-full e-flex e-con e-parent\" data-id=\"c9f7253\" data-element_type=\"container\" data-e-type=\"container\">\n\t\t\t\t<div class=\"elementor-element elementor-element-9f9b69b elementor-widget elementor-widget-text-editor\" data-id=\"9f9b69b\" data-element_type=\"widget\" data-e-type=\"widget\" data-widget_type=\"text-editor.default\">\n\t\t\t\t\t\t\t\t\t<h2>Ar autobusu uz P\u0113rnavu<\/h2><p>Tallina-P\u0113rnava un R\u012bga-P\u0113rnava virzienos kurs\u0113 pietiekami daudz autobusu, lai jebkur\u0101 laik\u0101 \u0113rti nok\u013c\u016btu sava ce\u013cojuma galam\u0113r\u0137\u012b. Igaunijas iek\u0161\u0113jo inform\u0101ciju un bi\u013cetes var viegli atrast\u00a0<a href=\"https:\/\/www.tpilet.ee\/en\/\" target=\"_blank\" rel=\"noopener\">T-bi\u013cete<\/a>\u00a0vid\u0113. Daudzi autobusi ir apr\u012bkoti ar vis\u0101m \u0113rt\u012bb\u0101m, piem\u0113ram, tualeti, multimediju centru, gaisa kondicionieri.<\/p><p>Starptautiskaj\u0101 mar\u0161rut\u0101 R\u012bga \u2013 P\u0113rnava \u2013 Tallina regul\u0101rus reisus veic sekojo\u0161i autobusu operatori:<\/p><ul><li><a href=\"https:\/\/ecolines.net\/lv\/lv\">Ecolines<\/a><\/li><li><a href=\"https:\/\/luxexpress.eu\/lv\/\">Lux Express<\/a><\/li><li><a href=\"https:\/\/www.flixbus.lv\/\" target=\"_blank\" rel=\"noopener\">Flixbus<\/a><\/li><\/ul>\t\t\t\t\t\t\t\t<\/div>\n\t\t\t\t<\/div>\n\t\t<div class=\"elementor-element elementor-element-0237a32 e-con-full e-flex e-con e-parent\" data-id=\"0237a32\" data-element_type=\"container\" data-e-type=\"container\">\n\t\t\t\t<div class=\"elementor-element elementor-element-b9dee86 elementor-widget elementor-widget-image\" data-id=\"b9dee86\" data-element_type=\"widget\" data-e-type=\"widget\" data-widget_type=\"image.default\">\n\t\t\t\t\t\t\t\t\t\t\t\t\t\t\t<img fetchpriority=\"high\" decoding=\"async\" width=\"1024\" height=\"682\" src=\"https:\/\/visitparnu.com\/wp-content\/uploads\/2023\/01\/Lux-Express-1024x682.jpg\" class=\"attachment-large size-large wp-image-4941705\" alt=\"\" srcset=\"https:\/\/visitparnu.com\/wp-content\/uploads\/2023\/01\/Lux-Express-1024x682.jpg 1024w, https:\/\/visitparnu.com\/wp-content\/uploads\/2023\/01\/Lux-Express-300x200.jpg 300w, https:\/\/visitparnu.com\/wp-content\/uploads\/2023\/01\/Lux-Express-768x512.jpg 768w, https:\/\/visitparnu.com\/wp-content\/uploads\/2023\/01\/Lux-Express-1536x1023.jpg 1536w, https:\/\/visitparnu.com\/wp-content\/uploads\/2023\/01\/Lux-Express.jpg 1732w\" sizes=\"(max-width: 1024px) 100vw, 1024px\" \/>\t\t\t\t\t\t\t\t\t\t\t\t\t\t\t<\/div>\n\t\t\t\t<\/div>\n\t\t\t\t\t<\/div>\n\t\t\t\t<\/div>\n\t\t<div class=\"elementor-element elementor-element-60866f8 content-two-col-block e-flex e-con-boxed e-con e-parent\" data-id=\"60866f8\" data-element_type=\"container\" data-e-type=\"container\">\n\t\t\t\t\t<div class=\"e-con-inner\">\n\t\t<div class=\"elementor-element elementor-element-ceafa27 e-con-full e-flex e-con e-parent\" data-id=\"ceafa27\" data-element_type=\"container\" data-e-type=\"container\">\n\t\t\t\t<div class=\"elementor-element elementor-element-2ae65ce elementor-widget elementor-widget-image\" data-id=\"2ae65ce\" data-element_type=\"widget\" data-e-type=\"widget\" data-widget_type=\"image.default\">\n\t\t\t\t\t\t\t\t\t\t\t\t\t\t\t<img decoding=\"async\" width=\"1024\" height=\"683\" src=\"https:\/\/visitparnu.com\/wp-content\/uploads\/2023\/01\/airplane-g6a052ee7b_1920-1024x683.jpg\" class=\"attachment-large size-large wp-image-4941712\" alt=\"\" srcset=\"https:\/\/visitparnu.com\/wp-content\/uploads\/2023\/01\/airplane-g6a052ee7b_1920-1024x683.jpg 1024w, https:\/\/visitparnu.com\/wp-content\/uploads\/2023\/01\/airplane-g6a052ee7b_1920-300x200.jpg 300w, https:\/\/visitparnu.com\/wp-content\/uploads\/2023\/01\/airplane-g6a052ee7b_1920-768x512.jpg 768w, https:\/\/visitparnu.com\/wp-content\/uploads\/2023\/01\/airplane-g6a052ee7b_1920-1536x1025.jpg 1536w, https:\/\/visitparnu.com\/wp-content\/uploads\/2023\/01\/airplane-g6a052ee7b_1920.jpg 1920w\" sizes=\"(max-width: 1024px) 100vw, 1024px\" \/>\t\t\t\t\t\t\t\t\t\t\t\t\t\t\t<\/div>\n\t\t\t\t<\/div>\n\t\t<div class=\"elementor-element elementor-element-4bd21f2 e-con-full e-flex e-con e-parent\" data-id=\"4bd21f2\" data-element_type=\"container\" data-e-type=\"container\">\n\t\t\t\t<div class=\"elementor-element elementor-element-985e646 elementor-widget elementor-widget-heading\" data-id=\"985e646\" data-element_type=\"widget\" data-e-type=\"widget\" data-widget_type=\"heading.default\">\n\t\t\t\t\t<h2 class=\"elementor-heading-title elementor-size-default\">P\u0113rnavas lidosta<\/h2>\t\t\t\t<\/div>\n\t\t\t\t<div class=\"elementor-element elementor-element-5b8c551 elementor-widget elementor-widget-text-editor\" data-id=\"5b8c551\" data-element_type=\"widget\" data-e-type=\"widget\" data-widget_type=\"text-editor.default\">\n\t\t\t\t\t\t\t\t\t<p><a href=\"https:\/\/visitparnu.com\/lv\/pernavas-lidosta\/\">P\u0113rnavas Lidost\u0101<\/a> pien\u0101k gan starptautiskie, gan iek\u0161zemes lidojumi. Gaisa satiksme m\u016bs pietuvina pasaulei un savieno ar da\u017e\u0101d\u0101m lielpils\u0113t\u0101m.<\/p>\t\t\t\t\t\t\t\t<\/div>\n\t\t\t\t<\/div>\n\t\t\t\t\t<\/div>\n\t\t\t\t<\/div>\n\t\t\t\t<\/div>\n\t\t","protected":false},"excerpt":{"rendered":"<p>Vienk\u0101r\u0161\u0101kais veids, k\u0101 nok\u013c\u016bt P\u0113rnav\u0101, ir ierasties ar starptautisku avioreisu Igaunijas galvaspils\u0113t\u0101\u00a0Tallin\u0101\u00a0vai Latvijas galvaspils\u0113t\u0101\u00a0R\u012bg\u0101. P\u0113rnava atrodas no abu pils\u0113tu lidost\u0101m, kuras savieno Via Baltica (E67) \u0161oseja, tikai p\u0101ris stundu braucienaatt\u0101lum\u0101. Igaunijas\u00a0liel\u0101k\u0101 osta\u00a0atrodas Tallin\u0101, pr\u0101mji no Helsinkiem tur ierodas gandr\u012bz katru stundu. P\u0113rnavas\u00a0Jahtklubs\u00a0gaida ierodamies viesus ar jaht\u0101m. P\u0113rnavas sabiedriskais transports P\u0113rnavas sabiedrisk\u0101 transporta mar\u0161ruti un laiki [&hellip;]<\/p>\n","protected":false},"author":1,"featured_media":4941713,"parent":0,"menu_order":0,"comment_status":"closed","ping_status":"closed","template":"","meta":{"_acf_changed":false,"footnotes":""},"class_list":["post-4937584","page","type-page","status-publish","has-post-thumbnail","hentry"],"acf":[],"yoast_head":"<!-- This site is optimized with the Yoast SEO plugin v27.3 - https:\/\/yoast.com\/product\/yoast-seo-wordpress\/ -->\n<title>Transports - Visit P\u00e4rnu<\/title>\n<meta name=\"robots\" content=\"index, follow, max-snippet:-1, max-image-preview:large, max-video-preview:-1\" \/>\n<link rel=\"canonical\" href=\"https:\/\/visitparnu.com\/lv\/transports\/\" \/>\n<meta property=\"og:locale\" content=\"lv_LV\" \/>\n<meta property=\"og:type\" content=\"article\" \/>\n<meta property=\"og:title\" content=\"Transports - Visit P\u00e4rnu\" \/>\n<meta property=\"og:description\" content=\"Vienk\u0101r\u0161\u0101kais veids, k\u0101 nok\u013c\u016bt P\u0113rnav\u0101, ir ierasties ar starptautisku avioreisu Igaunijas galvaspils\u0113t\u0101\u00a0Tallin\u0101\u00a0vai Latvijas galvaspils\u0113t\u0101\u00a0R\u012bg\u0101. P\u0113rnava atrodas no abu pils\u0113tu lidost\u0101m, kuras savieno Via Baltica (E67) \u0161oseja, tikai p\u0101ris stundu braucienaatt\u0101lum\u0101. Igaunijas\u00a0liel\u0101k\u0101 osta\u00a0atrodas Tallin\u0101, pr\u0101mji no Helsinkiem tur ierodas gandr\u012bz katru stundu. P\u0113rnavas\u00a0Jahtklubs\u00a0gaida ierodamies viesus ar jaht\u0101m. P\u0113rnavas sabiedriskais transports P\u0113rnavas sabiedrisk\u0101 transporta mar\u0161ruti un laiki [&hellip;]\" \/>\n<meta property=\"og:url\" content=\"https:\/\/visitparnu.com\/lv\/transports\/\" \/>\n<meta property=\"og:site_name\" content=\"Visit P\u00e4rnu\" \/>\n<meta property=\"article:publisher\" content=\"https:\/\/www.facebook.com\/visitparnuEE\/\" \/>\n<meta property=\"article:modified_time\" content=\"2023-08-02T08:21:48+00:00\" \/>\n<meta property=\"og:image\" content=\"https:\/\/visitparnu.com\/wp-content\/uploads\/2023\/01\/Parnu-transport.jpg\" \/>\n\t<meta property=\"og:image:width\" content=\"1732\" \/>\n\t<meta property=\"og:image:height\" content=\"1154\" \/>\n\t<meta property=\"og:image:type\" content=\"image\/jpeg\" \/>\n<meta name=\"twitter:card\" content=\"summary_large_image\" \/>\n<meta name=\"twitter:label1\" content=\"Est. reading time\" \/>\n\t<meta name=\"twitter:data1\" content=\"6 minutes\" \/>\n<script type=\"application\/ld+json\" class=\"yoast-schema-graph\">{\"@context\":\"https:\\\/\\\/schema.org\",\"@graph\":[{\"@type\":\"WebPage\",\"@id\":\"https:\\\/\\\/visitparnu.com\\\/lv\\\/transports\\\/\",\"url\":\"https:\\\/\\\/visitparnu.com\\\/lv\\\/transports\\\/\",\"name\":\"Transports - Visit P\u00e4rnu\",\"isPartOf\":{\"@id\":\"https:\\\/\\\/visitparnu.com\\\/lv\\\/#website\"},\"primaryImageOfPage\":{\"@id\":\"https:\\\/\\\/visitparnu.com\\\/lv\\\/transports\\\/#primaryimage\"},\"image\":{\"@id\":\"https:\\\/\\\/visitparnu.com\\\/lv\\\/transports\\\/#primaryimage\"},\"thumbnailUrl\":\"https:\\\/\\\/visitparnu.com\\\/wp-content\\\/uploads\\\/2023\\\/01\\\/Parnu-transport.jpg\",\"datePublished\":\"2018-10-16T11:14:52+00:00\",\"dateModified\":\"2023-08-02T08:21:48+00:00\",\"breadcrumb\":{\"@id\":\"https:\\\/\\\/visitparnu.com\\\/lv\\\/transports\\\/#breadcrumb\"},\"inLanguage\":\"lv-LV\",\"potentialAction\":[{\"@type\":\"ReadAction\",\"target\":[\"https:\\\/\\\/visitparnu.com\\\/lv\\\/transports\\\/\"]}]},{\"@type\":\"ImageObject\",\"inLanguage\":\"lv-LV\",\"@id\":\"https:\\\/\\\/visitparnu.com\\\/lv\\\/transports\\\/#primaryimage\",\"url\":\"https:\\\/\\\/visitparnu.com\\\/wp-content\\\/uploads\\\/2023\\\/01\\\/Parnu-transport.jpg\",\"contentUrl\":\"https:\\\/\\\/visitparnu.com\\\/wp-content\\\/uploads\\\/2023\\\/01\\\/Parnu-transport.jpg\",\"width\":1732,\"height\":1154},{\"@type\":\"BreadcrumbList\",\"@id\":\"https:\\\/\\\/visitparnu.com\\\/lv\\\/transports\\\/#breadcrumb\",\"itemListElement\":[{\"@type\":\"ListItem\",\"position\":1,\"name\":\"\",\"item\":\"https:\\\/\\\/visitparnu.com\\\/lv\\\/\"},{\"@type\":\"ListItem\",\"position\":2,\"name\":\"Transports\"}]},{\"@type\":\"WebSite\",\"@id\":\"https:\\\/\\\/visitparnu.com\\\/lv\\\/#website\",\"url\":\"https:\\\/\\\/visitparnu.com\\\/lv\\\/\",\"name\":\"Visit P\u00e4rnu\",\"description\":\"\",\"publisher\":{\"@id\":\"https:\\\/\\\/visitparnu.com\\\/lv\\\/#organization\"},\"potentialAction\":[{\"@type\":\"SearchAction\",\"target\":{\"@type\":\"EntryPoint\",\"urlTemplate\":\"https:\\\/\\\/visitparnu.com\\\/lv\\\/?s={search_term_string}\"},\"query-input\":{\"@type\":\"PropertyValueSpecification\",\"valueRequired\":true,\"valueName\":\"search_term_string\"}}],\"inLanguage\":\"lv-LV\"},{\"@type\":\"Organization\",\"@id\":\"https:\\\/\\\/visitparnu.com\\\/lv\\\/#organization\",\"name\":\"Visit P\u00e4rnu\",\"url\":\"https:\\\/\\\/visitparnu.com\\\/lv\\\/\",\"logo\":{\"@type\":\"ImageObject\",\"inLanguage\":\"lv-LV\",\"@id\":\"https:\\\/\\\/visitparnu.com\\\/lv\\\/#\\\/schema\\\/logo\\\/image\\\/\",\"url\":\"https:\\\/\\\/visitparnu.com\\\/wp-content\\\/uploads\\\/2022\\\/11\\\/VP_logo.svg\",\"contentUrl\":\"https:\\\/\\\/visitparnu.com\\\/wp-content\\\/uploads\\\/2022\\\/11\\\/VP_logo.svg\",\"width\":305,\"height\":33,\"caption\":\"Visit P\u00e4rnu\"},\"image\":{\"@id\":\"https:\\\/\\\/visitparnu.com\\\/lv\\\/#\\\/schema\\\/logo\\\/image\\\/\"},\"sameAs\":[\"https:\\\/\\\/www.facebook.com\\\/visitparnuEE\\\/\",\"https:\\\/\\\/www.youtube.com\\\/user\\\/visitparnuestonia\\\/\",\"https:\\\/\\\/www.instagram.com\\\/visitparnu\\\/\"]}]}<\/script>\n<!-- \/ Yoast SEO plugin. -->","yoast_head_json":{"title":"Transports - Visit P\u00e4rnu","robots":{"index":"index","follow":"follow","max-snippet":"max-snippet:-1","max-image-preview":"max-image-preview:large","max-video-preview":"max-video-preview:-1"},"canonical":"https:\/\/visitparnu.com\/lv\/transports\/","og_locale":"lv_LV","og_type":"article","og_title":"Transports - Visit P\u00e4rnu","og_description":"Vienk\u0101r\u0161\u0101kais veids, k\u0101 nok\u013c\u016bt P\u0113rnav\u0101, ir ierasties ar starptautisku avioreisu Igaunijas galvaspils\u0113t\u0101\u00a0Tallin\u0101\u00a0vai Latvijas galvaspils\u0113t\u0101\u00a0R\u012bg\u0101. P\u0113rnava atrodas no abu pils\u0113tu lidost\u0101m, kuras savieno Via Baltica (E67) \u0161oseja, tikai p\u0101ris stundu braucienaatt\u0101lum\u0101. Igaunijas\u00a0liel\u0101k\u0101 osta\u00a0atrodas Tallin\u0101, pr\u0101mji no Helsinkiem tur ierodas gandr\u012bz katru stundu. P\u0113rnavas\u00a0Jahtklubs\u00a0gaida ierodamies viesus ar jaht\u0101m. P\u0113rnavas sabiedriskais transports P\u0113rnavas sabiedrisk\u0101 transporta mar\u0161ruti un laiki [&hellip;]","og_url":"https:\/\/visitparnu.com\/lv\/transports\/","og_site_name":"Visit P\u00e4rnu","article_publisher":"https:\/\/www.facebook.com\/visitparnuEE\/","article_modified_time":"2023-08-02T08:21:48+00:00","og_image":[{"width":1732,"height":1154,"url":"https:\/\/visitparnu.com\/wp-content\/uploads\/2023\/01\/Parnu-transport.jpg","type":"image\/jpeg"}],"twitter_card":"summary_large_image","twitter_misc":{"Est. reading time":"6 minutes"},"schema":{"@context":"https:\/\/schema.org","@graph":[{"@type":"WebPage","@id":"https:\/\/visitparnu.com\/lv\/transports\/","url":"https:\/\/visitparnu.com\/lv\/transports\/","name":"Transports - Visit P\u00e4rnu","isPartOf":{"@id":"https:\/\/visitparnu.com\/lv\/#website"},"primaryImageOfPage":{"@id":"https:\/\/visitparnu.com\/lv\/transports\/#primaryimage"},"image":{"@id":"https:\/\/visitparnu.com\/lv\/transports\/#primaryimage"},"thumbnailUrl":"https:\/\/visitparnu.com\/wp-content\/uploads\/2023\/01\/Parnu-transport.jpg","datePublished":"2018-10-16T11:14:52+00:00","dateModified":"2023-08-02T08:21:48+00:00","breadcrumb":{"@id":"https:\/\/visitparnu.com\/lv\/transports\/#breadcrumb"},"inLanguage":"lv-LV","potentialAction":[{"@type":"ReadAction","target":["https:\/\/visitparnu.com\/lv\/transports\/"]}]},{"@type":"ImageObject","inLanguage":"lv-LV","@id":"https:\/\/visitparnu.com\/lv\/transports\/#primaryimage","url":"https:\/\/visitparnu.com\/wp-content\/uploads\/2023\/01\/Parnu-transport.jpg","contentUrl":"https:\/\/visitparnu.com\/wp-content\/uploads\/2023\/01\/Parnu-transport.jpg","width":1732,"height":1154},{"@type":"BreadcrumbList","@id":"https:\/\/visitparnu.com\/lv\/transports\/#breadcrumb","itemListElement":[{"@type":"ListItem","position":1,"name":"","item":"https:\/\/visitparnu.com\/lv\/"},{"@type":"ListItem","position":2,"name":"Transports"}]},{"@type":"WebSite","@id":"https:\/\/visitparnu.com\/lv\/#website","url":"https:\/\/visitparnu.com\/lv\/","name":"Visit P\u00e4rnu","description":"","publisher":{"@id":"https:\/\/visitparnu.com\/lv\/#organization"},"potentialAction":[{"@type":"SearchAction","target":{"@type":"EntryPoint","urlTemplate":"https:\/\/visitparnu.com\/lv\/?s={search_term_string}"},"query-input":{"@type":"PropertyValueSpecification","valueRequired":true,"valueName":"search_term_string"}}],"inLanguage":"lv-LV"},{"@type":"Organization","@id":"https:\/\/visitparnu.com\/lv\/#organization","name":"Visit P\u00e4rnu","url":"https:\/\/visitparnu.com\/lv\/","logo":{"@type":"ImageObject","inLanguage":"lv-LV","@id":"https:\/\/visitparnu.com\/lv\/#\/schema\/logo\/image\/","url":"https:\/\/visitparnu.com\/wp-content\/uploads\/2022\/11\/VP_logo.svg","contentUrl":"https:\/\/visitparnu.com\/wp-content\/uploads\/2022\/11\/VP_logo.svg","width":305,"height":33,"caption":"Visit P\u00e4rnu"},"image":{"@id":"https:\/\/visitparnu.com\/lv\/#\/schema\/logo\/image\/"},"sameAs":["https:\/\/www.facebook.com\/visitparnuEE\/","https:\/\/www.youtube.com\/user\/visitparnuestonia\/","https:\/\/www.instagram.com\/visitparnu\/"]}]}},"_links":{"self":[{"href":"https:\/\/visitparnu.com\/lv\/wp-json\/wp\/v2\/pages\/4937584","targetHints":{"allow":["GET"]}}],"collection":[{"href":"https:\/\/visitparnu.com\/lv\/wp-json\/wp\/v2\/pages"}],"about":[{"href":"https:\/\/visitparnu.com\/lv\/wp-json\/wp\/v2\/types\/page"}],"author":[{"embeddable":true,"href":"https:\/\/visitparnu.com\/lv\/wp-json\/wp\/v2\/users\/1"}],"replies":[{"embeddable":true,"href":"https:\/\/visitparnu.com\/lv\/wp-json\/wp\/v2\/comments?post=4937584"}],"version-history":[{"count":15,"href":"https:\/\/visitparnu.com\/lv\/wp-json\/wp\/v2\/pages\/4937584\/revisions"}],"predecessor-version":[{"id":4978991,"href":"https:\/\/visitparnu.com\/lv\/wp-json\/wp\/v2\/pages\/4937584\/revisions\/4978991"}],"wp:featuredmedia":[{"embeddable":true,"href":"https:\/\/visitparnu.com\/lv\/wp-json\/wp\/v2\/media\/4941713"}],"wp:attachment":[{"href":"https:\/\/visitparnu.com\/lv\/wp-json\/wp\/v2\/media?parent=4937584"}],"curies":[{"name":"wp","href":"https:\/\/api.w.org\/{rel}","templated":true}]}}