{"id":4937536,"date":"2020-08-13T12:43:23","date_gmt":"2020-08-13T10:43:23","guid":{"rendered":"https:\/\/visitparnu.com\/pargajienu-takas\/"},"modified":"2023-01-16T14:44:58","modified_gmt":"2023-01-16T12:44:58","slug":"pargajienu-takas","status":"publish","type":"page","link":"https:\/\/visitparnu.com\/lv\/pargajienu-takas\/","title":{"rendered":"P\u0101rg\u0101jienu takas"},"content":{"rendered":"\t\t<div data-elementor-type=\"wp-page\" data-elementor-id=\"4937536\" class=\"elementor elementor-4937536 elementor-4936726\" data-elementor-post-type=\"page\">\n\t\t\t\t<div class=\"elementor-element elementor-element-97dbe12 content-two-col-block e-flex e-con-boxed e-con e-parent\" data-id=\"97dbe12\" data-element_type=\"container\" data-e-type=\"container\">\n\t\t\t\t\t<div class=\"e-con-inner\">\n\t\t<div class=\"elementor-element elementor-element-9abb24a e-con-full e-flex e-con e-parent\" data-id=\"9abb24a\" data-element_type=\"container\" data-e-type=\"container\">\n\t\t\t\t<div class=\"elementor-element elementor-element-922212c elementor-widget elementor-widget-text-editor\" data-id=\"922212c\" data-element_type=\"widget\" data-e-type=\"widget\" data-widget_type=\"text-editor.default\">\n\t\t\t\t\t\t\t\t\t<p>P\u0113rnavas p\u0101rg\u0101jienu takas atrodas \u013coti skaist\u0101s dabas objektu ieskaut\u0101s viet\u0101s. Pastaiga dab\u0101 pal\u012bdz\u0113s patverties no pils\u0113tas k\u0146adas un \u013caus izbaud\u012bt gleznain\u0101s ainavas. Lai akt\u012bvi pavad\u012btu br\u012bvo laiku, atliek vien nedaudz izbraukt no pils\u0113tas un uzmekl\u0113t k\u0101du p\u0101rg\u0101jienu taku. Pieejamas da\u017e\u0101da garuma un da\u017e\u0101du veidu takas. P\u0113rnavas dabas teritorij\u0101s iesp\u0113jams uzsliet teltis, v\u0113rot putnus, doties pastaig\u0101 ar sniega kurp\u0113m, <a href=\"https:\/\/visitparnu.com\/lv\/braucieni-ar-kanoe-pernavas-aprinki\/\">iepaz\u012bt upes, laivojot ar kanoe<\/a> u.tml.<\/p><h2>P\u0113rnavas p\u0101rg\u0101jienu takas:<\/h2><ul><li><a href=\"https:\/\/visitparnu.com\/lv\/objekt\/penijegi-pargajienu-takas\/\">Penijegi p\u0101rg\u0101jienu takas<\/a> (3,2-7 km),<\/li><li><a href=\"https:\/\/visitparnu.com\/lv\/objekt\/kilingi-nemmes-pargajienu-taka\/\" target=\"_blank\" rel=\"noopener\">KilingRMK Kilingi-Nemmes p\u0101rg\u0101jienu taka<\/a>\u00a0(3 km),<\/li><li><a href=\"https:\/\/visitparnu.com\/lv\/objekt\/rae-ezera-pargajienu-taka-un-telsu-laukums\/\">RMK Rae ezera p\u0101rg\u0101jienu taka un tel\u0161u laukums<\/a> (1,7 km),<\/li><li><a href=\"https:\/\/visitparnu.com\/lv\/objekt\/saleveres-salumegi-un-pargajienu-taka\/\">Saleveres Salumegi un p\u0101rg\u0101jienu taka<\/a> (1,5 km),<\/li><li><a href=\"https:\/\/visitparnu.com\/lv\/objekt\/rmk-suitsu-pastaigu-taka-un-skatu-tornis\/\">RMK Suitsu pastaigu taka un skatu tornis<\/a> (1,3 km),<\/li><li><a href=\"https:\/\/visitparnu.com\/lv\/objekt\/tammiste-meza-taka-un-ugunskura-vieta\/\">RMK Tammiste me\u017ea taka un ugunskura vieta<\/a> (2,8 km),<\/li><li><a href=\"https:\/\/visitparnu.com\/lv\/objekt\/tuhu-purvs-un-pastaigu-taka\/\">Tuhu purvs un pastaigu taka<\/a> (1 km),<\/li><li><a href=\"https:\/\/visitparnu.com\/lv\/objekt\/rannametsa-tolkuse-dabas-macibu-taka\/\" target=\"_blank\" rel=\"noopener\">RMK Rannametsa-Tolkuse dabas m\u0101c\u012bbu taka<\/a>\u00a0(2,2 km),<\/li><li><a href=\"https:\/\/visitparnu.com\/lv\/objekt\/risas-riisa-macibu-taka-soma-soomaa-nacionalaja-parka\/\">R\u012bsas m\u0101c\u012bbu taka Som\u0101 Nacion\u0101laj\u0101 park\u0101<\/a> (4,8 km),<\/li><li><a href=\"https:\/\/visitparnu.com\/lv\/objekt\/nigulas-purva-macibu-taka\/\">RMK Nigulas purva m\u0101c\u012bbu taka<\/a> (6 km),<\/li><li><a href=\"https:\/\/visitparnu.com\/lv\/objekt\/kolgas-dabas-macibu-taka\/\">RMK Kolgas dabas m\u0101c\u012bbu taka<\/a> (1,5 km ja 3,5 km),<\/li><li><a href=\"https:\/\/visitparnu.com\/lv\/objekt\/laiksares-palienu-mezu-macibu-taka\/\">RMK Laiks\u0101res palie\u0146u me\u017eu m\u0101c\u012bbu taka<\/a> (2 km) ,<\/li><li><a href=\"https:\/\/visitparnu.com\/lv\/objekt\/rmk-kabli-dabas-macibu-taka\/\">RMK Kabli dabas m\u0101c\u012bbu taka<\/a> (1,8 km),<\/li><li><a href=\"https:\/\/visitparnu.com\/lv\/objekt\/pernavas-piekrastes-plavu-pargajienu-taka\/\">P\u0113rnavas piekrastes p\u013cavu p\u0101rg\u0101jienu taka<\/a> (600 m),<\/li><li><a href=\"https:\/\/visitparnu.com\/lv\/pernavas-mols\/\">Jauna laipu taka l\u012bdz molam un P\u0113rnavas<\/a><br \/>mols (400 m ja 2,5 km),<\/li><li><a href=\"https:\/\/visitparnu.com\/lv\/objekt\/atputas-centra-koveri-pargajienu-taka\/\">Atp\u016btas centra \u201cK\u00f5veri\u201d p\u0101rg\u0101jienu taka<\/a> (6 km),<\/li><li><a href=\"https:\/\/visitparnu.com\/lv\/objekt\/kaismas-veselibas-taka\/\">Kaismas vesel\u012bbas taka<\/a> (6 km).<\/li><\/ul>\t\t\t\t\t\t\t\t<\/div>\n\t\t\t\t<div class=\"elementor-element elementor-element-e5981ab elementor-widget elementor-widget-image\" data-id=\"e5981ab\" data-element_type=\"widget\" data-e-type=\"widget\" data-widget_type=\"image.default\">\n\t\t\t\t\t\t\t\t\t\t\t\t\t\t\t<img fetchpriority=\"high\" decoding=\"async\" width=\"768\" height=\"512\" src=\"https:\/\/visitparnu.com\/wp-content\/uploads\/2022\/11\/Suitsu-vaatetorn-e1597323278508-768x512.jpg\" class=\"attachment-medium_large size-medium_large wp-image-4918966\" alt=\"\" srcset=\"https:\/\/visitparnu.com\/wp-content\/uploads\/2022\/11\/Suitsu-vaatetorn-e1597323278508-768x512.jpg 768w, https:\/\/visitparnu.com\/wp-content\/uploads\/2022\/11\/Suitsu-vaatetorn-e1597323278508-300x200.jpg 300w, https:\/\/visitparnu.com\/wp-content\/uploads\/2022\/11\/Suitsu-vaatetorn-e1597323278508.jpg 1000w\" sizes=\"(max-width: 768px) 100vw, 768px\" \/>\t\t\t\t\t\t\t\t\t\t\t\t\t\t\t<\/div>\n\t\t\t\t<div class=\"elementor-element elementor-element-55691d8 elementor-widget elementor-widget-text-editor\" data-id=\"55691d8\" data-element_type=\"widget\" data-e-type=\"widget\" data-widget_type=\"text-editor.default\">\n\t\t\t\t\t\t\t\t\t<p>P\u0113rnav\u0101<strong> ir vair\u0101k nek\u0101 18 p\u0101rg\u0101jienu un m\u0101c\u012bbu taku<\/strong>, kas pied\u0101v\u0101 daudzpus\u012bgas atp\u016btas iesp\u0113jas dab\u0101. P\u0101rg\u0101jienu taku izveides m\u0113r\u0137is ir \u013caut interesentiem iepaz\u012bt dabu, nenodarot tai p\u0101ri. Turkl\u0101t P\u0113rnavas apri\u0146\u0137i \u0161\u0137\u0113rso Piekrastes p\u0101rg\u0101jienu taka (<a href=\"https:\/\/baltictrails.eu\/lv\/coastal?lang=lv\">J\u016brtaka<\/a>), kas s\u0101kas Nid\u0101 un vijas gar Baltijas j\u016bras krastu.<\/p><p>P\u0101rg\u0101jienu takas ir viegli izejamas un p\u0101rsvar\u0101 vis\u0101s ce\u013c\u0161 dro\u0161i atved atpaka\u013c s\u0101kumpunkt\u0101. <strong>Me\u017ea tak\u0101s var sastapt da\u017e\u0101dus mazus un lielus me\u017ea iem\u012btniekus<\/strong> ros\u0101mies savos mitek\u013cos. P\u0113rnavas apri\u0146\u0137a p\u0101rg\u0101jienu takas aizved gan l\u012bdz nacion\u0101lajiem parkiem (Matsalu un Som\u0101) un purviem, gan l\u012bdz ciemiem un j\u016brmalas p\u013cav\u0101m. Daudz\u0101s p\u0101rg\u0101jienu tak\u0101s ir ar\u012b skatu tor\u0146i, kas pied\u0101v\u0101 pasakainu baud\u012bjumu gan b\u0113rniem, gan pieaugu\u0161ajiem.<\/p><p><strong>Popul\u0101r\u0101k\u0101s takas<\/strong> P\u0113rnav\u0101 ir Tolkuses un R\u012bsas p\u0101rg\u0101jienu takas. Som\u0101 eso\u0161o R\u012bsas purva p\u0101rg\u0101jienu taku par \u012bpa\u0161u padara platais laipu ce\u013c\u0161, kas to rada pieejamu ikvienam, taj\u0101 skait\u0101 braucot ar b\u0113rnu rati\u0146iem, k\u0101 ar\u012b p\u0101rvietojoties rati\u0146kr\u0113sl\u0101.<\/p>\t\t\t\t\t\t\t\t<\/div>\n\t\t\t\t<div class=\"elementor-element elementor-element-46f00b4 elementor-widget elementor-widget-image\" data-id=\"46f00b4\" data-element_type=\"widget\" data-e-type=\"widget\" data-widget_type=\"image.default\">\n\t\t\t\t\t\t\t\t\t\t\t\t\t\t\t<img decoding=\"async\" width=\"768\" height=\"512\" src=\"https:\/\/visitparnu.com\/wp-content\/uploads\/2022\/11\/Riisa-raba-e1597323378574-768x512.jpg\" class=\"attachment-medium_large size-medium_large wp-image-4918753\" alt=\"Riisa raba\" srcset=\"https:\/\/visitparnu.com\/wp-content\/uploads\/2022\/11\/Riisa-raba-e1597323378574-768x512.jpg 768w, https:\/\/visitparnu.com\/wp-content\/uploads\/2022\/11\/Riisa-raba-e1597323378574-300x200.jpg 300w, https:\/\/visitparnu.com\/wp-content\/uploads\/2022\/11\/Riisa-raba-e1597323378574.jpg 1000w\" sizes=\"(max-width: 768px) 100vw, 768px\" \/>\t\t\t\t\t\t\t\t\t\t\t\t\t\t\t<\/div>\n\t\t\t\t<\/div>\n\t\t<div class=\"elementor-element elementor-element-30c26c7 e-con-full e-flex e-con e-parent\" data-id=\"30c26c7\" data-element_type=\"container\" data-e-type=\"container\">\n\t\t\t\t<div class=\"elementor-element elementor-element-7dcea31 elementor-widget elementor-widget-text-editor\" data-id=\"7dcea31\" data-element_type=\"widget\" data-e-type=\"widget\" data-widget_type=\"text-editor.default\">\n\t\t\t\t\t\t\t\t\t<h2>P\u0101rg\u0101jienu taku apraksti<\/h2><p><strong>Kabli dabas m\u0101c\u012bbu tak\u0101<\/strong> iesp\u0113jams apciemot Kabli apmekl\u0113t\u0101ju centru, ko ieskauj prie\u017eu puduris. Tuvum\u0101 atrodas ar\u012b Kabli putnu stacija un Pr\u012bvitsas ugunskura vieta \u2013 taj\u0101 var iekurt ugunskuru un iestiprin\u0101ties.<\/p><p><strong>Kilingi-Nemmes me\u017ea tak\u0101<\/strong> iek\u013cauts Igaunijas Valsts me\u017eu izveidotais me\u017ea nami\u0146\u0161, kas naktsm\u012btni var sniegt 6 cilv\u0113kiem.<\/p><p><strong>Kolgas dabas m\u0101c\u012bbu taka<\/strong> ir ide\u0101la vieta, lai organiz\u0113tu \u012bsos p\u0101rg\u0101jienus un m\u0101c\u012bbu ekskursijas.<\/p><p><strong>Laiks\u0101res dabas tak\u0101<\/strong> iesp\u0113jams p\u0101rbaud\u012bt savas zin\u0101\u0161anas, piedaloties pr\u0101ta sp\u0113l\u0113, un izbaud\u012bt Igaunij\u0101 reti sastopamo palienes me\u017eu.<\/p><p><strong>Penij\u0113 p\u0101rg\u0101jienu taka<\/strong>, kas aizs\u0101kas pie Matsalu Nacion\u0101l\u0101 parka apmekl\u0113t\u0101ju centra, pied\u0101v\u0101 da\u017e\u0101das p\u0101rvieto\u0161an\u0101s iesp\u0113jas, skatu tornis \u013cauj v\u0113rot vienu no putniem bag\u0101t\u0101kaj\u0101m viet\u0101m Eirop\u0101. Net\u0101lu no Penij\u0113 pieejamas ar\u012b vair\u0101kas citas Igaunijas Valsts me\u017eu veidot\u0101s p\u0101rg\u0101jienu takas.<\/p><p>Nigulas dabas liegum\u0101 atrodas <strong>Nigulas purva m\u0101c\u012bbu taka<\/strong>, kur skatu torn\u012b labi v\u0113rot purva iem\u012btnieku darbo\u0161anos. Sokuningas dabas liegum\u0101, net\u0101lu no Latvijas robe\u017eas, atrodas <strong>Sandras p\u0101rg\u0101jienu taka<\/strong>, kur me\u017ea nami\u0146\u0101 var \u013cauties rimtai atp\u016btai.<\/p><p>Lai izietu <strong>Rannametsas-Tolkuses m\u0101c\u012bbu taku<\/strong>, nepiecie\u0161amas apm\u0113ram 1,5\u20132 stundas, taj\u0101 ir 18 metrus augsts skatu tornis, no kura paveras pasakains skats uz H\u0113dem\u0113stes j\u016brmalas p\u013cavu un P\u0113rnavas l\u012bci, k\u0101 ar\u012b Tolkuses purvu.<\/p><p><strong>R\u012bsas m\u0101c\u012bbu taka<\/strong> pied\u0101v\u0101 iesp\u0113ju izbaud\u012bt purva klusumu, uzk\u0101pt skatu torn\u012b un uzsp\u0113l\u0113t interakt\u012bvu pr\u0101ta sp\u0113li.<\/p><p><strong>Matsi ostas atp\u016btas zon\u0101<\/strong> var veikt \u012bsu pastaigu (250 m) uz ostas piest\u0101tni, kur baud\u012bt gleznainu j\u016bras ainavu. Taku var apmekl\u0113t ar\u012b rati\u0146kr\u0113sl\u0101, t\u0101pat pieejama tualete cilv\u0113kiem ar kust\u012bbu trauc\u0113jumiem.<\/p><p>P\u0101rg\u0101jienu takas iesp\u0113jams apmekl\u0113t ar\u012b pils\u0113t\u0101: <strong>P\u0113rnavas piekrastes p\u013cav\u0101<\/strong> var uzk\u0101pt skatu torn\u012b un doties pastaig\u0101 virs appl\u016bdu\u0161\u0101m p\u013cav\u0101m, <strong>Tammistes me\u017ea taka<\/strong> lieliski piem\u0113rota gan mier\u012bg\u0101m pastaig\u0101m, gan vesel\u012bbu uzlabojo\u0161iem treni\u0146iem dab\u0101. Gar P\u0113rnavas upes krastu vijas <strong>laipu taka l\u012bdz P\u0113rnavas molam<\/strong>.<\/p>\t\t\t\t\t\t\t\t<\/div>\n\t\t\t\t<div class=\"elementor-element elementor-element-0bed71d elementor-widget elementor-widget-image\" data-id=\"0bed71d\" data-element_type=\"widget\" data-e-type=\"widget\" data-widget_type=\"image.default\">\n\t\t\t\t\t\t\t\t\t\t\t\t\t\t\t<img decoding=\"async\" width=\"768\" height=\"511\" src=\"https:\/\/visitparnu.com\/wp-content\/uploads\/2022\/11\/Parnu-raatsamatk-e1597322707869-768x511.jpg\" class=\"attachment-medium_large size-medium_large wp-image-4918967\" alt=\"\" srcset=\"https:\/\/visitparnu.com\/wp-content\/uploads\/2022\/11\/Parnu-raatsamatk-e1597322707869-768x511.jpg 768w, https:\/\/visitparnu.com\/wp-content\/uploads\/2022\/11\/Parnu-raatsamatk-e1597322707869-300x200.jpg 300w, https:\/\/visitparnu.com\/wp-content\/uploads\/2022\/11\/Parnu-raatsamatk-e1597322707869.jpg 1000w\" sizes=\"(max-width: 768px) 100vw, 768px\" \/>\t\t\t\t\t\t\t\t\t\t\t\t\t\t\t<\/div>\n\t\t\t\t<div class=\"elementor-element elementor-element-9f022a9 elementor-widget elementor-widget-text-editor\" data-id=\"9f022a9\" data-element_type=\"widget\" data-e-type=\"widget\" data-widget_type=\"text-editor.default\">\n\t\t\t\t\t\t\t\t\t<h2>Purva takas<\/h2><p>Daudzas p\u0101rg\u0101jienu takas atrodas purvos, un taj\u0101s iesp\u0113jams p\u0101rvietoties gan pa laipu ce\u013cu, gan brist pa purvu ar sniega kurp\u0113m. Gida pavad\u012bb\u0101 var \u013cauties pasakain\u0101s Igaunijas atkl\u0101\u0161anai un uzzin\u0101t par P\u0113rnavas apri\u0146\u0137a dabas \u012bpatn\u012bb\u0101m. P\u0101rg\u0101jieni ar sniega kurp\u0113m ir labs veids, k\u0101 p\u0101rvietoties purv\u0101, nekait\u0113jot dabai.<\/p><h2>Atceries \u2013 no 15. apr\u012b\u013ca l\u012bdz 15. j\u016bnijam me\u017e\u0101 ir sp\u0113k\u0101 koku cir\u0161anas lieguma periods!<\/h2><p>\u0160aj\u0101 laik\u0101 tiek aptur\u0113ti pavasara cir\u0161anas darbi, kas trauc\u0113 putnu ligzdo\u0161anai un nav v\u0113lami me\u017ea zv\u0113riem. \u0160aj\u0101 period\u0101 darbojas ar\u012b Som\u0101 re\u0123ion\u0101 aizs\u0101cies <strong>\u201csniega kurpju liegums\u201d<\/strong>, kad aizsarg\u0101jamo dabas teritoriju purvos p\u0101rvieto\u0161an\u0101s ar sniega kurp\u0113m nav ieteicama.<\/p><h2>Uzved\u012bba p\u0101rg\u0101jienu tak\u0101<\/h2><ul><li>\u2022 P\u0101rdom\u0101, kurp dodies un ko dari!<br \/>\u2022 Iepaz\u012bsti iecer\u0113to apkaimi vispirms internet\u0101!<br \/>\u2022 Iev\u0113ro sabiedrisk\u0101s k\u0101rt\u012bbas noteikumus!<br \/>\u2022 P\u0101rvietojies pa eso\u0161ajiem ce\u013ciem un tak\u0101m!<br \/>\u2022 Netrauc\u0113 citus apmekl\u0113t\u0101jus un me\u017ea iem\u012btniekus!<br \/>\u2022 Neatst\u0101j aiz sevis atkritumus!<br \/>\u2022 Uzslej telti un kurini ugunskuru tam paredz\u0113t\u0101s viet\u0101s!<\/li><\/ul>\t\t\t\t\t\t\t\t<\/div>\n\t\t\t\t<\/div>\n\t\t\t\t\t<\/div>\n\t\t\t\t<\/div>\n\t\t\t\t<\/div>\n\t\t","protected":false},"excerpt":{"rendered":"<p>P\u0113rnavas p\u0101rg\u0101jienu takas atrodas \u013coti skaist\u0101s dabas objektu ieskaut\u0101s viet\u0101s. Pastaiga dab\u0101 pal\u012bdz\u0113s patverties no pils\u0113tas k\u0146adas un \u013caus izbaud\u012bt gleznain\u0101s ainavas. Lai akt\u012bvi pavad\u012btu br\u012bvo laiku, atliek vien nedaudz izbraukt no pils\u0113tas un uzmekl\u0113t k\u0101du p\u0101rg\u0101jienu taku. Pieejamas da\u017e\u0101da garuma un da\u017e\u0101du veidu takas. P\u0113rnavas dabas teritorij\u0101s iesp\u0113jams uzsliet teltis, v\u0113rot putnus, doties pastaig\u0101 [&hellip;]<\/p>\n","protected":false},"author":1,"featured_media":4918966,"parent":0,"menu_order":0,"comment_status":"closed","ping_status":"closed","template":"","meta":{"_acf_changed":false,"footnotes":""},"class_list":["post-4937536","page","type-page","status-publish","has-post-thumbnail","hentry"],"acf":[],"yoast_head":"<!-- This site is optimized with the Yoast SEO plugin v27.3 - https:\/\/yoast.com\/product\/yoast-seo-wordpress\/ -->\n<title>P\u0101rg\u0101jienu takas - Visit P\u00e4rnu<\/title>\n<meta name=\"robots\" content=\"index, follow, max-snippet:-1, max-image-preview:large, max-video-preview:-1\" \/>\n<link rel=\"canonical\" href=\"https:\/\/visitparnu.com\/lv\/pargajienu-takas\/\" \/>\n<meta property=\"og:locale\" content=\"lv_LV\" \/>\n<meta property=\"og:type\" content=\"article\" \/>\n<meta property=\"og:title\" content=\"P\u0101rg\u0101jienu takas - Visit P\u00e4rnu\" \/>\n<meta property=\"og:description\" content=\"P\u0113rnavas p\u0101rg\u0101jienu takas atrodas \u013coti skaist\u0101s dabas objektu ieskaut\u0101s viet\u0101s. Pastaiga dab\u0101 pal\u012bdz\u0113s patverties no pils\u0113tas k\u0146adas un \u013caus izbaud\u012bt gleznain\u0101s ainavas. Lai akt\u012bvi pavad\u012btu br\u012bvo laiku, atliek vien nedaudz izbraukt no pils\u0113tas un uzmekl\u0113t k\u0101du p\u0101rg\u0101jienu taku. Pieejamas da\u017e\u0101da garuma un da\u017e\u0101du veidu takas. P\u0113rnavas dabas teritorij\u0101s iesp\u0113jams uzsliet teltis, v\u0113rot putnus, doties pastaig\u0101 [&hellip;]\" \/>\n<meta property=\"og:url\" content=\"https:\/\/visitparnu.com\/lv\/pargajienu-takas\/\" \/>\n<meta property=\"og:site_name\" content=\"Visit P\u00e4rnu\" \/>\n<meta property=\"article:publisher\" content=\"https:\/\/www.facebook.com\/visitparnuEE\/\" \/>\n<meta property=\"article:modified_time\" content=\"2023-01-16T12:44:58+00:00\" \/>\n<meta property=\"og:image\" content=\"https:\/\/visitparnu.com\/wp-content\/uploads\/2022\/11\/Suitsu-vaatetorn-e1597323278508.jpg\" \/>\n\t<meta property=\"og:image:width\" content=\"1000\" \/>\n\t<meta property=\"og:image:height\" content=\"667\" \/>\n\t<meta property=\"og:image:type\" content=\"image\/jpeg\" \/>\n<meta name=\"twitter:card\" content=\"summary_large_image\" \/>\n<meta name=\"twitter:label1\" content=\"Est. reading time\" \/>\n\t<meta name=\"twitter:data1\" content=\"5 minutes\" \/>\n<script type=\"application\/ld+json\" class=\"yoast-schema-graph\">{\"@context\":\"https:\\\/\\\/schema.org\",\"@graph\":[{\"@type\":\"WebPage\",\"@id\":\"https:\\\/\\\/visitparnu.com\\\/lv\\\/pargajienu-takas\\\/\",\"url\":\"https:\\\/\\\/visitparnu.com\\\/lv\\\/pargajienu-takas\\\/\",\"name\":\"P\u0101rg\u0101jienu takas - Visit P\u00e4rnu\",\"isPartOf\":{\"@id\":\"https:\\\/\\\/visitparnu.com\\\/lv\\\/#website\"},\"primaryImageOfPage\":{\"@id\":\"https:\\\/\\\/visitparnu.com\\\/lv\\\/pargajienu-takas\\\/#primaryimage\"},\"image\":{\"@id\":\"https:\\\/\\\/visitparnu.com\\\/lv\\\/pargajienu-takas\\\/#primaryimage\"},\"thumbnailUrl\":\"https:\\\/\\\/visitparnu.com\\\/wp-content\\\/uploads\\\/2022\\\/11\\\/Suitsu-vaatetorn-e1597323278508.jpg\",\"datePublished\":\"2020-08-13T10:43:23+00:00\",\"dateModified\":\"2023-01-16T12:44:58+00:00\",\"breadcrumb\":{\"@id\":\"https:\\\/\\\/visitparnu.com\\\/lv\\\/pargajienu-takas\\\/#breadcrumb\"},\"inLanguage\":\"lv-LV\",\"potentialAction\":[{\"@type\":\"ReadAction\",\"target\":[\"https:\\\/\\\/visitparnu.com\\\/lv\\\/pargajienu-takas\\\/\"]}]},{\"@type\":\"ImageObject\",\"inLanguage\":\"lv-LV\",\"@id\":\"https:\\\/\\\/visitparnu.com\\\/lv\\\/pargajienu-takas\\\/#primaryimage\",\"url\":\"https:\\\/\\\/visitparnu.com\\\/wp-content\\\/uploads\\\/2022\\\/11\\\/Suitsu-vaatetorn-e1597323278508.jpg\",\"contentUrl\":\"https:\\\/\\\/visitparnu.com\\\/wp-content\\\/uploads\\\/2022\\\/11\\\/Suitsu-vaatetorn-e1597323278508.jpg\",\"width\":1000,\"height\":667},{\"@type\":\"BreadcrumbList\",\"@id\":\"https:\\\/\\\/visitparnu.com\\\/lv\\\/pargajienu-takas\\\/#breadcrumb\",\"itemListElement\":[{\"@type\":\"ListItem\",\"position\":1,\"name\":\"\",\"item\":\"https:\\\/\\\/visitparnu.com\\\/lv\\\/\"},{\"@type\":\"ListItem\",\"position\":2,\"name\":\"P\u0101rg\u0101jienu takas\"}]},{\"@type\":\"WebSite\",\"@id\":\"https:\\\/\\\/visitparnu.com\\\/lv\\\/#website\",\"url\":\"https:\\\/\\\/visitparnu.com\\\/lv\\\/\",\"name\":\"Visit P\u00e4rnu\",\"description\":\"\",\"publisher\":{\"@id\":\"https:\\\/\\\/visitparnu.com\\\/lv\\\/#organization\"},\"potentialAction\":[{\"@type\":\"SearchAction\",\"target\":{\"@type\":\"EntryPoint\",\"urlTemplate\":\"https:\\\/\\\/visitparnu.com\\\/lv\\\/?s={search_term_string}\"},\"query-input\":{\"@type\":\"PropertyValueSpecification\",\"valueRequired\":true,\"valueName\":\"search_term_string\"}}],\"inLanguage\":\"lv-LV\"},{\"@type\":\"Organization\",\"@id\":\"https:\\\/\\\/visitparnu.com\\\/lv\\\/#organization\",\"name\":\"Visit P\u00e4rnu\",\"url\":\"https:\\\/\\\/visitparnu.com\\\/lv\\\/\",\"logo\":{\"@type\":\"ImageObject\",\"inLanguage\":\"lv-LV\",\"@id\":\"https:\\\/\\\/visitparnu.com\\\/lv\\\/#\\\/schema\\\/logo\\\/image\\\/\",\"url\":\"https:\\\/\\\/visitparnu.com\\\/wp-content\\\/uploads\\\/2022\\\/11\\\/VP_logo.svg\",\"contentUrl\":\"https:\\\/\\\/visitparnu.com\\\/wp-content\\\/uploads\\\/2022\\\/11\\\/VP_logo.svg\",\"width\":305,\"height\":33,\"caption\":\"Visit P\u00e4rnu\"},\"image\":{\"@id\":\"https:\\\/\\\/visitparnu.com\\\/lv\\\/#\\\/schema\\\/logo\\\/image\\\/\"},\"sameAs\":[\"https:\\\/\\\/www.facebook.com\\\/visitparnuEE\\\/\",\"https:\\\/\\\/www.youtube.com\\\/user\\\/visitparnuestonia\\\/\",\"https:\\\/\\\/www.instagram.com\\\/visitparnu\\\/\"]}]}<\/script>\n<!-- \/ Yoast SEO plugin. -->","yoast_head_json":{"title":"P\u0101rg\u0101jienu takas - Visit P\u00e4rnu","robots":{"index":"index","follow":"follow","max-snippet":"max-snippet:-1","max-image-preview":"max-image-preview:large","max-video-preview":"max-video-preview:-1"},"canonical":"https:\/\/visitparnu.com\/lv\/pargajienu-takas\/","og_locale":"lv_LV","og_type":"article","og_title":"P\u0101rg\u0101jienu takas - Visit P\u00e4rnu","og_description":"P\u0113rnavas p\u0101rg\u0101jienu takas atrodas \u013coti skaist\u0101s dabas objektu ieskaut\u0101s viet\u0101s. Pastaiga dab\u0101 pal\u012bdz\u0113s patverties no pils\u0113tas k\u0146adas un \u013caus izbaud\u012bt gleznain\u0101s ainavas. Lai akt\u012bvi pavad\u012btu br\u012bvo laiku, atliek vien nedaudz izbraukt no pils\u0113tas un uzmekl\u0113t k\u0101du p\u0101rg\u0101jienu taku. Pieejamas da\u017e\u0101da garuma un da\u017e\u0101du veidu takas. P\u0113rnavas dabas teritorij\u0101s iesp\u0113jams uzsliet teltis, v\u0113rot putnus, doties pastaig\u0101 [&hellip;]","og_url":"https:\/\/visitparnu.com\/lv\/pargajienu-takas\/","og_site_name":"Visit P\u00e4rnu","article_publisher":"https:\/\/www.facebook.com\/visitparnuEE\/","article_modified_time":"2023-01-16T12:44:58+00:00","og_image":[{"width":1000,"height":667,"url":"https:\/\/visitparnu.com\/wp-content\/uploads\/2022\/11\/Suitsu-vaatetorn-e1597323278508.jpg","type":"image\/jpeg"}],"twitter_card":"summary_large_image","twitter_misc":{"Est. reading time":"5 minutes"},"schema":{"@context":"https:\/\/schema.org","@graph":[{"@type":"WebPage","@id":"https:\/\/visitparnu.com\/lv\/pargajienu-takas\/","url":"https:\/\/visitparnu.com\/lv\/pargajienu-takas\/","name":"P\u0101rg\u0101jienu takas - Visit P\u00e4rnu","isPartOf":{"@id":"https:\/\/visitparnu.com\/lv\/#website"},"primaryImageOfPage":{"@id":"https:\/\/visitparnu.com\/lv\/pargajienu-takas\/#primaryimage"},"image":{"@id":"https:\/\/visitparnu.com\/lv\/pargajienu-takas\/#primaryimage"},"thumbnailUrl":"https:\/\/visitparnu.com\/wp-content\/uploads\/2022\/11\/Suitsu-vaatetorn-e1597323278508.jpg","datePublished":"2020-08-13T10:43:23+00:00","dateModified":"2023-01-16T12:44:58+00:00","breadcrumb":{"@id":"https:\/\/visitparnu.com\/lv\/pargajienu-takas\/#breadcrumb"},"inLanguage":"lv-LV","potentialAction":[{"@type":"ReadAction","target":["https:\/\/visitparnu.com\/lv\/pargajienu-takas\/"]}]},{"@type":"ImageObject","inLanguage":"lv-LV","@id":"https:\/\/visitparnu.com\/lv\/pargajienu-takas\/#primaryimage","url":"https:\/\/visitparnu.com\/wp-content\/uploads\/2022\/11\/Suitsu-vaatetorn-e1597323278508.jpg","contentUrl":"https:\/\/visitparnu.com\/wp-content\/uploads\/2022\/11\/Suitsu-vaatetorn-e1597323278508.jpg","width":1000,"height":667},{"@type":"BreadcrumbList","@id":"https:\/\/visitparnu.com\/lv\/pargajienu-takas\/#breadcrumb","itemListElement":[{"@type":"ListItem","position":1,"name":"","item":"https:\/\/visitparnu.com\/lv\/"},{"@type":"ListItem","position":2,"name":"P\u0101rg\u0101jienu takas"}]},{"@type":"WebSite","@id":"https:\/\/visitparnu.com\/lv\/#website","url":"https:\/\/visitparnu.com\/lv\/","name":"Visit P\u00e4rnu","description":"","publisher":{"@id":"https:\/\/visitparnu.com\/lv\/#organization"},"potentialAction":[{"@type":"SearchAction","target":{"@type":"EntryPoint","urlTemplate":"https:\/\/visitparnu.com\/lv\/?s={search_term_string}"},"query-input":{"@type":"PropertyValueSpecification","valueRequired":true,"valueName":"search_term_string"}}],"inLanguage":"lv-LV"},{"@type":"Organization","@id":"https:\/\/visitparnu.com\/lv\/#organization","name":"Visit P\u00e4rnu","url":"https:\/\/visitparnu.com\/lv\/","logo":{"@type":"ImageObject","inLanguage":"lv-LV","@id":"https:\/\/visitparnu.com\/lv\/#\/schema\/logo\/image\/","url":"https:\/\/visitparnu.com\/wp-content\/uploads\/2022\/11\/VP_logo.svg","contentUrl":"https:\/\/visitparnu.com\/wp-content\/uploads\/2022\/11\/VP_logo.svg","width":305,"height":33,"caption":"Visit P\u00e4rnu"},"image":{"@id":"https:\/\/visitparnu.com\/lv\/#\/schema\/logo\/image\/"},"sameAs":["https:\/\/www.facebook.com\/visitparnuEE\/","https:\/\/www.youtube.com\/user\/visitparnuestonia\/","https:\/\/www.instagram.com\/visitparnu\/"]}]}},"_links":{"self":[{"href":"https:\/\/visitparnu.com\/lv\/wp-json\/wp\/v2\/pages\/4937536","targetHints":{"allow":["GET"]}}],"collection":[{"href":"https:\/\/visitparnu.com\/lv\/wp-json\/wp\/v2\/pages"}],"about":[{"href":"https:\/\/visitparnu.com\/lv\/wp-json\/wp\/v2\/types\/page"}],"author":[{"embeddable":true,"href":"https:\/\/visitparnu.com\/lv\/wp-json\/wp\/v2\/users\/1"}],"replies":[{"embeddable":true,"href":"https:\/\/visitparnu.com\/lv\/wp-json\/wp\/v2\/comments?post=4937536"}],"version-history":[{"count":14,"href":"https:\/\/visitparnu.com\/lv\/wp-json\/wp\/v2\/pages\/4937536\/revisions"}],"predecessor-version":[{"id":4955117,"href":"https:\/\/visitparnu.com\/lv\/wp-json\/wp\/v2\/pages\/4937536\/revisions\/4955117"}],"wp:featuredmedia":[{"embeddable":true,"href":"https:\/\/visitparnu.com\/lv\/wp-json\/wp\/v2\/media\/4918966"}],"wp:attachment":[{"href":"https:\/\/visitparnu.com\/lv\/wp-json\/wp\/v2\/media?parent=4937536"}],"curies":[{"name":"wp","href":"https:\/\/api.w.org\/{rel}","templated":true}]}}