{"id":4937505,"date":"2020-03-17T09:42:03","date_gmt":"2020-03-17T07:42:03","guid":{"rendered":"https:\/\/visitparnu.com\/pernavas-pludmale\/"},"modified":"2024-06-29T17:55:25","modified_gmt":"2024-06-29T15:55:25","slug":"pernavas-pludmale","status":"publish","type":"page","link":"https:\/\/visitparnu.com\/lv\/pernavas-pludmale\/","title":{"rendered":"P\u0113rnavas pludmale"},"content":{"rendered":"\t\t<div data-elementor-type=\"wp-page\" data-elementor-id=\"4937505\" class=\"elementor elementor-4937505 elementor-4936711\" data-elementor-post-type=\"page\">\n\t\t\t\t<div class=\"elementor-element elementor-element-4647b9c content-two-col-block e-flex e-con-boxed e-con e-parent\" data-id=\"4647b9c\" data-element_type=\"container\" data-e-type=\"container\">\n\t\t\t\t\t<div class=\"e-con-inner\">\n\t\t<div class=\"elementor-element elementor-element-02f22e5 e-con-full e-flex e-con e-child\" data-id=\"02f22e5\" data-element_type=\"container\" data-e-type=\"container\">\n\t\t\t\t<div class=\"elementor-element elementor-element-d4168db elementor-widget elementor-widget-text-editor\" data-id=\"d4168db\" data-element_type=\"widget\" data-e-type=\"widget\" data-widget_type=\"text-editor.default\">\n\t\t\t\t\t\t\t\t\t<p>P\u0113rnavas pludmale atrodas tikai piecpadsmit min\u016b\u0161u pastaigas att\u0101lum\u0101 no pils\u0113tas centra. Pateicoties seklajam un \u0101tri sasilsto\u0161ajam \u016bdenim, P\u0113rnavas pludmale ir lieliska vieta peld\u0113\u0161anai. Silt\u0101s vasaras dien\u0101s \u016bdens temperat\u016bra \u0161eit var sasniegt pat 30 gr\u0101dus. \u016adens temperat\u016bras siltuma rekords P\u0113rnavas pludmal\u0113 2010. gad\u0101 bija 33\u00b0C!<\/p><p>P\u0113rnav\u0101 ir apm\u0113ram 2 kilometrus gara piekrastes l\u012bnija, un tas noz\u012bm\u0113, ka vietas pietiek visiem vasaras baud\u012bt\u0101jiem. Vispopul\u0101r\u0101k\u0101 zona atrodas pie pludmales \u0113kas \u201cRannahoone\u201d. P\u0113rnava izce\u013cas ar\u012b ar to, ka papildus centr\u0101lajai pludmalei, upes gr\u012bvas pus\u0113, pieejama ar\u012b sievie\u0161u pludmale.<\/p>\t\t\t\t\t\t\t\t<\/div>\n\t\t\t\t<div class=\"elementor-element elementor-element-839cfc5 elementor-widget elementor-widget-image\" data-id=\"839cfc5\" data-element_type=\"widget\" data-e-type=\"widget\" data-widget_type=\"image.default\">\n\t\t\t\t\t\t\t\t\t\t\t\t\t\t\t<img fetchpriority=\"high\" decoding=\"async\" width=\"1024\" height=\"682\" src=\"https:\/\/visitparnu.com\/wp-content\/uploads\/2022\/11\/Naiste-rand-Parnu-1024x682.jpg\" class=\"attachment-large size-large wp-image-4918935\" alt=\"\" srcset=\"https:\/\/visitparnu.com\/wp-content\/uploads\/2022\/11\/Naiste-rand-Parnu-1024x682.jpg 1024w, https:\/\/visitparnu.com\/wp-content\/uploads\/2022\/11\/Naiste-rand-Parnu-300x200.jpg 300w, https:\/\/visitparnu.com\/wp-content\/uploads\/2022\/11\/Naiste-rand-Parnu-768x512.jpg 768w, https:\/\/visitparnu.com\/wp-content\/uploads\/2022\/11\/Naiste-rand-Parnu-1536x1023.jpg 1536w, https:\/\/visitparnu.com\/wp-content\/uploads\/2022\/11\/Naiste-rand-Parnu.jpg 1732w\" sizes=\"(max-width: 1024px) 100vw, 1024px\" \/>\t\t\t\t\t\t\t\t\t\t\t\t\t\t\t<\/div>\n\t\t\t\t<div class=\"elementor-element elementor-element-86c156b elementor-widget elementor-widget-text-editor\" data-id=\"86c156b\" data-element_type=\"widget\" data-e-type=\"widget\" data-widget_type=\"text-editor.default\">\n\t\t\t\t\t\t\t\t\t<h2><strong>Gl\u0101b\u0113ji<\/strong><\/h2><p>P\u0113rnavas pludmal\u0113 gl\u0101b\u0113ji str\u0101d\u0101 no 1. j\u016bnija l\u012bdz 31. augustam. Gl\u0101b\u0113ju darb\u012bbas zona ietver teritoriju starp Side ielas pagarin\u0101jumu un sievie\u0161u pludmali. B\u0113rnu vec\u0101ki pie gl\u0101b\u0113jiem var sa\u0146emt rokasspr\u0101dzes, uz kur\u0101m uzrakst\u012bt t\u0101lru\u0146a numuru.<\/p><p>Pie gl\u0101b\u0113ju tor\u0146iem pl\u012bvojo\u0161ie karogi inform\u0113 par peld\u0113\u0161anas nosac\u012bjumiem:<\/p><ul><li>sarkans karogs br\u012bdina, ka peld\u0113\u0161ana visiem var b\u016bt b\u012bstama (auksts \u016bdens, slikti laikapst\u0101k\u013ci, a\u013c\u0123es vai cits pies\u0101r\u0146ojums),<\/li><li>dzeltens karogs zi\u0146o, ka \u016bden\u012b nedr\u012bkst\u0113tu iet mazi b\u0113rni, vec\u0101ki \u013caudis un cilv\u0113ki ar sliktu peld\u0113tprasmi,<\/li><li>za\u013c\u0161 karogs v\u0113sta, ka peld\u0113\u0161ana piem\u0113rota visiem.<\/li><\/ul><h2><strong>Aktivit\u0101tes pludmal\u0113<\/strong><\/h2><p>Skaistaj\u0101 P\u0113rnavas pludmal\u0113 pieejamas ar\u012b da\u017e\u0101das aktivit\u0101tes. Pie pludmales ir liels rota\u013cu laukums ar \u0161\u016bpol\u0113m, uz laukuma darbojas maza sald\u0113juma kafejn\u012bca. Atrakcijas izvietotas ar\u012b smil\u0161u pludmales zon\u0101, net\u0101lu pieejams batuts un mini golfs. T\u0101pat var nom\u0101t velosip\u0113dus, skrejrite\u0146us, mini automa\u0161\u012bnas un citu p\u0101rvieto\u0161an\u0101s invent\u0101ru.<\/p><p>Viens no iecien\u012bt\u0101kajiem akt\u012bv\u0101s atp\u016btas pavad\u012b\u0161anas veidiem P\u0113rnavas pludmal\u0113 ir s\u0113rfo\u0161ana. <strong>Pateicoties siltajam un seklajam \u016bdenim, k\u0101 ar\u012b smil\u0161ainajam j\u016bras dibenam, P\u0113rnavas pludmale atz\u012bta par lab\u0101ko Zieme\u013cvalstu pludmali, kur s\u0113rfo\u0161anu uzs\u0101kt. <\/strong>Side ielas pagarin\u0101juma beig\u0101s darbojas s\u0113rfo\u0161anas klubi, kas pied\u0101v\u0101 daudzveid\u012bgas iesp\u0113jas s\u0113rfo\u0161anai. <strong>Vasar\u0101 s\u0113rfo\u0161anas klubi organiz\u0113 vair\u0101kus aizraujo\u0161us pas\u0101kumus un koncertus.<\/strong><\/p><p>No jaunaj\u0101m \u0113stuv\u0113m Kuuse ielas ielok\u0101 ir atv\u0113rta Vidusj\u016bras stil\u0101 ietur\u0113ta pludmales kafejn\u012bca Oaas ar skaistu skatu uz j\u016bru un str\u016bklaku. Side ielas ielok\u0101 ir atv\u0113rts pludmales <a href=\"https:\/\/visitparnu.com\/lv\/objekt\/poko-restorans-pernava\/\" target=\"_blank\" rel=\"noopener\">restor\u0101ns POKO<\/a>, kura \u0113dienkart\u0113 ir picas ar dab\u012bgu ieraugu, j\u016bras veltes, viet\u0113j\u0101s zivis, vasaras su\u0161i un sal\u0101ti un, protams, koktei\u013ci.<\/p>\t\t\t\t\t\t\t\t<\/div>\n\t\t\t\t<\/div>\n\t\t<div class=\"elementor-element elementor-element-b82e06d e-con-full e-flex e-con e-child\" data-id=\"b82e06d\" data-element_type=\"container\" data-e-type=\"container\">\n\t\t\t\t<div class=\"elementor-element elementor-element-536d6e5 elementor-widget elementor-widget-text-editor\" data-id=\"536d6e5\" data-element_type=\"widget\" data-e-type=\"widget\" data-widget_type=\"text-editor.default\">\n\t\t\t\t\t\t\t\t\t<h2><strong>Automa\u0161\u012bnas novieto\u0161ana P\u0113rnavas pludmal\u0113<\/strong><\/h2><p>P\u0113rnavas pludmales ofici\u0101lajos st\u0101vlaukumos un ielas mal\u0101s laik\u0101 ir par maksu.<\/p><h3>Pludmales zona 01.05.\u201331.08<\/h3><ul><li>P\u2013Sv (ieskaitot nacion\u0101lo un valsts sv\u0113tku dienas) plkst. 8\u201319<\/li><li>1 stunda \u2013 5 \u20ac24 stundas \u2013 25 \u20ac<\/li><li>pirm\u0101s 30 min\u016btes \u2013 bez maksas<\/li><li>bi\u013cete \u0161aj\u0101 pa\u0161\u0101 period\u0101 der\u012bga ar\u012b vecpils\u0113tas un pils\u0113tas centra zon\u0101<\/li><li>m-autost\u0101vvietai zonas kods: PRAND30 (pirm\u0101s 30 min\u016btes bez maksas)<\/li><\/ul><h3>Pludmales zona 01.09.\u201330.04<\/h3><ul><li>P\u2013S (iz\u0146emot nacion\u0101lo un valsts sv\u0113tku dienas) plkst. 8\u201319; Sv \u2013 bez maksas<\/li><li>1 stunda \u2013 1 \u20ac<\/li><li>24 stundas \u2013 5 \u20ac<\/li><li>pirm\u0101s 60 min\u016btes \u2013 bez maksas<\/li><li>bi\u013cete \u0161aj\u0101 pa\u0161\u0101 period\u0101 der\u012bga ar\u012b pils\u0113tas centra zon\u0101<\/li><li>m-autost\u0101vvietai zonas kods: PRAND60 (pirm\u0101s 60 min\u016btes bez maksas)<\/li><\/ul><p>Autost\u0101vvietas bi\u013ceti var ieg\u0101d\u0101ties st\u0101vlaukumu autom\u0101tos,\u00a0<em>R<\/em>\u00a0kiosk\u0101 autoost\u0101 (Pikk 13), P\u0113rnavas r\u0101tsnam\u0101 (Suur-Sepa 16) un Pludmalse stadiona\u00a0<em>Rannastaadion<\/em>\u00a0inform\u0101cijas punkt\u0101 (Ranna pst 2).<\/p><p>St\u0101vlaukuma izmanto\u0161ana ar SMS pal\u012bdz\u012bbu iesp\u0113jama tikai tad, ja ir nosl\u0113gts l\u012bgums ar\u00a0<strong>Igaunijas mobilo sakaru operatoru<\/strong>.<\/p><p><strong>Papildus ofici\u0101lajiem st\u0101vlaukumiem pludmales zon\u0101 pieejami ar\u012b vair\u0101ki priv\u0101ti st\u0101vlaukumi, t\u0101d\u0113\u013c sekojiet informat\u012bvaj\u0101m izk\u0101rtn\u0113m un ce\u013caz\u012bm\u0113m.<\/strong><\/p><div class=\"flex flex-grow flex-col max-w-full\"><div class=\"min-h-[20px] text-message flex flex-col items-start whitespace-pre-wrap break-words [.text-message+&amp;]:mt-5 juice:w-full juice:items-end overflow-x-auto gap-2\" dir=\"auto\" data-message-author-role=\"assistant\" data-message-id=\"3c88f1b0-0a8f-4e13-970a-774476b1915c\"><div class=\"flex w-full flex-col gap-1 juice:empty:hidden juice:first:pt-[3px]\"><div class=\"markdown prose w-full break-words dark:prose-invert light\"><p><a href=\"https:\/\/visitparnu.com\/lv\/autostavvietas-pernava\/\">Lasiet vair\u0101k par autost\u0101vviet\u0101m P\u0113rnava.<\/a><\/p><\/div><\/div><\/div><\/div><h2>Labi zin\u0101t<\/h2><p>Sabiedrisk\u0101s tualetes pieejamas P\u0113rnavas pludmales \u0113k\u0101, aiz pludmales restor\u0101na \u201cSteffani\u201d un pie P\u0113rnavas s\u0113rfo\u0161anas centriem.<\/p><p>Papildus smil\u0161u pludmalei skaista pastaigu vieta visos gadalaikos sol\u0101s b\u016bt ar\u012b P\u0113rnavas pludmales promen\u0101d\u0113, kas s\u0101kas pie pludmales \u0113kas un beidzas pie s\u0113rfo\u0161anas centriem. T\u0101pat starp pludmali un pils\u0113tas centru ple\u0161as liels Pludmales parks, kur\u0101 nodoties rimtai pastaigai vai pat\u012bkamam braucienam ar velosip\u0113du. Vasaras sezon\u0101 bie\u017ei norisin\u0101s maz\u0101ki un liel\u0101ki pas\u0101kumi.<\/p><p>Ar\u012b arhitekt\u016bras interesentiem P\u0113rnavas pludmal\u0113 ir ko redz\u0113t:<\/p><ul><li>pludmales centr\u0101lo da\u013cu izdai\u013co 1938.\u00a0gad\u0101 b\u016bv\u0113t\u0101 pludmales \u0113ka \u201cRannahoone\u201d;<\/li><li>net\u0101lu no t\u0101s atrodas \u0161\u012b pa\u0161a laikmeta un arhitekta spalvas rad\u012btie divi k\u016brorta arhitekt\u016bras simboli\u00a0\u2013 1937.\u00a0gad\u0101 tapus\u012b pludmales viesn\u012bca \u201cRannahotell\u201d un spa viesn\u012bcas \u201cHedon\u201d sp\u0101rns, 1927.\u00a0gad\u0101 tapus\u012b v\u0113sturisk\u0101 D\u016b\u0146u dziedn\u012bcas \u0113ka.<\/li><\/ul>\t\t\t\t\t\t\t\t<\/div>\n\t\t\t\t<div class=\"elementor-element elementor-element-faff38c elementor-widget elementor-widget-image\" data-id=\"faff38c\" data-element_type=\"widget\" data-e-type=\"widget\" data-widget_type=\"image.default\">\n\t\t\t\t\t\t\t\t\t\t\t\t\t\t\t<img decoding=\"async\" width=\"1024\" height=\"687\" src=\"https:\/\/visitparnu.com\/wp-content\/uploads\/2023\/06\/50729283031_3ab30df61d_o-1024x687.jpg\" class=\"attachment-large size-large wp-image-4968075\" alt=\"\" srcset=\"https:\/\/visitparnu.com\/wp-content\/uploads\/2023\/06\/50729283031_3ab30df61d_o-1024x687.jpg 1024w, https:\/\/visitparnu.com\/wp-content\/uploads\/2023\/06\/50729283031_3ab30df61d_o-300x201.jpg 300w, https:\/\/visitparnu.com\/wp-content\/uploads\/2023\/06\/50729283031_3ab30df61d_o-768x516.jpg 768w, https:\/\/visitparnu.com\/wp-content\/uploads\/2023\/06\/50729283031_3ab30df61d_o-1536x1031.jpg 1536w, https:\/\/visitparnu.com\/wp-content\/uploads\/2023\/06\/50729283031_3ab30df61d_o.jpg 1795w\" sizes=\"(max-width: 1024px) 100vw, 1024px\" \/>\t\t\t\t\t\t\t\t\t\t\t\t\t\t\t<\/div>\n\t\t\t\t<\/div>\n\t\t\t\t\t<\/div>\n\t\t\t\t<\/div>\n\t\t\t\t<\/div>\n\t\t","protected":false},"excerpt":{"rendered":"<p>P\u0113rnavas pludmale atrodas tikai piecpadsmit min\u016b\u0161u pastaigas att\u0101lum\u0101 no pils\u0113tas centra. Pateicoties seklajam un \u0101tri sasilsto\u0161ajam \u016bdenim, P\u0113rnavas pludmale ir lieliska vieta peld\u0113\u0161anai. Silt\u0101s vasaras dien\u0101s \u016bdens temperat\u016bra \u0161eit var sasniegt pat 30 gr\u0101dus. \u016adens temperat\u016bras siltuma rekords P\u0113rnavas pludmal\u0113 2010. gad\u0101 bija 33\u00b0C! P\u0113rnav\u0101 ir apm\u0113ram 2 kilometrus gara piekrastes l\u012bnija, un tas noz\u012bm\u0113, [&hellip;]<\/p>\n","protected":false},"author":1,"featured_media":4944696,"parent":0,"menu_order":0,"comment_status":"closed","ping_status":"closed","template":"","meta":{"_acf_changed":false,"footnotes":""},"class_list":["post-4937505","page","type-page","status-publish","has-post-thumbnail","hentry"],"acf":[],"yoast_head":"<!-- This site is optimized with the Yoast SEO plugin v27.3 - https:\/\/yoast.com\/product\/yoast-seo-wordpress\/ -->\n<title>P\u0113rnavas pludmale - Visit P\u00e4rnu<\/title>\n<meta name=\"robots\" content=\"index, follow, max-snippet:-1, max-image-preview:large, max-video-preview:-1\" \/>\n<link rel=\"canonical\" href=\"https:\/\/visitparnu.com\/lv\/pernavas-pludmale\/\" \/>\n<meta property=\"og:locale\" content=\"lv_LV\" \/>\n<meta property=\"og:type\" content=\"article\" \/>\n<meta property=\"og:title\" content=\"P\u0113rnavas pludmale - Visit P\u00e4rnu\" \/>\n<meta property=\"og:description\" content=\"P\u0113rnavas pludmale atrodas tikai piecpadsmit min\u016b\u0161u pastaigas att\u0101lum\u0101 no pils\u0113tas centra. Pateicoties seklajam un \u0101tri sasilsto\u0161ajam \u016bdenim, P\u0113rnavas pludmale ir lieliska vieta peld\u0113\u0161anai. Silt\u0101s vasaras dien\u0101s \u016bdens temperat\u016bra \u0161eit var sasniegt pat 30 gr\u0101dus. \u016adens temperat\u016bras siltuma rekords P\u0113rnavas pludmal\u0113 2010. gad\u0101 bija 33\u00b0C! P\u0113rnav\u0101 ir apm\u0113ram 2 kilometrus gara piekrastes l\u012bnija, un tas noz\u012bm\u0113, [&hellip;]\" \/>\n<meta property=\"og:url\" content=\"https:\/\/visitparnu.com\/lv\/pernavas-pludmale\/\" \/>\n<meta property=\"og:site_name\" content=\"Visit P\u00e4rnu\" \/>\n<meta property=\"article:publisher\" content=\"https:\/\/www.facebook.com\/visitparnuEE\/\" \/>\n<meta property=\"article:modified_time\" content=\"2024-06-29T15:55:25+00:00\" \/>\n<meta property=\"og:image\" content=\"https:\/\/visitparnu.com\/wp-content\/uploads\/2023\/01\/Parnu-rand-3.jpg\" \/>\n\t<meta property=\"og:image:width\" content=\"1886\" \/>\n\t<meta property=\"og:image:height\" content=\"1060\" \/>\n\t<meta property=\"og:image:type\" content=\"image\/jpeg\" \/>\n<meta name=\"twitter:card\" content=\"summary_large_image\" \/>\n<meta name=\"twitter:label1\" content=\"Est. reading time\" \/>\n\t<meta name=\"twitter:data1\" content=\"4 minutes\" \/>\n<script type=\"application\/ld+json\" class=\"yoast-schema-graph\">{\"@context\":\"https:\\\/\\\/schema.org\",\"@graph\":[{\"@type\":\"WebPage\",\"@id\":\"https:\\\/\\\/visitparnu.com\\\/lv\\\/pernavas-pludmale\\\/\",\"url\":\"https:\\\/\\\/visitparnu.com\\\/lv\\\/pernavas-pludmale\\\/\",\"name\":\"P\u0113rnavas pludmale - Visit P\u00e4rnu\",\"isPartOf\":{\"@id\":\"https:\\\/\\\/visitparnu.com\\\/lv\\\/#website\"},\"primaryImageOfPage\":{\"@id\":\"https:\\\/\\\/visitparnu.com\\\/lv\\\/pernavas-pludmale\\\/#primaryimage\"},\"image\":{\"@id\":\"https:\\\/\\\/visitparnu.com\\\/lv\\\/pernavas-pludmale\\\/#primaryimage\"},\"thumbnailUrl\":\"https:\\\/\\\/visitparnu.com\\\/wp-content\\\/uploads\\\/2023\\\/01\\\/Parnu-rand-3.jpg\",\"datePublished\":\"2020-03-17T07:42:03+00:00\",\"dateModified\":\"2024-06-29T15:55:25+00:00\",\"breadcrumb\":{\"@id\":\"https:\\\/\\\/visitparnu.com\\\/lv\\\/pernavas-pludmale\\\/#breadcrumb\"},\"inLanguage\":\"lv-LV\",\"potentialAction\":[{\"@type\":\"ReadAction\",\"target\":[\"https:\\\/\\\/visitparnu.com\\\/lv\\\/pernavas-pludmale\\\/\"]}]},{\"@type\":\"ImageObject\",\"inLanguage\":\"lv-LV\",\"@id\":\"https:\\\/\\\/visitparnu.com\\\/lv\\\/pernavas-pludmale\\\/#primaryimage\",\"url\":\"https:\\\/\\\/visitparnu.com\\\/wp-content\\\/uploads\\\/2023\\\/01\\\/Parnu-rand-3.jpg\",\"contentUrl\":\"https:\\\/\\\/visitparnu.com\\\/wp-content\\\/uploads\\\/2023\\\/01\\\/Parnu-rand-3.jpg\",\"width\":1886,\"height\":1060},{\"@type\":\"BreadcrumbList\",\"@id\":\"https:\\\/\\\/visitparnu.com\\\/lv\\\/pernavas-pludmale\\\/#breadcrumb\",\"itemListElement\":[{\"@type\":\"ListItem\",\"position\":1,\"name\":\"\",\"item\":\"https:\\\/\\\/visitparnu.com\\\/lv\\\/\"},{\"@type\":\"ListItem\",\"position\":2,\"name\":\"P\u0113rnavas pludmale\"}]},{\"@type\":\"WebSite\",\"@id\":\"https:\\\/\\\/visitparnu.com\\\/lv\\\/#website\",\"url\":\"https:\\\/\\\/visitparnu.com\\\/lv\\\/\",\"name\":\"Visit P\u00e4rnu\",\"description\":\"\",\"publisher\":{\"@id\":\"https:\\\/\\\/visitparnu.com\\\/lv\\\/#organization\"},\"potentialAction\":[{\"@type\":\"SearchAction\",\"target\":{\"@type\":\"EntryPoint\",\"urlTemplate\":\"https:\\\/\\\/visitparnu.com\\\/lv\\\/?s={search_term_string}\"},\"query-input\":{\"@type\":\"PropertyValueSpecification\",\"valueRequired\":true,\"valueName\":\"search_term_string\"}}],\"inLanguage\":\"lv-LV\"},{\"@type\":\"Organization\",\"@id\":\"https:\\\/\\\/visitparnu.com\\\/lv\\\/#organization\",\"name\":\"Visit P\u00e4rnu\",\"url\":\"https:\\\/\\\/visitparnu.com\\\/lv\\\/\",\"logo\":{\"@type\":\"ImageObject\",\"inLanguage\":\"lv-LV\",\"@id\":\"https:\\\/\\\/visitparnu.com\\\/lv\\\/#\\\/schema\\\/logo\\\/image\\\/\",\"url\":\"https:\\\/\\\/visitparnu.com\\\/wp-content\\\/uploads\\\/2022\\\/11\\\/VP_logo.svg\",\"contentUrl\":\"https:\\\/\\\/visitparnu.com\\\/wp-content\\\/uploads\\\/2022\\\/11\\\/VP_logo.svg\",\"width\":305,\"height\":33,\"caption\":\"Visit P\u00e4rnu\"},\"image\":{\"@id\":\"https:\\\/\\\/visitparnu.com\\\/lv\\\/#\\\/schema\\\/logo\\\/image\\\/\"},\"sameAs\":[\"https:\\\/\\\/www.facebook.com\\\/visitparnuEE\\\/\",\"https:\\\/\\\/www.youtube.com\\\/user\\\/visitparnuestonia\\\/\",\"https:\\\/\\\/www.instagram.com\\\/visitparnu\\\/\"]}]}<\/script>\n<!-- \/ Yoast SEO plugin. -->","yoast_head_json":{"title":"P\u0113rnavas pludmale - Visit P\u00e4rnu","robots":{"index":"index","follow":"follow","max-snippet":"max-snippet:-1","max-image-preview":"max-image-preview:large","max-video-preview":"max-video-preview:-1"},"canonical":"https:\/\/visitparnu.com\/lv\/pernavas-pludmale\/","og_locale":"lv_LV","og_type":"article","og_title":"P\u0113rnavas pludmale - Visit P\u00e4rnu","og_description":"P\u0113rnavas pludmale atrodas tikai piecpadsmit min\u016b\u0161u pastaigas att\u0101lum\u0101 no pils\u0113tas centra. Pateicoties seklajam un \u0101tri sasilsto\u0161ajam \u016bdenim, P\u0113rnavas pludmale ir lieliska vieta peld\u0113\u0161anai. Silt\u0101s vasaras dien\u0101s \u016bdens temperat\u016bra \u0161eit var sasniegt pat 30 gr\u0101dus. \u016adens temperat\u016bras siltuma rekords P\u0113rnavas pludmal\u0113 2010. gad\u0101 bija 33\u00b0C! P\u0113rnav\u0101 ir apm\u0113ram 2 kilometrus gara piekrastes l\u012bnija, un tas noz\u012bm\u0113, [&hellip;]","og_url":"https:\/\/visitparnu.com\/lv\/pernavas-pludmale\/","og_site_name":"Visit P\u00e4rnu","article_publisher":"https:\/\/www.facebook.com\/visitparnuEE\/","article_modified_time":"2024-06-29T15:55:25+00:00","og_image":[{"width":1886,"height":1060,"url":"https:\/\/visitparnu.com\/wp-content\/uploads\/2023\/01\/Parnu-rand-3.jpg","type":"image\/jpeg"}],"twitter_card":"summary_large_image","twitter_misc":{"Est. reading time":"4 minutes"},"schema":{"@context":"https:\/\/schema.org","@graph":[{"@type":"WebPage","@id":"https:\/\/visitparnu.com\/lv\/pernavas-pludmale\/","url":"https:\/\/visitparnu.com\/lv\/pernavas-pludmale\/","name":"P\u0113rnavas pludmale - Visit P\u00e4rnu","isPartOf":{"@id":"https:\/\/visitparnu.com\/lv\/#website"},"primaryImageOfPage":{"@id":"https:\/\/visitparnu.com\/lv\/pernavas-pludmale\/#primaryimage"},"image":{"@id":"https:\/\/visitparnu.com\/lv\/pernavas-pludmale\/#primaryimage"},"thumbnailUrl":"https:\/\/visitparnu.com\/wp-content\/uploads\/2023\/01\/Parnu-rand-3.jpg","datePublished":"2020-03-17T07:42:03+00:00","dateModified":"2024-06-29T15:55:25+00:00","breadcrumb":{"@id":"https:\/\/visitparnu.com\/lv\/pernavas-pludmale\/#breadcrumb"},"inLanguage":"lv-LV","potentialAction":[{"@type":"ReadAction","target":["https:\/\/visitparnu.com\/lv\/pernavas-pludmale\/"]}]},{"@type":"ImageObject","inLanguage":"lv-LV","@id":"https:\/\/visitparnu.com\/lv\/pernavas-pludmale\/#primaryimage","url":"https:\/\/visitparnu.com\/wp-content\/uploads\/2023\/01\/Parnu-rand-3.jpg","contentUrl":"https:\/\/visitparnu.com\/wp-content\/uploads\/2023\/01\/Parnu-rand-3.jpg","width":1886,"height":1060},{"@type":"BreadcrumbList","@id":"https:\/\/visitparnu.com\/lv\/pernavas-pludmale\/#breadcrumb","itemListElement":[{"@type":"ListItem","position":1,"name":"","item":"https:\/\/visitparnu.com\/lv\/"},{"@type":"ListItem","position":2,"name":"P\u0113rnavas pludmale"}]},{"@type":"WebSite","@id":"https:\/\/visitparnu.com\/lv\/#website","url":"https:\/\/visitparnu.com\/lv\/","name":"Visit P\u00e4rnu","description":"","publisher":{"@id":"https:\/\/visitparnu.com\/lv\/#organization"},"potentialAction":[{"@type":"SearchAction","target":{"@type":"EntryPoint","urlTemplate":"https:\/\/visitparnu.com\/lv\/?s={search_term_string}"},"query-input":{"@type":"PropertyValueSpecification","valueRequired":true,"valueName":"search_term_string"}}],"inLanguage":"lv-LV"},{"@type":"Organization","@id":"https:\/\/visitparnu.com\/lv\/#organization","name":"Visit P\u00e4rnu","url":"https:\/\/visitparnu.com\/lv\/","logo":{"@type":"ImageObject","inLanguage":"lv-LV","@id":"https:\/\/visitparnu.com\/lv\/#\/schema\/logo\/image\/","url":"https:\/\/visitparnu.com\/wp-content\/uploads\/2022\/11\/VP_logo.svg","contentUrl":"https:\/\/visitparnu.com\/wp-content\/uploads\/2022\/11\/VP_logo.svg","width":305,"height":33,"caption":"Visit P\u00e4rnu"},"image":{"@id":"https:\/\/visitparnu.com\/lv\/#\/schema\/logo\/image\/"},"sameAs":["https:\/\/www.facebook.com\/visitparnuEE\/","https:\/\/www.youtube.com\/user\/visitparnuestonia\/","https:\/\/www.instagram.com\/visitparnu\/"]}]}},"_links":{"self":[{"href":"https:\/\/visitparnu.com\/lv\/wp-json\/wp\/v2\/pages\/4937505","targetHints":{"allow":["GET"]}}],"collection":[{"href":"https:\/\/visitparnu.com\/lv\/wp-json\/wp\/v2\/pages"}],"about":[{"href":"https:\/\/visitparnu.com\/lv\/wp-json\/wp\/v2\/types\/page"}],"author":[{"embeddable":true,"href":"https:\/\/visitparnu.com\/lv\/wp-json\/wp\/v2\/users\/1"}],"replies":[{"embeddable":true,"href":"https:\/\/visitparnu.com\/lv\/wp-json\/wp\/v2\/comments?post=4937505"}],"version-history":[{"count":22,"href":"https:\/\/visitparnu.com\/lv\/wp-json\/wp\/v2\/pages\/4937505\/revisions"}],"predecessor-version":[{"id":5006985,"href":"https:\/\/visitparnu.com\/lv\/wp-json\/wp\/v2\/pages\/4937505\/revisions\/5006985"}],"wp:featuredmedia":[{"embeddable":true,"href":"https:\/\/visitparnu.com\/lv\/wp-json\/wp\/v2\/media\/4944696"}],"wp:attachment":[{"href":"https:\/\/visitparnu.com\/lv\/wp-json\/wp\/v2\/media?parent=4937505"}],"curies":[{"name":"wp","href":"https:\/\/api.w.org\/{rel}","templated":true}]}}