{"id":4937480,"date":"2019-05-28T15:57:08","date_gmt":"2019-05-28T13:57:08","guid":{"rendered":"https:\/\/visitparnu.com\/laikapstakli-pernava\/"},"modified":"2023-01-26T16:23:50","modified_gmt":"2023-01-26T14:23:50","slug":"laikapstakli-pernava","status":"publish","type":"page","link":"https:\/\/visitparnu.com\/lv\/laikapstakli-pernava\/","title":{"rendered":"Laikapst\u0101k\u013ci P\u0113rnav\u0101"},"content":{"rendered":"\t\t<div data-elementor-type=\"wp-post\" data-elementor-id=\"4937480\" class=\"elementor elementor-4937480 elementor-4936693\" data-elementor-post-type=\"page\">\n\t\t\t\t\t\t<section class=\"elementor-section elementor-top-section elementor-element elementor-element-743d47c elementor-section-full_width elementor-section-height-default elementor-section-height-default\" data-id=\"743d47c\" data-element_type=\"section\" data-e-type=\"section\">\n\t\t\t\t\t\t<div class=\"elementor-container elementor-column-gap-default\">\n\t\t\t\t\t<div class=\"elementor-column elementor-col-50 elementor-top-column elementor-element elementor-element-b6d6223\" data-id=\"b6d6223\" data-element_type=\"column\" data-e-type=\"column\">\n\t\t\t<div class=\"elementor-widget-wrap elementor-element-populated\">\n\t\t\t\t\t\t<div class=\"elementor-element elementor-element-31dfd28 elementor-widget elementor-widget-text-editor\" data-id=\"31dfd28\" data-element_type=\"widget\" data-e-type=\"widget\" data-widget_type=\"text-editor.default\">\n\t\t\t\t\t\t\t\t\t<p>Laiks P\u0113rnav\u0101 var b\u016bt \u013coti main\u012bgs, lai gan parasti \u0161eit ir silt\u0101ks nek\u0101 p\u0101r\u0113j\u0101 Igaunijas da\u013c\u0101. Tas ir ar\u012b iemesls, k\u0101d\u0113\u013c P\u0113rnava nod\u0113v\u0113ta par Igaunijas vasaras galvaspils\u0113tu. Silt\u0101s vasaras dienas P\u0113rnavas pils\u0113tas iel\u0101s pulc\u0113 t\u016bksto\u0161iem viesu, kas ieradu\u0161ies baud\u012bt jauko pludmali un daudzveid\u012bgo kult\u016bras programmu.<\/p><h2><strong>P\u0113rnavas laikapst\u0101k\u013ci vasar\u0101<\/strong><\/h2><p>Vasaras m\u0113ne\u0161i mums ir j\u016bnijs, j\u016blijs un augusts, un vasaras karst\u0101kais laiks viennoz\u012bm\u012bgi ir j\u016blijs.\u00a0<strong>Vasaras m\u0113ne\u0161os laiks P\u0113rnav\u0101 ir \u013coti silts, gaisa temperat\u016bra ir 15\u201320\u00a0\u00b0C robe\u017e\u0101s, karst\u0101k\u0101s vasar\u0101s pat 22\u201327\u00a0\u00b0C.\u00a0<\/strong>Da\u017ek\u0101rt pieredz\u0113tas ar\u012b v\u0113l augst\u0101kas temperat\u016bras, piem\u0113ram, 2018.\u00a0gada vasar\u0101 gaiss sasila virs 30 \u00b0C vair\u0101k k\u0101 desmit dienas no vietas.<\/p>\t\t\t\t\t\t\t\t<\/div>\n\t\t\t\t<div class=\"elementor-element elementor-element-8cff9a1 elementor-widget elementor-widget-image\" data-id=\"8cff9a1\" data-element_type=\"widget\" data-e-type=\"widget\" data-widget_type=\"image.default\">\n\t\t\t\t\t\t\t\t\t\t\t\t<figure class=\"wp-caption\">\n\t\t\t\t\t\t\t\t\t\t<img fetchpriority=\"high\" decoding=\"async\" width=\"700\" height=\"466\" src=\"https:\/\/visitparnu.com\/wp-content\/uploads\/2022\/12\/Zilonis-Pernavas-pludmale-1.jpg\" class=\"attachment-large size-large wp-image-4937481\" alt=\"\" srcset=\"https:\/\/visitparnu.com\/wp-content\/uploads\/2022\/12\/Zilonis-Pernavas-pludmale-1.jpg 700w, https:\/\/visitparnu.com\/wp-content\/uploads\/2022\/12\/Zilonis-Pernavas-pludmale-1-300x200.jpg 300w\" sizes=\"(max-width: 700px) 100vw, 700px\" \/>\t\t\t\t\t\t\t\t\t\t\t<figcaption class=\"widget-image-caption wp-caption-text\">Zilonis P\u0113rnavas pludmal\u0113<\/figcaption>\n\t\t\t\t\t\t\t\t\t\t<\/figure>\n\t\t\t\t\t\t\t\t\t<\/div>\n\t\t\t\t<div class=\"elementor-element elementor-element-d43416d elementor-widget elementor-widget-text-editor\" data-id=\"d43416d\" data-element_type=\"widget\" data-e-type=\"widget\" data-widget_type=\"text-editor.default\">\n\t\t\t\t\t\t\t\t\t<h2><strong>P\u0113rnavas laikapst\u0101k\u013ci ruden\u012b<\/strong><\/h2><p>Rudens Igaunij\u0101 ofici\u0101li iest\u0101jas septembra otraj\u0101 pus\u0113 un nosl\u0113dzas ziemas saulgrie\u017eos (21.\u00a0vai 22.\u00a0decembr\u012b). Laiks P\u0113rnav\u0101 k\u013c\u016bst v\u0113jain\u0101ks, lai gan lab\u0101kos laikapst\u0101k\u013cos pludmal\u0113 var baud\u012bt skaistus saulrietus.<\/p><p><strong>Temperat\u016bra sv\u0101rst\u0101s no 1\u00a0\u00b0C l\u012bdz 11\u00a0\u00b0C.\u00a0<\/strong>Rudens ir labs laiks, lai baud\u012btu dabas kr\u0101sain\u012bbu un mieru pils\u0113tas iel\u0101s. Rudens m\u0113ne\u0161i ir septembris, oktobris un novembris, lai gan pirmais sniegs bie\u017ei vien uzsnieg jau oktobr\u012b. \u00a0<\/p>\t\t\t\t\t\t\t\t<\/div>\n\t\t\t\t\t<\/div>\n\t\t<\/div>\n\t\t\t\t<div class=\"elementor-column elementor-col-50 elementor-top-column elementor-element elementor-element-31be2ed\" data-id=\"31be2ed\" data-element_type=\"column\" data-e-type=\"column\">\n\t\t\t<div class=\"elementor-widget-wrap elementor-element-populated\">\n\t\t\t\t\t\t<div class=\"elementor-element elementor-element-0310b3c elementor-widget elementor-widget-text-editor\" data-id=\"0310b3c\" data-element_type=\"widget\" data-e-type=\"widget\" data-widget_type=\"text-editor.default\">\n\t\t\t\t\t\t\t\t\t<h2><strong>P\u0113rnavas laikapst\u0101k\u013ci ziem\u0101<\/strong><\/h2><p>Ja v\u0113l pirms gadiem desmit ziem\u0101 vald\u012bja sp\u0113c\u012bgs sals, tad p\u0113d\u0113jo gadu ziemas biju\u0161as sam\u0113r\u0101 siltas. <strong>Temperat\u016bra ir liel\u0101koties robe\u017e\u0101s no<\/strong> <strong>5\u00a0\u00b0C l\u012bdz -15\u00a0\u00b0C<\/strong>, ta\u010du v\u0113lams l\u012bdzi iepakot silt\u0101kas dr\u0113bes, jo termometra stabi\u0146\u0161 var nokristies ar\u012b zem &#8211;\u00a0\u00b0C. Sniegs P\u0113rnav\u0101 un citviet Igaunij\u0101 p\u0101rsvar\u0101 snieg laika period\u0101 no decembra l\u012bdz martam.<\/p><h2><strong>P\u0113rnavas laikapst\u0101k\u013ci pavasar\u012b<\/strong><\/h2><p>Marta otraj\u0101 pus\u0113 s\u0101kas pavasaris, atgrie\u017eas g\u0101jputni, no ziemas miega mostas me\u017ea dz\u012bvnieki un par\u0101d\u0101s pirm\u0101s pu\u0137\u012btes. Tas ir ide\u0101ls laiks P\u0113rnavas apciemojumam, jo dienas k\u013c\u016bst arvien silt\u0101kas un gar\u0101kas. <strong>Temperat\u016bra ir robe\u017e\u0101s no -1\u00a0\u00b0C l\u012bdz 11\u00a0\u00b0C.<\/strong><\/p>\t\t\t\t\t\t\t\t<\/div>\n\t\t\t\t<div class=\"elementor-element elementor-element-80ea776 elementor-widget elementor-widget-image\" data-id=\"80ea776\" data-element_type=\"widget\" data-e-type=\"widget\" data-widget_type=\"image.default\">\n\t\t\t\t\t\t\t\t\t\t\t\t<figure class=\"wp-caption\">\n\t\t\t\t\t\t\t\t\t\t<img decoding=\"async\" width=\"700\" height=\"467\" src=\"https:\/\/visitparnu.com\/wp-content\/uploads\/2022\/12\/Rudeniga-Pernavas-pastaigu-taka.jpg\" class=\"attachment-large size-large wp-image-4937482\" alt=\"\" srcset=\"https:\/\/visitparnu.com\/wp-content\/uploads\/2022\/12\/Rudeniga-Pernavas-pastaigu-taka.jpg 700w, https:\/\/visitparnu.com\/wp-content\/uploads\/2022\/12\/Rudeniga-Pernavas-pastaigu-taka-300x200.jpg 300w\" sizes=\"(max-width: 700px) 100vw, 700px\" \/>\t\t\t\t\t\t\t\t\t\t\t<figcaption class=\"widget-image-caption wp-caption-text\">Ruden\u012bg\u0101 P\u0113rnavas pastaigu taka<\/figcaption>\n\t\t\t\t\t\t\t\t\t\t<\/figure>\n\t\t\t\t\t\t\t\t\t<\/div>\n\t\t\t\t<div class=\"elementor-element elementor-element-c360dc8 elementor-widget elementor-widget-text-editor\" data-id=\"c360dc8\" data-element_type=\"widget\" data-e-type=\"widget\" data-widget_type=\"text-editor.default\">\n\t\t\t\t\t\t\t\t\t<h2><strong>Interesanti fakti saist\u012bb\u0101 ar P\u0113rnavas laikapst\u0101k\u013ciem:<\/strong><\/h2><ul><li>Janv\u0101ra v\u0113tra 2005.\u00a0gad\u0101 ir l\u012bdz \u0161im liel\u0101k\u0101 pieredz\u0113t\u0101 v\u0113tra P\u0113rnav\u0101, kuras laik\u0101 konstat\u0113tais v\u0113ja \u0101trums bija vid\u0113ji 25 m\/s.<\/li><li>Sp\u0113c\u012bg\u0101k\u0101s P\u0113rnav\u0101 nov\u0113rot\u0101s v\u0113ja br\u0101zmas ir 33\u00a0m\/s, Igaunijas rekords ir 40\u00a0m\/s.<\/li><li>Aukstuma rekords P\u0113rnav\u0101 ir -34,8\u00a0\u00b0C, to nov\u0113roja 1893.\u00a0gad\u0101.<\/li><li>Kihnu aukstuma rekords ir -32,4\u00a0\u00b0C un tas bija nov\u0113rojams 1978.\u00a0gad\u0101.<\/li><li>Karstuma rekords bija 2003.\u00a0gad\u0101, kad gaiss sasila l\u012bdz 33,2\u00a0\u00b0C.<\/li><li>Igaunijas saus\u0101k\u0101 gada rekords pieder P\u0113rnavai \u2013 1941.\u00a0gad\u0101 nokri\u0161\u0146u daudzums bija tikai 309\u00a0mm (vid\u0113jais gada nokri\u0161\u0146u daudzums Igaunij\u0101 ir 550-800\u00a0mm).<\/li><li>P\u0113rnavai pieder ar\u012b Igaunijas augst\u0101k\u0101 \u016bdens l\u012bme\u0146a rekords\u00a0\u2013 tas bija nov\u0113rojams 2005.\u00a0gad\u0101, kad parastais \u016bdens l\u012bmenis tika p\u0101rsniegts par 294\u00a0cm.<\/li><li>Maksim\u0101lais l\u012bdz \u0161im pieredz\u0113tais sniega k\u0101rtas biezums P\u0113rnav\u0101 ir 53\u00a0cm.<\/li><\/ul><p>P\u0113rnavas centr\u0101 ir gan pils\u0113tas ofici\u0101l\u0101s, gan priv\u0101t\u0101s auto autost\u0101vvietas. <strong>Pils\u0113tas autost\u0101vvietas ir divas\u00a0<\/strong><strong>\u2013 ofici\u0101l\u0101 centra autost\u0101vvieta un ofici\u0101l\u0101 pludmales autost\u0101vvieta<\/strong><\/p>\t\t\t\t\t\t\t\t<\/div>\n\t\t\t\t\t<\/div>\n\t\t<\/div>\n\t\t\t\t\t<\/div>\n\t\t<\/section>\n\t\t\t\t<\/div>\n\t\t","protected":false},"excerpt":{"rendered":"<p>Laiks P\u0113rnav\u0101 var b\u016bt \u013coti main\u012bgs, lai gan parasti \u0161eit ir silt\u0101ks nek\u0101 p\u0101r\u0113j\u0101 Igaunijas da\u013c\u0101. Tas ir ar\u012b iemesls, k\u0101d\u0113\u013c P\u0113rnava nod\u0113v\u0113ta par Igaunijas vasaras galvaspils\u0113tu. Silt\u0101s vasaras dienas P\u0113rnavas pils\u0113tas iel\u0101s pulc\u0113 t\u016bksto\u0161iem viesu, kas ieradu\u0161ies baud\u012bt jauko pludmali un daudzveid\u012bgo kult\u016bras programmu. P\u0113rnavas laikapst\u0101k\u013ci vasar\u0101 Vasaras m\u0113ne\u0161i mums ir j\u016bnijs, j\u016blijs un [&hellip;]<\/p>\n","protected":false},"author":1,"featured_media":4937481,"parent":0,"menu_order":0,"comment_status":"closed","ping_status":"closed","template":"","meta":{"_acf_changed":false,"footnotes":""},"class_list":["post-4937480","page","type-page","status-publish","has-post-thumbnail","hentry"],"acf":[],"yoast_head":"<!-- This site is optimized with the Yoast SEO plugin v27.3 - https:\/\/yoast.com\/product\/yoast-seo-wordpress\/ -->\n<title>Laikapst\u0101k\u013ci P\u0113rnav\u0101 - Visit P\u00e4rnu<\/title>\n<meta name=\"description\" content=\"Interesanti fakti saist\u012bb\u0101 ar P\u0113rnavas laikapst\u0101k\u013ciem, P\u0113rnavas laikapst\u0101k\u013ci vasar\u0101, ruden\u012b, ziem\u0101, pavasar\u012b.\" \/>\n<meta name=\"robots\" content=\"index, follow, max-snippet:-1, max-image-preview:large, max-video-preview:-1\" \/>\n<link rel=\"canonical\" href=\"https:\/\/visitparnu.com\/lv\/laikapstakli-pernava\/\" \/>\n<meta property=\"og:locale\" content=\"lv_LV\" \/>\n<meta property=\"og:type\" content=\"article\" \/>\n<meta property=\"og:title\" content=\"Laikapst\u0101k\u013ci P\u0113rnav\u0101 - Visit P\u00e4rnu\" \/>\n<meta property=\"og:description\" content=\"Laiks P\u0113rnav\u0101 var b\u016bt \u013coti main\u012bgs, lai gan parasti \u0161eit ir silt\u0101ks nek\u0101 p\u0101r\u0113j\u0101 Igaunijas da\u013c\u0101.\" \/>\n<meta property=\"og:url\" content=\"https:\/\/visitparnu.com\/lv\/laikapstakli-pernava\/\" \/>\n<meta property=\"og:site_name\" content=\"Visit P\u00e4rnu\" \/>\n<meta property=\"article:publisher\" content=\"https:\/\/www.facebook.com\/visitparnuEE\/\" \/>\n<meta property=\"article:modified_time\" content=\"2023-01-26T14:23:50+00:00\" \/>\n<meta property=\"og:image\" content=\"https:\/\/visitparnu.com\/wp-content\/uploads\/2023\/01\/Parnu-ilm-4.jpg\" \/>\n\t<meta property=\"og:image:width\" content=\"1886\" \/>\n\t<meta property=\"og:image:height\" content=\"1060\" \/>\n\t<meta property=\"og:image:type\" content=\"image\/jpeg\" \/>\n<meta name=\"twitter:card\" content=\"summary_large_image\" \/>\n<meta name=\"twitter:label1\" content=\"Est. reading time\" \/>\n\t<meta name=\"twitter:data1\" content=\"3 minutes\" \/>\n<script type=\"application\/ld+json\" class=\"yoast-schema-graph\">{\"@context\":\"https:\\\/\\\/schema.org\",\"@graph\":[{\"@type\":\"WebPage\",\"@id\":\"https:\\\/\\\/visitparnu.com\\\/lv\\\/laikapstakli-pernava\\\/\",\"url\":\"https:\\\/\\\/visitparnu.com\\\/lv\\\/laikapstakli-pernava\\\/\",\"name\":\"Laikapst\u0101k\u013ci P\u0113rnav\u0101 - Visit P\u00e4rnu\",\"isPartOf\":{\"@id\":\"https:\\\/\\\/visitparnu.com\\\/lv\\\/#website\"},\"primaryImageOfPage\":{\"@id\":\"https:\\\/\\\/visitparnu.com\\\/lv\\\/laikapstakli-pernava\\\/#primaryimage\"},\"image\":{\"@id\":\"https:\\\/\\\/visitparnu.com\\\/lv\\\/laikapstakli-pernava\\\/#primaryimage\"},\"thumbnailUrl\":\"https:\\\/\\\/visitparnu.com\\\/wp-content\\\/uploads\\\/2022\\\/12\\\/Zilonis-Pernavas-pludmale-1.jpg\",\"datePublished\":\"2019-05-28T13:57:08+00:00\",\"dateModified\":\"2023-01-26T14:23:50+00:00\",\"description\":\"Interesanti fakti saist\u012bb\u0101 ar P\u0113rnavas laikapst\u0101k\u013ciem, P\u0113rnavas laikapst\u0101k\u013ci vasar\u0101, ruden\u012b, ziem\u0101, pavasar\u012b.\",\"breadcrumb\":{\"@id\":\"https:\\\/\\\/visitparnu.com\\\/lv\\\/laikapstakli-pernava\\\/#breadcrumb\"},\"inLanguage\":\"lv-LV\",\"potentialAction\":[{\"@type\":\"ReadAction\",\"target\":[\"https:\\\/\\\/visitparnu.com\\\/lv\\\/laikapstakli-pernava\\\/\"]}]},{\"@type\":\"ImageObject\",\"inLanguage\":\"lv-LV\",\"@id\":\"https:\\\/\\\/visitparnu.com\\\/lv\\\/laikapstakli-pernava\\\/#primaryimage\",\"url\":\"https:\\\/\\\/visitparnu.com\\\/wp-content\\\/uploads\\\/2022\\\/12\\\/Zilonis-Pernavas-pludmale-1.jpg\",\"contentUrl\":\"https:\\\/\\\/visitparnu.com\\\/wp-content\\\/uploads\\\/2022\\\/12\\\/Zilonis-Pernavas-pludmale-1.jpg\",\"width\":700,\"height\":466},{\"@type\":\"BreadcrumbList\",\"@id\":\"https:\\\/\\\/visitparnu.com\\\/lv\\\/laikapstakli-pernava\\\/#breadcrumb\",\"itemListElement\":[{\"@type\":\"ListItem\",\"position\":1,\"name\":\"\",\"item\":\"https:\\\/\\\/visitparnu.com\\\/lv\\\/\"},{\"@type\":\"ListItem\",\"position\":2,\"name\":\"Laikapst\u0101k\u013ci P\u0113rnav\u0101\"}]},{\"@type\":\"WebSite\",\"@id\":\"https:\\\/\\\/visitparnu.com\\\/lv\\\/#website\",\"url\":\"https:\\\/\\\/visitparnu.com\\\/lv\\\/\",\"name\":\"Visit P\u00e4rnu\",\"description\":\"\",\"publisher\":{\"@id\":\"https:\\\/\\\/visitparnu.com\\\/lv\\\/#organization\"},\"potentialAction\":[{\"@type\":\"SearchAction\",\"target\":{\"@type\":\"EntryPoint\",\"urlTemplate\":\"https:\\\/\\\/visitparnu.com\\\/lv\\\/?s={search_term_string}\"},\"query-input\":{\"@type\":\"PropertyValueSpecification\",\"valueRequired\":true,\"valueName\":\"search_term_string\"}}],\"inLanguage\":\"lv-LV\"},{\"@type\":\"Organization\",\"@id\":\"https:\\\/\\\/visitparnu.com\\\/lv\\\/#organization\",\"name\":\"Visit P\u00e4rnu\",\"url\":\"https:\\\/\\\/visitparnu.com\\\/lv\\\/\",\"logo\":{\"@type\":\"ImageObject\",\"inLanguage\":\"lv-LV\",\"@id\":\"https:\\\/\\\/visitparnu.com\\\/lv\\\/#\\\/schema\\\/logo\\\/image\\\/\",\"url\":\"https:\\\/\\\/visitparnu.com\\\/wp-content\\\/uploads\\\/2022\\\/11\\\/VP_logo.svg\",\"contentUrl\":\"https:\\\/\\\/visitparnu.com\\\/wp-content\\\/uploads\\\/2022\\\/11\\\/VP_logo.svg\",\"width\":305,\"height\":33,\"caption\":\"Visit P\u00e4rnu\"},\"image\":{\"@id\":\"https:\\\/\\\/visitparnu.com\\\/lv\\\/#\\\/schema\\\/logo\\\/image\\\/\"},\"sameAs\":[\"https:\\\/\\\/www.facebook.com\\\/visitparnuEE\\\/\",\"https:\\\/\\\/www.youtube.com\\\/user\\\/visitparnuestonia\\\/\",\"https:\\\/\\\/www.instagram.com\\\/visitparnu\\\/\"]}]}<\/script>\n<!-- \/ Yoast SEO plugin. -->","yoast_head_json":{"title":"Laikapst\u0101k\u013ci P\u0113rnav\u0101 - Visit P\u00e4rnu","description":"Interesanti fakti saist\u012bb\u0101 ar P\u0113rnavas laikapst\u0101k\u013ciem, P\u0113rnavas laikapst\u0101k\u013ci vasar\u0101, ruden\u012b, ziem\u0101, pavasar\u012b.","robots":{"index":"index","follow":"follow","max-snippet":"max-snippet:-1","max-image-preview":"max-image-preview:large","max-video-preview":"max-video-preview:-1"},"canonical":"https:\/\/visitparnu.com\/lv\/laikapstakli-pernava\/","og_locale":"lv_LV","og_type":"article","og_title":"Laikapst\u0101k\u013ci P\u0113rnav\u0101 - Visit P\u00e4rnu","og_description":"Laiks P\u0113rnav\u0101 var b\u016bt \u013coti main\u012bgs, lai gan parasti \u0161eit ir silt\u0101ks nek\u0101 p\u0101r\u0113j\u0101 Igaunijas da\u013c\u0101.","og_url":"https:\/\/visitparnu.com\/lv\/laikapstakli-pernava\/","og_site_name":"Visit P\u00e4rnu","article_publisher":"https:\/\/www.facebook.com\/visitparnuEE\/","article_modified_time":"2023-01-26T14:23:50+00:00","og_image":[{"width":1886,"height":1060,"url":"https:\/\/visitparnu.com\/wp-content\/uploads\/2023\/01\/Parnu-ilm-4.jpg","type":"image\/jpeg"}],"twitter_card":"summary_large_image","twitter_misc":{"Est. reading time":"3 minutes"},"schema":{"@context":"https:\/\/schema.org","@graph":[{"@type":"WebPage","@id":"https:\/\/visitparnu.com\/lv\/laikapstakli-pernava\/","url":"https:\/\/visitparnu.com\/lv\/laikapstakli-pernava\/","name":"Laikapst\u0101k\u013ci P\u0113rnav\u0101 - Visit P\u00e4rnu","isPartOf":{"@id":"https:\/\/visitparnu.com\/lv\/#website"},"primaryImageOfPage":{"@id":"https:\/\/visitparnu.com\/lv\/laikapstakli-pernava\/#primaryimage"},"image":{"@id":"https:\/\/visitparnu.com\/lv\/laikapstakli-pernava\/#primaryimage"},"thumbnailUrl":"https:\/\/visitparnu.com\/wp-content\/uploads\/2022\/12\/Zilonis-Pernavas-pludmale-1.jpg","datePublished":"2019-05-28T13:57:08+00:00","dateModified":"2023-01-26T14:23:50+00:00","description":"Interesanti fakti saist\u012bb\u0101 ar P\u0113rnavas laikapst\u0101k\u013ciem, P\u0113rnavas laikapst\u0101k\u013ci vasar\u0101, ruden\u012b, ziem\u0101, pavasar\u012b.","breadcrumb":{"@id":"https:\/\/visitparnu.com\/lv\/laikapstakli-pernava\/#breadcrumb"},"inLanguage":"lv-LV","potentialAction":[{"@type":"ReadAction","target":["https:\/\/visitparnu.com\/lv\/laikapstakli-pernava\/"]}]},{"@type":"ImageObject","inLanguage":"lv-LV","@id":"https:\/\/visitparnu.com\/lv\/laikapstakli-pernava\/#primaryimage","url":"https:\/\/visitparnu.com\/wp-content\/uploads\/2022\/12\/Zilonis-Pernavas-pludmale-1.jpg","contentUrl":"https:\/\/visitparnu.com\/wp-content\/uploads\/2022\/12\/Zilonis-Pernavas-pludmale-1.jpg","width":700,"height":466},{"@type":"BreadcrumbList","@id":"https:\/\/visitparnu.com\/lv\/laikapstakli-pernava\/#breadcrumb","itemListElement":[{"@type":"ListItem","position":1,"name":"","item":"https:\/\/visitparnu.com\/lv\/"},{"@type":"ListItem","position":2,"name":"Laikapst\u0101k\u013ci P\u0113rnav\u0101"}]},{"@type":"WebSite","@id":"https:\/\/visitparnu.com\/lv\/#website","url":"https:\/\/visitparnu.com\/lv\/","name":"Visit P\u00e4rnu","description":"","publisher":{"@id":"https:\/\/visitparnu.com\/lv\/#organization"},"potentialAction":[{"@type":"SearchAction","target":{"@type":"EntryPoint","urlTemplate":"https:\/\/visitparnu.com\/lv\/?s={search_term_string}"},"query-input":{"@type":"PropertyValueSpecification","valueRequired":true,"valueName":"search_term_string"}}],"inLanguage":"lv-LV"},{"@type":"Organization","@id":"https:\/\/visitparnu.com\/lv\/#organization","name":"Visit P\u00e4rnu","url":"https:\/\/visitparnu.com\/lv\/","logo":{"@type":"ImageObject","inLanguage":"lv-LV","@id":"https:\/\/visitparnu.com\/lv\/#\/schema\/logo\/image\/","url":"https:\/\/visitparnu.com\/wp-content\/uploads\/2022\/11\/VP_logo.svg","contentUrl":"https:\/\/visitparnu.com\/wp-content\/uploads\/2022\/11\/VP_logo.svg","width":305,"height":33,"caption":"Visit P\u00e4rnu"},"image":{"@id":"https:\/\/visitparnu.com\/lv\/#\/schema\/logo\/image\/"},"sameAs":["https:\/\/www.facebook.com\/visitparnuEE\/","https:\/\/www.youtube.com\/user\/visitparnuestonia\/","https:\/\/www.instagram.com\/visitparnu\/"]}]}},"_links":{"self":[{"href":"https:\/\/visitparnu.com\/lv\/wp-json\/wp\/v2\/pages\/4937480","targetHints":{"allow":["GET"]}}],"collection":[{"href":"https:\/\/visitparnu.com\/lv\/wp-json\/wp\/v2\/pages"}],"about":[{"href":"https:\/\/visitparnu.com\/lv\/wp-json\/wp\/v2\/types\/page"}],"author":[{"embeddable":true,"href":"https:\/\/visitparnu.com\/lv\/wp-json\/wp\/v2\/users\/1"}],"replies":[{"embeddable":true,"href":"https:\/\/visitparnu.com\/lv\/wp-json\/wp\/v2\/comments?post=4937480"}],"version-history":[{"count":8,"href":"https:\/\/visitparnu.com\/lv\/wp-json\/wp\/v2\/pages\/4937480\/revisions"}],"predecessor-version":[{"id":4954270,"href":"https:\/\/visitparnu.com\/lv\/wp-json\/wp\/v2\/pages\/4937480\/revisions\/4954270"}],"wp:featuredmedia":[{"embeddable":true,"href":"https:\/\/visitparnu.com\/lv\/wp-json\/wp\/v2\/media\/4937481"}],"wp:attachment":[{"href":"https:\/\/visitparnu.com\/lv\/wp-json\/wp\/v2\/media?parent=4937480"}],"curies":[{"name":"wp","href":"https:\/\/api.w.org\/{rel}","templated":true}]}}