{"id":4937478,"date":"2019-02-04T12:31:17","date_gmt":"2019-02-04T10:31:17","guid":{"rendered":"https:\/\/visitparnu.com\/pernavas-mols\/"},"modified":"2023-01-16T21:34:07","modified_gmt":"2023-01-16T19:34:07","slug":"pernavas-mols","status":"publish","type":"page","link":"https:\/\/visitparnu.com\/lv\/pernavas-mols\/","title":{"rendered":"P\u0113rnavas mols"},"content":{"rendered":"\t\t<div data-elementor-type=\"wp-post\" data-elementor-id=\"4937478\" class=\"elementor elementor-4937478 elementor-4936690\" data-elementor-post-type=\"page\">\n\t\t\t\t<div class=\"elementor-element elementor-element-56f5987 content-two-col-block e-flex e-con-boxed e-con e-parent\" data-id=\"56f5987\" data-element_type=\"container\" data-e-type=\"container\">\n\t\t\t\t\t<div class=\"e-con-inner\">\n\t\t<div class=\"elementor-element elementor-element-78fd991 e-con-full e-flex e-con e-parent\" data-id=\"78fd991\" data-element_type=\"container\" data-e-type=\"container\">\n\t\t\t\t<div class=\"elementor-element elementor-element-dc322bc elementor-widget elementor-widget-text-editor\" data-id=\"dc322bc\" data-element_type=\"widget\" data-e-type=\"widget\" data-widget_type=\"text-editor.default\">\n\t\t\t\t\t\t\t\t\t<p>P\u0113rnavas mols, kas savulaik b\u016bv\u0113ts, lai padzi\u013cin\u0101tu ostu un atdz\u012bvin\u0101tu tirdzniec\u012bbu, ir viens no pils\u0113tas <strong>interesant\u0101kajiem apskates objektiem<\/strong>.<\/p><h2>Jauna laipu taka l\u012bdz molam<\/h2><p>2019. gada s\u0101kum\u0101 tika pabeigta jauna izgaismota laipu taka, kas aizs\u0101kas Pludmales park\u0101 un vijas gar P\u0113rnavas upes krastu. Teju puskilometru gar\u0101 uz koka p\u0101\u013ciem uzb\u016bv\u0113t\u0101 taka beidzas pie b\u0101kas pak\u0101j\u0113 eso\u0161\u0101s smil\u0161u pludmales, pie takas iek\u0101rtoti ar\u012b soli\u0146i un velosip\u0113du novietnes. Jaun\u0101 laipu taka jau \u0101tri k\u013cuvusi par iecien\u012btu pastaigu vietu viet\u0113jiem, iesak\u0101m to apmekl\u0113t ar\u012b viesiem!<\/p><p><b>Non\u0101kot pie mola, esiet uzman\u012bgi, jo akme\u0146i var b\u016bt slideni!<\/b><\/p>\t\t\t\t\t\t\t\t<\/div>\n\t\t\t\t<div class=\"elementor-element elementor-element-55e85e9 elementor-widget elementor-widget-image\" data-id=\"55e85e9\" data-element_type=\"widget\" data-e-type=\"widget\" data-widget_type=\"image.default\">\n\t\t\t\t\t\t\t\t\t\t\t\t\t\t\t<img fetchpriority=\"high\" decoding=\"async\" width=\"1024\" height=\"684\" src=\"https:\/\/visitparnu.com\/wp-content\/uploads\/2023\/01\/muul-1024x684.jpg\" class=\"attachment-large size-large wp-image-4941481\" alt=\"\" srcset=\"https:\/\/visitparnu.com\/wp-content\/uploads\/2023\/01\/muul-1024x684.jpg 1024w, https:\/\/visitparnu.com\/wp-content\/uploads\/2023\/01\/muul-300x200.jpg 300w, https:\/\/visitparnu.com\/wp-content\/uploads\/2023\/01\/muul-768x513.jpg 768w, https:\/\/visitparnu.com\/wp-content\/uploads\/2023\/01\/muul-1536x1025.jpg 1536w, https:\/\/visitparnu.com\/wp-content\/uploads\/2023\/01\/muul.jpg 2048w\" sizes=\"(max-width: 1024px) 100vw, 1024px\" \/>\t\t\t\t\t\t\t\t\t\t\t\t\t\t\t<\/div>\n\t\t\t\t<div class=\"elementor-element elementor-element-07af692 elementor-widget elementor-widget-text-editor\" data-id=\"07af692\" data-element_type=\"widget\" data-e-type=\"widget\" data-widget_type=\"text-editor.default\">\n\t\t\t\t\t\t\t\t\t<h2><b>\u00a0<\/b>Interesanti fakti:<\/h2><ul><li>Laiku pa laikam mols piln\u012bb\u0101 non\u0101k zem \u016bdens<\/li><li>Pie zema \u016bdensl\u012bme\u0146a var redz\u0113t pat k\u0101dreiz\u0113j\u0101 koka mola ba\u013c\u0137u galus<\/li><li>7 metru plat\u0101 mola pamatnes platums dzelm\u0113 ir ap 26 metriem un t\u0101 dzi\u013cums ir l\u012bdz 5 metriem<\/li><li><b>Le\u0123enda:<\/b> saska\u0146\u0101 ar senu tic\u0113jumu jauniem m\u012bl\u0113t\u0101jiem j\u0101dodas kop\u0101 l\u012bdz mola galam, kur savas j\u016btas j\u0101apliecina ar sk\u016bpstu. Tas sniedzot m\u016b\u017e\u012bgu m\u012blest\u012bbu.<\/li><\/ul>\t\t\t\t\t\t\t\t<\/div>\n\t\t\t\t<\/div>\n\t\t<div class=\"elementor-element elementor-element-ddc162b e-con-full e-flex e-con e-parent\" data-id=\"ddc162b\" data-element_type=\"container\" data-e-type=\"container\">\n\t\t\t\t<div class=\"elementor-element elementor-element-62ed5bb elementor-widget elementor-widget-text-editor\" data-id=\"62ed5bb\" data-element_type=\"widget\" data-e-type=\"widget\" data-widget_type=\"text-editor.default\">\n\t\t\t\t\t\t\t\t\t<h2>P\u0113rnavas mola v\u0113sture<\/h2><p>Viduslaikos P\u0113rnav\u0101 nebija j\u016bras ostas. L\u012bdz ar to tirdzniec\u012bbas ku\u0123iem preces vajadz\u0113ja pievest ar laiv\u0101m. J\u016bras tirdzniec\u012bbas att\u012bst\u012bbas liel\u0101kais kav\u0113klis bija smil\u0161ain\u0101 upes gr\u012bva. P\u0113c P\u0113rnavas lielo tirgot\u0101ju piepras\u012bjuma Krievijas \u0137eizariene Katr\u012bna II deva pav\u0113li probl\u0113mu nov\u0113rst, uzb\u016bv\u0113jot molu.<\/p><p>19. gadsimta s\u0101kum\u0101 upes gr\u012bv\u0101 tika iedz\u012bti ozolkoka p\u0101\u013ci. Ta\u010du tie p\u0113c laika izjuka, t\u0101d\u0113\u013c s\u0101ka b\u016bv\u0113t palieko\u0161\u0101ku akmens molu. St\u016brakmeni tam 1863. gad\u0101 svin\u012bgi ielika Igaunijas un L\u012bvzemes \u0123ener\u0101lgubernators von L\u012bvens.<\/p>\t\t\t\t\t\t\t\t<\/div>\n\t\t\t\t<div class=\"elementor-element elementor-element-ca138cf elementor-widget elementor-widget-image\" data-id=\"ca138cf\" data-element_type=\"widget\" data-e-type=\"widget\" data-widget_type=\"image.default\">\n\t\t\t\t\t\t\t\t\t\t\t\t\t\t\t<img decoding=\"async\" width=\"1024\" height=\"681\" src=\"https:\/\/visitparnu.com\/wp-content\/uploads\/2022\/11\/Muul-ohust-1024x681.jpg\" class=\"attachment-large size-large wp-image-4918904\" alt=\"\" srcset=\"https:\/\/visitparnu.com\/wp-content\/uploads\/2022\/11\/Muul-ohust-1024x681.jpg 1024w, https:\/\/visitparnu.com\/wp-content\/uploads\/2022\/11\/Muul-ohust-300x200.jpg 300w, https:\/\/visitparnu.com\/wp-content\/uploads\/2022\/11\/Muul-ohust-768x511.jpg 768w, https:\/\/visitparnu.com\/wp-content\/uploads\/2022\/11\/Muul-ohust-1536x1022.jpg 1536w, https:\/\/visitparnu.com\/wp-content\/uploads\/2022\/11\/Muul-ohust.jpg 1733w\" sizes=\"(max-width: 1024px) 100vw, 1024px\" \/>\t\t\t\t\t\t\t\t\t\t\t\t\t\t\t<\/div>\n\t\t\t\t<div class=\"elementor-element elementor-element-44bd85b elementor-widget elementor-widget-text-editor\" data-id=\"44bd85b\" data-element_type=\"widget\" data-e-type=\"widget\" data-widget_type=\"text-editor.default\">\n\t\t\t\t\t\t\t\t\t<p>Darbu uzs\u0101ka ziem\u0101, kad P\u0113rnavas l\u012bci sedza bieza ledus k\u0101rta. Uz ledus ieskic\u0113ja mola kont\u016bras, tad atveda no b\u0113rzu r\u012bkst\u0113m p\u012btas pamatnes, ar ko apkl\u0101ja attiec\u012bgo laukumu. Tad s\u0101ka vest akme\u0146us no apk\u0101rt\u0113jiem laukiem un no tikko nojaukt\u0101 P\u0113rnavas m\u016bra. Akme\u0146i atce\u013coja ar\u012b no H\u0113dem\u0113stes un Kihnu piekrast\u0113m. Pavasar\u012b, ledum izk\u016bstot, akme\u0146i iegrima j\u016bras diben\u0101.\u00a0<\/p><p>Vair\u0101kus gadus ilgais b\u016bvniec\u012bbas darbs bija \u013coti ienes\u012bgs apk\u0101r\u0113jiem lauksaimniekiem, kuri saveda no saviem laukiem lielus un mazus akme\u0146us. Zi\u0146a izplat\u012bj\u0101s l\u012bdz pat Kihnu un R\u012bgas j\u016brniekiem, attiec\u012bgi no \u0161\u012bm viet\u0101m vasar\u0101 atveda molam svar\u012bgus materi\u0101lus, ko tie\u0161i no ku\u0123iem iegremd\u0113ja paredz\u0113taj\u0101 viet\u0101. Akmens mola gal\u0101 uzst\u0101d\u012bja b\u0101kas, lai atvieglotu ku\u0123u iebrauk\u0161anu nakt\u012b.<\/p><p>Mola izb\u016bve, kas ietv\u0113ra ar\u012b krasta nostiprin\u0101\u0161anu un ku\u0123u ce\u013ca padzi\u013cin\u0101\u0161anu, tika pabeigta 1869. gad\u0101. No t\u0101 br\u012b\u017ea P\u0113rnav\u0101 s\u0101k\u0101s j\u016bras tirdzniec\u012bbas uzplaukums. No P\u0113rnavas tolaik eksport\u0113ja pamat\u0101 kokmateri\u0101lus un linu.<\/p>\t\t\t\t\t\t\t\t<\/div>\n\t\t\t\t<\/div>\n\t\t\t\t\t<\/div>\n\t\t\t\t<\/div>\n\t\t<div class=\"elementor-element elementor-element-7c2ca5b e-flex e-con-boxed e-con e-parent\" data-id=\"7c2ca5b\" data-element_type=\"container\" data-e-type=\"container\">\n\t\t\t\t\t<div class=\"e-con-inner\">\n\t\t\t\t<div class=\"elementor-element elementor-element-dd840ea elementor-widget elementor-widget-google_maps\" data-id=\"dd840ea\" data-element_type=\"widget\" data-e-type=\"widget\" data-widget_type=\"google_maps.default\">\n\t\t\t\t\t\t\t<div class=\"elementor-custom-embed\">\n\t\t\t<iframe loading=\"lazy\"\n\t\t\t\t\tsrc=\"https:\/\/maps.google.com\/maps?q=p%C3%A4rnu%20muul&#038;t=m&#038;z=14&#038;output=embed&#038;iwloc=near\"\n\t\t\t\t\ttitle=\"p\u00e4rnu muul\"\n\t\t\t\t\taria-label=\"p\u00e4rnu muul\"\n\t\t\t><\/iframe>\n\t\t<\/div>\n\t\t\t\t\t\t<\/div>\n\t\t\t\t\t<\/div>\n\t\t\t\t<\/div>\n\t\t\t\t<\/div>\n\t\t","protected":false},"excerpt":{"rendered":"<p>P\u0113rnavas mols, kas savulaik b\u016bv\u0113ts, lai padzi\u013cin\u0101tu ostu un atdz\u012bvin\u0101tu tirdzniec\u012bbu, ir viens no pils\u0113tas interesant\u0101kajiem apskates objektiem. Jauna laipu taka l\u012bdz molam 2019. gada s\u0101kum\u0101 tika pabeigta jauna izgaismota laipu taka, kas aizs\u0101kas Pludmales park\u0101 un vijas gar P\u0113rnavas upes krastu. Teju puskilometru gar\u0101 uz koka p\u0101\u013ciem uzb\u016bv\u0113t\u0101 taka beidzas pie b\u0101kas pak\u0101j\u0113 eso\u0161\u0101s [&hellip;]<\/p>\n","protected":false},"author":1,"featured_media":4946651,"parent":0,"menu_order":0,"comment_status":"closed","ping_status":"closed","template":"","meta":{"_acf_changed":false,"footnotes":""},"class_list":["post-4937478","page","type-page","status-publish","has-post-thumbnail","hentry"],"acf":[],"yoast_head":"<!-- This site is optimized with the Yoast SEO plugin v27.3 - https:\/\/yoast.com\/product\/yoast-seo-wordpress\/ -->\n<title>P\u0113rnavas mols - Visit P\u00e4rnu<\/title>\n<meta name=\"robots\" content=\"index, follow, max-snippet:-1, max-image-preview:large, max-video-preview:-1\" \/>\n<link rel=\"canonical\" href=\"https:\/\/visitparnu.com\/lv\/pernavas-mols\/\" \/>\n<meta property=\"og:locale\" content=\"lv_LV\" \/>\n<meta property=\"og:type\" content=\"article\" \/>\n<meta property=\"og:title\" content=\"P\u0113rnavas mols - Visit P\u00e4rnu\" \/>\n<meta property=\"og:description\" content=\"P\u0113rnavas mols, kas savulaik b\u016bv\u0113ts, lai padzi\u013cin\u0101tu ostu un atdz\u012bvin\u0101tu tirdzniec\u012bbu, ir viens no pils\u0113tas interesant\u0101kajiem apskates objektiem. Jauna laipu taka l\u012bdz molam 2019. gada s\u0101kum\u0101 tika pabeigta jauna izgaismota laipu taka, kas aizs\u0101kas Pludmales park\u0101 un vijas gar P\u0113rnavas upes krastu. Teju puskilometru gar\u0101 uz koka p\u0101\u013ciem uzb\u016bv\u0113t\u0101 taka beidzas pie b\u0101kas pak\u0101j\u0113 eso\u0161\u0101s [&hellip;]\" \/>\n<meta property=\"og:url\" content=\"https:\/\/visitparnu.com\/lv\/pernavas-mols\/\" \/>\n<meta property=\"og:site_name\" content=\"Visit P\u00e4rnu\" \/>\n<meta property=\"article:publisher\" content=\"https:\/\/www.facebook.com\/visitparnuEE\/\" \/>\n<meta property=\"article:modified_time\" content=\"2023-01-16T19:34:07+00:00\" \/>\n<meta property=\"og:image\" content=\"https:\/\/visitparnu.com\/wp-content\/uploads\/2023\/01\/Parnu-muul-1-1.jpg\" \/>\n\t<meta property=\"og:image:width\" content=\"1738\" \/>\n\t<meta property=\"og:image:height\" content=\"1150\" \/>\n\t<meta property=\"og:image:type\" content=\"image\/jpeg\" \/>\n<meta name=\"twitter:card\" content=\"summary_large_image\" \/>\n<meta name=\"twitter:label1\" content=\"Est. reading time\" \/>\n\t<meta name=\"twitter:data1\" content=\"3 minutes\" \/>\n<script type=\"application\/ld+json\" class=\"yoast-schema-graph\">{\"@context\":\"https:\\\/\\\/schema.org\",\"@graph\":[{\"@type\":\"WebPage\",\"@id\":\"https:\\\/\\\/visitparnu.com\\\/lv\\\/pernavas-mols\\\/\",\"url\":\"https:\\\/\\\/visitparnu.com\\\/lv\\\/pernavas-mols\\\/\",\"name\":\"P\u0113rnavas mols - Visit P\u00e4rnu\",\"isPartOf\":{\"@id\":\"https:\\\/\\\/visitparnu.com\\\/lv\\\/#website\"},\"primaryImageOfPage\":{\"@id\":\"https:\\\/\\\/visitparnu.com\\\/lv\\\/pernavas-mols\\\/#primaryimage\"},\"image\":{\"@id\":\"https:\\\/\\\/visitparnu.com\\\/lv\\\/pernavas-mols\\\/#primaryimage\"},\"thumbnailUrl\":\"https:\\\/\\\/visitparnu.com\\\/wp-content\\\/uploads\\\/2023\\\/01\\\/Parnu-muul-1-1.jpg\",\"datePublished\":\"2019-02-04T10:31:17+00:00\",\"dateModified\":\"2023-01-16T19:34:07+00:00\",\"breadcrumb\":{\"@id\":\"https:\\\/\\\/visitparnu.com\\\/lv\\\/pernavas-mols\\\/#breadcrumb\"},\"inLanguage\":\"lv-LV\",\"potentialAction\":[{\"@type\":\"ReadAction\",\"target\":[\"https:\\\/\\\/visitparnu.com\\\/lv\\\/pernavas-mols\\\/\"]}]},{\"@type\":\"ImageObject\",\"inLanguage\":\"lv-LV\",\"@id\":\"https:\\\/\\\/visitparnu.com\\\/lv\\\/pernavas-mols\\\/#primaryimage\",\"url\":\"https:\\\/\\\/visitparnu.com\\\/wp-content\\\/uploads\\\/2023\\\/01\\\/Parnu-muul-1-1.jpg\",\"contentUrl\":\"https:\\\/\\\/visitparnu.com\\\/wp-content\\\/uploads\\\/2023\\\/01\\\/Parnu-muul-1-1.jpg\",\"width\":1738,\"height\":1150,\"caption\":\"P\u00e4rnu muul\"},{\"@type\":\"BreadcrumbList\",\"@id\":\"https:\\\/\\\/visitparnu.com\\\/lv\\\/pernavas-mols\\\/#breadcrumb\",\"itemListElement\":[{\"@type\":\"ListItem\",\"position\":1,\"name\":\"\",\"item\":\"https:\\\/\\\/visitparnu.com\\\/lv\\\/\"},{\"@type\":\"ListItem\",\"position\":2,\"name\":\"P\u0113rnavas mols\"}]},{\"@type\":\"WebSite\",\"@id\":\"https:\\\/\\\/visitparnu.com\\\/lv\\\/#website\",\"url\":\"https:\\\/\\\/visitparnu.com\\\/lv\\\/\",\"name\":\"Visit P\u00e4rnu\",\"description\":\"\",\"publisher\":{\"@id\":\"https:\\\/\\\/visitparnu.com\\\/lv\\\/#organization\"},\"potentialAction\":[{\"@type\":\"SearchAction\",\"target\":{\"@type\":\"EntryPoint\",\"urlTemplate\":\"https:\\\/\\\/visitparnu.com\\\/lv\\\/?s={search_term_string}\"},\"query-input\":{\"@type\":\"PropertyValueSpecification\",\"valueRequired\":true,\"valueName\":\"search_term_string\"}}],\"inLanguage\":\"lv-LV\"},{\"@type\":\"Organization\",\"@id\":\"https:\\\/\\\/visitparnu.com\\\/lv\\\/#organization\",\"name\":\"Visit P\u00e4rnu\",\"url\":\"https:\\\/\\\/visitparnu.com\\\/lv\\\/\",\"logo\":{\"@type\":\"ImageObject\",\"inLanguage\":\"lv-LV\",\"@id\":\"https:\\\/\\\/visitparnu.com\\\/lv\\\/#\\\/schema\\\/logo\\\/image\\\/\",\"url\":\"https:\\\/\\\/visitparnu.com\\\/wp-content\\\/uploads\\\/2022\\\/11\\\/VP_logo.svg\",\"contentUrl\":\"https:\\\/\\\/visitparnu.com\\\/wp-content\\\/uploads\\\/2022\\\/11\\\/VP_logo.svg\",\"width\":305,\"height\":33,\"caption\":\"Visit P\u00e4rnu\"},\"image\":{\"@id\":\"https:\\\/\\\/visitparnu.com\\\/lv\\\/#\\\/schema\\\/logo\\\/image\\\/\"},\"sameAs\":[\"https:\\\/\\\/www.facebook.com\\\/visitparnuEE\\\/\",\"https:\\\/\\\/www.youtube.com\\\/user\\\/visitparnuestonia\\\/\",\"https:\\\/\\\/www.instagram.com\\\/visitparnu\\\/\"]}]}<\/script>\n<!-- \/ Yoast SEO plugin. -->","yoast_head_json":{"title":"P\u0113rnavas mols - Visit P\u00e4rnu","robots":{"index":"index","follow":"follow","max-snippet":"max-snippet:-1","max-image-preview":"max-image-preview:large","max-video-preview":"max-video-preview:-1"},"canonical":"https:\/\/visitparnu.com\/lv\/pernavas-mols\/","og_locale":"lv_LV","og_type":"article","og_title":"P\u0113rnavas mols - Visit P\u00e4rnu","og_description":"P\u0113rnavas mols, kas savulaik b\u016bv\u0113ts, lai padzi\u013cin\u0101tu ostu un atdz\u012bvin\u0101tu tirdzniec\u012bbu, ir viens no pils\u0113tas interesant\u0101kajiem apskates objektiem. Jauna laipu taka l\u012bdz molam 2019. gada s\u0101kum\u0101 tika pabeigta jauna izgaismota laipu taka, kas aizs\u0101kas Pludmales park\u0101 un vijas gar P\u0113rnavas upes krastu. Teju puskilometru gar\u0101 uz koka p\u0101\u013ciem uzb\u016bv\u0113t\u0101 taka beidzas pie b\u0101kas pak\u0101j\u0113 eso\u0161\u0101s [&hellip;]","og_url":"https:\/\/visitparnu.com\/lv\/pernavas-mols\/","og_site_name":"Visit P\u00e4rnu","article_publisher":"https:\/\/www.facebook.com\/visitparnuEE\/","article_modified_time":"2023-01-16T19:34:07+00:00","og_image":[{"width":1738,"height":1150,"url":"https:\/\/visitparnu.com\/wp-content\/uploads\/2023\/01\/Parnu-muul-1-1.jpg","type":"image\/jpeg"}],"twitter_card":"summary_large_image","twitter_misc":{"Est. reading time":"3 minutes"},"schema":{"@context":"https:\/\/schema.org","@graph":[{"@type":"WebPage","@id":"https:\/\/visitparnu.com\/lv\/pernavas-mols\/","url":"https:\/\/visitparnu.com\/lv\/pernavas-mols\/","name":"P\u0113rnavas mols - Visit P\u00e4rnu","isPartOf":{"@id":"https:\/\/visitparnu.com\/lv\/#website"},"primaryImageOfPage":{"@id":"https:\/\/visitparnu.com\/lv\/pernavas-mols\/#primaryimage"},"image":{"@id":"https:\/\/visitparnu.com\/lv\/pernavas-mols\/#primaryimage"},"thumbnailUrl":"https:\/\/visitparnu.com\/wp-content\/uploads\/2023\/01\/Parnu-muul-1-1.jpg","datePublished":"2019-02-04T10:31:17+00:00","dateModified":"2023-01-16T19:34:07+00:00","breadcrumb":{"@id":"https:\/\/visitparnu.com\/lv\/pernavas-mols\/#breadcrumb"},"inLanguage":"lv-LV","potentialAction":[{"@type":"ReadAction","target":["https:\/\/visitparnu.com\/lv\/pernavas-mols\/"]}]},{"@type":"ImageObject","inLanguage":"lv-LV","@id":"https:\/\/visitparnu.com\/lv\/pernavas-mols\/#primaryimage","url":"https:\/\/visitparnu.com\/wp-content\/uploads\/2023\/01\/Parnu-muul-1-1.jpg","contentUrl":"https:\/\/visitparnu.com\/wp-content\/uploads\/2023\/01\/Parnu-muul-1-1.jpg","width":1738,"height":1150,"caption":"P\u00e4rnu muul"},{"@type":"BreadcrumbList","@id":"https:\/\/visitparnu.com\/lv\/pernavas-mols\/#breadcrumb","itemListElement":[{"@type":"ListItem","position":1,"name":"","item":"https:\/\/visitparnu.com\/lv\/"},{"@type":"ListItem","position":2,"name":"P\u0113rnavas mols"}]},{"@type":"WebSite","@id":"https:\/\/visitparnu.com\/lv\/#website","url":"https:\/\/visitparnu.com\/lv\/","name":"Visit P\u00e4rnu","description":"","publisher":{"@id":"https:\/\/visitparnu.com\/lv\/#organization"},"potentialAction":[{"@type":"SearchAction","target":{"@type":"EntryPoint","urlTemplate":"https:\/\/visitparnu.com\/lv\/?s={search_term_string}"},"query-input":{"@type":"PropertyValueSpecification","valueRequired":true,"valueName":"search_term_string"}}],"inLanguage":"lv-LV"},{"@type":"Organization","@id":"https:\/\/visitparnu.com\/lv\/#organization","name":"Visit P\u00e4rnu","url":"https:\/\/visitparnu.com\/lv\/","logo":{"@type":"ImageObject","inLanguage":"lv-LV","@id":"https:\/\/visitparnu.com\/lv\/#\/schema\/logo\/image\/","url":"https:\/\/visitparnu.com\/wp-content\/uploads\/2022\/11\/VP_logo.svg","contentUrl":"https:\/\/visitparnu.com\/wp-content\/uploads\/2022\/11\/VP_logo.svg","width":305,"height":33,"caption":"Visit P\u00e4rnu"},"image":{"@id":"https:\/\/visitparnu.com\/lv\/#\/schema\/logo\/image\/"},"sameAs":["https:\/\/www.facebook.com\/visitparnuEE\/","https:\/\/www.youtube.com\/user\/visitparnuestonia\/","https:\/\/www.instagram.com\/visitparnu\/"]}]}},"_links":{"self":[{"href":"https:\/\/visitparnu.com\/lv\/wp-json\/wp\/v2\/pages\/4937478","targetHints":{"allow":["GET"]}}],"collection":[{"href":"https:\/\/visitparnu.com\/lv\/wp-json\/wp\/v2\/pages"}],"about":[{"href":"https:\/\/visitparnu.com\/lv\/wp-json\/wp\/v2\/types\/page"}],"author":[{"embeddable":true,"href":"https:\/\/visitparnu.com\/lv\/wp-json\/wp\/v2\/users\/1"}],"replies":[{"embeddable":true,"href":"https:\/\/visitparnu.com\/lv\/wp-json\/wp\/v2\/comments?post=4937478"}],"version-history":[{"count":3,"href":"https:\/\/visitparnu.com\/lv\/wp-json\/wp\/v2\/pages\/4937478\/revisions"}],"predecessor-version":[{"id":4946672,"href":"https:\/\/visitparnu.com\/lv\/wp-json\/wp\/v2\/pages\/4937478\/revisions\/4946672"}],"wp:featuredmedia":[{"embeddable":true,"href":"https:\/\/visitparnu.com\/lv\/wp-json\/wp\/v2\/media\/4946651"}],"wp:attachment":[{"href":"https:\/\/visitparnu.com\/lv\/wp-json\/wp\/v2\/media?parent=4937478"}],"curies":[{"name":"wp","href":"https:\/\/api.w.org\/{rel}","templated":true}]}}