{"id":4937476,"date":"2019-01-03T09:37:51","date_gmt":"2019-01-03T07:37:51","guid":{"rendered":"https:\/\/visitparnu.com\/pernavas-autoosta\/"},"modified":"2023-08-03T09:24:41","modified_gmt":"2023-08-03T07:24:41","slug":"pernavas-autoosta","status":"publish","type":"page","link":"https:\/\/visitparnu.com\/lv\/pernavas-autoosta\/","title":{"rendered":"P\u0113rnavas autoosta"},"content":{"rendered":"\t\t<div data-elementor-type=\"wp-post\" data-elementor-id=\"4937476\" class=\"elementor elementor-4937476 elementor-4936686\" data-elementor-post-type=\"page\">\n\t\t\t\t<div class=\"elementor-element elementor-element-9378898 content-two-col-block e-flex e-con-boxed e-con e-parent\" data-id=\"9378898\" data-element_type=\"container\" data-e-type=\"container\">\n\t\t\t\t\t<div class=\"e-con-inner\">\n\t\t<div class=\"elementor-element elementor-element-d080bf8 e-con-full e-flex e-con e-parent\" data-id=\"d080bf8\" data-element_type=\"container\" data-e-type=\"container\">\n\t\t\t\t<div class=\"elementor-element elementor-element-64a30de elementor-widget elementor-widget-text-editor\" data-id=\"64a30de\" data-element_type=\"widget\" data-e-type=\"widget\" data-widget_type=\"text-editor.default\">\n\t\t\t\t\t\t\t\t\t<h2>Inform\u0101cija<\/h2><p><strong><span style=\"text-decoration: underline;\">P\u0113rnavas autoostas kontaktinform\u0101cija:<\/span><\/strong><\/p><ul><li>t\u0101lr.: 17018 \/ +372 4479725<\/li><li>e-pasts: info@pytk.ee<\/li><\/ul><p>P\u0113rnavas autoosta atrodas P\u0113rnavas pils\u0113tas centr\u0101, vecpils\u0113tas tuvum\u0101, adrese: Pikk 13. <br \/><b>Autoosta atv\u0113rta katru dienu no 6.30 l\u012bdz 21.00.<br \/><\/b>\u0160aj\u0101 laik\u0101 autoost\u0101 darbojas ar\u012b WC un WC inval\u012bdiem, atsevi\u0161\u0137a telpa m\u0101mi\u0146ai ar b\u0113rnu, k\u0101 ar\u012b du\u0161as telpa. Tualet\u0113 var iek\u013c\u016bt gan no uzgaid\u0101m\u0101s z\u0101les, gan perona. Maksa par WC izmanto\u0161anu ir 40 centi, bet par du\u0161as telpas izmanto\u0161anu \u2013 2 eiro.<\/p><p>Autoostas uzgaid\u0101maj\u0101 z\u0101l\u0113 pasa\u017eieriem pieejami plastmasas kr\u0113sli un m\u012bksti d\u012bv\u0101ni, kuros \u0113rti pavad\u012bt ar\u012b ilg\u0101ku laiku. <b>\u0160eit ir bezmaksas WIFI zona<\/b>, uz galdiem un sien\u0101s pieejamas elektr\u012bbas kontaktligzdas, kur var uzl\u0101d\u0113t t\u0101lru\u0146a vai portat\u012bv\u0101 datora bateriju. Autoost\u0101 atrodama ar\u012b lieliska ce\u013cot\u0101ju bibliot\u0113ka, kur\u0101 var pa\u0146emt k\u0101du gr\u0101matu las\u012b\u0161anai uzgaid\u0101maj\u0101 z\u0101l\u0113 vai pa ce\u013cam.\u00a0<\/p><p>Inform\u0101ciju par P\u0113rnavu un P\u0113rnavas apri\u0146\u0137i var sa\u0146emt autoost\u0101 eso\u0161aj\u0101 elektroniskaj\u0101 inform\u0101cijas stend\u0101.<\/p><h2>Bag\u0101\u017eas glab\u0101tava<\/h2><p>P\u0113rnavas autoost\u0101 pieejama bag\u0101\u017eas glab\u0101tava, kuru apkalpo uz\u0146\u0113mums \u201cCargobus\u201d, t\u0101 atv\u0113rta:<\/p><ul><li>P\u2013Pk: 8-18\u00a0<\/li><\/ul><p>Par bag\u0101\u017eas uzglab\u0101\u0161anu j\u0101veic priek\u0161apmaksa 2\u20ac-4\u20ac atkar\u012bb\u0101 no bag\u0101\u017eas svara. Bag\u0101\u017eas glab\u0101tav\u0101 nevar nodot dz\u012bvniekus, d\u0101rglietas un p\u0101rtikas preces. Bag\u0101\u017ea, kura atst\u0101ta vair\u0101k nek\u0101 6 m\u0113ne\u0161us, tiek utiliz\u0113ta.\u00a0<\/p><p>Autoost\u0101 atrodas ar\u012b bag\u0101\u017eas skapji, kurus var izmantot autoostas darbalaik\u0101. Citi tuv\u0101kie bag\u0101\u017eas skapji atrodas tirdzniec\u012bbas centra \u201cP\u00e4rnu Keskus\u201d pirmaj\u0101 st\u0101v\u0101, adrese: Aida 7.<\/p>\t\t\t\t\t\t\t\t<\/div>\n\t\t\t\t<\/div>\n\t\t<div class=\"elementor-element elementor-element-b3ed68a e-con-full e-flex e-con e-parent\" data-id=\"b3ed68a\" data-element_type=\"container\" data-e-type=\"container\">\n\t\t\t\t<div class=\"elementor-element elementor-element-60490dd elementor-widget elementor-widget-text-editor\" data-id=\"60490dd\" data-element_type=\"widget\" data-e-type=\"widget\" data-widget_type=\"text-editor.default\">\n\t\t\t\t\t\t\t\t\t<h2>\u0112din\u0101\u0161ana<\/h2><p>P\u0113rnavas autoostas kafejn\u012bc\u0101s gandr\u012bz visu laiku, kam\u0113r vien atv\u0113rta uzgaid\u0101m\u0101 z\u0101le, var pakav\u0113t laiku un iestiprin\u0101ties, gaidot savu autobusu. Autoostas kafejn\u012bc\u0101-veikal\u0101 l\u012bdzi \u0146em\u0161anai \u0113rti var ieg\u0101d\u0101ties ar\u012b pudeli \u016bdens un k\u0101du uzkodu.<\/p><ul><li>Kafejn\u012bca \u201c<a href=\"https:\/\/visitparnu.com\/lv\/objekt\/pagaripoisid-autoostas-kafejnica\/\" target=\"_blank\" rel=\"noopener\">Pagaripoisid<\/a>\u201d (P-S: 7.00-18.00, Sv: 9.00-17.00)<\/li><li>Kafejn\u012bca-veikals \u201cR-Kiosk\u201d (P-Pk: 6.30-21.00, S-Sv: 8.00-20.00)\u00a0<\/li><\/ul><h2>Autobusu l\u012bnijas un bi\u013cetes<\/h2><p>No P\u0113rnavas autoostas atiet autobusi Tallinas, Tartu, Viljandi, Rakveres, H\u0101psalu un S\u0101rem\u0101 virzien\u0101. T\u0101pat autobusi kurs\u0113 da\u017e\u0101d\u0101s P\u0113rnavas apri\u0146\u0137a l\u012bnij\u0101s. Autobusa bi\u013cetes <b>P\u0113rnavas apri\u0146\u0137a mar\u0161rutos maks\u0101 1,5-2\u20ac<\/b>.<\/p><p>P\u0113rnavas autoostai ir starptautiski savienojumi ar R\u012bgu, Vi\u013c\u0146u, Var\u0161avu, Sanktp\u0113terburgu, Minsku un daudz\u0101m cit\u0101m. Starptautiskaj\u0101m un Igaunijas starppils\u0113tu l\u012bnij\u0101m bi\u013ceti ieteicams ieg\u0101d\u0101ties iepriek\u0161p\u0101rdo\u0161an\u0101.\u00a0<\/p><p><b>Autobusa bi\u013cetes var ieg\u0101d\u0101ties<\/b> kas\u0113 no 6.30 l\u012bdz 20.30. Autobusa bi\u013cetes var ieg\u0101d\u0101ties ar\u012b internet\u0101:<\/p><ul><li><a href=\"https:\/\/www.tpilet.ee\/en\" target=\"_blank\" rel=\"noopener\">Tpilet.ee<\/a>\u00a0(Igaunijas iek\u0161zemes l\u012bnijas)<\/li><li><a href=\"https:\/\/luxexpress.eu\/lv\" target=\"_blank\" rel=\"noopener\">Luxexpress.eu<\/a>\u00a0(starptautisk\u0101s l\u012bnijas)<\/li><li><a href=\"https:\/\/ecolines.net\/lv\/lv\" target=\"_blank\" rel=\"noopener\">Ecolines.net<\/a>\u00a0(starptautisk\u0101s l\u012bnijas)<\/li><li><a href=\"https:\/\/global.flixbus.com\/\" target=\"_blank\" rel=\"noopener\">Flixbus.com<\/a> (starptautisk\u0101s l\u012bnijas)<\/li><\/ul><p>T\u0101pat bi\u013cetes var ieg\u0101d\u0101ties autoost\u0101 eso\u0161aj\u0101 pa\u0161apkalpo\u0161an\u0101s stend\u0101.\u00a0<\/p><h2>Velosip\u0113du novietne<\/h2><p>Autoost\u0101 var izmantot bezmaksas velosip\u0113du novietni, tom\u0113r sasl\u0113dz\u0113js velosip\u0113da \u012bpa\u0161niekam j\u0101nodro\u0161ina pa\u0161am. Velosip\u0113du novietn\u0113 iesp\u0113jams piepump\u0113t velosip\u0113du riepas gan ar automa\u0161\u012bnas, gan velosip\u0113da ventili, k\u0101 ar\u012b siltos laikapst\u0101k\u013cos var nomazg\u0101t savu riteni.<br \/>Velosip\u0113du novietn\u0113, t\u0101pat k\u0101 citur autoostas apk\u0101rtn\u0113 un iek\u0161telp\u0101s, darbojas nov\u0113ro\u0161anas kameras ar ierakst\u012b\u0161anas sist\u0113mu.<\/p>\t\t\t\t\t\t\t\t<\/div>\n\t\t\t\t<\/div>\n\t\t\t\t\t<\/div>\n\t\t\t\t<\/div>\n\t\t\t\t<\/div>\n\t\t","protected":false},"excerpt":{"rendered":"<p>Inform\u0101cija P\u0113rnavas autoostas kontaktinform\u0101cija: t\u0101lr.: 17018 \/ +372 4479725 e-pasts: info@pytk.ee P\u0113rnavas autoosta atrodas P\u0113rnavas pils\u0113tas centr\u0101, vecpils\u0113tas tuvum\u0101, adrese: Pikk 13. Autoosta atv\u0113rta katru dienu no 6.30 l\u012bdz 21.00.\u0160aj\u0101 laik\u0101 autoost\u0101 darbojas ar\u012b WC un WC inval\u012bdiem, atsevi\u0161\u0137a telpa m\u0101mi\u0146ai ar b\u0113rnu, k\u0101 ar\u012b du\u0161as telpa. Tualet\u0113 var iek\u013c\u016bt gan no uzgaid\u0101m\u0101s z\u0101les, gan [&hellip;]<\/p>\n","protected":false},"author":1,"featured_media":4941773,"parent":0,"menu_order":0,"comment_status":"closed","ping_status":"closed","template":"","meta":{"_acf_changed":false,"footnotes":""},"class_list":["post-4937476","page","type-page","status-publish","has-post-thumbnail","hentry"],"acf":[],"yoast_head":"<!-- This site is optimized with the Yoast SEO plugin v27.3 - https:\/\/yoast.com\/product\/yoast-seo-wordpress\/ -->\n<title>P\u0113rnavas autoosta - Visit P\u00e4rnu<\/title>\n<meta name=\"robots\" content=\"index, follow, max-snippet:-1, max-image-preview:large, max-video-preview:-1\" \/>\n<link rel=\"canonical\" href=\"https:\/\/visitparnu.com\/lv\/pernavas-autoosta\/\" \/>\n<meta property=\"og:locale\" content=\"lv_LV\" \/>\n<meta property=\"og:type\" content=\"article\" \/>\n<meta property=\"og:title\" content=\"P\u0113rnavas autoosta - Visit P\u00e4rnu\" \/>\n<meta property=\"og:description\" content=\"Inform\u0101cija P\u0113rnavas autoostas kontaktinform\u0101cija: t\u0101lr.: 17018 \/ +372 4479725 e-pasts: info@pytk.ee P\u0113rnavas autoosta atrodas P\u0113rnavas pils\u0113tas centr\u0101, vecpils\u0113tas tuvum\u0101, adrese: Pikk 13. Autoosta atv\u0113rta katru dienu no 6.30 l\u012bdz 21.00.\u0160aj\u0101 laik\u0101 autoost\u0101 darbojas ar\u012b WC un WC inval\u012bdiem, atsevi\u0161\u0137a telpa m\u0101mi\u0146ai ar b\u0113rnu, k\u0101 ar\u012b du\u0161as telpa. Tualet\u0113 var iek\u013c\u016bt gan no uzgaid\u0101m\u0101s z\u0101les, gan [&hellip;]\" \/>\n<meta property=\"og:url\" content=\"https:\/\/visitparnu.com\/lv\/pernavas-autoosta\/\" \/>\n<meta property=\"og:site_name\" content=\"Visit P\u00e4rnu\" \/>\n<meta property=\"article:publisher\" content=\"https:\/\/www.facebook.com\/visitparnuEE\/\" \/>\n<meta property=\"article:modified_time\" content=\"2023-08-03T07:24:41+00:00\" \/>\n<meta property=\"og:image\" content=\"https:\/\/visitparnu.com\/wp-content\/uploads\/2023\/01\/Parnu-bussijaam-scaled-1.jpg\" \/>\n\t<meta property=\"og:image:width\" content=\"2560\" \/>\n\t<meta property=\"og:image:height\" content=\"1149\" \/>\n\t<meta property=\"og:image:type\" content=\"image\/jpeg\" \/>\n<meta name=\"twitter:card\" content=\"summary_large_image\" \/>\n<meta name=\"twitter:label1\" content=\"Est. reading time\" \/>\n\t<meta name=\"twitter:data1\" content=\"3 minutes\" \/>\n<script type=\"application\/ld+json\" class=\"yoast-schema-graph\">{\"@context\":\"https:\\\/\\\/schema.org\",\"@graph\":[{\"@type\":\"WebPage\",\"@id\":\"https:\\\/\\\/visitparnu.com\\\/lv\\\/pernavas-autoosta\\\/\",\"url\":\"https:\\\/\\\/visitparnu.com\\\/lv\\\/pernavas-autoosta\\\/\",\"name\":\"P\u0113rnavas autoosta - Visit P\u00e4rnu\",\"isPartOf\":{\"@id\":\"https:\\\/\\\/visitparnu.com\\\/lv\\\/#website\"},\"primaryImageOfPage\":{\"@id\":\"https:\\\/\\\/visitparnu.com\\\/lv\\\/pernavas-autoosta\\\/#primaryimage\"},\"image\":{\"@id\":\"https:\\\/\\\/visitparnu.com\\\/lv\\\/pernavas-autoosta\\\/#primaryimage\"},\"thumbnailUrl\":\"https:\\\/\\\/visitparnu.com\\\/wp-content\\\/uploads\\\/2023\\\/01\\\/Parnu-bussijaam-scaled-1.jpg\",\"datePublished\":\"2019-01-03T07:37:51+00:00\",\"dateModified\":\"2023-08-03T07:24:41+00:00\",\"breadcrumb\":{\"@id\":\"https:\\\/\\\/visitparnu.com\\\/lv\\\/pernavas-autoosta\\\/#breadcrumb\"},\"inLanguage\":\"lv-LV\",\"potentialAction\":[{\"@type\":\"ReadAction\",\"target\":[\"https:\\\/\\\/visitparnu.com\\\/lv\\\/pernavas-autoosta\\\/\"]}]},{\"@type\":\"ImageObject\",\"inLanguage\":\"lv-LV\",\"@id\":\"https:\\\/\\\/visitparnu.com\\\/lv\\\/pernavas-autoosta\\\/#primaryimage\",\"url\":\"https:\\\/\\\/visitparnu.com\\\/wp-content\\\/uploads\\\/2023\\\/01\\\/Parnu-bussijaam-scaled-1.jpg\",\"contentUrl\":\"https:\\\/\\\/visitparnu.com\\\/wp-content\\\/uploads\\\/2023\\\/01\\\/Parnu-bussijaam-scaled-1.jpg\",\"width\":2560,\"height\":1149},{\"@type\":\"BreadcrumbList\",\"@id\":\"https:\\\/\\\/visitparnu.com\\\/lv\\\/pernavas-autoosta\\\/#breadcrumb\",\"itemListElement\":[{\"@type\":\"ListItem\",\"position\":1,\"name\":\"\",\"item\":\"https:\\\/\\\/visitparnu.com\\\/lv\\\/\"},{\"@type\":\"ListItem\",\"position\":2,\"name\":\"P\u0113rnavas autoosta\"}]},{\"@type\":\"WebSite\",\"@id\":\"https:\\\/\\\/visitparnu.com\\\/lv\\\/#website\",\"url\":\"https:\\\/\\\/visitparnu.com\\\/lv\\\/\",\"name\":\"Visit P\u00e4rnu\",\"description\":\"\",\"publisher\":{\"@id\":\"https:\\\/\\\/visitparnu.com\\\/lv\\\/#organization\"},\"potentialAction\":[{\"@type\":\"SearchAction\",\"target\":{\"@type\":\"EntryPoint\",\"urlTemplate\":\"https:\\\/\\\/visitparnu.com\\\/lv\\\/?s={search_term_string}\"},\"query-input\":{\"@type\":\"PropertyValueSpecification\",\"valueRequired\":true,\"valueName\":\"search_term_string\"}}],\"inLanguage\":\"lv-LV\"},{\"@type\":\"Organization\",\"@id\":\"https:\\\/\\\/visitparnu.com\\\/lv\\\/#organization\",\"name\":\"Visit P\u00e4rnu\",\"url\":\"https:\\\/\\\/visitparnu.com\\\/lv\\\/\",\"logo\":{\"@type\":\"ImageObject\",\"inLanguage\":\"lv-LV\",\"@id\":\"https:\\\/\\\/visitparnu.com\\\/lv\\\/#\\\/schema\\\/logo\\\/image\\\/\",\"url\":\"https:\\\/\\\/visitparnu.com\\\/wp-content\\\/uploads\\\/2022\\\/11\\\/VP_logo.svg\",\"contentUrl\":\"https:\\\/\\\/visitparnu.com\\\/wp-content\\\/uploads\\\/2022\\\/11\\\/VP_logo.svg\",\"width\":305,\"height\":33,\"caption\":\"Visit P\u00e4rnu\"},\"image\":{\"@id\":\"https:\\\/\\\/visitparnu.com\\\/lv\\\/#\\\/schema\\\/logo\\\/image\\\/\"},\"sameAs\":[\"https:\\\/\\\/www.facebook.com\\\/visitparnuEE\\\/\",\"https:\\\/\\\/www.youtube.com\\\/user\\\/visitparnuestonia\\\/\",\"https:\\\/\\\/www.instagram.com\\\/visitparnu\\\/\"]}]}<\/script>\n<!-- \/ Yoast SEO plugin. -->","yoast_head_json":{"title":"P\u0113rnavas autoosta - Visit P\u00e4rnu","robots":{"index":"index","follow":"follow","max-snippet":"max-snippet:-1","max-image-preview":"max-image-preview:large","max-video-preview":"max-video-preview:-1"},"canonical":"https:\/\/visitparnu.com\/lv\/pernavas-autoosta\/","og_locale":"lv_LV","og_type":"article","og_title":"P\u0113rnavas autoosta - Visit P\u00e4rnu","og_description":"Inform\u0101cija P\u0113rnavas autoostas kontaktinform\u0101cija: t\u0101lr.: 17018 \/ +372 4479725 e-pasts: info@pytk.ee P\u0113rnavas autoosta atrodas P\u0113rnavas pils\u0113tas centr\u0101, vecpils\u0113tas tuvum\u0101, adrese: Pikk 13. Autoosta atv\u0113rta katru dienu no 6.30 l\u012bdz 21.00.\u0160aj\u0101 laik\u0101 autoost\u0101 darbojas ar\u012b WC un WC inval\u012bdiem, atsevi\u0161\u0137a telpa m\u0101mi\u0146ai ar b\u0113rnu, k\u0101 ar\u012b du\u0161as telpa. Tualet\u0113 var iek\u013c\u016bt gan no uzgaid\u0101m\u0101s z\u0101les, gan [&hellip;]","og_url":"https:\/\/visitparnu.com\/lv\/pernavas-autoosta\/","og_site_name":"Visit P\u00e4rnu","article_publisher":"https:\/\/www.facebook.com\/visitparnuEE\/","article_modified_time":"2023-08-03T07:24:41+00:00","og_image":[{"width":2560,"height":1149,"url":"https:\/\/visitparnu.com\/wp-content\/uploads\/2023\/01\/Parnu-bussijaam-scaled-1.jpg","type":"image\/jpeg"}],"twitter_card":"summary_large_image","twitter_misc":{"Est. reading time":"3 minutes"},"schema":{"@context":"https:\/\/schema.org","@graph":[{"@type":"WebPage","@id":"https:\/\/visitparnu.com\/lv\/pernavas-autoosta\/","url":"https:\/\/visitparnu.com\/lv\/pernavas-autoosta\/","name":"P\u0113rnavas autoosta - Visit P\u00e4rnu","isPartOf":{"@id":"https:\/\/visitparnu.com\/lv\/#website"},"primaryImageOfPage":{"@id":"https:\/\/visitparnu.com\/lv\/pernavas-autoosta\/#primaryimage"},"image":{"@id":"https:\/\/visitparnu.com\/lv\/pernavas-autoosta\/#primaryimage"},"thumbnailUrl":"https:\/\/visitparnu.com\/wp-content\/uploads\/2023\/01\/Parnu-bussijaam-scaled-1.jpg","datePublished":"2019-01-03T07:37:51+00:00","dateModified":"2023-08-03T07:24:41+00:00","breadcrumb":{"@id":"https:\/\/visitparnu.com\/lv\/pernavas-autoosta\/#breadcrumb"},"inLanguage":"lv-LV","potentialAction":[{"@type":"ReadAction","target":["https:\/\/visitparnu.com\/lv\/pernavas-autoosta\/"]}]},{"@type":"ImageObject","inLanguage":"lv-LV","@id":"https:\/\/visitparnu.com\/lv\/pernavas-autoosta\/#primaryimage","url":"https:\/\/visitparnu.com\/wp-content\/uploads\/2023\/01\/Parnu-bussijaam-scaled-1.jpg","contentUrl":"https:\/\/visitparnu.com\/wp-content\/uploads\/2023\/01\/Parnu-bussijaam-scaled-1.jpg","width":2560,"height":1149},{"@type":"BreadcrumbList","@id":"https:\/\/visitparnu.com\/lv\/pernavas-autoosta\/#breadcrumb","itemListElement":[{"@type":"ListItem","position":1,"name":"","item":"https:\/\/visitparnu.com\/lv\/"},{"@type":"ListItem","position":2,"name":"P\u0113rnavas autoosta"}]},{"@type":"WebSite","@id":"https:\/\/visitparnu.com\/lv\/#website","url":"https:\/\/visitparnu.com\/lv\/","name":"Visit P\u00e4rnu","description":"","publisher":{"@id":"https:\/\/visitparnu.com\/lv\/#organization"},"potentialAction":[{"@type":"SearchAction","target":{"@type":"EntryPoint","urlTemplate":"https:\/\/visitparnu.com\/lv\/?s={search_term_string}"},"query-input":{"@type":"PropertyValueSpecification","valueRequired":true,"valueName":"search_term_string"}}],"inLanguage":"lv-LV"},{"@type":"Organization","@id":"https:\/\/visitparnu.com\/lv\/#organization","name":"Visit P\u00e4rnu","url":"https:\/\/visitparnu.com\/lv\/","logo":{"@type":"ImageObject","inLanguage":"lv-LV","@id":"https:\/\/visitparnu.com\/lv\/#\/schema\/logo\/image\/","url":"https:\/\/visitparnu.com\/wp-content\/uploads\/2022\/11\/VP_logo.svg","contentUrl":"https:\/\/visitparnu.com\/wp-content\/uploads\/2022\/11\/VP_logo.svg","width":305,"height":33,"caption":"Visit P\u00e4rnu"},"image":{"@id":"https:\/\/visitparnu.com\/lv\/#\/schema\/logo\/image\/"},"sameAs":["https:\/\/www.facebook.com\/visitparnuEE\/","https:\/\/www.youtube.com\/user\/visitparnuestonia\/","https:\/\/www.instagram.com\/visitparnu\/"]}]}},"_links":{"self":[{"href":"https:\/\/visitparnu.com\/lv\/wp-json\/wp\/v2\/pages\/4937476","targetHints":{"allow":["GET"]}}],"collection":[{"href":"https:\/\/visitparnu.com\/lv\/wp-json\/wp\/v2\/pages"}],"about":[{"href":"https:\/\/visitparnu.com\/lv\/wp-json\/wp\/v2\/types\/page"}],"author":[{"embeddable":true,"href":"https:\/\/visitparnu.com\/lv\/wp-json\/wp\/v2\/users\/1"}],"replies":[{"embeddable":true,"href":"https:\/\/visitparnu.com\/lv\/wp-json\/wp\/v2\/comments?post=4937476"}],"version-history":[{"count":10,"href":"https:\/\/visitparnu.com\/lv\/wp-json\/wp\/v2\/pages\/4937476\/revisions"}],"predecessor-version":[{"id":4979116,"href":"https:\/\/visitparnu.com\/lv\/wp-json\/wp\/v2\/pages\/4937476\/revisions\/4979116"}],"wp:featuredmedia":[{"embeddable":true,"href":"https:\/\/visitparnu.com\/lv\/wp-json\/wp\/v2\/media\/4941773"}],"wp:attachment":[{"href":"https:\/\/visitparnu.com\/lv\/wp-json\/wp\/v2\/media?parent=4937476"}],"curies":[{"name":"wp","href":"https:\/\/api.w.org\/{rel}","templated":true}]}}