{"id":4937472,"date":"2018-12-11T14:04:05","date_gmt":"2018-12-11T12:04:05","guid":{"rendered":"https:\/\/visitparnu.com\/kontakti\/"},"modified":"2023-01-30T10:53:58","modified_gmt":"2023-01-30T08:53:58","slug":"kontakti","status":"publish","type":"page","link":"https:\/\/visitparnu.com\/lv\/kontakti\/","title":{"rendered":"Kontakti"},"content":{"rendered":"\t\t<div data-elementor-type=\"wp-post\" data-elementor-id=\"4937472\" class=\"elementor elementor-4937472 elementor-4936678\" data-elementor-post-type=\"page\">\n\t\t\t\t\t\t<section class=\"elementor-section elementor-top-section elementor-element elementor-element-c4f1651 elementor-section-full_width elementor-section-height-default elementor-section-height-default\" data-id=\"c4f1651\" data-element_type=\"section\" data-e-type=\"section\">\n\t\t\t\t\t\t<div class=\"elementor-container elementor-column-gap-default\">\n\t\t\t\t\t<div class=\"elementor-column elementor-col-100 elementor-top-column elementor-element elementor-element-f143eca\" data-id=\"f143eca\" data-element_type=\"column\" data-e-type=\"column\">\n\t\t\t<div class=\"elementor-widget-wrap elementor-element-populated\">\n\t\t\t\t\t\t<div class=\"elementor-element elementor-element-9f31e9f elementor-widget elementor-widget-text-editor\" data-id=\"9f31e9f\" data-element_type=\"widget\" data-e-type=\"widget\" data-widget_type=\"text-editor.default\">\n\t\t\t\t\t\t\t\t\t<p><b>Visitparnu.com<\/b> t\u012bmek\u013ca lapa ir izveidota, lai visus interesentus iepaz\u012bstin\u0101tu ar <strong>P\u0113rnavas pils\u0113tu un P\u0113rnavas apri\u0146\u0137i.<\/strong> \u0160eit var rast atbildes uz da\u017e\u0101diem jaut\u0101jumiem, piem\u0113ram, ko P\u0113rnav\u0101 dar\u012bt vai kur P\u0113rnav\u0101 nak\u0161\u0146ot. \u0160aj\u0101 lap\u0101 esam apkopojo\u0161i visu nepiecie\u0161amo inform\u0101ciju par P\u0113rnavu, k\u0101 ar\u012b regul\u0101ri to atjaunojam.<\/p><p>Papildus zi\u0146u aktualiz\u0113\u0161anai m\u0101jaslap\u0101 r\u012bkojam ekskursijas preses p\u0101rst\u0101vjiem, izdodam druk\u0101tos materi\u0101lus, izplat\u0101m fotogr\u0101fijas un video u.c. <br \/>Lai sa\u0146emtu fotogr\u0101fijas, iesak\u0101m v\u0113rsties m\u016bsu\u00a0<a href=\"https:\/\/www.flickr.com\/photos\/visit-parnu\/albums\/\" target=\"_blank\" rel=\"noopener\">Flickr fotobank\u0101<\/a>. Fotogr\u0101fijas paredz\u0113tas lieto\u0161anai nekomerci\u0101los nol\u016bkos, k\u0101 ar\u012b noteikti nepiecie\u0161ama atsauce uz fotogr\u0101fijas autoru un visitparnu.com dom\u0113nu.<\/p><p>Esam izdevu\u0161i da\u017e\u0101dus tematiskos iespieddarbus, piem\u0113ram, P\u0113rnavas pils\u0113tas karte, P\u0113rnavas apri\u0146\u0137a karte, buklets par m\u016bsu re\u0123ionu u.c. Gatavos druk\u0101tos darbus var apl\u016bkot\u00a0<a href=\"https:\/\/visitparnu.com\/lv\/marketinga-materiali\/\" target=\"_blank\" rel=\"noopener\">\u0160EIT<\/a>.<\/p><p>Video materi\u0101lus var v\u0113rot m\u016bsu\u00a0<a href=\"https:\/\/www.youtube.com\/channel\/UCSNsi-_ZO6W2WAMdaGkOfpg\" target=\"_blank\" rel=\"noopener\">youtube kan\u0101l\u0101<\/a>.<\/p><p>Ja jums ir priek\u0161likumi un jaut\u0101jumi vai ar\u012b v\u0113laties, piem\u0113ram, P\u0113rnav\u0101 r\u012bkot ekskursiju preses p\u0101rst\u0101vjiem, dro\u0161i sazinieties ar mums.<\/p>\t\t\t\t\t\t\t\t<\/div>\n\t\t\t\t<div class=\"elementor-element elementor-element-092eda7 elementor-button-align-center elementor-widget elementor-widget-form\" data-id=\"092eda7\" data-element_type=\"widget\" data-e-type=\"widget\" data-settings=\"{&quot;step_next_label&quot;:&quot;Next&quot;,&quot;step_previous_label&quot;:&quot;Previous&quot;,&quot;button_width&quot;:&quot;100&quot;,&quot;step_type&quot;:&quot;number_text&quot;,&quot;step_icon_shape&quot;:&quot;circle&quot;}\" data-widget_type=\"form.default\">\n\t\t\t\t\t\t\t<form class=\"elementor-form\" method=\"post\" name=\"New Form\" aria-label=\"New Form\">\n\t\t\t<input type=\"hidden\" name=\"post_id\" value=\"4937472\"\/>\n\t\t\t<input type=\"hidden\" name=\"form_id\" value=\"092eda7\"\/>\n\t\t\t<input type=\"hidden\" name=\"referer_title\" value=\"Kontakti - Visit P\u00e4rnu\" \/>\n\n\t\t\t\t\t\t\t<input type=\"hidden\" name=\"queried_id\" value=\"4937472\"\/>\n\t\t\t\n\t\t\t<div class=\"elementor-form-fields-wrapper elementor-labels-above\">\n\t\t\t\t\t\t\t\t<div class=\"elementor-field-type-text elementor-field-group elementor-column elementor-field-group-name elementor-col-100\">\n\t\t\t\t\t\t\t\t\t\t\t\t<label for=\"form-field-name\" class=\"elementor-field-label\">\n\t\t\t\t\t\t\t\tNosaukums\t\t\t\t\t\t\t<\/label>\n\t\t\t\t\t\t\t\t\t\t\t\t\t\t<input size=\"1\" type=\"text\" name=\"form_fields[name]\" id=\"form-field-name\" class=\"elementor-field elementor-size-sm  elementor-field-textual\">\n\t\t\t\t\t\t\t\t\t\t\t<\/div>\n\t\t\t\t\t\t\t\t<div class=\"elementor-field-type-email elementor-field-group elementor-column elementor-field-group-email elementor-col-100 elementor-field-required\">\n\t\t\t\t\t\t\t\t\t\t\t\t<label for=\"form-field-email\" class=\"elementor-field-label\">\n\t\t\t\t\t\t\t\tE-pastu\t\t\t\t\t\t\t<\/label>\n\t\t\t\t\t\t\t\t\t\t\t\t\t\t<input size=\"1\" type=\"email\" name=\"form_fields[email]\" id=\"form-field-email\" class=\"elementor-field elementor-size-sm  elementor-field-textual\" required=\"required\">\n\t\t\t\t\t\t\t\t\t\t\t<\/div>\n\t\t\t\t\t\t\t\t<div class=\"elementor-field-type-textarea elementor-field-group elementor-column elementor-field-group-message elementor-col-100\">\n\t\t\t\t\t\t\t\t\t\t\t\t<label for=\"form-field-message\" class=\"elementor-field-label\">\n\t\t\t\t\t\t\t\tZi\u0146u\t\t\t\t\t\t\t<\/label>\n\t\t\t\t\t\t<textarea class=\"elementor-field-textual elementor-field  elementor-size-sm\" name=\"form_fields[message]\" id=\"form-field-message\" rows=\"4\"><\/textarea>\t\t\t\t<\/div>\n\t\t\t\t\t\t\t\t<div class=\"elementor-field-type-recaptcha elementor-field-group elementor-column elementor-field-group-eac63a4 elementor-col-100\">\n\t\t\t\t\t<div class=\"elementor-field\" id=\"form-field-eac63a4\"><\/div>\t\t\t\t<\/div>\n\t\t\t\t\t\t\t\t<div class=\"elementor-field-group elementor-column elementor-field-type-submit elementor-col-100 e-form__buttons\">\n\t\t\t\t\t<button class=\"elementor-button elementor-size-xs\" type=\"submit\">\n\t\t\t\t\t\t<span class=\"elementor-button-content-wrapper\">\n\t\t\t\t\t\t\t\t\t\t\t\t\t\t\t<span class=\"elementor-button-icon\">\n\t\t\t\t\t\t\t\t\t<i class=\"fa fa-send\" aria-hidden=\"true\"><\/i>\t\t\t\t\t\t\t\t\t\t\t\t\t\t\t\t\t<\/span>\n\t\t\t\t\t\t\t\t\t\t\t\t\t\t\t\t\t\t\t\t\t\t<span class=\"elementor-button-text\">Nos\u016bti v\u0113stuli<\/span>\n\t\t\t\t\t\t\t\t\t\t\t\t\t<\/span>\n\t\t\t\t\t<\/button>\n\t\t\t\t<\/div>\n\t\t\t<\/div>\n\t\t<\/form>\n\t\t\t\t\t\t<\/div>\n\t\t\t\t\t<\/div>\n\t\t<\/div>\n\t\t\t\t\t<\/div>\n\t\t<\/section>\n\t\t\t\t<\/div>\n\t\t","protected":false},"excerpt":{"rendered":"<p>Visitparnu.com t\u012bmek\u013ca lapa ir izveidota, lai visus interesentus iepaz\u012bstin\u0101tu ar P\u0113rnavas pils\u0113tu un P\u0113rnavas apri\u0146\u0137i. \u0160eit var rast atbildes uz da\u017e\u0101diem jaut\u0101jumiem, piem\u0113ram, ko P\u0113rnav\u0101 dar\u012bt vai kur P\u0113rnav\u0101 nak\u0161\u0146ot. \u0160aj\u0101 lap\u0101 esam apkopojo\u0161i visu nepiecie\u0161amo inform\u0101ciju par P\u0113rnavu, k\u0101 ar\u012b regul\u0101ri to atjaunojam. Papildus zi\u0146u aktualiz\u0113\u0161anai m\u0101jaslap\u0101 r\u012bkojam ekskursijas preses p\u0101rst\u0101vjiem, izdodam druk\u0101tos materi\u0101lus, [&hellip;]<\/p>\n","protected":false},"author":1,"featured_media":4952383,"parent":0,"menu_order":0,"comment_status":"closed","ping_status":"closed","template":"","meta":{"_acf_changed":false,"footnotes":""},"class_list":["post-4937472","page","type-page","status-publish","has-post-thumbnail","hentry"],"acf":[],"yoast_head":"<!-- This site is optimized with the Yoast SEO plugin v27.3 - https:\/\/yoast.com\/product\/yoast-seo-wordpress\/ -->\n<title>Kontakti - Visit P\u00e4rnu<\/title>\n<meta name=\"robots\" content=\"index, follow, max-snippet:-1, max-image-preview:large, max-video-preview:-1\" \/>\n<link rel=\"canonical\" href=\"https:\/\/visitparnu.com\/lv\/kontakti\/\" \/>\n<meta property=\"og:locale\" content=\"lv_LV\" \/>\n<meta property=\"og:type\" content=\"article\" \/>\n<meta property=\"og:title\" content=\"Kontakti - Visit P\u00e4rnu\" \/>\n<meta property=\"og:description\" content=\"Visitparnu.com t\u012bmek\u013ca lapa ir izveidota, lai visus interesentus iepaz\u012bstin\u0101tu ar P\u0113rnavas pils\u0113tu un P\u0113rnavas apri\u0146\u0137i. \u0160eit var rast atbildes uz da\u017e\u0101diem jaut\u0101jumiem, piem\u0113ram, ko P\u0113rnav\u0101 dar\u012bt vai kur P\u0113rnav\u0101 nak\u0161\u0146ot. \u0160aj\u0101 lap\u0101 esam apkopojo\u0161i visu nepiecie\u0161amo inform\u0101ciju par P\u0113rnavu, k\u0101 ar\u012b regul\u0101ri to atjaunojam. Papildus zi\u0146u aktualiz\u0113\u0161anai m\u0101jaslap\u0101 r\u012bkojam ekskursijas preses p\u0101rst\u0101vjiem, izdodam druk\u0101tos materi\u0101lus, [&hellip;]\" \/>\n<meta property=\"og:url\" content=\"https:\/\/visitparnu.com\/lv\/kontakti\/\" \/>\n<meta property=\"og:site_name\" content=\"Visit P\u00e4rnu\" \/>\n<meta property=\"article:publisher\" content=\"https:\/\/www.facebook.com\/visitparnuEE\/\" \/>\n<meta property=\"article:modified_time\" content=\"2023-01-30T08:53:58+00:00\" \/>\n<meta property=\"og:image\" content=\"https:\/\/visitparnu.com\/wp-content\/uploads\/2023\/01\/Kontaktid.jpg\" \/>\n\t<meta property=\"og:image:width\" content=\"1731\" \/>\n\t<meta property=\"og:image:height\" content=\"1154\" \/>\n\t<meta property=\"og:image:type\" content=\"image\/jpeg\" \/>\n<meta name=\"twitter:card\" content=\"summary_large_image\" \/>\n<meta name=\"twitter:label1\" content=\"Est. reading time\" \/>\n\t<meta name=\"twitter:data1\" content=\"1 minute\" \/>\n<script type=\"application\/ld+json\" class=\"yoast-schema-graph\">{\"@context\":\"https:\\\/\\\/schema.org\",\"@graph\":[{\"@type\":\"WebPage\",\"@id\":\"https:\\\/\\\/visitparnu.com\\\/lv\\\/kontakti\\\/\",\"url\":\"https:\\\/\\\/visitparnu.com\\\/lv\\\/kontakti\\\/\",\"name\":\"Kontakti - Visit P\u00e4rnu\",\"isPartOf\":{\"@id\":\"https:\\\/\\\/visitparnu.com\\\/lv\\\/#website\"},\"primaryImageOfPage\":{\"@id\":\"https:\\\/\\\/visitparnu.com\\\/lv\\\/kontakti\\\/#primaryimage\"},\"image\":{\"@id\":\"https:\\\/\\\/visitparnu.com\\\/lv\\\/kontakti\\\/#primaryimage\"},\"thumbnailUrl\":\"https:\\\/\\\/visitparnu.com\\\/wp-content\\\/uploads\\\/2023\\\/01\\\/Kontaktid.jpg\",\"datePublished\":\"2018-12-11T12:04:05+00:00\",\"dateModified\":\"2023-01-30T08:53:58+00:00\",\"breadcrumb\":{\"@id\":\"https:\\\/\\\/visitparnu.com\\\/lv\\\/kontakti\\\/#breadcrumb\"},\"inLanguage\":\"lv-LV\",\"potentialAction\":[{\"@type\":\"ReadAction\",\"target\":[\"https:\\\/\\\/visitparnu.com\\\/lv\\\/kontakti\\\/\"]}]},{\"@type\":\"ImageObject\",\"inLanguage\":\"lv-LV\",\"@id\":\"https:\\\/\\\/visitparnu.com\\\/lv\\\/kontakti\\\/#primaryimage\",\"url\":\"https:\\\/\\\/visitparnu.com\\\/wp-content\\\/uploads\\\/2023\\\/01\\\/Kontaktid.jpg\",\"contentUrl\":\"https:\\\/\\\/visitparnu.com\\\/wp-content\\\/uploads\\\/2023\\\/01\\\/Kontaktid.jpg\",\"width\":1731,\"height\":1154},{\"@type\":\"BreadcrumbList\",\"@id\":\"https:\\\/\\\/visitparnu.com\\\/lv\\\/kontakti\\\/#breadcrumb\",\"itemListElement\":[{\"@type\":\"ListItem\",\"position\":1,\"name\":\"\",\"item\":\"https:\\\/\\\/visitparnu.com\\\/lv\\\/\"},{\"@type\":\"ListItem\",\"position\":2,\"name\":\"Kontakti\"}]},{\"@type\":\"WebSite\",\"@id\":\"https:\\\/\\\/visitparnu.com\\\/lv\\\/#website\",\"url\":\"https:\\\/\\\/visitparnu.com\\\/lv\\\/\",\"name\":\"Visit P\u00e4rnu\",\"description\":\"\",\"publisher\":{\"@id\":\"https:\\\/\\\/visitparnu.com\\\/lv\\\/#organization\"},\"potentialAction\":[{\"@type\":\"SearchAction\",\"target\":{\"@type\":\"EntryPoint\",\"urlTemplate\":\"https:\\\/\\\/visitparnu.com\\\/lv\\\/?s={search_term_string}\"},\"query-input\":{\"@type\":\"PropertyValueSpecification\",\"valueRequired\":true,\"valueName\":\"search_term_string\"}}],\"inLanguage\":\"lv-LV\"},{\"@type\":\"Organization\",\"@id\":\"https:\\\/\\\/visitparnu.com\\\/lv\\\/#organization\",\"name\":\"Visit P\u00e4rnu\",\"url\":\"https:\\\/\\\/visitparnu.com\\\/lv\\\/\",\"logo\":{\"@type\":\"ImageObject\",\"inLanguage\":\"lv-LV\",\"@id\":\"https:\\\/\\\/visitparnu.com\\\/lv\\\/#\\\/schema\\\/logo\\\/image\\\/\",\"url\":\"https:\\\/\\\/visitparnu.com\\\/wp-content\\\/uploads\\\/2022\\\/11\\\/VP_logo.svg\",\"contentUrl\":\"https:\\\/\\\/visitparnu.com\\\/wp-content\\\/uploads\\\/2022\\\/11\\\/VP_logo.svg\",\"width\":305,\"height\":33,\"caption\":\"Visit P\u00e4rnu\"},\"image\":{\"@id\":\"https:\\\/\\\/visitparnu.com\\\/lv\\\/#\\\/schema\\\/logo\\\/image\\\/\"},\"sameAs\":[\"https:\\\/\\\/www.facebook.com\\\/visitparnuEE\\\/\",\"https:\\\/\\\/www.youtube.com\\\/user\\\/visitparnuestonia\\\/\",\"https:\\\/\\\/www.instagram.com\\\/visitparnu\\\/\"]}]}<\/script>\n<!-- \/ Yoast SEO plugin. -->","yoast_head_json":{"title":"Kontakti - Visit P\u00e4rnu","robots":{"index":"index","follow":"follow","max-snippet":"max-snippet:-1","max-image-preview":"max-image-preview:large","max-video-preview":"max-video-preview:-1"},"canonical":"https:\/\/visitparnu.com\/lv\/kontakti\/","og_locale":"lv_LV","og_type":"article","og_title":"Kontakti - Visit P\u00e4rnu","og_description":"Visitparnu.com t\u012bmek\u013ca lapa ir izveidota, lai visus interesentus iepaz\u012bstin\u0101tu ar P\u0113rnavas pils\u0113tu un P\u0113rnavas apri\u0146\u0137i. \u0160eit var rast atbildes uz da\u017e\u0101diem jaut\u0101jumiem, piem\u0113ram, ko P\u0113rnav\u0101 dar\u012bt vai kur P\u0113rnav\u0101 nak\u0161\u0146ot. \u0160aj\u0101 lap\u0101 esam apkopojo\u0161i visu nepiecie\u0161amo inform\u0101ciju par P\u0113rnavu, k\u0101 ar\u012b regul\u0101ri to atjaunojam. Papildus zi\u0146u aktualiz\u0113\u0161anai m\u0101jaslap\u0101 r\u012bkojam ekskursijas preses p\u0101rst\u0101vjiem, izdodam druk\u0101tos materi\u0101lus, [&hellip;]","og_url":"https:\/\/visitparnu.com\/lv\/kontakti\/","og_site_name":"Visit P\u00e4rnu","article_publisher":"https:\/\/www.facebook.com\/visitparnuEE\/","article_modified_time":"2023-01-30T08:53:58+00:00","og_image":[{"width":1731,"height":1154,"url":"https:\/\/visitparnu.com\/wp-content\/uploads\/2023\/01\/Kontaktid.jpg","type":"image\/jpeg"}],"twitter_card":"summary_large_image","twitter_misc":{"Est. reading time":"1 minute"},"schema":{"@context":"https:\/\/schema.org","@graph":[{"@type":"WebPage","@id":"https:\/\/visitparnu.com\/lv\/kontakti\/","url":"https:\/\/visitparnu.com\/lv\/kontakti\/","name":"Kontakti - Visit P\u00e4rnu","isPartOf":{"@id":"https:\/\/visitparnu.com\/lv\/#website"},"primaryImageOfPage":{"@id":"https:\/\/visitparnu.com\/lv\/kontakti\/#primaryimage"},"image":{"@id":"https:\/\/visitparnu.com\/lv\/kontakti\/#primaryimage"},"thumbnailUrl":"https:\/\/visitparnu.com\/wp-content\/uploads\/2023\/01\/Kontaktid.jpg","datePublished":"2018-12-11T12:04:05+00:00","dateModified":"2023-01-30T08:53:58+00:00","breadcrumb":{"@id":"https:\/\/visitparnu.com\/lv\/kontakti\/#breadcrumb"},"inLanguage":"lv-LV","potentialAction":[{"@type":"ReadAction","target":["https:\/\/visitparnu.com\/lv\/kontakti\/"]}]},{"@type":"ImageObject","inLanguage":"lv-LV","@id":"https:\/\/visitparnu.com\/lv\/kontakti\/#primaryimage","url":"https:\/\/visitparnu.com\/wp-content\/uploads\/2023\/01\/Kontaktid.jpg","contentUrl":"https:\/\/visitparnu.com\/wp-content\/uploads\/2023\/01\/Kontaktid.jpg","width":1731,"height":1154},{"@type":"BreadcrumbList","@id":"https:\/\/visitparnu.com\/lv\/kontakti\/#breadcrumb","itemListElement":[{"@type":"ListItem","position":1,"name":"","item":"https:\/\/visitparnu.com\/lv\/"},{"@type":"ListItem","position":2,"name":"Kontakti"}]},{"@type":"WebSite","@id":"https:\/\/visitparnu.com\/lv\/#website","url":"https:\/\/visitparnu.com\/lv\/","name":"Visit P\u00e4rnu","description":"","publisher":{"@id":"https:\/\/visitparnu.com\/lv\/#organization"},"potentialAction":[{"@type":"SearchAction","target":{"@type":"EntryPoint","urlTemplate":"https:\/\/visitparnu.com\/lv\/?s={search_term_string}"},"query-input":{"@type":"PropertyValueSpecification","valueRequired":true,"valueName":"search_term_string"}}],"inLanguage":"lv-LV"},{"@type":"Organization","@id":"https:\/\/visitparnu.com\/lv\/#organization","name":"Visit P\u00e4rnu","url":"https:\/\/visitparnu.com\/lv\/","logo":{"@type":"ImageObject","inLanguage":"lv-LV","@id":"https:\/\/visitparnu.com\/lv\/#\/schema\/logo\/image\/","url":"https:\/\/visitparnu.com\/wp-content\/uploads\/2022\/11\/VP_logo.svg","contentUrl":"https:\/\/visitparnu.com\/wp-content\/uploads\/2022\/11\/VP_logo.svg","width":305,"height":33,"caption":"Visit P\u00e4rnu"},"image":{"@id":"https:\/\/visitparnu.com\/lv\/#\/schema\/logo\/image\/"},"sameAs":["https:\/\/www.facebook.com\/visitparnuEE\/","https:\/\/www.youtube.com\/user\/visitparnuestonia\/","https:\/\/www.instagram.com\/visitparnu\/"]}]}},"_links":{"self":[{"href":"https:\/\/visitparnu.com\/lv\/wp-json\/wp\/v2\/pages\/4937472","targetHints":{"allow":["GET"]}}],"collection":[{"href":"https:\/\/visitparnu.com\/lv\/wp-json\/wp\/v2\/pages"}],"about":[{"href":"https:\/\/visitparnu.com\/lv\/wp-json\/wp\/v2\/types\/page"}],"author":[{"embeddable":true,"href":"https:\/\/visitparnu.com\/lv\/wp-json\/wp\/v2\/users\/1"}],"replies":[{"embeddable":true,"href":"https:\/\/visitparnu.com\/lv\/wp-json\/wp\/v2\/comments?post=4937472"}],"version-history":[{"count":7,"href":"https:\/\/visitparnu.com\/lv\/wp-json\/wp\/v2\/pages\/4937472\/revisions"}],"predecessor-version":[{"id":4955637,"href":"https:\/\/visitparnu.com\/lv\/wp-json\/wp\/v2\/pages\/4937472\/revisions\/4955637"}],"wp:featuredmedia":[{"embeddable":true,"href":"https:\/\/visitparnu.com\/lv\/wp-json\/wp\/v2\/media\/4952383"}],"wp:attachment":[{"href":"https:\/\/visitparnu.com\/lv\/wp-json\/wp\/v2\/media?parent=4937472"}],"curies":[{"name":"wp","href":"https:\/\/api.w.org\/{rel}","templated":true}]}}