{"id":4937471,"date":"2018-12-13T06:20:19","date_gmt":"2018-12-13T04:20:19","guid":{"rendered":"https:\/\/visitparnu.com\/pernavas-lidosta\/"},"modified":"2023-05-26T09:47:47","modified_gmt":"2023-05-26T07:47:47","slug":"pernavas-lidosta","status":"publish","type":"page","link":"https:\/\/visitparnu.com\/lv\/pernavas-lidosta\/","title":{"rendered":"P\u0113rnavas lidosta"},"content":{"rendered":"\t\t<div data-elementor-type=\"wp-post\" data-elementor-id=\"4937471\" class=\"elementor elementor-4937471 elementor-4936679\" data-elementor-post-type=\"page\">\n\t\t\t\t<div class=\"elementor-element elementor-element-7835689 content-one-col-block e-flex e-con-boxed e-con e-parent\" data-id=\"7835689\" data-element_type=\"container\" data-e-type=\"container\">\n\t\t\t\t\t<div class=\"e-con-inner\">\n\t\t<div class=\"elementor-element elementor-element-6e0dd26 e-con-full e-flex e-con e-parent\" data-id=\"6e0dd26\" data-element_type=\"container\" data-e-type=\"container\">\n\t\t\t\t<div class=\"elementor-element elementor-element-884105c elementor-widget elementor-widget-text-editor\" data-id=\"884105c\" data-element_type=\"widget\" data-e-type=\"widget\" data-widget_type=\"text-editor.default\">\n\t\t\t\t\t\t\t\t\t<p>P\u0113rnavas lidostas atjauno\u0161anas darbi tiks pabeigti 2021. gada vasar\u0101, p\u0113c k\u0101 lidosta var\u0113s apkalpot gan re\u0123ion\u0101l\u0101s, gan starptautisk\u0101s aviol\u012bnijas.<\/p>\t\t\t\t\t\t\t\t<\/div>\n\t\t\t\t<\/div>\n\t\t\t\t\t<\/div>\n\t\t\t\t<\/div>\n\t\t<div class=\"elementor-element elementor-element-11695f2 content-two-col-block e-flex e-con-boxed e-con e-parent\" data-id=\"11695f2\" data-element_type=\"container\" data-e-type=\"container\">\n\t\t\t\t\t<div class=\"e-con-inner\">\n\t\t<div class=\"elementor-element elementor-element-f7bb071 e-con-full e-flex e-con e-parent\" data-id=\"f7bb071\" data-element_type=\"container\" data-e-type=\"container\">\n\t\t\t\t<div class=\"elementor-element elementor-element-89d079e elementor-widget elementor-widget-text-editor\" data-id=\"89d079e\" data-element_type=\"widget\" data-e-type=\"widget\" data-widget_type=\"text-editor.default\">\n\t\t\t\t\t\t\t\t\t<p>Skrejce\u013ca garums b\u016bs 2000 m un platums 30 m, tiks izb\u016bv\u0113tas ar\u012b visas nepiecie\u0161am\u0101s dro\u0161\u012bbas zonas.\u00a0Pasa\u017eieru termin\u0101ls vienlaikus sp\u0113s apkalpot 80 ielidojo\u0161os un 80 izlidojo\u0161os pasa\u017eierus.<br \/>Lidosta atrodas tikai 4 km att\u0101lum\u0101 no pils\u0113tas centra, t\u0101d\u0113j\u0101di ar\u012b b\u016btiski samazinot kop\u0113jo laiku l\u012bdz galam\u0113r\u0137im.\u00a0Mekl\u0113jam partnerus, kuri b\u016btu ieinteres\u0113ti veikt lidojumus uz P\u0113rnavu no Latvijas, Somijas, Zviedrijas un Norv\u0113\u0123ijas.<\/p><p>Lai sa\u0146emtu papildu inform\u0101ciju, sazinieties, l\u016bdzu, pa e-pastu <b>annika.raadik@parnu.ee.<\/b><\/p>\t\t\t\t\t\t\t\t<\/div>\n\t\t\t\t<div class=\"elementor-element elementor-element-058d2bd elementor-widget elementor-widget-image\" data-id=\"058d2bd\" data-element_type=\"widget\" data-e-type=\"widget\" data-widget_type=\"image.default\">\n\t\t\t\t\t\t\t\t\t\t\t\t\t\t\t<img fetchpriority=\"high\" decoding=\"async\" width=\"1024\" height=\"683\" src=\"https:\/\/visitparnu.com\/wp-content\/uploads\/2022\/11\/airplane-g6a052ee7b_1920-1024x683.jpg\" class=\"attachment-large size-large wp-image-4918859\" alt=\"\" srcset=\"https:\/\/visitparnu.com\/wp-content\/uploads\/2022\/11\/airplane-g6a052ee7b_1920-1024x683.jpg 1024w, https:\/\/visitparnu.com\/wp-content\/uploads\/2022\/11\/airplane-g6a052ee7b_1920-300x200.jpg 300w, https:\/\/visitparnu.com\/wp-content\/uploads\/2022\/11\/airplane-g6a052ee7b_1920-768x512.jpg 768w, https:\/\/visitparnu.com\/wp-content\/uploads\/2022\/11\/airplane-g6a052ee7b_1920-1536x1025.jpg 1536w, https:\/\/visitparnu.com\/wp-content\/uploads\/2022\/11\/airplane-g6a052ee7b_1920.jpg 1920w\" sizes=\"(max-width: 1024px) 100vw, 1024px\" \/>\t\t\t\t\t\t\t\t\t\t\t\t\t\t\t<\/div>\n\t\t\t\t<\/div>\n\t\t<div class=\"elementor-element elementor-element-a4e5460 e-con-full e-flex e-con e-parent\" data-id=\"a4e5460\" data-element_type=\"container\" data-e-type=\"container\">\n\t\t\t\t<div class=\"elementor-element elementor-element-7761595 elementor-widget elementor-widget-text-editor\" data-id=\"7761595\" data-element_type=\"widget\" data-e-type=\"widget\" data-widget_type=\"text-editor.default\">\n\t\t\t\t\t\t\t\t\t<div class=\"elementor-element elementor-element-6a270f8 elementor-widget elementor-widget-text-editor\" data-id=\"6a270f8\" data-element_type=\"widget\" data-settings=\"{&quot;ekit_we_effect_on&quot;:&quot;none&quot;}\" data-widget_type=\"text-editor.default\"><div class=\"elementor-widget-container\"><div class=\"elementor-text-editor elementor-clearfix\"><h2>Moderns k\u016brorts gaida j\u016bs!<\/h2><p>P\u0113rnavai, k\u0101 jau k\u016brortpils\u0113tai pien\u0101kas, ir gana pla\u0161s pied\u0101v\u0101jums, turkl\u0101t maz\u0101k k\u0101 stundas lidojuma att\u0101lum\u0101.<\/p><ul><li>arhitekt\u016bras v\u0113rt\u012bbas<\/li><li>dab\u012bg\u0101s smil\u0161u pludmales<\/li><li>s\u0113rfo\u0161anas kubi<\/li><li>relaks\u0113jo\u0161i spa<\/li><li>atz\u012bti restor\u0101ni un autentiskas viet\u0113j\u0101s gar\u0161as<\/li><li>skaisti parki un za\u013c\u0101s zonas<\/li><li>daudzveid\u012bgi kult\u016bras pas\u0101kumi un festiv\u0101li<\/li><li>tematiskie un piedz\u012bvojumu parki visai \u0123imenei<\/li><li>pasaules l\u012bme\u0146a golfa laukumi<\/li><li>sali\u0146\u0101m rot\u0101ta j\u016bras robe\u017ea<\/li><li>prie\u017eu me\u017ei<\/li><li>pasaules l\u012bme\u0146a autotrase<\/li><li>sporto\u0161anas iesp\u0113jas<\/li><li>daudzveid\u012bgas konferen\u010du r\u012bko\u0161anas iesp\u0113jas<\/li><li>kvalitat\u012bva laika pavad\u012b\u0161anas iesp\u0113ja purv\u0101<\/li><\/ul><p>Izklaus\u0101s p\u0113c ide\u0101la pl\u0101na lieliskai atp\u016btai vai gar\u0101k\u0101m br\u012bvdien\u0101m ned\u0113\u013cas nogal\u0113, vai ne?<\/p><p><br \/><b>K\u0101p lidma\u0161\u012bn\u0101 \u2013 P\u0113rnava gaida!<\/b><\/p><\/div><\/div><\/div>\t\t\t\t\t\t\t\t<\/div>\n\t\t\t\t<\/div>\n\t\t\t\t\t<\/div>\n\t\t\t\t<\/div>\n\t\t\t\t<\/div>\n\t\t","protected":false},"excerpt":{"rendered":"<p>P\u0113rnavas lidostas atjauno\u0161anas darbi tiks pabeigti 2021. gada vasar\u0101, p\u0113c k\u0101 lidosta var\u0113s apkalpot gan re\u0123ion\u0101l\u0101s, gan starptautisk\u0101s aviol\u012bnijas. Skrejce\u013ca garums b\u016bs 2000 m un platums 30 m, tiks izb\u016bv\u0113tas ar\u012b visas nepiecie\u0161am\u0101s dro\u0161\u012bbas zonas.\u00a0Pasa\u017eieru termin\u0101ls vienlaikus sp\u0113s apkalpot 80 ielidojo\u0161os un 80 izlidojo\u0161os pasa\u017eierus.Lidosta atrodas tikai 4 km att\u0101lum\u0101 no pils\u0113tas centra, t\u0101d\u0113j\u0101di ar\u012b [&hellip;]<\/p>\n","protected":false},"author":1,"featured_media":4944837,"parent":0,"menu_order":0,"comment_status":"closed","ping_status":"closed","template":"","meta":{"_acf_changed":false,"footnotes":""},"class_list":["post-4937471","page","type-page","status-publish","has-post-thumbnail","hentry"],"acf":[],"yoast_head":"<!-- This site is optimized with the Yoast SEO plugin v27.3 - https:\/\/yoast.com\/product\/yoast-seo-wordpress\/ -->\n<title>P\u0113rnavas lidosta - Visit P\u00e4rnu<\/title>\n<meta name=\"robots\" content=\"index, follow, max-snippet:-1, max-image-preview:large, max-video-preview:-1\" \/>\n<link rel=\"canonical\" href=\"https:\/\/visitparnu.com\/lv\/pernavas-lidosta\/\" \/>\n<meta property=\"og:locale\" content=\"lv_LV\" \/>\n<meta property=\"og:type\" content=\"article\" \/>\n<meta property=\"og:title\" content=\"P\u0113rnavas lidosta - Visit P\u00e4rnu\" \/>\n<meta property=\"og:description\" content=\"P\u0113rnavas lidostas atjauno\u0161anas darbi tiks pabeigti 2021. gada vasar\u0101, p\u0113c k\u0101 lidosta var\u0113s apkalpot gan re\u0123ion\u0101l\u0101s, gan starptautisk\u0101s aviol\u012bnijas. Skrejce\u013ca garums b\u016bs 2000 m un platums 30 m, tiks izb\u016bv\u0113tas ar\u012b visas nepiecie\u0161am\u0101s dro\u0161\u012bbas zonas.\u00a0Pasa\u017eieru termin\u0101ls vienlaikus sp\u0113s apkalpot 80 ielidojo\u0161os un 80 izlidojo\u0161os pasa\u017eierus.Lidosta atrodas tikai 4 km att\u0101lum\u0101 no pils\u0113tas centra, t\u0101d\u0113j\u0101di ar\u012b [&hellip;]\" \/>\n<meta property=\"og:url\" content=\"https:\/\/visitparnu.com\/lv\/pernavas-lidosta\/\" \/>\n<meta property=\"og:site_name\" content=\"Visit P\u00e4rnu\" \/>\n<meta property=\"article:publisher\" content=\"https:\/\/www.facebook.com\/visitparnuEE\/\" \/>\n<meta property=\"article:modified_time\" content=\"2023-05-26T07:47:47+00:00\" \/>\n<meta property=\"og:image\" content=\"https:\/\/visitparnu.com\/wp-content\/uploads\/2023\/01\/Airplane-2.jpg\" \/>\n\t<meta property=\"og:image:width\" content=\"1920\" \/>\n\t<meta property=\"og:image:height\" content=\"1280\" \/>\n\t<meta property=\"og:image:type\" content=\"image\/jpeg\" \/>\n<meta name=\"twitter:card\" content=\"summary_large_image\" \/>\n<meta name=\"twitter:label1\" content=\"Est. reading time\" \/>\n\t<meta name=\"twitter:data1\" content=\"2 minutes\" \/>\n<script type=\"application\/ld+json\" class=\"yoast-schema-graph\">{\"@context\":\"https:\\\/\\\/schema.org\",\"@graph\":[{\"@type\":\"WebPage\",\"@id\":\"https:\\\/\\\/visitparnu.com\\\/lv\\\/pernavas-lidosta\\\/\",\"url\":\"https:\\\/\\\/visitparnu.com\\\/lv\\\/pernavas-lidosta\\\/\",\"name\":\"P\u0113rnavas lidosta - Visit P\u00e4rnu\",\"isPartOf\":{\"@id\":\"https:\\\/\\\/visitparnu.com\\\/lv\\\/#website\"},\"primaryImageOfPage\":{\"@id\":\"https:\\\/\\\/visitparnu.com\\\/lv\\\/pernavas-lidosta\\\/#primaryimage\"},\"image\":{\"@id\":\"https:\\\/\\\/visitparnu.com\\\/lv\\\/pernavas-lidosta\\\/#primaryimage\"},\"thumbnailUrl\":\"https:\\\/\\\/visitparnu.com\\\/wp-content\\\/uploads\\\/2023\\\/01\\\/Airplane-2.jpg\",\"datePublished\":\"2018-12-13T04:20:19+00:00\",\"dateModified\":\"2023-05-26T07:47:47+00:00\",\"breadcrumb\":{\"@id\":\"https:\\\/\\\/visitparnu.com\\\/lv\\\/pernavas-lidosta\\\/#breadcrumb\"},\"inLanguage\":\"lv-LV\",\"potentialAction\":[{\"@type\":\"ReadAction\",\"target\":[\"https:\\\/\\\/visitparnu.com\\\/lv\\\/pernavas-lidosta\\\/\"]}]},{\"@type\":\"ImageObject\",\"inLanguage\":\"lv-LV\",\"@id\":\"https:\\\/\\\/visitparnu.com\\\/lv\\\/pernavas-lidosta\\\/#primaryimage\",\"url\":\"https:\\\/\\\/visitparnu.com\\\/wp-content\\\/uploads\\\/2023\\\/01\\\/Airplane-2.jpg\",\"contentUrl\":\"https:\\\/\\\/visitparnu.com\\\/wp-content\\\/uploads\\\/2023\\\/01\\\/Airplane-2.jpg\",\"width\":1920,\"height\":1280},{\"@type\":\"BreadcrumbList\",\"@id\":\"https:\\\/\\\/visitparnu.com\\\/lv\\\/pernavas-lidosta\\\/#breadcrumb\",\"itemListElement\":[{\"@type\":\"ListItem\",\"position\":1,\"name\":\"\",\"item\":\"https:\\\/\\\/visitparnu.com\\\/lv\\\/\"},{\"@type\":\"ListItem\",\"position\":2,\"name\":\"P\u0113rnavas lidosta\"}]},{\"@type\":\"WebSite\",\"@id\":\"https:\\\/\\\/visitparnu.com\\\/lv\\\/#website\",\"url\":\"https:\\\/\\\/visitparnu.com\\\/lv\\\/\",\"name\":\"Visit P\u00e4rnu\",\"description\":\"\",\"publisher\":{\"@id\":\"https:\\\/\\\/visitparnu.com\\\/lv\\\/#organization\"},\"potentialAction\":[{\"@type\":\"SearchAction\",\"target\":{\"@type\":\"EntryPoint\",\"urlTemplate\":\"https:\\\/\\\/visitparnu.com\\\/lv\\\/?s={search_term_string}\"},\"query-input\":{\"@type\":\"PropertyValueSpecification\",\"valueRequired\":true,\"valueName\":\"search_term_string\"}}],\"inLanguage\":\"lv-LV\"},{\"@type\":\"Organization\",\"@id\":\"https:\\\/\\\/visitparnu.com\\\/lv\\\/#organization\",\"name\":\"Visit P\u00e4rnu\",\"url\":\"https:\\\/\\\/visitparnu.com\\\/lv\\\/\",\"logo\":{\"@type\":\"ImageObject\",\"inLanguage\":\"lv-LV\",\"@id\":\"https:\\\/\\\/visitparnu.com\\\/lv\\\/#\\\/schema\\\/logo\\\/image\\\/\",\"url\":\"https:\\\/\\\/visitparnu.com\\\/wp-content\\\/uploads\\\/2022\\\/11\\\/VP_logo.svg\",\"contentUrl\":\"https:\\\/\\\/visitparnu.com\\\/wp-content\\\/uploads\\\/2022\\\/11\\\/VP_logo.svg\",\"width\":305,\"height\":33,\"caption\":\"Visit P\u00e4rnu\"},\"image\":{\"@id\":\"https:\\\/\\\/visitparnu.com\\\/lv\\\/#\\\/schema\\\/logo\\\/image\\\/\"},\"sameAs\":[\"https:\\\/\\\/www.facebook.com\\\/visitparnuEE\\\/\",\"https:\\\/\\\/www.youtube.com\\\/user\\\/visitparnuestonia\\\/\",\"https:\\\/\\\/www.instagram.com\\\/visitparnu\\\/\"]}]}<\/script>\n<!-- \/ Yoast SEO plugin. -->","yoast_head_json":{"title":"P\u0113rnavas lidosta - Visit P\u00e4rnu","robots":{"index":"index","follow":"follow","max-snippet":"max-snippet:-1","max-image-preview":"max-image-preview:large","max-video-preview":"max-video-preview:-1"},"canonical":"https:\/\/visitparnu.com\/lv\/pernavas-lidosta\/","og_locale":"lv_LV","og_type":"article","og_title":"P\u0113rnavas lidosta - Visit P\u00e4rnu","og_description":"P\u0113rnavas lidostas atjauno\u0161anas darbi tiks pabeigti 2021. gada vasar\u0101, p\u0113c k\u0101 lidosta var\u0113s apkalpot gan re\u0123ion\u0101l\u0101s, gan starptautisk\u0101s aviol\u012bnijas. Skrejce\u013ca garums b\u016bs 2000 m un platums 30 m, tiks izb\u016bv\u0113tas ar\u012b visas nepiecie\u0161am\u0101s dro\u0161\u012bbas zonas.\u00a0Pasa\u017eieru termin\u0101ls vienlaikus sp\u0113s apkalpot 80 ielidojo\u0161os un 80 izlidojo\u0161os pasa\u017eierus.Lidosta atrodas tikai 4 km att\u0101lum\u0101 no pils\u0113tas centra, t\u0101d\u0113j\u0101di ar\u012b [&hellip;]","og_url":"https:\/\/visitparnu.com\/lv\/pernavas-lidosta\/","og_site_name":"Visit P\u00e4rnu","article_publisher":"https:\/\/www.facebook.com\/visitparnuEE\/","article_modified_time":"2023-05-26T07:47:47+00:00","og_image":[{"width":1920,"height":1280,"url":"https:\/\/visitparnu.com\/wp-content\/uploads\/2023\/01\/Airplane-2.jpg","type":"image\/jpeg"}],"twitter_card":"summary_large_image","twitter_misc":{"Est. reading time":"2 minutes"},"schema":{"@context":"https:\/\/schema.org","@graph":[{"@type":"WebPage","@id":"https:\/\/visitparnu.com\/lv\/pernavas-lidosta\/","url":"https:\/\/visitparnu.com\/lv\/pernavas-lidosta\/","name":"P\u0113rnavas lidosta - Visit P\u00e4rnu","isPartOf":{"@id":"https:\/\/visitparnu.com\/lv\/#website"},"primaryImageOfPage":{"@id":"https:\/\/visitparnu.com\/lv\/pernavas-lidosta\/#primaryimage"},"image":{"@id":"https:\/\/visitparnu.com\/lv\/pernavas-lidosta\/#primaryimage"},"thumbnailUrl":"https:\/\/visitparnu.com\/wp-content\/uploads\/2023\/01\/Airplane-2.jpg","datePublished":"2018-12-13T04:20:19+00:00","dateModified":"2023-05-26T07:47:47+00:00","breadcrumb":{"@id":"https:\/\/visitparnu.com\/lv\/pernavas-lidosta\/#breadcrumb"},"inLanguage":"lv-LV","potentialAction":[{"@type":"ReadAction","target":["https:\/\/visitparnu.com\/lv\/pernavas-lidosta\/"]}]},{"@type":"ImageObject","inLanguage":"lv-LV","@id":"https:\/\/visitparnu.com\/lv\/pernavas-lidosta\/#primaryimage","url":"https:\/\/visitparnu.com\/wp-content\/uploads\/2023\/01\/Airplane-2.jpg","contentUrl":"https:\/\/visitparnu.com\/wp-content\/uploads\/2023\/01\/Airplane-2.jpg","width":1920,"height":1280},{"@type":"BreadcrumbList","@id":"https:\/\/visitparnu.com\/lv\/pernavas-lidosta\/#breadcrumb","itemListElement":[{"@type":"ListItem","position":1,"name":"","item":"https:\/\/visitparnu.com\/lv\/"},{"@type":"ListItem","position":2,"name":"P\u0113rnavas lidosta"}]},{"@type":"WebSite","@id":"https:\/\/visitparnu.com\/lv\/#website","url":"https:\/\/visitparnu.com\/lv\/","name":"Visit P\u00e4rnu","description":"","publisher":{"@id":"https:\/\/visitparnu.com\/lv\/#organization"},"potentialAction":[{"@type":"SearchAction","target":{"@type":"EntryPoint","urlTemplate":"https:\/\/visitparnu.com\/lv\/?s={search_term_string}"},"query-input":{"@type":"PropertyValueSpecification","valueRequired":true,"valueName":"search_term_string"}}],"inLanguage":"lv-LV"},{"@type":"Organization","@id":"https:\/\/visitparnu.com\/lv\/#organization","name":"Visit P\u00e4rnu","url":"https:\/\/visitparnu.com\/lv\/","logo":{"@type":"ImageObject","inLanguage":"lv-LV","@id":"https:\/\/visitparnu.com\/lv\/#\/schema\/logo\/image\/","url":"https:\/\/visitparnu.com\/wp-content\/uploads\/2022\/11\/VP_logo.svg","contentUrl":"https:\/\/visitparnu.com\/wp-content\/uploads\/2022\/11\/VP_logo.svg","width":305,"height":33,"caption":"Visit P\u00e4rnu"},"image":{"@id":"https:\/\/visitparnu.com\/lv\/#\/schema\/logo\/image\/"},"sameAs":["https:\/\/www.facebook.com\/visitparnuEE\/","https:\/\/www.youtube.com\/user\/visitparnuestonia\/","https:\/\/www.instagram.com\/visitparnu\/"]}]}},"_links":{"self":[{"href":"https:\/\/visitparnu.com\/lv\/wp-json\/wp\/v2\/pages\/4937471","targetHints":{"allow":["GET"]}}],"collection":[{"href":"https:\/\/visitparnu.com\/lv\/wp-json\/wp\/v2\/pages"}],"about":[{"href":"https:\/\/visitparnu.com\/lv\/wp-json\/wp\/v2\/types\/page"}],"author":[{"embeddable":true,"href":"https:\/\/visitparnu.com\/lv\/wp-json\/wp\/v2\/users\/1"}],"replies":[{"embeddable":true,"href":"https:\/\/visitparnu.com\/lv\/wp-json\/wp\/v2\/comments?post=4937471"}],"version-history":[{"count":19,"href":"https:\/\/visitparnu.com\/lv\/wp-json\/wp\/v2\/pages\/4937471\/revisions"}],"predecessor-version":[{"id":4966072,"href":"https:\/\/visitparnu.com\/lv\/wp-json\/wp\/v2\/pages\/4937471\/revisions\/4966072"}],"wp:featuredmedia":[{"embeddable":true,"href":"https:\/\/visitparnu.com\/lv\/wp-json\/wp\/v2\/media\/4944837"}],"wp:attachment":[{"href":"https:\/\/visitparnu.com\/lv\/wp-json\/wp\/v2\/media?parent=4937471"}],"curies":[{"name":"wp","href":"https:\/\/api.w.org\/{rel}","templated":true}]}}