{"id":4937470,"date":"2018-10-29T16:17:40","date_gmt":"2018-10-29T14:17:40","guid":{"rendered":"https:\/\/visitparnu.com\/braucieni-ar-kanoe-pernavas-aprinki\/"},"modified":"2023-01-26T16:43:02","modified_gmt":"2023-01-26T14:43:02","slug":"braucieni-ar-kanoe-pernavas-aprinki","status":"publish","type":"page","link":"https:\/\/visitparnu.com\/lv\/braucieni-ar-kanoe-pernavas-aprinki\/","title":{"rendered":"Braucieni ar kanoe P\u0113rnavas apri\u0146\u0137\u012b"},"content":{"rendered":"\t\t<div data-elementor-type=\"wp-post\" data-elementor-id=\"4937470\" class=\"elementor elementor-4937470 elementor-4936669\" data-elementor-post-type=\"page\">\n\t\t\t\t\t\t<section class=\"elementor-section elementor-top-section elementor-element elementor-element-0e0a5f8 elementor-section-full_width elementor-section-height-default elementor-section-height-default\" data-id=\"0e0a5f8\" data-element_type=\"section\" data-e-type=\"section\">\n\t\t\t\t\t\t<div class=\"elementor-container elementor-column-gap-default\">\n\t\t\t\t\t<div class=\"elementor-column elementor-col-50 elementor-top-column elementor-element elementor-element-f82cfc8\" data-id=\"f82cfc8\" data-element_type=\"column\" data-e-type=\"column\">\n\t\t\t<div class=\"elementor-widget-wrap elementor-element-populated\">\n\t\t\t\t\t\t<div class=\"elementor-element elementor-element-3e6e668 elementor-widget elementor-widget-text-editor\" data-id=\"3e6e668\" data-element_type=\"widget\" data-e-type=\"widget\" data-widget_type=\"text-editor.default\">\n\t\t\t\t\t\t\t\t\t<p>Vai zin\u0101j\u0101t, ka braucieni ar kanoe var b\u016bt viens no lab\u0101kajiem veidiem, k\u0101 lieliski pavad\u012bt laiku kop\u0101 ar draugiem vai kol\u0113\u0123iem, turkl\u0101t v\u0113l apvienojot to ar atp\u016btu sportisk\u0101 gar\u0101? Tas sniedz iesp\u0113ju iziet svaig\u0101 gais\u0101, iepaz\u012bties ar pasakaino dabu un v\u0113rot upes tuvum\u0101 m\u012bto\u0161os dz\u012bvniekus. Braucieni ar kanoe visiem dal\u012bbniekiem \u013caus izbaud\u012bt lieliskus piedz\u012bvojumus un pr\u0101t\u0101 palieko\u0161us izaicin\u0101jumus. Esot kanoe laiv\u0101, vienm\u0113r j\u0101r\u0113\u0137in\u0101s ar l\u012bdzcilv\u0113kiem \u2013 kop\u012bgi darbojoties var ar\u012b lab\u0101k izjust komandas garu un t\u0101d\u0113j\u0101di censties lab\u0101k izprast vienam otru. Nopietn\u0101kiem laivot\u0101jiem ir iesp\u0113ja piedal\u012bties braucienos ar kanoe vair\u0101ku dienu garum\u0101, nak\u0161\u0146ot un baud\u012bt malt\u012bti dab\u0101, baud\u012bt pirts priekus. Turkl\u0101t to visu v\u0113l var kombin\u0113t, piem\u0113ram, ar p\u0101rg\u0101jienu purv\u0101 vai izj\u0101di ar zirgiem.<\/p><h2>Kad vislab\u0101k doties braucien\u0101 ar kanoe?<\/h2><p>P\u0113rnavas apri\u0146\u0137\u012b braucienus ar kanoe var r\u012bkot visos gadalaikos. Atkar\u012bb\u0101 no t\u0101 pareizi b\u016btu j\u0101izv\u0113las ap\u0123\u0113rbs un saviem sp\u0113kiem atbilsto\u0161s mar\u0161ruts. Tom\u0113r kur\u0161 ir pats lab\u0101kais gadalaiks braucienam ar kanoe? Tas atkar\u012bgs no interes\u0113m un prasm\u0113m. Pavasar\u012b braucieni ar kanoe ir \u012bpa\u0161i, jo tad mostas daba un upes piepild\u0101s ar palu \u016bde\u0146iem. Tas ir laiks, kad upju \u016bdens l\u012bmenis ir augst\u0101ks un straume \u2013 \u0101tr\u0101ka nek\u0101 parasti. Vasar\u0101 un ruden\u012b toties ir jauki izbaud\u012bt l\u0113no pl\u016bdumu starp upes \u016bdensaugiem.<\/p><p>Tom\u0113r \u016bdens l\u012bmenis var ar\u012b sv\u0101rst\u012bties, un t\u0101d\u0113\u013c da\u017e\u0101s up\u0113s brauciena organiz\u0113\u0161an\u0101 ir j\u0101pieliek vair\u0101k p\u016b\u013cu. Pat\u012bkamie laikapst\u0101k\u013ci un siltais \u016bdens atp\u016btu uz \u016bdens padara daudz \u0113rt\u0101ku. Vasaras period\u0101 tiek r\u012bkoti ar\u012b braucieni v\u0113l\u0101 vakar\u0101 un pat nakt\u012b. Brauciens ar kanoe ziem\u0101 ir sava veida p\u0101rbaud\u012bjums, jo \u016bdens ir \u013coti auksts un krasti var b\u016bt apledoju\u0161i. Zem\u0101s temperat\u016bras d\u0113\u013c izsalst upes augu valsts un mazo upju krastmalas atkl\u0101j savas ziemas ainavas. Laivot nav iesp\u0113jams tikai \u013coti aukst\u0101 laik\u0101, kad upes piln\u012bb\u0101 kl\u0101j ledus k\u0101rta. Toties tad kanoe laivas var nomain\u012bt pret cit\u0101m liet\u0101m un skaisto dabu v\u0113rot, piem\u0113ram, slidojot, dodoties p\u0101rg\u0101jien\u0101 ar sniega kurp\u0113m vai stumjam\u0101m ragav\u0101m.<\/p><h2>Brauciens ar kanoe Som\u0101 Nacion\u0101laj\u0101 park\u0101<\/h2><p>Braucieni ar kanoe P\u0113rnavas apri\u0146\u0137\u012b p\u0101rsvar\u0101 tiek r\u012bkoti Som\u0101 Nacion\u0101l\u0101 parka teritorij\u0101, kas iev\u0113rojams ar to, ka taj\u0101 v\u0113rojami pieci gadalaiki. Piektais ir laiks, kad palu \u016bde\u0146i piln\u012bb\u0101 p\u0101r\u0146em Som\u0101 apk\u0101rtni. Parasti \u0161\u012b par\u0101d\u012bba v\u0113rojama pavasara s\u0101kum\u0101, k\u016bstot ziemas sniegam, bet var gad\u012bties, ka teritorija p\u0101rpl\u016bst ar\u012b citos gadalaikos. T\u0101 k\u0101 laikapst\u0101k\u013ci ir \u013coti nepast\u0101v\u012bgi, da\u017ek\u0101rt m\u0113dz b\u016bt t\u0101, ka piektais gadalaiks tom\u0113r izpaliek. Toties citreiz \u016bdens l\u012bmenis pace\u013cas tik augstu, ka p\u0101rpl\u016bst pat pa\u0161as att\u0101l\u0101k\u0101s teritorijas un kop\u0113j\u0101 \u016bdens plat\u012bba sal\u012bdzin\u0101ma pat ar Vertsjerves ezeru.<\/p>\t\t\t\t\t\t\t\t<\/div>\n\t\t\t\t\t<\/div>\n\t\t<\/div>\n\t\t\t\t<div class=\"elementor-column elementor-col-50 elementor-top-column elementor-element elementor-element-d3aa11d\" data-id=\"d3aa11d\" data-element_type=\"column\" data-e-type=\"column\">\n\t\t\t<div class=\"elementor-widget-wrap elementor-element-populated\">\n\t\t\t\t\t\t<div class=\"elementor-element elementor-element-558af87 elementor-widget elementor-widget-text-editor\" data-id=\"558af87\" data-element_type=\"widget\" data-e-type=\"widget\" data-widget_type=\"text-editor.default\">\n\t\t\t\t\t\t\t\t\t<p>Toties citreiz \u016bdens l\u012bmenis pace\u013cas tik augstu, ka p\u0101rpl\u016bst pat pa\u0161as att\u0101l\u0101k\u0101s teritorijas un kop\u0113j\u0101 \u016bdens plat\u012bba sal\u012bdzin\u0101ma pat ar Vertsjerves ezeru.<\/p><p>Som\u0101 piektais gadalaiks vilina t\u016bksto\u0161iem interesentu no visas pasaules apmekl\u0113t \u0161o vietu. Iesp\u0113ja apl\u016bkot p\u0101rpl\u016bdu\u0161os apvidus un redz\u0113t, k\u0101 viet\u0113jie \u013caudis taj\u0101 dz\u012bvo, ir unik\u0101la pieredze ikvienam. Appl\u016bdu\u0161os lauku s\u0113tu pagalmus un braucamos ce\u013cus, k\u0101 ar\u012b to p\u0101rvar\u0113\u0161anas nol\u016bkos uzb\u016bv\u0113tos plostus nevar vis redz\u0113t katru dienu.<\/p><p>Vispopul\u0101r\u0101k\u0101s upes braucieniem ar kanoe laiv\u0101m ir:<\/p><ul><li>Halliste,<\/li><li>Teram\u0101,<\/li><li>Raudna,<\/li><li>Lemmjegi,<\/li><li>Navesti.<\/li><\/ul><h2>Brauciens ar kanoe pa P\u0113rnavas upi<\/h2><p>Braucienu ar kanoe laivu var iepl\u0101not ar\u012b P\u0113rnavas up\u0113, kur\u0101 v\u0113rojama daudzveid\u012bga straume. P\u0113rnavas upes priek\u0161roc\u012bba ir t\u0101s platums \u2013 laivo\u0161anai t\u0101 piem\u0113rota vasar\u0101 un ruden\u012b, kad maz\u0101k\u0101s upes jau p\u0101r\u0146\u0113mu\u0161as \u016bdensaugi. Kad P\u0113rnavas upe jau atkl\u0101ta, var doties braucien\u0101 ar\u012b pa Reiu upi, kas ir P\u0113rnavas upes pieteka. Abas ir ziv\u012bm bag\u0101ti \u016bdensce\u013ci, t\u0101d\u0113\u013c braucienu ar kanoe var lieliski apvienot ar mak\u0161\u0137er\u0113\u0161anu. T\u0101d\u0101 gad\u012bjum\u0101 laivo\u0161anas pas\u0101kums savu kulmin\u0101ciju var sasniegt, piem\u0113ram, ar ugunskura kurin\u0101\u0161anu un ceptu zivju baud\u012b\u0161anu.<\/p><h2>Ieteikumi braucienam ar kanoe<\/h2><p>Vislab\u0101ko pieredzi ieg\u016bsiet, ja braucienu ar kanoe organiz\u0113siet kop\u0101 ar brauciena vad\u012bt\u0101ju, kur\u0161 labi p\u0101rzina konkr\u0113to apvidu. T\u0101d\u0101 veid\u0101 dal\u012bbnieki var\u0113s lab\u0101k iepaz\u012bt apk\u0101rt\u0113jo dabu, bet brauc\u0113jiem bez pieredzes rad\u012bsies nepiecie\u0161am\u0101 dro\u0161\u012bbas saj\u016bta. P\u0113rnavas apri\u0146\u0137\u012b darbojas da\u017e\u0101di uz\u0146\u0113mumi, kas r\u012bko braucienus ar kanoe gan Som\u0101 apvidos, gan ar\u012b cit\u0101s P\u0113rnavas apri\u0146\u0137a up\u0113s.<\/p><p>Pla\u0161\u0101ka inform\u0101cija par Som\u0101: Som\u0101 Nacion\u0101lais parks.<\/p><p>Braucienus ar laiv\u0101m pied\u0101v\u0101 \u0161\u0101di uz\u0146\u0113mumi:<\/p><ul><li><a href=\"http:\/\/www.joematkad.ee\/\" target=\"_blank\" rel=\"noopener\">joematkad.ee<\/a><\/li><li><a href=\"http:\/\/junsi.ee\/\">junsi.ee<\/a><\/li><li><a href=\"http:\/\/kanuu.ee\/\">kanuu.ee<\/a><\/li><li><a href=\"http:\/\/www.loodusmatkad.ee\/\">loodusmatkad.ee<\/a><\/li><li><a href=\"http:\/\/ponkaland.com\/\">ponkaland.com<\/a><\/li><li><a href=\"http:\/\/www.reimani.eu\/\">reimani.eu<\/a><\/li><li><a href=\"http:\/\/www.seiklevabaks.ee\/soomaa-national-park.html\" target=\"_blank\" rel=\"noopener\">seiklevabaks.ee<\/a><\/li><li><a style=\"font-weight: var( --e-global-typography-text-font-weight );\" href=\"http:\/\/eesti.soomaa.com\/\">soomaa.com<\/a><\/li><li><a href=\"http:\/\/www.tori.ee\/\">tori.ee<\/a><\/li><li><a href=\"http:\/\/www.veelaager.com\/\">veelaager.com<\/a><\/li><\/ul>\t\t\t\t\t\t\t\t<\/div>\n\t\t\t\t\t<\/div>\n\t\t<\/div>\n\t\t\t\t\t<\/div>\n\t\t<\/section>\n\t\t\t\t<\/div>\n\t\t","protected":false},"excerpt":{"rendered":"<p>Vai zin\u0101j\u0101t, ka braucieni ar kanoe var b\u016bt viens no lab\u0101kajiem veidiem, k\u0101 lieliski pavad\u012bt laiku kop\u0101 ar draugiem vai kol\u0113\u0123iem, turkl\u0101t v\u0113l apvienojot to ar atp\u016btu sportisk\u0101 gar\u0101? Tas sniedz iesp\u0113ju iziet svaig\u0101 gais\u0101, iepaz\u012bties ar pasakaino dabu un v\u0113rot upes tuvum\u0101 m\u012bto\u0161os dz\u012bvniekus. Braucieni ar kanoe visiem dal\u012bbniekiem \u013caus izbaud\u012bt lieliskus piedz\u012bvojumus un [&hellip;]<\/p>\n","protected":false},"author":1,"featured_media":0,"parent":0,"menu_order":0,"comment_status":"closed","ping_status":"closed","template":"","meta":{"_acf_changed":false,"footnotes":""},"class_list":["post-4937470","page","type-page","status-publish","hentry"],"acf":[],"yoast_head":"<!-- This site is optimized with the Yoast SEO plugin v27.3 - https:\/\/yoast.com\/product\/yoast-seo-wordpress\/ -->\n<title>Braucieni ar kanoe P\u0113rnavas apri\u0146\u0137\u012b - Visit P\u00e4rnu<\/title>\n<meta name=\"description\" content=\"Kad vislab\u0101k doties braucien\u0101 ar kanoe? Brauciens ar kanoe Som\u0101 Nacion\u0101laj\u0101 park\u0101. Brauciens ar kanoe pa P\u0113rnavas upi. Ieteikumi braucienam ar kanoe.\" \/>\n<meta name=\"robots\" content=\"index, follow, max-snippet:-1, max-image-preview:large, max-video-preview:-1\" \/>\n<link rel=\"canonical\" href=\"https:\/\/visitparnu.com\/lv\/braucieni-ar-kanoe-pernavas-aprinki\/\" \/>\n<meta property=\"og:locale\" content=\"lv_LV\" \/>\n<meta property=\"og:type\" content=\"article\" \/>\n<meta property=\"og:title\" content=\"Braucieni ar kanoe P\u0113rnavas apri\u0146\u0137\u012b - Visit P\u00e4rnu\" \/>\n<meta property=\"og:description\" content=\"Kad vislab\u0101k doties braucien\u0101 ar kanoe? Brauciens ar kanoe Som\u0101 Nacion\u0101laj\u0101 park\u0101. Brauciens ar kanoe pa P\u0113rnavas upi. Ieteikumi braucienam ar kanoe.\" \/>\n<meta property=\"og:url\" content=\"https:\/\/visitparnu.com\/lv\/braucieni-ar-kanoe-pernavas-aprinki\/\" \/>\n<meta property=\"og:site_name\" content=\"Visit P\u00e4rnu\" \/>\n<meta property=\"article:publisher\" content=\"https:\/\/www.facebook.com\/visitparnuEE\/\" \/>\n<meta property=\"article:modified_time\" content=\"2023-01-26T14:43:02+00:00\" \/>\n<meta property=\"og:image\" content=\"https:\/\/visitparnu.com\/wp-content\/uploads\/2023\/01\/Kanuumatkad.jpg\" \/>\n\t<meta property=\"og:image:width\" content=\"1731\" \/>\n\t<meta property=\"og:image:height\" content=\"1154\" \/>\n\t<meta property=\"og:image:type\" content=\"image\/jpeg\" \/>\n<meta name=\"twitter:card\" content=\"summary_large_image\" \/>\n<meta name=\"twitter:label1\" content=\"Est. reading time\" \/>\n\t<meta name=\"twitter:data1\" content=\"4 minutes\" \/>\n<script type=\"application\/ld+json\" class=\"yoast-schema-graph\">{\"@context\":\"https:\\\/\\\/schema.org\",\"@graph\":[{\"@type\":\"WebPage\",\"@id\":\"https:\\\/\\\/visitparnu.com\\\/lv\\\/braucieni-ar-kanoe-pernavas-aprinki\\\/\",\"url\":\"https:\\\/\\\/visitparnu.com\\\/lv\\\/braucieni-ar-kanoe-pernavas-aprinki\\\/\",\"name\":\"Braucieni ar kanoe P\u0113rnavas apri\u0146\u0137\u012b - Visit P\u00e4rnu\",\"isPartOf\":{\"@id\":\"https:\\\/\\\/visitparnu.com\\\/lv\\\/#website\"},\"datePublished\":\"2018-10-29T14:17:40+00:00\",\"dateModified\":\"2023-01-26T14:43:02+00:00\",\"description\":\"Kad vislab\u0101k doties braucien\u0101 ar kanoe? Brauciens ar kanoe Som\u0101 Nacion\u0101laj\u0101 park\u0101. Brauciens ar kanoe pa P\u0113rnavas upi. Ieteikumi braucienam ar kanoe.\",\"breadcrumb\":{\"@id\":\"https:\\\/\\\/visitparnu.com\\\/lv\\\/braucieni-ar-kanoe-pernavas-aprinki\\\/#breadcrumb\"},\"inLanguage\":\"lv-LV\",\"potentialAction\":[{\"@type\":\"ReadAction\",\"target\":[\"https:\\\/\\\/visitparnu.com\\\/lv\\\/braucieni-ar-kanoe-pernavas-aprinki\\\/\"]}]},{\"@type\":\"BreadcrumbList\",\"@id\":\"https:\\\/\\\/visitparnu.com\\\/lv\\\/braucieni-ar-kanoe-pernavas-aprinki\\\/#breadcrumb\",\"itemListElement\":[{\"@type\":\"ListItem\",\"position\":1,\"name\":\"\",\"item\":\"https:\\\/\\\/visitparnu.com\\\/lv\\\/\"},{\"@type\":\"ListItem\",\"position\":2,\"name\":\"Braucieni ar kanoe P\u0113rnavas apri\u0146\u0137\u012b\"}]},{\"@type\":\"WebSite\",\"@id\":\"https:\\\/\\\/visitparnu.com\\\/lv\\\/#website\",\"url\":\"https:\\\/\\\/visitparnu.com\\\/lv\\\/\",\"name\":\"Visit P\u00e4rnu\",\"description\":\"\",\"publisher\":{\"@id\":\"https:\\\/\\\/visitparnu.com\\\/lv\\\/#organization\"},\"potentialAction\":[{\"@type\":\"SearchAction\",\"target\":{\"@type\":\"EntryPoint\",\"urlTemplate\":\"https:\\\/\\\/visitparnu.com\\\/lv\\\/?s={search_term_string}\"},\"query-input\":{\"@type\":\"PropertyValueSpecification\",\"valueRequired\":true,\"valueName\":\"search_term_string\"}}],\"inLanguage\":\"lv-LV\"},{\"@type\":\"Organization\",\"@id\":\"https:\\\/\\\/visitparnu.com\\\/lv\\\/#organization\",\"name\":\"Visit P\u00e4rnu\",\"url\":\"https:\\\/\\\/visitparnu.com\\\/lv\\\/\",\"logo\":{\"@type\":\"ImageObject\",\"inLanguage\":\"lv-LV\",\"@id\":\"https:\\\/\\\/visitparnu.com\\\/lv\\\/#\\\/schema\\\/logo\\\/image\\\/\",\"url\":\"https:\\\/\\\/visitparnu.com\\\/wp-content\\\/uploads\\\/2022\\\/11\\\/VP_logo.svg\",\"contentUrl\":\"https:\\\/\\\/visitparnu.com\\\/wp-content\\\/uploads\\\/2022\\\/11\\\/VP_logo.svg\",\"width\":305,\"height\":33,\"caption\":\"Visit P\u00e4rnu\"},\"image\":{\"@id\":\"https:\\\/\\\/visitparnu.com\\\/lv\\\/#\\\/schema\\\/logo\\\/image\\\/\"},\"sameAs\":[\"https:\\\/\\\/www.facebook.com\\\/visitparnuEE\\\/\",\"https:\\\/\\\/www.youtube.com\\\/user\\\/visitparnuestonia\\\/\",\"https:\\\/\\\/www.instagram.com\\\/visitparnu\\\/\"]}]}<\/script>\n<!-- \/ Yoast SEO plugin. -->","yoast_head_json":{"title":"Braucieni ar kanoe P\u0113rnavas apri\u0146\u0137\u012b - Visit P\u00e4rnu","description":"Kad vislab\u0101k doties braucien\u0101 ar kanoe? Brauciens ar kanoe Som\u0101 Nacion\u0101laj\u0101 park\u0101. Brauciens ar kanoe pa P\u0113rnavas upi. Ieteikumi braucienam ar kanoe.","robots":{"index":"index","follow":"follow","max-snippet":"max-snippet:-1","max-image-preview":"max-image-preview:large","max-video-preview":"max-video-preview:-1"},"canonical":"https:\/\/visitparnu.com\/lv\/braucieni-ar-kanoe-pernavas-aprinki\/","og_locale":"lv_LV","og_type":"article","og_title":"Braucieni ar kanoe P\u0113rnavas apri\u0146\u0137\u012b - Visit P\u00e4rnu","og_description":"Kad vislab\u0101k doties braucien\u0101 ar kanoe? Brauciens ar kanoe Som\u0101 Nacion\u0101laj\u0101 park\u0101. Brauciens ar kanoe pa P\u0113rnavas upi. Ieteikumi braucienam ar kanoe.","og_url":"https:\/\/visitparnu.com\/lv\/braucieni-ar-kanoe-pernavas-aprinki\/","og_site_name":"Visit P\u00e4rnu","article_publisher":"https:\/\/www.facebook.com\/visitparnuEE\/","article_modified_time":"2023-01-26T14:43:02+00:00","og_image":[{"width":1731,"height":1154,"url":"https:\/\/visitparnu.com\/wp-content\/uploads\/2023\/01\/Kanuumatkad.jpg","type":"image\/jpeg"}],"twitter_card":"summary_large_image","twitter_misc":{"Est. reading time":"4 minutes"},"schema":{"@context":"https:\/\/schema.org","@graph":[{"@type":"WebPage","@id":"https:\/\/visitparnu.com\/lv\/braucieni-ar-kanoe-pernavas-aprinki\/","url":"https:\/\/visitparnu.com\/lv\/braucieni-ar-kanoe-pernavas-aprinki\/","name":"Braucieni ar kanoe P\u0113rnavas apri\u0146\u0137\u012b - Visit P\u00e4rnu","isPartOf":{"@id":"https:\/\/visitparnu.com\/lv\/#website"},"datePublished":"2018-10-29T14:17:40+00:00","dateModified":"2023-01-26T14:43:02+00:00","description":"Kad vislab\u0101k doties braucien\u0101 ar kanoe? Brauciens ar kanoe Som\u0101 Nacion\u0101laj\u0101 park\u0101. Brauciens ar kanoe pa P\u0113rnavas upi. Ieteikumi braucienam ar kanoe.","breadcrumb":{"@id":"https:\/\/visitparnu.com\/lv\/braucieni-ar-kanoe-pernavas-aprinki\/#breadcrumb"},"inLanguage":"lv-LV","potentialAction":[{"@type":"ReadAction","target":["https:\/\/visitparnu.com\/lv\/braucieni-ar-kanoe-pernavas-aprinki\/"]}]},{"@type":"BreadcrumbList","@id":"https:\/\/visitparnu.com\/lv\/braucieni-ar-kanoe-pernavas-aprinki\/#breadcrumb","itemListElement":[{"@type":"ListItem","position":1,"name":"","item":"https:\/\/visitparnu.com\/lv\/"},{"@type":"ListItem","position":2,"name":"Braucieni ar kanoe P\u0113rnavas apri\u0146\u0137\u012b"}]},{"@type":"WebSite","@id":"https:\/\/visitparnu.com\/lv\/#website","url":"https:\/\/visitparnu.com\/lv\/","name":"Visit P\u00e4rnu","description":"","publisher":{"@id":"https:\/\/visitparnu.com\/lv\/#organization"},"potentialAction":[{"@type":"SearchAction","target":{"@type":"EntryPoint","urlTemplate":"https:\/\/visitparnu.com\/lv\/?s={search_term_string}"},"query-input":{"@type":"PropertyValueSpecification","valueRequired":true,"valueName":"search_term_string"}}],"inLanguage":"lv-LV"},{"@type":"Organization","@id":"https:\/\/visitparnu.com\/lv\/#organization","name":"Visit P\u00e4rnu","url":"https:\/\/visitparnu.com\/lv\/","logo":{"@type":"ImageObject","inLanguage":"lv-LV","@id":"https:\/\/visitparnu.com\/lv\/#\/schema\/logo\/image\/","url":"https:\/\/visitparnu.com\/wp-content\/uploads\/2022\/11\/VP_logo.svg","contentUrl":"https:\/\/visitparnu.com\/wp-content\/uploads\/2022\/11\/VP_logo.svg","width":305,"height":33,"caption":"Visit P\u00e4rnu"},"image":{"@id":"https:\/\/visitparnu.com\/lv\/#\/schema\/logo\/image\/"},"sameAs":["https:\/\/www.facebook.com\/visitparnuEE\/","https:\/\/www.youtube.com\/user\/visitparnuestonia\/","https:\/\/www.instagram.com\/visitparnu\/"]}]}},"_links":{"self":[{"href":"https:\/\/visitparnu.com\/lv\/wp-json\/wp\/v2\/pages\/4937470","targetHints":{"allow":["GET"]}}],"collection":[{"href":"https:\/\/visitparnu.com\/lv\/wp-json\/wp\/v2\/pages"}],"about":[{"href":"https:\/\/visitparnu.com\/lv\/wp-json\/wp\/v2\/types\/page"}],"author":[{"embeddable":true,"href":"https:\/\/visitparnu.com\/lv\/wp-json\/wp\/v2\/users\/1"}],"replies":[{"embeddable":true,"href":"https:\/\/visitparnu.com\/lv\/wp-json\/wp\/v2\/comments?post=4937470"}],"version-history":[{"count":10,"href":"https:\/\/visitparnu.com\/lv\/wp-json\/wp\/v2\/pages\/4937470\/revisions"}],"predecessor-version":[{"id":4954317,"href":"https:\/\/visitparnu.com\/lv\/wp-json\/wp\/v2\/pages\/4937470\/revisions\/4954317"}],"wp:attachment":[{"href":"https:\/\/visitparnu.com\/lv\/wp-json\/wp\/v2\/media?parent=4937470"}],"curies":[{"name":"wp","href":"https:\/\/api.w.org\/{rel}","templated":true}]}}