{"id":4937428,"date":"2018-10-12T08:44:45","date_gmt":"2018-10-12T06:44:45","guid":{"rendered":"https:\/\/visitparnu.com\/marketinga-materiali\/"},"modified":"2023-01-26T12:46:41","modified_gmt":"2023-01-26T10:46:41","slug":"marketinga-materiali","status":"publish","type":"page","link":"https:\/\/visitparnu.com\/lv\/marketinga-materiali\/","title":{"rendered":"Marketinga materiali"},"content":{"rendered":"\t\t<div data-elementor-type=\"wp-post\" data-elementor-id=\"4937428\" class=\"elementor elementor-4937428 elementor-4936656\" data-elementor-post-type=\"page\">\n\t\t\t\t\t\t<section class=\"elementor-section elementor-top-section elementor-element elementor-element-0611f7a elementor-section-full_width elementor-section-height-default elementor-section-height-default\" data-id=\"0611f7a\" data-element_type=\"section\" data-e-type=\"section\">\n\t\t\t\t\t\t<div class=\"elementor-container elementor-column-gap-default\">\n\t\t\t\t\t<div class=\"elementor-column elementor-col-100 elementor-top-column elementor-element elementor-element-ba7feee\" data-id=\"ba7feee\" data-element_type=\"column\" data-e-type=\"column\">\n\t\t\t<div class=\"elementor-widget-wrap elementor-element-populated\">\n\t\t\t\t\t\t<div class=\"elementor-element elementor-element-507ffcc elementor-widget elementor-widget-heading\" data-id=\"507ffcc\" data-element_type=\"widget\" data-e-type=\"widget\" data-widget_type=\"heading.default\">\n\t\t\t\t\t<h1 class=\"elementor-heading-title elementor-size-default\">Marketinga materiali<\/h1>\t\t\t\t<\/div>\n\t\t\t\t<section class=\"elementor-section elementor-inner-section elementor-element elementor-element-a0f97c1 elementor-section-boxed elementor-section-height-default elementor-section-height-default\" data-id=\"a0f97c1\" data-element_type=\"section\" data-e-type=\"section\">\n\t\t\t\t\t\t<div class=\"elementor-container elementor-column-gap-default\">\n\t\t\t\t\t<div class=\"elementor-column elementor-col-33 elementor-inner-column elementor-element elementor-element-c1b4fc6\" data-id=\"c1b4fc6\" data-element_type=\"column\" data-e-type=\"column\">\n\t\t\t<div class=\"elementor-widget-wrap elementor-element-populated\">\n\t\t\t\t\t\t<div class=\"elementor-element elementor-element-5ca82ea elementor-widget elementor-widget-image\" data-id=\"5ca82ea\" data-element_type=\"widget\" data-e-type=\"widget\" data-widget_type=\"image.default\">\n\t\t\t\t\t\t\t\t\t\t\t\t<figure class=\"wp-caption\">\n\t\t\t\t\t\t\t\t\t\t\t<a href=\"https:\/\/visitparnu.com\/wp-content\/uploads\/2023\/01\/VisitParnu_Erilised-elamused_voldik_2021_FIN-LAT.pdf\" target=\"_blank\">\n\t\t\t\t\t\t\t<img decoding=\"async\" width=\"137\" height=\"300\" src=\"https:\/\/visitparnu.com\/wp-content\/uploads\/2022\/12\/Elamyksia_fin_lat_2021-137x300.png\" class=\"attachment-medium size-medium wp-image-4937000\" alt=\"\" srcset=\"https:\/\/visitparnu.com\/wp-content\/uploads\/2022\/12\/Elamyksia_fin_lat_2021-137x300.png 137w, https:\/\/visitparnu.com\/wp-content\/uploads\/2022\/12\/Elamyksia_fin_lat_2021.png 435w\" sizes=\"(max-width: 137px) 100vw, 137px\" \/>\t\t\t\t\t\t\t\t<\/a>\n\t\t\t\t\t\t\t\t\t\t\t<figcaption class=\"widget-image-caption wp-caption-text\">Da\u017eadu piedzivojumu iespejas Pernava<\/figcaption>\n\t\t\t\t\t\t\t\t\t\t<\/figure>\n\t\t\t\t\t\t\t\t\t<\/div>\n\t\t\t\t\t<\/div>\n\t\t<\/div>\n\t\t\t\t<div class=\"elementor-column elementor-col-33 elementor-inner-column elementor-element elementor-element-0050d35\" data-id=\"0050d35\" data-element_type=\"column\" data-e-type=\"column\">\n\t\t\t<div class=\"elementor-widget-wrap elementor-element-populated\">\n\t\t\t\t\t\t<div class=\"elementor-element elementor-element-e70c41e elementor-widget elementor-widget-image\" data-id=\"e70c41e\" data-element_type=\"widget\" data-e-type=\"widget\" data-widget_type=\"image.default\">\n\t\t\t\t\t\t\t\t\t\t\t\t<figure class=\"wp-caption\">\n\t\t\t\t\t\t\t\t\t\t\t<a href=\"https:\/\/visitparnu.com\/wp-content\/uploads\/2023\/01\/Parnumaa_2021_ru_lv.pdf\" target=\"_blank\">\n\t\t\t\t\t\t\t<img fetchpriority=\"high\" decoding=\"async\" width=\"567\" height=\"804\" src=\"https:\/\/visitparnu.com\/wp-content\/uploads\/2022\/12\/maakond-rulv.png\" class=\"attachment-medium_large size-medium_large wp-image-4937219\" alt=\"\" srcset=\"https:\/\/visitparnu.com\/wp-content\/uploads\/2022\/12\/maakond-rulv.png 567w, https:\/\/visitparnu.com\/wp-content\/uploads\/2022\/12\/maakond-rulv-212x300.png 212w\" sizes=\"(max-width: 567px) 100vw, 567px\" \/>\t\t\t\t\t\t\t\t<\/a>\n\t\t\t\t\t\t\t\t\t\t\t<figcaption class=\"widget-image-caption wp-caption-text\">Karte P\u0113rnavas novada<\/figcaption>\n\t\t\t\t\t\t\t\t\t\t<\/figure>\n\t\t\t\t\t\t\t\t\t<\/div>\n\t\t\t\t\t<\/div>\n\t\t<\/div>\n\t\t\t\t<div class=\"elementor-column elementor-col-33 elementor-inner-column elementor-element elementor-element-3de960f\" data-id=\"3de960f\" data-element_type=\"column\" data-e-type=\"column\">\n\t\t\t<div class=\"elementor-widget-wrap elementor-element-populated\">\n\t\t\t\t\t\t<div class=\"elementor-element elementor-element-098f34f elementor-widget elementor-widget-image\" data-id=\"098f34f\" data-element_type=\"widget\" data-e-type=\"widget\" data-widget_type=\"image.default\">\n\t\t\t\t\t\t\t\t\t\t\t\t<figure class=\"wp-caption\">\n\t\t\t\t\t\t\t\t\t\t\t<a href=\"https:\/\/visitparnu.com\/wp-content\/uploads\/2023\/01\/Parnu-imago-LV.pdf\" target=\"_blank\">\n\t\t\t\t\t\t\t<img decoding=\"async\" width=\"768\" height=\"1086\" src=\"https:\/\/visitparnu.com\/wp-content\/uploads\/2022\/12\/esikaan-LV-768x1086.jpg\" class=\"attachment-medium_large size-medium_large wp-image-4937429\" alt=\"\" srcset=\"https:\/\/visitparnu.com\/wp-content\/uploads\/2022\/12\/esikaan-LV-768x1086.jpg 768w, https:\/\/visitparnu.com\/wp-content\/uploads\/2022\/12\/esikaan-LV-212x300.jpg 212w, https:\/\/visitparnu.com\/wp-content\/uploads\/2022\/12\/esikaan-LV-724x1024.jpg 724w, https:\/\/visitparnu.com\/wp-content\/uploads\/2022\/12\/esikaan-LV-1086x1536.jpg 1086w, https:\/\/visitparnu.com\/wp-content\/uploads\/2022\/12\/esikaan-LV.jpg 1189w\" sizes=\"(max-width: 768px) 100vw, 768px\" \/>\t\t\t\t\t\t\t\t<\/a>\n\t\t\t\t\t\t\t\t\t\t\t<figcaption class=\"widget-image-caption wp-caption-text\">P\u0113rnava un P\u0113rnavas apri\u0146\u0137is<\/figcaption>\n\t\t\t\t\t\t\t\t\t\t<\/figure>\n\t\t\t\t\t\t\t\t\t<\/div>\n\t\t\t\t\t<\/div>\n\t\t<\/div>\n\t\t\t\t\t<\/div>\n\t\t<\/section>\n\t\t\t\t<section class=\"elementor-section elementor-inner-section elementor-element elementor-element-1ba10df elementor-section-boxed elementor-section-height-default elementor-section-height-default\" data-id=\"1ba10df\" data-element_type=\"section\" data-e-type=\"section\">\n\t\t\t\t\t\t<div class=\"elementor-container elementor-column-gap-default\">\n\t\t\t\t\t<div class=\"elementor-column elementor-col-33 elementor-inner-column elementor-element elementor-element-77342eb\" data-id=\"77342eb\" data-element_type=\"column\" data-e-type=\"column\">\n\t\t\t<div class=\"elementor-widget-wrap elementor-element-populated\">\n\t\t\t\t\t\t<div class=\"elementor-element elementor-element-d1af063 elementor-widget elementor-widget-image\" data-id=\"d1af063\" data-element_type=\"widget\" data-e-type=\"widget\" data-widget_type=\"image.default\">\n\t\t\t\t\t\t\t\t\t\t\t\t<figure class=\"wp-caption\">\n\t\t\t\t\t\t\t\t\t\t\t<a href=\"https:\/\/visitparnu.com\/wp-content\/uploads\/2023\/01\/parnu_rattateed_2019_lat.pdf\" target=\"_blank\">\n\t\t\t\t\t\t\t<img loading=\"lazy\" decoding=\"async\" width=\"343\" height=\"500\" src=\"https:\/\/visitparnu.com\/wp-content\/uploads\/2022\/12\/Rattateed_LAT-e1590413033262.jpg\" class=\"attachment-medium_large size-medium_large wp-image-4937430\" alt=\"\" srcset=\"https:\/\/visitparnu.com\/wp-content\/uploads\/2022\/12\/Rattateed_LAT-e1590413033262.jpg 343w, https:\/\/visitparnu.com\/wp-content\/uploads\/2022\/12\/Rattateed_LAT-e1590413033262-206x300.jpg 206w\" sizes=\"(max-width: 343px) 100vw, 343px\" \/>\t\t\t\t\t\t\t\t<\/a>\n\t\t\t\t\t\t\t\t\t\t\t<figcaption class=\"widget-image-caption wp-caption-text\">P\u0113rnavas velomar\u0161ruti<\/figcaption>\n\t\t\t\t\t\t\t\t\t\t<\/figure>\n\t\t\t\t\t\t\t\t\t<\/div>\n\t\t\t\t\t<\/div>\n\t\t<\/div>\n\t\t\t\t<div class=\"elementor-column elementor-col-33 elementor-inner-column elementor-element elementor-element-f39022c\" data-id=\"f39022c\" data-element_type=\"column\" data-e-type=\"column\">\n\t\t\t<div class=\"elementor-widget-wrap elementor-element-populated\">\n\t\t\t\t\t\t<div class=\"elementor-element elementor-element-c71c79a elementor-widget elementor-widget-image\" data-id=\"c71c79a\" data-element_type=\"widget\" data-e-type=\"widget\" data-widget_type=\"image.default\">\n\t\t\t\t\t\t\t\t\t\t\t\t<figure class=\"wp-caption\">\n\t\t\t\t\t\t\t\t\t\t\t<a href=\"https:\/\/visitparnu.com\/wp-content\/uploads\/2023\/01\/parnu-with-kids_2019_lat_web.pdf\" target=\"_blank\">\n\t\t\t\t\t\t\t<img loading=\"lazy\" decoding=\"async\" width=\"631\" height=\"899\" src=\"https:\/\/visitparnu.com\/wp-content\/uploads\/2022\/12\/Uz-Pernavu-kopa-ar-berniem-cover.jpg\" class=\"attachment-medium_large size-medium_large wp-image-4937431\" alt=\"\" srcset=\"https:\/\/visitparnu.com\/wp-content\/uploads\/2022\/12\/Uz-Pernavu-kopa-ar-berniem-cover.jpg 631w, https:\/\/visitparnu.com\/wp-content\/uploads\/2022\/12\/Uz-Pernavu-kopa-ar-berniem-cover-211x300.jpg 211w\" sizes=\"(max-width: 631px) 100vw, 631px\" \/>\t\t\t\t\t\t\t\t<\/a>\n\t\t\t\t\t\t\t\t\t\t\t<figcaption class=\"widget-image-caption wp-caption-text\">\u0122imenes atp\u016bta P\u0113rnavas apri\u0146\u0137\u012b    <\/figcaption>\n\t\t\t\t\t\t\t\t\t\t<\/figure>\n\t\t\t\t\t\t\t\t\t<\/div>\n\t\t\t\t\t<\/div>\n\t\t<\/div>\n\t\t\t\t<div class=\"elementor-column elementor-col-33 elementor-inner-column elementor-element elementor-element-77cbde8\" data-id=\"77cbde8\" data-element_type=\"column\" data-e-type=\"column\">\n\t\t\t<div class=\"elementor-widget-wrap elementor-element-populated\">\n\t\t\t\t\t\t<div class=\"elementor-element elementor-element-86430a6 elementor-widget elementor-widget-image\" data-id=\"86430a6\" data-element_type=\"widget\" data-e-type=\"widget\" data-widget_type=\"image.default\">\n\t\t\t\t\t\t\t\t\t\t\t\t<figure class=\"wp-caption\">\n\t\t\t\t\t\t\t\t\t\t\t<a href=\"https:\/\/visitparnu.com\/wp-content\/uploads\/2023\/01\/parnu_muuseumid2019_voldik_lat_web_compressed.pdf\" target=\"_blank\">\n\t\t\t\t\t\t\t<img loading=\"lazy\" decoding=\"async\" width=\"492\" height=\"499\" src=\"https:\/\/visitparnu.com\/wp-content\/uploads\/2022\/12\/Esileht-Lati.jpg\" class=\"attachment-medium_large size-medium_large wp-image-4937432\" alt=\"\" srcset=\"https:\/\/visitparnu.com\/wp-content\/uploads\/2022\/12\/Esileht-Lati.jpg 492w, https:\/\/visitparnu.com\/wp-content\/uploads\/2022\/12\/Esileht-Lati-296x300.jpg 296w\" sizes=\"(max-width: 492px) 100vw, 492px\" \/>\t\t\t\t\t\t\t\t<\/a>\n\t\t\t\t\t\t\t\t\t\t\t<figcaption class=\"widget-image-caption wp-caption-text\">Muzeji P\u0113rnava<\/figcaption>\n\t\t\t\t\t\t\t\t\t\t<\/figure>\n\t\t\t\t\t\t\t\t\t<\/div>\n\t\t\t\t\t<\/div>\n\t\t<\/div>\n\t\t\t\t\t<\/div>\n\t\t<\/section>\n\t\t\t\t<section class=\"elementor-section elementor-inner-section elementor-element elementor-element-31f276b elementor-section-boxed elementor-section-height-default elementor-section-height-default\" data-id=\"31f276b\" data-element_type=\"section\" data-e-type=\"section\">\n\t\t\t\t\t\t<div class=\"elementor-container elementor-column-gap-default\">\n\t\t\t\t\t<div class=\"elementor-column elementor-col-33 elementor-inner-column elementor-element elementor-element-24b2236\" data-id=\"24b2236\" data-element_type=\"column\" data-e-type=\"column\">\n\t\t\t<div class=\"elementor-widget-wrap elementor-element-populated\">\n\t\t\t\t\t\t<div class=\"elementor-element elementor-element-9f4076d elementor-widget elementor-widget-image\" data-id=\"9f4076d\" data-element_type=\"widget\" data-e-type=\"widget\" data-widget_type=\"image.default\">\n\t\t\t\t\t\t\t\t\t\t\t\t<figure class=\"wp-caption\">\n\t\t\t\t\t\t\t\t\t\t\t<a href=\"https:\/\/visitparnu.com\/wp-content\/uploads\/2023\/01\/kaart-loodus_735x420_LV_small.pdf\" target=\"_blank\">\n\t\t\t\t\t\t\t<img loading=\"lazy\" decoding=\"async\" width=\"656\" height=\"896\" src=\"https:\/\/visitparnu.com\/wp-content\/uploads\/2022\/12\/64-looduskaunist-kohta-LV-cover.jpg\" class=\"attachment-medium_large size-medium_large wp-image-4937433\" alt=\"\" srcset=\"https:\/\/visitparnu.com\/wp-content\/uploads\/2022\/12\/64-looduskaunist-kohta-LV-cover.jpg 656w, https:\/\/visitparnu.com\/wp-content\/uploads\/2022\/12\/64-looduskaunist-kohta-LV-cover-220x300.jpg 220w\" sizes=\"(max-width: 656px) 100vw, 656px\" \/>\t\t\t\t\t\t\t\t<\/a>\n\t\t\t\t\t\t\t\t\t\t\t<figcaption class=\"widget-image-caption wp-caption-text\">64 skaistu vietu pie dabas<\/figcaption>\n\t\t\t\t\t\t\t\t\t\t<\/figure>\n\t\t\t\t\t\t\t\t\t<\/div>\n\t\t\t\t\t<\/div>\n\t\t<\/div>\n\t\t\t\t<div class=\"elementor-column elementor-col-33 elementor-inner-column elementor-element elementor-element-e97d24d\" data-id=\"e97d24d\" data-element_type=\"column\" data-e-type=\"column\">\n\t\t\t<div class=\"elementor-widget-wrap elementor-element-populated\">\n\t\t\t\t\t\t<div class=\"elementor-element elementor-element-7ad61a7 elementor-widget elementor-widget-image\" data-id=\"7ad61a7\" data-element_type=\"widget\" data-e-type=\"widget\" data-widget_type=\"image.default\">\n\t\t\t\t\t\t\t\t\t\t\t\t<figure class=\"wp-caption\">\n\t\t\t\t\t\t\t\t\t\t\t<a href=\"https:\/\/visitparnu.com\/wp-content\/uploads\/2023\/01\/kaart-kultuur_735x420_LV_small.pdf\" target=\"_blank\">\n\t\t\t\t\t\t\t<img loading=\"lazy\" decoding=\"async\" width=\"655\" height=\"895\" src=\"https:\/\/visitparnu.com\/wp-content\/uploads\/2022\/12\/Kultuuriparandi-parlid-LV-cover.jpg\" class=\"attachment-medium_large size-medium_large wp-image-4937434\" alt=\"\" srcset=\"https:\/\/visitparnu.com\/wp-content\/uploads\/2022\/12\/Kultuuriparandi-parlid-LV-cover.jpg 655w, https:\/\/visitparnu.com\/wp-content\/uploads\/2022\/12\/Kultuuriparandi-parlid-LV-cover-220x300.jpg 220w\" sizes=\"(max-width: 655px) 100vw, 655px\" \/>\t\t\t\t\t\t\t\t<\/a>\n\t\t\t\t\t\t\t\t\t\t\t<figcaption class=\"widget-image-caption wp-caption-text\">Kult\u016brv\u0113stures p\u0113rles<\/figcaption>\n\t\t\t\t\t\t\t\t\t\t<\/figure>\n\t\t\t\t\t\t\t\t\t<\/div>\n\t\t\t\t\t<\/div>\n\t\t<\/div>\n\t\t\t\t<div class=\"elementor-column elementor-col-33 elementor-inner-column elementor-element elementor-element-b7abc63\" data-id=\"b7abc63\" data-element_type=\"column\" data-e-type=\"column\">\n\t\t\t<div class=\"elementor-widget-wrap elementor-element-populated\">\n\t\t\t\t\t\t<div class=\"elementor-element elementor-element-b40b550 elementor-widget elementor-widget-image\" data-id=\"b40b550\" data-element_type=\"widget\" data-e-type=\"widget\" data-widget_type=\"image.default\">\n\t\t\t\t\t\t\t\t\t\t\t\t<figure class=\"wp-caption\">\n\t\t\t\t\t\t\t\t\t\t\t<a href=\"https:\/\/visitparnu.com\/wp-content\/uploads\/2023\/01\/Maitsete-rada-Prnumaalt-Mulgimaale-LV.pdf\" target=\"_blank\">\n\t\t\t\t\t\t\t<img loading=\"lazy\" decoding=\"async\" width=\"298\" height=\"595\" src=\"https:\/\/visitparnu.com\/wp-content\/uploads\/2022\/12\/LAT-kaas.jpg\" class=\"attachment-medium_large size-medium_large wp-image-4937435\" alt=\"\" srcset=\"https:\/\/visitparnu.com\/wp-content\/uploads\/2022\/12\/LAT-kaas.jpg 298w, https:\/\/visitparnu.com\/wp-content\/uploads\/2022\/12\/LAT-kaas-150x300.jpg 150w\" sizes=\"(max-width: 298px) 100vw, 298px\" \/>\t\t\t\t\t\t\t\t<\/a>\n\t\t\t\t\t\t\t\t\t\t\t<figcaption class=\"widget-image-caption wp-caption-text\"> Viet\u0113j\u0101s gar\u0161as no P\u0113rnavas l\u012bdz Mulgim\u0101<\/figcaption>\n\t\t\t\t\t\t\t\t\t\t<\/figure>\n\t\t\t\t\t\t\t\t\t<\/div>\n\t\t\t\t\t<\/div>\n\t\t<\/div>\n\t\t\t\t\t<\/div>\n\t\t<\/section>\n\t\t\t\t\t<\/div>\n\t\t<\/div>\n\t\t\t\t\t<\/div>\n\t\t<\/section>\n\t\t\t\t<\/div>\n\t\t","protected":false},"excerpt":{"rendered":"<p>Da\u017eadu piedzivojumu iespejas Pernava Karte P\u0113rnavas novada P\u0113rnava un P\u0113rnavas apri\u0146\u0137is P\u0113rnavas velomar\u0161ruti \u0122imenes atp\u016bta P\u0113rnavas apri\u0146\u0137\u012b Muzeji P\u0113rnava 64 skaistu vietu pie dabas Kult\u016brv\u0113stures p\u0113rles Viet\u0113j\u0101s gar\u0161as no P\u0113rnavas l\u012bdz Mulgim\u0101<\/p>\n","protected":false},"author":1,"featured_media":4953767,"parent":0,"menu_order":0,"comment_status":"closed","ping_status":"closed","template":"","meta":{"_acf_changed":false,"footnotes":""},"class_list":["post-4937428","page","type-page","status-publish","has-post-thumbnail","hentry"],"acf":[],"yoast_head":"<!-- This site is optimized with the Yoast SEO plugin v27.3 - https:\/\/yoast.com\/product\/yoast-seo-wordpress\/ -->\n<title>Marketinga materiali - Visit P\u00e4rnu<\/title>\n<meta name=\"robots\" content=\"index, follow, max-snippet:-1, max-image-preview:large, max-video-preview:-1\" \/>\n<link rel=\"canonical\" href=\"https:\/\/visitparnu.com\/lv\/marketinga-materiali\/\" \/>\n<meta property=\"og:locale\" content=\"lv_LV\" \/>\n<meta property=\"og:type\" content=\"article\" \/>\n<meta property=\"og:title\" content=\"Marketinga materiali - Visit P\u00e4rnu\" \/>\n<meta property=\"og:description\" content=\"Da\u017eadu piedzivojumu iespejas Pernava Karte P\u0113rnavas novada P\u0113rnava un P\u0113rnavas apri\u0146\u0137is P\u0113rnavas velomar\u0161ruti \u0122imenes atp\u016bta P\u0113rnavas apri\u0146\u0137\u012b Muzeji P\u0113rnava 64 skaistu vietu pie dabas Kult\u016brv\u0113stures p\u0113rles Viet\u0113j\u0101s gar\u0161as no P\u0113rnavas l\u012bdz Mulgim\u0101\" \/>\n<meta property=\"og:url\" content=\"https:\/\/visitparnu.com\/lv\/marketinga-materiali\/\" \/>\n<meta property=\"og:site_name\" content=\"Visit P\u00e4rnu\" \/>\n<meta property=\"article:publisher\" content=\"https:\/\/www.facebook.com\/visitparnuEE\/\" \/>\n<meta property=\"article:modified_time\" content=\"2023-01-26T10:46:41+00:00\" \/>\n<meta property=\"og:image\" content=\"https:\/\/visitparnu.com\/wp-content\/uploads\/2023\/01\/Lillepaviljon-e1596542236865.jpg\" \/>\n\t<meta property=\"og:image:width\" content=\"1400\" \/>\n\t<meta property=\"og:image:height\" content=\"791\" \/>\n\t<meta property=\"og:image:type\" content=\"image\/jpeg\" \/>\n<meta name=\"twitter:card\" content=\"summary_large_image\" \/>\n<meta name=\"twitter:label1\" content=\"Est. reading time\" \/>\n\t<meta name=\"twitter:data1\" content=\"2 minutes\" \/>\n<script type=\"application\/ld+json\" class=\"yoast-schema-graph\">{\"@context\":\"https:\\\/\\\/schema.org\",\"@graph\":[{\"@type\":\"WebPage\",\"@id\":\"https:\\\/\\\/visitparnu.com\\\/lv\\\/marketinga-materiali\\\/\",\"url\":\"https:\\\/\\\/visitparnu.com\\\/lv\\\/marketinga-materiali\\\/\",\"name\":\"Marketinga materiali - Visit P\u00e4rnu\",\"isPartOf\":{\"@id\":\"https:\\\/\\\/visitparnu.com\\\/lv\\\/#website\"},\"primaryImageOfPage\":{\"@id\":\"https:\\\/\\\/visitparnu.com\\\/lv\\\/marketinga-materiali\\\/#primaryimage\"},\"image\":{\"@id\":\"https:\\\/\\\/visitparnu.com\\\/lv\\\/marketinga-materiali\\\/#primaryimage\"},\"thumbnailUrl\":\"https:\\\/\\\/visitparnu.com\\\/wp-content\\\/uploads\\\/2023\\\/01\\\/Lillepaviljon-e1596542236865.jpg\",\"datePublished\":\"2018-10-12T06:44:45+00:00\",\"dateModified\":\"2023-01-26T10:46:41+00:00\",\"breadcrumb\":{\"@id\":\"https:\\\/\\\/visitparnu.com\\\/lv\\\/marketinga-materiali\\\/#breadcrumb\"},\"inLanguage\":\"lv-LV\",\"potentialAction\":[{\"@type\":\"ReadAction\",\"target\":[\"https:\\\/\\\/visitparnu.com\\\/lv\\\/marketinga-materiali\\\/\"]}]},{\"@type\":\"ImageObject\",\"inLanguage\":\"lv-LV\",\"@id\":\"https:\\\/\\\/visitparnu.com\\\/lv\\\/marketinga-materiali\\\/#primaryimage\",\"url\":\"https:\\\/\\\/visitparnu.com\\\/wp-content\\\/uploads\\\/2023\\\/01\\\/Lillepaviljon-e1596542236865.jpg\",\"contentUrl\":\"https:\\\/\\\/visitparnu.com\\\/wp-content\\\/uploads\\\/2023\\\/01\\\/Lillepaviljon-e1596542236865.jpg\",\"width\":1400,\"height\":791},{\"@type\":\"BreadcrumbList\",\"@id\":\"https:\\\/\\\/visitparnu.com\\\/lv\\\/marketinga-materiali\\\/#breadcrumb\",\"itemListElement\":[{\"@type\":\"ListItem\",\"position\":1,\"name\":\"\",\"item\":\"https:\\\/\\\/visitparnu.com\\\/lv\\\/\"},{\"@type\":\"ListItem\",\"position\":2,\"name\":\"Marketinga materiali\"}]},{\"@type\":\"WebSite\",\"@id\":\"https:\\\/\\\/visitparnu.com\\\/lv\\\/#website\",\"url\":\"https:\\\/\\\/visitparnu.com\\\/lv\\\/\",\"name\":\"Visit P\u00e4rnu\",\"description\":\"\",\"publisher\":{\"@id\":\"https:\\\/\\\/visitparnu.com\\\/lv\\\/#organization\"},\"potentialAction\":[{\"@type\":\"SearchAction\",\"target\":{\"@type\":\"EntryPoint\",\"urlTemplate\":\"https:\\\/\\\/visitparnu.com\\\/lv\\\/?s={search_term_string}\"},\"query-input\":{\"@type\":\"PropertyValueSpecification\",\"valueRequired\":true,\"valueName\":\"search_term_string\"}}],\"inLanguage\":\"lv-LV\"},{\"@type\":\"Organization\",\"@id\":\"https:\\\/\\\/visitparnu.com\\\/lv\\\/#organization\",\"name\":\"Visit P\u00e4rnu\",\"url\":\"https:\\\/\\\/visitparnu.com\\\/lv\\\/\",\"logo\":{\"@type\":\"ImageObject\",\"inLanguage\":\"lv-LV\",\"@id\":\"https:\\\/\\\/visitparnu.com\\\/lv\\\/#\\\/schema\\\/logo\\\/image\\\/\",\"url\":\"https:\\\/\\\/visitparnu.com\\\/wp-content\\\/uploads\\\/2022\\\/11\\\/VP_logo.svg\",\"contentUrl\":\"https:\\\/\\\/visitparnu.com\\\/wp-content\\\/uploads\\\/2022\\\/11\\\/VP_logo.svg\",\"width\":305,\"height\":33,\"caption\":\"Visit P\u00e4rnu\"},\"image\":{\"@id\":\"https:\\\/\\\/visitparnu.com\\\/lv\\\/#\\\/schema\\\/logo\\\/image\\\/\"},\"sameAs\":[\"https:\\\/\\\/www.facebook.com\\\/visitparnuEE\\\/\",\"https:\\\/\\\/www.youtube.com\\\/user\\\/visitparnuestonia\\\/\",\"https:\\\/\\\/www.instagram.com\\\/visitparnu\\\/\"]}]}<\/script>\n<!-- \/ Yoast SEO plugin. -->","yoast_head_json":{"title":"Marketinga materiali - Visit P\u00e4rnu","robots":{"index":"index","follow":"follow","max-snippet":"max-snippet:-1","max-image-preview":"max-image-preview:large","max-video-preview":"max-video-preview:-1"},"canonical":"https:\/\/visitparnu.com\/lv\/marketinga-materiali\/","og_locale":"lv_LV","og_type":"article","og_title":"Marketinga materiali - Visit P\u00e4rnu","og_description":"Da\u017eadu piedzivojumu iespejas Pernava Karte P\u0113rnavas novada P\u0113rnava un P\u0113rnavas apri\u0146\u0137is P\u0113rnavas velomar\u0161ruti \u0122imenes atp\u016bta P\u0113rnavas apri\u0146\u0137\u012b Muzeji P\u0113rnava 64 skaistu vietu pie dabas Kult\u016brv\u0113stures p\u0113rles Viet\u0113j\u0101s gar\u0161as no P\u0113rnavas l\u012bdz Mulgim\u0101","og_url":"https:\/\/visitparnu.com\/lv\/marketinga-materiali\/","og_site_name":"Visit P\u00e4rnu","article_publisher":"https:\/\/www.facebook.com\/visitparnuEE\/","article_modified_time":"2023-01-26T10:46:41+00:00","og_image":[{"width":1400,"height":791,"url":"https:\/\/visitparnu.com\/wp-content\/uploads\/2023\/01\/Lillepaviljon-e1596542236865.jpg","type":"image\/jpeg"}],"twitter_card":"summary_large_image","twitter_misc":{"Est. reading time":"2 minutes"},"schema":{"@context":"https:\/\/schema.org","@graph":[{"@type":"WebPage","@id":"https:\/\/visitparnu.com\/lv\/marketinga-materiali\/","url":"https:\/\/visitparnu.com\/lv\/marketinga-materiali\/","name":"Marketinga materiali - Visit P\u00e4rnu","isPartOf":{"@id":"https:\/\/visitparnu.com\/lv\/#website"},"primaryImageOfPage":{"@id":"https:\/\/visitparnu.com\/lv\/marketinga-materiali\/#primaryimage"},"image":{"@id":"https:\/\/visitparnu.com\/lv\/marketinga-materiali\/#primaryimage"},"thumbnailUrl":"https:\/\/visitparnu.com\/wp-content\/uploads\/2023\/01\/Lillepaviljon-e1596542236865.jpg","datePublished":"2018-10-12T06:44:45+00:00","dateModified":"2023-01-26T10:46:41+00:00","breadcrumb":{"@id":"https:\/\/visitparnu.com\/lv\/marketinga-materiali\/#breadcrumb"},"inLanguage":"lv-LV","potentialAction":[{"@type":"ReadAction","target":["https:\/\/visitparnu.com\/lv\/marketinga-materiali\/"]}]},{"@type":"ImageObject","inLanguage":"lv-LV","@id":"https:\/\/visitparnu.com\/lv\/marketinga-materiali\/#primaryimage","url":"https:\/\/visitparnu.com\/wp-content\/uploads\/2023\/01\/Lillepaviljon-e1596542236865.jpg","contentUrl":"https:\/\/visitparnu.com\/wp-content\/uploads\/2023\/01\/Lillepaviljon-e1596542236865.jpg","width":1400,"height":791},{"@type":"BreadcrumbList","@id":"https:\/\/visitparnu.com\/lv\/marketinga-materiali\/#breadcrumb","itemListElement":[{"@type":"ListItem","position":1,"name":"","item":"https:\/\/visitparnu.com\/lv\/"},{"@type":"ListItem","position":2,"name":"Marketinga materiali"}]},{"@type":"WebSite","@id":"https:\/\/visitparnu.com\/lv\/#website","url":"https:\/\/visitparnu.com\/lv\/","name":"Visit P\u00e4rnu","description":"","publisher":{"@id":"https:\/\/visitparnu.com\/lv\/#organization"},"potentialAction":[{"@type":"SearchAction","target":{"@type":"EntryPoint","urlTemplate":"https:\/\/visitparnu.com\/lv\/?s={search_term_string}"},"query-input":{"@type":"PropertyValueSpecification","valueRequired":true,"valueName":"search_term_string"}}],"inLanguage":"lv-LV"},{"@type":"Organization","@id":"https:\/\/visitparnu.com\/lv\/#organization","name":"Visit P\u00e4rnu","url":"https:\/\/visitparnu.com\/lv\/","logo":{"@type":"ImageObject","inLanguage":"lv-LV","@id":"https:\/\/visitparnu.com\/lv\/#\/schema\/logo\/image\/","url":"https:\/\/visitparnu.com\/wp-content\/uploads\/2022\/11\/VP_logo.svg","contentUrl":"https:\/\/visitparnu.com\/wp-content\/uploads\/2022\/11\/VP_logo.svg","width":305,"height":33,"caption":"Visit P\u00e4rnu"},"image":{"@id":"https:\/\/visitparnu.com\/lv\/#\/schema\/logo\/image\/"},"sameAs":["https:\/\/www.facebook.com\/visitparnuEE\/","https:\/\/www.youtube.com\/user\/visitparnuestonia\/","https:\/\/www.instagram.com\/visitparnu\/"]}]}},"_links":{"self":[{"href":"https:\/\/visitparnu.com\/lv\/wp-json\/wp\/v2\/pages\/4937428","targetHints":{"allow":["GET"]}}],"collection":[{"href":"https:\/\/visitparnu.com\/lv\/wp-json\/wp\/v2\/pages"}],"about":[{"href":"https:\/\/visitparnu.com\/lv\/wp-json\/wp\/v2\/types\/page"}],"author":[{"embeddable":true,"href":"https:\/\/visitparnu.com\/lv\/wp-json\/wp\/v2\/users\/1"}],"replies":[{"embeddable":true,"href":"https:\/\/visitparnu.com\/lv\/wp-json\/wp\/v2\/comments?post=4937428"}],"version-history":[{"count":11,"href":"https:\/\/visitparnu.com\/lv\/wp-json\/wp\/v2\/pages\/4937428\/revisions"}],"predecessor-version":[{"id":4953854,"href":"https:\/\/visitparnu.com\/lv\/wp-json\/wp\/v2\/pages\/4937428\/revisions\/4953854"}],"wp:featuredmedia":[{"embeddable":true,"href":"https:\/\/visitparnu.com\/lv\/wp-json\/wp\/v2\/media\/4953767"}],"wp:attachment":[{"href":"https:\/\/visitparnu.com\/lv\/wp-json\/wp\/v2\/media?parent=4937428"}],"curies":[{"name":"wp","href":"https:\/\/api.w.org\/{rel}","templated":true}]}}