{"id":4937426,"date":"2018-09-28T15:26:43","date_gmt":"2018-09-28T13:26:43","guid":{"rendered":"https:\/\/visitparnu.com\/vebkamera\/"},"modified":"2023-01-25T16:23:33","modified_gmt":"2023-01-25T14:23:33","slug":"vebkamera","status":"publish","type":"page","link":"https:\/\/visitparnu.com\/lv\/vebkamera\/","title":{"rendered":"Vebkamera"},"content":{"rendered":"\t\t<div data-elementor-type=\"wp-post\" data-elementor-id=\"4937426\" class=\"elementor elementor-4937426 elementor-4936652\" data-elementor-post-type=\"page\">\n\t\t\t\t\t\t<section class=\"elementor-section elementor-top-section elementor-element elementor-element-2f930b90 elementor-section-boxed elementor-section-height-default elementor-section-height-default\" data-id=\"2f930b90\" data-element_type=\"section\" data-e-type=\"section\">\n\t\t\t\t\t\t<div class=\"elementor-container elementor-column-gap-default\">\n\t\t\t\t\t<div class=\"elementor-column elementor-col-100 elementor-top-column elementor-element elementor-element-a2c94aa\" data-id=\"a2c94aa\" data-element_type=\"column\" data-e-type=\"column\">\n\t\t\t<div class=\"elementor-widget-wrap elementor-element-populated\">\n\t\t\t\t\t\t<div class=\"elementor-element elementor-element-70dee361 elementor-widget elementor-widget-text-editor\" data-id=\"70dee361\" data-element_type=\"widget\" data-e-type=\"widget\" data-widget_type=\"text-editor.default\">\n\t\t\t\t\t\t\t\t\t<h2>T\u012bmek\u013ca kamera (Iseseisvuse v\u00e4ljak)<\/h2><p><iframe style=\"border: 0;\" src=\"https:\/\/balticlivecam.com\/et\/cameras\/estonia\/parnu\/paernu\/?embed\" width=\"100\" height=\"800\" scrolling=\"no\" allowfullscreen=\"allowfullscreen\"><\/iframe><\/p>\t\t\t\t\t\t\t\t<\/div>\n\t\t\t\t\t<\/div>\n\t\t<\/div>\n\t\t\t\t\t<\/div>\n\t\t<\/section>\n\t\t\t\t<\/div>\n\t\t","protected":false},"excerpt":{"rendered":"<p>T\u012bmek\u013ca kamera (Iseseisvuse v\u00e4ljak)<\/p>\n","protected":false},"author":1,"featured_media":0,"parent":0,"menu_order":0,"comment_status":"closed","ping_status":"closed","template":"","meta":{"_acf_changed":false,"footnotes":""},"class_list":["post-4937426","page","type-page","status-publish","hentry"],"acf":[],"yoast_head":"<!-- This site is optimized with the Yoast SEO plugin v27.3 - https:\/\/yoast.com\/product\/yoast-seo-wordpress\/ -->\n<title>Vebkamera - Visit P\u00e4rnu<\/title>\n<meta name=\"robots\" content=\"index, follow, max-snippet:-1, max-image-preview:large, max-video-preview:-1\" \/>\n<link rel=\"canonical\" href=\"https:\/\/visitparnu.com\/lv\/vebkamera\/\" \/>\n<meta property=\"og:locale\" content=\"lv_LV\" \/>\n<meta property=\"og:type\" content=\"article\" \/>\n<meta property=\"og:title\" content=\"Vebkamera - Visit P\u00e4rnu\" \/>\n<meta property=\"og:description\" content=\"T\u012bmek\u013ca kamera (Iseseisvuse v\u00e4ljak)\" \/>\n<meta property=\"og:url\" content=\"https:\/\/visitparnu.com\/lv\/vebkamera\/\" \/>\n<meta property=\"og:site_name\" content=\"Visit P\u00e4rnu\" \/>\n<meta property=\"article:publisher\" content=\"https:\/\/www.facebook.com\/visitparnuEE\/\" \/>\n<meta property=\"article:modified_time\" content=\"2023-01-25T14:23:33+00:00\" \/>\n<meta name=\"twitter:card\" content=\"summary_large_image\" \/>\n<meta name=\"twitter:label1\" content=\"Est. reading time\" \/>\n\t<meta name=\"twitter:data1\" content=\"1 minute\" \/>\n<script type=\"application\/ld+json\" class=\"yoast-schema-graph\">{\"@context\":\"https:\\\/\\\/schema.org\",\"@graph\":[{\"@type\":\"WebPage\",\"@id\":\"https:\\\/\\\/visitparnu.com\\\/lv\\\/vebkamera\\\/\",\"url\":\"https:\\\/\\\/visitparnu.com\\\/lv\\\/vebkamera\\\/\",\"name\":\"Vebkamera - Visit P\u00e4rnu\",\"isPartOf\":{\"@id\":\"https:\\\/\\\/visitparnu.com\\\/lv\\\/#website\"},\"datePublished\":\"2018-09-28T13:26:43+00:00\",\"dateModified\":\"2023-01-25T14:23:33+00:00\",\"breadcrumb\":{\"@id\":\"https:\\\/\\\/visitparnu.com\\\/lv\\\/vebkamera\\\/#breadcrumb\"},\"inLanguage\":\"lv-LV\",\"potentialAction\":[{\"@type\":\"ReadAction\",\"target\":[\"https:\\\/\\\/visitparnu.com\\\/lv\\\/vebkamera\\\/\"]}]},{\"@type\":\"BreadcrumbList\",\"@id\":\"https:\\\/\\\/visitparnu.com\\\/lv\\\/vebkamera\\\/#breadcrumb\",\"itemListElement\":[{\"@type\":\"ListItem\",\"position\":1,\"name\":\"\",\"item\":\"https:\\\/\\\/visitparnu.com\\\/lv\\\/\"},{\"@type\":\"ListItem\",\"position\":2,\"name\":\"Vebkamera\"}]},{\"@type\":\"WebSite\",\"@id\":\"https:\\\/\\\/visitparnu.com\\\/lv\\\/#website\",\"url\":\"https:\\\/\\\/visitparnu.com\\\/lv\\\/\",\"name\":\"Visit P\u00e4rnu\",\"description\":\"\",\"publisher\":{\"@id\":\"https:\\\/\\\/visitparnu.com\\\/lv\\\/#organization\"},\"potentialAction\":[{\"@type\":\"SearchAction\",\"target\":{\"@type\":\"EntryPoint\",\"urlTemplate\":\"https:\\\/\\\/visitparnu.com\\\/lv\\\/?s={search_term_string}\"},\"query-input\":{\"@type\":\"PropertyValueSpecification\",\"valueRequired\":true,\"valueName\":\"search_term_string\"}}],\"inLanguage\":\"lv-LV\"},{\"@type\":\"Organization\",\"@id\":\"https:\\\/\\\/visitparnu.com\\\/lv\\\/#organization\",\"name\":\"Visit P\u00e4rnu\",\"url\":\"https:\\\/\\\/visitparnu.com\\\/lv\\\/\",\"logo\":{\"@type\":\"ImageObject\",\"inLanguage\":\"lv-LV\",\"@id\":\"https:\\\/\\\/visitparnu.com\\\/lv\\\/#\\\/schema\\\/logo\\\/image\\\/\",\"url\":\"https:\\\/\\\/visitparnu.com\\\/wp-content\\\/uploads\\\/2022\\\/11\\\/VP_logo.svg\",\"contentUrl\":\"https:\\\/\\\/visitparnu.com\\\/wp-content\\\/uploads\\\/2022\\\/11\\\/VP_logo.svg\",\"width\":305,\"height\":33,\"caption\":\"Visit P\u00e4rnu\"},\"image\":{\"@id\":\"https:\\\/\\\/visitparnu.com\\\/lv\\\/#\\\/schema\\\/logo\\\/image\\\/\"},\"sameAs\":[\"https:\\\/\\\/www.facebook.com\\\/visitparnuEE\\\/\",\"https:\\\/\\\/www.youtube.com\\\/user\\\/visitparnuestonia\\\/\",\"https:\\\/\\\/www.instagram.com\\\/visitparnu\\\/\"]}]}<\/script>\n<!-- \/ Yoast SEO plugin. -->","yoast_head_json":{"title":"Vebkamera - Visit P\u00e4rnu","robots":{"index":"index","follow":"follow","max-snippet":"max-snippet:-1","max-image-preview":"max-image-preview:large","max-video-preview":"max-video-preview:-1"},"canonical":"https:\/\/visitparnu.com\/lv\/vebkamera\/","og_locale":"lv_LV","og_type":"article","og_title":"Vebkamera - Visit P\u00e4rnu","og_description":"T\u012bmek\u013ca kamera (Iseseisvuse v\u00e4ljak)","og_url":"https:\/\/visitparnu.com\/lv\/vebkamera\/","og_site_name":"Visit P\u00e4rnu","article_publisher":"https:\/\/www.facebook.com\/visitparnuEE\/","article_modified_time":"2023-01-25T14:23:33+00:00","twitter_card":"summary_large_image","twitter_misc":{"Est. reading time":"1 minute"},"schema":{"@context":"https:\/\/schema.org","@graph":[{"@type":"WebPage","@id":"https:\/\/visitparnu.com\/lv\/vebkamera\/","url":"https:\/\/visitparnu.com\/lv\/vebkamera\/","name":"Vebkamera - Visit P\u00e4rnu","isPartOf":{"@id":"https:\/\/visitparnu.com\/lv\/#website"},"datePublished":"2018-09-28T13:26:43+00:00","dateModified":"2023-01-25T14:23:33+00:00","breadcrumb":{"@id":"https:\/\/visitparnu.com\/lv\/vebkamera\/#breadcrumb"},"inLanguage":"lv-LV","potentialAction":[{"@type":"ReadAction","target":["https:\/\/visitparnu.com\/lv\/vebkamera\/"]}]},{"@type":"BreadcrumbList","@id":"https:\/\/visitparnu.com\/lv\/vebkamera\/#breadcrumb","itemListElement":[{"@type":"ListItem","position":1,"name":"","item":"https:\/\/visitparnu.com\/lv\/"},{"@type":"ListItem","position":2,"name":"Vebkamera"}]},{"@type":"WebSite","@id":"https:\/\/visitparnu.com\/lv\/#website","url":"https:\/\/visitparnu.com\/lv\/","name":"Visit P\u00e4rnu","description":"","publisher":{"@id":"https:\/\/visitparnu.com\/lv\/#organization"},"potentialAction":[{"@type":"SearchAction","target":{"@type":"EntryPoint","urlTemplate":"https:\/\/visitparnu.com\/lv\/?s={search_term_string}"},"query-input":{"@type":"PropertyValueSpecification","valueRequired":true,"valueName":"search_term_string"}}],"inLanguage":"lv-LV"},{"@type":"Organization","@id":"https:\/\/visitparnu.com\/lv\/#organization","name":"Visit P\u00e4rnu","url":"https:\/\/visitparnu.com\/lv\/","logo":{"@type":"ImageObject","inLanguage":"lv-LV","@id":"https:\/\/visitparnu.com\/lv\/#\/schema\/logo\/image\/","url":"https:\/\/visitparnu.com\/wp-content\/uploads\/2022\/11\/VP_logo.svg","contentUrl":"https:\/\/visitparnu.com\/wp-content\/uploads\/2022\/11\/VP_logo.svg","width":305,"height":33,"caption":"Visit P\u00e4rnu"},"image":{"@id":"https:\/\/visitparnu.com\/lv\/#\/schema\/logo\/image\/"},"sameAs":["https:\/\/www.facebook.com\/visitparnuEE\/","https:\/\/www.youtube.com\/user\/visitparnuestonia\/","https:\/\/www.instagram.com\/visitparnu\/"]}]}},"_links":{"self":[{"href":"https:\/\/visitparnu.com\/lv\/wp-json\/wp\/v2\/pages\/4937426","targetHints":{"allow":["GET"]}}],"collection":[{"href":"https:\/\/visitparnu.com\/lv\/wp-json\/wp\/v2\/pages"}],"about":[{"href":"https:\/\/visitparnu.com\/lv\/wp-json\/wp\/v2\/types\/page"}],"author":[{"embeddable":true,"href":"https:\/\/visitparnu.com\/lv\/wp-json\/wp\/v2\/users\/1"}],"replies":[{"embeddable":true,"href":"https:\/\/visitparnu.com\/lv\/wp-json\/wp\/v2\/comments?post=4937426"}],"version-history":[{"count":4,"href":"https:\/\/visitparnu.com\/lv\/wp-json\/wp\/v2\/pages\/4937426\/revisions"}],"predecessor-version":[{"id":4953475,"href":"https:\/\/visitparnu.com\/lv\/wp-json\/wp\/v2\/pages\/4937426\/revisions\/4953475"}],"wp:attachment":[{"href":"https:\/\/visitparnu.com\/lv\/wp-json\/wp\/v2\/media?parent=4937426"}],"curies":[{"name":"wp","href":"https:\/\/api.w.org\/{rel}","templated":true}]}}