{"id":4937410,"date":"2018-09-21T13:09:49","date_gmt":"2018-09-21T11:09:49","guid":{"rendered":"https:\/\/visitparnu.com\/kapec-apmeklet-pernavu\/"},"modified":"2023-01-15T19:22:36","modified_gmt":"2023-01-15T17:22:36","slug":"kapec-apmeklet-pernavu","status":"publish","type":"page","link":"https:\/\/visitparnu.com\/lv\/kapec-apmeklet-pernavu\/","title":{"rendered":"K\u0101p\u0113c apmekl\u0113t P\u0113rnavu?"},"content":{"rendered":"\t\t<div data-elementor-type=\"wp-post\" data-elementor-id=\"4937410\" class=\"elementor elementor-4937410 elementor-4936638\" data-elementor-post-type=\"page\">\n\t\t\t\t<div class=\"elementor-element elementor-element-a9f3bf3 content-two-col-block e-flex e-con-boxed e-con e-parent\" data-id=\"a9f3bf3\" data-element_type=\"container\" data-e-type=\"container\">\n\t\t\t\t\t<div class=\"e-con-inner\">\n\t\t<div class=\"elementor-element elementor-element-0b21858 e-con-full e-flex e-con e-parent\" data-id=\"0b21858\" data-element_type=\"container\" data-e-type=\"container\">\n\t\t\t\t<div class=\"elementor-element elementor-element-bb333b1 elementor-widget elementor-widget-text-editor\" data-id=\"bb333b1\" data-element_type=\"widget\" data-e-type=\"widget\" data-widget_type=\"text-editor.default\">\n\t\t\t\t\t\t\t\t\t<p style=\"font-weight: 400;\">Ja jums pat\u012bk izbaud\u012bt nedaudz miegain\u0101s pils\u0113tas auru, palutin\u0101t sevi ar SPA proced\u016br\u0101m, g\u016bt iedvesmu no bag\u0101tajiem kult\u016bras piedz\u012bvojumiem un apbr\u012bnot dabas sp\u0113ku, tad P\u0113rnava ir \u012bst\u0101 vieta atp\u016btai. \u0160eit varat baud\u012bt p\u0101rg\u0101jienus ar velosip\u0113du un garas pastaigas, pavasara dabas atdzim\u0161anu un vasaras k\u0146adu, un rudens \u2013 ziemas romantiku. \u00a0<\/p>\t\t\t\t\t\t\t\t<\/div>\n\t\t\t\t<div class=\"elementor-element elementor-element-63f2f13 elementor-widget elementor-widget-image\" data-id=\"63f2f13\" data-element_type=\"widget\" data-e-type=\"widget\" data-widget_type=\"image.default\">\n\t\t\t\t\t\t\t\t\t\t\t\t\t\t\t<img fetchpriority=\"high\" decoding=\"async\" width=\"1024\" height=\"614\" src=\"https:\/\/visitparnu.com\/wp-content\/uploads\/2023\/01\/Visitparnu-003-1024x614.jpg\" class=\"attachment-large size-large wp-image-4941807\" alt=\"\" srcset=\"https:\/\/visitparnu.com\/wp-content\/uploads\/2023\/01\/Visitparnu-003-1024x614.jpg 1024w, https:\/\/visitparnu.com\/wp-content\/uploads\/2023\/01\/Visitparnu-003-300x180.jpg 300w, https:\/\/visitparnu.com\/wp-content\/uploads\/2023\/01\/Visitparnu-003-768x460.jpg 768w, https:\/\/visitparnu.com\/wp-content\/uploads\/2023\/01\/Visitparnu-003-1536x921.jpg 1536w, https:\/\/visitparnu.com\/wp-content\/uploads\/2023\/01\/Visitparnu-003-2048x1228.jpg 2048w\" sizes=\"(max-width: 1024px) 100vw, 1024px\" \/>\t\t\t\t\t\t\t\t\t\t\t\t\t\t\t<\/div>\n\t\t\t\t<\/div>\n\t\t\t\t\t<\/div>\n\t\t\t\t<\/div>\n\t\t<div class=\"elementor-element elementor-element-c46cf43 content-two-col-block e-flex e-con-boxed e-con e-parent\" data-id=\"c46cf43\" data-element_type=\"container\" data-e-type=\"container\">\n\t\t\t\t\t<div class=\"e-con-inner\">\n\t\t<div class=\"elementor-element elementor-element-c5381b9 e-con-full e-flex e-con e-parent\" data-id=\"c5381b9\" data-element_type=\"container\" data-e-type=\"container\">\n\t\t\t\t<div class=\"elementor-element elementor-element-661c78d elementor-widget elementor-widget-heading\" data-id=\"661c78d\" data-element_type=\"widget\" data-e-type=\"widget\" data-widget_type=\"heading.default\">\n\t\t\t\t\t<h2 class=\"elementor-heading-title elementor-size-default\">P\u0113rnav\u0101 atrodas Igaunijas liel\u0101k\u0101 un skaist\u0101k\u0101 smil\u0161u pludmale<\/h2>\t\t\t\t<\/div>\n\t\t\t\t<div class=\"elementor-element elementor-element-532fa1a elementor-widget elementor-widget-text-editor\" data-id=\"532fa1a\" data-element_type=\"widget\" data-e-type=\"widget\" data-widget_type=\"text-editor.default\">\n\t\t\t\t\t\t\t\t\t<p style=\"font-weight: 400;\">Turkl\u0101t P\u0113rnavas apri\u0146\u0137a piekrast\u0113 ir daudz maz\u0101ku un priv\u0101t\u0101ku vietu, kas labi piem\u0113rotas peld\u0113\u0161anai, piknikiem un saulrieta skat\u012b\u0161anai. <strong>P\u0113rnavas pludmal\u0113 ir Zieme\u013cvalst\u012bs lab\u0101kie s\u0113rfo\u0161anas apst\u0101k\u013ci. <\/strong>Seklais \u016bdens un v\u0113jam atkl\u0101tais l\u012bcis padara P\u0113rnavu par \u012bstu s\u0113rfo\u0161anas parad\u012bzi.<\/p>\t\t\t\t\t\t\t\t<\/div>\n\t\t\t\t<div class=\"elementor-element elementor-element-f2a5a07 elementor-widget elementor-widget-image\" data-id=\"f2a5a07\" data-element_type=\"widget\" data-e-type=\"widget\" data-widget_type=\"image.default\">\n\t\t\t\t\t\t\t\t\t\t\t\t\t\t\t\t<a href=\"https:\/\/visitparnu.com\/wp-content\/uploads\/2023\/01\/Parnu-rand-3.jpg\" data-elementor-open-lightbox=\"yes\" data-elementor-lightbox-title=\"Parnu-rand\" data-elementor-lightbox-description=\"Parnu-rand\" data-e-action-hash=\"#elementor-action%3Aaction%3Dlightbox%26settings%3DeyJpZCI6NDk0NDY5NiwidXJsIjoiaHR0cHM6XC9cL3Zpc2l0cGFybnUuY29tXC93cC1jb250ZW50XC91cGxvYWRzXC8yMDIzXC8wMVwvUGFybnUtcmFuZC0zLmpwZyJ9\">\n\t\t\t\t\t\t\t<img decoding=\"async\" width=\"1024\" height=\"576\" src=\"https:\/\/visitparnu.com\/wp-content\/uploads\/2023\/01\/Parnu-rand-3-1024x576.jpg\" class=\"attachment-large size-large wp-image-4944696\" alt=\"\" srcset=\"https:\/\/visitparnu.com\/wp-content\/uploads\/2023\/01\/Parnu-rand-3-1024x576.jpg 1024w, https:\/\/visitparnu.com\/wp-content\/uploads\/2023\/01\/Parnu-rand-3-300x169.jpg 300w, https:\/\/visitparnu.com\/wp-content\/uploads\/2023\/01\/Parnu-rand-3-768x432.jpg 768w, https:\/\/visitparnu.com\/wp-content\/uploads\/2023\/01\/Parnu-rand-3-1536x863.jpg 1536w, https:\/\/visitparnu.com\/wp-content\/uploads\/2023\/01\/Parnu-rand-3.jpg 1886w\" sizes=\"(max-width: 1024px) 100vw, 1024px\" \/>\t\t\t\t\t\t\t\t<\/a>\n\t\t\t\t\t\t\t\t\t\t\t\t\t\t\t<\/div>\n\t\t\t\t<\/div>\n\t\t<div class=\"elementor-element elementor-element-44f56dd e-con-full e-flex e-con e-parent\" data-id=\"44f56dd\" data-element_type=\"container\" data-e-type=\"container\">\n\t\t\t\t<div class=\"elementor-element elementor-element-9c1c396 elementor-widget elementor-widget-text-editor\" data-id=\"9c1c396\" data-element_type=\"widget\" data-e-type=\"widget\" data-widget_type=\"text-editor.default\">\n\t\t\t\t\t\t\t\t\t<blockquote><p style=\"font-weight: 400;\">P\u0113rnava ir vien\u012bg\u0101 pils\u0113ta Igaunij\u0101, kas vienlaikus atrodas j\u016bras piekrast\u0113 un upes gr\u012bv\u0101.<\/p><\/blockquote><p style=\"font-weight: 400;\">P\u0113rnavas pils\u0113ta ir \u013coti kompakta, gudra un vienlaikus lepna ar sav\u0101m trad\u012bcij\u0101m. \u0160eit j\u016bs cauru gadu gaida <strong>9 savdab\u012bgi SPA, daudz za\u013cumu un k\u016brortam rakstur\u012bga gaisotne <\/strong>kop\u0101 ar augsti nov\u0113rt\u0113tiem <strong>restor\u0101niem, kafejn\u012bc\u0101m, te\u0101tra un koncertu piedz\u012bvojumiem. <\/strong>Net\u0101lu no P\u0113rnavas ir divi golfa laukumi. \u0160eit ir ar\u012b daudz da\u017e\u0101du iesp\u0113ju zvejot up\u0113 un j\u016br\u0101.<\/p><p style=\"font-weight: 400;\">\u00a0<\/p><p style=\"font-weight: 400;\">P\u0113rnavas apri\u0146\u0137a me\u017eos un dab\u0101 ir daudz atkl\u0101jamu vietu. <strong>Matsalu nacion\u0101lais parks<\/strong> ir viens no putniem bag\u0101t\u0101kajiem re\u0123ioniem Eirop\u0101. <strong>Som\u0101 nacion\u0101laj\u0101 park\u0101 <\/strong>vari pastaig\u0101ties vai doties p\u0101rg\u0101jien\u0101 ar k\u0101j\u0101m, ar sniega kurp\u0113m vai ar\u012b ar kanoe laivu. <strong>Kihnu ja Manija<\/strong> \u00a0sal\u0101s ar\u012b m\u016bsdien\u0101s tiek cien\u012btas seno igau\u0146u trad\u012bcijas un para\u017eas. <strong>P\u0101rg\u0101jienu takas un skaisto dabu<\/strong> var apbr\u012bnot gan zieme\u013cos, gan dienvidos, gan j\u016br\u0101, piekrast\u0113 un iek\u0161zem\u0113.<\/p>\t\t\t\t\t\t\t\t<\/div>\n\t\t\t\t<\/div>\n\t\t\t\t\t<\/div>\n\t\t\t\t<\/div>\n\t\t<div class=\"elementor-element elementor-element-bf2c86f e-flex e-con-boxed e-con e-parent\" data-id=\"bf2c86f\" data-element_type=\"container\" data-e-type=\"container\">\n\t\t\t\t\t<div class=\"e-con-inner\">\n\t\t\t\t<div class=\"elementor-element elementor-element-043b4e0 elementor-headline--style-highlight elementor-widget elementor-widget-animated-headline\" data-id=\"043b4e0\" data-element_type=\"widget\" data-e-type=\"widget\" data-settings=\"{&quot;marker&quot;:&quot;curly&quot;,&quot;highlighted_text&quot;:&quot;P\\u0113rnava&quot;,&quot;headline_style&quot;:&quot;highlight&quot;,&quot;loop&quot;:&quot;yes&quot;,&quot;highlight_animation_duration&quot;:1200,&quot;highlight_iteration_delay&quot;:8000}\" data-widget_type=\"animated-headline.default\">\n\t\t\t\t\t\t\t<h3 class=\"elementor-headline\">\n\t\t\t\t<span class=\"elementor-headline-dynamic-wrapper elementor-headline-text-wrapper\">\n\t\t\t\t\t<span class=\"elementor-headline-dynamic-text elementor-headline-text-active\">P\u0113rnava<\/span>\n\t\t\t\t<\/span>\n\t\t\t\t\t<span class=\"elementor-headline-plain-text elementor-headline-text-wrapper\">nekad neapniks.<\/span>\n\t\t\t\t\t<\/h3>\n\t\t\t\t\t\t<\/div>\n\t\t\t\t\t<\/div>\n\t\t\t\t<\/div>\n\t\t\t\t<\/div>\n\t\t","protected":false},"excerpt":{"rendered":"<p>Ja jums pat\u012bk izbaud\u012bt nedaudz miegain\u0101s pils\u0113tas auru, palutin\u0101t sevi ar SPA proced\u016br\u0101m, g\u016bt iedvesmu no bag\u0101tajiem kult\u016bras piedz\u012bvojumiem un apbr\u012bnot dabas sp\u0113ku, tad P\u0113rnava ir \u012bst\u0101 vieta atp\u016btai. \u0160eit varat baud\u012bt p\u0101rg\u0101jienus ar velosip\u0113du un garas pastaigas, pavasara dabas atdzim\u0161anu un vasaras k\u0146adu, un rudens \u2013 ziemas romantiku. \u00a0 P\u0113rnav\u0101 atrodas Igaunijas liel\u0101k\u0101 un [&hellip;]<\/p>\n","protected":false},"author":1,"featured_media":4944696,"parent":0,"menu_order":0,"comment_status":"closed","ping_status":"closed","template":"","meta":{"_acf_changed":false,"footnotes":""},"class_list":["post-4937410","page","type-page","status-publish","has-post-thumbnail","hentry"],"acf":[],"yoast_head":"<!-- This site is optimized with the Yoast SEO plugin v27.3 - https:\/\/yoast.com\/product\/yoast-seo-wordpress\/ -->\n<title>K\u0101p\u0113c apmekl\u0113t P\u0113rnavu? - Visit P\u00e4rnu<\/title>\n<meta name=\"robots\" content=\"index, follow, max-snippet:-1, max-image-preview:large, max-video-preview:-1\" \/>\n<link rel=\"canonical\" href=\"https:\/\/visitparnu.com\/lv\/kapec-apmeklet-pernavu\/\" \/>\n<meta property=\"og:locale\" content=\"lv_LV\" \/>\n<meta property=\"og:type\" content=\"article\" \/>\n<meta property=\"og:title\" content=\"K\u0101p\u0113c apmekl\u0113t P\u0113rnavu? - Visit P\u00e4rnu\" \/>\n<meta property=\"og:description\" content=\"Ja jums pat\u012bk izbaud\u012bt nedaudz miegain\u0101s pils\u0113tas auru, palutin\u0101t sevi ar SPA proced\u016br\u0101m, g\u016bt iedvesmu no bag\u0101tajiem kult\u016bras piedz\u012bvojumiem un apbr\u012bnot dabas sp\u0113ku, tad P\u0113rnava ir \u012bst\u0101 vieta atp\u016btai. \u0160eit varat baud\u012bt p\u0101rg\u0101jienus ar velosip\u0113du un garas pastaigas, pavasara dabas atdzim\u0161anu un vasaras k\u0146adu, un rudens \u2013 ziemas romantiku. \u00a0 P\u0113rnav\u0101 atrodas Igaunijas liel\u0101k\u0101 un [&hellip;]\" \/>\n<meta property=\"og:url\" content=\"https:\/\/visitparnu.com\/lv\/kapec-apmeklet-pernavu\/\" \/>\n<meta property=\"og:site_name\" content=\"Visit P\u00e4rnu\" \/>\n<meta property=\"article:publisher\" content=\"https:\/\/www.facebook.com\/visitparnuEE\/\" \/>\n<meta property=\"article:modified_time\" content=\"2023-01-15T17:22:36+00:00\" \/>\n<meta property=\"og:image\" content=\"https:\/\/visitparnu.com\/wp-content\/uploads\/2023\/01\/Parnu-rand-3.jpg\" \/>\n\t<meta property=\"og:image:width\" content=\"1886\" \/>\n\t<meta property=\"og:image:height\" content=\"1060\" \/>\n\t<meta property=\"og:image:type\" content=\"image\/jpeg\" \/>\n<meta name=\"twitter:card\" content=\"summary_large_image\" \/>\n<meta name=\"twitter:label1\" content=\"Est. reading time\" \/>\n\t<meta name=\"twitter:data1\" content=\"2 minutes\" \/>\n<script type=\"application\/ld+json\" class=\"yoast-schema-graph\">{\"@context\":\"https:\\\/\\\/schema.org\",\"@graph\":[{\"@type\":\"WebPage\",\"@id\":\"https:\\\/\\\/visitparnu.com\\\/lv\\\/kapec-apmeklet-pernavu\\\/\",\"url\":\"https:\\\/\\\/visitparnu.com\\\/lv\\\/kapec-apmeklet-pernavu\\\/\",\"name\":\"K\u0101p\u0113c apmekl\u0113t P\u0113rnavu? - Visit P\u00e4rnu\",\"isPartOf\":{\"@id\":\"https:\\\/\\\/visitparnu.com\\\/lv\\\/#website\"},\"primaryImageOfPage\":{\"@id\":\"https:\\\/\\\/visitparnu.com\\\/lv\\\/kapec-apmeklet-pernavu\\\/#primaryimage\"},\"image\":{\"@id\":\"https:\\\/\\\/visitparnu.com\\\/lv\\\/kapec-apmeklet-pernavu\\\/#primaryimage\"},\"thumbnailUrl\":\"https:\\\/\\\/visitparnu.com\\\/wp-content\\\/uploads\\\/2023\\\/01\\\/Parnu-rand-3.jpg\",\"datePublished\":\"2018-09-21T11:09:49+00:00\",\"dateModified\":\"2023-01-15T17:22:36+00:00\",\"breadcrumb\":{\"@id\":\"https:\\\/\\\/visitparnu.com\\\/lv\\\/kapec-apmeklet-pernavu\\\/#breadcrumb\"},\"inLanguage\":\"lv-LV\",\"potentialAction\":[{\"@type\":\"ReadAction\",\"target\":[\"https:\\\/\\\/visitparnu.com\\\/lv\\\/kapec-apmeklet-pernavu\\\/\"]}]},{\"@type\":\"ImageObject\",\"inLanguage\":\"lv-LV\",\"@id\":\"https:\\\/\\\/visitparnu.com\\\/lv\\\/kapec-apmeklet-pernavu\\\/#primaryimage\",\"url\":\"https:\\\/\\\/visitparnu.com\\\/wp-content\\\/uploads\\\/2023\\\/01\\\/Parnu-rand-3.jpg\",\"contentUrl\":\"https:\\\/\\\/visitparnu.com\\\/wp-content\\\/uploads\\\/2023\\\/01\\\/Parnu-rand-3.jpg\",\"width\":1886,\"height\":1060},{\"@type\":\"BreadcrumbList\",\"@id\":\"https:\\\/\\\/visitparnu.com\\\/lv\\\/kapec-apmeklet-pernavu\\\/#breadcrumb\",\"itemListElement\":[{\"@type\":\"ListItem\",\"position\":1,\"name\":\"\",\"item\":\"https:\\\/\\\/visitparnu.com\\\/lv\\\/\"},{\"@type\":\"ListItem\",\"position\":2,\"name\":\"K\u0101p\u0113c apmekl\u0113t P\u0113rnavu?\"}]},{\"@type\":\"WebSite\",\"@id\":\"https:\\\/\\\/visitparnu.com\\\/lv\\\/#website\",\"url\":\"https:\\\/\\\/visitparnu.com\\\/lv\\\/\",\"name\":\"Visit P\u00e4rnu\",\"description\":\"\",\"publisher\":{\"@id\":\"https:\\\/\\\/visitparnu.com\\\/lv\\\/#organization\"},\"potentialAction\":[{\"@type\":\"SearchAction\",\"target\":{\"@type\":\"EntryPoint\",\"urlTemplate\":\"https:\\\/\\\/visitparnu.com\\\/lv\\\/?s={search_term_string}\"},\"query-input\":{\"@type\":\"PropertyValueSpecification\",\"valueRequired\":true,\"valueName\":\"search_term_string\"}}],\"inLanguage\":\"lv-LV\"},{\"@type\":\"Organization\",\"@id\":\"https:\\\/\\\/visitparnu.com\\\/lv\\\/#organization\",\"name\":\"Visit P\u00e4rnu\",\"url\":\"https:\\\/\\\/visitparnu.com\\\/lv\\\/\",\"logo\":{\"@type\":\"ImageObject\",\"inLanguage\":\"lv-LV\",\"@id\":\"https:\\\/\\\/visitparnu.com\\\/lv\\\/#\\\/schema\\\/logo\\\/image\\\/\",\"url\":\"https:\\\/\\\/visitparnu.com\\\/wp-content\\\/uploads\\\/2022\\\/11\\\/VP_logo.svg\",\"contentUrl\":\"https:\\\/\\\/visitparnu.com\\\/wp-content\\\/uploads\\\/2022\\\/11\\\/VP_logo.svg\",\"width\":305,\"height\":33,\"caption\":\"Visit P\u00e4rnu\"},\"image\":{\"@id\":\"https:\\\/\\\/visitparnu.com\\\/lv\\\/#\\\/schema\\\/logo\\\/image\\\/\"},\"sameAs\":[\"https:\\\/\\\/www.facebook.com\\\/visitparnuEE\\\/\",\"https:\\\/\\\/www.youtube.com\\\/user\\\/visitparnuestonia\\\/\",\"https:\\\/\\\/www.instagram.com\\\/visitparnu\\\/\"]}]}<\/script>\n<!-- \/ Yoast SEO plugin. -->","yoast_head_json":{"title":"K\u0101p\u0113c apmekl\u0113t P\u0113rnavu? - Visit P\u00e4rnu","robots":{"index":"index","follow":"follow","max-snippet":"max-snippet:-1","max-image-preview":"max-image-preview:large","max-video-preview":"max-video-preview:-1"},"canonical":"https:\/\/visitparnu.com\/lv\/kapec-apmeklet-pernavu\/","og_locale":"lv_LV","og_type":"article","og_title":"K\u0101p\u0113c apmekl\u0113t P\u0113rnavu? - Visit P\u00e4rnu","og_description":"Ja jums pat\u012bk izbaud\u012bt nedaudz miegain\u0101s pils\u0113tas auru, palutin\u0101t sevi ar SPA proced\u016br\u0101m, g\u016bt iedvesmu no bag\u0101tajiem kult\u016bras piedz\u012bvojumiem un apbr\u012bnot dabas sp\u0113ku, tad P\u0113rnava ir \u012bst\u0101 vieta atp\u016btai. \u0160eit varat baud\u012bt p\u0101rg\u0101jienus ar velosip\u0113du un garas pastaigas, pavasara dabas atdzim\u0161anu un vasaras k\u0146adu, un rudens \u2013 ziemas romantiku. \u00a0 P\u0113rnav\u0101 atrodas Igaunijas liel\u0101k\u0101 un [&hellip;]","og_url":"https:\/\/visitparnu.com\/lv\/kapec-apmeklet-pernavu\/","og_site_name":"Visit P\u00e4rnu","article_publisher":"https:\/\/www.facebook.com\/visitparnuEE\/","article_modified_time":"2023-01-15T17:22:36+00:00","og_image":[{"width":1886,"height":1060,"url":"https:\/\/visitparnu.com\/wp-content\/uploads\/2023\/01\/Parnu-rand-3.jpg","type":"image\/jpeg"}],"twitter_card":"summary_large_image","twitter_misc":{"Est. reading time":"2 minutes"},"schema":{"@context":"https:\/\/schema.org","@graph":[{"@type":"WebPage","@id":"https:\/\/visitparnu.com\/lv\/kapec-apmeklet-pernavu\/","url":"https:\/\/visitparnu.com\/lv\/kapec-apmeklet-pernavu\/","name":"K\u0101p\u0113c apmekl\u0113t P\u0113rnavu? - Visit P\u00e4rnu","isPartOf":{"@id":"https:\/\/visitparnu.com\/lv\/#website"},"primaryImageOfPage":{"@id":"https:\/\/visitparnu.com\/lv\/kapec-apmeklet-pernavu\/#primaryimage"},"image":{"@id":"https:\/\/visitparnu.com\/lv\/kapec-apmeklet-pernavu\/#primaryimage"},"thumbnailUrl":"https:\/\/visitparnu.com\/wp-content\/uploads\/2023\/01\/Parnu-rand-3.jpg","datePublished":"2018-09-21T11:09:49+00:00","dateModified":"2023-01-15T17:22:36+00:00","breadcrumb":{"@id":"https:\/\/visitparnu.com\/lv\/kapec-apmeklet-pernavu\/#breadcrumb"},"inLanguage":"lv-LV","potentialAction":[{"@type":"ReadAction","target":["https:\/\/visitparnu.com\/lv\/kapec-apmeklet-pernavu\/"]}]},{"@type":"ImageObject","inLanguage":"lv-LV","@id":"https:\/\/visitparnu.com\/lv\/kapec-apmeklet-pernavu\/#primaryimage","url":"https:\/\/visitparnu.com\/wp-content\/uploads\/2023\/01\/Parnu-rand-3.jpg","contentUrl":"https:\/\/visitparnu.com\/wp-content\/uploads\/2023\/01\/Parnu-rand-3.jpg","width":1886,"height":1060},{"@type":"BreadcrumbList","@id":"https:\/\/visitparnu.com\/lv\/kapec-apmeklet-pernavu\/#breadcrumb","itemListElement":[{"@type":"ListItem","position":1,"name":"","item":"https:\/\/visitparnu.com\/lv\/"},{"@type":"ListItem","position":2,"name":"K\u0101p\u0113c apmekl\u0113t P\u0113rnavu?"}]},{"@type":"WebSite","@id":"https:\/\/visitparnu.com\/lv\/#website","url":"https:\/\/visitparnu.com\/lv\/","name":"Visit P\u00e4rnu","description":"","publisher":{"@id":"https:\/\/visitparnu.com\/lv\/#organization"},"potentialAction":[{"@type":"SearchAction","target":{"@type":"EntryPoint","urlTemplate":"https:\/\/visitparnu.com\/lv\/?s={search_term_string}"},"query-input":{"@type":"PropertyValueSpecification","valueRequired":true,"valueName":"search_term_string"}}],"inLanguage":"lv-LV"},{"@type":"Organization","@id":"https:\/\/visitparnu.com\/lv\/#organization","name":"Visit P\u00e4rnu","url":"https:\/\/visitparnu.com\/lv\/","logo":{"@type":"ImageObject","inLanguage":"lv-LV","@id":"https:\/\/visitparnu.com\/lv\/#\/schema\/logo\/image\/","url":"https:\/\/visitparnu.com\/wp-content\/uploads\/2022\/11\/VP_logo.svg","contentUrl":"https:\/\/visitparnu.com\/wp-content\/uploads\/2022\/11\/VP_logo.svg","width":305,"height":33,"caption":"Visit P\u00e4rnu"},"image":{"@id":"https:\/\/visitparnu.com\/lv\/#\/schema\/logo\/image\/"},"sameAs":["https:\/\/www.facebook.com\/visitparnuEE\/","https:\/\/www.youtube.com\/user\/visitparnuestonia\/","https:\/\/www.instagram.com\/visitparnu\/"]}]}},"_links":{"self":[{"href":"https:\/\/visitparnu.com\/lv\/wp-json\/wp\/v2\/pages\/4937410","targetHints":{"allow":["GET"]}}],"collection":[{"href":"https:\/\/visitparnu.com\/lv\/wp-json\/wp\/v2\/pages"}],"about":[{"href":"https:\/\/visitparnu.com\/lv\/wp-json\/wp\/v2\/types\/page"}],"author":[{"embeddable":true,"href":"https:\/\/visitparnu.com\/lv\/wp-json\/wp\/v2\/users\/1"}],"replies":[{"embeddable":true,"href":"https:\/\/visitparnu.com\/lv\/wp-json\/wp\/v2\/comments?post=4937410"}],"version-history":[{"count":7,"href":"https:\/\/visitparnu.com\/lv\/wp-json\/wp\/v2\/pages\/4937410\/revisions"}],"predecessor-version":[{"id":4944717,"href":"https:\/\/visitparnu.com\/lv\/wp-json\/wp\/v2\/pages\/4937410\/revisions\/4944717"}],"wp:featuredmedia":[{"embeddable":true,"href":"https:\/\/visitparnu.com\/lv\/wp-json\/wp\/v2\/media\/4944696"}],"wp:attachment":[{"href":"https:\/\/visitparnu.com\/lv\/wp-json\/wp\/v2\/media?parent=4937410"}],"curies":[{"name":"wp","href":"https:\/\/api.w.org\/{rel}","templated":true}]}}