{"id":4937406,"date":"2018-07-30T18:04:40","date_gmt":"2018-07-30T16:04:40","guid":{"rendered":"https:\/\/visitparnu.com\/notikumi\/"},"modified":"2026-04-25T08:26:50","modified_gmt":"2026-04-25T06:26:50","slug":"notikumi","status":"publish","type":"page","link":"https:\/\/visitparnu.com\/lv\/notikumi\/","title":{"rendered":"Notikumi"},"content":{"rendered":"\t\t<div data-elementor-type=\"wp-post\" data-elementor-id=\"4937406\" class=\"elementor elementor-4937406 elementor-4936628\" data-elementor-post-type=\"page\">\n\t\t\t\t\t\t<section class=\"elementor-section elementor-top-section elementor-element elementor-element-5d11c20 elementor-section-boxed elementor-section-height-default elementor-section-height-default\" data-id=\"5d11c20\" data-element_type=\"section\" data-e-type=\"section\">\n\t\t\t\t\t\t<div class=\"elementor-container elementor-column-gap-default\">\n\t\t\t\t\t<div class=\"elementor-column elementor-col-100 elementor-top-column elementor-element elementor-element-8de7e36\" data-id=\"8de7e36\" data-element_type=\"column\" data-e-type=\"column\">\n\t\t\t<div class=\"elementor-widget-wrap elementor-element-populated\">\n\t\t\t\t\t\t<div class=\"elementor-element elementor-element-18a4dd0 elementor-widget elementor-widget-text-editor\" data-id=\"18a4dd0\" data-element_type=\"widget\" data-e-type=\"widget\" data-widget_type=\"text-editor.default\">\n\t\t\t\t\t\t\t\t\t<p>P\u0113rnav\u0101 gada laik\u0101 norisin\u0101s t\u016bksto\u0161iem da\u017e\u0101du notikumu. Liel\u0101kie festiv\u0101li un pas\u0101kumi parasti notiek vasar\u0101, tom\u0113r ar\u012b \u0101rpus vasaras sezonas viesus priec\u0113 vair\u0101kas aizraujo\u0161as aktivit\u0101tes. Visitparnu apkopo svar\u012bg\u0101k\u0101s aktualit\u0101tes par P\u0113rnavas pils\u0113tu un apri\u0146\u0137i. \u0160eit var ieg\u016bt vair\u0101kas lieliskas idejas un ieteikumus ce\u013cojuma pl\u0101niem atva\u013cin\u0101jum\u0101 vai ned\u0113\u013cas nogal\u0113.<\/p>\t\t\t\t\t\t\t\t<\/div>\n\t\t\t\t\t<\/div>\n\t\t<\/div>\n\t\t\t\t\t<\/div>\n\t\t<\/section>\n\t\t<div class=\"elementor-element elementor-element-64e8c6c e-flex e-con-boxed e-con e-parent\" data-id=\"64e8c6c\" data-element_type=\"container\" data-e-type=\"container\">\n\t\t\t\t\t<div class=\"e-con-inner\">\n\t\t\t\t<div class=\"elementor-element elementor-element-dd03d4c elementor-widget elementor-widget-shortcode\" data-id=\"dd03d4c\" data-element_type=\"widget\" data-e-type=\"widget\" data-widget_type=\"shortcode.default\">\n\t\t\t\t\t\t\t<div class=\"elementor-shortcode\"><div class=\"page-content-list shortcode-instance\" data-vp-cookie-conf=\"{&quot;post_id_set&quot;:{&quot;name&quot;:&quot;vp_fav_set&quot;,&quot;separator&quot;:&quot;|&quot;,&quot;ttl&quot;:315360000},&quot;hash&quot;:{&quot;name&quot;:&quot;vp_fav_hash&quot;,&quot;ttl&quot;:315360000}}\" data-vp-object-type=\"remote_object_pk\" data-scid=\"67892462b9\"><div class=\"obj-grid-header-wrapper\"><div style=\"display:none;\" class=\"obj-filter\" data-filter-param-set='{\"sectionId\":0,\"filter\":[],\"object_type\":\"remote_object_pk\",\"hide-filter\":false,\"language\":\"en\",\"section\":\"default\",\"event_range\":\"\",\"hide-total\":false,\"hide-footer\":false,\"posts_per_page\":12,\"option\":\"\",\"skip-categoy-id-set\":[91,103,91,103,91,103],\"page\":1}'><a aria-label=\"Open filter\" href=\"#\" class=\"open-filters-button global-btn\"><i class=\"fa-light fa-filter-list\"><\/i>Open filter<\/a><\/div><div class=\"filter-modal pk-wrap\"><div class=\"filter-modal-content\"><span class=\"h2\">Filter<\/span><div class=\"modal-row\"><div class=\"modal-column\"><div class=\"filter-group full-width\" data-filter-section=\"timerange\"><span class=\"h3\">Ajafilter<\/span><label for=\"from-date\">From:<\/label><input id=\"from-date\" name=\"from-date\" class=\"filter-date-input\" data-filter-key=\"range_start\" type=\"date\" data-date=\"\" data-date-format=\"DD.MM.YYYY\" value=\"\" \/><label for=\"to-date\">To:<\/label><input id=\"to-date\" name=\"to-date\" class=\"filter-date-input\" data-filter-key=\"range_end\" type=\"date\" data-date=\"\" data-date-format=\"DD.MM.YYYY\" value=\"\" \/><br \/><div class=\"timerange-preset rooms-prices\" data-preset=\"today\">T\u00e4na<\/div><div class=\"timerange-preset rooms-prices\" data-preset=\"week\">N\u00e4dal<\/div><div class=\"timerange-preset rooms-prices\" data-preset=\"month\">Kuu<\/div><\/div><\/div><div class=\"modal-column\"><div class=\"filter-group\" data-filter-section=\"categories\"><span class=\"h3\"><\/span><div class=\"filter-item\" data-filter-key=\"110\">Exhibition\/Art<\/div><div class=\"filter-item\" data-filter-key=\"114\">Varia<\/div><div class=\"filter-item\" data-filter-key=\"109\">Music<\/div><div class=\"filter-item\" data-filter-key=\"112\">Theater<\/div><div class=\"filter-item\" data-filter-key=\"105\">Festival<\/div><div class=\"filter-item\" data-filter-key=\"111\">Sport<\/div><div class=\"filter-item\" data-filter-key=\"108\">Fair<\/div><div class=\"filter-item\" data-filter-key=\"113\">Food<\/div><\/div><\/div><\/div><div class=\"filter-buttons\"><a class=\"remove-all-filters\" href=\"#\">Filter<\/a><a href=\"#\" class=\"close-filters-button global-btn\"> Apply filters<\/a><\/div><\/div><\/div><div class=\"active-filters\"><\/div><\/div><div class=\"grid-total-info\">In total: <div>383<\/div><\/div><div class=\"obj-grid\" data-rowcnt=\"4\" data-rowcntmbl=\"1\" data-object-count-per-load=\"12\" data-all-loaded=\"0\"><a href=\"https:\/\/visitparnu.com\/sundmus\/pernova-nature-house\/\" class=\"obj-grid-item\" data-iteration=\"1\" data-post_id=\"5052589\" data-post_type=\"remote_object_pk\"><div class=\"add-to-fav\"><\/div><div class=\"obj-grid-item-img-container image-wrap\"><div class=\"img-black-overlay\"><\/div><\/div><div class=\"obj-grid-item-container\"><h2>Pernova Nature House<\/h2><div class=\"grid-item-date\"><span class=\"gi-date\">04.09.24<\/span><span class=\"gi-separator\">-<\/span><span class=\"gi-date\">31.05.27<\/span><\/div><\/div><\/a><a href=\"https:\/\/visitparnu.com\/sundmus\/church-tavern-and-cabbage-garden-the-dull-everyday-life-in-a-small-mediaeval-town\/\" class=\"obj-grid-item\" data-iteration=\"2\" data-post_id=\"5051207\" data-post_type=\"remote_object_pk\"><div class=\"add-to-fav\"><\/div><div class=\"obj-grid-item-img-container image-wrap\"><div class=\"img-black-overlay\"><\/div><\/div><div class=\"obj-grid-item-container\"><h2>CHURCH, TAVERN, AND CABBAGE GARDEN . The dull everyday life in a small mediaeval town<\/h2><div class=\"grid-item-date\"><span class=\"gi-date\">23.05.25<\/span><span class=\"gi-separator\">-<\/span><span class=\"gi-date\">23.05.26<\/span><\/div><\/div><\/a><a href=\"https:\/\/visitparnu.com\/sundmus\/pernova-nature-house\/\" class=\"obj-grid-item\" data-iteration=\"3\" data-post_id=\"5061296\" data-post_type=\"remote_object_pk\"><div class=\"add-to-fav\"><\/div><div class=\"obj-grid-item-img-container image-wrap\"><div class=\"img-black-overlay\"><\/div><img decoding=\"async\" src=\"https:\/\/visitparnu.com\/wp-content\/uploads\/pk\/2025\/09\/1757597822-4024-500x282.jpg\"  alt=\"\" title=\"\" \/><\/div><div class=\"obj-grid-item-container\"><h2>Pernova Nature House<\/h2><div class=\"grid-item-date\"><span class=\"gi-date\">11.09.25<\/span><span class=\"gi-separator\">-<\/span><span class=\"gi-date\">11.09.27<\/span><\/div><div class=\"meta-info\">Exhibition\/Art<\/div><\/div><\/a><a href=\"https:\/\/visitparnu.com\/sundmus\/parnu-linnaorkester-32-hooaja-pass-2\/\" class=\"obj-grid-item\" data-iteration=\"4\" data-post_id=\"5050536\" data-post_type=\"remote_object_pk\"><div class=\"add-to-fav\"><\/div><div class=\"obj-grid-item-img-container image-wrap\"><div class=\"img-black-overlay\"><\/div><\/div><div class=\"obj-grid-item-container\"><h2>P\u00e4rnu Linnaorkester 32. HOOAJA PASS<\/h2><div class=\"grid-item-date\"><span class=\"gi-date\">23.10.25<\/span><span class=\"gi-separator\">-<\/span><span class=\"gi-date\">07.05.26<\/span><\/div><\/div><\/a><a href=\"https:\/\/visitparnu.com\/sundmus\/exhibition-parnu-county-what-land-is-this-at-parnu-museum\/\" class=\"obj-grid-item\" data-iteration=\"5\" data-post_id=\"5069723\" data-post_type=\"remote_object_pk\"><div class=\"add-to-fav\"><\/div><div class=\"obj-grid-item-img-container image-wrap\"><div class=\"img-black-overlay\"><\/div><img decoding=\"async\" src=\"https:\/\/visitparnu.com\/wp-content\/uploads\/pk\/2026\/03\/1772802123-7794-500x281.png\"  alt=\"\" title=\"\" \/><\/div><div class=\"obj-grid-item-container\"><h2>Exhibition P\u00c4RNU COUNTY - WHAT LAND IS THIS? at P\u00e4rnu Museum<\/h2><div class=\"grid-item-date\"><span class=\"gi-date\">21.02.26<\/span><span class=\"gi-separator\">-<\/span><span class=\"gi-date\">13.09.26<\/span><\/div><div class=\"meta-info\">Exhibition\/Art<\/div><\/div><\/a><a href=\"https:\/\/visitparnu.com\/sundmus\/outside-exhibition-the-history-of-parnu-beach-park\/\" class=\"obj-grid-item\" data-iteration=\"6\" data-post_id=\"5075063\" data-post_type=\"remote_object_pk\"><div class=\"add-to-fav\"><\/div><div class=\"obj-grid-item-img-container image-wrap\"><div class=\"img-black-overlay\"><\/div><img decoding=\"async\" src=\"https:\/\/visitparnu.com\/wp-content\/uploads\/pk\/2026\/03\/1774429023-8355-500x262.jpg\"  alt=\"\" title=\"\" \/><\/div><div class=\"obj-grid-item-container\"><h2>Outside exhibition: The History of P\u00e4rnu Beach Park<\/h2><div class=\"grid-item-date\"><span class=\"gi-date\">01.03.26<\/span><span class=\"gi-separator\">-<\/span><span class=\"gi-date\">30.09.26<\/span><\/div><div class=\"meta-info\">Exhibition\/Art<\/div><\/div><\/a><a href=\"https:\/\/visitparnu.com\/sundmus\/abonementpaase-musica-sacra-kevad-2026-2\/\" class=\"obj-grid-item\" data-iteration=\"7\" data-post_id=\"5069896\" data-post_type=\"remote_object_pk\"><div class=\"add-to-fav\"><\/div><div class=\"obj-grid-item-img-container image-wrap\"><div class=\"img-black-overlay\"><\/div><img decoding=\"async\" src=\"https:\/\/visitparnu.com\/wp-content\/uploads\/pk\/2026\/03\/1772805246-3126-354x500.jpg\"  alt=\"\" title=\"\" \/><\/div><div class=\"obj-grid-item-container\"><h2>Abonementp\u00e4\u00e4se \/ Musica Sacra kevad 2026<\/h2><div class=\"grid-item-date\"><span class=\"gi-date\">07.03.26<\/span><span class=\"gi-separator\">-<\/span><span class=\"gi-date\">30.05.26<\/span><\/div><div class=\"meta-info\">Music<\/div><\/div><\/a><a href=\"https:\/\/visitparnu.com\/sundmus\/abonementpaase-musica-sacra-kevad-2026-2\/\" class=\"obj-grid-item\" data-iteration=\"8\" data-post_id=\"5068006\" data-post_type=\"remote_object_pk\"><div class=\"add-to-fav\"><\/div><div class=\"obj-grid-item-img-container image-wrap\"><div class=\"img-black-overlay\"><\/div><\/div><div class=\"obj-grid-item-container\"><h2>Abonementp\u00e4\u00e4se \/ Musica Sacra kevad 2026<\/h2><div class=\"grid-item-date\"><span class=\"gi-date\">07.03.26<\/span><span class=\"gi-separator\">-<\/span><span class=\"gi-date\">30.05.26<\/span><\/div><\/div><\/a><a href=\"https:\/\/visitparnu.com\/sundmus\/abonementpaase-musica-sacra-kevad-2026-2\/\" class=\"obj-grid-item\" data-iteration=\"9\" data-post_id=\"5069667\" data-post_type=\"remote_object_pk\"><div class=\"add-to-fav\"><\/div><div class=\"obj-grid-item-img-container image-wrap\"><div class=\"img-black-overlay\"><\/div><\/div><div class=\"obj-grid-item-container\"><h2>Abonementp\u00e4\u00e4se \/ Musica Sacra kevad 2026<\/h2><div class=\"grid-item-date\"><span class=\"gi-date\">07.03.26<\/span><span class=\"gi-separator\">-<\/span><span class=\"gi-date\">30.05.26<\/span><\/div><\/div><\/a><a href=\"https:\/\/visitparnu.com\/sundmus\/parnu-fotofest-2026-tears-in-rain-at-parnu-museum\/\" class=\"obj-grid-item\" data-iteration=\"10\" data-post_id=\"5069720\" data-post_type=\"remote_object_pk\"><div class=\"add-to-fav\"><\/div><div class=\"obj-grid-item-img-container image-wrap\"><div class=\"img-black-overlay\"><\/div><img decoding=\"async\" src=\"https:\/\/visitparnu.com\/wp-content\/uploads\/pk\/2026\/03\/1772802122-5388-500x298.png\"  alt=\"\" title=\"\" \/><\/div><div class=\"obj-grid-item-container\"><h2>P\u00e4rnu FotoFest 2026 \/ TEARS IN RAIN at P\u00e4rnu Museum<\/h2><div class=\"grid-item-date\"><span class=\"gi-date\">12.03.26<\/span><span class=\"gi-separator\">-<\/span><span class=\"gi-date\">24.05.26<\/span><\/div><div class=\"meta-info\">Exhibition\/Art<\/div><\/div><\/a><a href=\"https:\/\/visitparnu.com\/sundmus\/kate-serzane-floating\/\" class=\"obj-grid-item\" data-iteration=\"11\" data-post_id=\"5075862\" data-post_type=\"remote_object_pk\"><div class=\"add-to-fav\"><\/div><div class=\"obj-grid-item-img-container image-wrap\"><div class=\"img-black-overlay\"><\/div><img decoding=\"async\" src=\"https:\/\/visitparnu.com\/wp-content\/uploads\/pk\/2026\/04\/1775723828-6870-500x197.jpg\"  alt=\"\" title=\"\" \/><\/div><div class=\"obj-grid-item-container\"><h2>Kate Ser\u017e\u0101ne \u201cFloating\u201d<\/h2><div class=\"grid-item-date\"><span class=\"gi-date\">15.04.26<\/span><span class=\"gi-separator\">-<\/span><span class=\"gi-date\">07.05.26<\/span><\/div><div class=\"meta-info\">Exhibition\/Art<\/div><\/div><\/a><a href=\"https:\/\/visitparnu.com\/sundmus\/aleksandra-anisa-ianchenko-swamp-story-2\/\" class=\"obj-grid-item\" data-iteration=\"12\" data-post_id=\"5075865\" data-post_type=\"remote_object_pk\"><div class=\"add-to-fav\"><\/div><div class=\"obj-grid-item-img-container image-wrap\"><div class=\"img-black-overlay\"><\/div><img decoding=\"async\" src=\"https:\/\/visitparnu.com\/wp-content\/uploads\/pk\/2026\/04\/1775723831-799-500x260.jpg\"  alt=\"\" title=\"\" \/><\/div><div class=\"obj-grid-item-container\"><h2>Aleksandra ANISA Ianchenko \u201cSWAMP STORY\u201d<\/h2><div class=\"grid-item-date\"><span class=\"gi-date\">22.04.26<\/span><span class=\"gi-separator\">-<\/span><span class=\"gi-date\">07.05.26<\/span><\/div><div class=\"meta-info\">Exhibition\/Art<\/div><\/div><\/a><img decoding=\"async\" alt=\"loading\" class=\"obj-grid-loading\" src=\"https:\/\/visitparnu.com\/wp-content\/themes\/VisitParnu2023\/assets\/loading.gif\" \/><\/div><div class=\"obj-grid-footer\"><div class=\"\"><\/div><a href=\"#\" class=\"global-btn load-more-button\">Show more (<div>371<\/div>)<\/a><\/div><\/div><\/div>\n\t\t\t\t\t\t<\/div>\n\t\t\t\t\t<\/div>\n\t\t\t\t<\/div>\n\t\t\t\t<\/div>\n\t\t","protected":false},"excerpt":{"rendered":"<p>P\u0113rnav\u0101 gada laik\u0101 norisin\u0101s t\u016bksto\u0161iem da\u017e\u0101du notikumu. Liel\u0101kie festiv\u0101li un pas\u0101kumi parasti notiek vasar\u0101, tom\u0113r ar\u012b \u0101rpus vasaras sezonas viesus priec\u0113 vair\u0101kas aizraujo\u0161as aktivit\u0101tes. Visitparnu apkopo svar\u012bg\u0101k\u0101s aktualit\u0101tes par P\u0113rnavas pils\u0113tu un apri\u0146\u0137i. \u0160eit var ieg\u016bt vair\u0101kas lieliskas idejas un ieteikumus ce\u013cojuma pl\u0101niem atva\u013cin\u0101jum\u0101 vai ned\u0113\u013cas nogal\u0113.<\/p>\n","protected":false},"author":1,"featured_media":4944638,"parent":0,"menu_order":0,"comment_status":"closed","ping_status":"closed","template":"","meta":{"_acf_changed":false,"footnotes":""},"class_list":["post-4937406","page","type-page","status-publish","has-post-thumbnail","hentry"],"acf":[],"yoast_head":"<!-- This site is optimized with the Yoast SEO plugin v27.5 - https:\/\/yoast.com\/product\/yoast-seo-wordpress\/ -->\n<title>Notikumi - Visit P\u00e4rnu<\/title>\n<meta name=\"robots\" content=\"index, follow, max-snippet:-1, max-image-preview:large, max-video-preview:-1\" \/>\n<link rel=\"canonical\" href=\"https:\/\/visitparnu.com\/lv\/notikumi\/\" \/>\n<meta property=\"og:locale\" content=\"lv_LV\" \/>\n<meta property=\"og:type\" content=\"article\" \/>\n<meta property=\"og:title\" content=\"Notikumi - Visit P\u00e4rnu\" \/>\n<meta property=\"og:description\" content=\"P\u0113rnav\u0101 gada laik\u0101 norisin\u0101s t\u016bksto\u0161iem da\u017e\u0101du notikumu. Liel\u0101kie festiv\u0101li un pas\u0101kumi parasti notiek vasar\u0101, tom\u0113r ar\u012b \u0101rpus vasaras sezonas viesus priec\u0113 vair\u0101kas aizraujo\u0161as aktivit\u0101tes. Visitparnu apkopo svar\u012bg\u0101k\u0101s aktualit\u0101tes par P\u0113rnavas pils\u0113tu un apri\u0146\u0137i. \u0160eit var ieg\u016bt vair\u0101kas lieliskas idejas un ieteikumus ce\u013cojuma pl\u0101niem atva\u013cin\u0101jum\u0101 vai ned\u0113\u013cas nogal\u0113.\" \/>\n<meta property=\"og:url\" content=\"https:\/\/visitparnu.com\/lv\/notikumi\/\" \/>\n<meta property=\"og:site_name\" content=\"Visit P\u00e4rnu\" \/>\n<meta property=\"article:publisher\" content=\"https:\/\/www.facebook.com\/visitparnuEE\/\" \/>\n<meta property=\"article:modified_time\" content=\"2026-04-25T06:26:50+00:00\" \/>\n<meta property=\"og:image\" content=\"https:\/\/visitparnu.com\/wp-content\/uploads\/2023\/01\/Parnu-uritused.jpg\" \/>\n\t<meta property=\"og:image:width\" content=\"1732\" \/>\n\t<meta property=\"og:image:height\" content=\"1154\" \/>\n\t<meta property=\"og:image:type\" content=\"image\/jpeg\" \/>\n<meta name=\"twitter:card\" content=\"summary_large_image\" \/>\n<meta name=\"twitter:label1\" content=\"Est. reading time\" \/>\n\t<meta name=\"twitter:data1\" content=\"3 minutes\" \/>\n<script type=\"application\/ld+json\" class=\"yoast-schema-graph\">{\"@context\":\"https:\\\/\\\/schema.org\",\"@graph\":[{\"@type\":\"WebPage\",\"@id\":\"https:\\\/\\\/visitparnu.com\\\/lv\\\/notikumi\\\/\",\"url\":\"https:\\\/\\\/visitparnu.com\\\/lv\\\/notikumi\\\/\",\"name\":\"Notikumi - Visit P\u00e4rnu\",\"isPartOf\":{\"@id\":\"https:\\\/\\\/visitparnu.com\\\/lv\\\/#website\"},\"primaryImageOfPage\":{\"@id\":\"https:\\\/\\\/visitparnu.com\\\/lv\\\/notikumi\\\/#primaryimage\"},\"image\":{\"@id\":\"https:\\\/\\\/visitparnu.com\\\/lv\\\/notikumi\\\/#primaryimage\"},\"thumbnailUrl\":\"https:\\\/\\\/visitparnu.com\\\/wp-content\\\/uploads\\\/2023\\\/01\\\/Parnu-uritused.jpg\",\"datePublished\":\"2018-07-30T16:04:40+00:00\",\"dateModified\":\"2026-04-25T06:26:50+00:00\",\"breadcrumb\":{\"@id\":\"https:\\\/\\\/visitparnu.com\\\/lv\\\/notikumi\\\/#breadcrumb\"},\"inLanguage\":\"lv-LV\",\"potentialAction\":[{\"@type\":\"ReadAction\",\"target\":[\"https:\\\/\\\/visitparnu.com\\\/lv\\\/notikumi\\\/\"]}]},{\"@type\":\"ImageObject\",\"inLanguage\":\"lv-LV\",\"@id\":\"https:\\\/\\\/visitparnu.com\\\/lv\\\/notikumi\\\/#primaryimage\",\"url\":\"https:\\\/\\\/visitparnu.com\\\/wp-content\\\/uploads\\\/2023\\\/01\\\/Parnu-uritused.jpg\",\"contentUrl\":\"https:\\\/\\\/visitparnu.com\\\/wp-content\\\/uploads\\\/2023\\\/01\\\/Parnu-uritused.jpg\",\"width\":1732,\"height\":1154},{\"@type\":\"BreadcrumbList\",\"@id\":\"https:\\\/\\\/visitparnu.com\\\/lv\\\/notikumi\\\/#breadcrumb\",\"itemListElement\":[{\"@type\":\"ListItem\",\"position\":1,\"name\":\"\",\"item\":\"https:\\\/\\\/visitparnu.com\\\/lv\\\/\"},{\"@type\":\"ListItem\",\"position\":2,\"name\":\"Notikumi\"}]},{\"@type\":\"WebSite\",\"@id\":\"https:\\\/\\\/visitparnu.com\\\/lv\\\/#website\",\"url\":\"https:\\\/\\\/visitparnu.com\\\/lv\\\/\",\"name\":\"Visit P\u00e4rnu\",\"description\":\"\",\"publisher\":{\"@id\":\"https:\\\/\\\/visitparnu.com\\\/lv\\\/#organization\"},\"potentialAction\":[{\"@type\":\"SearchAction\",\"target\":{\"@type\":\"EntryPoint\",\"urlTemplate\":\"https:\\\/\\\/visitparnu.com\\\/lv\\\/?s={search_term_string}\"},\"query-input\":{\"@type\":\"PropertyValueSpecification\",\"valueRequired\":true,\"valueName\":\"search_term_string\"}}],\"inLanguage\":\"lv-LV\"},{\"@type\":\"Organization\",\"@id\":\"https:\\\/\\\/visitparnu.com\\\/lv\\\/#organization\",\"name\":\"Visit P\u00e4rnu\",\"url\":\"https:\\\/\\\/visitparnu.com\\\/lv\\\/\",\"logo\":{\"@type\":\"ImageObject\",\"inLanguage\":\"lv-LV\",\"@id\":\"https:\\\/\\\/visitparnu.com\\\/lv\\\/#\\\/schema\\\/logo\\\/image\\\/\",\"url\":\"https:\\\/\\\/visitparnu.com\\\/wp-content\\\/uploads\\\/2022\\\/11\\\/VP_logo.svg\",\"contentUrl\":\"https:\\\/\\\/visitparnu.com\\\/wp-content\\\/uploads\\\/2022\\\/11\\\/VP_logo.svg\",\"width\":305,\"height\":33,\"caption\":\"Visit P\u00e4rnu\"},\"image\":{\"@id\":\"https:\\\/\\\/visitparnu.com\\\/lv\\\/#\\\/schema\\\/logo\\\/image\\\/\"},\"sameAs\":[\"https:\\\/\\\/www.facebook.com\\\/visitparnuEE\\\/\",\"https:\\\/\\\/www.youtube.com\\\/user\\\/visitparnuestonia\\\/\",\"https:\\\/\\\/www.instagram.com\\\/visitparnu\\\/\"]}]}<\/script>\n<!-- \/ Yoast SEO plugin. -->","yoast_head_json":{"title":"Notikumi - Visit P\u00e4rnu","robots":{"index":"index","follow":"follow","max-snippet":"max-snippet:-1","max-image-preview":"max-image-preview:large","max-video-preview":"max-video-preview:-1"},"canonical":"https:\/\/visitparnu.com\/lv\/notikumi\/","og_locale":"lv_LV","og_type":"article","og_title":"Notikumi - Visit P\u00e4rnu","og_description":"P\u0113rnav\u0101 gada laik\u0101 norisin\u0101s t\u016bksto\u0161iem da\u017e\u0101du notikumu. Liel\u0101kie festiv\u0101li un pas\u0101kumi parasti notiek vasar\u0101, tom\u0113r ar\u012b \u0101rpus vasaras sezonas viesus priec\u0113 vair\u0101kas aizraujo\u0161as aktivit\u0101tes. Visitparnu apkopo svar\u012bg\u0101k\u0101s aktualit\u0101tes par P\u0113rnavas pils\u0113tu un apri\u0146\u0137i. \u0160eit var ieg\u016bt vair\u0101kas lieliskas idejas un ieteikumus ce\u013cojuma pl\u0101niem atva\u013cin\u0101jum\u0101 vai ned\u0113\u013cas nogal\u0113.","og_url":"https:\/\/visitparnu.com\/lv\/notikumi\/","og_site_name":"Visit P\u00e4rnu","article_publisher":"https:\/\/www.facebook.com\/visitparnuEE\/","article_modified_time":"2026-04-25T06:26:50+00:00","og_image":[{"width":1732,"height":1154,"url":"https:\/\/visitparnu.com\/wp-content\/uploads\/2023\/01\/Parnu-uritused.jpg","type":"image\/jpeg"}],"twitter_card":"summary_large_image","twitter_misc":{"Est. reading time":"3 minutes"},"schema":{"@context":"https:\/\/schema.org","@graph":[{"@type":"WebPage","@id":"https:\/\/visitparnu.com\/lv\/notikumi\/","url":"https:\/\/visitparnu.com\/lv\/notikumi\/","name":"Notikumi - Visit P\u00e4rnu","isPartOf":{"@id":"https:\/\/visitparnu.com\/lv\/#website"},"primaryImageOfPage":{"@id":"https:\/\/visitparnu.com\/lv\/notikumi\/#primaryimage"},"image":{"@id":"https:\/\/visitparnu.com\/lv\/notikumi\/#primaryimage"},"thumbnailUrl":"https:\/\/visitparnu.com\/wp-content\/uploads\/2023\/01\/Parnu-uritused.jpg","datePublished":"2018-07-30T16:04:40+00:00","dateModified":"2026-04-25T06:26:50+00:00","breadcrumb":{"@id":"https:\/\/visitparnu.com\/lv\/notikumi\/#breadcrumb"},"inLanguage":"lv-LV","potentialAction":[{"@type":"ReadAction","target":["https:\/\/visitparnu.com\/lv\/notikumi\/"]}]},{"@type":"ImageObject","inLanguage":"lv-LV","@id":"https:\/\/visitparnu.com\/lv\/notikumi\/#primaryimage","url":"https:\/\/visitparnu.com\/wp-content\/uploads\/2023\/01\/Parnu-uritused.jpg","contentUrl":"https:\/\/visitparnu.com\/wp-content\/uploads\/2023\/01\/Parnu-uritused.jpg","width":1732,"height":1154},{"@type":"BreadcrumbList","@id":"https:\/\/visitparnu.com\/lv\/notikumi\/#breadcrumb","itemListElement":[{"@type":"ListItem","position":1,"name":"","item":"https:\/\/visitparnu.com\/lv\/"},{"@type":"ListItem","position":2,"name":"Notikumi"}]},{"@type":"WebSite","@id":"https:\/\/visitparnu.com\/lv\/#website","url":"https:\/\/visitparnu.com\/lv\/","name":"Visit P\u00e4rnu","description":"","publisher":{"@id":"https:\/\/visitparnu.com\/lv\/#organization"},"potentialAction":[{"@type":"SearchAction","target":{"@type":"EntryPoint","urlTemplate":"https:\/\/visitparnu.com\/lv\/?s={search_term_string}"},"query-input":{"@type":"PropertyValueSpecification","valueRequired":true,"valueName":"search_term_string"}}],"inLanguage":"lv-LV"},{"@type":"Organization","@id":"https:\/\/visitparnu.com\/lv\/#organization","name":"Visit P\u00e4rnu","url":"https:\/\/visitparnu.com\/lv\/","logo":{"@type":"ImageObject","inLanguage":"lv-LV","@id":"https:\/\/visitparnu.com\/lv\/#\/schema\/logo\/image\/","url":"https:\/\/visitparnu.com\/wp-content\/uploads\/2022\/11\/VP_logo.svg","contentUrl":"https:\/\/visitparnu.com\/wp-content\/uploads\/2022\/11\/VP_logo.svg","width":305,"height":33,"caption":"Visit P\u00e4rnu"},"image":{"@id":"https:\/\/visitparnu.com\/lv\/#\/schema\/logo\/image\/"},"sameAs":["https:\/\/www.facebook.com\/visitparnuEE\/","https:\/\/www.youtube.com\/user\/visitparnuestonia\/","https:\/\/www.instagram.com\/visitparnu\/"]}]}},"_links":{"self":[{"href":"https:\/\/visitparnu.com\/lv\/wp-json\/wp\/v2\/pages\/4937406","targetHints":{"allow":["GET"]}}],"collection":[{"href":"https:\/\/visitparnu.com\/lv\/wp-json\/wp\/v2\/pages"}],"about":[{"href":"https:\/\/visitparnu.com\/lv\/wp-json\/wp\/v2\/types\/page"}],"author":[{"embeddable":true,"href":"https:\/\/visitparnu.com\/lv\/wp-json\/wp\/v2\/users\/1"}],"replies":[{"embeddable":true,"href":"https:\/\/visitparnu.com\/lv\/wp-json\/wp\/v2\/comments?post=4937406"}],"version-history":[{"count":13,"href":"https:\/\/visitparnu.com\/lv\/wp-json\/wp\/v2\/pages\/4937406\/revisions"}],"predecessor-version":[{"id":5077457,"href":"https:\/\/visitparnu.com\/lv\/wp-json\/wp\/v2\/pages\/4937406\/revisions\/5077457"}],"wp:featuredmedia":[{"embeddable":true,"href":"https:\/\/visitparnu.com\/lv\/wp-json\/wp\/v2\/media\/4944638"}],"wp:attachment":[{"href":"https:\/\/visitparnu.com\/lv\/wp-json\/wp\/v2\/media?parent=4937406"}],"curies":[{"name":"wp","href":"https:\/\/api.w.org\/{rel}","templated":true}]}}