{"id":4551,"date":"2025-11-04T19:54:44","date_gmt":"2025-11-04T19:54:44","guid":{"rendered":"https:\/\/visitparnu.com\/konverents\/?page_id=4551"},"modified":"2025-11-04T19:55:32","modified_gmt":"2025-11-04T19:55:32","slug":"parnumaa-tourism-vision-conference-2025","status":"publish","type":"page","link":"https:\/\/visitparnu.com\/konverents\/en\/excperiences\/parnumaa-tourism-vision-conference-2025\/","title":{"rendered":"P\u00e4rnumaa tourism vision conference 2025"},"content":{"rendered":"\t\t<div data-elementor-type=\"wp-page\" data-elementor-id=\"4551\" class=\"elementor elementor-4551\" data-elementor-post-type=\"page\">\n\t\t\t\t<div class=\"elementor-element elementor-element-7615e36 e-con-full e-flex e-con e-parent\" data-id=\"7615e36\" data-element_type=\"container\" data-e-type=\"container\" data-settings=\"{&quot;background_background&quot;:&quot;classic&quot;}\">\n\t\t\t\t<\/div>\n\t\t<div class=\"elementor-element elementor-element-e9a6144 e-flex e-con-boxed e-con e-parent\" data-id=\"e9a6144\" data-element_type=\"container\" data-e-type=\"container\">\n\t\t\t\t\t<div class=\"e-con-inner\">\n\t\t\t\t<div class=\"elementor-element elementor-element-fce4822 elementor-widget elementor-widget-heading\" data-id=\"fce4822\" data-element_type=\"widget\" data-e-type=\"widget\" data-widget_type=\"heading.default\">\n\t\t\t\t\t<h1 class=\"elementor-heading-title elementor-size-default\">P\u00e4rnumaa tourism vision conference 2025<\/h1>\t\t\t\t<\/div>\n\t\t\t\t<div class=\"elementor-element elementor-element-5daa7f6 elementor-invisible elementor-widget elementor-widget-global elementor-global-2018 elementor-widget-eael-breadcrumbs\" data-id=\"5daa7f6\" data-element_type=\"widget\" data-e-type=\"widget\" data-settings=\"{&quot;_animation&quot;:&quot;fadeInUp&quot;}\" data-widget_type=\"eael-breadcrumbs.default\">\n\t\t\t\t<div class=\"elementor-widget-container\">\n\t\t\t\t\t\t\t<div class=\"eael-breadcrumbs\">\n\t\t\t<div class=\"eael-breadcrumbs__content\"><a href=\"https:\/\/visitparnu.com\/konverents\">Home<\/a> <span class=\"eael-breadcrumb-separator\"><svg xmlns=\"http:\/\/www.w3.org\/2000\/svg\" viewBox=\"0 0 80.593 122.88\" preserveAspectRatio=\"xMidYMid meet\"><polygon points=\"0,0 30.82,0 80.593,61.44 30.82,122.88 0,122.88 49.772,61.44 0,0\"><\/polygon><\/svg><\/span> <span class = \"eael-current\">Page<\/span><\/div>\t\t<\/div>\n\t\t\t\t\t\t<\/div>\n\t\t\t\t<\/div>\n\t\t\t\t<div class=\"elementor-element elementor-element-669b4d1 elementor-widget elementor-widget-text-editor\" data-id=\"669b4d1\" data-element_type=\"widget\" data-e-type=\"widget\" data-widget_type=\"text-editor.default\">\n\t\t\t\t\t\t\t\t\t<p>On September 24, the P\u00e4rnumaa Tourism Vision Conference 2025 took place in P\u00e4rnu, bringing together tourism entrepreneurs, opinion leaders, politicians, and public sector representatives to discuss the future of the destination.<\/p><p>Conference speeches emphasized that tourism is more than just accommodation\u2014it involves a much longer value chain. Discussions highlighted, \u201cP\u00e4rnumaa tourism needs a gear change \u2013 we have plenty of beds, but visitors need more reasons to come here.\u201d An economic impact analysis prepared by the University of Tartu P\u00e4rnu College showed that P\u00e4rnumaa is heavily dependent on tourism, with an estimated one-fifth of the local economy linked to visitors.<\/p><p>During the mayoral candidate debate, which was a central part of the conference, it was emphasized that tourism requires more attention and support than it currently receives. Participants agreed that, in light of nationwide changes in tourism management, P\u00e4rnu must more actively support local tourism development.<\/p><p>A recurring theme and future scenario discussed at the conference was how to create a new major tourism attraction. Presentations of examples from Germany and discussions of local attractions underscored the importance of such tourism magnets for the destination. Since the success of a major attraction benefits the destination as a whole, both the state and local governments could play a role in financing the project alongside private investors.<\/p><p>\u201cCrazy ideas are possible, but without public sector support, they won\u2019t happen. We need vision and the courage to think big,\u201d summarized one of the conference conclusions. Led by MT\u00dc Destination P\u00e4rnu, the city is moving toward establishing a major tourism attraction.<\/p><p>Read more about the conference <a href=\"https:\/\/destinationparnu.ee\/parnumaa-turismi-visioonikonverents-rohutas-vajadust-uue-tombenumbri-ja-turismisektori-tugevama-toetuse-jarele\/\" target=\"_blank\" rel=\"noopener\">here<\/a>.<\/p>\t\t\t\t\t\t\t\t<\/div>\n\t\t\t\t\t<\/div>\n\t\t\t\t<\/div>\n\t\t\t\t<\/div>\n\t\t","protected":false},"excerpt":{"rendered":"<p>Home Page On September 24, the P\u00e4rnumaa Tourism Vision Conference 2025 took place in P\u00e4rnu, bringing together tourism entrepreneurs, opinion leaders, politicians, and public sector representatives to discuss the future of the destination. Conference speeches emphasized that tourism is more than just accommodation\u2014it involves a much longer value chain. Discussions highlighted, \u201cP\u00e4rnumaa tourism needs a [&hellip;]<\/p>\n","protected":false},"author":2,"featured_media":4525,"parent":4536,"menu_order":0,"comment_status":"closed","ping_status":"closed","template":"","meta":{"_acf_changed":false,"footnotes":""},"class_list":["post-4551","page","type-page","status-publish","has-post-thumbnail","hentry"],"acf":[],"yoast_head":"<!-- This site is optimized with the Yoast SEO plugin v27.1.1 - https:\/\/yoast.com\/product\/yoast-seo-wordpress\/ -->\n<title>P\u00e4rnumaa tourism vision conference 2025 - BusinessP\u00e4rnu<\/title>\n<meta name=\"robots\" content=\"index, follow, max-snippet:-1, max-image-preview:large, max-video-preview:-1\" \/>\n<link rel=\"canonical\" href=\"https:\/\/visitparnu.com\/konverents\/en\/excperiences\/parnumaa-tourism-vision-conference-2025\/\" \/>\n<meta property=\"og:locale\" content=\"en_US\" \/>\n<meta property=\"og:type\" content=\"article\" \/>\n<meta property=\"og:title\" content=\"P\u00e4rnumaa tourism vision conference 2025 - BusinessP\u00e4rnu\" \/>\n<meta property=\"og:description\" content=\"Home Page On September 24, the P\u00e4rnumaa Tourism Vision Conference 2025 took place in P\u00e4rnu, bringing together tourism entrepreneurs, opinion leaders, politicians, and public sector representatives to discuss the future of the destination. Conference speeches emphasized that tourism is more than just accommodation\u2014it involves a much longer value chain. Discussions highlighted, \u201cP\u00e4rnumaa tourism needs a [&hellip;]\" \/>\n<meta property=\"og:url\" content=\"https:\/\/visitparnu.com\/konverents\/en\/excperiences\/parnumaa-tourism-vision-conference-2025\/\" \/>\n<meta property=\"og:site_name\" content=\"BusinessP\u00e4rnu\" \/>\n<meta property=\"article:modified_time\" content=\"2025-11-04T19:55:32+00:00\" \/>\n<meta property=\"og:image\" content=\"https:\/\/visitparnu.com\/konverents\/wp-content\/uploads\/2025\/11\/54811294025_c402b534cb_k.jpg\" \/>\n\t<meta property=\"og:image:width\" content=\"2048\" \/>\n\t<meta property=\"og:image:height\" content=\"1367\" \/>\n\t<meta property=\"og:image:type\" content=\"image\/jpeg\" \/>\n<meta name=\"twitter:card\" content=\"summary_large_image\" \/>\n<meta name=\"twitter:label1\" content=\"Est. reading time\" \/>\n\t<meta name=\"twitter:data1\" content=\"1 minute\" \/>\n<script type=\"application\/ld+json\" class=\"yoast-schema-graph\">{\"@context\":\"https:\/\/schema.org\",\"@graph\":[{\"@type\":\"WebPage\",\"@id\":\"https:\/\/visitparnu.com\/konverents\/en\/excperiences\/parnumaa-tourism-vision-conference-2025\/\",\"url\":\"https:\/\/visitparnu.com\/konverents\/en\/excperiences\/parnumaa-tourism-vision-conference-2025\/\",\"name\":\"P\u00e4rnumaa tourism vision conference 2025 - BusinessP\u00e4rnu\",\"isPartOf\":{\"@id\":\"https:\/\/visitparnu.com\/konverents\/#website\"},\"primaryImageOfPage\":{\"@id\":\"https:\/\/visitparnu.com\/konverents\/en\/excperiences\/parnumaa-tourism-vision-conference-2025\/#primaryimage\"},\"image\":{\"@id\":\"https:\/\/visitparnu.com\/konverents\/en\/excperiences\/parnumaa-tourism-vision-conference-2025\/#primaryimage\"},\"thumbnailUrl\":\"https:\/\/visitparnu.com\/konverents\/wp-content\/uploads\/2025\/11\/54811294025_c402b534cb_k.jpg\",\"datePublished\":\"2025-11-04T19:54:44+00:00\",\"dateModified\":\"2025-11-04T19:55:32+00:00\",\"breadcrumb\":{\"@id\":\"https:\/\/visitparnu.com\/konverents\/en\/excperiences\/parnumaa-tourism-vision-conference-2025\/#breadcrumb\"},\"inLanguage\":\"en-US\",\"potentialAction\":[{\"@type\":\"ReadAction\",\"target\":[\"https:\/\/visitparnu.com\/konverents\/en\/excperiences\/parnumaa-tourism-vision-conference-2025\/\"]}]},{\"@type\":\"ImageObject\",\"inLanguage\":\"en-US\",\"@id\":\"https:\/\/visitparnu.com\/konverents\/en\/excperiences\/parnumaa-tourism-vision-conference-2025\/#primaryimage\",\"url\":\"https:\/\/visitparnu.com\/konverents\/wp-content\/uploads\/2025\/11\/54811294025_c402b534cb_k.jpg\",\"contentUrl\":\"https:\/\/visitparnu.com\/konverents\/wp-content\/uploads\/2025\/11\/54811294025_c402b534cb_k.jpg\",\"width\":2048,\"height\":1367},{\"@type\":\"BreadcrumbList\",\"@id\":\"https:\/\/visitparnu.com\/konverents\/en\/excperiences\/parnumaa-tourism-vision-conference-2025\/#breadcrumb\",\"itemListElement\":[{\"@type\":\"ListItem\",\"position\":1,\"name\":\"Home\",\"item\":\"https:\/\/visitparnu.com\/konverents\/\"},{\"@type\":\"ListItem\",\"position\":2,\"name\":\"Excperiences\",\"item\":\"https:\/\/visitparnu.com\/konverents\/en\/excperiences\/\"},{\"@type\":\"ListItem\",\"position\":3,\"name\":\"P\u00e4rnumaa tourism vision conference 2025\"}]},{\"@type\":\"WebSite\",\"@id\":\"https:\/\/visitparnu.com\/konverents\/#website\",\"url\":\"https:\/\/visitparnu.com\/konverents\/\",\"name\":\"BusinessP\u00e4rnu\",\"description\":\"J\u00e4rgmine WordPress veebileht\",\"publisher\":{\"@id\":\"https:\/\/visitparnu.com\/konverents\/#organization\"},\"potentialAction\":[{\"@type\":\"SearchAction\",\"target\":{\"@type\":\"EntryPoint\",\"urlTemplate\":\"https:\/\/visitparnu.com\/konverents\/?s={search_term_string}\"},\"query-input\":{\"@type\":\"PropertyValueSpecification\",\"valueRequired\":true,\"valueName\":\"search_term_string\"}}],\"inLanguage\":\"en-US\"},{\"@type\":\"Organization\",\"@id\":\"https:\/\/visitparnu.com\/konverents\/#organization\",\"name\":\"BusinessP\u00e4rnu\",\"url\":\"https:\/\/visitparnu.com\/konverents\/\",\"logo\":{\"@type\":\"ImageObject\",\"inLanguage\":\"en-US\",\"@id\":\"https:\/\/visitparnu.com\/konverents\/#\/schema\/logo\/image\/\",\"url\":\"https:\/\/visitparnu.com\/konverents\/wp-content\/uploads\/2025\/07\/Logo-ver2.svg\",\"contentUrl\":\"https:\/\/visitparnu.com\/konverents\/wp-content\/uploads\/2025\/07\/Logo-ver2.svg\",\"width\":1200,\"height\":517,\"caption\":\"BusinessP\u00e4rnu\"},\"image\":{\"@id\":\"https:\/\/visitparnu.com\/konverents\/#\/schema\/logo\/image\/\"}}]}<\/script>\n<!-- \/ Yoast SEO plugin. -->","yoast_head_json":{"title":"P\u00e4rnumaa tourism vision conference 2025 - BusinessP\u00e4rnu","robots":{"index":"index","follow":"follow","max-snippet":"max-snippet:-1","max-image-preview":"max-image-preview:large","max-video-preview":"max-video-preview:-1"},"canonical":"https:\/\/visitparnu.com\/konverents\/en\/excperiences\/parnumaa-tourism-vision-conference-2025\/","og_locale":"en_US","og_type":"article","og_title":"P\u00e4rnumaa tourism vision conference 2025 - BusinessP\u00e4rnu","og_description":"Home Page On September 24, the P\u00e4rnumaa Tourism Vision Conference 2025 took place in P\u00e4rnu, bringing together tourism entrepreneurs, opinion leaders, politicians, and public sector representatives to discuss the future of the destination. Conference speeches emphasized that tourism is more than just accommodation\u2014it involves a much longer value chain. Discussions highlighted, \u201cP\u00e4rnumaa tourism needs a [&hellip;]","og_url":"https:\/\/visitparnu.com\/konverents\/en\/excperiences\/parnumaa-tourism-vision-conference-2025\/","og_site_name":"BusinessP\u00e4rnu","article_modified_time":"2025-11-04T19:55:32+00:00","og_image":[{"width":2048,"height":1367,"url":"https:\/\/visitparnu.com\/konverents\/wp-content\/uploads\/2025\/11\/54811294025_c402b534cb_k.jpg","type":"image\/jpeg"}],"twitter_card":"summary_large_image","twitter_misc":{"Est. reading time":"1 minute"},"schema":{"@context":"https:\/\/schema.org","@graph":[{"@type":"WebPage","@id":"https:\/\/visitparnu.com\/konverents\/en\/excperiences\/parnumaa-tourism-vision-conference-2025\/","url":"https:\/\/visitparnu.com\/konverents\/en\/excperiences\/parnumaa-tourism-vision-conference-2025\/","name":"P\u00e4rnumaa tourism vision conference 2025 - BusinessP\u00e4rnu","isPartOf":{"@id":"https:\/\/visitparnu.com\/konverents\/#website"},"primaryImageOfPage":{"@id":"https:\/\/visitparnu.com\/konverents\/en\/excperiences\/parnumaa-tourism-vision-conference-2025\/#primaryimage"},"image":{"@id":"https:\/\/visitparnu.com\/konverents\/en\/excperiences\/parnumaa-tourism-vision-conference-2025\/#primaryimage"},"thumbnailUrl":"https:\/\/visitparnu.com\/konverents\/wp-content\/uploads\/2025\/11\/54811294025_c402b534cb_k.jpg","datePublished":"2025-11-04T19:54:44+00:00","dateModified":"2025-11-04T19:55:32+00:00","breadcrumb":{"@id":"https:\/\/visitparnu.com\/konverents\/en\/excperiences\/parnumaa-tourism-vision-conference-2025\/#breadcrumb"},"inLanguage":"en-US","potentialAction":[{"@type":"ReadAction","target":["https:\/\/visitparnu.com\/konverents\/en\/excperiences\/parnumaa-tourism-vision-conference-2025\/"]}]},{"@type":"ImageObject","inLanguage":"en-US","@id":"https:\/\/visitparnu.com\/konverents\/en\/excperiences\/parnumaa-tourism-vision-conference-2025\/#primaryimage","url":"https:\/\/visitparnu.com\/konverents\/wp-content\/uploads\/2025\/11\/54811294025_c402b534cb_k.jpg","contentUrl":"https:\/\/visitparnu.com\/konverents\/wp-content\/uploads\/2025\/11\/54811294025_c402b534cb_k.jpg","width":2048,"height":1367},{"@type":"BreadcrumbList","@id":"https:\/\/visitparnu.com\/konverents\/en\/excperiences\/parnumaa-tourism-vision-conference-2025\/#breadcrumb","itemListElement":[{"@type":"ListItem","position":1,"name":"Home","item":"https:\/\/visitparnu.com\/konverents\/"},{"@type":"ListItem","position":2,"name":"Excperiences","item":"https:\/\/visitparnu.com\/konverents\/en\/excperiences\/"},{"@type":"ListItem","position":3,"name":"P\u00e4rnumaa tourism vision conference 2025"}]},{"@type":"WebSite","@id":"https:\/\/visitparnu.com\/konverents\/#website","url":"https:\/\/visitparnu.com\/konverents\/","name":"BusinessP\u00e4rnu","description":"J\u00e4rgmine WordPress veebileht","publisher":{"@id":"https:\/\/visitparnu.com\/konverents\/#organization"},"potentialAction":[{"@type":"SearchAction","target":{"@type":"EntryPoint","urlTemplate":"https:\/\/visitparnu.com\/konverents\/?s={search_term_string}"},"query-input":{"@type":"PropertyValueSpecification","valueRequired":true,"valueName":"search_term_string"}}],"inLanguage":"en-US"},{"@type":"Organization","@id":"https:\/\/visitparnu.com\/konverents\/#organization","name":"BusinessP\u00e4rnu","url":"https:\/\/visitparnu.com\/konverents\/","logo":{"@type":"ImageObject","inLanguage":"en-US","@id":"https:\/\/visitparnu.com\/konverents\/#\/schema\/logo\/image\/","url":"https:\/\/visitparnu.com\/konverents\/wp-content\/uploads\/2025\/07\/Logo-ver2.svg","contentUrl":"https:\/\/visitparnu.com\/konverents\/wp-content\/uploads\/2025\/07\/Logo-ver2.svg","width":1200,"height":517,"caption":"BusinessP\u00e4rnu"},"image":{"@id":"https:\/\/visitparnu.com\/konverents\/#\/schema\/logo\/image\/"}}]}},"_links":{"self":[{"href":"https:\/\/visitparnu.com\/konverents\/wp-json\/wp\/v2\/pages\/4551","targetHints":{"allow":["GET"]}}],"collection":[{"href":"https:\/\/visitparnu.com\/konverents\/wp-json\/wp\/v2\/pages"}],"about":[{"href":"https:\/\/visitparnu.com\/konverents\/wp-json\/wp\/v2\/types\/page"}],"author":[{"embeddable":true,"href":"https:\/\/visitparnu.com\/konverents\/wp-json\/wp\/v2\/users\/2"}],"replies":[{"embeddable":true,"href":"https:\/\/visitparnu.com\/konverents\/wp-json\/wp\/v2\/comments?post=4551"}],"version-history":[{"count":7,"href":"https:\/\/visitparnu.com\/konverents\/wp-json\/wp\/v2\/pages\/4551\/revisions"}],"predecessor-version":[{"id":4558,"href":"https:\/\/visitparnu.com\/konverents\/wp-json\/wp\/v2\/pages\/4551\/revisions\/4558"}],"up":[{"embeddable":true,"href":"https:\/\/visitparnu.com\/konverents\/wp-json\/wp\/v2\/pages\/4536"}],"wp:featuredmedia":[{"embeddable":true,"href":"https:\/\/visitparnu.com\/konverents\/wp-json\/wp\/v2\/media\/4525"}],"wp:attachment":[{"href":"https:\/\/visitparnu.com\/konverents\/wp-json\/wp\/v2\/media?parent=4551"}],"curies":[{"name":"wp","href":"https:\/\/api.w.org\/{rel}","templated":true}]}}