{"id":4541,"date":"2025-11-04T19:52:10","date_gmt":"2025-11-04T19:52:10","guid":{"rendered":"https:\/\/visitparnu.com\/konverents\/?page_id=4541"},"modified":"2025-11-04T19:56:26","modified_gmt":"2025-11-04T19:56:26","slug":"parnumaa-tourism-vision-conference-2024","status":"publish","type":"page","link":"https:\/\/visitparnu.com\/konverents\/en\/excperiences\/parnumaa-tourism-vision-conference-2024\/","title":{"rendered":"P\u00e4rnumaa tourism vision conference 2024"},"content":{"rendered":"\t\t<div data-elementor-type=\"wp-page\" data-elementor-id=\"4541\" class=\"elementor elementor-4541\" data-elementor-post-type=\"page\">\n\t\t\t\t<div class=\"elementor-element elementor-element-7615e36 e-con-full e-flex e-con e-parent\" data-id=\"7615e36\" data-element_type=\"container\" data-e-type=\"container\" data-settings=\"{&quot;background_background&quot;:&quot;classic&quot;}\">\n\t\t\t\t<\/div>\n\t\t<div class=\"elementor-element elementor-element-e9a6144 e-flex e-con-boxed e-con e-parent\" data-id=\"e9a6144\" data-element_type=\"container\" data-e-type=\"container\">\n\t\t\t\t\t<div class=\"e-con-inner\">\n\t\t\t\t<div class=\"elementor-element elementor-element-fce4822 elementor-widget elementor-widget-heading\" data-id=\"fce4822\" data-element_type=\"widget\" data-e-type=\"widget\" data-widget_type=\"heading.default\">\n\t\t\t\t\t<h1 class=\"elementor-heading-title elementor-size-default\">P\u00e4rnumaa tourism vision conference 2024<\/h1>\t\t\t\t<\/div>\n\t\t\t\t<div class=\"elementor-element elementor-element-fce867d elementor-invisible elementor-widget elementor-widget-global elementor-global-2018 elementor-widget-eael-breadcrumbs\" data-id=\"fce867d\" data-element_type=\"widget\" data-e-type=\"widget\" data-settings=\"{&quot;_animation&quot;:&quot;fadeInUp&quot;}\" data-widget_type=\"eael-breadcrumbs.default\">\n\t\t\t\t<div class=\"elementor-widget-container\">\n\t\t\t\t\t\t\t<div class=\"eael-breadcrumbs\">\n\t\t\t<div class=\"eael-breadcrumbs__content\"><a href=\"https:\/\/visitparnu.com\/konverents\">Home<\/a> <span class=\"eael-breadcrumb-separator\"><svg xmlns=\"http:\/\/www.w3.org\/2000\/svg\" viewBox=\"0 0 80.593 122.88\" preserveAspectRatio=\"xMidYMid meet\"><polygon points=\"0,0 30.82,0 80.593,61.44 30.82,122.88 0,122.88 49.772,61.44 0,0\"><\/polygon><\/svg><\/span> <span class = \"eael-current\">Page<\/span><\/div>\t\t<\/div>\n\t\t\t\t\t\t<\/div>\n\t\t\t\t<\/div>\n\t\t\t\t<div class=\"elementor-element elementor-element-669b4d1 elementor-widget elementor-widget-text-editor\" data-id=\"669b4d1\" data-element_type=\"widget\" data-e-type=\"widget\" data-widget_type=\"text-editor.default\">\n\t\t\t\t\t\t\t\t\t<p>In October 2024, P\u00e4rnumaa held its first Tourism Vision Conference.<\/p><p>The vision conference, hosted at Endla Theatre, aimed to collectively look toward the future and discuss how to make P\u00e4rnumaa even more attractive for both tourists and local residents.<\/p><p>Top experts from Estonia and abroad shared their insights and experiences at the conference.<\/p><p>Watch and listen to the post-conference video to see how the future of P\u00e4rnumaa is envisioned.<\/p><p>Presentations from the vision conference can be found on the Destination P\u00e4rnu <a href=\"https:\/\/destinationparnu.ee\/esmakordselt-toimunud-parnumaa-turismi-visioonikonverents-pakkus-haid-ideid-ja-sisukaid-arutelusid\/\" target=\"_blank\" rel=\"noopener\">website<\/a>.<\/p><p>A big thank you to the conference organizers and supporters: Destination P\u00e4rnu, Endla Theatre, P\u00e4rnumaa Development Center, City of P\u00e4rnu, Visit P\u00e4rnu, University of Tartu P\u00e4rnu College, Wasa Resort, Estonia Resort Hotel &amp; Spa, Viiking Spa Hotel, Hedon SPA &amp; Hotel, and Tervis Health Spa Hotel &amp; Water Center.<\/p>\t\t\t\t\t\t\t\t<\/div>\n\t\t\t\t<div class=\"elementor-element elementor-element-4162767 elementor-widget elementor-widget-video\" data-id=\"4162767\" data-element_type=\"widget\" data-e-type=\"widget\" data-settings=\"{&quot;youtube_url&quot;:&quot;https:\\\/\\\/youtu.be\\\/aNXDzrLzCv8?si=KmPHSCIACuM2cQYz&quot;,&quot;video_type&quot;:&quot;youtube&quot;,&quot;controls&quot;:&quot;yes&quot;}\" data-widget_type=\"video.default\">\n\t\t\t\t\t\t\t<div class=\"elementor-wrapper elementor-open-inline\">\n\t\t\t<div class=\"elementor-video\"><\/div>\t\t<\/div>\n\t\t\t\t\t\t<\/div>\n\t\t\t\t\t<\/div>\n\t\t\t\t<\/div>\n\t\t\t\t<\/div>\n\t\t","protected":false},"excerpt":{"rendered":"<p>Home Page In October 2024, P\u00e4rnumaa held its first Tourism Vision Conference. The vision conference, hosted at Endla Theatre, aimed to collectively look toward the future and discuss how to make P\u00e4rnumaa even more attractive for both tourists and local residents. Top experts from Estonia and abroad shared their insights and experiences at the conference. [&hellip;]<\/p>\n","protected":false},"author":2,"featured_media":4543,"parent":4536,"menu_order":0,"comment_status":"closed","ping_status":"closed","template":"","meta":{"_acf_changed":false,"footnotes":""},"class_list":["post-4541","page","type-page","status-publish","has-post-thumbnail","hentry"],"acf":[],"yoast_head":"<!-- This site is optimized with the Yoast SEO plugin v27.1.1 - https:\/\/yoast.com\/product\/yoast-seo-wordpress\/ -->\n<title>P\u00e4rnumaa tourism vision conference 2024 - BusinessP\u00e4rnu<\/title>\n<meta name=\"robots\" content=\"index, follow, max-snippet:-1, max-image-preview:large, max-video-preview:-1\" \/>\n<link rel=\"canonical\" href=\"https:\/\/visitparnu.com\/konverents\/en\/excperiences\/parnumaa-tourism-vision-conference-2024\/\" \/>\n<meta property=\"og:locale\" content=\"en_US\" \/>\n<meta property=\"og:type\" content=\"article\" \/>\n<meta property=\"og:title\" content=\"P\u00e4rnumaa tourism vision conference 2024 - BusinessP\u00e4rnu\" \/>\n<meta property=\"og:description\" content=\"Home Page In October 2024, P\u00e4rnumaa held its first Tourism Vision Conference. The vision conference, hosted at Endla Theatre, aimed to collectively look toward the future and discuss how to make P\u00e4rnumaa even more attractive for both tourists and local residents. Top experts from Estonia and abroad shared their insights and experiences at the conference. [&hellip;]\" \/>\n<meta property=\"og:url\" content=\"https:\/\/visitparnu.com\/konverents\/en\/excperiences\/parnumaa-tourism-vision-conference-2024\/\" \/>\n<meta property=\"og:site_name\" content=\"BusinessP\u00e4rnu\" \/>\n<meta property=\"article:modified_time\" content=\"2025-11-04T19:56:26+00:00\" \/>\n<meta property=\"og:image\" content=\"https:\/\/visitparnu.com\/konverents\/wp-content\/uploads\/2025\/11\/Parnu-visioonikonverents.jpg\" \/>\n\t<meta property=\"og:image:width\" content=\"2048\" \/>\n\t<meta property=\"og:image:height\" content=\"1367\" \/>\n\t<meta property=\"og:image:type\" content=\"image\/jpeg\" \/>\n<meta name=\"twitter:card\" content=\"summary_large_image\" \/>\n<meta name=\"twitter:label1\" content=\"Est. reading time\" \/>\n\t<meta name=\"twitter:data1\" content=\"1 minute\" \/>\n<script type=\"application\/ld+json\" class=\"yoast-schema-graph\">{\"@context\":\"https:\/\/schema.org\",\"@graph\":[{\"@type\":\"WebPage\",\"@id\":\"https:\/\/visitparnu.com\/konverents\/en\/excperiences\/parnumaa-tourism-vision-conference-2024\/\",\"url\":\"https:\/\/visitparnu.com\/konverents\/en\/excperiences\/parnumaa-tourism-vision-conference-2024\/\",\"name\":\"P\u00e4rnumaa tourism vision conference 2024 - BusinessP\u00e4rnu\",\"isPartOf\":{\"@id\":\"https:\/\/visitparnu.com\/konverents\/#website\"},\"primaryImageOfPage\":{\"@id\":\"https:\/\/visitparnu.com\/konverents\/en\/excperiences\/parnumaa-tourism-vision-conference-2024\/#primaryimage\"},\"image\":{\"@id\":\"https:\/\/visitparnu.com\/konverents\/en\/excperiences\/parnumaa-tourism-vision-conference-2024\/#primaryimage\"},\"thumbnailUrl\":\"https:\/\/visitparnu.com\/konverents\/wp-content\/uploads\/2025\/11\/Parnu-visioonikonverents.jpg\",\"datePublished\":\"2025-11-04T19:52:10+00:00\",\"dateModified\":\"2025-11-04T19:56:26+00:00\",\"breadcrumb\":{\"@id\":\"https:\/\/visitparnu.com\/konverents\/en\/excperiences\/parnumaa-tourism-vision-conference-2024\/#breadcrumb\"},\"inLanguage\":\"en-US\",\"potentialAction\":[{\"@type\":\"ReadAction\",\"target\":[\"https:\/\/visitparnu.com\/konverents\/en\/excperiences\/parnumaa-tourism-vision-conference-2024\/\"]}]},{\"@type\":\"ImageObject\",\"inLanguage\":\"en-US\",\"@id\":\"https:\/\/visitparnu.com\/konverents\/en\/excperiences\/parnumaa-tourism-vision-conference-2024\/#primaryimage\",\"url\":\"https:\/\/visitparnu.com\/konverents\/wp-content\/uploads\/2025\/11\/Parnu-visioonikonverents.jpg\",\"contentUrl\":\"https:\/\/visitparnu.com\/konverents\/wp-content\/uploads\/2025\/11\/Parnu-visioonikonverents.jpg\",\"width\":2048,\"height\":1367},{\"@type\":\"BreadcrumbList\",\"@id\":\"https:\/\/visitparnu.com\/konverents\/en\/excperiences\/parnumaa-tourism-vision-conference-2024\/#breadcrumb\",\"itemListElement\":[{\"@type\":\"ListItem\",\"position\":1,\"name\":\"Home\",\"item\":\"https:\/\/visitparnu.com\/konverents\/\"},{\"@type\":\"ListItem\",\"position\":2,\"name\":\"Excperiences\",\"item\":\"https:\/\/visitparnu.com\/konverents\/en\/excperiences\/\"},{\"@type\":\"ListItem\",\"position\":3,\"name\":\"P\u00e4rnumaa tourism vision conference 2024\"}]},{\"@type\":\"WebSite\",\"@id\":\"https:\/\/visitparnu.com\/konverents\/#website\",\"url\":\"https:\/\/visitparnu.com\/konverents\/\",\"name\":\"BusinessP\u00e4rnu\",\"description\":\"J\u00e4rgmine WordPress veebileht\",\"publisher\":{\"@id\":\"https:\/\/visitparnu.com\/konverents\/#organization\"},\"potentialAction\":[{\"@type\":\"SearchAction\",\"target\":{\"@type\":\"EntryPoint\",\"urlTemplate\":\"https:\/\/visitparnu.com\/konverents\/?s={search_term_string}\"},\"query-input\":{\"@type\":\"PropertyValueSpecification\",\"valueRequired\":true,\"valueName\":\"search_term_string\"}}],\"inLanguage\":\"en-US\"},{\"@type\":\"Organization\",\"@id\":\"https:\/\/visitparnu.com\/konverents\/#organization\",\"name\":\"BusinessP\u00e4rnu\",\"url\":\"https:\/\/visitparnu.com\/konverents\/\",\"logo\":{\"@type\":\"ImageObject\",\"inLanguage\":\"en-US\",\"@id\":\"https:\/\/visitparnu.com\/konverents\/#\/schema\/logo\/image\/\",\"url\":\"https:\/\/visitparnu.com\/konverents\/wp-content\/uploads\/2025\/07\/Logo-ver2.svg\",\"contentUrl\":\"https:\/\/visitparnu.com\/konverents\/wp-content\/uploads\/2025\/07\/Logo-ver2.svg\",\"width\":1200,\"height\":517,\"caption\":\"BusinessP\u00e4rnu\"},\"image\":{\"@id\":\"https:\/\/visitparnu.com\/konverents\/#\/schema\/logo\/image\/\"}}]}<\/script>\n<!-- \/ Yoast SEO plugin. -->","yoast_head_json":{"title":"P\u00e4rnumaa tourism vision conference 2024 - BusinessP\u00e4rnu","robots":{"index":"index","follow":"follow","max-snippet":"max-snippet:-1","max-image-preview":"max-image-preview:large","max-video-preview":"max-video-preview:-1"},"canonical":"https:\/\/visitparnu.com\/konverents\/en\/excperiences\/parnumaa-tourism-vision-conference-2024\/","og_locale":"en_US","og_type":"article","og_title":"P\u00e4rnumaa tourism vision conference 2024 - BusinessP\u00e4rnu","og_description":"Home Page In October 2024, P\u00e4rnumaa held its first Tourism Vision Conference. The vision conference, hosted at Endla Theatre, aimed to collectively look toward the future and discuss how to make P\u00e4rnumaa even more attractive for both tourists and local residents. Top experts from Estonia and abroad shared their insights and experiences at the conference. [&hellip;]","og_url":"https:\/\/visitparnu.com\/konverents\/en\/excperiences\/parnumaa-tourism-vision-conference-2024\/","og_site_name":"BusinessP\u00e4rnu","article_modified_time":"2025-11-04T19:56:26+00:00","og_image":[{"width":2048,"height":1367,"url":"https:\/\/visitparnu.com\/konverents\/wp-content\/uploads\/2025\/11\/Parnu-visioonikonverents.jpg","type":"image\/jpeg"}],"twitter_card":"summary_large_image","twitter_misc":{"Est. reading time":"1 minute"},"schema":{"@context":"https:\/\/schema.org","@graph":[{"@type":"WebPage","@id":"https:\/\/visitparnu.com\/konverents\/en\/excperiences\/parnumaa-tourism-vision-conference-2024\/","url":"https:\/\/visitparnu.com\/konverents\/en\/excperiences\/parnumaa-tourism-vision-conference-2024\/","name":"P\u00e4rnumaa tourism vision conference 2024 - BusinessP\u00e4rnu","isPartOf":{"@id":"https:\/\/visitparnu.com\/konverents\/#website"},"primaryImageOfPage":{"@id":"https:\/\/visitparnu.com\/konverents\/en\/excperiences\/parnumaa-tourism-vision-conference-2024\/#primaryimage"},"image":{"@id":"https:\/\/visitparnu.com\/konverents\/en\/excperiences\/parnumaa-tourism-vision-conference-2024\/#primaryimage"},"thumbnailUrl":"https:\/\/visitparnu.com\/konverents\/wp-content\/uploads\/2025\/11\/Parnu-visioonikonverents.jpg","datePublished":"2025-11-04T19:52:10+00:00","dateModified":"2025-11-04T19:56:26+00:00","breadcrumb":{"@id":"https:\/\/visitparnu.com\/konverents\/en\/excperiences\/parnumaa-tourism-vision-conference-2024\/#breadcrumb"},"inLanguage":"en-US","potentialAction":[{"@type":"ReadAction","target":["https:\/\/visitparnu.com\/konverents\/en\/excperiences\/parnumaa-tourism-vision-conference-2024\/"]}]},{"@type":"ImageObject","inLanguage":"en-US","@id":"https:\/\/visitparnu.com\/konverents\/en\/excperiences\/parnumaa-tourism-vision-conference-2024\/#primaryimage","url":"https:\/\/visitparnu.com\/konverents\/wp-content\/uploads\/2025\/11\/Parnu-visioonikonverents.jpg","contentUrl":"https:\/\/visitparnu.com\/konverents\/wp-content\/uploads\/2025\/11\/Parnu-visioonikonverents.jpg","width":2048,"height":1367},{"@type":"BreadcrumbList","@id":"https:\/\/visitparnu.com\/konverents\/en\/excperiences\/parnumaa-tourism-vision-conference-2024\/#breadcrumb","itemListElement":[{"@type":"ListItem","position":1,"name":"Home","item":"https:\/\/visitparnu.com\/konverents\/"},{"@type":"ListItem","position":2,"name":"Excperiences","item":"https:\/\/visitparnu.com\/konverents\/en\/excperiences\/"},{"@type":"ListItem","position":3,"name":"P\u00e4rnumaa tourism vision conference 2024"}]},{"@type":"WebSite","@id":"https:\/\/visitparnu.com\/konverents\/#website","url":"https:\/\/visitparnu.com\/konverents\/","name":"BusinessP\u00e4rnu","description":"J\u00e4rgmine WordPress veebileht","publisher":{"@id":"https:\/\/visitparnu.com\/konverents\/#organization"},"potentialAction":[{"@type":"SearchAction","target":{"@type":"EntryPoint","urlTemplate":"https:\/\/visitparnu.com\/konverents\/?s={search_term_string}"},"query-input":{"@type":"PropertyValueSpecification","valueRequired":true,"valueName":"search_term_string"}}],"inLanguage":"en-US"},{"@type":"Organization","@id":"https:\/\/visitparnu.com\/konverents\/#organization","name":"BusinessP\u00e4rnu","url":"https:\/\/visitparnu.com\/konverents\/","logo":{"@type":"ImageObject","inLanguage":"en-US","@id":"https:\/\/visitparnu.com\/konverents\/#\/schema\/logo\/image\/","url":"https:\/\/visitparnu.com\/konverents\/wp-content\/uploads\/2025\/07\/Logo-ver2.svg","contentUrl":"https:\/\/visitparnu.com\/konverents\/wp-content\/uploads\/2025\/07\/Logo-ver2.svg","width":1200,"height":517,"caption":"BusinessP\u00e4rnu"},"image":{"@id":"https:\/\/visitparnu.com\/konverents\/#\/schema\/logo\/image\/"}}]}},"_links":{"self":[{"href":"https:\/\/visitparnu.com\/konverents\/wp-json\/wp\/v2\/pages\/4541","targetHints":{"allow":["GET"]}}],"collection":[{"href":"https:\/\/visitparnu.com\/konverents\/wp-json\/wp\/v2\/pages"}],"about":[{"href":"https:\/\/visitparnu.com\/konverents\/wp-json\/wp\/v2\/types\/page"}],"author":[{"embeddable":true,"href":"https:\/\/visitparnu.com\/konverents\/wp-json\/wp\/v2\/users\/2"}],"replies":[{"embeddable":true,"href":"https:\/\/visitparnu.com\/konverents\/wp-json\/wp\/v2\/comments?post=4541"}],"version-history":[{"count":10,"href":"https:\/\/visitparnu.com\/konverents\/wp-json\/wp\/v2\/pages\/4541\/revisions"}],"predecessor-version":[{"id":4570,"href":"https:\/\/visitparnu.com\/konverents\/wp-json\/wp\/v2\/pages\/4541\/revisions\/4570"}],"up":[{"embeddable":true,"href":"https:\/\/visitparnu.com\/konverents\/wp-json\/wp\/v2\/pages\/4536"}],"wp:featuredmedia":[{"embeddable":true,"href":"https:\/\/visitparnu.com\/konverents\/wp-json\/wp\/v2\/media\/4543"}],"wp:attachment":[{"href":"https:\/\/visitparnu.com\/konverents\/wp-json\/wp\/v2\/media?parent=4541"}],"curies":[{"name":"wp","href":"https:\/\/api.w.org\/{rel}","templated":true}]}}