{"id":2460,"date":"2025-10-14T16:08:44","date_gmt":"2025-10-14T16:08:44","guid":{"rendered":"https:\/\/visitparnu.com\/konverents\/?page_id=2460"},"modified":"2025-11-04T19:56:01","modified_gmt":"2025-11-04T19:56:01","slug":"parnumaa-turismi-visioonikonverents-2025","status":"publish","type":"page","link":"https:\/\/visitparnu.com\/konverents\/kogemuslood\/parnumaa-turismi-visioonikonverents-2025\/","title":{"rendered":"P\u00e4rnumaa turismi visioonikonverents 2025"},"content":{"rendered":"\t\t<div data-elementor-type=\"wp-page\" data-elementor-id=\"2460\" class=\"elementor elementor-2460\" data-elementor-post-type=\"page\">\n\t\t\t\t<div class=\"elementor-element elementor-element-7615e36 e-con-full e-flex e-con e-parent\" data-id=\"7615e36\" data-element_type=\"container\" data-e-type=\"container\" data-settings=\"{&quot;background_background&quot;:&quot;classic&quot;}\">\n\t\t\t\t<\/div>\n\t\t<div class=\"elementor-element elementor-element-e9a6144 e-flex e-con-boxed e-con e-parent\" data-id=\"e9a6144\" data-element_type=\"container\" data-e-type=\"container\">\n\t\t\t\t\t<div class=\"e-con-inner\">\n\t\t\t\t<div class=\"elementor-element elementor-element-fce4822 elementor-widget elementor-widget-heading\" data-id=\"fce4822\" data-element_type=\"widget\" data-e-type=\"widget\" data-widget_type=\"heading.default\">\n\t\t\t\t\t<h1 class=\"elementor-heading-title elementor-size-default\">P\u00e4rnumaa turismi visioonikonverents 2025<\/h1>\t\t\t\t<\/div>\n\t\t\t\t<div class=\"elementor-element elementor-element-232a3f2 elementor-invisible elementor-widget elementor-widget-global elementor-global-1074 elementor-widget-eael-breadcrumbs\" data-id=\"232a3f2\" data-element_type=\"widget\" data-e-type=\"widget\" data-settings=\"{&quot;_animation&quot;:&quot;fadeInUp&quot;}\" data-widget_type=\"eael-breadcrumbs.default\">\n\t\t\t\t<div class=\"elementor-widget-container\">\n\t\t\t\t\t\t\t<div class=\"eael-breadcrumbs\">\n\t\t\t<div class=\"eael-breadcrumbs__content\"><a href=\"https:\/\/visitparnu.com\/konverents\">Avaleht<\/a> <span class=\"eael-breadcrumb-separator\"><svg xmlns=\"http:\/\/www.w3.org\/2000\/svg\" viewBox=\"0 0 80.593 122.88\" preserveAspectRatio=\"xMidYMid meet\"><polygon points=\"0,0 30.82,0 80.593,61.44 30.82,122.88 0,122.88 49.772,61.44 0,0\"><\/polygon><\/svg><\/span> <span class = \"eael-current\">Page<\/span><\/div>\t\t<\/div>\n\t\t\t\t\t\t<\/div>\n\t\t\t\t<\/div>\n\t\t\t\t<div class=\"elementor-element elementor-element-669b4d1 elementor-widget elementor-widget-text-editor\" data-id=\"669b4d1\" data-element_type=\"widget\" data-e-type=\"widget\" data-widget_type=\"text-editor.default\">\n\t\t\t\t\t\t\t\t\t<p>24. septembril P\u00e4rnus toimunud P\u00e4rnumaa Turismi Visioonikonverents 2025 t\u00f5i kokku turismivaldkonna ettev\u00f5tjad, arvamusliidrid, poliitikud ja avaliku sektori esindajad, et arutada sihtkoha tulevikku.<\/p><p>Konverentsi k\u00f5nedes r\u00f5hutati, et turism ei t\u00e4henda ainult majutust, vaid palju pikemat v\u00e4\u00e4rtusahelat. \u201eP\u00e4rnumaa turism vajab k\u00e4igukasti vahetust \u2013 meil on palju voodeid, aga k\u00fclastajatele peab olema rohkem p\u00f5hjuseid siia tulla,\u201c t\u00f5deti aruteludes. Tartu \u00dclikooli P\u00e4rnu kolled\u017ei poolt koostatav majandusliku m\u00f5ju anal\u00fc\u00fcs t\u00f5i esile, et P\u00e4rnumaa on turismist tugevalt s\u00f5ltuv: hinnanguliselt ligi viiendik kohalikust majandusest on seotud k\u00fclastajatega.<\/p><p>Ka konverentsi keskmes olnud linnapeakandidaatide debatis r\u00f5hutati, et turism vajab senisest rohkem t\u00e4helepanu ja toetust. \u00dchiselt t\u00f5deti, et hetkel \u00fcleriigilises turismijuhtimises toimuvate muudatuste valguses peame P\u00e4rnus kohapeal turismi arengut veelgi tugevamalt toetama.<\/p><p>L\u00e4biva teema ja tulevikustsenaariumina arutleti konverentsil selle \u00fcle, kuidas j\u00f5uda uue suure turismiatraktsioonini. Nii Saksamaa n\u00e4ite tutvustamise kui kohalike atraktsioonide diskussiooni j\u00e4rel j\u00e4i selgelt k\u00f5lama, kui olulised sedalaadi turismimagnetid sihtkoha jaoks on. Kuna atraktsiooni toimimisest v\u00f5idab kogu sihtkoht tervikuna, v\u00f5iks riik v\u00f5i kohaliku omavalitsus v\u00f5tta erainvestorite k\u00f5rval samuti rolli suuratraktsiooni loomise finantseerimisel.<\/p><p>\u201eHullud ideed on v\u00f5imalikud, aga ilma avaliku sektori toetuseta need ei teostu. Meil peab olema visioon ja julgus m\u00f5elda suurelt,\u201c k\u00f5las \u00fcks konverentsil tehtud kokkuv\u00f5tteid. MT\u00dc Destination P\u00e4rnu eestvedamisel v\u00f5etakse P\u00e4rnus suund turismi suuratraktsiooni rajamisele.<\/p><p>Loe konverentsist pikemalt <a href=\"https:\/\/destinationparnu.ee\/parnumaa-turismi-visioonikonverents-rohutas-vajadust-uue-tombenumbri-ja-turismisektori-tugevama-toetuse-jarele\/\" target=\"_blank\" rel=\"noopener\" data-saferedirecturl=\"https:\/\/www.google.com\/url?q=https:\/\/destinationparnu.ee\/parnumaa-turismi-visioonikonverents-rohutas-vajadust-uue-tombenumbri-ja-turismisektori-tugevama-toetuse-jarele\/&amp;source=gmail&amp;ust=1760543243124000&amp;usg=AOvVaw2Zr5ld8zDWswyu4wiYnJ33\">siit<\/a>.<\/p>\t\t\t\t\t\t\t\t<\/div>\n\t\t\t\t\t<\/div>\n\t\t\t\t<\/div>\n\t\t\t\t<\/div>\n\t\t","protected":false},"excerpt":{"rendered":"<p>Avaleht Leht 24. septembril P\u00e4rnus toimunud P\u00e4rnumaa Turismi Visioonikonverents 2025 t\u00f5i kokku turismivaldkonna ettev\u00f5tjad, arvamusliidrid, poliitikud ja avaliku sektori esindajad, et arutada sihtkoha tulevikku. Konverentsi k\u00f5nedes r\u00f5hutati, et turism ei t\u00e4henda ainult majutust, vaid palju pikemat v\u00e4\u00e4rtusahelat. \u201eP\u00e4rnumaa turism vajab k\u00e4igukasti vahetust \u2013 meil on palju voodeid, aga k\u00fclastajatele peab olema rohkem p\u00f5hjuseid siia tulla,\u201c [&hellip;]<\/p>\n","protected":false},"author":2,"featured_media":4525,"parent":2471,"menu_order":0,"comment_status":"closed","ping_status":"closed","template":"","meta":{"_acf_changed":false,"footnotes":""},"class_list":["post-2460","page","type-page","status-publish","has-post-thumbnail","hentry"],"acf":[],"yoast_head":"<!-- This site is optimized with the Yoast SEO plugin v27.1.1 - https:\/\/yoast.com\/product\/yoast-seo-wordpress\/ -->\n<title>P\u00e4rnumaa turismi visioonikonverents 2025 - BusinessP\u00e4rnu<\/title>\n<meta name=\"robots\" content=\"index, follow, max-snippet:-1, max-image-preview:large, max-video-preview:-1\" \/>\n<link rel=\"canonical\" href=\"https:\/\/visitparnu.com\/konverents\/kogemuslood\/parnumaa-turismi-visioonikonverents-2025\/\" \/>\n<meta property=\"og:locale\" content=\"en_US\" \/>\n<meta property=\"og:type\" content=\"article\" \/>\n<meta property=\"og:title\" content=\"P\u00e4rnumaa turismi visioonikonverents 2025 - BusinessP\u00e4rnu\" \/>\n<meta property=\"og:description\" content=\"Avaleht Leht 24. septembril P\u00e4rnus toimunud P\u00e4rnumaa Turismi Visioonikonverents 2025 t\u00f5i kokku turismivaldkonna ettev\u00f5tjad, arvamusliidrid, poliitikud ja avaliku sektori esindajad, et arutada sihtkoha tulevikku. Konverentsi k\u00f5nedes r\u00f5hutati, et turism ei t\u00e4henda ainult majutust, vaid palju pikemat v\u00e4\u00e4rtusahelat. \u201eP\u00e4rnumaa turism vajab k\u00e4igukasti vahetust \u2013 meil on palju voodeid, aga k\u00fclastajatele peab olema rohkem p\u00f5hjuseid siia tulla,\u201c [&hellip;]\" \/>\n<meta property=\"og:url\" content=\"https:\/\/visitparnu.com\/konverents\/kogemuslood\/parnumaa-turismi-visioonikonverents-2025\/\" \/>\n<meta property=\"og:site_name\" content=\"BusinessP\u00e4rnu\" \/>\n<meta property=\"article:modified_time\" content=\"2025-11-04T19:56:01+00:00\" \/>\n<meta property=\"og:image\" content=\"https:\/\/visitparnu.com\/konverents\/wp-content\/uploads\/2025\/11\/54811294025_c402b534cb_k.jpg\" \/>\n\t<meta property=\"og:image:width\" content=\"2048\" \/>\n\t<meta property=\"og:image:height\" content=\"1367\" \/>\n\t<meta property=\"og:image:type\" content=\"image\/jpeg\" \/>\n<meta name=\"twitter:card\" content=\"summary_large_image\" \/>\n<meta name=\"twitter:label1\" content=\"Est. reading time\" \/>\n\t<meta name=\"twitter:data1\" content=\"1 minute\" \/>\n<script type=\"application\/ld+json\" class=\"yoast-schema-graph\">{\"@context\":\"https:\/\/schema.org\",\"@graph\":[{\"@type\":\"WebPage\",\"@id\":\"https:\/\/visitparnu.com\/konverents\/kogemuslood\/parnumaa-turismi-visioonikonverents-2025\/\",\"url\":\"https:\/\/visitparnu.com\/konverents\/kogemuslood\/parnumaa-turismi-visioonikonverents-2025\/\",\"name\":\"P\u00e4rnumaa turismi visioonikonverents 2025 - BusinessP\u00e4rnu\",\"isPartOf\":{\"@id\":\"https:\/\/visitparnu.com\/konverents\/#website\"},\"primaryImageOfPage\":{\"@id\":\"https:\/\/visitparnu.com\/konverents\/kogemuslood\/parnumaa-turismi-visioonikonverents-2025\/#primaryimage\"},\"image\":{\"@id\":\"https:\/\/visitparnu.com\/konverents\/kogemuslood\/parnumaa-turismi-visioonikonverents-2025\/#primaryimage\"},\"thumbnailUrl\":\"https:\/\/visitparnu.com\/konverents\/wp-content\/uploads\/2025\/11\/54811294025_c402b534cb_k.jpg\",\"datePublished\":\"2025-10-14T16:08:44+00:00\",\"dateModified\":\"2025-11-04T19:56:01+00:00\",\"breadcrumb\":{\"@id\":\"https:\/\/visitparnu.com\/konverents\/kogemuslood\/parnumaa-turismi-visioonikonverents-2025\/#breadcrumb\"},\"inLanguage\":\"en-US\",\"potentialAction\":[{\"@type\":\"ReadAction\",\"target\":[\"https:\/\/visitparnu.com\/konverents\/kogemuslood\/parnumaa-turismi-visioonikonverents-2025\/\"]}]},{\"@type\":\"ImageObject\",\"inLanguage\":\"en-US\",\"@id\":\"https:\/\/visitparnu.com\/konverents\/kogemuslood\/parnumaa-turismi-visioonikonverents-2025\/#primaryimage\",\"url\":\"https:\/\/visitparnu.com\/konverents\/wp-content\/uploads\/2025\/11\/54811294025_c402b534cb_k.jpg\",\"contentUrl\":\"https:\/\/visitparnu.com\/konverents\/wp-content\/uploads\/2025\/11\/54811294025_c402b534cb_k.jpg\",\"width\":2048,\"height\":1367},{\"@type\":\"BreadcrumbList\",\"@id\":\"https:\/\/visitparnu.com\/konverents\/kogemuslood\/parnumaa-turismi-visioonikonverents-2025\/#breadcrumb\",\"itemListElement\":[{\"@type\":\"ListItem\",\"position\":1,\"name\":\"Home\",\"item\":\"https:\/\/visitparnu.com\/konverents\/\"},{\"@type\":\"ListItem\",\"position\":2,\"name\":\"Kogemuslood\",\"item\":\"https:\/\/visitparnu.com\/konverents\/kogemuslood\/\"},{\"@type\":\"ListItem\",\"position\":3,\"name\":\"P\u00e4rnumaa turismi visioonikonverents 2025\"}]},{\"@type\":\"WebSite\",\"@id\":\"https:\/\/visitparnu.com\/konverents\/#website\",\"url\":\"https:\/\/visitparnu.com\/konverents\/\",\"name\":\"BusinessP\u00e4rnu\",\"description\":\"J\u00e4rgmine WordPress veebileht\",\"publisher\":{\"@id\":\"https:\/\/visitparnu.com\/konverents\/#organization\"},\"potentialAction\":[{\"@type\":\"SearchAction\",\"target\":{\"@type\":\"EntryPoint\",\"urlTemplate\":\"https:\/\/visitparnu.com\/konverents\/?s={search_term_string}\"},\"query-input\":{\"@type\":\"PropertyValueSpecification\",\"valueRequired\":true,\"valueName\":\"search_term_string\"}}],\"inLanguage\":\"en-US\"},{\"@type\":\"Organization\",\"@id\":\"https:\/\/visitparnu.com\/konverents\/#organization\",\"name\":\"BusinessP\u00e4rnu\",\"url\":\"https:\/\/visitparnu.com\/konverents\/\",\"logo\":{\"@type\":\"ImageObject\",\"inLanguage\":\"en-US\",\"@id\":\"https:\/\/visitparnu.com\/konverents\/#\/schema\/logo\/image\/\",\"url\":\"https:\/\/visitparnu.com\/konverents\/wp-content\/uploads\/2025\/07\/Logo-ver2.svg\",\"contentUrl\":\"https:\/\/visitparnu.com\/konverents\/wp-content\/uploads\/2025\/07\/Logo-ver2.svg\",\"width\":1200,\"height\":517,\"caption\":\"BusinessP\u00e4rnu\"},\"image\":{\"@id\":\"https:\/\/visitparnu.com\/konverents\/#\/schema\/logo\/image\/\"}}]}<\/script>\n<!-- \/ Yoast SEO plugin. -->","yoast_head_json":{"title":"P\u00e4rnumaa turismi visioonikonverents 2025 - BusinessP\u00e4rnu","robots":{"index":"index","follow":"follow","max-snippet":"max-snippet:-1","max-image-preview":"max-image-preview:large","max-video-preview":"max-video-preview:-1"},"canonical":"https:\/\/visitparnu.com\/konverents\/kogemuslood\/parnumaa-turismi-visioonikonverents-2025\/","og_locale":"en_US","og_type":"article","og_title":"P\u00e4rnumaa turismi visioonikonverents 2025 - BusinessP\u00e4rnu","og_description":"Avaleht Leht 24. septembril P\u00e4rnus toimunud P\u00e4rnumaa Turismi Visioonikonverents 2025 t\u00f5i kokku turismivaldkonna ettev\u00f5tjad, arvamusliidrid, poliitikud ja avaliku sektori esindajad, et arutada sihtkoha tulevikku. Konverentsi k\u00f5nedes r\u00f5hutati, et turism ei t\u00e4henda ainult majutust, vaid palju pikemat v\u00e4\u00e4rtusahelat. \u201eP\u00e4rnumaa turism vajab k\u00e4igukasti vahetust \u2013 meil on palju voodeid, aga k\u00fclastajatele peab olema rohkem p\u00f5hjuseid siia tulla,\u201c [&hellip;]","og_url":"https:\/\/visitparnu.com\/konverents\/kogemuslood\/parnumaa-turismi-visioonikonverents-2025\/","og_site_name":"BusinessP\u00e4rnu","article_modified_time":"2025-11-04T19:56:01+00:00","og_image":[{"width":2048,"height":1367,"url":"https:\/\/visitparnu.com\/konverents\/wp-content\/uploads\/2025\/11\/54811294025_c402b534cb_k.jpg","type":"image\/jpeg"}],"twitter_card":"summary_large_image","twitter_misc":{"Est. reading time":"1 minute"},"schema":{"@context":"https:\/\/schema.org","@graph":[{"@type":"WebPage","@id":"https:\/\/visitparnu.com\/konverents\/kogemuslood\/parnumaa-turismi-visioonikonverents-2025\/","url":"https:\/\/visitparnu.com\/konverents\/kogemuslood\/parnumaa-turismi-visioonikonverents-2025\/","name":"P\u00e4rnumaa turismi visioonikonverents 2025 - BusinessP\u00e4rnu","isPartOf":{"@id":"https:\/\/visitparnu.com\/konverents\/#website"},"primaryImageOfPage":{"@id":"https:\/\/visitparnu.com\/konverents\/kogemuslood\/parnumaa-turismi-visioonikonverents-2025\/#primaryimage"},"image":{"@id":"https:\/\/visitparnu.com\/konverents\/kogemuslood\/parnumaa-turismi-visioonikonverents-2025\/#primaryimage"},"thumbnailUrl":"https:\/\/visitparnu.com\/konverents\/wp-content\/uploads\/2025\/11\/54811294025_c402b534cb_k.jpg","datePublished":"2025-10-14T16:08:44+00:00","dateModified":"2025-11-04T19:56:01+00:00","breadcrumb":{"@id":"https:\/\/visitparnu.com\/konverents\/kogemuslood\/parnumaa-turismi-visioonikonverents-2025\/#breadcrumb"},"inLanguage":"en-US","potentialAction":[{"@type":"ReadAction","target":["https:\/\/visitparnu.com\/konverents\/kogemuslood\/parnumaa-turismi-visioonikonverents-2025\/"]}]},{"@type":"ImageObject","inLanguage":"en-US","@id":"https:\/\/visitparnu.com\/konverents\/kogemuslood\/parnumaa-turismi-visioonikonverents-2025\/#primaryimage","url":"https:\/\/visitparnu.com\/konverents\/wp-content\/uploads\/2025\/11\/54811294025_c402b534cb_k.jpg","contentUrl":"https:\/\/visitparnu.com\/konverents\/wp-content\/uploads\/2025\/11\/54811294025_c402b534cb_k.jpg","width":2048,"height":1367},{"@type":"BreadcrumbList","@id":"https:\/\/visitparnu.com\/konverents\/kogemuslood\/parnumaa-turismi-visioonikonverents-2025\/#breadcrumb","itemListElement":[{"@type":"ListItem","position":1,"name":"Home","item":"https:\/\/visitparnu.com\/konverents\/"},{"@type":"ListItem","position":2,"name":"Kogemuslood","item":"https:\/\/visitparnu.com\/konverents\/kogemuslood\/"},{"@type":"ListItem","position":3,"name":"P\u00e4rnumaa turismi visioonikonverents 2025"}]},{"@type":"WebSite","@id":"https:\/\/visitparnu.com\/konverents\/#website","url":"https:\/\/visitparnu.com\/konverents\/","name":"BusinessP\u00e4rnu","description":"J\u00e4rgmine WordPress veebileht","publisher":{"@id":"https:\/\/visitparnu.com\/konverents\/#organization"},"potentialAction":[{"@type":"SearchAction","target":{"@type":"EntryPoint","urlTemplate":"https:\/\/visitparnu.com\/konverents\/?s={search_term_string}"},"query-input":{"@type":"PropertyValueSpecification","valueRequired":true,"valueName":"search_term_string"}}],"inLanguage":"en-US"},{"@type":"Organization","@id":"https:\/\/visitparnu.com\/konverents\/#organization","name":"BusinessP\u00e4rnu","url":"https:\/\/visitparnu.com\/konverents\/","logo":{"@type":"ImageObject","inLanguage":"en-US","@id":"https:\/\/visitparnu.com\/konverents\/#\/schema\/logo\/image\/","url":"https:\/\/visitparnu.com\/konverents\/wp-content\/uploads\/2025\/07\/Logo-ver2.svg","contentUrl":"https:\/\/visitparnu.com\/konverents\/wp-content\/uploads\/2025\/07\/Logo-ver2.svg","width":1200,"height":517,"caption":"BusinessP\u00e4rnu"},"image":{"@id":"https:\/\/visitparnu.com\/konverents\/#\/schema\/logo\/image\/"}}]}},"_links":{"self":[{"href":"https:\/\/visitparnu.com\/konverents\/wp-json\/wp\/v2\/pages\/2460","targetHints":{"allow":["GET"]}}],"collection":[{"href":"https:\/\/visitparnu.com\/konverents\/wp-json\/wp\/v2\/pages"}],"about":[{"href":"https:\/\/visitparnu.com\/konverents\/wp-json\/wp\/v2\/types\/page"}],"author":[{"embeddable":true,"href":"https:\/\/visitparnu.com\/konverents\/wp-json\/wp\/v2\/users\/2"}],"replies":[{"embeddable":true,"href":"https:\/\/visitparnu.com\/konverents\/wp-json\/wp\/v2\/comments?post=2460"}],"version-history":[{"count":11,"href":"https:\/\/visitparnu.com\/konverents\/wp-json\/wp\/v2\/pages\/2460\/revisions"}],"predecessor-version":[{"id":4564,"href":"https:\/\/visitparnu.com\/konverents\/wp-json\/wp\/v2\/pages\/2460\/revisions\/4564"}],"up":[{"embeddable":true,"href":"https:\/\/visitparnu.com\/konverents\/wp-json\/wp\/v2\/pages\/2471"}],"wp:featuredmedia":[{"embeddable":true,"href":"https:\/\/visitparnu.com\/konverents\/wp-json\/wp\/v2\/media\/4525"}],"wp:attachment":[{"href":"https:\/\/visitparnu.com\/konverents\/wp-json\/wp\/v2\/media?parent=2460"}],"curies":[{"name":"wp","href":"https:\/\/api.w.org\/{rel}","templated":true}]}}