{"id":2328,"date":"2025-09-13T13:33:18","date_gmt":"2025-09-13T13:33:18","guid":{"rendered":"https:\/\/visitparnu.com\/konverents\/?page_id=2328"},"modified":"2025-11-07T11:08:28","modified_gmt":"2025-11-07T11:08:28","slug":"kontakt","status":"publish","type":"page","link":"https:\/\/visitparnu.com\/konverents\/kontakt\/","title":{"rendered":"Kontakt"},"content":{"rendered":"\t\t<div data-elementor-type=\"wp-page\" data-elementor-id=\"2328\" class=\"elementor elementor-2328\" data-elementor-post-type=\"page\">\n\t\t\t\t<div class=\"elementor-element elementor-element-18f5149 e-con-full e-flex e-con e-parent\" data-id=\"18f5149\" data-element_type=\"container\" data-e-type=\"container\" data-settings=\"{&quot;background_background&quot;:&quot;classic&quot;}\">\n\t\t\t\t<\/div>\n\t\t<div class=\"elementor-element elementor-element-85a2f44 e-flex e-con-boxed e-con e-parent\" data-id=\"85a2f44\" data-element_type=\"container\" data-e-type=\"container\">\n\t\t\t\t\t<div class=\"e-con-inner\">\n\t\t\t\t<div class=\"elementor-element elementor-element-3a21e96 elementor-widget__width-inherit elementor-widget elementor-widget-heading\" data-id=\"3a21e96\" data-element_type=\"widget\" data-e-type=\"widget\" data-widget_type=\"heading.default\">\n\t\t\t\t\t<h1 class=\"elementor-heading-title elementor-size-default\">Kontakt<\/h1>\t\t\t\t<\/div>\n\t\t\t\t<div class=\"elementor-element elementor-element-dfab88c elementor-widget__width-inherit elementor-widget elementor-widget-text-editor\" data-id=\"dfab88c\" data-element_type=\"widget\" data-e-type=\"widget\" data-widget_type=\"text-editor.default\">\n\t\t\t\t\t\t\t\t\t<p class=\"ng-star-inserted\"><span class=\"ng-star-inserted\">Kas plaanite oma j\u00e4rgmist \u00fcritust ja m\u00f5tlete P\u00e4rnu peale? Suurep\u00e4rane m\u00f5te! P\u00e4rnu on s\u00fcndmuste korraldamiseks imeline paik.<\/span><\/p><p class=\"ng-star-inserted\"><span class=\"ng-star-inserted\">Business P\u00e4rnu eesm\u00e4rk on tutvustada P\u00e4rnumaal asuvaid konverentsiruume ja sinna juurde erinevaid \u00e4gedaid tegevusi ning teenusepakkujaid. Kui sa ei leia endale sobivat v\u00f5i sul tekkinud k\u00fcsimusi, siis v<\/span><span style=\"letter-spacing: -0.1px;\">\u00f5tke meiega julgelt \u00fchendust.<\/span><\/p><p class=\"ng-star-inserted\"><span style=\"letter-spacing: -0.1px;\">Leiame koos vastused k\u00f5ikidele teie k\u00fcsimustele ning aitame teil leida parimad lahendused. Meie meeskonnal on laialdane kontaktiv\u00f5rgustik nii P\u00e4rnus kui ka kaugemal, mis aitab meil leida just teile sobiva \u00f5htujuhi, ideaalse konverentsiruumi, maitsva toidu pakkuja v\u00f5i kogenud konverentsikorraldaja.<\/span><\/p>\t\t\t\t\t\t\t\t<\/div>\n\t\t\t\t<div class=\"elementor-element elementor-element-a9e22ca elementor-button-align-center elementor-widget__width-inherit elementor-widget elementor-widget-form\" data-id=\"a9e22ca\" data-element_type=\"widget\" data-e-type=\"widget\" data-settings=\"{&quot;step_next_label&quot;:&quot;Next&quot;,&quot;step_previous_label&quot;:&quot;Previous&quot;,&quot;button_width&quot;:&quot;100&quot;,&quot;step_type&quot;:&quot;number_text&quot;,&quot;step_icon_shape&quot;:&quot;circle&quot;}\" data-widget_type=\"form.default\">\n\t\t\t\t\t\t\t<form class=\"elementor-form\" method=\"post\" name=\"New Form\" aria-label=\"New Form\">\n\t\t\t<input type=\"hidden\" name=\"post_id\" value=\"2328\"\/>\n\t\t\t<input type=\"hidden\" name=\"form_id\" value=\"a9e22ca\"\/>\n\t\t\t<input type=\"hidden\" name=\"referer_title\" value=\"Kontakt - BusinessP\u00e4rnu\" \/>\n\n\t\t\t\t\t\t\t<input type=\"hidden\" name=\"queried_id\" value=\"2328\"\/>\n\t\t\t\n\t\t\t<div class=\"elementor-form-fields-wrapper elementor-labels-above\">\n\t\t\t\t\t\t\t\t<div class=\"elementor-field-type-text elementor-field-group elementor-column elementor-field-group-name elementor-col-100\">\n\t\t\t\t\t\t\t\t\t\t\t\t\t<input size=\"1\" type=\"text\" name=\"form_fields[name]\" id=\"form-field-name\" class=\"elementor-field elementor-size-sm  elementor-field-textual\" placeholder=\"Ees- ja perekonnanimi\">\n\t\t\t\t\t\t\t\t\t\t\t<\/div>\n\t\t\t\t\t\t\t\t<div class=\"elementor-field-type-email elementor-field-group elementor-column elementor-field-group-email elementor-col-50 elementor-field-required\">\n\t\t\t\t\t\t\t\t\t\t\t\t\t<input size=\"1\" type=\"email\" name=\"form_fields[email]\" id=\"form-field-email\" class=\"elementor-field elementor-size-sm  elementor-field-textual\" placeholder=\"Email\" required=\"required\">\n\t\t\t\t\t\t\t\t\t\t\t<\/div>\n\t\t\t\t\t\t\t\t<div class=\"elementor-field-type-date elementor-field-group elementor-column elementor-field-group-message elementor-col-50\">\n\t\t\t\t\t\n\t\t<input type=\"date\" name=\"form_fields[message]\" id=\"form-field-message\" class=\"elementor-field elementor-size-sm  elementor-field-textual elementor-date-field\" placeholder=\"Sinu \u00fcrituse kuup\u00e4ev (kui tead seda)\" pattern=\"[0-9]{4}-[0-9]{2}-[0-9]{2}\">\n\t\t\t\t\t\t<\/div>\n\t\t\t\t\t\t\t\t<div class=\"elementor-field-type-textarea elementor-field-group elementor-column elementor-field-group-field_cf39380 elementor-col-100 elementor-field-required\">\n\t\t\t\t\t<textarea class=\"elementor-field-textual elementor-field  elementor-size-sm\" name=\"form_fields[field_cf39380]\" id=\"form-field-field_cf39380\" rows=\"4\" placeholder=\"Kirjuta meile k\u00f5ik enda k\u00fcsimused\" required=\"required\"><\/textarea>\t\t\t\t<\/div>\n\t\t\t\t\t\t\t\t<div class=\"elementor-field-group elementor-column elementor-field-type-submit elementor-col-100 e-form__buttons\">\n\t\t\t\t\t<button class=\"elementor-button elementor-size-sm\" type=\"submit\">\n\t\t\t\t\t\t<span class=\"elementor-button-content-wrapper\">\n\t\t\t\t\t\t\t\t\t\t\t\t\t\t\t\t\t\t\t\t\t\t<span class=\"elementor-button-text\">Saada<\/span>\n\t\t\t\t\t\t\t\t\t\t\t\t\t<\/span>\n\t\t\t\t\t<\/button>\n\t\t\t\t<\/div>\n\t\t\t<\/div>\n\t\t<\/form>\n\t\t\t\t\t\t<\/div>\n\t\t\t\t<div class=\"elementor-element elementor-element-9ef8786 elementor-widget__width-inherit elementor-widget elementor-widget-heading\" data-id=\"9ef8786\" data-element_type=\"widget\" data-e-type=\"widget\" data-widget_type=\"heading.default\">\n\t\t\t\t\t<h2 class=\"elementor-heading-title elementor-size-default\">Meie meeskond<\/h2>\t\t\t\t<\/div>\n\t\t\t\t\t<\/div>\n\t\t\t\t<\/div>\n\t\t<div class=\"elementor-element elementor-element-5afb3d4 e-flex e-con-boxed e-con e-parent\" data-id=\"5afb3d4\" data-element_type=\"container\" data-e-type=\"container\">\n\t\t\t\t\t<div class=\"e-con-inner\">\n\t\t\t\t<div class=\"elementor-element elementor-element-77716fc elementor-position-top elementor-invisible elementor-widget elementor-widget-image-box\" data-id=\"77716fc\" data-element_type=\"widget\" data-e-type=\"widget\" data-settings=\"{&quot;_animation&quot;:&quot;fadeInLeft&quot;,&quot;_animation_mobile&quot;:&quot;none&quot;}\" data-widget_type=\"image-box.default\">\n\t\t\t\t\t<div class=\"elementor-image-box-wrapper\"><figure class=\"elementor-image-box-img\"><img decoding=\"async\" src=\"https:\/\/visitparnu.com\/konverents\/wp-content\/uploads\/2025\/09\/IMG_9478-768x1150-1.webp\" title=\"\" alt=\"\" loading=\"lazy\" \/><\/figure><div class=\"elementor-image-box-content\"><p class=\"elementor-image-box-title\">Triin Lorents<\/p><p class=\"elementor-image-box-description\">Business P\u00e4rnu turundustegevuste elluviimine Eestis, L\u00e4tis ja Soomes, Business P\u00e4rnu turunduskanalite haldamine<\/p><\/div><\/div>\t\t\t\t<\/div>\n\t\t\t\t<div class=\"elementor-element elementor-element-dc7391b elementor-position-top elementor-invisible elementor-widget elementor-widget-image-box\" data-id=\"dc7391b\" data-element_type=\"widget\" data-e-type=\"widget\" data-settings=\"{&quot;_animation&quot;:&quot;fadeInUp&quot;,&quot;_animation_mobile&quot;:&quot;none&quot;}\" data-widget_type=\"image-box.default\">\n\t\t\t\t\t<div class=\"elementor-image-box-wrapper\"><figure class=\"elementor-image-box-img\"><img decoding=\"async\" src=\"https:\/\/visitparnu.com\/konverents\/wp-content\/uploads\/2025\/09\/IMG_9535-768x1150-1.webp\" title=\"\" alt=\"\" loading=\"lazy\" \/><\/figure><div class=\"elementor-image-box-content\"><p class=\"elementor-image-box-title\">Margus Randm\u00e4e<\/p><p class=\"elementor-image-box-description\">Business P\u00e4rnu turundusstrateegia ja br\u00e4ndi juhtimine, turismiettev\u00f5tjate koost\u00f6\u00f6 Business P\u00e4rnu turunduse valdkonnas<\/p><\/div><\/div>\t\t\t\t<\/div>\n\t\t\t\t<div class=\"elementor-element elementor-element-54f5aad elementor-position-top elementor-invisible elementor-widget elementor-widget-image-box\" data-id=\"54f5aad\" data-element_type=\"widget\" data-e-type=\"widget\" data-settings=\"{&quot;_animation&quot;:&quot;fadeInRight&quot;,&quot;_animation_mobile&quot;:&quot;none&quot;}\" data-widget_type=\"image-box.default\">\n\t\t\t\t\t<div class=\"elementor-image-box-wrapper\"><figure class=\"elementor-image-box-img\"><img decoding=\"async\" src=\"https:\/\/visitparnu.com\/konverents\/wp-content\/uploads\/2025\/09\/lemmik-4-768x1150-1.webp\" title=\"\" alt=\"\" loading=\"lazy\" \/><\/figure><div class=\"elementor-image-box-content\"><p class=\"elementor-image-box-title\">Ketlin Hamburg<\/p><p class=\"elementor-image-box-description\">Business P\u00e4rnu turismiinfo ja turunduse spetsialist, pildi- ja videomaterjal, ettev\u00f5tete profiilide ja andmete haldus<\/p><\/div><\/div>\t\t\t\t<\/div>\n\t\t\t\t\t<\/div>\n\t\t\t\t<\/div>\n\t\t\t\t<\/div>\n\t\t","protected":false},"excerpt":{"rendered":"<p>Kas plaanite oma j\u00e4rgmist \u00fcritust ja m\u00f5tlete P\u00e4rnu peale? Suurep\u00e4rane m\u00f5te! P\u00e4rnu on s\u00fcndmuste korraldamiseks imeline paik. Business P\u00e4rnu eesm\u00e4rk on tutvustada P\u00e4rnumaal asuvaid konverentsiruume ja sinna juurde erinevaid \u00e4gedaid tegevusi ning teenusepakkujaid. Kui sa ei leia endale sobivat v\u00f5i sul tekkinud k\u00fcsimusi, siis v\u00f5tke meiega julgelt \u00fchendust. Leiame koos vastused k\u00f5ikidele teie k\u00fcsimustele ning [&hellip;]<\/p>\n","protected":false},"author":2,"featured_media":6104,"parent":0,"menu_order":0,"comment_status":"closed","ping_status":"closed","template":"","meta":{"_acf_changed":false,"footnotes":""},"class_list":["post-2328","page","type-page","status-publish","has-post-thumbnail","hentry"],"acf":[],"yoast_head":"<!-- This site is optimized with the Yoast SEO plugin v27.1.1 - https:\/\/yoast.com\/product\/yoast-seo-wordpress\/ -->\n<title>Kontakt - BusinessP\u00e4rnu<\/title>\n<meta name=\"robots\" content=\"index, follow, max-snippet:-1, max-image-preview:large, max-video-preview:-1\" \/>\n<link rel=\"canonical\" href=\"https:\/\/visitparnu.com\/konverents\/kontakt\/\" \/>\n<meta property=\"og:locale\" content=\"en_US\" \/>\n<meta property=\"og:type\" content=\"article\" \/>\n<meta property=\"og:title\" content=\"Kontakt - BusinessP\u00e4rnu\" \/>\n<meta property=\"og:description\" content=\"Kas plaanite oma j\u00e4rgmist \u00fcritust ja m\u00f5tlete P\u00e4rnu peale? Suurep\u00e4rane m\u00f5te! P\u00e4rnu on s\u00fcndmuste korraldamiseks imeline paik. Business P\u00e4rnu eesm\u00e4rk on tutvustada P\u00e4rnumaal asuvaid konverentsiruume ja sinna juurde erinevaid \u00e4gedaid tegevusi ning teenusepakkujaid. Kui sa ei leia endale sobivat v\u00f5i sul tekkinud k\u00fcsimusi, siis v\u00f5tke meiega julgelt \u00fchendust. Leiame koos vastused k\u00f5ikidele teie k\u00fcsimustele ning [&hellip;]\" \/>\n<meta property=\"og:url\" content=\"https:\/\/visitparnu.com\/konverents\/kontakt\/\" \/>\n<meta property=\"og:site_name\" content=\"BusinessP\u00e4rnu\" \/>\n<meta property=\"article:modified_time\" content=\"2025-11-07T11:08:28+00:00\" \/>\n<meta property=\"og:image\" content=\"https:\/\/visitparnu.com\/konverents\/wp-content\/uploads\/2025\/11\/DSC09585.jpg\" \/>\n\t<meta property=\"og:image:width\" content=\"2000\" \/>\n\t<meta property=\"og:image:height\" content=\"1333\" \/>\n\t<meta property=\"og:image:type\" content=\"image\/jpeg\" \/>\n<meta name=\"twitter:card\" content=\"summary_large_image\" \/>\n<meta name=\"twitter:label1\" content=\"Est. reading time\" \/>\n\t<meta name=\"twitter:data1\" content=\"2 minutes\" \/>\n<script type=\"application\/ld+json\" class=\"yoast-schema-graph\">{\"@context\":\"https:\/\/schema.org\",\"@graph\":[{\"@type\":\"WebPage\",\"@id\":\"https:\/\/visitparnu.com\/konverents\/kontakt\/\",\"url\":\"https:\/\/visitparnu.com\/konverents\/kontakt\/\",\"name\":\"Kontakt - BusinessP\u00e4rnu\",\"isPartOf\":{\"@id\":\"https:\/\/visitparnu.com\/konverents\/#website\"},\"primaryImageOfPage\":{\"@id\":\"https:\/\/visitparnu.com\/konverents\/kontakt\/#primaryimage\"},\"image\":{\"@id\":\"https:\/\/visitparnu.com\/konverents\/kontakt\/#primaryimage\"},\"thumbnailUrl\":\"https:\/\/visitparnu.com\/konverents\/wp-content\/uploads\/2025\/11\/DSC09585.jpg\",\"datePublished\":\"2025-09-13T13:33:18+00:00\",\"dateModified\":\"2025-11-07T11:08:28+00:00\",\"breadcrumb\":{\"@id\":\"https:\/\/visitparnu.com\/konverents\/kontakt\/#breadcrumb\"},\"inLanguage\":\"en-US\",\"potentialAction\":[{\"@type\":\"ReadAction\",\"target\":[\"https:\/\/visitparnu.com\/konverents\/kontakt\/\"]}]},{\"@type\":\"ImageObject\",\"inLanguage\":\"en-US\",\"@id\":\"https:\/\/visitparnu.com\/konverents\/kontakt\/#primaryimage\",\"url\":\"https:\/\/visitparnu.com\/konverents\/wp-content\/uploads\/2025\/11\/DSC09585.jpg\",\"contentUrl\":\"https:\/\/visitparnu.com\/konverents\/wp-content\/uploads\/2025\/11\/DSC09585.jpg\",\"width\":2000,\"height\":1333},{\"@type\":\"BreadcrumbList\",\"@id\":\"https:\/\/visitparnu.com\/konverents\/kontakt\/#breadcrumb\",\"itemListElement\":[{\"@type\":\"ListItem\",\"position\":1,\"name\":\"Home\",\"item\":\"https:\/\/visitparnu.com\/konverents\/\"},{\"@type\":\"ListItem\",\"position\":2,\"name\":\"Kontakt\"}]},{\"@type\":\"WebSite\",\"@id\":\"https:\/\/visitparnu.com\/konverents\/#website\",\"url\":\"https:\/\/visitparnu.com\/konverents\/\",\"name\":\"BusinessP\u00e4rnu\",\"description\":\"J\u00e4rgmine WordPress veebileht\",\"publisher\":{\"@id\":\"https:\/\/visitparnu.com\/konverents\/#organization\"},\"potentialAction\":[{\"@type\":\"SearchAction\",\"target\":{\"@type\":\"EntryPoint\",\"urlTemplate\":\"https:\/\/visitparnu.com\/konverents\/?s={search_term_string}\"},\"query-input\":{\"@type\":\"PropertyValueSpecification\",\"valueRequired\":true,\"valueName\":\"search_term_string\"}}],\"inLanguage\":\"en-US\"},{\"@type\":\"Organization\",\"@id\":\"https:\/\/visitparnu.com\/konverents\/#organization\",\"name\":\"BusinessP\u00e4rnu\",\"url\":\"https:\/\/visitparnu.com\/konverents\/\",\"logo\":{\"@type\":\"ImageObject\",\"inLanguage\":\"en-US\",\"@id\":\"https:\/\/visitparnu.com\/konverents\/#\/schema\/logo\/image\/\",\"url\":\"https:\/\/visitparnu.com\/konverents\/wp-content\/uploads\/2025\/07\/Logo-ver2.svg\",\"contentUrl\":\"https:\/\/visitparnu.com\/konverents\/wp-content\/uploads\/2025\/07\/Logo-ver2.svg\",\"width\":1200,\"height\":517,\"caption\":\"BusinessP\u00e4rnu\"},\"image\":{\"@id\":\"https:\/\/visitparnu.com\/konverents\/#\/schema\/logo\/image\/\"}}]}<\/script>\n<!-- \/ Yoast SEO plugin. -->","yoast_head_json":{"title":"Kontakt - BusinessP\u00e4rnu","robots":{"index":"index","follow":"follow","max-snippet":"max-snippet:-1","max-image-preview":"max-image-preview:large","max-video-preview":"max-video-preview:-1"},"canonical":"https:\/\/visitparnu.com\/konverents\/kontakt\/","og_locale":"en_US","og_type":"article","og_title":"Kontakt - BusinessP\u00e4rnu","og_description":"Kas plaanite oma j\u00e4rgmist \u00fcritust ja m\u00f5tlete P\u00e4rnu peale? Suurep\u00e4rane m\u00f5te! P\u00e4rnu on s\u00fcndmuste korraldamiseks imeline paik. Business P\u00e4rnu eesm\u00e4rk on tutvustada P\u00e4rnumaal asuvaid konverentsiruume ja sinna juurde erinevaid \u00e4gedaid tegevusi ning teenusepakkujaid. Kui sa ei leia endale sobivat v\u00f5i sul tekkinud k\u00fcsimusi, siis v\u00f5tke meiega julgelt \u00fchendust. Leiame koos vastused k\u00f5ikidele teie k\u00fcsimustele ning [&hellip;]","og_url":"https:\/\/visitparnu.com\/konverents\/kontakt\/","og_site_name":"BusinessP\u00e4rnu","article_modified_time":"2025-11-07T11:08:28+00:00","og_image":[{"width":2000,"height":1333,"url":"https:\/\/visitparnu.com\/konverents\/wp-content\/uploads\/2025\/11\/DSC09585.jpg","type":"image\/jpeg"}],"twitter_card":"summary_large_image","twitter_misc":{"Est. reading time":"2 minutes"},"schema":{"@context":"https:\/\/schema.org","@graph":[{"@type":"WebPage","@id":"https:\/\/visitparnu.com\/konverents\/kontakt\/","url":"https:\/\/visitparnu.com\/konverents\/kontakt\/","name":"Kontakt - BusinessP\u00e4rnu","isPartOf":{"@id":"https:\/\/visitparnu.com\/konverents\/#website"},"primaryImageOfPage":{"@id":"https:\/\/visitparnu.com\/konverents\/kontakt\/#primaryimage"},"image":{"@id":"https:\/\/visitparnu.com\/konverents\/kontakt\/#primaryimage"},"thumbnailUrl":"https:\/\/visitparnu.com\/konverents\/wp-content\/uploads\/2025\/11\/DSC09585.jpg","datePublished":"2025-09-13T13:33:18+00:00","dateModified":"2025-11-07T11:08:28+00:00","breadcrumb":{"@id":"https:\/\/visitparnu.com\/konverents\/kontakt\/#breadcrumb"},"inLanguage":"en-US","potentialAction":[{"@type":"ReadAction","target":["https:\/\/visitparnu.com\/konverents\/kontakt\/"]}]},{"@type":"ImageObject","inLanguage":"en-US","@id":"https:\/\/visitparnu.com\/konverents\/kontakt\/#primaryimage","url":"https:\/\/visitparnu.com\/konverents\/wp-content\/uploads\/2025\/11\/DSC09585.jpg","contentUrl":"https:\/\/visitparnu.com\/konverents\/wp-content\/uploads\/2025\/11\/DSC09585.jpg","width":2000,"height":1333},{"@type":"BreadcrumbList","@id":"https:\/\/visitparnu.com\/konverents\/kontakt\/#breadcrumb","itemListElement":[{"@type":"ListItem","position":1,"name":"Home","item":"https:\/\/visitparnu.com\/konverents\/"},{"@type":"ListItem","position":2,"name":"Kontakt"}]},{"@type":"WebSite","@id":"https:\/\/visitparnu.com\/konverents\/#website","url":"https:\/\/visitparnu.com\/konverents\/","name":"BusinessP\u00e4rnu","description":"J\u00e4rgmine WordPress veebileht","publisher":{"@id":"https:\/\/visitparnu.com\/konverents\/#organization"},"potentialAction":[{"@type":"SearchAction","target":{"@type":"EntryPoint","urlTemplate":"https:\/\/visitparnu.com\/konverents\/?s={search_term_string}"},"query-input":{"@type":"PropertyValueSpecification","valueRequired":true,"valueName":"search_term_string"}}],"inLanguage":"en-US"},{"@type":"Organization","@id":"https:\/\/visitparnu.com\/konverents\/#organization","name":"BusinessP\u00e4rnu","url":"https:\/\/visitparnu.com\/konverents\/","logo":{"@type":"ImageObject","inLanguage":"en-US","@id":"https:\/\/visitparnu.com\/konverents\/#\/schema\/logo\/image\/","url":"https:\/\/visitparnu.com\/konverents\/wp-content\/uploads\/2025\/07\/Logo-ver2.svg","contentUrl":"https:\/\/visitparnu.com\/konverents\/wp-content\/uploads\/2025\/07\/Logo-ver2.svg","width":1200,"height":517,"caption":"BusinessP\u00e4rnu"},"image":{"@id":"https:\/\/visitparnu.com\/konverents\/#\/schema\/logo\/image\/"}}]}},"_links":{"self":[{"href":"https:\/\/visitparnu.com\/konverents\/wp-json\/wp\/v2\/pages\/2328","targetHints":{"allow":["GET"]}}],"collection":[{"href":"https:\/\/visitparnu.com\/konverents\/wp-json\/wp\/v2\/pages"}],"about":[{"href":"https:\/\/visitparnu.com\/konverents\/wp-json\/wp\/v2\/types\/page"}],"author":[{"embeddable":true,"href":"https:\/\/visitparnu.com\/konverents\/wp-json\/wp\/v2\/users\/2"}],"replies":[{"embeddable":true,"href":"https:\/\/visitparnu.com\/konverents\/wp-json\/wp\/v2\/comments?post=2328"}],"version-history":[{"count":47,"href":"https:\/\/visitparnu.com\/konverents\/wp-json\/wp\/v2\/pages\/2328\/revisions"}],"predecessor-version":[{"id":6313,"href":"https:\/\/visitparnu.com\/konverents\/wp-json\/wp\/v2\/pages\/2328\/revisions\/6313"}],"wp:featuredmedia":[{"embeddable":true,"href":"https:\/\/visitparnu.com\/konverents\/wp-json\/wp\/v2\/media\/6104"}],"wp:attachment":[{"href":"https:\/\/visitparnu.com\/konverents\/wp-json\/wp\/v2\/media?parent=2328"}],"curies":[{"name":"wp","href":"https:\/\/api.w.org\/{rel}","templated":true}]}}