{"id":1849,"date":"2025-09-05T17:32:32","date_gmt":"2025-09-05T17:32:32","guid":{"rendered":"https:\/\/visitparnu.com\/konverents\/?page_id=1849"},"modified":"2025-11-05T17:39:52","modified_gmt":"2025-11-05T17:39:52","slug":"inspireerivad-ideed","status":"publish","type":"page","link":"https:\/\/visitparnu.com\/konverents\/inspireerivad-ideed\/","title":{"rendered":"Inspireerivad ideed"},"content":{"rendered":"\t\t<div data-elementor-type=\"wp-page\" data-elementor-id=\"1849\" class=\"elementor elementor-1849\" data-elementor-post-type=\"page\">\n\t\t\t\t<div class=\"elementor-element elementor-element-fc26aae e-con-full e-flex e-con e-parent\" data-id=\"fc26aae\" data-element_type=\"container\" data-e-type=\"container\" data-settings=\"{&quot;background_background&quot;:&quot;classic&quot;}\">\n\t\t\t\t<\/div>\n\t\t<div class=\"elementor-element elementor-element-17f75b3 e-flex e-con-boxed e-con e-parent\" data-id=\"17f75b3\" data-element_type=\"container\" data-e-type=\"container\">\n\t\t\t\t\t<div class=\"e-con-inner\">\n\t\t\t\t<div class=\"elementor-element elementor-element-587e202 elementor-widget elementor-widget-heading\" data-id=\"587e202\" data-element_type=\"widget\" data-e-type=\"widget\" data-widget_type=\"heading.default\">\n\t\t\t\t\t<h1 class=\"elementor-heading-title elementor-size-default\">Inspireerivad ideed<\/h1>\t\t\t\t<\/div>\n\t\t\t\t<div class=\"elementor-element elementor-element-60f366a elementor-widget__width-initial elementor-widget elementor-widget-text-editor\" data-id=\"60f366a\" data-element_type=\"widget\" data-e-type=\"widget\" data-widget_type=\"text-editor.default\">\n\t\t\t\t\t\t\t\t\t<p>\u00dcks sihtkoht, piiramatult v\u00f5imalusi.<\/p><p>P\u00e4rnu on ideaalne paik \u00e4rikohtumisteks ja meeskonna\u00fcritusteks igal aastaajal. Siin saab nautida inspireerivat keskkonda, rutiinivaba atmosf\u00e4\u00e4ri ja meeldej\u00e4\u00e4vaid elamusi.<\/p><p>Oleme kokku pannud <strong>kolm n\u00e4idislahendust,<\/strong> mis aitavad sul planeerida seminari, koolitusp\u00e4eva v\u00f5i suurs\u00fcndmust keskkonnas, kus t\u00f6\u00f6 ja puhkus on loomulikus tasakaalus. Muuda oma meeskonnas\u00fcndmus eriliseks ja korralda seminar P\u00e4rnus.<\/p><p>Siin s\u00fcnnivad ideed, mis \u00fchendavad inimesi ja viivad \u00e4ri edasi.<\/p>\t\t\t\t\t\t\t\t<\/div>\n\t\t\t\t\t<\/div>\n\t\t\t\t<\/div>\n\t\t<div class=\"elementor-element elementor-element-485e65a e-flex e-con-boxed e-con e-parent\" data-id=\"485e65a\" data-element_type=\"container\" data-e-type=\"container\">\n\t\t\t\t\t<div class=\"e-con-inner\">\n\t\t<a class=\"elementor-element elementor-element-74510ee e-con-full zoom-hover-box e-flex e-con e-child\" data-id=\"74510ee\" data-element_type=\"container\" data-e-type=\"container\" data-settings=\"{&quot;background_background&quot;:&quot;classic&quot;}\" href=\"https:\/\/visitparnu.com\/konverents\/inspiratsiooniks\/kontorist-valja\/\">\n\t\t\t\t<div class=\"elementor-element elementor-element-9447b6f elementor-widget__width-inherit elementor-widget elementor-widget-heading\" data-id=\"9447b6f\" data-element_type=\"widget\" data-e-type=\"widget\" data-widget_type=\"heading.default\">\n\t\t\t\t\t<h2 class=\"elementor-heading-title elementor-size-default\">Kontorist v\u00e4lja<\/h2>\t\t\t\t<\/div>\n\t\t\t\t<div class=\"elementor-element elementor-element-aa36419 elementor-widget__width-initial elementor-widget-divider--view-line elementor-invisible elementor-widget elementor-widget-divider\" data-id=\"aa36419\" data-element_type=\"widget\" data-e-type=\"widget\" data-settings=\"{&quot;_animation&quot;:&quot;fadeInRight&quot;}\" data-widget_type=\"divider.default\">\n\t\t\t\t\t\t\t<div class=\"elementor-divider\">\n\t\t\t<span class=\"elementor-divider-separator\">\n\t\t\t\t\t\t<\/span>\n\t\t<\/div>\n\t\t\t\t\t\t<\/div>\n\t\t\t\t<div class=\"elementor-element elementor-element-748f12e elementor-widget__width-initial elementor-widget-divider--view-line elementor-invisible elementor-widget elementor-widget-divider\" data-id=\"748f12e\" data-element_type=\"widget\" data-e-type=\"widget\" data-settings=\"{&quot;_animation&quot;:&quot;fadeInLeft&quot;}\" data-widget_type=\"divider.default\">\n\t\t\t\t\t\t\t<div class=\"elementor-divider\">\n\t\t\t<span class=\"elementor-divider-separator\">\n\t\t\t\t\t\t<\/span>\n\t\t<\/div>\n\t\t\t\t\t\t<\/div>\n\t\t\t\t<div class=\"elementor-element elementor-element-2ede218 elementor-widget__width-inherit elementor-widget elementor-widget-text-editor\" data-id=\"2ede218\" data-element_type=\"widget\" data-e-type=\"widget\" data-widget_type=\"text-editor.default\">\n\t\t\t\t\t\t\t\t\t<p><span style=\"font-weight: 400;\">P\u00f5gene argirutiinist ja leia uusi ideid<\/span><\/p>\t\t\t\t\t\t\t\t<\/div>\n\t\t\t\t<div class=\"elementor-element elementor-element-a399b07 elementor-absolute zoom-image elementor-widget elementor-widget-image\" data-id=\"a399b07\" data-element_type=\"widget\" data-e-type=\"widget\" data-settings=\"{&quot;_position&quot;:&quot;absolute&quot;}\" data-widget_type=\"image.default\">\n\t\t\t\t\t\t\t\t\t\t\t\t\t\t\t<img decoding=\"async\" src=\"https:\/\/visitparnu.com\/konverents\/wp-content\/uploads\/2025\/10\/Kontorist-valja.jpg\" title=\"\" alt=\"\" class=\"elementor-animation-grow\" loading=\"lazy\" \/>\t\t\t\t\t\t\t\t\t\t\t\t\t\t\t<\/div>\n\t\t\t\t<div class=\"elementor-element elementor-element-349f72b elementor-widget elementor-widget-text-editor\" data-id=\"349f72b\" data-element_type=\"widget\" data-e-type=\"widget\" data-widget_type=\"text-editor.default\">\n\t\t\t\t\t\t\t\t\t<p>10 inimest<\/p>\t\t\t\t\t\t\t\t<\/div>\n\t\t\t\t<div class=\"elementor-element elementor-element-12454f2 elementor-view-default elementor-widget elementor-widget-icon\" data-id=\"12454f2\" data-element_type=\"widget\" data-e-type=\"widget\" data-widget_type=\"icon.default\">\n\t\t\t\t\t\t\t<div class=\"elementor-icon-wrapper\">\n\t\t\t<div class=\"elementor-icon\">\n\t\t\t\t\t\t<\/div>\n\t\t<\/div>\n\t\t\t\t\t\t<\/div>\n\t\t\t\t<\/a>\n\t\t<a class=\"elementor-element elementor-element-3c70d26 e-con-full zoom-hover-box e-flex e-con e-child\" data-id=\"3c70d26\" data-element_type=\"container\" data-e-type=\"container\" data-settings=\"{&quot;background_background&quot;:&quot;classic&quot;}\" href=\"https:\/\/visitparnu.com\/konverents\/inspiratsiooniks\/meeskonnaga-parnusse\">\n\t\t\t\t<div class=\"elementor-element elementor-element-30d26e9 elementor-widget__width-inherit elementor-widget elementor-widget-heading\" data-id=\"30d26e9\" data-element_type=\"widget\" data-e-type=\"widget\" data-widget_type=\"heading.default\">\n\t\t\t\t\t<h2 class=\"elementor-heading-title elementor-size-default\">Meeskonnaga P\u00e4rnusse\n<\/h2>\t\t\t\t<\/div>\n\t\t\t\t<div class=\"elementor-element elementor-element-5d8beea elementor-widget__width-initial elementor-widget-divider--view-line elementor-invisible elementor-widget elementor-widget-divider\" data-id=\"5d8beea\" data-element_type=\"widget\" data-e-type=\"widget\" data-settings=\"{&quot;_animation&quot;:&quot;fadeInRight&quot;,&quot;_animation_delay&quot;:1000}\" data-widget_type=\"divider.default\">\n\t\t\t\t\t\t\t<div class=\"elementor-divider\">\n\t\t\t<span class=\"elementor-divider-separator\">\n\t\t\t\t\t\t<\/span>\n\t\t<\/div>\n\t\t\t\t\t\t<\/div>\n\t\t\t\t<div class=\"elementor-element elementor-element-d893f16 elementor-widget__width-initial elementor-widget-divider--view-line elementor-invisible elementor-widget elementor-widget-divider\" data-id=\"d893f16\" data-element_type=\"widget\" data-e-type=\"widget\" data-settings=\"{&quot;_animation&quot;:&quot;fadeInLeft&quot;,&quot;_animation_delay&quot;:1000}\" data-widget_type=\"divider.default\">\n\t\t\t\t\t\t\t<div class=\"elementor-divider\">\n\t\t\t<span class=\"elementor-divider-separator\">\n\t\t\t\t\t\t<\/span>\n\t\t<\/div>\n\t\t\t\t\t\t<\/div>\n\t\t\t\t<div class=\"elementor-element elementor-element-a3a96c4 elementor-widget__width-inherit elementor-widget elementor-widget-text-editor\" data-id=\"a3a96c4\" data-element_type=\"widget\" data-e-type=\"widget\" data-widget_type=\"text-editor.default\">\n\t\t\t\t\t\t\t\t\t<p><span style=\"font-weight: 400;\">Inspireeriv meeskonnakoolitus<\/span><\/p>\t\t\t\t\t\t\t\t<\/div>\n\t\t\t\t<div class=\"elementor-element elementor-element-f07fdf1 elementor-absolute zoom-image elementor-widget elementor-widget-image\" data-id=\"f07fdf1\" data-element_type=\"widget\" data-e-type=\"widget\" data-settings=\"{&quot;_position&quot;:&quot;absolute&quot;}\" data-widget_type=\"image.default\">\n\t\t\t\t\t\t\t\t\t\t\t\t\t\t\t<img decoding=\"async\" src=\"https:\/\/visitparnu.com\/konverents\/wp-content\/uploads\/2025\/10\/Meeskonnaga-Parnusse.jpg\" title=\"\" alt=\"\" class=\"elementor-animation-grow\" loading=\"lazy\" \/>\t\t\t\t\t\t\t\t\t\t\t\t\t\t\t<\/div>\n\t\t\t\t<div class=\"elementor-element elementor-element-2e128cf elementor-widget elementor-widget-text-editor\" data-id=\"2e128cf\" data-element_type=\"widget\" data-e-type=\"widget\" data-widget_type=\"text-editor.default\">\n\t\t\t\t\t\t\t\t\t<p>50 inimest<\/p>\t\t\t\t\t\t\t\t<\/div>\n\t\t\t\t<div class=\"elementor-element elementor-element-83a0b0b elementor-view-default elementor-widget elementor-widget-icon\" data-id=\"83a0b0b\" data-element_type=\"widget\" data-e-type=\"widget\" data-widget_type=\"icon.default\">\n\t\t\t\t\t\t\t<div class=\"elementor-icon-wrapper\">\n\t\t\t<div class=\"elementor-icon\">\n\t\t\t\t\t\t<\/div>\n\t\t<\/div>\n\t\t\t\t\t\t<\/div>\n\t\t\t\t<\/a>\n\t\t<a class=\"elementor-element elementor-element-0dfd2c7 e-con-full zoom-hover-box e-flex e-con e-child\" data-id=\"0dfd2c7\" data-element_type=\"container\" data-e-type=\"container\" data-settings=\"{&quot;background_background&quot;:&quot;classic&quot;}\" href=\"https:\/\/visitparnu.com\/konverents\/inspiratsiooniks\/suursundmus\/\">\n\t\t\t\t<div class=\"elementor-element elementor-element-092d636 elementor-widget__width-inherit elementor-widget elementor-widget-heading\" data-id=\"092d636\" data-element_type=\"widget\" data-e-type=\"widget\" data-widget_type=\"heading.default\">\n\t\t\t\t\t<h2 class=\"elementor-heading-title elementor-size-default\">Suurs\u00fcndmus<\/h2>\t\t\t\t<\/div>\n\t\t\t\t<div class=\"elementor-element elementor-element-f8ffb3f elementor-widget__width-initial elementor-widget-divider--view-line elementor-invisible elementor-widget elementor-widget-divider\" data-id=\"f8ffb3f\" data-element_type=\"widget\" data-e-type=\"widget\" data-settings=\"{&quot;_animation&quot;:&quot;fadeInRight&quot;,&quot;_animation_delay&quot;:2000}\" data-widget_type=\"divider.default\">\n\t\t\t\t\t\t\t<div class=\"elementor-divider\">\n\t\t\t<span class=\"elementor-divider-separator\">\n\t\t\t\t\t\t<\/span>\n\t\t<\/div>\n\t\t\t\t\t\t<\/div>\n\t\t\t\t<div class=\"elementor-element elementor-element-7ac5e71 elementor-widget__width-initial elementor-widget-divider--view-line elementor-invisible elementor-widget elementor-widget-divider\" data-id=\"7ac5e71\" data-element_type=\"widget\" data-e-type=\"widget\" data-settings=\"{&quot;_animation&quot;:&quot;fadeInLeft&quot;,&quot;_animation_delay&quot;:2000}\" data-widget_type=\"divider.default\">\n\t\t\t\t\t\t\t<div class=\"elementor-divider\">\n\t\t\t<span class=\"elementor-divider-separator\">\n\t\t\t\t\t\t<\/span>\n\t\t<\/div>\n\t\t\t\t\t\t<\/div>\n\t\t\t\t<div class=\"elementor-element elementor-element-56a263a elementor-widget__width-inherit elementor-widget elementor-widget-text-editor\" data-id=\"56a263a\" data-element_type=\"widget\" data-e-type=\"widget\" data-widget_type=\"text-editor.default\">\n\t\t\t\t\t\t\t\t\t<p><span style=\"font-weight: 400;\">Meeldej\u00e4\u00e4v tippkohtumine \u00e4rikuurordis<\/span><\/p>\t\t\t\t\t\t\t\t<\/div>\n\t\t\t\t<div class=\"elementor-element elementor-element-fb1501a elementor-absolute zoom-image elementor-widget elementor-widget-image\" data-id=\"fb1501a\" data-element_type=\"widget\" data-e-type=\"widget\" data-settings=\"{&quot;_position&quot;:&quot;absolute&quot;}\" data-widget_type=\"image.default\">\n\t\t\t\t\t\t\t\t\t\t\t\t\t\t\t<img decoding=\"async\" src=\"https:\/\/visitparnu.com\/konverents\/wp-content\/uploads\/2025\/10\/Suursundmus.jpg\" title=\"\" alt=\"\" class=\"elementor-animation-grow\" loading=\"lazy\" \/>\t\t\t\t\t\t\t\t\t\t\t\t\t\t\t<\/div>\n\t\t\t\t<div class=\"elementor-element elementor-element-2ef3090 elementor-widget elementor-widget-text-editor\" data-id=\"2ef3090\" data-element_type=\"widget\" data-e-type=\"widget\" data-widget_type=\"text-editor.default\">\n\t\t\t\t\t\t\t\t\t<p><span style=\"font-weight: 400;\">100 inimest<\/span><\/p>\t\t\t\t\t\t\t\t<\/div>\n\t\t\t\t<div class=\"elementor-element elementor-element-1824799 elementor-view-default elementor-widget elementor-widget-icon\" data-id=\"1824799\" data-element_type=\"widget\" data-e-type=\"widget\" data-widget_type=\"icon.default\">\n\t\t\t\t\t\t\t<div class=\"elementor-icon-wrapper\">\n\t\t\t<div class=\"elementor-icon\">\n\t\t\t\t\t\t<\/div>\n\t\t<\/div>\n\t\t\t\t\t\t<\/div>\n\t\t\t\t<\/a>\n\t\t\t\t\t<\/div>\n\t\t\t\t<\/div>\n\t\t<div class=\"elementor-element elementor-element-abd1dc2 e-flex e-con-boxed e-con e-parent\" data-id=\"abd1dc2\" data-element_type=\"container\" data-e-type=\"container\">\n\t\t\t\t\t<div class=\"e-con-inner\">\n\t\t\t\t<div class=\"elementor-element elementor-element-80a96f0 elementor-widget__width-initial elementor-widget elementor-widget-text-editor\" data-id=\"80a96f0\" data-element_type=\"widget\" data-e-type=\"widget\" data-widget_type=\"text-editor.default\">\n\t\t\t\t\t\t\t\t\t<p>P\u00e4rnu pakub k\u00f5ike, mida on vaja eduka s\u00fcndmuse korraldamiseks. Siin on professionaalsed konverentsikeskused, mugavad majutusv\u00f5imalused, palju restorane ja rohkelt v\u00f5imalusi meeskonnatunde tugevdamiseks.\u00a0<\/p><p>P\u00e4rnu sobib nii juhtkonnakoosolekute pidamiseks kui ka suur\u00fcrituste korraldamiseks.<\/p>\t\t\t\t\t\t\t\t<\/div>\n\t\t\t\t\t<\/div>\n\t\t\t\t<\/div>\n\t\t\t\t<\/div>\n\t\t","protected":false},"excerpt":{"rendered":"<p>\u00dcks sihtkoht, piiramatult v\u00f5imalusi. P\u00e4rnu on ideaalne paik \u00e4rikohtumisteks ja meeskonna\u00fcritusteks igal aastaajal. Siin saab nautida inspireerivat keskkonda, rutiinivaba atmosf\u00e4\u00e4ri ja meeldej\u00e4\u00e4vaid elamusi. Oleme kokku pannud kolm n\u00e4idislahendust, mis aitavad sul planeerida seminari, koolitusp\u00e4eva v\u00f5i suurs\u00fcndmust keskkonnas, kus t\u00f6\u00f6 ja puhkus on loomulikus tasakaalus. Muuda oma meeskonnas\u00fcndmus eriliseks ja korralda seminar P\u00e4rnus. Siin s\u00fcnnivad ideed, [&hellip;]<\/p>\n","protected":false},"author":2,"featured_media":6006,"parent":0,"menu_order":0,"comment_status":"closed","ping_status":"closed","template":"","meta":{"_acf_changed":false,"footnotes":""},"class_list":["post-1849","page","type-page","status-publish","has-post-thumbnail","hentry"],"acf":[],"yoast_head":"<!-- This site is optimized with the Yoast SEO plugin v27.1.1 - https:\/\/yoast.com\/product\/yoast-seo-wordpress\/ -->\n<title>Inspireerivad ideed - BusinessP\u00e4rnu<\/title>\n<meta name=\"robots\" content=\"index, follow, max-snippet:-1, max-image-preview:large, max-video-preview:-1\" \/>\n<link rel=\"canonical\" href=\"https:\/\/visitparnu.com\/konverents\/inspireerivad-ideed\/\" \/>\n<meta property=\"og:locale\" content=\"en_US\" \/>\n<meta property=\"og:type\" content=\"article\" \/>\n<meta property=\"og:title\" content=\"Inspireerivad ideed - BusinessP\u00e4rnu\" \/>\n<meta property=\"og:description\" content=\"\u00dcks sihtkoht, piiramatult v\u00f5imalusi. P\u00e4rnu on ideaalne paik \u00e4rikohtumisteks ja meeskonna\u00fcritusteks igal aastaajal. Siin saab nautida inspireerivat keskkonda, rutiinivaba atmosf\u00e4\u00e4ri ja meeldej\u00e4\u00e4vaid elamusi. Oleme kokku pannud kolm n\u00e4idislahendust, mis aitavad sul planeerida seminari, koolitusp\u00e4eva v\u00f5i suurs\u00fcndmust keskkonnas, kus t\u00f6\u00f6 ja puhkus on loomulikus tasakaalus. Muuda oma meeskonnas\u00fcndmus eriliseks ja korralda seminar P\u00e4rnus. Siin s\u00fcnnivad ideed, [&hellip;]\" \/>\n<meta property=\"og:url\" content=\"https:\/\/visitparnu.com\/konverents\/inspireerivad-ideed\/\" \/>\n<meta property=\"og:site_name\" content=\"BusinessP\u00e4rnu\" \/>\n<meta property=\"article:modified_time\" content=\"2025-11-05T17:39:52+00:00\" \/>\n<meta property=\"og:image\" content=\"https:\/\/visitparnu.com\/konverents\/wp-content\/uploads\/2025\/11\/Inspiratsiooniks1.webp\" \/>\n\t<meta property=\"og:image:width\" content=\"2000\" \/>\n\t<meta property=\"og:image:height\" content=\"1333\" \/>\n\t<meta property=\"og:image:type\" content=\"image\/webp\" \/>\n<meta name=\"twitter:card\" content=\"summary_large_image\" \/>\n<meta name=\"twitter:label1\" content=\"Est. reading time\" \/>\n\t<meta name=\"twitter:data1\" content=\"1 minute\" \/>\n<script type=\"application\/ld+json\" class=\"yoast-schema-graph\">{\"@context\":\"https:\/\/schema.org\",\"@graph\":[{\"@type\":\"WebPage\",\"@id\":\"https:\/\/visitparnu.com\/konverents\/inspireerivad-ideed\/\",\"url\":\"https:\/\/visitparnu.com\/konverents\/inspireerivad-ideed\/\",\"name\":\"Inspireerivad ideed - BusinessP\u00e4rnu\",\"isPartOf\":{\"@id\":\"https:\/\/visitparnu.com\/konverents\/#website\"},\"primaryImageOfPage\":{\"@id\":\"https:\/\/visitparnu.com\/konverents\/inspireerivad-ideed\/#primaryimage\"},\"image\":{\"@id\":\"https:\/\/visitparnu.com\/konverents\/inspireerivad-ideed\/#primaryimage\"},\"thumbnailUrl\":\"https:\/\/visitparnu.com\/konverents\/wp-content\/uploads\/2025\/11\/Inspiratsiooniks1.webp\",\"datePublished\":\"2025-09-05T17:32:32+00:00\",\"dateModified\":\"2025-11-05T17:39:52+00:00\",\"breadcrumb\":{\"@id\":\"https:\/\/visitparnu.com\/konverents\/inspireerivad-ideed\/#breadcrumb\"},\"inLanguage\":\"en-US\",\"potentialAction\":[{\"@type\":\"ReadAction\",\"target\":[\"https:\/\/visitparnu.com\/konverents\/inspireerivad-ideed\/\"]}]},{\"@type\":\"ImageObject\",\"inLanguage\":\"en-US\",\"@id\":\"https:\/\/visitparnu.com\/konverents\/inspireerivad-ideed\/#primaryimage\",\"url\":\"https:\/\/visitparnu.com\/konverents\/wp-content\/uploads\/2025\/11\/Inspiratsiooniks1.webp\",\"contentUrl\":\"https:\/\/visitparnu.com\/konverents\/wp-content\/uploads\/2025\/11\/Inspiratsiooniks1.webp\",\"width\":2000,\"height\":1333},{\"@type\":\"BreadcrumbList\",\"@id\":\"https:\/\/visitparnu.com\/konverents\/inspireerivad-ideed\/#breadcrumb\",\"itemListElement\":[{\"@type\":\"ListItem\",\"position\":1,\"name\":\"Home\",\"item\":\"https:\/\/visitparnu.com\/konverents\/\"},{\"@type\":\"ListItem\",\"position\":2,\"name\":\"Inspireerivad ideed\"}]},{\"@type\":\"WebSite\",\"@id\":\"https:\/\/visitparnu.com\/konverents\/#website\",\"url\":\"https:\/\/visitparnu.com\/konverents\/\",\"name\":\"BusinessP\u00e4rnu\",\"description\":\"J\u00e4rgmine WordPress veebileht\",\"publisher\":{\"@id\":\"https:\/\/visitparnu.com\/konverents\/#organization\"},\"potentialAction\":[{\"@type\":\"SearchAction\",\"target\":{\"@type\":\"EntryPoint\",\"urlTemplate\":\"https:\/\/visitparnu.com\/konverents\/?s={search_term_string}\"},\"query-input\":{\"@type\":\"PropertyValueSpecification\",\"valueRequired\":true,\"valueName\":\"search_term_string\"}}],\"inLanguage\":\"en-US\"},{\"@type\":\"Organization\",\"@id\":\"https:\/\/visitparnu.com\/konverents\/#organization\",\"name\":\"BusinessP\u00e4rnu\",\"url\":\"https:\/\/visitparnu.com\/konverents\/\",\"logo\":{\"@type\":\"ImageObject\",\"inLanguage\":\"en-US\",\"@id\":\"https:\/\/visitparnu.com\/konverents\/#\/schema\/logo\/image\/\",\"url\":\"https:\/\/visitparnu.com\/konverents\/wp-content\/uploads\/2025\/07\/Logo-ver2.svg\",\"contentUrl\":\"https:\/\/visitparnu.com\/konverents\/wp-content\/uploads\/2025\/07\/Logo-ver2.svg\",\"width\":1200,\"height\":517,\"caption\":\"BusinessP\u00e4rnu\"},\"image\":{\"@id\":\"https:\/\/visitparnu.com\/konverents\/#\/schema\/logo\/image\/\"}}]}<\/script>\n<!-- \/ Yoast SEO plugin. -->","yoast_head_json":{"title":"Inspireerivad ideed - BusinessP\u00e4rnu","robots":{"index":"index","follow":"follow","max-snippet":"max-snippet:-1","max-image-preview":"max-image-preview:large","max-video-preview":"max-video-preview:-1"},"canonical":"https:\/\/visitparnu.com\/konverents\/inspireerivad-ideed\/","og_locale":"en_US","og_type":"article","og_title":"Inspireerivad ideed - BusinessP\u00e4rnu","og_description":"\u00dcks sihtkoht, piiramatult v\u00f5imalusi. P\u00e4rnu on ideaalne paik \u00e4rikohtumisteks ja meeskonna\u00fcritusteks igal aastaajal. Siin saab nautida inspireerivat keskkonda, rutiinivaba atmosf\u00e4\u00e4ri ja meeldej\u00e4\u00e4vaid elamusi. Oleme kokku pannud kolm n\u00e4idislahendust, mis aitavad sul planeerida seminari, koolitusp\u00e4eva v\u00f5i suurs\u00fcndmust keskkonnas, kus t\u00f6\u00f6 ja puhkus on loomulikus tasakaalus. Muuda oma meeskonnas\u00fcndmus eriliseks ja korralda seminar P\u00e4rnus. Siin s\u00fcnnivad ideed, [&hellip;]","og_url":"https:\/\/visitparnu.com\/konverents\/inspireerivad-ideed\/","og_site_name":"BusinessP\u00e4rnu","article_modified_time":"2025-11-05T17:39:52+00:00","og_image":[{"width":2000,"height":1333,"url":"https:\/\/visitparnu.com\/konverents\/wp-content\/uploads\/2025\/11\/Inspiratsiooniks1.webp","type":"image\/webp"}],"twitter_card":"summary_large_image","twitter_misc":{"Est. reading time":"1 minute"},"schema":{"@context":"https:\/\/schema.org","@graph":[{"@type":"WebPage","@id":"https:\/\/visitparnu.com\/konverents\/inspireerivad-ideed\/","url":"https:\/\/visitparnu.com\/konverents\/inspireerivad-ideed\/","name":"Inspireerivad ideed - BusinessP\u00e4rnu","isPartOf":{"@id":"https:\/\/visitparnu.com\/konverents\/#website"},"primaryImageOfPage":{"@id":"https:\/\/visitparnu.com\/konverents\/inspireerivad-ideed\/#primaryimage"},"image":{"@id":"https:\/\/visitparnu.com\/konverents\/inspireerivad-ideed\/#primaryimage"},"thumbnailUrl":"https:\/\/visitparnu.com\/konverents\/wp-content\/uploads\/2025\/11\/Inspiratsiooniks1.webp","datePublished":"2025-09-05T17:32:32+00:00","dateModified":"2025-11-05T17:39:52+00:00","breadcrumb":{"@id":"https:\/\/visitparnu.com\/konverents\/inspireerivad-ideed\/#breadcrumb"},"inLanguage":"en-US","potentialAction":[{"@type":"ReadAction","target":["https:\/\/visitparnu.com\/konverents\/inspireerivad-ideed\/"]}]},{"@type":"ImageObject","inLanguage":"en-US","@id":"https:\/\/visitparnu.com\/konverents\/inspireerivad-ideed\/#primaryimage","url":"https:\/\/visitparnu.com\/konverents\/wp-content\/uploads\/2025\/11\/Inspiratsiooniks1.webp","contentUrl":"https:\/\/visitparnu.com\/konverents\/wp-content\/uploads\/2025\/11\/Inspiratsiooniks1.webp","width":2000,"height":1333},{"@type":"BreadcrumbList","@id":"https:\/\/visitparnu.com\/konverents\/inspireerivad-ideed\/#breadcrumb","itemListElement":[{"@type":"ListItem","position":1,"name":"Home","item":"https:\/\/visitparnu.com\/konverents\/"},{"@type":"ListItem","position":2,"name":"Inspireerivad ideed"}]},{"@type":"WebSite","@id":"https:\/\/visitparnu.com\/konverents\/#website","url":"https:\/\/visitparnu.com\/konverents\/","name":"BusinessP\u00e4rnu","description":"J\u00e4rgmine WordPress veebileht","publisher":{"@id":"https:\/\/visitparnu.com\/konverents\/#organization"},"potentialAction":[{"@type":"SearchAction","target":{"@type":"EntryPoint","urlTemplate":"https:\/\/visitparnu.com\/konverents\/?s={search_term_string}"},"query-input":{"@type":"PropertyValueSpecification","valueRequired":true,"valueName":"search_term_string"}}],"inLanguage":"en-US"},{"@type":"Organization","@id":"https:\/\/visitparnu.com\/konverents\/#organization","name":"BusinessP\u00e4rnu","url":"https:\/\/visitparnu.com\/konverents\/","logo":{"@type":"ImageObject","inLanguage":"en-US","@id":"https:\/\/visitparnu.com\/konverents\/#\/schema\/logo\/image\/","url":"https:\/\/visitparnu.com\/konverents\/wp-content\/uploads\/2025\/07\/Logo-ver2.svg","contentUrl":"https:\/\/visitparnu.com\/konverents\/wp-content\/uploads\/2025\/07\/Logo-ver2.svg","width":1200,"height":517,"caption":"BusinessP\u00e4rnu"},"image":{"@id":"https:\/\/visitparnu.com\/konverents\/#\/schema\/logo\/image\/"}}]}},"_links":{"self":[{"href":"https:\/\/visitparnu.com\/konverents\/wp-json\/wp\/v2\/pages\/1849","targetHints":{"allow":["GET"]}}],"collection":[{"href":"https:\/\/visitparnu.com\/konverents\/wp-json\/wp\/v2\/pages"}],"about":[{"href":"https:\/\/visitparnu.com\/konverents\/wp-json\/wp\/v2\/types\/page"}],"author":[{"embeddable":true,"href":"https:\/\/visitparnu.com\/konverents\/wp-json\/wp\/v2\/users\/2"}],"replies":[{"embeddable":true,"href":"https:\/\/visitparnu.com\/konverents\/wp-json\/wp\/v2\/comments?post=1849"}],"version-history":[{"count":116,"href":"https:\/\/visitparnu.com\/konverents\/wp-json\/wp\/v2\/pages\/1849\/revisions"}],"predecessor-version":[{"id":6009,"href":"https:\/\/visitparnu.com\/konverents\/wp-json\/wp\/v2\/pages\/1849\/revisions\/6009"}],"wp:featuredmedia":[{"embeddable":true,"href":"https:\/\/visitparnu.com\/konverents\/wp-json\/wp\/v2\/media\/6006"}],"wp:attachment":[{"href":"https:\/\/visitparnu.com\/konverents\/wp-json\/wp\/v2\/media?parent=1849"}],"curies":[{"name":"wp","href":"https:\/\/api.w.org\/{rel}","templated":true}]}}