{"id":4963548,"date":"2023-05-05T10:31:16","date_gmt":"2023-05-05T08:31:16","guid":{"rendered":"https:\/\/visitparnu.com\/?page_id=4963548"},"modified":"2025-04-20T16:11:53","modified_gmt":"2025-04-20T14:11:53","slug":"arvonnan-saannot","status":"publish","type":"page","link":"https:\/\/visitparnu.com\/fi\/arvonnan-saannot\/","title":{"rendered":"Voita yksityislento ja VIP-p\u00e4iv\u00e4 P\u00e4rnussa 35 yst\u00e4v\u00e4si kanssa!"},"content":{"rendered":"\t\t<div data-elementor-type=\"wp-post\" data-elementor-id=\"4963548\" class=\"elementor elementor-4963548\" data-elementor-post-type=\"page\">\n\t\t\t\t\t\t<section class=\"elementor-section elementor-top-section elementor-element elementor-element-378c83db elementor-section-full_width elementor-section-height-default elementor-section-height-default\" data-id=\"378c83db\" data-element_type=\"section\" data-e-type=\"section\">\n\t\t\t\t\t\t<div class=\"elementor-container elementor-column-gap-default\">\n\t\t\t\t\t<div class=\"elementor-column elementor-col-100 elementor-top-column elementor-element elementor-element-2b9780ed\" data-id=\"2b9780ed\" data-element_type=\"column\" data-e-type=\"column\">\n\t\t\t<div class=\"elementor-widget-wrap elementor-element-populated\">\n\t\t\t\t\t\t<div class=\"elementor-element elementor-element-2a32670a elementor-widget elementor-widget-text-editor\" data-id=\"2a32670a\" data-element_type=\"widget\" data-e-type=\"widget\" data-widget_type=\"text-editor.default\">\n\t\t\t\t\t\t\t\t\t<h3>Arvonnan s\u00e4\u00e4n\u00f6t:<\/h3><ol><li><p>Osallistumisoikeus: Osallistuakseen arvontaan osallistujien tulee olla v\u00e4hint\u00e4\u00e4n 18-vuotiaita ja omistaa voimassa oleva passi tai id-kortti.\u00a0<\/p><\/li><li><p>Osallistuminen: Osallistuakseen arvontaan osallistujien tulee tyk\u00e4t\u00e4 VisitP\u00e4rnu Facebook-sivusta ja kommentoida alkuper\u00e4ist\u00e4 viesti\u00e4 kertoen mit\u00e4 he haluaisivat tutkia P\u00e4rnussa. Jokainen kommentti lasketaan yhdeksi arvontaan osallistumiseksi. Vinkkej\u00e4 voi l\u00f6yt\u00e4\u00e4 Visit P\u00e4rnun verkkosivuilta osoitteesta <a href=\"https:\/\/visitparnu.com\/\" target=\"_new\">www.visitparnu.com<\/a>.<\/p><\/li><li><p>Voittajan valinta: Voittaja valitaan satunnaisesti kaikkien osallistumiskelpoisten osallistujien kesken.<\/p><\/li><li><p>Palkinto: Palkinto sis\u00e4lt\u00e4\u00e4 <b>yksityislennon P\u00e4rnuun jopa 35 yst\u00e4v\u00e4n kanssa ja 2 &#8211; 4 tunnin mittaisen VIP-p\u00e4iv\u00e4n P\u00e4rnussa<\/b>. Palkinto ei sis\u00e4ll\u00e4 matkakuluja Helsinki-Vantaan lentokent\u00e4lle tai muita matkaan liittyvi\u00e4 kuluja. Palkintoa ei voi siirt\u00e4\u00e4 toiselle henkil\u00f6lle tai vaihtaa rahaksi tai mihink\u00e4\u00e4n muuhun palkintoon.<\/p><\/li><li>Voittajan seurueen tulee koostua voittajasta ja h\u00e4nen enint\u00e4\u00e4n 35 yst\u00e4v\u00e4st\u00e4\u00e4n, joilla kaikilla tulee olla voimassa oleva passi tai id-kortti. Jos matkaseurueeseen kuuluu my\u00f6s lapsia tai alaik\u00e4isi\u00e4, heid\u00e4n tulee olla aikuisten valvonnassa.<\/li><li><p>Voittajan ilmoitus: Voittaja ilmoitetaan suoraan sosiaalisen median viestiss\u00e4 24 tunnin kuluessa arvonnan p\u00e4\u00e4ttymisest\u00e4. Voittajalla on 48 tuntia aikaa vastata ilmoitukseen, tai uusi voittaja valitaan.<\/p><\/li><li><p>Julkisuus: Osallistumalla arvontaan osallistujat hyv\u00e4ksyv\u00e4t, ett\u00e4 Visit P\u00e4rnu voi k\u00e4ytt\u00e4\u00e4 heid\u00e4n nime\u00e4\u00e4n ja sosiaalisen median tunnustaan julkisuustarkoituksiin.<\/p><\/li><li><p>Aikataulu: Arvonta alkaa <b>08.05.2023<\/b> ja p\u00e4\u00e4ttyy <b>21.05.2023<\/b>. Voittaja ilmoitetaan <b>22.05.2023<\/b>.\u00a0<\/p><\/li><li><div class=\"group w-full text-gray-800 dark:text-gray-100 border-b border-black\/10 dark:border-gray-900\/50 bg-gray-50 dark:bg-[#444654]\"><div class=\"flex p-4 gap-4 text-base md:gap-6 md:max-w-2xl lg:max-w-xl xl:max-w-3xl md:py-6 lg:px-0 m-auto\"><div class=\"relative flex flex-col w-[calc(100%-50px)] gap-1 md:gap-3 lg:w-[calc(100%-115px)]\"><div class=\"flex flex-grow flex-col gap-3\"><div class=\"min-h-[20px] flex flex-col items-start gap-4 whitespace-pre-wrap break-words\"><div class=\"markdown prose w-full break-words dark:prose-invert light\"><p>Voittajan on toimitettava kampanjan j\u00e4rjest\u00e4j\u00e4lle voittajansa ja matkaseurueensa lista yhdess\u00e4 tarvittavien tietojen kanssa lentomatkaa varten sovitussa ajassa. <br \/>Voittajan matkap\u00e4iv\u00e4m\u00e4\u00e4r\u00e4 on <b>3.6.2023<\/b>. Tarkempi tieto lennon l\u00e4ht\u00f6ajasta ilmoitetaan my\u00f6hemmin.<\/p><\/div><\/div><\/div><\/div><\/div><\/div><\/li><li>Osallistumalla arvontaan voittaja ja h\u00e4nen matkakumppaninsa hyv\u00e4ksyv\u00e4t kuvauksen ja videokuvaamisen VIP-p\u00e4iv\u00e4n aikana. Visit P\u00e4rnu voi k\u00e4ytt\u00e4\u00e4 n\u00e4it\u00e4 kuvia ja videoita markkinointitarkoituksiin tulevaisuudessa.<\/li><li>Oikeudellinen vastuuvapauslauseke: Visit P\u00e4rnu pid\u00e4tt\u00e4\u00e4 oikeuden peruuttaa tai muokata arvontaa ja n\u00e4it\u00e4 s\u00e4\u00e4nt\u00f6j\u00e4 milloin tahansa ilman ennakkoilmoitusta. Arvonta on kaikkien soveltuvien lakien ja asetusten alainen. Kampanjan j\u00e4rjest\u00e4j\u00e4 ei ole vastuussa lennon peruuntumisesta tai siirt\u00e4misest\u00e4 s\u00e4\u00e4n, lakkojen yms. syiden vuoksi.<\/li><\/ol>\t\t\t\t\t\t\t\t<\/div>\n\t\t\t\t\t<\/div>\n\t\t<\/div>\n\t\t\t\t\t<\/div>\n\t\t<\/section>\n\t\t<div class=\"elementor-element elementor-element-a7196db e-flex e-con-boxed e-con e-parent\" data-id=\"a7196db\" data-element_type=\"container\" data-e-type=\"container\">\n\t\t\t\t\t<div class=\"e-con-inner\">\n\t\t\t\t<div class=\"elementor-element elementor-element-4bdf951 elementor-widget elementor-widget-image\" data-id=\"4bdf951\" data-element_type=\"widget\" data-e-type=\"widget\" data-widget_type=\"image.default\">\n\t\t\t\t\t\t\t\t\t\t\t\t<figure class=\"wp-caption\">\n\t\t\t\t\t\t\t\t\t\t<img fetchpriority=\"high\" decoding=\"async\" width=\"1024\" height=\"683\" src=\"https:\/\/visitparnu.com\/wp-content\/uploads\/2023\/05\/iStock-1398256999-1024x683.jpg\" class=\"attachment-large size-large wp-image-4963597\" alt=\"\" srcset=\"https:\/\/visitparnu.com\/wp-content\/uploads\/2023\/05\/iStock-1398256999-1024x683.jpg 1024w, https:\/\/visitparnu.com\/wp-content\/uploads\/2023\/05\/iStock-1398256999-300x200.jpg 300w, https:\/\/visitparnu.com\/wp-content\/uploads\/2023\/05\/iStock-1398256999-768x512.jpg 768w, https:\/\/visitparnu.com\/wp-content\/uploads\/2023\/05\/iStock-1398256999-1536x1024.jpg 1536w, https:\/\/visitparnu.com\/wp-content\/uploads\/2023\/05\/iStock-1398256999-2048x1365.jpg 2048w\" sizes=\"(max-width: 1024px) 100vw, 1024px\" \/>\t\t\t\t\t\t\t\t\t\t\t<figcaption class=\"widget-image-caption wp-caption-text\"><\/figcaption>\n\t\t\t\t\t\t\t\t\t\t<\/figure>\n\t\t\t\t\t\t\t\t\t<\/div>\n\t\t\t\t\t<\/div>\n\t\t\t\t<\/div>\n\t\t\t\t<\/div>\n\t\t","protected":false},"excerpt":{"rendered":"<p>Arvonnan s\u00e4\u00e4n\u00f6t: Osallistumisoikeus: Osallistuakseen arvontaan osallistujien tulee olla v\u00e4hint\u00e4\u00e4n 18-vuotiaita ja omistaa voimassa oleva passi tai id-kortti.\u00a0 Osallistuminen: Osallistuakseen arvontaan osallistujien tulee tyk\u00e4t\u00e4 VisitP\u00e4rnu Facebook-sivusta ja kommentoida alkuper\u00e4ist\u00e4 viesti\u00e4 kertoen mit\u00e4 he haluaisivat tutkia P\u00e4rnussa. Jokainen kommentti lasketaan yhdeksi arvontaan osallistumiseksi. Vinkkej\u00e4 voi l\u00f6yt\u00e4\u00e4 Visit P\u00e4rnun verkkosivuilta osoitteesta www.visitparnu.com. Voittajan valinta: Voittaja valitaan satunnaisesti kaikkien [&hellip;]<\/p>\n","protected":false},"author":8,"featured_media":4963587,"parent":0,"menu_order":0,"comment_status":"closed","ping_status":"closed","template":"","meta":{"_acf_changed":false,"footnotes":""},"class_list":["post-4963548","page","type-page","status-publish","has-post-thumbnail","hentry"],"acf":[],"yoast_head":"<!-- This site is optimized with the Yoast SEO plugin v27.3 - https:\/\/yoast.com\/product\/yoast-seo-wordpress\/ -->\n<title>Voita yksityislento ja VIP-p\u00e4iv\u00e4 P\u00e4rnussa 35 yst\u00e4v\u00e4si kanssa! - Visit P\u00e4rnu<\/title>\n<meta name=\"robots\" content=\"index, follow, max-snippet:-1, max-image-preview:large, max-video-preview:-1\" \/>\n<link rel=\"canonical\" href=\"https:\/\/visitparnu.com\/fi\/arvonnan-saannot\/\" \/>\n<meta property=\"og:locale\" content=\"fi_FI\" \/>\n<meta property=\"og:type\" content=\"article\" \/>\n<meta property=\"og:title\" content=\"Voita yksityislento ja VIP-p\u00e4iv\u00e4 P\u00e4rnussa 35 yst\u00e4v\u00e4si kanssa! - Visit P\u00e4rnu\" \/>\n<meta property=\"og:description\" content=\"Arvonnan s\u00e4\u00e4n\u00f6t: Osallistumisoikeus: Osallistuakseen arvontaan osallistujien tulee olla v\u00e4hint\u00e4\u00e4n 18-vuotiaita ja omistaa voimassa oleva passi tai id-kortti.\u00a0 Osallistuminen: Osallistuakseen arvontaan osallistujien tulee tyk\u00e4t\u00e4 VisitP\u00e4rnu Facebook-sivusta ja kommentoida alkuper\u00e4ist\u00e4 viesti\u00e4 kertoen mit\u00e4 he haluaisivat tutkia P\u00e4rnussa. Jokainen kommentti lasketaan yhdeksi arvontaan osallistumiseksi. Vinkkej\u00e4 voi l\u00f6yt\u00e4\u00e4 Visit P\u00e4rnun verkkosivuilta osoitteesta www.visitparnu.com. Voittajan valinta: Voittaja valitaan satunnaisesti kaikkien [&hellip;]\" \/>\n<meta property=\"og:url\" content=\"https:\/\/visitparnu.com\/fi\/arvonnan-saannot\/\" \/>\n<meta property=\"og:site_name\" content=\"Visit P\u00e4rnu\" \/>\n<meta property=\"article:publisher\" content=\"https:\/\/www.facebook.com\/visitparnuEE\/\" \/>\n<meta property=\"article:modified_time\" content=\"2025-04-20T14:11:53+00:00\" \/>\n<meta property=\"og:image\" content=\"https:\/\/visitparnu.com\/wp-content\/uploads\/2023\/05\/52577816418_cd66aca5c5_k.jpg\" \/>\n\t<meta property=\"og:image:width\" content=\"2047\" \/>\n\t<meta property=\"og:image:height\" content=\"1264\" \/>\n\t<meta property=\"og:image:type\" content=\"image\/jpeg\" \/>\n<meta name=\"twitter:card\" content=\"summary_large_image\" \/>\n<meta name=\"twitter:label1\" content=\"Arvioitu lukuaika\" \/>\n\t<meta name=\"twitter:data1\" content=\"2 minuuttia\" \/>\n<script type=\"application\/ld+json\" class=\"yoast-schema-graph\">{\"@context\":\"https:\\\/\\\/schema.org\",\"@graph\":[{\"@type\":\"WebPage\",\"@id\":\"https:\\\/\\\/visitparnu.com\\\/fi\\\/arvonnan-saannot\\\/\",\"url\":\"https:\\\/\\\/visitparnu.com\\\/fi\\\/arvonnan-saannot\\\/\",\"name\":\"Voita yksityislento ja VIP-p\u00e4iv\u00e4 P\u00e4rnussa 35 yst\u00e4v\u00e4si kanssa! - Visit P\u00e4rnu\",\"isPartOf\":{\"@id\":\"https:\\\/\\\/visitparnu.com\\\/fi\\\/#website\"},\"primaryImageOfPage\":{\"@id\":\"https:\\\/\\\/visitparnu.com\\\/fi\\\/arvonnan-saannot\\\/#primaryimage\"},\"image\":{\"@id\":\"https:\\\/\\\/visitparnu.com\\\/fi\\\/arvonnan-saannot\\\/#primaryimage\"},\"thumbnailUrl\":\"https:\\\/\\\/visitparnu.com\\\/wp-content\\\/uploads\\\/2023\\\/05\\\/52577816418_cd66aca5c5_k.jpg\",\"datePublished\":\"2023-05-05T08:31:16+00:00\",\"dateModified\":\"2025-04-20T14:11:53+00:00\",\"breadcrumb\":{\"@id\":\"https:\\\/\\\/visitparnu.com\\\/fi\\\/arvonnan-saannot\\\/#breadcrumb\"},\"inLanguage\":\"fi\",\"potentialAction\":[{\"@type\":\"ReadAction\",\"target\":[\"https:\\\/\\\/visitparnu.com\\\/fi\\\/arvonnan-saannot\\\/\"]}]},{\"@type\":\"ImageObject\",\"inLanguage\":\"fi\",\"@id\":\"https:\\\/\\\/visitparnu.com\\\/fi\\\/arvonnan-saannot\\\/#primaryimage\",\"url\":\"https:\\\/\\\/visitparnu.com\\\/wp-content\\\/uploads\\\/2023\\\/05\\\/52577816418_cd66aca5c5_k.jpg\",\"contentUrl\":\"https:\\\/\\\/visitparnu.com\\\/wp-content\\\/uploads\\\/2023\\\/05\\\/52577816418_cd66aca5c5_k.jpg\",\"width\":2047,\"height\":1264},{\"@type\":\"BreadcrumbList\",\"@id\":\"https:\\\/\\\/visitparnu.com\\\/fi\\\/arvonnan-saannot\\\/#breadcrumb\",\"itemListElement\":[{\"@type\":\"ListItem\",\"position\":1,\"name\":\"\",\"item\":\"https:\\\/\\\/visitparnu.com\\\/fi\\\/\"},{\"@type\":\"ListItem\",\"position\":2,\"name\":\"Voita yksityislento ja VIP-p\u00e4iv\u00e4 P\u00e4rnussa 35 yst\u00e4v\u00e4si kanssa!\"}]},{\"@type\":\"WebSite\",\"@id\":\"https:\\\/\\\/visitparnu.com\\\/fi\\\/#website\",\"url\":\"https:\\\/\\\/visitparnu.com\\\/fi\\\/\",\"name\":\"Visit P\u00e4rnu\",\"description\":\"\",\"publisher\":{\"@id\":\"https:\\\/\\\/visitparnu.com\\\/fi\\\/#organization\"},\"potentialAction\":[{\"@type\":\"SearchAction\",\"target\":{\"@type\":\"EntryPoint\",\"urlTemplate\":\"https:\\\/\\\/visitparnu.com\\\/fi\\\/?s={search_term_string}\"},\"query-input\":{\"@type\":\"PropertyValueSpecification\",\"valueRequired\":true,\"valueName\":\"search_term_string\"}}],\"inLanguage\":\"fi\"},{\"@type\":\"Organization\",\"@id\":\"https:\\\/\\\/visitparnu.com\\\/fi\\\/#organization\",\"name\":\"Visit P\u00e4rnu\",\"url\":\"https:\\\/\\\/visitparnu.com\\\/fi\\\/\",\"logo\":{\"@type\":\"ImageObject\",\"inLanguage\":\"fi\",\"@id\":\"https:\\\/\\\/visitparnu.com\\\/fi\\\/#\\\/schema\\\/logo\\\/image\\\/\",\"url\":\"https:\\\/\\\/visitparnu.com\\\/wp-content\\\/uploads\\\/2022\\\/11\\\/VP_logo.svg\",\"contentUrl\":\"https:\\\/\\\/visitparnu.com\\\/wp-content\\\/uploads\\\/2022\\\/11\\\/VP_logo.svg\",\"width\":305,\"height\":33,\"caption\":\"Visit P\u00e4rnu\"},\"image\":{\"@id\":\"https:\\\/\\\/visitparnu.com\\\/fi\\\/#\\\/schema\\\/logo\\\/image\\\/\"},\"sameAs\":[\"https:\\\/\\\/www.facebook.com\\\/visitparnuEE\\\/\",\"https:\\\/\\\/www.youtube.com\\\/user\\\/visitparnuestonia\\\/\",\"https:\\\/\\\/www.instagram.com\\\/visitparnu\\\/\"]}]}<\/script>\n<!-- \/ Yoast SEO plugin. -->","yoast_head_json":{"title":"Voita yksityislento ja VIP-p\u00e4iv\u00e4 P\u00e4rnussa 35 yst\u00e4v\u00e4si kanssa! - Visit P\u00e4rnu","robots":{"index":"index","follow":"follow","max-snippet":"max-snippet:-1","max-image-preview":"max-image-preview:large","max-video-preview":"max-video-preview:-1"},"canonical":"https:\/\/visitparnu.com\/fi\/arvonnan-saannot\/","og_locale":"fi_FI","og_type":"article","og_title":"Voita yksityislento ja VIP-p\u00e4iv\u00e4 P\u00e4rnussa 35 yst\u00e4v\u00e4si kanssa! - Visit P\u00e4rnu","og_description":"Arvonnan s\u00e4\u00e4n\u00f6t: Osallistumisoikeus: Osallistuakseen arvontaan osallistujien tulee olla v\u00e4hint\u00e4\u00e4n 18-vuotiaita ja omistaa voimassa oleva passi tai id-kortti.\u00a0 Osallistuminen: Osallistuakseen arvontaan osallistujien tulee tyk\u00e4t\u00e4 VisitP\u00e4rnu Facebook-sivusta ja kommentoida alkuper\u00e4ist\u00e4 viesti\u00e4 kertoen mit\u00e4 he haluaisivat tutkia P\u00e4rnussa. Jokainen kommentti lasketaan yhdeksi arvontaan osallistumiseksi. Vinkkej\u00e4 voi l\u00f6yt\u00e4\u00e4 Visit P\u00e4rnun verkkosivuilta osoitteesta www.visitparnu.com. Voittajan valinta: Voittaja valitaan satunnaisesti kaikkien [&hellip;]","og_url":"https:\/\/visitparnu.com\/fi\/arvonnan-saannot\/","og_site_name":"Visit P\u00e4rnu","article_publisher":"https:\/\/www.facebook.com\/visitparnuEE\/","article_modified_time":"2025-04-20T14:11:53+00:00","og_image":[{"width":2047,"height":1264,"url":"https:\/\/visitparnu.com\/wp-content\/uploads\/2023\/05\/52577816418_cd66aca5c5_k.jpg","type":"image\/jpeg"}],"twitter_card":"summary_large_image","twitter_misc":{"Arvioitu lukuaika":"2 minuuttia"},"schema":{"@context":"https:\/\/schema.org","@graph":[{"@type":"WebPage","@id":"https:\/\/visitparnu.com\/fi\/arvonnan-saannot\/","url":"https:\/\/visitparnu.com\/fi\/arvonnan-saannot\/","name":"Voita yksityislento ja VIP-p\u00e4iv\u00e4 P\u00e4rnussa 35 yst\u00e4v\u00e4si kanssa! - Visit P\u00e4rnu","isPartOf":{"@id":"https:\/\/visitparnu.com\/fi\/#website"},"primaryImageOfPage":{"@id":"https:\/\/visitparnu.com\/fi\/arvonnan-saannot\/#primaryimage"},"image":{"@id":"https:\/\/visitparnu.com\/fi\/arvonnan-saannot\/#primaryimage"},"thumbnailUrl":"https:\/\/visitparnu.com\/wp-content\/uploads\/2023\/05\/52577816418_cd66aca5c5_k.jpg","datePublished":"2023-05-05T08:31:16+00:00","dateModified":"2025-04-20T14:11:53+00:00","breadcrumb":{"@id":"https:\/\/visitparnu.com\/fi\/arvonnan-saannot\/#breadcrumb"},"inLanguage":"fi","potentialAction":[{"@type":"ReadAction","target":["https:\/\/visitparnu.com\/fi\/arvonnan-saannot\/"]}]},{"@type":"ImageObject","inLanguage":"fi","@id":"https:\/\/visitparnu.com\/fi\/arvonnan-saannot\/#primaryimage","url":"https:\/\/visitparnu.com\/wp-content\/uploads\/2023\/05\/52577816418_cd66aca5c5_k.jpg","contentUrl":"https:\/\/visitparnu.com\/wp-content\/uploads\/2023\/05\/52577816418_cd66aca5c5_k.jpg","width":2047,"height":1264},{"@type":"BreadcrumbList","@id":"https:\/\/visitparnu.com\/fi\/arvonnan-saannot\/#breadcrumb","itemListElement":[{"@type":"ListItem","position":1,"name":"","item":"https:\/\/visitparnu.com\/fi\/"},{"@type":"ListItem","position":2,"name":"Voita yksityislento ja VIP-p\u00e4iv\u00e4 P\u00e4rnussa 35 yst\u00e4v\u00e4si kanssa!"}]},{"@type":"WebSite","@id":"https:\/\/visitparnu.com\/fi\/#website","url":"https:\/\/visitparnu.com\/fi\/","name":"Visit P\u00e4rnu","description":"","publisher":{"@id":"https:\/\/visitparnu.com\/fi\/#organization"},"potentialAction":[{"@type":"SearchAction","target":{"@type":"EntryPoint","urlTemplate":"https:\/\/visitparnu.com\/fi\/?s={search_term_string}"},"query-input":{"@type":"PropertyValueSpecification","valueRequired":true,"valueName":"search_term_string"}}],"inLanguage":"fi"},{"@type":"Organization","@id":"https:\/\/visitparnu.com\/fi\/#organization","name":"Visit P\u00e4rnu","url":"https:\/\/visitparnu.com\/fi\/","logo":{"@type":"ImageObject","inLanguage":"fi","@id":"https:\/\/visitparnu.com\/fi\/#\/schema\/logo\/image\/","url":"https:\/\/visitparnu.com\/wp-content\/uploads\/2022\/11\/VP_logo.svg","contentUrl":"https:\/\/visitparnu.com\/wp-content\/uploads\/2022\/11\/VP_logo.svg","width":305,"height":33,"caption":"Visit P\u00e4rnu"},"image":{"@id":"https:\/\/visitparnu.com\/fi\/#\/schema\/logo\/image\/"},"sameAs":["https:\/\/www.facebook.com\/visitparnuEE\/","https:\/\/www.youtube.com\/user\/visitparnuestonia\/","https:\/\/www.instagram.com\/visitparnu\/"]}]}},"_links":{"self":[{"href":"https:\/\/visitparnu.com\/fi\/wp-json\/wp\/v2\/pages\/4963548","targetHints":{"allow":["GET"]}}],"collection":[{"href":"https:\/\/visitparnu.com\/fi\/wp-json\/wp\/v2\/pages"}],"about":[{"href":"https:\/\/visitparnu.com\/fi\/wp-json\/wp\/v2\/types\/page"}],"author":[{"embeddable":true,"href":"https:\/\/visitparnu.com\/fi\/wp-json\/wp\/v2\/users\/8"}],"replies":[{"embeddable":true,"href":"https:\/\/visitparnu.com\/fi\/wp-json\/wp\/v2\/comments?post=4963548"}],"version-history":[{"count":39,"href":"https:\/\/visitparnu.com\/fi\/wp-json\/wp\/v2\/pages\/4963548\/revisions"}],"predecessor-version":[{"id":5048878,"href":"https:\/\/visitparnu.com\/fi\/wp-json\/wp\/v2\/pages\/4963548\/revisions\/5048878"}],"wp:featuredmedia":[{"embeddable":true,"href":"https:\/\/visitparnu.com\/fi\/wp-json\/wp\/v2\/media\/4963587"}],"wp:attachment":[{"href":"https:\/\/visitparnu.com\/fi\/wp-json\/wp\/v2\/media?parent=4963548"}],"curies":[{"name":"wp","href":"https:\/\/api.w.org\/{rel}","templated":true}]}}