{"id":4947434,"date":"2018-10-15T11:51:01","date_gmt":"2018-10-15T09:51:01","guid":{"rendered":"https:\/\/visitparnu.com\/venajankielinen\/"},"modified":"2023-02-17T09:47:27","modified_gmt":"2023-02-17T07:47:27","slug":"venajankielinen","status":"publish","type":"page","link":"https:\/\/visitparnu.com\/fi\/oppaiden-yhteystiedot\/venajankielinen\/","title":{"rendered":"Ven\u00e4j\u00e4nkielinen"},"content":{"rendered":"\t\t<div data-elementor-type=\"wp-post\" data-elementor-id=\"4947434\" class=\"elementor elementor-4947434 elementor-4938124\" data-elementor-post-type=\"page\">\n\t\t\t\t<div class=\"elementor-element elementor-element-fecba2e e-con-full e-flex e-con e-parent\" data-id=\"fecba2e\" data-element_type=\"container\" data-e-type=\"container\">\n\t\t<div class=\"elementor-element elementor-element-3066fb1 e-con-full e-flex e-con e-parent\" data-id=\"3066fb1\" data-element_type=\"container\" data-e-type=\"container\">\n\t\t<div class=\"elementor-element elementor-element-96f370b e-con-full e-flex e-con e-parent\" data-id=\"96f370b\" data-element_type=\"container\" data-e-type=\"container\">\n\t\t\t\t<div class=\"elementor-element elementor-element-383bcd3 elementor-widget elementor-widget-image\" data-id=\"383bcd3\" data-element_type=\"widget\" data-e-type=\"widget\" data-widget_type=\"image.default\">\n\t\t\t\t\t\t\t\t\t\t\t\t<figure class=\"wp-caption\">\n\t\t\t\t\t\t\t\t\t\t<img fetchpriority=\"high\" decoding=\"async\" width=\"200\" height=\"300\" src=\"https:\/\/visitparnu.com\/wp-content\/uploads\/2022\/11\/Veronika-Meibaum-200x300.jpg\" class=\"attachment-medium size-medium wp-image-4918817\" alt=\"\" srcset=\"https:\/\/visitparnu.com\/wp-content\/uploads\/2022\/11\/Veronika-Meibaum-200x300.jpg 200w, https:\/\/visitparnu.com\/wp-content\/uploads\/2022\/11\/Veronika-Meibaum.jpg 300w\" sizes=\"(max-width: 200px) 100vw, 200px\" \/>\t\t\t\t\t\t\t\t\t\t\t<figcaption class=\"widget-image-caption wp-caption-text\">Veronika Meibaum <br> <a href=\"tel:+372 5595 8038\"> +372 5595 8038<\/a> <br> <a href=\"mailto:veronika.meibaum@gmail.com\"> veronika.meibaum@gmail.com<\/a> <br> Kielet: viro, englanti, ven\u00e4j\u00e4 <br> Harrastukset: matkustaminen, historia, kansankulttuuri<\/figcaption>\n\t\t\t\t\t\t\t\t\t\t<\/figure>\n\t\t\t\t\t\t\t\t\t<\/div>\n\t\t\t\t<\/div>\n\t\t<div class=\"elementor-element elementor-element-0dec314 e-con-full e-flex e-con e-parent\" data-id=\"0dec314\" data-element_type=\"container\" data-e-type=\"container\">\n\t\t\t\t<div class=\"elementor-element elementor-element-336bca0 elementor-widget elementor-widget-image\" data-id=\"336bca0\" data-element_type=\"widget\" data-e-type=\"widget\" data-widget_type=\"image.default\">\n\t\t\t\t\t\t\t\t\t\t\t\t<figure class=\"wp-caption\">\n\t\t\t\t\t\t\t\t\t\t<img decoding=\"async\" width=\"200\" height=\"300\" src=\"https:\/\/visitparnu.com\/wp-content\/uploads\/2022\/11\/Marina-Salundi-200x300.jpg\" class=\"attachment-medium size-medium wp-image-4918821\" alt=\"\" srcset=\"https:\/\/visitparnu.com\/wp-content\/uploads\/2022\/11\/Marina-Salundi-200x300.jpg 200w, https:\/\/visitparnu.com\/wp-content\/uploads\/2022\/11\/Marina-Salundi.jpg 300w\" sizes=\"(max-width: 200px) 100vw, 200px\" \/>\t\t\t\t\t\t\t\t\t\t\t<figcaption class=\"widget-image-caption wp-caption-text\">Marina Salundi <br> <a href=\"tel:+372 5854 5338\"> +372 5854 5338<\/a> <br> <a href=\"mailto:marina.salundi@mail.ee\"> marina.salundi@mail.ee<\/a>  <br> Kielet: viro, ven\u00e4j\u00e4 <br> Harrastukset: historia, astrologia<\/figcaption>\n\t\t\t\t\t\t\t\t\t\t<\/figure>\n\t\t\t\t\t\t\t\t\t<\/div>\n\t\t\t\t<\/div>\n\t\t<div class=\"elementor-element elementor-element-80e4ab7 e-con-full e-flex e-con e-parent\" data-id=\"80e4ab7\" data-element_type=\"container\" data-e-type=\"container\">\n\t\t\t\t<div class=\"elementor-element elementor-element-7f276b9 elementor-widget elementor-widget-image\" data-id=\"7f276b9\" data-element_type=\"widget\" data-e-type=\"widget\" data-widget_type=\"image.default\">\n\t\t\t\t\t\t\t\t\t\t\t\t<figure class=\"wp-caption\">\n\t\t\t\t\t\t\t\t\t\t<img decoding=\"async\" width=\"200\" height=\"300\" src=\"https:\/\/visitparnu.com\/wp-content\/uploads\/2022\/11\/Anu-2-200x300.jpg\" class=\"attachment-medium size-medium wp-image-4918829\" alt=\"\" srcset=\"https:\/\/visitparnu.com\/wp-content\/uploads\/2022\/11\/Anu-2-200x300.jpg 200w, https:\/\/visitparnu.com\/wp-content\/uploads\/2022\/11\/Anu-2.jpg 300w\" sizes=\"(max-width: 200px) 100vw, 200px\" \/>\t\t\t\t\t\t\t\t\t\t\t<figcaption class=\"widget-image-caption wp-caption-text\">Anu Assu <br> <a href=\"tel:+372 447 3411\">  +372 447 3411<\/a> <br>  <a href=\"mailto:anu.assu24@gmail.com\"> anu.assu24@gmail.com<\/a>   <br> Kielet: viro, ven\u00e4j\u00e4 <br> Harrastukset:paikallinen historia, k\u00e4sity\u00f6, luonto<\/figcaption>\n\t\t\t\t\t\t\t\t\t\t<\/figure>\n\t\t\t\t\t\t\t\t\t<\/div>\n\t\t\t\t<\/div>\n\t\t<div class=\"elementor-element elementor-element-805108f e-con-full e-flex e-con e-parent\" data-id=\"805108f\" data-element_type=\"container\" data-e-type=\"container\">\n\t\t\t\t<div class=\"elementor-element elementor-element-d63a265 elementor-widget elementor-widget-image\" data-id=\"d63a265\" data-element_type=\"widget\" data-e-type=\"widget\" data-widget_type=\"image.default\">\n\t\t\t\t\t\t\t\t\t\t\t\t<figure class=\"wp-caption\">\n\t\t\t\t\t\t\t\t\t\t<img loading=\"lazy\" decoding=\"async\" width=\"200\" height=\"300\" src=\"https:\/\/visitparnu.com\/wp-content\/uploads\/2022\/11\/Anna-200x300.jpg\" class=\"attachment-medium size-medium wp-image-4918837\" alt=\"\" srcset=\"https:\/\/visitparnu.com\/wp-content\/uploads\/2022\/11\/Anna-200x300.jpg 200w, https:\/\/visitparnu.com\/wp-content\/uploads\/2022\/11\/Anna.jpg 300w\" sizes=\"(max-width: 200px) 100vw, 200px\" \/>\t\t\t\t\t\t\t\t\t\t\t<figcaption class=\"widget-image-caption wp-caption-text\">Anna Kasak <br> <a href=\"tel:+372 5650 9716\"> +372 5650 9716<\/a> <br><a href=\"mailto:info@riverrose.eu\">  info@riverrose.eu<\/a>  <br> Kielet: viro, saksa, ven\u00e4j\u00e4 <br> Harrastukset: puutarhan hoito, historia<\/figcaption>\n\t\t\t\t\t\t\t\t\t\t<\/figure>\n\t\t\t\t\t\t\t\t\t<\/div>\n\t\t\t\t<\/div>\n\t\t\t\t<\/div>\n\t\t<div class=\"elementor-element elementor-element-f61be74 e-con-full e-flex e-con e-parent\" data-id=\"f61be74\" data-element_type=\"container\" data-e-type=\"container\">\n\t\t<div class=\"elementor-element elementor-element-080d7a5 e-con-full e-flex e-con e-parent\" data-id=\"080d7a5\" data-element_type=\"container\" data-e-type=\"container\">\n\t\t\t\t<div class=\"elementor-element elementor-element-afa102a elementor-widget elementor-widget-image\" data-id=\"afa102a\" data-element_type=\"widget\" data-e-type=\"widget\" data-widget_type=\"image.default\">\n\t\t\t\t\t\t\t\t\t\t\t\t<figure class=\"wp-caption\">\n\t\t\t\t\t\t\t\t\t\t<img loading=\"lazy\" decoding=\"async\" width=\"200\" height=\"300\" src=\"https:\/\/visitparnu.com\/wp-content\/uploads\/2022\/12\/Ljubov-2-200x300.jpg\" class=\"attachment-medium size-medium wp-image-4937226\" alt=\"\" srcset=\"https:\/\/visitparnu.com\/wp-content\/uploads\/2022\/12\/Ljubov-2-200x300.jpg 200w, https:\/\/visitparnu.com\/wp-content\/uploads\/2022\/12\/Ljubov-2.jpg 300w\" sizes=\"(max-width: 200px) 100vw, 200px\" \/>\t\t\t\t\t\t\t\t\t\t\t<figcaption class=\"widget-image-caption wp-caption-text\">Ljubov Petrova <br> <a href=\"tel:+372 517 0517\">  +372 517 0517<\/a> <br><a href=\"mailto:ljubovpetrova@hotmail.com\"> ljubovpetrova@hotmail.com<\/a>   <br> Kielet: ven\u00e4j\u00e4 <br> Harrastukset: kansantanssi, k\u00e4sity\u00f6<\/figcaption>\n\t\t\t\t\t\t\t\t\t\t<\/figure>\n\t\t\t\t\t\t\t\t\t<\/div>\n\t\t\t\t<\/div>\n\t\t<div class=\"elementor-element elementor-element-3960833 e-con-full e-flex e-con e-parent\" data-id=\"3960833\" data-element_type=\"container\" data-e-type=\"container\">\n\t\t\t\t<div class=\"elementor-element elementor-element-90bf2e0 elementor-widget elementor-widget-image\" data-id=\"90bf2e0\" data-element_type=\"widget\" data-e-type=\"widget\" data-widget_type=\"image.default\">\n\t\t\t\t\t\t\t\t\t\t\t\t<figure class=\"wp-caption\">\n\t\t\t\t\t\t\t\t\t\t<img loading=\"lazy\" decoding=\"async\" width=\"200\" height=\"300\" src=\"https:\/\/visitparnu.com\/wp-content\/uploads\/2022\/11\/Imbi-2-200x300.jpg\" class=\"attachment-medium size-medium wp-image-4918832\" alt=\"\" srcset=\"https:\/\/visitparnu.com\/wp-content\/uploads\/2022\/11\/Imbi-2-200x300.jpg 200w, https:\/\/visitparnu.com\/wp-content\/uploads\/2022\/11\/Imbi-2.jpg 300w\" sizes=\"(max-width: 200px) 100vw, 200px\" \/>\t\t\t\t\t\t\t\t\t\t\t<figcaption class=\"widget-image-caption wp-caption-text\">Imbi Vesik <br> <a href=\"tel:+372 565 9225\">  +372 565 9225 <\/a> <br><a href=\"mailto:imbi.vesik@gmail.com\"> imbi.vesik@gmail.com<\/a>   <br> Kielet: viro, ven\u00e4j\u00e4, rootsi <br> Harrastukset: luonto, kielet<\/figcaption>\n\t\t\t\t\t\t\t\t\t\t<\/figure>\n\t\t\t\t\t\t\t\t\t<\/div>\n\t\t\t\t<\/div>\n\t\t<div class=\"elementor-element elementor-element-854c2e5 e-con-full e-flex e-con e-parent\" data-id=\"854c2e5\" data-element_type=\"container\" data-e-type=\"container\">\n\t\t\t\t<\/div>\n\t\t<div class=\"elementor-element elementor-element-b8f11f5 e-con-full e-flex e-con e-parent\" data-id=\"b8f11f5\" data-element_type=\"container\" data-e-type=\"container\">\n\t\t\t\t<\/div>\n\t\t\t\t<\/div>\n\t\t\t\t<\/div>\n\t\t\t\t<\/div>\n\t\t","protected":false},"excerpt":{"rendered":"<p>Veronika Meibaum +372 5595 8038 veronika.meibaum@gmail.com Kielet: viro, englanti, ven\u00e4j\u00e4 Harrastukset: matkustaminen, historia, kansankulttuuri Marina Salundi +372 5854 5338 marina.salundi@mail.ee Kielet: viro, ven\u00e4j\u00e4 Harrastukset: historia, astrologia Anu Assu +372 447 3411 anu.assu24@gmail.com Kielet: viro, ven\u00e4j\u00e4 Harrastukset:paikallinen historia, k\u00e4sity\u00f6, luonto Anna Kasak +372 5650 9716 info@riverrose.eu Kielet: viro, saksa, ven\u00e4j\u00e4 Harrastukset: puutarhan hoito, historia Ljubov Petrova [&hellip;]<\/p>\n","protected":false},"author":1,"featured_media":4956938,"parent":4937034,"menu_order":4,"comment_status":"closed","ping_status":"closed","template":"","meta":{"_acf_changed":false,"footnotes":""},"class_list":["post-4947434","page","type-page","status-publish","has-post-thumbnail","hentry"],"acf":[],"yoast_head":"<!-- This site is optimized with the Yoast SEO plugin v27.3 - https:\/\/yoast.com\/product\/yoast-seo-wordpress\/ -->\n<title>Ven\u00e4j\u00e4nkielinen - Visit P\u00e4rnu<\/title>\n<meta name=\"robots\" content=\"index, follow, max-snippet:-1, max-image-preview:large, max-video-preview:-1\" \/>\n<link rel=\"canonical\" href=\"https:\/\/visitparnu.com\/fi\/oppaiden-yhteystiedot\/venajankielinen\/\" \/>\n<meta property=\"og:locale\" content=\"fi_FI\" \/>\n<meta property=\"og:type\" content=\"article\" \/>\n<meta property=\"og:title\" content=\"Ven\u00e4j\u00e4nkielinen - Visit P\u00e4rnu\" \/>\n<meta property=\"og:description\" content=\"Veronika Meibaum +372 5595 8038 veronika.meibaum@gmail.com Kielet: viro, englanti, ven\u00e4j\u00e4 Harrastukset: matkustaminen, historia, kansankulttuuri Marina Salundi +372 5854 5338 marina.salundi@mail.ee Kielet: viro, ven\u00e4j\u00e4 Harrastukset: historia, astrologia Anu Assu +372 447 3411 anu.assu24@gmail.com Kielet: viro, ven\u00e4j\u00e4 Harrastukset:paikallinen historia, k\u00e4sity\u00f6, luonto Anna Kasak +372 5650 9716 info@riverrose.eu Kielet: viro, saksa, ven\u00e4j\u00e4 Harrastukset: puutarhan hoito, historia Ljubov Petrova [&hellip;]\" \/>\n<meta property=\"og:url\" content=\"https:\/\/visitparnu.com\/fi\/oppaiden-yhteystiedot\/venajankielinen\/\" \/>\n<meta property=\"og:site_name\" content=\"Visit P\u00e4rnu\" \/>\n<meta property=\"article:publisher\" content=\"https:\/\/www.facebook.com\/visitparnuEE\/\" \/>\n<meta property=\"article:published_time\" content=\"2018-10-15T09:51:01+00:00\" \/>\n<meta property=\"article:modified_time\" content=\"2023-02-17T07:47:27+00:00\" \/>\n<meta property=\"og:image\" content=\"https:\/\/visitparnu.com\/wp-content\/uploads\/2018\/10\/giidid-parnu-rus.png\" \/>\n\t<meta property=\"og:image:width\" content=\"1730\" \/>\n\t<meta property=\"og:image:height\" content=\"783\" \/>\n\t<meta property=\"og:image:type\" content=\"image\/png\" \/>\n<meta name=\"author\" content=\"peeter\" \/>\n<meta name=\"twitter:card\" content=\"summary_large_image\" \/>\n<meta name=\"twitter:label1\" content=\"Kirjoittanut\" \/>\n\t<meta name=\"twitter:data1\" content=\"peeter\" \/>\n\t<meta name=\"twitter:label2\" content=\"Arvioitu lukuaika\" \/>\n\t<meta name=\"twitter:data2\" content=\"2 minuuttia\" \/>\n<script type=\"application\/ld+json\" class=\"yoast-schema-graph\">{\"@context\":\"https:\\\/\\\/schema.org\",\"@graph\":[{\"@type\":\"Article\",\"@id\":\"https:\\\/\\\/visitparnu.com\\\/fi\\\/oppaiden-yhteystiedot\\\/venajankielinen\\\/#article\",\"isPartOf\":{\"@id\":\"https:\\\/\\\/visitparnu.com\\\/fi\\\/oppaiden-yhteystiedot\\\/venajankielinen\\\/\"},\"author\":{\"name\":\"peeter\",\"@id\":\"https:\\\/\\\/visitparnu.com\\\/fi\\\/#\\\/schema\\\/person\\\/6dbdd3417ae9ad57a9e3934623bb1d8c\"},\"headline\":\"Ven\u00e4j\u00e4nkielinen\",\"datePublished\":\"2018-10-15T09:51:01+00:00\",\"dateModified\":\"2023-02-17T07:47:27+00:00\",\"mainEntityOfPage\":{\"@id\":\"https:\\\/\\\/visitparnu.com\\\/fi\\\/oppaiden-yhteystiedot\\\/venajankielinen\\\/\"},\"wordCount\":87,\"publisher\":{\"@id\":\"https:\\\/\\\/visitparnu.com\\\/fi\\\/#organization\"},\"image\":{\"@id\":\"https:\\\/\\\/visitparnu.com\\\/fi\\\/oppaiden-yhteystiedot\\\/venajankielinen\\\/#primaryimage\"},\"thumbnailUrl\":\"https:\\\/\\\/visitparnu.com\\\/wp-content\\\/uploads\\\/2018\\\/10\\\/giidid-parnu-rus.png\",\"articleSection\":[\"Giidid\"],\"inLanguage\":\"fi\"},{\"@type\":\"WebPage\",\"@id\":\"https:\\\/\\\/visitparnu.com\\\/fi\\\/oppaiden-yhteystiedot\\\/venajankielinen\\\/\",\"url\":\"https:\\\/\\\/visitparnu.com\\\/fi\\\/oppaiden-yhteystiedot\\\/venajankielinen\\\/\",\"name\":\"Ven\u00e4j\u00e4nkielinen - Visit P\u00e4rnu\",\"isPartOf\":{\"@id\":\"https:\\\/\\\/visitparnu.com\\\/fi\\\/#website\"},\"primaryImageOfPage\":{\"@id\":\"https:\\\/\\\/visitparnu.com\\\/fi\\\/oppaiden-yhteystiedot\\\/venajankielinen\\\/#primaryimage\"},\"image\":{\"@id\":\"https:\\\/\\\/visitparnu.com\\\/fi\\\/oppaiden-yhteystiedot\\\/venajankielinen\\\/#primaryimage\"},\"thumbnailUrl\":\"https:\\\/\\\/visitparnu.com\\\/wp-content\\\/uploads\\\/2018\\\/10\\\/giidid-parnu-rus.png\",\"datePublished\":\"2018-10-15T09:51:01+00:00\",\"dateModified\":\"2023-02-17T07:47:27+00:00\",\"breadcrumb\":{\"@id\":\"https:\\\/\\\/visitparnu.com\\\/fi\\\/oppaiden-yhteystiedot\\\/venajankielinen\\\/#breadcrumb\"},\"inLanguage\":\"fi\",\"potentialAction\":[{\"@type\":\"ReadAction\",\"target\":[\"https:\\\/\\\/visitparnu.com\\\/fi\\\/oppaiden-yhteystiedot\\\/venajankielinen\\\/\"]}]},{\"@type\":\"ImageObject\",\"inLanguage\":\"fi\",\"@id\":\"https:\\\/\\\/visitparnu.com\\\/fi\\\/oppaiden-yhteystiedot\\\/venajankielinen\\\/#primaryimage\",\"url\":\"https:\\\/\\\/visitparnu.com\\\/wp-content\\\/uploads\\\/2018\\\/10\\\/giidid-parnu-rus.png\",\"contentUrl\":\"https:\\\/\\\/visitparnu.com\\\/wp-content\\\/uploads\\\/2018\\\/10\\\/giidid-parnu-rus.png\",\"width\":1730,\"height\":783},{\"@type\":\"BreadcrumbList\",\"@id\":\"https:\\\/\\\/visitparnu.com\\\/fi\\\/oppaiden-yhteystiedot\\\/venajankielinen\\\/#breadcrumb\",\"itemListElement\":[{\"@type\":\"ListItem\",\"position\":1,\"name\":\"\",\"item\":\"https:\\\/\\\/visitparnu.com\\\/fi\\\/\"},{\"@type\":\"ListItem\",\"position\":2,\"name\":\"Ven\u00e4j\u00e4nkielinen\"}]},{\"@type\":\"WebSite\",\"@id\":\"https:\\\/\\\/visitparnu.com\\\/fi\\\/#website\",\"url\":\"https:\\\/\\\/visitparnu.com\\\/fi\\\/\",\"name\":\"Visit P\u00e4rnu\",\"description\":\"\",\"publisher\":{\"@id\":\"https:\\\/\\\/visitparnu.com\\\/fi\\\/#organization\"},\"potentialAction\":[{\"@type\":\"SearchAction\",\"target\":{\"@type\":\"EntryPoint\",\"urlTemplate\":\"https:\\\/\\\/visitparnu.com\\\/fi\\\/?s={search_term_string}\"},\"query-input\":{\"@type\":\"PropertyValueSpecification\",\"valueRequired\":true,\"valueName\":\"search_term_string\"}}],\"inLanguage\":\"fi\"},{\"@type\":\"Organization\",\"@id\":\"https:\\\/\\\/visitparnu.com\\\/fi\\\/#organization\",\"name\":\"Visit P\u00e4rnu\",\"url\":\"https:\\\/\\\/visitparnu.com\\\/fi\\\/\",\"logo\":{\"@type\":\"ImageObject\",\"inLanguage\":\"fi\",\"@id\":\"https:\\\/\\\/visitparnu.com\\\/fi\\\/#\\\/schema\\\/logo\\\/image\\\/\",\"url\":\"https:\\\/\\\/visitparnu.com\\\/wp-content\\\/uploads\\\/2022\\\/11\\\/VP_logo.svg\",\"contentUrl\":\"https:\\\/\\\/visitparnu.com\\\/wp-content\\\/uploads\\\/2022\\\/11\\\/VP_logo.svg\",\"width\":305,\"height\":33,\"caption\":\"Visit P\u00e4rnu\"},\"image\":{\"@id\":\"https:\\\/\\\/visitparnu.com\\\/fi\\\/#\\\/schema\\\/logo\\\/image\\\/\"},\"sameAs\":[\"https:\\\/\\\/www.facebook.com\\\/visitparnuEE\\\/\",\"https:\\\/\\\/www.youtube.com\\\/user\\\/visitparnuestonia\\\/\",\"https:\\\/\\\/www.instagram.com\\\/visitparnu\\\/\"]},{\"@type\":\"Person\",\"@id\":\"https:\\\/\\\/visitparnu.com\\\/fi\\\/#\\\/schema\\\/person\\\/6dbdd3417ae9ad57a9e3934623bb1d8c\",\"name\":\"peeter\",\"image\":{\"@type\":\"ImageObject\",\"inLanguage\":\"fi\",\"@id\":\"https:\\\/\\\/secure.gravatar.com\\\/avatar\\\/25c5b882c3afe0352b11c1c6c6b52c4177f686c31058d85b0e73340dd64b122d?s=96&d=mm&r=g\",\"url\":\"https:\\\/\\\/secure.gravatar.com\\\/avatar\\\/25c5b882c3afe0352b11c1c6c6b52c4177f686c31058d85b0e73340dd64b122d?s=96&d=mm&r=g\",\"contentUrl\":\"https:\\\/\\\/secure.gravatar.com\\\/avatar\\\/25c5b882c3afe0352b11c1c6c6b52c4177f686c31058d85b0e73340dd64b122d?s=96&d=mm&r=g\",\"caption\":\"peeter\"},\"sameAs\":[\"https:\\\/\\\/visitparnu.com\"]}]}<\/script>\n<!-- \/ Yoast SEO plugin. -->","yoast_head_json":{"title":"Ven\u00e4j\u00e4nkielinen - Visit P\u00e4rnu","robots":{"index":"index","follow":"follow","max-snippet":"max-snippet:-1","max-image-preview":"max-image-preview:large","max-video-preview":"max-video-preview:-1"},"canonical":"https:\/\/visitparnu.com\/fi\/oppaiden-yhteystiedot\/venajankielinen\/","og_locale":"fi_FI","og_type":"article","og_title":"Ven\u00e4j\u00e4nkielinen - Visit P\u00e4rnu","og_description":"Veronika Meibaum +372 5595 8038 veronika.meibaum@gmail.com Kielet: viro, englanti, ven\u00e4j\u00e4 Harrastukset: matkustaminen, historia, kansankulttuuri Marina Salundi +372 5854 5338 marina.salundi@mail.ee Kielet: viro, ven\u00e4j\u00e4 Harrastukset: historia, astrologia Anu Assu +372 447 3411 anu.assu24@gmail.com Kielet: viro, ven\u00e4j\u00e4 Harrastukset:paikallinen historia, k\u00e4sity\u00f6, luonto Anna Kasak +372 5650 9716 info@riverrose.eu Kielet: viro, saksa, ven\u00e4j\u00e4 Harrastukset: puutarhan hoito, historia Ljubov Petrova [&hellip;]","og_url":"https:\/\/visitparnu.com\/fi\/oppaiden-yhteystiedot\/venajankielinen\/","og_site_name":"Visit P\u00e4rnu","article_publisher":"https:\/\/www.facebook.com\/visitparnuEE\/","article_published_time":"2018-10-15T09:51:01+00:00","article_modified_time":"2023-02-17T07:47:27+00:00","og_image":[{"width":1730,"height":783,"url":"https:\/\/visitparnu.com\/wp-content\/uploads\/2018\/10\/giidid-parnu-rus.png","type":"image\/png"}],"author":"peeter","twitter_card":"summary_large_image","twitter_misc":{"Kirjoittanut":"peeter","Arvioitu lukuaika":"2 minuuttia"},"schema":{"@context":"https:\/\/schema.org","@graph":[{"@type":"Article","@id":"https:\/\/visitparnu.com\/fi\/oppaiden-yhteystiedot\/venajankielinen\/#article","isPartOf":{"@id":"https:\/\/visitparnu.com\/fi\/oppaiden-yhteystiedot\/venajankielinen\/"},"author":{"name":"peeter","@id":"https:\/\/visitparnu.com\/fi\/#\/schema\/person\/6dbdd3417ae9ad57a9e3934623bb1d8c"},"headline":"Ven\u00e4j\u00e4nkielinen","datePublished":"2018-10-15T09:51:01+00:00","dateModified":"2023-02-17T07:47:27+00:00","mainEntityOfPage":{"@id":"https:\/\/visitparnu.com\/fi\/oppaiden-yhteystiedot\/venajankielinen\/"},"wordCount":87,"publisher":{"@id":"https:\/\/visitparnu.com\/fi\/#organization"},"image":{"@id":"https:\/\/visitparnu.com\/fi\/oppaiden-yhteystiedot\/venajankielinen\/#primaryimage"},"thumbnailUrl":"https:\/\/visitparnu.com\/wp-content\/uploads\/2018\/10\/giidid-parnu-rus.png","articleSection":["Giidid"],"inLanguage":"fi"},{"@type":"WebPage","@id":"https:\/\/visitparnu.com\/fi\/oppaiden-yhteystiedot\/venajankielinen\/","url":"https:\/\/visitparnu.com\/fi\/oppaiden-yhteystiedot\/venajankielinen\/","name":"Ven\u00e4j\u00e4nkielinen - Visit P\u00e4rnu","isPartOf":{"@id":"https:\/\/visitparnu.com\/fi\/#website"},"primaryImageOfPage":{"@id":"https:\/\/visitparnu.com\/fi\/oppaiden-yhteystiedot\/venajankielinen\/#primaryimage"},"image":{"@id":"https:\/\/visitparnu.com\/fi\/oppaiden-yhteystiedot\/venajankielinen\/#primaryimage"},"thumbnailUrl":"https:\/\/visitparnu.com\/wp-content\/uploads\/2018\/10\/giidid-parnu-rus.png","datePublished":"2018-10-15T09:51:01+00:00","dateModified":"2023-02-17T07:47:27+00:00","breadcrumb":{"@id":"https:\/\/visitparnu.com\/fi\/oppaiden-yhteystiedot\/venajankielinen\/#breadcrumb"},"inLanguage":"fi","potentialAction":[{"@type":"ReadAction","target":["https:\/\/visitparnu.com\/fi\/oppaiden-yhteystiedot\/venajankielinen\/"]}]},{"@type":"ImageObject","inLanguage":"fi","@id":"https:\/\/visitparnu.com\/fi\/oppaiden-yhteystiedot\/venajankielinen\/#primaryimage","url":"https:\/\/visitparnu.com\/wp-content\/uploads\/2018\/10\/giidid-parnu-rus.png","contentUrl":"https:\/\/visitparnu.com\/wp-content\/uploads\/2018\/10\/giidid-parnu-rus.png","width":1730,"height":783},{"@type":"BreadcrumbList","@id":"https:\/\/visitparnu.com\/fi\/oppaiden-yhteystiedot\/venajankielinen\/#breadcrumb","itemListElement":[{"@type":"ListItem","position":1,"name":"","item":"https:\/\/visitparnu.com\/fi\/"},{"@type":"ListItem","position":2,"name":"Ven\u00e4j\u00e4nkielinen"}]},{"@type":"WebSite","@id":"https:\/\/visitparnu.com\/fi\/#website","url":"https:\/\/visitparnu.com\/fi\/","name":"Visit P\u00e4rnu","description":"","publisher":{"@id":"https:\/\/visitparnu.com\/fi\/#organization"},"potentialAction":[{"@type":"SearchAction","target":{"@type":"EntryPoint","urlTemplate":"https:\/\/visitparnu.com\/fi\/?s={search_term_string}"},"query-input":{"@type":"PropertyValueSpecification","valueRequired":true,"valueName":"search_term_string"}}],"inLanguage":"fi"},{"@type":"Organization","@id":"https:\/\/visitparnu.com\/fi\/#organization","name":"Visit P\u00e4rnu","url":"https:\/\/visitparnu.com\/fi\/","logo":{"@type":"ImageObject","inLanguage":"fi","@id":"https:\/\/visitparnu.com\/fi\/#\/schema\/logo\/image\/","url":"https:\/\/visitparnu.com\/wp-content\/uploads\/2022\/11\/VP_logo.svg","contentUrl":"https:\/\/visitparnu.com\/wp-content\/uploads\/2022\/11\/VP_logo.svg","width":305,"height":33,"caption":"Visit P\u00e4rnu"},"image":{"@id":"https:\/\/visitparnu.com\/fi\/#\/schema\/logo\/image\/"},"sameAs":["https:\/\/www.facebook.com\/visitparnuEE\/","https:\/\/www.youtube.com\/user\/visitparnuestonia\/","https:\/\/www.instagram.com\/visitparnu\/"]},{"@type":"Person","@id":"https:\/\/visitparnu.com\/fi\/#\/schema\/person\/6dbdd3417ae9ad57a9e3934623bb1d8c","name":"peeter","image":{"@type":"ImageObject","inLanguage":"fi","@id":"https:\/\/secure.gravatar.com\/avatar\/25c5b882c3afe0352b11c1c6c6b52c4177f686c31058d85b0e73340dd64b122d?s=96&d=mm&r=g","url":"https:\/\/secure.gravatar.com\/avatar\/25c5b882c3afe0352b11c1c6c6b52c4177f686c31058d85b0e73340dd64b122d?s=96&d=mm&r=g","contentUrl":"https:\/\/secure.gravatar.com\/avatar\/25c5b882c3afe0352b11c1c6c6b52c4177f686c31058d85b0e73340dd64b122d?s=96&d=mm&r=g","caption":"peeter"},"sameAs":["https:\/\/visitparnu.com"]}]}},"_links":{"self":[{"href":"https:\/\/visitparnu.com\/fi\/wp-json\/wp\/v2\/pages\/4947434","targetHints":{"allow":["GET"]}}],"collection":[{"href":"https:\/\/visitparnu.com\/fi\/wp-json\/wp\/v2\/pages"}],"about":[{"href":"https:\/\/visitparnu.com\/fi\/wp-json\/wp\/v2\/types\/page"}],"author":[{"embeddable":true,"href":"https:\/\/visitparnu.com\/fi\/wp-json\/wp\/v2\/users\/1"}],"replies":[{"embeddable":true,"href":"https:\/\/visitparnu.com\/fi\/wp-json\/wp\/v2\/comments?post=4947434"}],"version-history":[{"count":14,"href":"https:\/\/visitparnu.com\/fi\/wp-json\/wp\/v2\/pages\/4947434\/revisions"}],"predecessor-version":[{"id":4957108,"href":"https:\/\/visitparnu.com\/fi\/wp-json\/wp\/v2\/pages\/4947434\/revisions\/4957108"}],"up":[{"embeddable":true,"href":"https:\/\/visitparnu.com\/fi\/wp-json\/wp\/v2\/pages\/4937034"}],"wp:featuredmedia":[{"embeddable":true,"href":"https:\/\/visitparnu.com\/fi\/wp-json\/wp\/v2\/media\/4956938"}],"wp:attachment":[{"href":"https:\/\/visitparnu.com\/fi\/wp-json\/wp\/v2\/media?parent=4947434"}],"curies":[{"name":"wp","href":"https:\/\/api.w.org\/{rel}","templated":true}]}}