{"id":4947430,"date":"2018-10-15T11:51:28","date_gmt":"2018-10-15T09:51:28","guid":{"rendered":"https:\/\/visitparnu.com\/ruotsinkielinen\/"},"modified":"2023-02-17T09:48:45","modified_gmt":"2023-02-17T07:48:45","slug":"ruotsinkielinen","status":"publish","type":"page","link":"https:\/\/visitparnu.com\/fi\/oppaiden-yhteystiedot\/ruotsinkielinen\/","title":{"rendered":"Ruotsinkielinen"},"content":{"rendered":"\t\t<div data-elementor-type=\"wp-post\" data-elementor-id=\"4947430\" class=\"elementor elementor-4947430 elementor-4938130\" data-elementor-post-type=\"page\">\n\t\t\t\t<div class=\"elementor-element elementor-element-ff704ee e-con-full e-flex e-con e-parent\" data-id=\"ff704ee\" data-element_type=\"container\" data-e-type=\"container\">\n\t\t<div class=\"elementor-element elementor-element-8addd33 e-con-full e-flex e-con e-parent\" data-id=\"8addd33\" data-element_type=\"container\" data-e-type=\"container\">\n\t\t<div class=\"elementor-element elementor-element-79be961 e-con-full e-flex e-con e-parent\" data-id=\"79be961\" data-element_type=\"container\" data-e-type=\"container\">\n\t\t\t\t<div class=\"elementor-element elementor-element-e90fe63 elementor-widget elementor-widget-image\" data-id=\"e90fe63\" data-element_type=\"widget\" data-e-type=\"widget\" data-widget_type=\"image.default\">\n\t\t\t\t\t\t\t\t\t\t\t\t<figure class=\"wp-caption\">\n\t\t\t\t\t\t\t\t\t\t<img fetchpriority=\"high\" decoding=\"async\" width=\"200\" height=\"300\" src=\"https:\/\/visitparnu.com\/wp-content\/uploads\/2022\/11\/Imbi-2-200x300.jpg\" class=\"attachment-medium size-medium wp-image-4918832\" alt=\"\" srcset=\"https:\/\/visitparnu.com\/wp-content\/uploads\/2022\/11\/Imbi-2-200x300.jpg 200w, https:\/\/visitparnu.com\/wp-content\/uploads\/2022\/11\/Imbi-2.jpg 300w\" sizes=\"(max-width: 200px) 100vw, 200px\" \/>\t\t\t\t\t\t\t\t\t\t\t<figcaption class=\"widget-image-caption wp-caption-text\">Imbi Vesik <br> <a href=\"tel:+372 565 9225\">  +372 565 9225 <\/a> <br><a href=\"mailto:imbi.vesik@gmail.com\"> imbi.vesik@gmail.com<\/a>   <br> Kielet: viro, ven\u00e4j\u00e4, rutsi <br> Harrastukset: luonto, kielet<\/figcaption>\n\t\t\t\t\t\t\t\t\t\t<\/figure>\n\t\t\t\t\t\t\t\t\t<\/div>\n\t\t\t\t<\/div>\n\t\t<div class=\"elementor-element elementor-element-d16cfc8 e-con-full e-flex e-con e-parent\" data-id=\"d16cfc8\" data-element_type=\"container\" data-e-type=\"container\">\n\t\t\t\t<div class=\"elementor-element elementor-element-c09f6bf elementor-widget elementor-widget-image\" data-id=\"c09f6bf\" data-element_type=\"widget\" data-e-type=\"widget\" data-widget_type=\"image.default\">\n\t\t\t\t\t\t\t\t\t\t\t\t<figure class=\"wp-caption\">\n\t\t\t\t\t\t\t\t\t\t<img decoding=\"async\" width=\"200\" height=\"300\" src=\"https:\/\/visitparnu.com\/wp-content\/uploads\/2022\/11\/Lia-200x300.jpg\" class=\"attachment-medium size-medium wp-image-4918839\" alt=\"\" srcset=\"https:\/\/visitparnu.com\/wp-content\/uploads\/2022\/11\/Lia-200x300.jpg 200w, https:\/\/visitparnu.com\/wp-content\/uploads\/2022\/11\/Lia.jpg 300w\" sizes=\"(max-width: 200px) 100vw, 200px\" \/>\t\t\t\t\t\t\t\t\t\t\t<figcaption class=\"widget-image-caption wp-caption-text\">Lia Vahemets <br> <a href=\"tel:+372 513 0598\"> +372 513 0598<\/a> <br><a href=\"mailto:lia.vahemets@gmail.com\">  lia.vahemets@gmail.com<\/a> <br> Kielet: viro, ruotsi <br> Harrastukset: el\u00e4m\u00e4nkerrat, historia<\/figcaption>\n\t\t\t\t\t\t\t\t\t\t<\/figure>\n\t\t\t\t\t\t\t\t\t<\/div>\n\t\t\t\t<\/div>\n\t\t<div class=\"elementor-element elementor-element-c13fb5a e-con-full e-flex e-con e-parent\" data-id=\"c13fb5a\" data-element_type=\"container\" data-e-type=\"container\">\n\t\t\t\t<div class=\"elementor-element elementor-element-a726c34 elementor-widget elementor-widget-image\" data-id=\"a726c34\" data-element_type=\"widget\" data-e-type=\"widget\" data-widget_type=\"image.default\">\n\t\t\t\t\t\t\t\t\t\t\t\t<figure class=\"wp-caption\">\n\t\t\t\t\t\t\t\t\t\t<img decoding=\"async\" width=\"200\" height=\"300\" src=\"https:\/\/visitparnu.com\/wp-content\/uploads\/2022\/11\/Kaie-Nurmeste-200x300.jpg\" class=\"attachment-medium size-medium wp-image-4918844\" alt=\"\" srcset=\"https:\/\/visitparnu.com\/wp-content\/uploads\/2022\/11\/Kaie-Nurmeste-200x300.jpg 200w, https:\/\/visitparnu.com\/wp-content\/uploads\/2022\/11\/Kaie-Nurmeste.jpg 300w\" sizes=\"(max-width: 200px) 100vw, 200px\" \/>\t\t\t\t\t\t\t\t\t\t\t<figcaption class=\"widget-image-caption wp-caption-text\">Kaie Nurmeste <br> <a href=\"tel:+372 5137756\"> +372 513 7756<\/a> <br><a href=\"mailto:kaienurmeste@gmail.com\">  kaienurmeste@gmail.com<\/a> <br> Kielet: viro, ruotsi <br> Harrastukset: historia, taidehistoria<\/figcaption>\n\t\t\t\t\t\t\t\t\t\t<\/figure>\n\t\t\t\t\t\t\t\t\t<\/div>\n\t\t\t\t<\/div>\n\t\t<div class=\"elementor-element elementor-element-293205e e-con-full e-flex e-con e-parent\" data-id=\"293205e\" data-element_type=\"container\" data-e-type=\"container\">\n\t\t\t\t<\/div>\n\t\t\t\t<\/div>\n\t\t\t\t<\/div>\n\t\t\t\t<\/div>\n\t\t","protected":false},"excerpt":{"rendered":"<p>Imbi Vesik +372 565 9225 imbi.vesik@gmail.com Kielet: viro, ven\u00e4j\u00e4, rutsi Harrastukset: luonto, kielet Lia Vahemets +372 513 0598 lia.vahemets@gmail.com Kielet: viro, ruotsi Harrastukset: el\u00e4m\u00e4nkerrat, historia Kaie Nurmeste +372 513 7756 kaienurmeste@gmail.com Kielet: viro, ruotsi Harrastukset: historia, taidehistoria<\/p>\n","protected":false},"author":1,"featured_media":4956934,"parent":4937034,"menu_order":6,"comment_status":"closed","ping_status":"closed","template":"","meta":{"_acf_changed":false,"footnotes":""},"class_list":["post-4947430","page","type-page","status-publish","has-post-thumbnail","hentry"],"acf":[],"yoast_head":"<!-- This site is optimized with the Yoast SEO plugin v27.3 - https:\/\/yoast.com\/product\/yoast-seo-wordpress\/ -->\n<title>Ruotsinkielinen - Visit P\u00e4rnu<\/title>\n<meta name=\"robots\" content=\"index, follow, max-snippet:-1, max-image-preview:large, max-video-preview:-1\" \/>\n<link rel=\"canonical\" href=\"https:\/\/visitparnu.com\/fi\/oppaiden-yhteystiedot\/ruotsinkielinen\/\" \/>\n<meta property=\"og:locale\" content=\"fi_FI\" \/>\n<meta property=\"og:type\" content=\"article\" \/>\n<meta property=\"og:title\" content=\"Ruotsinkielinen - Visit P\u00e4rnu\" \/>\n<meta property=\"og:description\" content=\"Imbi Vesik +372 565 9225 imbi.vesik@gmail.com Kielet: viro, ven\u00e4j\u00e4, rutsi Harrastukset: luonto, kielet Lia Vahemets +372 513 0598 lia.vahemets@gmail.com Kielet: viro, ruotsi Harrastukset: el\u00e4m\u00e4nkerrat, historia Kaie Nurmeste +372 513 7756 kaienurmeste@gmail.com Kielet: viro, ruotsi Harrastukset: historia, taidehistoria\" \/>\n<meta property=\"og:url\" content=\"https:\/\/visitparnu.com\/fi\/oppaiden-yhteystiedot\/ruotsinkielinen\/\" \/>\n<meta property=\"og:site_name\" content=\"Visit P\u00e4rnu\" \/>\n<meta property=\"article:publisher\" content=\"https:\/\/www.facebook.com\/visitparnuEE\/\" \/>\n<meta property=\"article:published_time\" content=\"2018-10-15T09:51:28+00:00\" \/>\n<meta property=\"article:modified_time\" content=\"2023-02-17T07:48:45+00:00\" \/>\n<meta property=\"og:image\" content=\"https:\/\/visitparnu.com\/wp-content\/uploads\/2018\/10\/giidid-parnu-swe.png\" \/>\n\t<meta property=\"og:image:width\" content=\"1730\" \/>\n\t<meta property=\"og:image:height\" content=\"783\" \/>\n\t<meta property=\"og:image:type\" content=\"image\/png\" \/>\n<meta name=\"author\" content=\"peeter\" \/>\n<meta name=\"twitter:card\" content=\"summary_large_image\" \/>\n<meta name=\"twitter:label1\" content=\"Kirjoittanut\" \/>\n\t<meta name=\"twitter:data1\" content=\"peeter\" \/>\n\t<meta name=\"twitter:label2\" content=\"Arvioitu lukuaika\" \/>\n\t<meta name=\"twitter:data2\" content=\"1 minuutti\" \/>\n<script type=\"application\/ld+json\" class=\"yoast-schema-graph\">{\"@context\":\"https:\\\/\\\/schema.org\",\"@graph\":[{\"@type\":\"Article\",\"@id\":\"https:\\\/\\\/visitparnu.com\\\/fi\\\/oppaiden-yhteystiedot\\\/ruotsinkielinen\\\/#article\",\"isPartOf\":{\"@id\":\"https:\\\/\\\/visitparnu.com\\\/fi\\\/oppaiden-yhteystiedot\\\/ruotsinkielinen\\\/\"},\"author\":{\"name\":\"peeter\",\"@id\":\"https:\\\/\\\/visitparnu.com\\\/fi\\\/#\\\/schema\\\/person\\\/6dbdd3417ae9ad57a9e3934623bb1d8c\"},\"headline\":\"Ruotsinkielinen\",\"datePublished\":\"2018-10-15T09:51:28+00:00\",\"dateModified\":\"2023-02-17T07:48:45+00:00\",\"mainEntityOfPage\":{\"@id\":\"https:\\\/\\\/visitparnu.com\\\/fi\\\/oppaiden-yhteystiedot\\\/ruotsinkielinen\\\/\"},\"wordCount\":40,\"publisher\":{\"@id\":\"https:\\\/\\\/visitparnu.com\\\/fi\\\/#organization\"},\"image\":{\"@id\":\"https:\\\/\\\/visitparnu.com\\\/fi\\\/oppaiden-yhteystiedot\\\/ruotsinkielinen\\\/#primaryimage\"},\"thumbnailUrl\":\"https:\\\/\\\/visitparnu.com\\\/wp-content\\\/uploads\\\/2018\\\/10\\\/giidid-parnu-swe.png\",\"articleSection\":[\"Giidid\"],\"inLanguage\":\"fi\"},{\"@type\":\"WebPage\",\"@id\":\"https:\\\/\\\/visitparnu.com\\\/fi\\\/oppaiden-yhteystiedot\\\/ruotsinkielinen\\\/\",\"url\":\"https:\\\/\\\/visitparnu.com\\\/fi\\\/oppaiden-yhteystiedot\\\/ruotsinkielinen\\\/\",\"name\":\"Ruotsinkielinen - Visit P\u00e4rnu\",\"isPartOf\":{\"@id\":\"https:\\\/\\\/visitparnu.com\\\/fi\\\/#website\"},\"primaryImageOfPage\":{\"@id\":\"https:\\\/\\\/visitparnu.com\\\/fi\\\/oppaiden-yhteystiedot\\\/ruotsinkielinen\\\/#primaryimage\"},\"image\":{\"@id\":\"https:\\\/\\\/visitparnu.com\\\/fi\\\/oppaiden-yhteystiedot\\\/ruotsinkielinen\\\/#primaryimage\"},\"thumbnailUrl\":\"https:\\\/\\\/visitparnu.com\\\/wp-content\\\/uploads\\\/2018\\\/10\\\/giidid-parnu-swe.png\",\"datePublished\":\"2018-10-15T09:51:28+00:00\",\"dateModified\":\"2023-02-17T07:48:45+00:00\",\"breadcrumb\":{\"@id\":\"https:\\\/\\\/visitparnu.com\\\/fi\\\/oppaiden-yhteystiedot\\\/ruotsinkielinen\\\/#breadcrumb\"},\"inLanguage\":\"fi\",\"potentialAction\":[{\"@type\":\"ReadAction\",\"target\":[\"https:\\\/\\\/visitparnu.com\\\/fi\\\/oppaiden-yhteystiedot\\\/ruotsinkielinen\\\/\"]}]},{\"@type\":\"ImageObject\",\"inLanguage\":\"fi\",\"@id\":\"https:\\\/\\\/visitparnu.com\\\/fi\\\/oppaiden-yhteystiedot\\\/ruotsinkielinen\\\/#primaryimage\",\"url\":\"https:\\\/\\\/visitparnu.com\\\/wp-content\\\/uploads\\\/2018\\\/10\\\/giidid-parnu-swe.png\",\"contentUrl\":\"https:\\\/\\\/visitparnu.com\\\/wp-content\\\/uploads\\\/2018\\\/10\\\/giidid-parnu-swe.png\",\"width\":1730,\"height\":783},{\"@type\":\"BreadcrumbList\",\"@id\":\"https:\\\/\\\/visitparnu.com\\\/fi\\\/oppaiden-yhteystiedot\\\/ruotsinkielinen\\\/#breadcrumb\",\"itemListElement\":[{\"@type\":\"ListItem\",\"position\":1,\"name\":\"\",\"item\":\"https:\\\/\\\/visitparnu.com\\\/fi\\\/\"},{\"@type\":\"ListItem\",\"position\":2,\"name\":\"Ruotsinkielinen\"}]},{\"@type\":\"WebSite\",\"@id\":\"https:\\\/\\\/visitparnu.com\\\/fi\\\/#website\",\"url\":\"https:\\\/\\\/visitparnu.com\\\/fi\\\/\",\"name\":\"Visit P\u00e4rnu\",\"description\":\"\",\"publisher\":{\"@id\":\"https:\\\/\\\/visitparnu.com\\\/fi\\\/#organization\"},\"potentialAction\":[{\"@type\":\"SearchAction\",\"target\":{\"@type\":\"EntryPoint\",\"urlTemplate\":\"https:\\\/\\\/visitparnu.com\\\/fi\\\/?s={search_term_string}\"},\"query-input\":{\"@type\":\"PropertyValueSpecification\",\"valueRequired\":true,\"valueName\":\"search_term_string\"}}],\"inLanguage\":\"fi\"},{\"@type\":\"Organization\",\"@id\":\"https:\\\/\\\/visitparnu.com\\\/fi\\\/#organization\",\"name\":\"Visit P\u00e4rnu\",\"url\":\"https:\\\/\\\/visitparnu.com\\\/fi\\\/\",\"logo\":{\"@type\":\"ImageObject\",\"inLanguage\":\"fi\",\"@id\":\"https:\\\/\\\/visitparnu.com\\\/fi\\\/#\\\/schema\\\/logo\\\/image\\\/\",\"url\":\"https:\\\/\\\/visitparnu.com\\\/wp-content\\\/uploads\\\/2022\\\/11\\\/VP_logo.svg\",\"contentUrl\":\"https:\\\/\\\/visitparnu.com\\\/wp-content\\\/uploads\\\/2022\\\/11\\\/VP_logo.svg\",\"width\":305,\"height\":33,\"caption\":\"Visit P\u00e4rnu\"},\"image\":{\"@id\":\"https:\\\/\\\/visitparnu.com\\\/fi\\\/#\\\/schema\\\/logo\\\/image\\\/\"},\"sameAs\":[\"https:\\\/\\\/www.facebook.com\\\/visitparnuEE\\\/\",\"https:\\\/\\\/www.youtube.com\\\/user\\\/visitparnuestonia\\\/\",\"https:\\\/\\\/www.instagram.com\\\/visitparnu\\\/\"]},{\"@type\":\"Person\",\"@id\":\"https:\\\/\\\/visitparnu.com\\\/fi\\\/#\\\/schema\\\/person\\\/6dbdd3417ae9ad57a9e3934623bb1d8c\",\"name\":\"peeter\",\"image\":{\"@type\":\"ImageObject\",\"inLanguage\":\"fi\",\"@id\":\"https:\\\/\\\/secure.gravatar.com\\\/avatar\\\/25c5b882c3afe0352b11c1c6c6b52c4177f686c31058d85b0e73340dd64b122d?s=96&d=mm&r=g\",\"url\":\"https:\\\/\\\/secure.gravatar.com\\\/avatar\\\/25c5b882c3afe0352b11c1c6c6b52c4177f686c31058d85b0e73340dd64b122d?s=96&d=mm&r=g\",\"contentUrl\":\"https:\\\/\\\/secure.gravatar.com\\\/avatar\\\/25c5b882c3afe0352b11c1c6c6b52c4177f686c31058d85b0e73340dd64b122d?s=96&d=mm&r=g\",\"caption\":\"peeter\"},\"sameAs\":[\"https:\\\/\\\/visitparnu.com\"]}]}<\/script>\n<!-- \/ Yoast SEO plugin. -->","yoast_head_json":{"title":"Ruotsinkielinen - Visit P\u00e4rnu","robots":{"index":"index","follow":"follow","max-snippet":"max-snippet:-1","max-image-preview":"max-image-preview:large","max-video-preview":"max-video-preview:-1"},"canonical":"https:\/\/visitparnu.com\/fi\/oppaiden-yhteystiedot\/ruotsinkielinen\/","og_locale":"fi_FI","og_type":"article","og_title":"Ruotsinkielinen - Visit P\u00e4rnu","og_description":"Imbi Vesik +372 565 9225 imbi.vesik@gmail.com Kielet: viro, ven\u00e4j\u00e4, rutsi Harrastukset: luonto, kielet Lia Vahemets +372 513 0598 lia.vahemets@gmail.com Kielet: viro, ruotsi Harrastukset: el\u00e4m\u00e4nkerrat, historia Kaie Nurmeste +372 513 7756 kaienurmeste@gmail.com Kielet: viro, ruotsi Harrastukset: historia, taidehistoria","og_url":"https:\/\/visitparnu.com\/fi\/oppaiden-yhteystiedot\/ruotsinkielinen\/","og_site_name":"Visit P\u00e4rnu","article_publisher":"https:\/\/www.facebook.com\/visitparnuEE\/","article_published_time":"2018-10-15T09:51:28+00:00","article_modified_time":"2023-02-17T07:48:45+00:00","og_image":[{"width":1730,"height":783,"url":"https:\/\/visitparnu.com\/wp-content\/uploads\/2018\/10\/giidid-parnu-swe.png","type":"image\/png"}],"author":"peeter","twitter_card":"summary_large_image","twitter_misc":{"Kirjoittanut":"peeter","Arvioitu lukuaika":"1 minuutti"},"schema":{"@context":"https:\/\/schema.org","@graph":[{"@type":"Article","@id":"https:\/\/visitparnu.com\/fi\/oppaiden-yhteystiedot\/ruotsinkielinen\/#article","isPartOf":{"@id":"https:\/\/visitparnu.com\/fi\/oppaiden-yhteystiedot\/ruotsinkielinen\/"},"author":{"name":"peeter","@id":"https:\/\/visitparnu.com\/fi\/#\/schema\/person\/6dbdd3417ae9ad57a9e3934623bb1d8c"},"headline":"Ruotsinkielinen","datePublished":"2018-10-15T09:51:28+00:00","dateModified":"2023-02-17T07:48:45+00:00","mainEntityOfPage":{"@id":"https:\/\/visitparnu.com\/fi\/oppaiden-yhteystiedot\/ruotsinkielinen\/"},"wordCount":40,"publisher":{"@id":"https:\/\/visitparnu.com\/fi\/#organization"},"image":{"@id":"https:\/\/visitparnu.com\/fi\/oppaiden-yhteystiedot\/ruotsinkielinen\/#primaryimage"},"thumbnailUrl":"https:\/\/visitparnu.com\/wp-content\/uploads\/2018\/10\/giidid-parnu-swe.png","articleSection":["Giidid"],"inLanguage":"fi"},{"@type":"WebPage","@id":"https:\/\/visitparnu.com\/fi\/oppaiden-yhteystiedot\/ruotsinkielinen\/","url":"https:\/\/visitparnu.com\/fi\/oppaiden-yhteystiedot\/ruotsinkielinen\/","name":"Ruotsinkielinen - Visit P\u00e4rnu","isPartOf":{"@id":"https:\/\/visitparnu.com\/fi\/#website"},"primaryImageOfPage":{"@id":"https:\/\/visitparnu.com\/fi\/oppaiden-yhteystiedot\/ruotsinkielinen\/#primaryimage"},"image":{"@id":"https:\/\/visitparnu.com\/fi\/oppaiden-yhteystiedot\/ruotsinkielinen\/#primaryimage"},"thumbnailUrl":"https:\/\/visitparnu.com\/wp-content\/uploads\/2018\/10\/giidid-parnu-swe.png","datePublished":"2018-10-15T09:51:28+00:00","dateModified":"2023-02-17T07:48:45+00:00","breadcrumb":{"@id":"https:\/\/visitparnu.com\/fi\/oppaiden-yhteystiedot\/ruotsinkielinen\/#breadcrumb"},"inLanguage":"fi","potentialAction":[{"@type":"ReadAction","target":["https:\/\/visitparnu.com\/fi\/oppaiden-yhteystiedot\/ruotsinkielinen\/"]}]},{"@type":"ImageObject","inLanguage":"fi","@id":"https:\/\/visitparnu.com\/fi\/oppaiden-yhteystiedot\/ruotsinkielinen\/#primaryimage","url":"https:\/\/visitparnu.com\/wp-content\/uploads\/2018\/10\/giidid-parnu-swe.png","contentUrl":"https:\/\/visitparnu.com\/wp-content\/uploads\/2018\/10\/giidid-parnu-swe.png","width":1730,"height":783},{"@type":"BreadcrumbList","@id":"https:\/\/visitparnu.com\/fi\/oppaiden-yhteystiedot\/ruotsinkielinen\/#breadcrumb","itemListElement":[{"@type":"ListItem","position":1,"name":"","item":"https:\/\/visitparnu.com\/fi\/"},{"@type":"ListItem","position":2,"name":"Ruotsinkielinen"}]},{"@type":"WebSite","@id":"https:\/\/visitparnu.com\/fi\/#website","url":"https:\/\/visitparnu.com\/fi\/","name":"Visit P\u00e4rnu","description":"","publisher":{"@id":"https:\/\/visitparnu.com\/fi\/#organization"},"potentialAction":[{"@type":"SearchAction","target":{"@type":"EntryPoint","urlTemplate":"https:\/\/visitparnu.com\/fi\/?s={search_term_string}"},"query-input":{"@type":"PropertyValueSpecification","valueRequired":true,"valueName":"search_term_string"}}],"inLanguage":"fi"},{"@type":"Organization","@id":"https:\/\/visitparnu.com\/fi\/#organization","name":"Visit P\u00e4rnu","url":"https:\/\/visitparnu.com\/fi\/","logo":{"@type":"ImageObject","inLanguage":"fi","@id":"https:\/\/visitparnu.com\/fi\/#\/schema\/logo\/image\/","url":"https:\/\/visitparnu.com\/wp-content\/uploads\/2022\/11\/VP_logo.svg","contentUrl":"https:\/\/visitparnu.com\/wp-content\/uploads\/2022\/11\/VP_logo.svg","width":305,"height":33,"caption":"Visit P\u00e4rnu"},"image":{"@id":"https:\/\/visitparnu.com\/fi\/#\/schema\/logo\/image\/"},"sameAs":["https:\/\/www.facebook.com\/visitparnuEE\/","https:\/\/www.youtube.com\/user\/visitparnuestonia\/","https:\/\/www.instagram.com\/visitparnu\/"]},{"@type":"Person","@id":"https:\/\/visitparnu.com\/fi\/#\/schema\/person\/6dbdd3417ae9ad57a9e3934623bb1d8c","name":"peeter","image":{"@type":"ImageObject","inLanguage":"fi","@id":"https:\/\/secure.gravatar.com\/avatar\/25c5b882c3afe0352b11c1c6c6b52c4177f686c31058d85b0e73340dd64b122d?s=96&d=mm&r=g","url":"https:\/\/secure.gravatar.com\/avatar\/25c5b882c3afe0352b11c1c6c6b52c4177f686c31058d85b0e73340dd64b122d?s=96&d=mm&r=g","contentUrl":"https:\/\/secure.gravatar.com\/avatar\/25c5b882c3afe0352b11c1c6c6b52c4177f686c31058d85b0e73340dd64b122d?s=96&d=mm&r=g","caption":"peeter"},"sameAs":["https:\/\/visitparnu.com"]}]}},"_links":{"self":[{"href":"https:\/\/visitparnu.com\/fi\/wp-json\/wp\/v2\/pages\/4947430","targetHints":{"allow":["GET"]}}],"collection":[{"href":"https:\/\/visitparnu.com\/fi\/wp-json\/wp\/v2\/pages"}],"about":[{"href":"https:\/\/visitparnu.com\/fi\/wp-json\/wp\/v2\/types\/page"}],"author":[{"embeddable":true,"href":"https:\/\/visitparnu.com\/fi\/wp-json\/wp\/v2\/users\/1"}],"replies":[{"embeddable":true,"href":"https:\/\/visitparnu.com\/fi\/wp-json\/wp\/v2\/comments?post=4947430"}],"version-history":[{"count":17,"href":"https:\/\/visitparnu.com\/fi\/wp-json\/wp\/v2\/pages\/4947430\/revisions"}],"predecessor-version":[{"id":4957111,"href":"https:\/\/visitparnu.com\/fi\/wp-json\/wp\/v2\/pages\/4947430\/revisions\/4957111"}],"up":[{"embeddable":true,"href":"https:\/\/visitparnu.com\/fi\/wp-json\/wp\/v2\/pages\/4937034"}],"wp:featuredmedia":[{"embeddable":true,"href":"https:\/\/visitparnu.com\/fi\/wp-json\/wp\/v2\/media\/4956934"}],"wp:attachment":[{"href":"https:\/\/visitparnu.com\/fi\/wp-json\/wp\/v2\/media?parent=4947430"}],"curies":[{"name":"wp","href":"https:\/\/api.w.org\/{rel}","templated":true}]}}