{"id":4944280,"date":"2023-01-04T15:50:13","date_gmt":"2023-01-04T13:50:13","guid":{"rendered":"https:\/\/visitparnu.com\/romantiline-rannatee\/"},"modified":"2023-01-15T15:31:17","modified_gmt":"2023-01-15T13:31:17","slug":"romanttinen-rantatie","status":"publish","type":"page","link":"https:\/\/visitparnu.com\/fi\/romanttinen-rantatie\/","title":{"rendered":"Romanttinen rantatie"},"content":{"rendered":"\t\t<div data-elementor-type=\"wp-page\" data-elementor-id=\"4944280\" class=\"elementor elementor-4944280 elementor-4941119\" data-elementor-post-type=\"page\">\n\t\t\t\t<div class=\"elementor-element elementor-element-5ae26bbc content-two-col-block e-flex e-con-boxed e-con e-parent\" data-id=\"5ae26bbc\" data-element_type=\"container\" data-e-type=\"container\">\n\t\t\t\t\t<div class=\"e-con-inner\">\n\t\t<div class=\"elementor-element elementor-element-3fabbc64 e-con-full e-flex e-con e-parent\" data-id=\"3fabbc64\" data-element_type=\"container\" data-e-type=\"container\">\n\t\t\t\t<div class=\"elementor-element elementor-element-5c180f2d elementor-widget elementor-widget-text-editor\" data-id=\"5c180f2d\" data-element_type=\"widget\" data-e-type=\"widget\" data-widget_type=\"text-editor.default\">\n\t\t\t\t\t\t\t\t\t<blockquote><p style=\"font-weight: 400;\">Romanttinen rantatie merkitsee P\u00e4rnun maakunnan rannikkoaluetta, josta l\u00f6ytyy yksityisi\u00e4 paratiisirantoja, idyllisi\u00e4 kalastajakyli\u00e4 ja maagisia auringonlaskuja. Romanttinen rantatie yhdist\u00e4\u00e4 arvokkaat kulttuuri-, historia- ja luontokohteet l\u00e4hes 300 kilometrin matkalla.\u00a0<\/p><\/blockquote><p style=\"font-weight: 400;\">Romanttinen rantatie alkaa Virtsusta ja kulkee P\u00e4rnulahden reunaa pitkin H\u00e4\u00e4demeesteen, Kabliin ja Iklaniin. P\u00e4rnumaan rantaviiva kauniine luontoineen ja rannikkokansan historiasta kertovine kulttuureineen on vierailun arvoinen kaikkina vuodenaikoina.<\/p>\t\t\t\t\t\t\t\t<\/div>\n\t\t\t\t<div class=\"elementor-element elementor-element-f54b70c elementor-align-center elementor-widget elementor-widget-button\" data-id=\"f54b70c\" data-element_type=\"widget\" data-e-type=\"widget\" data-widget_type=\"button.default\">\n\t\t\t\t\t\t\t\t\t\t<a class=\"elementor-button elementor-button-link elementor-size-sm\" href=\"https:\/\/www.rannatee.ee\">\n\t\t\t\t\t\t<span class=\"elementor-button-content-wrapper\">\n\t\t\t\t\t\t\t\t\t<span class=\"elementor-button-text\">https:\/\/www.rannatee.ee<\/span>\n\t\t\t\t\t<\/span>\n\t\t\t\t\t<\/a>\n\t\t\t\t\t\t\t\t<\/div>\n\t\t\t\t<\/div>\n\t\t\t\t\t<\/div>\n\t\t\t\t<\/div>\n\t\t\t\t<\/div>\n\t\t","protected":false},"excerpt":{"rendered":"<p>Romanttinen rantatie merkitsee P\u00e4rnun maakunnan rannikkoaluetta, josta l\u00f6ytyy yksityisi\u00e4 paratiisirantoja, idyllisi\u00e4 kalastajakyli\u00e4 ja maagisia auringonlaskuja. Romanttinen rantatie yhdist\u00e4\u00e4 arvokkaat kulttuuri-, historia- ja luontokohteet l\u00e4hes 300 kilometrin matkalla.\u00a0 Romanttinen rantatie alkaa Virtsusta ja kulkee P\u00e4rnulahden reunaa pitkin H\u00e4\u00e4demeesteen, Kabliin ja Iklaniin. P\u00e4rnumaan rantaviiva kauniine luontoineen ja rannikkokansan historiasta kertovine kulttuureineen on vierailun arvoinen kaikkina vuodenaikoina. Romantiline [&hellip;]<\/p>\n","protected":false},"author":1,"featured_media":4944269,"parent":0,"menu_order":0,"comment_status":"closed","ping_status":"closed","template":"","meta":{"_acf_changed":false,"footnotes":""},"class_list":["post-4944280","page","type-page","status-publish","has-post-thumbnail","hentry"],"acf":[],"yoast_head":"<!-- This site is optimized with the Yoast SEO plugin v27.3 - https:\/\/yoast.com\/product\/yoast-seo-wordpress\/ -->\n<title>Romanttinen rantatie - Visit P\u00e4rnu<\/title>\n<meta name=\"robots\" content=\"index, follow, max-snippet:-1, max-image-preview:large, max-video-preview:-1\" \/>\n<link rel=\"canonical\" href=\"https:\/\/visitparnu.com\/fi\/romanttinen-rantatie\/\" \/>\n<meta property=\"og:locale\" content=\"fi_FI\" \/>\n<meta property=\"og:type\" content=\"article\" \/>\n<meta property=\"og:title\" content=\"Romanttinen rantatie - Visit P\u00e4rnu\" \/>\n<meta property=\"og:description\" content=\"Romanttinen rantatie merkitsee P\u00e4rnun maakunnan rannikkoaluetta, josta l\u00f6ytyy yksityisi\u00e4 paratiisirantoja, idyllisi\u00e4 kalastajakyli\u00e4 ja maagisia auringonlaskuja. Romanttinen rantatie yhdist\u00e4\u00e4 arvokkaat kulttuuri-, historia- ja luontokohteet l\u00e4hes 300 kilometrin matkalla.\u00a0 Romanttinen rantatie alkaa Virtsusta ja kulkee P\u00e4rnulahden reunaa pitkin H\u00e4\u00e4demeesteen, Kabliin ja Iklaniin. P\u00e4rnumaan rantaviiva kauniine luontoineen ja rannikkokansan historiasta kertovine kulttuureineen on vierailun arvoinen kaikkina vuodenaikoina. Romantiline [&hellip;]\" \/>\n<meta property=\"og:url\" content=\"https:\/\/visitparnu.com\/fi\/romanttinen-rantatie\/\" \/>\n<meta property=\"og:site_name\" content=\"Visit P\u00e4rnu\" \/>\n<meta property=\"article:publisher\" content=\"https:\/\/www.facebook.com\/visitparnuEE\/\" \/>\n<meta property=\"article:modified_time\" content=\"2023-01-15T13:31:17+00:00\" \/>\n<meta property=\"og:image\" content=\"https:\/\/visitparnu.com\/wp-content\/uploads\/2023\/01\/0683-scaled-1.jpg\" \/>\n\t<meta property=\"og:image:width\" content=\"2300\" \/>\n\t<meta property=\"og:image:height\" content=\"1840\" \/>\n\t<meta property=\"og:image:type\" content=\"image\/jpeg\" \/>\n<meta name=\"twitter:card\" content=\"summary_large_image\" \/>\n<meta name=\"twitter:label1\" content=\"Arvioitu lukuaika\" \/>\n\t<meta name=\"twitter:data1\" content=\"1 minuutti\" \/>\n<script type=\"application\/ld+json\" class=\"yoast-schema-graph\">{\"@context\":\"https:\\\/\\\/schema.org\",\"@graph\":[{\"@type\":\"WebPage\",\"@id\":\"https:\\\/\\\/visitparnu.com\\\/fi\\\/romanttinen-rantatie\\\/\",\"url\":\"https:\\\/\\\/visitparnu.com\\\/fi\\\/romanttinen-rantatie\\\/\",\"name\":\"Romanttinen rantatie - Visit P\u00e4rnu\",\"isPartOf\":{\"@id\":\"https:\\\/\\\/visitparnu.com\\\/fi\\\/#website\"},\"primaryImageOfPage\":{\"@id\":\"https:\\\/\\\/visitparnu.com\\\/fi\\\/romanttinen-rantatie\\\/#primaryimage\"},\"image\":{\"@id\":\"https:\\\/\\\/visitparnu.com\\\/fi\\\/romanttinen-rantatie\\\/#primaryimage\"},\"thumbnailUrl\":\"https:\\\/\\\/visitparnu.com\\\/wp-content\\\/uploads\\\/2023\\\/01\\\/0683-scaled-1.jpg\",\"datePublished\":\"2023-01-04T13:50:13+00:00\",\"dateModified\":\"2023-01-15T13:31:17+00:00\",\"breadcrumb\":{\"@id\":\"https:\\\/\\\/visitparnu.com\\\/fi\\\/romanttinen-rantatie\\\/#breadcrumb\"},\"inLanguage\":\"fi\",\"potentialAction\":[{\"@type\":\"ReadAction\",\"target\":[\"https:\\\/\\\/visitparnu.com\\\/fi\\\/romanttinen-rantatie\\\/\"]}]},{\"@type\":\"ImageObject\",\"inLanguage\":\"fi\",\"@id\":\"https:\\\/\\\/visitparnu.com\\\/fi\\\/romanttinen-rantatie\\\/#primaryimage\",\"url\":\"https:\\\/\\\/visitparnu.com\\\/wp-content\\\/uploads\\\/2023\\\/01\\\/0683-scaled-1.jpg\",\"contentUrl\":\"https:\\\/\\\/visitparnu.com\\\/wp-content\\\/uploads\\\/2023\\\/01\\\/0683-scaled-1.jpg\",\"width\":2300,\"height\":1840},{\"@type\":\"BreadcrumbList\",\"@id\":\"https:\\\/\\\/visitparnu.com\\\/fi\\\/romanttinen-rantatie\\\/#breadcrumb\",\"itemListElement\":[{\"@type\":\"ListItem\",\"position\":1,\"name\":\"\",\"item\":\"https:\\\/\\\/visitparnu.com\\\/fi\\\/\"},{\"@type\":\"ListItem\",\"position\":2,\"name\":\"Romanttinen rantatie\"}]},{\"@type\":\"WebSite\",\"@id\":\"https:\\\/\\\/visitparnu.com\\\/fi\\\/#website\",\"url\":\"https:\\\/\\\/visitparnu.com\\\/fi\\\/\",\"name\":\"Visit P\u00e4rnu\",\"description\":\"\",\"publisher\":{\"@id\":\"https:\\\/\\\/visitparnu.com\\\/fi\\\/#organization\"},\"potentialAction\":[{\"@type\":\"SearchAction\",\"target\":{\"@type\":\"EntryPoint\",\"urlTemplate\":\"https:\\\/\\\/visitparnu.com\\\/fi\\\/?s={search_term_string}\"},\"query-input\":{\"@type\":\"PropertyValueSpecification\",\"valueRequired\":true,\"valueName\":\"search_term_string\"}}],\"inLanguage\":\"fi\"},{\"@type\":\"Organization\",\"@id\":\"https:\\\/\\\/visitparnu.com\\\/fi\\\/#organization\",\"name\":\"Visit P\u00e4rnu\",\"url\":\"https:\\\/\\\/visitparnu.com\\\/fi\\\/\",\"logo\":{\"@type\":\"ImageObject\",\"inLanguage\":\"fi\",\"@id\":\"https:\\\/\\\/visitparnu.com\\\/fi\\\/#\\\/schema\\\/logo\\\/image\\\/\",\"url\":\"https:\\\/\\\/visitparnu.com\\\/wp-content\\\/uploads\\\/2022\\\/11\\\/VP_logo.svg\",\"contentUrl\":\"https:\\\/\\\/visitparnu.com\\\/wp-content\\\/uploads\\\/2022\\\/11\\\/VP_logo.svg\",\"width\":305,\"height\":33,\"caption\":\"Visit P\u00e4rnu\"},\"image\":{\"@id\":\"https:\\\/\\\/visitparnu.com\\\/fi\\\/#\\\/schema\\\/logo\\\/image\\\/\"},\"sameAs\":[\"https:\\\/\\\/www.facebook.com\\\/visitparnuEE\\\/\",\"https:\\\/\\\/www.youtube.com\\\/user\\\/visitparnuestonia\\\/\",\"https:\\\/\\\/www.instagram.com\\\/visitparnu\\\/\"]}]}<\/script>\n<!-- \/ Yoast SEO plugin. -->","yoast_head_json":{"title":"Romanttinen rantatie - Visit P\u00e4rnu","robots":{"index":"index","follow":"follow","max-snippet":"max-snippet:-1","max-image-preview":"max-image-preview:large","max-video-preview":"max-video-preview:-1"},"canonical":"https:\/\/visitparnu.com\/fi\/romanttinen-rantatie\/","og_locale":"fi_FI","og_type":"article","og_title":"Romanttinen rantatie - Visit P\u00e4rnu","og_description":"Romanttinen rantatie merkitsee P\u00e4rnun maakunnan rannikkoaluetta, josta l\u00f6ytyy yksityisi\u00e4 paratiisirantoja, idyllisi\u00e4 kalastajakyli\u00e4 ja maagisia auringonlaskuja. Romanttinen rantatie yhdist\u00e4\u00e4 arvokkaat kulttuuri-, historia- ja luontokohteet l\u00e4hes 300 kilometrin matkalla.\u00a0 Romanttinen rantatie alkaa Virtsusta ja kulkee P\u00e4rnulahden reunaa pitkin H\u00e4\u00e4demeesteen, Kabliin ja Iklaniin. P\u00e4rnumaan rantaviiva kauniine luontoineen ja rannikkokansan historiasta kertovine kulttuureineen on vierailun arvoinen kaikkina vuodenaikoina. Romantiline [&hellip;]","og_url":"https:\/\/visitparnu.com\/fi\/romanttinen-rantatie\/","og_site_name":"Visit P\u00e4rnu","article_publisher":"https:\/\/www.facebook.com\/visitparnuEE\/","article_modified_time":"2023-01-15T13:31:17+00:00","og_image":[{"width":2300,"height":1840,"url":"https:\/\/visitparnu.com\/wp-content\/uploads\/2023\/01\/0683-scaled-1.jpg","type":"image\/jpeg"}],"twitter_card":"summary_large_image","twitter_misc":{"Arvioitu lukuaika":"1 minuutti"},"schema":{"@context":"https:\/\/schema.org","@graph":[{"@type":"WebPage","@id":"https:\/\/visitparnu.com\/fi\/romanttinen-rantatie\/","url":"https:\/\/visitparnu.com\/fi\/romanttinen-rantatie\/","name":"Romanttinen rantatie - Visit P\u00e4rnu","isPartOf":{"@id":"https:\/\/visitparnu.com\/fi\/#website"},"primaryImageOfPage":{"@id":"https:\/\/visitparnu.com\/fi\/romanttinen-rantatie\/#primaryimage"},"image":{"@id":"https:\/\/visitparnu.com\/fi\/romanttinen-rantatie\/#primaryimage"},"thumbnailUrl":"https:\/\/visitparnu.com\/wp-content\/uploads\/2023\/01\/0683-scaled-1.jpg","datePublished":"2023-01-04T13:50:13+00:00","dateModified":"2023-01-15T13:31:17+00:00","breadcrumb":{"@id":"https:\/\/visitparnu.com\/fi\/romanttinen-rantatie\/#breadcrumb"},"inLanguage":"fi","potentialAction":[{"@type":"ReadAction","target":["https:\/\/visitparnu.com\/fi\/romanttinen-rantatie\/"]}]},{"@type":"ImageObject","inLanguage":"fi","@id":"https:\/\/visitparnu.com\/fi\/romanttinen-rantatie\/#primaryimage","url":"https:\/\/visitparnu.com\/wp-content\/uploads\/2023\/01\/0683-scaled-1.jpg","contentUrl":"https:\/\/visitparnu.com\/wp-content\/uploads\/2023\/01\/0683-scaled-1.jpg","width":2300,"height":1840},{"@type":"BreadcrumbList","@id":"https:\/\/visitparnu.com\/fi\/romanttinen-rantatie\/#breadcrumb","itemListElement":[{"@type":"ListItem","position":1,"name":"","item":"https:\/\/visitparnu.com\/fi\/"},{"@type":"ListItem","position":2,"name":"Romanttinen rantatie"}]},{"@type":"WebSite","@id":"https:\/\/visitparnu.com\/fi\/#website","url":"https:\/\/visitparnu.com\/fi\/","name":"Visit P\u00e4rnu","description":"","publisher":{"@id":"https:\/\/visitparnu.com\/fi\/#organization"},"potentialAction":[{"@type":"SearchAction","target":{"@type":"EntryPoint","urlTemplate":"https:\/\/visitparnu.com\/fi\/?s={search_term_string}"},"query-input":{"@type":"PropertyValueSpecification","valueRequired":true,"valueName":"search_term_string"}}],"inLanguage":"fi"},{"@type":"Organization","@id":"https:\/\/visitparnu.com\/fi\/#organization","name":"Visit P\u00e4rnu","url":"https:\/\/visitparnu.com\/fi\/","logo":{"@type":"ImageObject","inLanguage":"fi","@id":"https:\/\/visitparnu.com\/fi\/#\/schema\/logo\/image\/","url":"https:\/\/visitparnu.com\/wp-content\/uploads\/2022\/11\/VP_logo.svg","contentUrl":"https:\/\/visitparnu.com\/wp-content\/uploads\/2022\/11\/VP_logo.svg","width":305,"height":33,"caption":"Visit P\u00e4rnu"},"image":{"@id":"https:\/\/visitparnu.com\/fi\/#\/schema\/logo\/image\/"},"sameAs":["https:\/\/www.facebook.com\/visitparnuEE\/","https:\/\/www.youtube.com\/user\/visitparnuestonia\/","https:\/\/www.instagram.com\/visitparnu\/"]}]}},"_links":{"self":[{"href":"https:\/\/visitparnu.com\/fi\/wp-json\/wp\/v2\/pages\/4944280","targetHints":{"allow":["GET"]}}],"collection":[{"href":"https:\/\/visitparnu.com\/fi\/wp-json\/wp\/v2\/pages"}],"about":[{"href":"https:\/\/visitparnu.com\/fi\/wp-json\/wp\/v2\/types\/page"}],"author":[{"embeddable":true,"href":"https:\/\/visitparnu.com\/fi\/wp-json\/wp\/v2\/users\/1"}],"replies":[{"embeddable":true,"href":"https:\/\/visitparnu.com\/fi\/wp-json\/wp\/v2\/comments?post=4944280"}],"version-history":[{"count":4,"href":"https:\/\/visitparnu.com\/fi\/wp-json\/wp\/v2\/pages\/4944280\/revisions"}],"predecessor-version":[{"id":4944291,"href":"https:\/\/visitparnu.com\/fi\/wp-json\/wp\/v2\/pages\/4944280\/revisions\/4944291"}],"wp:featuredmedia":[{"embeddable":true,"href":"https:\/\/visitparnu.com\/fi\/wp-json\/wp\/v2\/media\/4944269"}],"wp:attachment":[{"href":"https:\/\/visitparnu.com\/fi\/wp-json\/wp\/v2\/media?parent=4944280"}],"curies":[{"name":"wp","href":"https:\/\/api.w.org\/{rel}","templated":true}]}}