{"id":4944006,"date":"2023-01-04T14:56:21","date_gmt":"2023-01-04T12:56:21","guid":{"rendered":"https:\/\/visitparnu.com\/parnu-ajalugu\/"},"modified":"2023-01-15T13:33:45","modified_gmt":"2023-01-15T11:33:45","slug":"parnun-historia","status":"publish","type":"page","link":"https:\/\/visitparnu.com\/fi\/parnun-historia\/","title":{"rendered":"P\u00e4rnun historia"},"content":{"rendered":"\t\t<div data-elementor-type=\"wp-page\" data-elementor-id=\"4944006\" class=\"elementor elementor-4944006 elementor-4941089\" data-elementor-post-type=\"page\">\n\t\t\t\t<div class=\"elementor-element elementor-element-71bd7a55 content-two-col-block e-flex e-con-boxed e-con e-parent\" data-id=\"71bd7a55\" data-element_type=\"container\" data-e-type=\"container\">\n\t\t\t\t\t<div class=\"e-con-inner\">\n\t\t<div class=\"elementor-element elementor-element-79af514d e-con-full e-flex e-con e-parent\" data-id=\"79af514d\" data-element_type=\"container\" data-e-type=\"container\">\n\t\t\t\t<div class=\"elementor-element elementor-element-2b821bd1 elementor-widget elementor-widget-text-editor\" data-id=\"2b821bd1\" data-element_type=\"widget\" data-e-type=\"widget\" data-widget_type=\"text-editor.default\">\n\t\t\t\t\t\t\t\t\t<p style=\"font-weight: 400;\">P\u00e4rnu on lomanviettokaupunki, jossa on rikas kulttuuri ja romanttisia katuja. Sen historia ulottuu 1200-luvulle. P\u00e4rnun joensuussa on el\u00e4nyt ihmisi\u00e4 jo yli 11 000 vuoden ajan. Suotuisa sijainti meren ja joen rannalla on muokannut P\u00e4rnusta juuri sellaisen, kuin se nykyisin on.<\/p><p style=\"font-weight: 400;\"><br>Keskiajalla P\u00e4rnu oli historiallisesti t\u00e4rke\u00e4 tavaroiden tuontisatama. Vuonna 1838 t\u00e4\u00e4ll\u00e4 avattiin ensimm\u00e4inen kylpyl\u00e4, ja siit\u00e4 alkoi P\u00e4rnun kehitystarina lomakeskuksena.&nbsp;<\/p><p style=\"font-weight: 400;\"><br>P\u00e4rnun ranta ja P\u00e4rnun kylpyl\u00e4t ovat kautta aikojen olleet P\u00e4rnun loman paras osa.<\/p>\t\t\t\t\t\t\t\t<\/div>\n\t\t\t\t<\/div>\n\t\t\t\t\t<\/div>\n\t\t\t\t<\/div>\n\t\t\t\t<\/div>\n\t\t","protected":false},"excerpt":{"rendered":"<p>P\u00e4rnu on lomanviettokaupunki, jossa on rikas kulttuuri ja romanttisia katuja. Sen historia ulottuu 1200-luvulle. P\u00e4rnun joensuussa on el\u00e4nyt ihmisi\u00e4 jo yli 11 000 vuoden ajan. Suotuisa sijainti meren ja joen rannalla on muokannut P\u00e4rnusta juuri sellaisen, kuin se nykyisin on. Keskiajalla P\u00e4rnu oli historiallisesti t\u00e4rke\u00e4 tavaroiden tuontisatama. Vuonna 1838 t\u00e4\u00e4ll\u00e4 avattiin ensimm\u00e4inen kylpyl\u00e4, ja siit\u00e4 [&hellip;]<\/p>\n","protected":false},"author":1,"featured_media":0,"parent":0,"menu_order":0,"comment_status":"closed","ping_status":"closed","template":"","meta":{"_acf_changed":false,"footnotes":""},"class_list":["post-4944006","page","type-page","status-publish","hentry"],"acf":[],"yoast_head":"<!-- This site is optimized with the Yoast SEO plugin v27.3 - https:\/\/yoast.com\/product\/yoast-seo-wordpress\/ -->\n<title>P\u00e4rnun historia - Visit P\u00e4rnu<\/title>\n<meta name=\"robots\" content=\"index, follow, max-snippet:-1, max-image-preview:large, max-video-preview:-1\" \/>\n<link rel=\"canonical\" href=\"https:\/\/visitparnu.com\/fi\/parnun-historia\/\" \/>\n<meta property=\"og:locale\" content=\"fi_FI\" \/>\n<meta property=\"og:type\" content=\"article\" \/>\n<meta property=\"og:title\" content=\"P\u00e4rnun historia - Visit P\u00e4rnu\" \/>\n<meta property=\"og:description\" content=\"P\u00e4rnu on lomanviettokaupunki, jossa on rikas kulttuuri ja romanttisia katuja. Sen historia ulottuu 1200-luvulle. P\u00e4rnun joensuussa on el\u00e4nyt ihmisi\u00e4 jo yli 11 000 vuoden ajan. Suotuisa sijainti meren ja joen rannalla on muokannut P\u00e4rnusta juuri sellaisen, kuin se nykyisin on. Keskiajalla P\u00e4rnu oli historiallisesti t\u00e4rke\u00e4 tavaroiden tuontisatama. Vuonna 1838 t\u00e4\u00e4ll\u00e4 avattiin ensimm\u00e4inen kylpyl\u00e4, ja siit\u00e4 [&hellip;]\" \/>\n<meta property=\"og:url\" content=\"https:\/\/visitparnu.com\/fi\/parnun-historia\/\" \/>\n<meta property=\"og:site_name\" content=\"Visit P\u00e4rnu\" \/>\n<meta property=\"article:publisher\" content=\"https:\/\/www.facebook.com\/visitparnuEE\/\" \/>\n<meta property=\"article:modified_time\" content=\"2023-01-15T11:33:45+00:00\" \/>\n<meta name=\"twitter:card\" content=\"summary_large_image\" \/>\n<meta name=\"twitter:label1\" content=\"Arvioitu lukuaika\" \/>\n\t<meta name=\"twitter:data1\" content=\"1 minuutti\" \/>\n<script type=\"application\/ld+json\" class=\"yoast-schema-graph\">{\"@context\":\"https:\\\/\\\/schema.org\",\"@graph\":[{\"@type\":\"WebPage\",\"@id\":\"https:\\\/\\\/visitparnu.com\\\/fi\\\/parnun-historia\\\/\",\"url\":\"https:\\\/\\\/visitparnu.com\\\/fi\\\/parnun-historia\\\/\",\"name\":\"P\u00e4rnun historia - Visit P\u00e4rnu\",\"isPartOf\":{\"@id\":\"https:\\\/\\\/visitparnu.com\\\/fi\\\/#website\"},\"datePublished\":\"2023-01-04T12:56:21+00:00\",\"dateModified\":\"2023-01-15T11:33:45+00:00\",\"breadcrumb\":{\"@id\":\"https:\\\/\\\/visitparnu.com\\\/fi\\\/parnun-historia\\\/#breadcrumb\"},\"inLanguage\":\"fi\",\"potentialAction\":[{\"@type\":\"ReadAction\",\"target\":[\"https:\\\/\\\/visitparnu.com\\\/fi\\\/parnun-historia\\\/\"]}]},{\"@type\":\"BreadcrumbList\",\"@id\":\"https:\\\/\\\/visitparnu.com\\\/fi\\\/parnun-historia\\\/#breadcrumb\",\"itemListElement\":[{\"@type\":\"ListItem\",\"position\":1,\"name\":\"\",\"item\":\"https:\\\/\\\/visitparnu.com\\\/fi\\\/\"},{\"@type\":\"ListItem\",\"position\":2,\"name\":\"P\u00e4rnun historia\"}]},{\"@type\":\"WebSite\",\"@id\":\"https:\\\/\\\/visitparnu.com\\\/fi\\\/#website\",\"url\":\"https:\\\/\\\/visitparnu.com\\\/fi\\\/\",\"name\":\"Visit P\u00e4rnu\",\"description\":\"\",\"publisher\":{\"@id\":\"https:\\\/\\\/visitparnu.com\\\/fi\\\/#organization\"},\"potentialAction\":[{\"@type\":\"SearchAction\",\"target\":{\"@type\":\"EntryPoint\",\"urlTemplate\":\"https:\\\/\\\/visitparnu.com\\\/fi\\\/?s={search_term_string}\"},\"query-input\":{\"@type\":\"PropertyValueSpecification\",\"valueRequired\":true,\"valueName\":\"search_term_string\"}}],\"inLanguage\":\"fi\"},{\"@type\":\"Organization\",\"@id\":\"https:\\\/\\\/visitparnu.com\\\/fi\\\/#organization\",\"name\":\"Visit P\u00e4rnu\",\"url\":\"https:\\\/\\\/visitparnu.com\\\/fi\\\/\",\"logo\":{\"@type\":\"ImageObject\",\"inLanguage\":\"fi\",\"@id\":\"https:\\\/\\\/visitparnu.com\\\/fi\\\/#\\\/schema\\\/logo\\\/image\\\/\",\"url\":\"https:\\\/\\\/visitparnu.com\\\/wp-content\\\/uploads\\\/2022\\\/11\\\/VP_logo.svg\",\"contentUrl\":\"https:\\\/\\\/visitparnu.com\\\/wp-content\\\/uploads\\\/2022\\\/11\\\/VP_logo.svg\",\"width\":305,\"height\":33,\"caption\":\"Visit P\u00e4rnu\"},\"image\":{\"@id\":\"https:\\\/\\\/visitparnu.com\\\/fi\\\/#\\\/schema\\\/logo\\\/image\\\/\"},\"sameAs\":[\"https:\\\/\\\/www.facebook.com\\\/visitparnuEE\\\/\",\"https:\\\/\\\/www.youtube.com\\\/user\\\/visitparnuestonia\\\/\",\"https:\\\/\\\/www.instagram.com\\\/visitparnu\\\/\"]}]}<\/script>\n<!-- \/ Yoast SEO plugin. -->","yoast_head_json":{"title":"P\u00e4rnun historia - Visit P\u00e4rnu","robots":{"index":"index","follow":"follow","max-snippet":"max-snippet:-1","max-image-preview":"max-image-preview:large","max-video-preview":"max-video-preview:-1"},"canonical":"https:\/\/visitparnu.com\/fi\/parnun-historia\/","og_locale":"fi_FI","og_type":"article","og_title":"P\u00e4rnun historia - Visit P\u00e4rnu","og_description":"P\u00e4rnu on lomanviettokaupunki, jossa on rikas kulttuuri ja romanttisia katuja. Sen historia ulottuu 1200-luvulle. P\u00e4rnun joensuussa on el\u00e4nyt ihmisi\u00e4 jo yli 11 000 vuoden ajan. Suotuisa sijainti meren ja joen rannalla on muokannut P\u00e4rnusta juuri sellaisen, kuin se nykyisin on. Keskiajalla P\u00e4rnu oli historiallisesti t\u00e4rke\u00e4 tavaroiden tuontisatama. Vuonna 1838 t\u00e4\u00e4ll\u00e4 avattiin ensimm\u00e4inen kylpyl\u00e4, ja siit\u00e4 [&hellip;]","og_url":"https:\/\/visitparnu.com\/fi\/parnun-historia\/","og_site_name":"Visit P\u00e4rnu","article_publisher":"https:\/\/www.facebook.com\/visitparnuEE\/","article_modified_time":"2023-01-15T11:33:45+00:00","twitter_card":"summary_large_image","twitter_misc":{"Arvioitu lukuaika":"1 minuutti"},"schema":{"@context":"https:\/\/schema.org","@graph":[{"@type":"WebPage","@id":"https:\/\/visitparnu.com\/fi\/parnun-historia\/","url":"https:\/\/visitparnu.com\/fi\/parnun-historia\/","name":"P\u00e4rnun historia - Visit P\u00e4rnu","isPartOf":{"@id":"https:\/\/visitparnu.com\/fi\/#website"},"datePublished":"2023-01-04T12:56:21+00:00","dateModified":"2023-01-15T11:33:45+00:00","breadcrumb":{"@id":"https:\/\/visitparnu.com\/fi\/parnun-historia\/#breadcrumb"},"inLanguage":"fi","potentialAction":[{"@type":"ReadAction","target":["https:\/\/visitparnu.com\/fi\/parnun-historia\/"]}]},{"@type":"BreadcrumbList","@id":"https:\/\/visitparnu.com\/fi\/parnun-historia\/#breadcrumb","itemListElement":[{"@type":"ListItem","position":1,"name":"","item":"https:\/\/visitparnu.com\/fi\/"},{"@type":"ListItem","position":2,"name":"P\u00e4rnun historia"}]},{"@type":"WebSite","@id":"https:\/\/visitparnu.com\/fi\/#website","url":"https:\/\/visitparnu.com\/fi\/","name":"Visit P\u00e4rnu","description":"","publisher":{"@id":"https:\/\/visitparnu.com\/fi\/#organization"},"potentialAction":[{"@type":"SearchAction","target":{"@type":"EntryPoint","urlTemplate":"https:\/\/visitparnu.com\/fi\/?s={search_term_string}"},"query-input":{"@type":"PropertyValueSpecification","valueRequired":true,"valueName":"search_term_string"}}],"inLanguage":"fi"},{"@type":"Organization","@id":"https:\/\/visitparnu.com\/fi\/#organization","name":"Visit P\u00e4rnu","url":"https:\/\/visitparnu.com\/fi\/","logo":{"@type":"ImageObject","inLanguage":"fi","@id":"https:\/\/visitparnu.com\/fi\/#\/schema\/logo\/image\/","url":"https:\/\/visitparnu.com\/wp-content\/uploads\/2022\/11\/VP_logo.svg","contentUrl":"https:\/\/visitparnu.com\/wp-content\/uploads\/2022\/11\/VP_logo.svg","width":305,"height":33,"caption":"Visit P\u00e4rnu"},"image":{"@id":"https:\/\/visitparnu.com\/fi\/#\/schema\/logo\/image\/"},"sameAs":["https:\/\/www.facebook.com\/visitparnuEE\/","https:\/\/www.youtube.com\/user\/visitparnuestonia\/","https:\/\/www.instagram.com\/visitparnu\/"]}]}},"_links":{"self":[{"href":"https:\/\/visitparnu.com\/fi\/wp-json\/wp\/v2\/pages\/4944006","targetHints":{"allow":["GET"]}}],"collection":[{"href":"https:\/\/visitparnu.com\/fi\/wp-json\/wp\/v2\/pages"}],"about":[{"href":"https:\/\/visitparnu.com\/fi\/wp-json\/wp\/v2\/types\/page"}],"author":[{"embeddable":true,"href":"https:\/\/visitparnu.com\/fi\/wp-json\/wp\/v2\/users\/1"}],"replies":[{"embeddable":true,"href":"https:\/\/visitparnu.com\/fi\/wp-json\/wp\/v2\/comments?post=4944006"}],"version-history":[{"count":4,"href":"https:\/\/visitparnu.com\/fi\/wp-json\/wp\/v2\/pages\/4944006\/revisions"}],"predecessor-version":[{"id":4944016,"href":"https:\/\/visitparnu.com\/fi\/wp-json\/wp\/v2\/pages\/4944006\/revisions\/4944016"}],"wp:attachment":[{"href":"https:\/\/visitparnu.com\/fi\/wp-json\/wp\/v2\/media?parent=4944006"}],"curies":[{"name":"wp","href":"https:\/\/api.w.org\/{rel}","templated":true}]}}