{"id":4937153,"date":"2018-10-16T13:14:52","date_gmt":"2018-10-16T11:14:52","guid":{"rendered":"https:\/\/visitparnu.com\/kuljetus\/"},"modified":"2025-07-16T13:24:33","modified_gmt":"2025-07-16T11:24:33","slug":"kuljetus","status":"publish","type":"page","link":"https:\/\/visitparnu.com\/fi\/kuljetus\/","title":{"rendered":"Kuljetus"},"content":{"rendered":"\t\t<div data-elementor-type=\"wp-post\" data-elementor-id=\"4937153\" class=\"elementor elementor-4937153 elementor-4936663\" data-elementor-post-type=\"page\">\n\t\t\t\t<div class=\"elementor-element elementor-element-d5ab181 content-one-col-block e-flex e-con-boxed e-con e-parent\" data-id=\"d5ab181\" data-element_type=\"container\" data-e-type=\"container\">\n\t\t\t\t\t<div class=\"e-con-inner\">\n\t\t\t\t<div class=\"elementor-element elementor-element-21c4099 elementor-widget elementor-widget-text-editor\" data-id=\"21c4099\" data-element_type=\"widget\" data-e-type=\"widget\" data-widget_type=\"text-editor.default\">\n\t\t\t\t\t\t\t\t\t<p><strong>Helpoin tapa matkustaa P\u00e4rnuun on tulla kansainv\u00e4lisell\u00e4 reittilennolla Viron p\u00e4\u00e4kaupunkiin\u00a0<a href=\"https:\/\/www.tallinn-airport.ee\/en\/\">Tallinna<\/a>an\u00a0tai Latvian p\u00e4\u00e4kaupunkiin <a href=\"https:\/\/www.riga-airport.com\/en\">Riikaan<\/a>. P\u00e4rnu sijaitsee vain\u00a0parin tunnin ajomatkan\u00a0p\u00e4\u00e4ss\u00e4 kummankin kaupungin lentoasemista, joita yhdist\u00e4\u00e4 nopea maantie Via Baltica (E67). Viron\u00a0<a href=\"https:\/\/www.ts.ee\/en\/\">suurin satama<\/a>\u00a0sijaitsee Tallinnassa, laivat saapuvat sinne Helsingist\u00e4 melkein joka tunti. Purjealuksella saapuvia odottaa P\u00e4rnussa\u00a0<a href=\"https:\/\/jahtklubi.ee\/yacht-marina\">Jahtklubi<\/a><\/strong><\/p>\t\t\t\t\t\t\t\t<\/div>\n\t\t\t\t\t<\/div>\n\t\t\t\t<\/div>\n\t\t<div class=\"elementor-element elementor-element-112a6ba content-two-col-block e-flex e-con-boxed e-con e-parent\" data-id=\"112a6ba\" data-element_type=\"container\" data-e-type=\"container\">\n\t\t\t\t\t<div class=\"e-con-inner\">\n\t\t\t\t<div class=\"elementor-element elementor-element-a2e4074 elementor-widget__width-initial elementor-widget elementor-widget-text-editor\" data-id=\"a2e4074\" data-element_type=\"widget\" data-e-type=\"widget\" data-widget_type=\"text-editor.default\">\n\t\t\t\t\t\t\t\t\t<div class=\"elementor-element elementor-element-3590c60 elementor-widget elementor-widget-text-editor\" data-id=\"3590c60\" data-element_type=\"widget\" data-widget_type=\"text-editor.default\"><div class=\"elementor-widget-container\"><div class=\"elementor-text-editor elementor-clearfix\"><div class=\"elementor-element elementor-element-500ebb52 elementor-widget elementor-widget-text-editor\" data-id=\"500ebb52\" data-element_type=\"widget\" data-settings=\"{&quot;ekit_we_effect_on&quot;:&quot;none&quot;}\" data-widget_type=\"text-editor.default\"><div class=\"elementor-widget-container\"><div class=\"elementor-text-editor elementor-clearfix\"><p><b>Linja-autolla P\u00e4rnuun\u00a0<\/b><\/p><p><span style=\"font-weight: 400;\">Tallinna-P\u00e4rnu ja Riika-P\u00e4rnu suunnalla liikkuu riitt\u00e4v\u00e4sti linja-autoja, jotta p\u00e4\u00e4set matkakohteeseesi mukavasti milloin vain. Viron-sis\u00e4ist\u00e4 tietoa ja lippuja l\u00f6yd\u00e4t helposti <\/span><a href=\"https:\/\/www.tpilet.ee\/et\/\"><span style=\"font-weight: 400;\">T-pilet<\/span><\/a><span style=\"font-weight: 400;\"> -sivustolta. Monet linja-autot on varustettu kaikin mukavuuksin kuten WC, multimediakeskus, ilmastointi.<\/span><\/p><p><b><\/b><b>Tallinnan D-terminaalista P\u00e4rnun linja-autoasemalle<\/b><\/p><p><b><\/b><span style=\"font-weight: 400;\">Tallinnan satamaan saapuvat matkailijat \u2013 nyt P\u00e4rnuun p\u00e4\u00e4see viel\u00e4 nopeammin ja helpommin!<\/span><\/p><p><b>Lux Expressin<\/b><span style=\"font-weight: 400;\"> linja-autot pys\u00e4htyv\u00e4t aivan <\/span><b>Tallinnan D-terminaalin<\/b><span style=\"font-weight: 400;\"> edess\u00e4, josta p\u00e4\u00e4see helposti ja nopeasti P\u00e4rnuun.<\/span><\/p><p><b>P\u00e4rnun linja-autoasema sijaitsee keskustassa<\/b><span style=\"font-weight: 400;\">, joten saavut aivan tapahtumien keskelle \u2013 olkoon suunnitelmissasi sitten kylpyl\u00e4loma, konserttimatka tai kes\u00e4inen rantael\u00e4m\u00e4.<\/span><\/p><p><b>Linja-autot l\u00e4htev\u00e4t D-terminaalista P\u00e4rnuun:<\/b><\/p><ul><li aria-level=\"1\"><b>kello 13.30 \u2013 15.50<\/b><\/li><li aria-level=\"1\"><b>kello 19.00 \u2013 21.20<\/b><\/li><\/ul><p><b>Linja-autot l\u00e4htev\u00e4t P\u00e4rnusta D-terminaaliin:<\/b><\/p><ul><li aria-level=\"1\"><b>kello 10.40 \u2013 12.50<\/b><\/li><li aria-level=\"1\"><b>kello 16.15 \u2013 18.30<\/b><\/li><\/ul><p><span style=\"font-weight: 400;\">(<\/span><i><span style=\"font-weight: 400;\">L\u00e4ht\u00f6ajat saattavat muuttua \u2013 tarkistaa tarkat ajat <\/span><\/i><a href=\"https:\/\/luxexpress.eu\/\"><i><span style=\"font-weight: 400;\">Lux Expressi<\/span><\/i><\/a><span style=\"font-weight: 400;\">n<\/span><i><span style=\"font-weight: 400;\"> kotisivuilta tai <\/span><\/i><a href=\"https:\/\/www.tpilet.ee\/et\/\"><i><span style=\"font-weight: 400;\">T-piletist<\/span><\/i><\/a><span style=\"font-weight: 400;\">\u00e4<\/span><i><span style=\"font-weight: 400;\">.<\/span><\/i><span style=\"font-weight: 400;\">)<\/span><\/p><p><b>Mukavuudet Lux Expressin linja-autoissa:<\/b><\/p><ul><li style=\"font-weight: 400;\" aria-level=\"1\"><span style=\"font-weight: 400;\">ilmainen Wi-Fi<\/span><\/li><li style=\"font-weight: 400;\" aria-level=\"1\"><span style=\"font-weight: 400;\">henkil\u00f6kohtainen multimediakeskus<\/span><\/li><li style=\"font-weight: 400;\" aria-level=\"1\"><span style=\"font-weight: 400;\">ilmastointi ja WC<\/span><\/li><li style=\"font-weight: 400;\" aria-level=\"1\"><span style=\"font-weight: 400;\">enemm\u00e4n jalkatilaa ja viihtyis\u00e4t istuimet\u00a0<\/span><\/li><li style=\"font-weight: 400;\" aria-level=\"1\"><span style=\"font-weight: 400;\">kuumat juomat ja mahdollisuus ostaa snackseja<\/span><\/li><\/ul><p><span style=\"font-weight: 400;\">Matka <\/span><b>Tallinnan D-terminaalista P\u00e4rnuun kest\u00e4\u00e4 vain noin 2 tuntia<\/b><span style=\"font-weight: 400;\">, tarjoten miellytt\u00e4v\u00e4n ja sujuvan matkustusmahdollisuuden.<\/span><\/p><p><span style=\"font-weight: 400;\">Liput voit ostaa mukavasti <\/span><a href=\"https:\/\/luxexpress.eu\/\"><b>Lux Expressin kotisivuilta <\/b><\/a><span style=\"font-weight: 400;\">tai <\/span><a href=\"https:\/\/www.tpilet.ee\/\"><b>T-pilet.ee<\/b><\/a><span style=\"font-weight: 400;\"> -sivustolta.<\/span><\/p><p><span style=\"font-weight: 400;\">Kansainv\u00e4lisell\u00e4 Riika \u2013 P\u00e4rnu \u2013 Tallinna -reitill\u00e4 liikenn\u00f6iv\u00e4t seuraavat yritykset:<\/span><\/p><ul><li style=\"font-weight: 400;\" aria-level=\"1\"><a href=\"https:\/\/ecolines.net\/ee\/et\/pakkumised\/valismaal\/parnu-riia\"><span style=\"font-weight: 400;\">Ecolines<\/span><\/a><\/li><li style=\"font-weight: 400;\" aria-level=\"1\"><a href=\"https:\/\/www.luxexpress.eu\/\"><span style=\"font-weight: 400;\">Lux Express<\/span><\/a><\/li><li style=\"font-weight: 400;\" aria-level=\"1\"><a href=\"https:\/\/www.flixbus.ee\/\"><span style=\"font-weight: 400;\">Flixbus<\/span><\/a><\/li><\/ul><\/div><\/div><\/div><\/div><\/div><\/div>\t\t\t\t\t\t\t\t<\/div>\n\t\t\t\t\t<\/div>\n\t\t\t\t<\/div>\n\t\t<div class=\"elementor-element elementor-element-b36c96c content-two-col-block e-flex e-con-boxed e-con e-parent\" data-id=\"b36c96c\" data-element_type=\"container\" data-e-type=\"container\">\n\t\t\t\t\t<div class=\"e-con-inner\">\n\t\t\t\t<div class=\"elementor-element elementor-element-f043758 elementor-widget elementor-widget-text-editor\" data-id=\"f043758\" data-element_type=\"widget\" data-e-type=\"widget\" data-widget_type=\"text-editor.default\">\n\t\t\t\t\t\t\t\t\t<div class=\"elementor-element elementor-element-3590c60 elementor-widget elementor-widget-text-editor\" data-id=\"3590c60\" data-element_type=\"widget\" data-widget_type=\"text-editor.default\"><div class=\"elementor-widget-container\"><div class=\"elementor-text-editor elementor-clearfix\"><div class=\"elementor-element elementor-element-3590c60 elementor-widget elementor-widget-text-editor\" data-id=\"3590c60\" data-element_type=\"widget\" data-widget_type=\"text-editor.default\"><div class=\"elementor-widget-container\"><div class=\"elementor-text-editor elementor-clearfix\"><div class=\"elementor-element elementor-element-500ebb52 elementor-widget elementor-widget-text-editor\" data-id=\"500ebb52\" data-element_type=\"widget\" data-settings=\"{&quot;ekit_we_effect_on&quot;:&quot;none&quot;}\" data-widget_type=\"text-editor.default\"><div class=\"elementor-widget-container\"><div class=\"elementor-text-editor elementor-clearfix\"><h2 style=\"text-align: left;\">P\u00e4rnun julkinen liikenne<\/h2><p>P\u00e4rnun joukkoliikenteen reitit ja aikataulut l\u00f6yd\u00e4t\u00a0<a href=\"https:\/\/web.peatus.ee\/#city;parnu-linn\">T\u00c4ST\u00c4.<\/a> Jokaisella pys\u00e4kill\u00e4 on kaupungin kartta ja aikataulu, pys\u00e4keill\u00e4, jossa liikenne on vilkkaampaa, on my\u00f6s elektronisia bussiaikataulun\u00e4ytt\u00f6j\u00e4.<\/p><p>P\u00e4rnumaan joukkoliikenteess\u00e4 on k\u00e4yt\u00f6ss\u00e4 muovikorttij\u00e4rjestelm\u00e4. Sama j\u00e4rjestelm\u00e4 on k\u00e4yt\u00f6ss\u00e4 my\u00f6s esimerkiksi Tallinnassa ja Tartossa. Jos vastaavanlainen kortti on jo olemassa, se toimii my\u00f6s P\u00e4rnussa. Uusi muovikortti maksaa 2\u20ac ja sen voi ostaa jokaisesta lipunmyyntipaikasta. Matkakortille voi ladata rahaa tai sopivan lipun verkossa tai matkakorttien myyntipisteess\u00e4. Lippu on linja-autoon noustessa aina leimattava.<\/p><p><strong>Yhden tunnin<\/strong> lippu maksaa 1,5\u20ac, <strong>p\u00e4iv\u00e4lippu<\/strong> 6\u20ac ja\u00a0<strong>viiden p\u00e4iv\u00e4n <\/strong>lippu 15 \u20ac. P\u00e4iv\u00e4lippu tulee voimaan, kun korttia leimataan 4 kertaa. Esimerkiksi kun samana p\u00e4iv\u00e4n\u00e4 matkustetaan 4 kertaa ja aina leimataan kortti, siit\u00e4 tulee automaattisesti p\u00e4iv\u00e4lippu.<\/p><p>Yhden tunnin lipun voi ostaa my\u00f6s linja-autokuljettajalta. Korttia silloin ei tarvita. Paperilipun hinta on kaupungin sis\u00e4isill\u00e4 reiteill\u00e4\u00a0<strong>3\u20ac<\/strong> (maakuntareiteill\u00e4 2\u20ac) ja se maksetaan k\u00e4teisrahalla.<\/p><p>Lis\u00e4tietoa lippuj\u00e4rjestelm\u00e4st\u00e4 l\u00f6yd\u00e4t <a href=\"https:\/\/pytk.ee\/piletihinnad-ja-soodustused.html\" target=\"_blank\" rel=\"noopener\">T\u00c4ST\u00c4<\/a>. Enemm\u00e4n tietoa <strong>P\u00e4rnun linja-autoasemasta <\/strong>ja siell\u00e4 tarjottavista palveluista l\u00f6ytyy <a href=\"https:\/\/visitparnu.com\/fi\/parnun-linja-autoasema\/\">T\u00c4ST\u00c4<\/a>.<\/p><\/div><\/div><\/div><div class=\"elementor-element elementor-element-2f5d6ba elementor-widget elementor-widget-text-editor\" data-id=\"2f5d6ba\" data-element_type=\"widget\" data-settings=\"{&quot;ekit_we_effect_on&quot;:&quot;none&quot;}\" data-widget_type=\"text-editor.default\"><div class=\"elementor-widget-container\"><div class=\"elementor-text-editor elementor-clearfix\"><h2>Autonvuokraus P\u00e4rnussa<\/h2><p>Autolla p\u00e4\u00e4set mukavasti tutustumaan uusiin paikkoihin my\u00f6s P\u00e4rnun kaupungin ulkopuolella. Tutustu <a href=\"https:\/\/visitparnu.com\/fi\/nahtavyydet-parnun-maakunnassa\/\">P\u00e4rnun maakunnassa sijaitseviin n\u00e4ht\u00e4vyyksiin<\/a>.<\/p><p>Autonvuokraus P\u00e4rnussa:<\/p><p><a href=\"https:\/\/rendiautorent.ee\/fi\/autonvuokraus-tallinnassa-tartossa-parnussa-ja-kuressaaressa\/\">Rendiautorent<\/a><\/p><p><a href=\"https:\/\/laverterent.ee\/en\/\">Laverte Autorent<\/a><\/p><\/div><h2>Pys\u00e4k\u00f6inti<\/h2><p>Pys\u00e4k\u00f6inti on <strong>maksullista<\/strong> P\u00e4rnun\u00a0<strong>keskustassa\u00a0<\/strong>sek\u00e4 kes\u00e4aikana my\u00f6s <strong>ranta-alueella<\/strong>. Pys\u00e4k\u00f6intikiekolla tai kirjallisesti pys\u00e4k\u00f6innin alkamisajan ilmoittaneille on keskustassa 1 h ja ranta-alueella 0,5 h pys\u00e4k\u00f6inti ilmaista.<\/p><p>Enemm\u00e4n tietoa pys\u00e4k\u00f6innist\u00e4\u00a0<a href=\"https:\/\/visitparnu.com\/fi\/pysakointi-parnussa\/\">T\u00c4ST\u00c4<\/a>.\u00a0<\/p><h2>Taksit ja laivayhteydet saarille<\/h2><p>Taksien tilaaminen P\u00e4rnussa:<\/p><ul><li>1222 \u2013 P\u00e4rnu Takso<\/li><li>1918 \u2013 Elektritakso<\/li><li>1200 \u2013 Go Takso<\/li><li>1700 \u2013 Bristol Takso<\/li><li>1300 \u2013 E-Takso<\/li><li>Lis\u00e4ksi toimivat P\u00e4rnussa Bolt ja Taxofon -sovellukset.\u00a0<\/li><\/ul><p>Laivayhteys Kihnuun <a href=\"https:\/\/www.veeteed.com\/#\/en\/\">www.veeteed.com<\/a>\u00a0(Munalaiusta).<\/p><p>Laivayhteys Saarenmaalle ja Hiidenmaalle\u00a0<a href=\"https:\/\/www.praamid.ee\/en\/homepage\/\">www.praamid.ee<\/a>.<\/p><\/div><\/div><\/div><\/div><\/div><\/div><\/div><\/div>\t\t\t\t\t\t\t\t<\/div>\n\t\t\t\t\t<\/div>\n\t\t\t\t<\/div>\n\t\t<div class=\"elementor-element elementor-element-d89861c content-two-col-block e-flex e-con-boxed e-con e-parent\" data-id=\"d89861c\" data-element_type=\"container\" data-e-type=\"container\">\n\t\t\t\t\t<div class=\"e-con-inner\">\n\t\t<div class=\"elementor-element elementor-element-12d3935 e-con-full e-flex e-con e-child\" data-id=\"12d3935\" data-element_type=\"container\" data-e-type=\"container\">\n\t\t\t\t<div class=\"elementor-element elementor-element-72869db elementor-widget elementor-widget-image\" data-id=\"72869db\" data-element_type=\"widget\" data-e-type=\"widget\" data-widget_type=\"image.default\">\n\t\t\t\t\t\t\t\t\t\t\t\t\t\t\t<img fetchpriority=\"high\" decoding=\"async\" width=\"1024\" height=\"683\" src=\"https:\/\/visitparnu.com\/wp-content\/uploads\/2025\/07\/airplane-g6a052ee7b_1920-1024x683.jpg\" class=\"attachment-large size-large wp-image-5057229\" alt=\"\" srcset=\"https:\/\/visitparnu.com\/wp-content\/uploads\/2025\/07\/airplane-g6a052ee7b_1920-1024x683.jpg 1024w, https:\/\/visitparnu.com\/wp-content\/uploads\/2025\/07\/airplane-g6a052ee7b_1920-300x200.jpg 300w, https:\/\/visitparnu.com\/wp-content\/uploads\/2025\/07\/airplane-g6a052ee7b_1920-768x512.jpg 768w, https:\/\/visitparnu.com\/wp-content\/uploads\/2025\/07\/airplane-g6a052ee7b_1920-1536x1025.jpg 1536w, https:\/\/visitparnu.com\/wp-content\/uploads\/2025\/07\/airplane-g6a052ee7b_1920.jpg 1920w\" sizes=\"(max-width: 1024px) 100vw, 1024px\" \/>\t\t\t\t\t\t\t\t\t\t\t\t\t\t\t<\/div>\n\t\t\t\t<\/div>\n\t\t<div class=\"elementor-element elementor-element-e98578b e-con-full e-flex e-con e-child\" data-id=\"e98578b\" data-element_type=\"container\" data-e-type=\"container\">\n\t\t\t\t<div class=\"elementor-element elementor-element-931a2e1 elementor-widget elementor-widget-heading\" data-id=\"931a2e1\" data-element_type=\"widget\" data-e-type=\"widget\" data-widget_type=\"heading.default\">\n\t\t\t\t\t<h2 class=\"elementor-heading-title elementor-size-default\">P\u00e4rnun lentoasema<\/h2>\t\t\t\t<\/div>\n\t\t\t\t<div class=\"elementor-element elementor-element-507e524 elementor-widget elementor-widget-text-editor\" data-id=\"507e524\" data-element_type=\"widget\" data-e-type=\"widget\" data-widget_type=\"text-editor.default\">\n\t\t\t\t\t\t\t\t\t<p><a href=\"https:\/\/visitparnu.com\/fi\/parnun-lentoasema\/\">P\u00e4rnun Lentoasemalle<\/a> saapuvat sek\u00e4 kansainv\u00e4liset ett\u00e4 kotimaiset lennot. Lentoyhteyksien kautta olemme l\u00e4hemp\u00e4n\u00e4 maailmaa ja yhteydess\u00e4 eri suurkaupunkeihin.<\/p>\t\t\t\t\t\t\t\t<\/div>\n\t\t\t\t<\/div>\n\t\t\t\t\t<\/div>\n\t\t\t\t<\/div>\n\t\t\t\t<\/div>\n\t\t","protected":false},"excerpt":{"rendered":"<p>Helpoin tapa matkustaa P\u00e4rnuun on tulla kansainv\u00e4lisell\u00e4 reittilennolla Viron p\u00e4\u00e4kaupunkiin\u00a0Tallinnaan\u00a0tai Latvian p\u00e4\u00e4kaupunkiin Riikaan. P\u00e4rnu sijaitsee vain\u00a0parin tunnin ajomatkan\u00a0p\u00e4\u00e4ss\u00e4 kummankin kaupungin lentoasemista, joita yhdist\u00e4\u00e4 nopea maantie Via Baltica (E67). Viron\u00a0suurin satama\u00a0sijaitsee Tallinnassa, laivat saapuvat sinne Helsingist\u00e4 melkein joka tunti. Purjealuksella saapuvia odottaa P\u00e4rnussa\u00a0Jahtklubi Linja-autolla P\u00e4rnuun\u00a0 Tallinna-P\u00e4rnu ja Riika-P\u00e4rnu suunnalla liikkuu riitt\u00e4v\u00e4sti linja-autoja, jotta p\u00e4\u00e4set matkakohteeseesi mukavasti [&hellip;]<\/p>\n","protected":false},"author":1,"featured_media":4941713,"parent":0,"menu_order":0,"comment_status":"closed","ping_status":"closed","template":"","meta":{"_acf_changed":false,"footnotes":""},"class_list":["post-4937153","page","type-page","status-publish","has-post-thumbnail","hentry"],"acf":[],"yoast_head":"<!-- This site is optimized with the Yoast SEO plugin v27.3 - https:\/\/yoast.com\/product\/yoast-seo-wordpress\/ -->\n<title>Kuljetus - Visit P\u00e4rnu<\/title>\n<meta name=\"robots\" content=\"index, follow, max-snippet:-1, max-image-preview:large, max-video-preview:-1\" \/>\n<link rel=\"canonical\" href=\"https:\/\/visitparnu.com\/fi\/kuljetus\/\" \/>\n<meta property=\"og:locale\" content=\"fi_FI\" \/>\n<meta property=\"og:type\" content=\"article\" \/>\n<meta property=\"og:title\" content=\"Kuljetus - Visit P\u00e4rnu\" \/>\n<meta property=\"og:description\" content=\"Helpoin tapa matkustaa P\u00e4rnuun on tulla kansainv\u00e4lisell\u00e4 reittilennolla Viron p\u00e4\u00e4kaupunkiin\u00a0Tallinnaan\u00a0tai Latvian p\u00e4\u00e4kaupunkiin Riikaan. P\u00e4rnu sijaitsee vain\u00a0parin tunnin ajomatkan\u00a0p\u00e4\u00e4ss\u00e4 kummankin kaupungin lentoasemista, joita yhdist\u00e4\u00e4 nopea maantie Via Baltica (E67). Viron\u00a0suurin satama\u00a0sijaitsee Tallinnassa, laivat saapuvat sinne Helsingist\u00e4 melkein joka tunti. Purjealuksella saapuvia odottaa P\u00e4rnussa\u00a0Jahtklubi Linja-autolla P\u00e4rnuun\u00a0 Tallinna-P\u00e4rnu ja Riika-P\u00e4rnu suunnalla liikkuu riitt\u00e4v\u00e4sti linja-autoja, jotta p\u00e4\u00e4set matkakohteeseesi mukavasti [&hellip;]\" \/>\n<meta property=\"og:url\" content=\"https:\/\/visitparnu.com\/fi\/kuljetus\/\" \/>\n<meta property=\"og:site_name\" content=\"Visit P\u00e4rnu\" \/>\n<meta property=\"article:publisher\" content=\"https:\/\/www.facebook.com\/visitparnuEE\/\" \/>\n<meta property=\"article:modified_time\" content=\"2025-07-16T11:24:33+00:00\" \/>\n<meta property=\"og:image\" content=\"https:\/\/visitparnu.com\/wp-content\/uploads\/2023\/01\/Parnu-transport.jpg\" \/>\n\t<meta property=\"og:image:width\" content=\"1732\" \/>\n\t<meta property=\"og:image:height\" content=\"1154\" \/>\n\t<meta property=\"og:image:type\" content=\"image\/jpeg\" \/>\n<meta name=\"twitter:card\" content=\"summary_large_image\" \/>\n<meta name=\"twitter:label1\" content=\"Arvioitu lukuaika\" \/>\n\t<meta name=\"twitter:data1\" content=\"7 minuuttia\" \/>\n<script type=\"application\/ld+json\" class=\"yoast-schema-graph\">{\"@context\":\"https:\\\/\\\/schema.org\",\"@graph\":[{\"@type\":\"WebPage\",\"@id\":\"https:\\\/\\\/visitparnu.com\\\/fi\\\/kuljetus\\\/\",\"url\":\"https:\\\/\\\/visitparnu.com\\\/fi\\\/kuljetus\\\/\",\"name\":\"Kuljetus - Visit P\u00e4rnu\",\"isPartOf\":{\"@id\":\"https:\\\/\\\/visitparnu.com\\\/fi\\\/#website\"},\"primaryImageOfPage\":{\"@id\":\"https:\\\/\\\/visitparnu.com\\\/fi\\\/kuljetus\\\/#primaryimage\"},\"image\":{\"@id\":\"https:\\\/\\\/visitparnu.com\\\/fi\\\/kuljetus\\\/#primaryimage\"},\"thumbnailUrl\":\"https:\\\/\\\/visitparnu.com\\\/wp-content\\\/uploads\\\/2023\\\/01\\\/Parnu-transport.jpg\",\"datePublished\":\"2018-10-16T11:14:52+00:00\",\"dateModified\":\"2025-07-16T11:24:33+00:00\",\"breadcrumb\":{\"@id\":\"https:\\\/\\\/visitparnu.com\\\/fi\\\/kuljetus\\\/#breadcrumb\"},\"inLanguage\":\"fi\",\"potentialAction\":[{\"@type\":\"ReadAction\",\"target\":[\"https:\\\/\\\/visitparnu.com\\\/fi\\\/kuljetus\\\/\"]}]},{\"@type\":\"ImageObject\",\"inLanguage\":\"fi\",\"@id\":\"https:\\\/\\\/visitparnu.com\\\/fi\\\/kuljetus\\\/#primaryimage\",\"url\":\"https:\\\/\\\/visitparnu.com\\\/wp-content\\\/uploads\\\/2023\\\/01\\\/Parnu-transport.jpg\",\"contentUrl\":\"https:\\\/\\\/visitparnu.com\\\/wp-content\\\/uploads\\\/2023\\\/01\\\/Parnu-transport.jpg\",\"width\":1732,\"height\":1154},{\"@type\":\"BreadcrumbList\",\"@id\":\"https:\\\/\\\/visitparnu.com\\\/fi\\\/kuljetus\\\/#breadcrumb\",\"itemListElement\":[{\"@type\":\"ListItem\",\"position\":1,\"name\":\"\",\"item\":\"https:\\\/\\\/visitparnu.com\\\/fi\\\/\"},{\"@type\":\"ListItem\",\"position\":2,\"name\":\"Kuljetus\"}]},{\"@type\":\"WebSite\",\"@id\":\"https:\\\/\\\/visitparnu.com\\\/fi\\\/#website\",\"url\":\"https:\\\/\\\/visitparnu.com\\\/fi\\\/\",\"name\":\"Visit P\u00e4rnu\",\"description\":\"\",\"publisher\":{\"@id\":\"https:\\\/\\\/visitparnu.com\\\/fi\\\/#organization\"},\"potentialAction\":[{\"@type\":\"SearchAction\",\"target\":{\"@type\":\"EntryPoint\",\"urlTemplate\":\"https:\\\/\\\/visitparnu.com\\\/fi\\\/?s={search_term_string}\"},\"query-input\":{\"@type\":\"PropertyValueSpecification\",\"valueRequired\":true,\"valueName\":\"search_term_string\"}}],\"inLanguage\":\"fi\"},{\"@type\":\"Organization\",\"@id\":\"https:\\\/\\\/visitparnu.com\\\/fi\\\/#organization\",\"name\":\"Visit P\u00e4rnu\",\"url\":\"https:\\\/\\\/visitparnu.com\\\/fi\\\/\",\"logo\":{\"@type\":\"ImageObject\",\"inLanguage\":\"fi\",\"@id\":\"https:\\\/\\\/visitparnu.com\\\/fi\\\/#\\\/schema\\\/logo\\\/image\\\/\",\"url\":\"https:\\\/\\\/visitparnu.com\\\/wp-content\\\/uploads\\\/2022\\\/11\\\/VP_logo.svg\",\"contentUrl\":\"https:\\\/\\\/visitparnu.com\\\/wp-content\\\/uploads\\\/2022\\\/11\\\/VP_logo.svg\",\"width\":305,\"height\":33,\"caption\":\"Visit P\u00e4rnu\"},\"image\":{\"@id\":\"https:\\\/\\\/visitparnu.com\\\/fi\\\/#\\\/schema\\\/logo\\\/image\\\/\"},\"sameAs\":[\"https:\\\/\\\/www.facebook.com\\\/visitparnuEE\\\/\",\"https:\\\/\\\/www.youtube.com\\\/user\\\/visitparnuestonia\\\/\",\"https:\\\/\\\/www.instagram.com\\\/visitparnu\\\/\"]}]}<\/script>\n<!-- \/ Yoast SEO plugin. -->","yoast_head_json":{"title":"Kuljetus - Visit P\u00e4rnu","robots":{"index":"index","follow":"follow","max-snippet":"max-snippet:-1","max-image-preview":"max-image-preview:large","max-video-preview":"max-video-preview:-1"},"canonical":"https:\/\/visitparnu.com\/fi\/kuljetus\/","og_locale":"fi_FI","og_type":"article","og_title":"Kuljetus - Visit P\u00e4rnu","og_description":"Helpoin tapa matkustaa P\u00e4rnuun on tulla kansainv\u00e4lisell\u00e4 reittilennolla Viron p\u00e4\u00e4kaupunkiin\u00a0Tallinnaan\u00a0tai Latvian p\u00e4\u00e4kaupunkiin Riikaan. P\u00e4rnu sijaitsee vain\u00a0parin tunnin ajomatkan\u00a0p\u00e4\u00e4ss\u00e4 kummankin kaupungin lentoasemista, joita yhdist\u00e4\u00e4 nopea maantie Via Baltica (E67). Viron\u00a0suurin satama\u00a0sijaitsee Tallinnassa, laivat saapuvat sinne Helsingist\u00e4 melkein joka tunti. Purjealuksella saapuvia odottaa P\u00e4rnussa\u00a0Jahtklubi Linja-autolla P\u00e4rnuun\u00a0 Tallinna-P\u00e4rnu ja Riika-P\u00e4rnu suunnalla liikkuu riitt\u00e4v\u00e4sti linja-autoja, jotta p\u00e4\u00e4set matkakohteeseesi mukavasti [&hellip;]","og_url":"https:\/\/visitparnu.com\/fi\/kuljetus\/","og_site_name":"Visit P\u00e4rnu","article_publisher":"https:\/\/www.facebook.com\/visitparnuEE\/","article_modified_time":"2025-07-16T11:24:33+00:00","og_image":[{"width":1732,"height":1154,"url":"https:\/\/visitparnu.com\/wp-content\/uploads\/2023\/01\/Parnu-transport.jpg","type":"image\/jpeg"}],"twitter_card":"summary_large_image","twitter_misc":{"Arvioitu lukuaika":"7 minuuttia"},"schema":{"@context":"https:\/\/schema.org","@graph":[{"@type":"WebPage","@id":"https:\/\/visitparnu.com\/fi\/kuljetus\/","url":"https:\/\/visitparnu.com\/fi\/kuljetus\/","name":"Kuljetus - Visit P\u00e4rnu","isPartOf":{"@id":"https:\/\/visitparnu.com\/fi\/#website"},"primaryImageOfPage":{"@id":"https:\/\/visitparnu.com\/fi\/kuljetus\/#primaryimage"},"image":{"@id":"https:\/\/visitparnu.com\/fi\/kuljetus\/#primaryimage"},"thumbnailUrl":"https:\/\/visitparnu.com\/wp-content\/uploads\/2023\/01\/Parnu-transport.jpg","datePublished":"2018-10-16T11:14:52+00:00","dateModified":"2025-07-16T11:24:33+00:00","breadcrumb":{"@id":"https:\/\/visitparnu.com\/fi\/kuljetus\/#breadcrumb"},"inLanguage":"fi","potentialAction":[{"@type":"ReadAction","target":["https:\/\/visitparnu.com\/fi\/kuljetus\/"]}]},{"@type":"ImageObject","inLanguage":"fi","@id":"https:\/\/visitparnu.com\/fi\/kuljetus\/#primaryimage","url":"https:\/\/visitparnu.com\/wp-content\/uploads\/2023\/01\/Parnu-transport.jpg","contentUrl":"https:\/\/visitparnu.com\/wp-content\/uploads\/2023\/01\/Parnu-transport.jpg","width":1732,"height":1154},{"@type":"BreadcrumbList","@id":"https:\/\/visitparnu.com\/fi\/kuljetus\/#breadcrumb","itemListElement":[{"@type":"ListItem","position":1,"name":"","item":"https:\/\/visitparnu.com\/fi\/"},{"@type":"ListItem","position":2,"name":"Kuljetus"}]},{"@type":"WebSite","@id":"https:\/\/visitparnu.com\/fi\/#website","url":"https:\/\/visitparnu.com\/fi\/","name":"Visit P\u00e4rnu","description":"","publisher":{"@id":"https:\/\/visitparnu.com\/fi\/#organization"},"potentialAction":[{"@type":"SearchAction","target":{"@type":"EntryPoint","urlTemplate":"https:\/\/visitparnu.com\/fi\/?s={search_term_string}"},"query-input":{"@type":"PropertyValueSpecification","valueRequired":true,"valueName":"search_term_string"}}],"inLanguage":"fi"},{"@type":"Organization","@id":"https:\/\/visitparnu.com\/fi\/#organization","name":"Visit P\u00e4rnu","url":"https:\/\/visitparnu.com\/fi\/","logo":{"@type":"ImageObject","inLanguage":"fi","@id":"https:\/\/visitparnu.com\/fi\/#\/schema\/logo\/image\/","url":"https:\/\/visitparnu.com\/wp-content\/uploads\/2022\/11\/VP_logo.svg","contentUrl":"https:\/\/visitparnu.com\/wp-content\/uploads\/2022\/11\/VP_logo.svg","width":305,"height":33,"caption":"Visit P\u00e4rnu"},"image":{"@id":"https:\/\/visitparnu.com\/fi\/#\/schema\/logo\/image\/"},"sameAs":["https:\/\/www.facebook.com\/visitparnuEE\/","https:\/\/www.youtube.com\/user\/visitparnuestonia\/","https:\/\/www.instagram.com\/visitparnu\/"]}]}},"_links":{"self":[{"href":"https:\/\/visitparnu.com\/fi\/wp-json\/wp\/v2\/pages\/4937153","targetHints":{"allow":["GET"]}}],"collection":[{"href":"https:\/\/visitparnu.com\/fi\/wp-json\/wp\/v2\/pages"}],"about":[{"href":"https:\/\/visitparnu.com\/fi\/wp-json\/wp\/v2\/types\/page"}],"author":[{"embeddable":true,"href":"https:\/\/visitparnu.com\/fi\/wp-json\/wp\/v2\/users\/1"}],"replies":[{"embeddable":true,"href":"https:\/\/visitparnu.com\/fi\/wp-json\/wp\/v2\/comments?post=4937153"}],"version-history":[{"count":24,"href":"https:\/\/visitparnu.com\/fi\/wp-json\/wp\/v2\/pages\/4937153\/revisions"}],"predecessor-version":[{"id":5057240,"href":"https:\/\/visitparnu.com\/fi\/wp-json\/wp\/v2\/pages\/4937153\/revisions\/5057240"}],"wp:featuredmedia":[{"embeddable":true,"href":"https:\/\/visitparnu.com\/fi\/wp-json\/wp\/v2\/media\/4941713"}],"wp:attachment":[{"href":"https:\/\/visitparnu.com\/fi\/wp-json\/wp\/v2\/media?parent=4937153"}],"curies":[{"name":"wp","href":"https:\/\/api.w.org\/{rel}","templated":true}]}}