{"id":4937147,"date":"2020-08-13T12:43:23","date_gmt":"2020-08-13T10:43:23","guid":{"rendered":"https:\/\/visitparnu.com\/retkeilyreitit\/"},"modified":"2023-01-26T14:47:21","modified_gmt":"2023-01-26T12:47:21","slug":"retkeilyreitit","status":"publish","type":"page","link":"https:\/\/visitparnu.com\/fi\/retkeilyreitit\/","title":{"rendered":"Retkeilyreitit"},"content":{"rendered":"\t\t<div data-elementor-type=\"wp-page\" data-elementor-id=\"4937147\" class=\"elementor elementor-4937147 elementor-4936726\" data-elementor-post-type=\"page\">\n\t\t\t\t<div class=\"elementor-element elementor-element-79ec626 content-two-col-block e-flex e-con-boxed e-con e-parent\" data-id=\"79ec626\" data-element_type=\"container\" data-e-type=\"container\">\n\t\t\t\t\t<div class=\"e-con-inner\">\n\t\t<div class=\"elementor-element elementor-element-b149e6e e-con-full e-flex e-con e-parent\" data-id=\"b149e6e\" data-element_type=\"container\" data-e-type=\"container\">\n\t\t\t\t<div class=\"elementor-element elementor-element-598bc0f elementor-widget elementor-widget-text-editor\" data-id=\"598bc0f\" data-element_type=\"widget\" data-e-type=\"widget\" data-widget_type=\"text-editor.default\">\n\t\t\t\t\t\t\t\t\t<p>P\u00e4rnun retkeilyreitit sijaitsevat kauniilla ja luonnon ymp\u00e4r\u00f6imill\u00e4 paikoilla, joita ovat esimerkiksi rantaniitty ja suot. Luontok\u00e4vely auttaa p\u00e4\u00e4sem\u00e4\u00e4n pois kaupungin h\u00e4lin\u00e4st\u00e4 ja n\u00e4kem\u00e4\u00e4n kauniita luonnonmaisemia. Aktiivisen loman viett\u00e4miseksi on ajettava vain hieman pois kaupungista ja vierailtava jollain retkeilyreitill\u00e4. Retkeilyreitit Virossa ovat pituudeltaan ja erityispiirteilt\u00e4\u00e4n erilaisia. P\u00e4rnun luonnossa voi telttailla, bongata lintuja, lumikenk\u00e4ill\u00e4, <a href=\"https:\/\/visitparnu.com\/fi\/kanoottiretket-parnumaalla\/\" target=\"_blank\" rel=\"noopener\">meloa kanootilla<\/a> jne. My\u00f6s telttailu Virossa on mahdollista.<\/p><h2>P\u00e4rnun retkeilyreitit:<\/h2><ul><li><a href=\"https:\/\/visitparnu.com\/fi\/objekt\/penijoen-retkipolut\/\" target=\"_blank\" rel=\"noopener\">Penij\u00f5en retkeilyreitti<\/a> (3,2\u20137 km),<\/li><li><a href=\"https:\/\/visitparnu.com\/fi\/objekt\/kilingi-nommen-retkipolku\/\" target=\"_blank\" rel=\"noopener\">Kilingi-N\u00f5mmen mets\u00e4reitti<\/a> (3 km),<\/li><li><a href=\"https:\/\/visitparnu.com\/fi\/objekt\/raejarven-retkipolku-ja-telttailu-alue\/\" target=\"_blank\" rel=\"noopener\">Rae-j\u00e4rven retkeilyreitti<\/a> (1,7 km),<\/li><li><a href=\"https:\/\/visitparnu.com\/fi\/objekt\/saleveren-salumagi-ja-retkipolku\/\" target=\"_blank\" rel=\"noopener\">Saleveren Salum\u00e4en retkeilyreitti<\/a> (1,5 km),<\/li><li>Sandran retkeilyreitti (400 m),<\/li><li><a href=\"https:\/\/visitparnu.com\/fi\/objekt\/rmkn-suitsun-retkipolku-ja-nakotorni\/\" target=\"_blank\" rel=\"noopener\">Suitsun luontopolku<\/a> (1,3 km),<\/li><li><a href=\"https:\/\/visitparnu.com\/fi\/objekt\/tammisten-metsapolku-ja-nuotiopaikka\/\" target=\"_blank\" rel=\"noopener\">Tammisten mets\u00e4reitti<\/a> (2,8 km),<\/li><li><a href=\"https:\/\/visitparnu.com\/fi\/objekt\/tuhun-suo-ja-retkipolku\/\" target=\"_blank\" rel=\"noopener\">Tuhun retkeilyreitti<\/a> (1 km),<\/li><li><a href=\"https:\/\/visitparnu.com\/fi\/objekt\/rannametsa-tolkuse-luontopolku\/\" target=\"_blank\" rel=\"noopener\">Tolkusen suon retkeilyreitti<\/a> (2,2 km),<\/li><li><a href=\"https:\/\/visitparnu.com\/fi\/objekt\/riisan-luontopolku-soomaan-kansallispuistossa\/\" target=\"_blank\" rel=\"noopener\">Riisan luontopolku<\/a> (4,8 km),<\/li><li><a href=\"https:\/\/visitparnu.com\/fi\/objekt\/nigulan-suon-luontopolku\/\" target=\"_blank\" rel=\"noopener\">Nigulan suon retkeilyreitti<\/a> (6 km),<\/li><li><a href=\"https:\/\/visitparnu.com\/fi\/objekt\/kolgan-luontopolku\/\" target=\"_blank\" rel=\"noopener\">Kolgan luontopolku<\/a> (1,5 km ja 3,5 km),<\/li><li><a href=\"https:\/\/visitparnu.com\/fi\/objekt\/laiksaaren-laaksonpohjametsan-luontopolku\/\" target=\"_blank\" rel=\"noopener\">Laiksaaren luontopolku<\/a> (2 km),<\/li><li><a href=\"https:\/\/visitparnu.com\/fi\/objekt\/rmkn-kablin-luontopolku\/\" target=\"_blank\" rel=\"noopener\">Kablin luontopolku<\/a> (1,8 km)<\/li><li><a href=\"https:\/\/visitparnu.com\/fi\/objekt\/parnun-rantaniityn-luontopolku\/\" target=\"_blank\" rel=\"noopener\">P\u00e4rnun rantaniityn retkeilyreitti<\/a> (600 m),<\/li><li><a href=\"https:\/\/visitparnu.com\/fi\/parnun-aallonmurtaja\/\" target=\"_blank\" rel=\"noopener\">P\u00e4rnun aallonmurtajan pitkospuut ja aallonmurtaja<\/a> (400 m ja 2,5 km),<\/li><li>T\u00f5stamaan retkeilyreitti (5,5 km),<\/li><li><a href=\"https:\/\/visitparnu.com\/fi\/objekt\/koverin-lomakeskuksen-vaellusreitti\/\" target=\"_blank\" rel=\"noopener\">K\u00f5verin retkeilyreitti<\/a> (6 km),<\/li><li><a href=\"https:\/\/visitparnu.com\/fi\/objekt\/kaisman-kuntopolku\/\" target=\"_blank\" rel=\"noopener\">Kaisman Suurj\u00e4rven retkeilyreitti<\/a> (6 km).<\/li><\/ul>\t\t\t\t\t\t\t\t<\/div>\n\t\t\t\t<div class=\"elementor-element elementor-element-45a70b4 elementor-widget elementor-widget-image\" data-id=\"45a70b4\" data-element_type=\"widget\" data-e-type=\"widget\" data-widget_type=\"image.default\">\n\t\t\t\t\t\t\t\t\t\t\t\t\t\t\t<img fetchpriority=\"high\" decoding=\"async\" width=\"768\" height=\"512\" src=\"https:\/\/visitparnu.com\/wp-content\/uploads\/2022\/11\/Suitsu-vaatetorn-e1597323278508-768x512.jpg\" class=\"attachment-medium_large size-medium_large wp-image-4918966\" alt=\"\" srcset=\"https:\/\/visitparnu.com\/wp-content\/uploads\/2022\/11\/Suitsu-vaatetorn-e1597323278508-768x512.jpg 768w, https:\/\/visitparnu.com\/wp-content\/uploads\/2022\/11\/Suitsu-vaatetorn-e1597323278508-300x200.jpg 300w, https:\/\/visitparnu.com\/wp-content\/uploads\/2022\/11\/Suitsu-vaatetorn-e1597323278508.jpg 1000w\" sizes=\"(max-width: 768px) 100vw, 768px\" \/>\t\t\t\t\t\t\t\t\t\t\t\t\t\t\t<\/div>\n\t\t\t\t<div class=\"elementor-element elementor-element-758f1bc elementor-widget elementor-widget-text-editor\" data-id=\"758f1bc\" data-element_type=\"widget\" data-e-type=\"widget\" data-widget_type=\"text-editor.default\">\n\t\t\t\t\t\t\t\t\t<p>P\u00e4rnussa on yli 18 retkeilyreitti\u00e4 ja luontopolkua, jotka tarjoavat monipuolisia mahdollisuuksia luonnossa virkist\u00e4ytymiseen. Retkeilyreittien tarkoituksena on tutustua luontoon h\u00e4iritsem\u00e4tt\u00e4 sit\u00e4. Lis\u00e4ksi P\u00e4rnumaan l\u00e4pi kulkee Rannikun retkeilyreitti, joka on osa <a href=\"https:\/\/baltictrails.eu\/en\/coastal?lang=en\" target=\"_blank\" rel=\"noopener\">Euroopan kaukovaellusreitti\u00e4 E9<\/a>, ja jolla mets\u00e4vaellus on mahdollista, jos vaeltaminen Virossa kiinnostaa.<\/p><p>Retkeilyreitit Virossa ovat turvallisia ja helppokulkuisia \u2013 polku tuo yleens\u00e4 turvallisesti takaisin alkuun. <strong>Mets\u00e4poluilla voi kohdata erilaisia pieni\u00e4 ja suuria mets\u00e4n asukkaita<\/strong>, jotka touhuavat juuri sill\u00e4 hetkell\u00e4 elinymp\u00e4rist\u00f6ss\u00e4\u00e4n. P\u00e4rnumaan retkeilyreitit johtavat niin kansallispuistoihin (Matsalu ja Soomaa), soille, kyliin kuin my\u00f6s rantaniityille. Monilla retkeilyreiteill\u00e4 on my\u00f6s n\u00e4k\u00f6torneja, jotka ilahduttavat upeilla n\u00e4k\u00f6aloillaan sek\u00e4 suurten ett\u00e4 pienten silmi\u00e4. Opastettu polku on hyv\u00e4 tapa oppia alueen luonnosta.<\/p><p><strong>P\u00e4rnun suosituimmat retkeilyreitit ovat<\/strong> Tolkuse ja Riisa. Soomaalla sijaitsevasta Riisan suon retkeilyreitist\u00e4 tekee erityisen leve\u00e4t pitkospuut ja helppo p\u00e4\u00e4sy sek\u00e4 lastenvaunuilla ett\u00e4 py\u00f6r\u00e4tuolilla.<\/p>\t\t\t\t\t\t\t\t<\/div>\n\t\t\t\t<div class=\"elementor-element elementor-element-c7ded61 elementor-widget elementor-widget-image\" data-id=\"c7ded61\" data-element_type=\"widget\" data-e-type=\"widget\" data-widget_type=\"image.default\">\n\t\t\t\t\t\t\t\t\t\t\t\t\t\t\t<img decoding=\"async\" width=\"768\" height=\"512\" src=\"https:\/\/visitparnu.com\/wp-content\/uploads\/2022\/11\/Riisa-raba-e1597323378574-768x512.jpg\" class=\"attachment-medium_large size-medium_large wp-image-4918753\" alt=\"Riisa raba\" srcset=\"https:\/\/visitparnu.com\/wp-content\/uploads\/2022\/11\/Riisa-raba-e1597323378574-768x512.jpg 768w, https:\/\/visitparnu.com\/wp-content\/uploads\/2022\/11\/Riisa-raba-e1597323378574-300x200.jpg 300w, https:\/\/visitparnu.com\/wp-content\/uploads\/2022\/11\/Riisa-raba-e1597323378574.jpg 1000w\" sizes=\"(max-width: 768px) 100vw, 768px\" \/>\t\t\t\t\t\t\t\t\t\t\t\t\t\t\t<\/div>\n\t\t\t\t<\/div>\n\t\t<div class=\"elementor-element elementor-element-62c9c77 e-con-full e-flex e-con e-parent\" data-id=\"62c9c77\" data-element_type=\"container\" data-e-type=\"container\">\n\t\t\t\t<div class=\"elementor-element elementor-element-d4c9085 elementor-widget elementor-widget-text-editor\" data-id=\"d4c9085\" data-element_type=\"widget\" data-e-type=\"widget\" data-widget_type=\"text-editor.default\">\n\t\t\t\t\t\t\t\t\t<h2>Retkeilyreittien esittelyt<\/h2><p><strong>Kablin luontopolulla<\/strong> voi vierailla meren rannalla m\u00e4ntymets\u00e4ss\u00e4 sijaitsevassa Kablin vierailukeskuksessa. L\u00e4hist\u00f6ll\u00e4 sijaitsevat my\u00f6s Kablin lintuasema ja Priivitsan nuotiopaikka, jossa voi tehd\u00e4 nuotion ja ruokailla.<\/p><p><strong>Kilingi-N\u00f5mmen retkeilyreitill\u00e4<\/strong> voi y\u00f6py\u00e4 RMK:n mets\u00e4m\u00f6kiss\u00e4, johon mahtuu 6 henkil\u00f6\u00e4.<\/p><p><strong>Kolgan luontopolku<\/strong> on ihanteellinen paikka lyhyiden vaellusten ja opintoretkien tekemiseen.<\/p><p><strong>Laiksaaren luontopolulla<\/strong> voi testata itsens\u00e4 \u00e4lypeliss\u00e4 ja nauttia Virossa harvinaisesta rantamets\u00e4st\u00e4.<\/p><p>Matsalun kansallispuiston vierailukeskuksesta alkava <strong>Penij\u00f5en retkeilyreitti<\/strong> tarjoaa erilaisia kulkumahdollisuuksia, ja n\u00e4k\u00f6tornista voi seurata yht\u00e4 Euroopan runsaslintuisimmista paikoista. Penij\u00f5en l\u00e4helt\u00e4 l\u00f6ytyy my\u00f6s useita muita RMK:n retkeilyreittej\u00e4.<\/p><p>Nigulan luonnonsuojelualueella sijaitsee <strong>Nigulan suon luontopolku<\/strong>, jonka n\u00e4k\u00f6tornista on hyv\u00e4 seurata suon asukkaiden touhuja, ja lintujen tarkkailu Virossa onkin suosittua puuhaa. L\u00e4hell\u00e4 Latvian rajaa sijaitsevalla Sookuningan luonnonsuojelualueella on <strong>Sandran retkeilyreitti<\/strong>, jossa voi lev\u00e4t\u00e4 mets\u00e4m\u00f6kiss\u00e4.<\/p><p><strong>Rannametsa-Tolkusen luontopolun<\/strong> kulkeminen kest\u00e4\u00e4 noin 1,5\u20132 tuntia. <br \/>Siell\u00e4 voi vierailla 18 metri\u00e4 korkeassa n\u00e4k\u00f6tornissa, josta avautuu upea n\u00e4k\u00f6ala H\u00e4\u00e4demeesten rantaniitylle ja P\u00e4rnunlahdelle sek\u00e4 Tolkusen suolle.<\/p><p><strong>Riisan luontopolku<\/strong> tarjoaa mahdollisuuden nauttia suon hiljaisuudesta, kiivet\u00e4 n\u00e4k\u00f6torniin ja pelata interaktiivista \u00e4lypeli\u00e4.<\/p><p><strong>P\u00e4rnun rantaniitty<\/strong> tarjoaa mahdollisuuden vierailla n\u00e4k\u00f6tornissa ja k\u00e4vell\u00e4 tulvivien niittyjen yl\u00e4puolella, <strong>Tammisten luontopolku<\/strong> sopii hyvin k\u00e4vely- ja kuntoilupoluksi.<\/p><p>P\u00e4rnujoen rantaa pitkin kiemurtelevat <strong>P\u00e4rnun aallonmurtajan pitkospuut<\/strong>.<\/p>\t\t\t\t\t\t\t\t<\/div>\n\t\t\t\t<div class=\"elementor-element elementor-element-183cb0e elementor-widget elementor-widget-image\" data-id=\"183cb0e\" data-element_type=\"widget\" data-e-type=\"widget\" data-widget_type=\"image.default\">\n\t\t\t\t\t\t\t\t\t\t\t\t\t\t\t<img decoding=\"async\" width=\"768\" height=\"511\" src=\"https:\/\/visitparnu.com\/wp-content\/uploads\/2022\/11\/Parnu-raatsamatk-e1597322707869-768x511.jpg\" class=\"attachment-medium_large size-medium_large wp-image-4918967\" alt=\"\" srcset=\"https:\/\/visitparnu.com\/wp-content\/uploads\/2022\/11\/Parnu-raatsamatk-e1597322707869-768x511.jpg 768w, https:\/\/visitparnu.com\/wp-content\/uploads\/2022\/11\/Parnu-raatsamatk-e1597322707869-300x200.jpg 300w, https:\/\/visitparnu.com\/wp-content\/uploads\/2022\/11\/Parnu-raatsamatk-e1597322707869.jpg 1000w\" sizes=\"(max-width: 768px) 100vw, 768px\" \/>\t\t\t\t\t\t\t\t\t\t\t\t\t\t\t<\/div>\n\t\t\t\t<div class=\"elementor-element elementor-element-3c0c3a5 elementor-widget elementor-widget-text-editor\" data-id=\"3c0c3a5\" data-element_type=\"widget\" data-e-type=\"widget\" data-widget_type=\"text-editor.default\">\n\t\t\t\t\t\t\t\t\t<h2>Suoretket<\/h2><p>Monet retkeilyreitit sijaitsevat soilla ja niill\u00e4 voi kulkea sek\u00e4 pitkospuita pitkin ett\u00e4 lumikengill\u00e4. Oppaan johdolla p\u00e4\u00e4see tutustumaan Viron upeaan luontoon ja saamaan tietoa P\u00e4rnumaan luonnon erityispiirteist\u00e4. Lumikenk\u00e4ily on hyv\u00e4 tapa liikkua suolla luontoa vahingoittamatta.<br \/>Muista, ett\u00e4 15.4.\u201315.6. metsiss\u00e4 on hakkuurauha, joka on ollut voimassa vuodesta 2002. Hakkuurauhan aikana keskeytet\u00e4\u00e4n kev\u00e4thakkuut, jotka h\u00e4iritsev\u00e4t lintujen ja el\u00e4inten pesim\u00e4kautta. Samaan aikaan on my\u00f6s Soomaalla alkanut <strong>\u201dlumikenk\u00e4rauha\u201d<\/strong>, jonka aikana suojatuilla soilla liikkumista lumikengill\u00e4 ei suositella.<\/p><h2>Miten retkeilyreitill\u00e4 k\u00e4ytt\u00e4ydyt\u00e4\u00e4n?<\/h2><ul><li>Mieti, minne olet menossa ja mit\u00e4 teet<\/li><li>Tutustu alueeseen etuk\u00e4teen netiss\u00e4, jotta tied\u00e4t, millainen reitti on<\/li><li>Noudata yleisi\u00e4 j\u00e4rjestyss\u00e4\u00e4nt\u00f6j\u00e4<\/li><li>Liiku olemassa olevilla teill\u00e4 ja poluilla<\/li><li>\u00c4l\u00e4 h\u00e4iritse muita retkeilij\u00f6it\u00e4 tai mets\u00e4n asukkaita<\/li><li>Ota aina kaikki roskat mukaasi<\/li><li>Telttaile ja tee nuotio siihen tarkoitetuilla alueilla<\/li><\/ul>\t\t\t\t\t\t\t\t<\/div>\n\t\t\t\t<\/div>\n\t\t\t\t\t<\/div>\n\t\t\t\t<\/div>\n\t\t\t\t<\/div>\n\t\t","protected":false},"excerpt":{"rendered":"<p>P\u00e4rnun retkeilyreitit sijaitsevat kauniilla ja luonnon ymp\u00e4r\u00f6imill\u00e4 paikoilla, joita ovat esimerkiksi rantaniitty ja suot. Luontok\u00e4vely auttaa p\u00e4\u00e4sem\u00e4\u00e4n pois kaupungin h\u00e4lin\u00e4st\u00e4 ja n\u00e4kem\u00e4\u00e4n kauniita luonnonmaisemia. Aktiivisen loman viett\u00e4miseksi on ajettava vain hieman pois kaupungista ja vierailtava jollain retkeilyreitill\u00e4. Retkeilyreitit Virossa ovat pituudeltaan ja erityispiirteilt\u00e4\u00e4n erilaisia. P\u00e4rnun luonnossa voi telttailla, bongata lintuja, lumikenk\u00e4ill\u00e4, meloa kanootilla jne. My\u00f6s [&hellip;]<\/p>\n","protected":false},"author":1,"featured_media":4918966,"parent":0,"menu_order":0,"comment_status":"closed","ping_status":"closed","template":"","meta":{"_acf_changed":false,"footnotes":""},"class_list":["post-4937147","page","type-page","status-publish","has-post-thumbnail","hentry"],"acf":[],"yoast_head":"<!-- This site is optimized with the Yoast SEO plugin v27.3 - https:\/\/yoast.com\/product\/yoast-seo-wordpress\/ -->\n<title>Retkeilyreitit - Visit P\u00e4rnu<\/title>\n<meta name=\"robots\" content=\"index, follow, max-snippet:-1, max-image-preview:large, max-video-preview:-1\" \/>\n<link rel=\"canonical\" href=\"https:\/\/visitparnu.com\/fi\/retkeilyreitit\/\" \/>\n<meta property=\"og:locale\" content=\"fi_FI\" \/>\n<meta property=\"og:type\" content=\"article\" \/>\n<meta property=\"og:title\" content=\"Retkeilyreitit - Visit P\u00e4rnu\" \/>\n<meta property=\"og:description\" content=\"P\u00e4rnun retkeilyreitit sijaitsevat kauniilla ja luonnon ymp\u00e4r\u00f6imill\u00e4 paikoilla, joita ovat esimerkiksi rantaniitty ja suot. Luontok\u00e4vely auttaa p\u00e4\u00e4sem\u00e4\u00e4n pois kaupungin h\u00e4lin\u00e4st\u00e4 ja n\u00e4kem\u00e4\u00e4n kauniita luonnonmaisemia. Aktiivisen loman viett\u00e4miseksi on ajettava vain hieman pois kaupungista ja vierailtava jollain retkeilyreitill\u00e4. Retkeilyreitit Virossa ovat pituudeltaan ja erityispiirteilt\u00e4\u00e4n erilaisia. P\u00e4rnun luonnossa voi telttailla, bongata lintuja, lumikenk\u00e4ill\u00e4, meloa kanootilla jne. My\u00f6s [&hellip;]\" \/>\n<meta property=\"og:url\" content=\"https:\/\/visitparnu.com\/fi\/retkeilyreitit\/\" \/>\n<meta property=\"og:site_name\" content=\"Visit P\u00e4rnu\" \/>\n<meta property=\"article:publisher\" content=\"https:\/\/www.facebook.com\/visitparnuEE\/\" \/>\n<meta property=\"article:modified_time\" content=\"2023-01-26T12:47:21+00:00\" \/>\n<meta property=\"og:image\" content=\"https:\/\/visitparnu.com\/wp-content\/uploads\/2022\/11\/Suitsu-vaatetorn-e1597323278508.jpg\" \/>\n\t<meta property=\"og:image:width\" content=\"1000\" \/>\n\t<meta property=\"og:image:height\" content=\"667\" \/>\n\t<meta property=\"og:image:type\" content=\"image\/jpeg\" \/>\n<meta name=\"twitter:card\" content=\"summary_large_image\" \/>\n<meta name=\"twitter:label1\" content=\"Arvioitu lukuaika\" \/>\n\t<meta name=\"twitter:data1\" content=\"5 minuuttia\" \/>\n<script type=\"application\/ld+json\" class=\"yoast-schema-graph\">{\"@context\":\"https:\\\/\\\/schema.org\",\"@graph\":[{\"@type\":\"WebPage\",\"@id\":\"https:\\\/\\\/visitparnu.com\\\/fi\\\/retkeilyreitit\\\/\",\"url\":\"https:\\\/\\\/visitparnu.com\\\/fi\\\/retkeilyreitit\\\/\",\"name\":\"Retkeilyreitit - Visit P\u00e4rnu\",\"isPartOf\":{\"@id\":\"https:\\\/\\\/visitparnu.com\\\/fi\\\/#website\"},\"primaryImageOfPage\":{\"@id\":\"https:\\\/\\\/visitparnu.com\\\/fi\\\/retkeilyreitit\\\/#primaryimage\"},\"image\":{\"@id\":\"https:\\\/\\\/visitparnu.com\\\/fi\\\/retkeilyreitit\\\/#primaryimage\"},\"thumbnailUrl\":\"https:\\\/\\\/visitparnu.com\\\/wp-content\\\/uploads\\\/2022\\\/11\\\/Suitsu-vaatetorn-e1597323278508.jpg\",\"datePublished\":\"2020-08-13T10:43:23+00:00\",\"dateModified\":\"2023-01-26T12:47:21+00:00\",\"breadcrumb\":{\"@id\":\"https:\\\/\\\/visitparnu.com\\\/fi\\\/retkeilyreitit\\\/#breadcrumb\"},\"inLanguage\":\"fi\",\"potentialAction\":[{\"@type\":\"ReadAction\",\"target\":[\"https:\\\/\\\/visitparnu.com\\\/fi\\\/retkeilyreitit\\\/\"]}]},{\"@type\":\"ImageObject\",\"inLanguage\":\"fi\",\"@id\":\"https:\\\/\\\/visitparnu.com\\\/fi\\\/retkeilyreitit\\\/#primaryimage\",\"url\":\"https:\\\/\\\/visitparnu.com\\\/wp-content\\\/uploads\\\/2022\\\/11\\\/Suitsu-vaatetorn-e1597323278508.jpg\",\"contentUrl\":\"https:\\\/\\\/visitparnu.com\\\/wp-content\\\/uploads\\\/2022\\\/11\\\/Suitsu-vaatetorn-e1597323278508.jpg\",\"width\":1000,\"height\":667},{\"@type\":\"BreadcrumbList\",\"@id\":\"https:\\\/\\\/visitparnu.com\\\/fi\\\/retkeilyreitit\\\/#breadcrumb\",\"itemListElement\":[{\"@type\":\"ListItem\",\"position\":1,\"name\":\"\",\"item\":\"https:\\\/\\\/visitparnu.com\\\/fi\\\/\"},{\"@type\":\"ListItem\",\"position\":2,\"name\":\"Retkeilyreitit\"}]},{\"@type\":\"WebSite\",\"@id\":\"https:\\\/\\\/visitparnu.com\\\/fi\\\/#website\",\"url\":\"https:\\\/\\\/visitparnu.com\\\/fi\\\/\",\"name\":\"Visit P\u00e4rnu\",\"description\":\"\",\"publisher\":{\"@id\":\"https:\\\/\\\/visitparnu.com\\\/fi\\\/#organization\"},\"potentialAction\":[{\"@type\":\"SearchAction\",\"target\":{\"@type\":\"EntryPoint\",\"urlTemplate\":\"https:\\\/\\\/visitparnu.com\\\/fi\\\/?s={search_term_string}\"},\"query-input\":{\"@type\":\"PropertyValueSpecification\",\"valueRequired\":true,\"valueName\":\"search_term_string\"}}],\"inLanguage\":\"fi\"},{\"@type\":\"Organization\",\"@id\":\"https:\\\/\\\/visitparnu.com\\\/fi\\\/#organization\",\"name\":\"Visit P\u00e4rnu\",\"url\":\"https:\\\/\\\/visitparnu.com\\\/fi\\\/\",\"logo\":{\"@type\":\"ImageObject\",\"inLanguage\":\"fi\",\"@id\":\"https:\\\/\\\/visitparnu.com\\\/fi\\\/#\\\/schema\\\/logo\\\/image\\\/\",\"url\":\"https:\\\/\\\/visitparnu.com\\\/wp-content\\\/uploads\\\/2022\\\/11\\\/VP_logo.svg\",\"contentUrl\":\"https:\\\/\\\/visitparnu.com\\\/wp-content\\\/uploads\\\/2022\\\/11\\\/VP_logo.svg\",\"width\":305,\"height\":33,\"caption\":\"Visit P\u00e4rnu\"},\"image\":{\"@id\":\"https:\\\/\\\/visitparnu.com\\\/fi\\\/#\\\/schema\\\/logo\\\/image\\\/\"},\"sameAs\":[\"https:\\\/\\\/www.facebook.com\\\/visitparnuEE\\\/\",\"https:\\\/\\\/www.youtube.com\\\/user\\\/visitparnuestonia\\\/\",\"https:\\\/\\\/www.instagram.com\\\/visitparnu\\\/\"]}]}<\/script>\n<!-- \/ Yoast SEO plugin. -->","yoast_head_json":{"title":"Retkeilyreitit - Visit P\u00e4rnu","robots":{"index":"index","follow":"follow","max-snippet":"max-snippet:-1","max-image-preview":"max-image-preview:large","max-video-preview":"max-video-preview:-1"},"canonical":"https:\/\/visitparnu.com\/fi\/retkeilyreitit\/","og_locale":"fi_FI","og_type":"article","og_title":"Retkeilyreitit - Visit P\u00e4rnu","og_description":"P\u00e4rnun retkeilyreitit sijaitsevat kauniilla ja luonnon ymp\u00e4r\u00f6imill\u00e4 paikoilla, joita ovat esimerkiksi rantaniitty ja suot. Luontok\u00e4vely auttaa p\u00e4\u00e4sem\u00e4\u00e4n pois kaupungin h\u00e4lin\u00e4st\u00e4 ja n\u00e4kem\u00e4\u00e4n kauniita luonnonmaisemia. Aktiivisen loman viett\u00e4miseksi on ajettava vain hieman pois kaupungista ja vierailtava jollain retkeilyreitill\u00e4. Retkeilyreitit Virossa ovat pituudeltaan ja erityispiirteilt\u00e4\u00e4n erilaisia. P\u00e4rnun luonnossa voi telttailla, bongata lintuja, lumikenk\u00e4ill\u00e4, meloa kanootilla jne. My\u00f6s [&hellip;]","og_url":"https:\/\/visitparnu.com\/fi\/retkeilyreitit\/","og_site_name":"Visit P\u00e4rnu","article_publisher":"https:\/\/www.facebook.com\/visitparnuEE\/","article_modified_time":"2023-01-26T12:47:21+00:00","og_image":[{"width":1000,"height":667,"url":"https:\/\/visitparnu.com\/wp-content\/uploads\/2022\/11\/Suitsu-vaatetorn-e1597323278508.jpg","type":"image\/jpeg"}],"twitter_card":"summary_large_image","twitter_misc":{"Arvioitu lukuaika":"5 minuuttia"},"schema":{"@context":"https:\/\/schema.org","@graph":[{"@type":"WebPage","@id":"https:\/\/visitparnu.com\/fi\/retkeilyreitit\/","url":"https:\/\/visitparnu.com\/fi\/retkeilyreitit\/","name":"Retkeilyreitit - Visit P\u00e4rnu","isPartOf":{"@id":"https:\/\/visitparnu.com\/fi\/#website"},"primaryImageOfPage":{"@id":"https:\/\/visitparnu.com\/fi\/retkeilyreitit\/#primaryimage"},"image":{"@id":"https:\/\/visitparnu.com\/fi\/retkeilyreitit\/#primaryimage"},"thumbnailUrl":"https:\/\/visitparnu.com\/wp-content\/uploads\/2022\/11\/Suitsu-vaatetorn-e1597323278508.jpg","datePublished":"2020-08-13T10:43:23+00:00","dateModified":"2023-01-26T12:47:21+00:00","breadcrumb":{"@id":"https:\/\/visitparnu.com\/fi\/retkeilyreitit\/#breadcrumb"},"inLanguage":"fi","potentialAction":[{"@type":"ReadAction","target":["https:\/\/visitparnu.com\/fi\/retkeilyreitit\/"]}]},{"@type":"ImageObject","inLanguage":"fi","@id":"https:\/\/visitparnu.com\/fi\/retkeilyreitit\/#primaryimage","url":"https:\/\/visitparnu.com\/wp-content\/uploads\/2022\/11\/Suitsu-vaatetorn-e1597323278508.jpg","contentUrl":"https:\/\/visitparnu.com\/wp-content\/uploads\/2022\/11\/Suitsu-vaatetorn-e1597323278508.jpg","width":1000,"height":667},{"@type":"BreadcrumbList","@id":"https:\/\/visitparnu.com\/fi\/retkeilyreitit\/#breadcrumb","itemListElement":[{"@type":"ListItem","position":1,"name":"","item":"https:\/\/visitparnu.com\/fi\/"},{"@type":"ListItem","position":2,"name":"Retkeilyreitit"}]},{"@type":"WebSite","@id":"https:\/\/visitparnu.com\/fi\/#website","url":"https:\/\/visitparnu.com\/fi\/","name":"Visit P\u00e4rnu","description":"","publisher":{"@id":"https:\/\/visitparnu.com\/fi\/#organization"},"potentialAction":[{"@type":"SearchAction","target":{"@type":"EntryPoint","urlTemplate":"https:\/\/visitparnu.com\/fi\/?s={search_term_string}"},"query-input":{"@type":"PropertyValueSpecification","valueRequired":true,"valueName":"search_term_string"}}],"inLanguage":"fi"},{"@type":"Organization","@id":"https:\/\/visitparnu.com\/fi\/#organization","name":"Visit P\u00e4rnu","url":"https:\/\/visitparnu.com\/fi\/","logo":{"@type":"ImageObject","inLanguage":"fi","@id":"https:\/\/visitparnu.com\/fi\/#\/schema\/logo\/image\/","url":"https:\/\/visitparnu.com\/wp-content\/uploads\/2022\/11\/VP_logo.svg","contentUrl":"https:\/\/visitparnu.com\/wp-content\/uploads\/2022\/11\/VP_logo.svg","width":305,"height":33,"caption":"Visit P\u00e4rnu"},"image":{"@id":"https:\/\/visitparnu.com\/fi\/#\/schema\/logo\/image\/"},"sameAs":["https:\/\/www.facebook.com\/visitparnuEE\/","https:\/\/www.youtube.com\/user\/visitparnuestonia\/","https:\/\/www.instagram.com\/visitparnu\/"]}]}},"_links":{"self":[{"href":"https:\/\/visitparnu.com\/fi\/wp-json\/wp\/v2\/pages\/4937147","targetHints":{"allow":["GET"]}}],"collection":[{"href":"https:\/\/visitparnu.com\/fi\/wp-json\/wp\/v2\/pages"}],"about":[{"href":"https:\/\/visitparnu.com\/fi\/wp-json\/wp\/v2\/types\/page"}],"author":[{"embeddable":true,"href":"https:\/\/visitparnu.com\/fi\/wp-json\/wp\/v2\/users\/1"}],"replies":[{"embeddable":true,"href":"https:\/\/visitparnu.com\/fi\/wp-json\/wp\/v2\/comments?post=4937147"}],"version-history":[{"count":16,"href":"https:\/\/visitparnu.com\/fi\/wp-json\/wp\/v2\/pages\/4937147\/revisions"}],"predecessor-version":[{"id":4954712,"href":"https:\/\/visitparnu.com\/fi\/wp-json\/wp\/v2\/pages\/4937147\/revisions\/4954712"}],"wp:featuredmedia":[{"embeddable":true,"href":"https:\/\/visitparnu.com\/fi\/wp-json\/wp\/v2\/media\/4918966"}],"wp:attachment":[{"href":"https:\/\/visitparnu.com\/fi\/wp-json\/wp\/v2\/media?parent=4937147"}],"curies":[{"name":"wp","href":"https:\/\/api.w.org\/{rel}","templated":true}]}}