{"id":4937132,"date":"2020-02-05T12:51:42","date_gmt":"2020-02-05T10:51:42","guid":{"rendered":"https:\/\/visitparnu.com\/yksityisyyssuojaehtoihin\/"},"modified":"2023-01-29T14:28:22","modified_gmt":"2023-01-29T12:28:22","slug":"yksityisyyssuojaehtoihin","status":"publish","type":"page","link":"https:\/\/visitparnu.com\/fi\/yksityisyyssuojaehtoihin\/","title":{"rendered":"Yksityisyyssuojaehtoihin"},"content":{"rendered":"\t\t<div data-elementor-type=\"wp-page\" data-elementor-id=\"4937132\" class=\"elementor elementor-4937132 elementor-4936702\" data-elementor-post-type=\"page\">\n\t\t\t\t\t\t<section class=\"elementor-section elementor-top-section elementor-element elementor-element-b6ca961 elementor-section-full_width elementor-section-height-default elementor-section-height-default\" data-id=\"b6ca961\" data-element_type=\"section\" data-e-type=\"section\">\n\t\t\t\t\t\t<div class=\"elementor-container elementor-column-gap-default\">\n\t\t\t\t\t<div class=\"elementor-column elementor-col-50 elementor-top-column elementor-element elementor-element-c0b0125\" data-id=\"c0b0125\" data-element_type=\"column\" data-e-type=\"column\">\n\t\t\t<div class=\"elementor-widget-wrap elementor-element-populated\">\n\t\t\t\t\t\t<div class=\"elementor-element elementor-element-5d88cec elementor-widget elementor-widget-text-editor\" data-id=\"5d88cec\" data-element_type=\"widget\" data-e-type=\"widget\" data-widget_type=\"text-editor.default\">\n\t\t\t\t\t\t\t\t\t<p>Veebilehe\u202f<a href=\"https:\/\/www.visitparnu.com\">www.visiparnu.com<\/a>\u202f kasutajate isikuandmete t\u00f6\u00f6tlemisel vastutavaks t\u00f6\u00f6tlejaks on P\u00e4rnu Linnavalitsus, registrikood 75000064, Suur-Sepa 16, 80098 P\u00e4rnu linn, P\u00e4rnu linn, linnavalitsus@parnu.ee, rohkem teavet asutuse \u00fcleste andmekaitsetingimuste kohta leiad <a href=\"https:\/\/parnu.ee\/omavalitsuse-uldinfo\/isikuandmete-kaitse\" target=\"_blank\" rel=\"noopener\">SIIT<\/a>.<\/p>\n<h2>Veebilehitseja k\u00fcpsised<\/h2>\n<p>Veebilehe k\u00fclastamisel kasutame Teie sessiooni identifitseerimiseks k\u00fcpsiseid (<em>cookies<\/em>). Andmeid t\u00f6\u00f6tleme \u00fcksnes isikustamata kujul k\u00fclastusstatistika tegemiseks, et selle p\u00f5hjal lehek\u00fclgi arendada ja k\u00fclastajatele mugavamaks muuta. K\u00fcpsiste kasutamise p\u00f5him\u00f5tted on n\u00e4htavad <a href=\"https:\/\/parnu.ee\/omavalitsuse-uldinfo\/kuepsised-cookies\">SIIN<\/a>.<\/p>\n\t\t\t\t\t\t\t\t<\/div>\n\t\t\t\t<div class=\"elementor-element elementor-element-55bd400 elementor-hidden-desktop elementor-hidden-tablet elementor-hidden-mobile elementor-widget elementor-widget-text-editor\" data-id=\"55bd400\" data-element_type=\"widget\" data-e-type=\"widget\" data-widget_type=\"text-editor.default\">\n\t\t\t\t\t\t\t\t\t<h1>Privaatsuse ja k\u00fcpsiste eeskirjad<\/h1>\n<p>K\u00e4esolevad Privaatsuseeskirjad reguleerivad seda, kuidas P\u00e4rnu Linnavalitsus kogub, kasutab, s\u00e4ilitab ja avalikustab veebilehel www.visitparnu.com (edaspidi \u201eVeebileht\u201c kasutajatelt (eraldi viidatud kui \u201eKasutaja\u201c) kogutud teavet.<\/p>\n<h2>Isikutuvastusandmed<\/h2>\n<p>Me v\u00f5ime Kasutajalt isikuandmeid koguda mitmel erineval viisil, sealhulgas siis, kuid mitte ainult, kui Kasutajad k\u00fclastavad meie Veebilehte, registreeruvad Veebilehel, vormistavad tellimuse, t\u00e4idavad vormi v\u00f5i k\u00fcsimustiku, samuti seoses muude tegevuste, teenuste, funktsioonide v\u00f5i ressursside kasutamisega, mis me oleme Veebilehel k\u00e4ttesaadavaks muutnud. Kasutajatelt v\u00f5idakse vajadusel k\u00fcsida nime, e-posti aadressi, telefoninumbrit. Sellegipoolest on Kasutajatel v\u00f5imalik meie Veebilehte ka anon\u00fc\u00fcmselt k\u00fclastada. Me kogume Kasutajatelt isikuandmeid ainult juhul, kui nad edastavad meile sellist teavet vabatahtlikult. Kasutajad v\u00f5ivad alati keelduda isikut t\u00f5endava teabe andmisest, kuigi neil ei pruugi selle tulemusel olla v\u00f5imalik m\u00f5nd Veebilehe funktsiooni kasutada.\u00a0<\/p>\n<p>Uudiskirja saatmiseks kogutakse ja s\u00e4ilitatakse uudiskirja saaja e-posti aadressi kuni kasutaja soovib uudiskirja saada. Kasutajatel on v\u00f5imalik igal ajal uudiskirja saamisest loobuda, kasutades selleks k\u00f5ikide uudiskirjade juurde lisatud veebilinki.<\/p>\n<h2>Isikustamata tuvastusandmed<\/h2>\n<p>Me v\u00f5ime koguda kasutajate isikustamata tuvastusandmeid mis tahes ajal, kui nad meie Veebilehte kasutavad. Isikustamata tuvastusandmete hulka v\u00f5ivad kuuluda veebilehitseja nimi, arvuti t\u00fc\u00fcp ja tehniline teave selle kohta, kuidas Kasutajad on meie Veebilehega \u00fchenduses, n\u00e4iteks teave operatsioonis\u00fcsteemi ja kasutatavate interneti teenusepakkujate kohta ning muu sarnane teave.<\/p>\n<h2>Veebilehitseja k\u00fcpsised<\/h2>\n<p>Kasutajakogemuse parandamiseks v\u00f5idakse meie Veebilehel kasutada k\u00fcpsiseid. Kasutaja veebilehitseja paigutab oma k\u00f5vakettale k\u00fcpsiseid salvestamise ja m\u00f5nikord ka teabe j\u00e4lgimise eesm\u00e4rgil. Kasutaja v\u00f5ib seadistada oma veebilehitseja nii, et see keelustab k\u00fcpsised v\u00f5i annab k\u00fcpsiste saatmisest m\u00e4rku. Kui seda tehakse, tuleb meeles pidada, et m\u00f5ned Veebilehe osad ei pruugi selle tulemusel enam funktsioneerida.<\/p>\n<h2>Kuidas me kogutud isikuandmeid kasutame<\/h2>\n<ul>\n<li>Kasutajakogemuse parandamiseks<\/li>\n<li>Veebilehe t\u00e4iustamiseks ja arendamiseks<\/li>\n<li>Klienditeeninduse parandamiseks<\/li>\n<li>Uudiskirjaga liitujate e-mailile, saadame aeg-ajalt uudiskirja.<\/li>\n<\/ul>\n<h2>Kuidas me sinu isikuandmeid kaitseme<\/h2>\n<p>Me rakendame asjakohaseid andmete kogumise, s\u00e4ilitamise ja t\u00f6\u00f6tlemise tavasid ning turvameetmeid, et kaitsta sinu isikuandmeid, kasutajanime, salas\u00f5na, tehingute andmeid ja muid meie Veebilehel salvestatud andmeid loata juurdep\u00e4\u00e4su, muutmise, avalikustamise v\u00f5i h\u00e4vitamise eest.<\/p>\n<h2>Sinu isikuandmete jagamine<\/h2>\n<p>Me ei m\u00fc\u00fc, vaheta ega rendi Kasutajate isikuandmeid kolmandatele isikutele. Me v\u00f5ime \u00fclaltoodud eesm\u00e4rkidel jagada oma \u00e4ripartnerite, usaldusv\u00e4\u00e4rsete t\u00fctarettev\u00f5tete ja reklaamijatega \u00fcldist koondatud demograafilist teavet, mis ei ole seotud k\u00fclastajate ja kasutajate tuvastamist v\u00f5imaldavate isikuandmetega. Me v\u00f5ime kasutada kolmandatest isikutest teenusepakkujaid, et aidata meil oma \u00e4ri ja Veebilehte hallata v\u00f5i teostada tegevusi meie nimel, nt uudiskirjade v\u00f5i k\u00fcsitluste saatmine. Me v\u00f5ime jagada sinu teavet nende kolmandate osapooltega piiratud eesm\u00e4rkidel tingimusel, et oled meile selleks vastava loa andnud.P<\/p>\n\t\t\t\t\t\t\t\t<\/div>\n\t\t\t\t\t<\/div>\n\t\t<\/div>\n\t\t\t\t<div class=\"elementor-column elementor-col-50 elementor-top-column elementor-element elementor-element-37ca3f9\" data-id=\"37ca3f9\" data-element_type=\"column\" data-e-type=\"column\">\n\t\t\t<div class=\"elementor-widget-wrap elementor-element-populated\">\n\t\t\t\t\t\t<div class=\"elementor-element elementor-element-9aa92cc elementor-widget elementor-widget-text-editor\" data-id=\"9aa92cc\" data-element_type=\"widget\" data-e-type=\"widget\" data-widget_type=\"text-editor.default\">\n\t\t\t\t\t\t\t\t\t<h2>Visit P\u00e4rnu uudiskiri<\/h2>\n<p>Visit P\u00e4rnu lehel on v\u00f5imalik liituda uudiskirjaga, mis aitab sul veeta oma j\u00e4rgmise puhkuse P\u00e4rnus! Uudiskirja saatmiseks kogutakse ja s\u00e4ilitatakse uudiskirja saaja nime ning e-posti aadressi kuni kasutaja soovib uudiskirja saada. Kasutajatel on v\u00f5imalik igal ajal uudiskirja saamisest loobuda, kasutades selleks k\u00f5ikide uudiskirjade juurde lisatud veebilinki. Uudiskirja edastamiseks kasutame SENDSMAILY O\u00dc teenust. Teenusepakkuja privaatsuspoliitika ja turvalisusega seotud info leiad <a href=\"https:\/\/smaily.com\/et\/privaatsuspoliitika-ja-turvalisus\/\" target=\"_blank\" rel=\"noopener\">SIIT<\/a>.<\/p>\n<h2>Lisak\u00fcsimused<\/h2>\n<p>Lisak\u00fcsimuste puhul kirjutage info@visitparnu.com<\/p>\n\t\t\t\t\t\t\t\t<\/div>\n\t\t\t\t<div class=\"elementor-element elementor-element-5dfb1a3 elementor-hidden-desktop elementor-hidden-tablet elementor-hidden-mobile elementor-widget elementor-widget-text-editor\" data-id=\"5dfb1a3\" data-element_type=\"widget\" data-e-type=\"widget\" data-widget_type=\"text-editor.default\">\n\t\t\t\t\t\t\t\t\t<h2>Kolmandatest isikutest Veebilehed<\/h2>\n<p>Kasutajad v\u00f5ivad meie Veebilehelt leida reklaame ja muud sisu, mis suunab (linkide kaudu) nad edasi meie partnerite, tarnijate, reklaamijate, sponsorite, litsentsiandjate ja muude kolmandate osapoolte veebilehtede ja teenuste juurde. Nendel veebilehtedel kuvatav sisu ega lingid ei ole meie kontrolli all ning meie ei vastuta meie Veebilehelt lingitud (v\u00f5i meie lehele linkivate) veebilehtede tavade eest. Lisaks v\u00f5ivad need veebilehed v\u00f5i teenused, sealhulgas nende sisu ja lingid, pidevalt muutuda. Nendel veebilehtedel v\u00f5ivad olla enda eraldiseisvad privaatsuseeskirjad ja klienditeeninduse eeskirjad. Sirvimine ja suhtlemine mis tahes muu veebilehel, sh veebisaitidel, millel on link meie Veebilehele, kehtivad selle veebisaidi enda tingimused ja eeskirjad.<\/p>\n<h2>Sinu n\u00f5usolek nende tingimustega<\/h2>\n<p>K\u00e4esolevat Veebilehte kasutades v\u00e4ljend oma n\u00f5usolekut antud eeskirjadega. Kui sa eeskirjadega ei n\u00f5ustu, siis palume meie Veebilehte mitte kasutada. Kui j\u00e4tkad Veebilehe kasutamist p\u00e4rast muudatuste elluviimist eeskirjades, loetakse seda n\u00f5usolekuks antud muudatustega. K\u00e4esolevad privaatsuseeskirjad on koostatud internetis laialdaselt kasutatava privaatsuseeskirjade generaatori poolt.<\/p>\n<h2>Mis on k\u00fcpsised?<\/h2>\n<p>Nii nagu professionaalsete veebilehtede puhul tavaks, kasutab ka meie Veebileht k\u00fcpsiseid \u2013 pisikesi faile, mis laetakse sinu arvutisse, et pakkuda Veebilehel paremat kasutuskogemust. Sel lehel kirjeldame, millist teavet k\u00fcpsised koguvad, kuidas me seda kasutame ja miks on neid k\u00fcpsiseid vahel tarvis salvestada. Samuti selgitame, kuidas saate k\u00fcpsiste salvestamist keelata, kuigi see v\u00f5ib piirata v\u00f5i takistada Veebilehe teatud funktsionaalsuste toimimist.<\/p>\n<h2>Kuidas me k\u00fcpsiseid kasutame<\/h2>\n<p>Me kasutame k\u00fcpsiseid mitmesugustel p\u00f5hjustel, mida kirjeldame j\u00e4rgnevalt. Kahjuks ei ole enamikul juhtudel k\u00fcpsiste keelamiseks standardv\u00f5imalusi, mis ei t\u00f5kestaks t\u00e4ielikult nende k\u00fcpsiste poolt Veebilehele lisatud funktsioonide kasutamise. Kui sa pole kindel, kas soovid k\u00fcpsiseid lubada v\u00f5i keelata, on soovitatav lubada k\u00f5igi k\u00fcpsiste kasutamine, sest neid rakendatakse sinu poolt kasutatava teenuse osutamiseks.<\/p>\n<h2>K\u00fcpsiste keelamine<\/h2>\n<p>K\u00fcpsiste kasutamist on v\u00f5imalik keelata veebilehitseja seadetes (t\u00e4psemad juhised leiad oma veebilehitseja Help\/Spikker sektsioonist). Pea meeles, et k\u00fcpsiste keelamine m\u00f5jutab selle ja paljude teiste k\u00fclastatavate veebilehtede funktsioone. K\u00fcpsiste keelamine p\u00f5hjustab tavaliselt ka selle Veebilehe teatavate funktsionaalsuste ja funktsioonide blokeerimise. Seet\u00f5ttu ei ole soovitatav k\u00fcpsiseid keelata.<\/p>\n<h2>Milliseid k\u00fcpsiseid me kasutame<\/h2>\n<ul>\n<li>Anal\u00fc\u00fctilisi k\u00fcpsiseid, mis koguvad teavet selle kohta, kuidas veebilehte kasutatakse. N\u00e4iteks, milliseid sisulehti k\u00fclastatakse k\u00f5ige enam v\u00f5i mida k\u00fclastajad veebilehelt otsivad jne. Need k\u00fcpsised ei kogu teavet, mis v\u00f5imaldaks veebilehe kasutajat otseselt tuvastada. Siia hulka kuuluvad Google Analyticsi ja Hotjari k\u00fcpsised.<\/li>\n<li>Reklaamik\u00fcpsiseid, mida aitavad pakkuda kasutaja huvidele sihitud reklaame. Visitparnu.com Facebook Pixel kood ning kui te ei soovi visitparnu.com veebilehe reklaami enam Facebookis n\u00e4ha, siis v\u00f5ite selle keelata. Avage https:\/\/www.facebook.com\/ads\/preferences ja kustutage \u201cReklaamijad, kellega oled suhelnud\u201d valiku alt VisitParnu reklaamid.<\/li>\n<\/ul>\n<h2>Lisak\u00fcsimused<\/h2>\n<p>Lisak\u00fcsimuste puhul kirjutage meile info@visitparnu.com<\/p>\n\t\t\t\t\t\t\t\t<\/div>\n\t\t\t\t\t<\/div>\n\t\t<\/div>\n\t\t\t\t\t<\/div>\n\t\t<\/section>\n\t\t\t\t<\/div>\n\t\t","protected":false},"excerpt":{"rendered":"<p>Veebilehe\u202fwww.visiparnu.com\u202f kasutajate isikuandmete t\u00f6\u00f6tlemisel vastutavaks t\u00f6\u00f6tlejaks on P\u00e4rnu Linnavalitsus, registrikood 75000064, Suur-Sepa 16, 80098 P\u00e4rnu linn, P\u00e4rnu linn, linnavalitsus@parnu.ee, rohkem teavet asutuse \u00fcleste andmekaitsetingimuste kohta leiad SIIT. Veebilehitseja k\u00fcpsised Veebilehe k\u00fclastamisel kasutame Teie sessiooni identifitseerimiseks k\u00fcpsiseid (cookies). Andmeid t\u00f6\u00f6tleme \u00fcksnes isikustamata kujul k\u00fclastusstatistika tegemiseks, et selle p\u00f5hjal lehek\u00fclgi arendada ja k\u00fclastajatele mugavamaks muuta. K\u00fcpsiste kasutamise [&hellip;]<\/p>\n","protected":false},"author":1,"featured_media":0,"parent":0,"menu_order":0,"comment_status":"closed","ping_status":"closed","template":"","meta":{"_acf_changed":false,"footnotes":""},"class_list":["post-4937132","page","type-page","status-publish","hentry"],"acf":[],"yoast_head":"<!-- This site is optimized with the Yoast SEO plugin v27.3 - https:\/\/yoast.com\/product\/yoast-seo-wordpress\/ -->\n<title>Yksityisyyssuojaehtoihin - Visit P\u00e4rnu<\/title>\n<meta name=\"robots\" content=\"index, follow, max-snippet:-1, max-image-preview:large, max-video-preview:-1\" \/>\n<link rel=\"canonical\" href=\"https:\/\/visitparnu.com\/fi\/yksityisyyssuojaehtoihin\/\" \/>\n<meta property=\"og:locale\" content=\"fi_FI\" \/>\n<meta property=\"og:type\" content=\"article\" \/>\n<meta property=\"og:title\" content=\"Yksityisyyssuojaehtoihin - Visit P\u00e4rnu\" \/>\n<meta property=\"og:description\" content=\"Veebilehe\u202fwww.visiparnu.com\u202f kasutajate isikuandmete t\u00f6\u00f6tlemisel vastutavaks t\u00f6\u00f6tlejaks on P\u00e4rnu Linnavalitsus, registrikood 75000064, Suur-Sepa 16, 80098 P\u00e4rnu linn, P\u00e4rnu linn, linnavalitsus@parnu.ee, rohkem teavet asutuse \u00fcleste andmekaitsetingimuste kohta leiad SIIT. Veebilehitseja k\u00fcpsised Veebilehe k\u00fclastamisel kasutame Teie sessiooni identifitseerimiseks k\u00fcpsiseid (cookies). Andmeid t\u00f6\u00f6tleme \u00fcksnes isikustamata kujul k\u00fclastusstatistika tegemiseks, et selle p\u00f5hjal lehek\u00fclgi arendada ja k\u00fclastajatele mugavamaks muuta. K\u00fcpsiste kasutamise [&hellip;]\" \/>\n<meta property=\"og:url\" content=\"https:\/\/visitparnu.com\/fi\/yksityisyyssuojaehtoihin\/\" \/>\n<meta property=\"og:site_name\" content=\"Visit P\u00e4rnu\" \/>\n<meta property=\"article:publisher\" content=\"https:\/\/www.facebook.com\/visitparnuEE\/\" \/>\n<meta property=\"article:modified_time\" content=\"2023-01-29T12:28:22+00:00\" \/>\n<meta name=\"twitter:card\" content=\"summary_large_image\" \/>\n<meta name=\"twitter:label1\" content=\"Arvioitu lukuaika\" \/>\n\t<meta name=\"twitter:data1\" content=\"1 minuutti\" \/>\n<script type=\"application\/ld+json\" class=\"yoast-schema-graph\">{\"@context\":\"https:\\\/\\\/schema.org\",\"@graph\":[{\"@type\":\"WebPage\",\"@id\":\"https:\\\/\\\/visitparnu.com\\\/fi\\\/yksityisyyssuojaehtoihin\\\/\",\"url\":\"https:\\\/\\\/visitparnu.com\\\/fi\\\/yksityisyyssuojaehtoihin\\\/\",\"name\":\"Yksityisyyssuojaehtoihin - Visit P\u00e4rnu\",\"isPartOf\":{\"@id\":\"https:\\\/\\\/visitparnu.com\\\/fi\\\/#website\"},\"datePublished\":\"2020-02-05T10:51:42+00:00\",\"dateModified\":\"2023-01-29T12:28:22+00:00\",\"breadcrumb\":{\"@id\":\"https:\\\/\\\/visitparnu.com\\\/fi\\\/yksityisyyssuojaehtoihin\\\/#breadcrumb\"},\"inLanguage\":\"fi\",\"potentialAction\":[{\"@type\":\"ReadAction\",\"target\":[\"https:\\\/\\\/visitparnu.com\\\/fi\\\/yksityisyyssuojaehtoihin\\\/\"]}]},{\"@type\":\"BreadcrumbList\",\"@id\":\"https:\\\/\\\/visitparnu.com\\\/fi\\\/yksityisyyssuojaehtoihin\\\/#breadcrumb\",\"itemListElement\":[{\"@type\":\"ListItem\",\"position\":1,\"name\":\"\",\"item\":\"https:\\\/\\\/visitparnu.com\\\/fi\\\/\"},{\"@type\":\"ListItem\",\"position\":2,\"name\":\"Yksityisyyssuojaehtoihin\"}]},{\"@type\":\"WebSite\",\"@id\":\"https:\\\/\\\/visitparnu.com\\\/fi\\\/#website\",\"url\":\"https:\\\/\\\/visitparnu.com\\\/fi\\\/\",\"name\":\"Visit P\u00e4rnu\",\"description\":\"\",\"publisher\":{\"@id\":\"https:\\\/\\\/visitparnu.com\\\/fi\\\/#organization\"},\"potentialAction\":[{\"@type\":\"SearchAction\",\"target\":{\"@type\":\"EntryPoint\",\"urlTemplate\":\"https:\\\/\\\/visitparnu.com\\\/fi\\\/?s={search_term_string}\"},\"query-input\":{\"@type\":\"PropertyValueSpecification\",\"valueRequired\":true,\"valueName\":\"search_term_string\"}}],\"inLanguage\":\"fi\"},{\"@type\":\"Organization\",\"@id\":\"https:\\\/\\\/visitparnu.com\\\/fi\\\/#organization\",\"name\":\"Visit P\u00e4rnu\",\"url\":\"https:\\\/\\\/visitparnu.com\\\/fi\\\/\",\"logo\":{\"@type\":\"ImageObject\",\"inLanguage\":\"fi\",\"@id\":\"https:\\\/\\\/visitparnu.com\\\/fi\\\/#\\\/schema\\\/logo\\\/image\\\/\",\"url\":\"https:\\\/\\\/visitparnu.com\\\/wp-content\\\/uploads\\\/2022\\\/11\\\/VP_logo.svg\",\"contentUrl\":\"https:\\\/\\\/visitparnu.com\\\/wp-content\\\/uploads\\\/2022\\\/11\\\/VP_logo.svg\",\"width\":305,\"height\":33,\"caption\":\"Visit P\u00e4rnu\"},\"image\":{\"@id\":\"https:\\\/\\\/visitparnu.com\\\/fi\\\/#\\\/schema\\\/logo\\\/image\\\/\"},\"sameAs\":[\"https:\\\/\\\/www.facebook.com\\\/visitparnuEE\\\/\",\"https:\\\/\\\/www.youtube.com\\\/user\\\/visitparnuestonia\\\/\",\"https:\\\/\\\/www.instagram.com\\\/visitparnu\\\/\"]}]}<\/script>\n<!-- \/ Yoast SEO plugin. -->","yoast_head_json":{"title":"Yksityisyyssuojaehtoihin - Visit P\u00e4rnu","robots":{"index":"index","follow":"follow","max-snippet":"max-snippet:-1","max-image-preview":"max-image-preview:large","max-video-preview":"max-video-preview:-1"},"canonical":"https:\/\/visitparnu.com\/fi\/yksityisyyssuojaehtoihin\/","og_locale":"fi_FI","og_type":"article","og_title":"Yksityisyyssuojaehtoihin - Visit P\u00e4rnu","og_description":"Veebilehe\u202fwww.visiparnu.com\u202f kasutajate isikuandmete t\u00f6\u00f6tlemisel vastutavaks t\u00f6\u00f6tlejaks on P\u00e4rnu Linnavalitsus, registrikood 75000064, Suur-Sepa 16, 80098 P\u00e4rnu linn, P\u00e4rnu linn, linnavalitsus@parnu.ee, rohkem teavet asutuse \u00fcleste andmekaitsetingimuste kohta leiad SIIT. Veebilehitseja k\u00fcpsised Veebilehe k\u00fclastamisel kasutame Teie sessiooni identifitseerimiseks k\u00fcpsiseid (cookies). Andmeid t\u00f6\u00f6tleme \u00fcksnes isikustamata kujul k\u00fclastusstatistika tegemiseks, et selle p\u00f5hjal lehek\u00fclgi arendada ja k\u00fclastajatele mugavamaks muuta. K\u00fcpsiste kasutamise [&hellip;]","og_url":"https:\/\/visitparnu.com\/fi\/yksityisyyssuojaehtoihin\/","og_site_name":"Visit P\u00e4rnu","article_publisher":"https:\/\/www.facebook.com\/visitparnuEE\/","article_modified_time":"2023-01-29T12:28:22+00:00","twitter_card":"summary_large_image","twitter_misc":{"Arvioitu lukuaika":"1 minuutti"},"schema":{"@context":"https:\/\/schema.org","@graph":[{"@type":"WebPage","@id":"https:\/\/visitparnu.com\/fi\/yksityisyyssuojaehtoihin\/","url":"https:\/\/visitparnu.com\/fi\/yksityisyyssuojaehtoihin\/","name":"Yksityisyyssuojaehtoihin - Visit P\u00e4rnu","isPartOf":{"@id":"https:\/\/visitparnu.com\/fi\/#website"},"datePublished":"2020-02-05T10:51:42+00:00","dateModified":"2023-01-29T12:28:22+00:00","breadcrumb":{"@id":"https:\/\/visitparnu.com\/fi\/yksityisyyssuojaehtoihin\/#breadcrumb"},"inLanguage":"fi","potentialAction":[{"@type":"ReadAction","target":["https:\/\/visitparnu.com\/fi\/yksityisyyssuojaehtoihin\/"]}]},{"@type":"BreadcrumbList","@id":"https:\/\/visitparnu.com\/fi\/yksityisyyssuojaehtoihin\/#breadcrumb","itemListElement":[{"@type":"ListItem","position":1,"name":"","item":"https:\/\/visitparnu.com\/fi\/"},{"@type":"ListItem","position":2,"name":"Yksityisyyssuojaehtoihin"}]},{"@type":"WebSite","@id":"https:\/\/visitparnu.com\/fi\/#website","url":"https:\/\/visitparnu.com\/fi\/","name":"Visit P\u00e4rnu","description":"","publisher":{"@id":"https:\/\/visitparnu.com\/fi\/#organization"},"potentialAction":[{"@type":"SearchAction","target":{"@type":"EntryPoint","urlTemplate":"https:\/\/visitparnu.com\/fi\/?s={search_term_string}"},"query-input":{"@type":"PropertyValueSpecification","valueRequired":true,"valueName":"search_term_string"}}],"inLanguage":"fi"},{"@type":"Organization","@id":"https:\/\/visitparnu.com\/fi\/#organization","name":"Visit P\u00e4rnu","url":"https:\/\/visitparnu.com\/fi\/","logo":{"@type":"ImageObject","inLanguage":"fi","@id":"https:\/\/visitparnu.com\/fi\/#\/schema\/logo\/image\/","url":"https:\/\/visitparnu.com\/wp-content\/uploads\/2022\/11\/VP_logo.svg","contentUrl":"https:\/\/visitparnu.com\/wp-content\/uploads\/2022\/11\/VP_logo.svg","width":305,"height":33,"caption":"Visit P\u00e4rnu"},"image":{"@id":"https:\/\/visitparnu.com\/fi\/#\/schema\/logo\/image\/"},"sameAs":["https:\/\/www.facebook.com\/visitparnuEE\/","https:\/\/www.youtube.com\/user\/visitparnuestonia\/","https:\/\/www.instagram.com\/visitparnu\/"]}]}},"_links":{"self":[{"href":"https:\/\/visitparnu.com\/fi\/wp-json\/wp\/v2\/pages\/4937132","targetHints":{"allow":["GET"]}}],"collection":[{"href":"https:\/\/visitparnu.com\/fi\/wp-json\/wp\/v2\/pages"}],"about":[{"href":"https:\/\/visitparnu.com\/fi\/wp-json\/wp\/v2\/types\/page"}],"author":[{"embeddable":true,"href":"https:\/\/visitparnu.com\/fi\/wp-json\/wp\/v2\/users\/1"}],"replies":[{"embeddable":true,"href":"https:\/\/visitparnu.com\/fi\/wp-json\/wp\/v2\/comments?post=4937132"}],"version-history":[{"count":14,"href":"https:\/\/visitparnu.com\/fi\/wp-json\/wp\/v2\/pages\/4937132\/revisions"}],"predecessor-version":[{"id":4957444,"href":"https:\/\/visitparnu.com\/fi\/wp-json\/wp\/v2\/pages\/4937132\/revisions\/4957444"}],"wp:attachment":[{"href":"https:\/\/visitparnu.com\/fi\/wp-json\/wp\/v2\/media?parent=4937132"}],"curies":[{"name":"wp","href":"https:\/\/api.w.org\/{rel}","templated":true}]}}