{"id":4937077,"date":"2020-03-17T09:42:03","date_gmt":"2020-03-17T07:42:03","guid":{"rendered":"https:\/\/visitparnu.com\/parnun-ranta\/"},"modified":"2024-06-29T17:48:42","modified_gmt":"2024-06-29T15:48:42","slug":"parnun-ranta","status":"publish","type":"page","link":"https:\/\/visitparnu.com\/fi\/parnun-ranta\/","title":{"rendered":"P\u00e4rnun ranta"},"content":{"rendered":"\t\t<div data-elementor-type=\"wp-page\" data-elementor-id=\"4937077\" class=\"elementor elementor-4937077 elementor-4936711\" data-elementor-post-type=\"page\">\n\t\t\t\t<div class=\"elementor-element elementor-element-cb2e5da content-two-col-block e-flex e-con-boxed e-con e-parent\" data-id=\"cb2e5da\" data-element_type=\"container\" data-e-type=\"container\">\n\t\t\t\t\t<div class=\"e-con-inner\">\n\t\t<div class=\"elementor-element elementor-element-b4f9772 e-con-full e-flex e-con e-child\" data-id=\"b4f9772\" data-element_type=\"container\" data-e-type=\"container\">\n\t\t\t\t<div class=\"elementor-element elementor-element-f010b43 elementor-widget elementor-widget-text-editor\" data-id=\"f010b43\" data-element_type=\"widget\" data-e-type=\"widget\" data-widget_type=\"text-editor.default\">\n\t\t\t\t\t\t\t\t\t<p>P\u00e4rnu ranta sijaitsee keskikaupungista vain vartin k\u00e4velymatkan p\u00e4\u00e4ss\u00e4. Matalavetisen ja nopeasti l\u00e4mpenev\u00e4n lahden ansiosta P\u00e4rnun ranta on erinomainen uimapaikka. L\u00e4mpimin\u00e4 kes\u00e4p\u00e4ivin\u00e4 veden l\u00e4mp\u00f6tila voi P\u00e4rnun rannassa nousta jopa 30 asteeseen.\u00a0<strong>P\u00e4rnun rannan veden l\u00e4mp\u00f6tilaenn\u00e4tys vuodesta 2010 on per\u00e4ti 33\u00b0C!<\/strong><\/p><p>P\u00e4rnussa on noin 2 kilometri\u00e4 rantaviivaa ja se tarkoittaa, ett\u00e4 tilaa riitt\u00e4\u00e4 kaikille halukkaille. Kaikkein suosituin on Rannahoone-rakennuksen ymp\u00e4rill\u00e4 oleva alue. Keskusrannan lis\u00e4ksi P\u00e4rnun merenrannan vetonaulana on joen suun puolelle j\u00e4\u00e4v\u00e4 ns. naisten ranta.<\/p>\t\t\t\t\t\t\t\t<\/div>\n\t\t\t\t<div class=\"elementor-element elementor-element-c3eb145 elementor-widget elementor-widget-image\" data-id=\"c3eb145\" data-element_type=\"widget\" data-e-type=\"widget\" data-widget_type=\"image.default\">\n\t\t\t\t\t\t\t\t\t\t\t\t\t\t\t<img fetchpriority=\"high\" decoding=\"async\" width=\"1024\" height=\"682\" src=\"https:\/\/visitparnu.com\/wp-content\/uploads\/2022\/11\/Naiste-rand-Parnu-1024x682.jpg\" class=\"attachment-large size-large wp-image-4918935\" alt=\"\" srcset=\"https:\/\/visitparnu.com\/wp-content\/uploads\/2022\/11\/Naiste-rand-Parnu-1024x682.jpg 1024w, https:\/\/visitparnu.com\/wp-content\/uploads\/2022\/11\/Naiste-rand-Parnu-300x200.jpg 300w, https:\/\/visitparnu.com\/wp-content\/uploads\/2022\/11\/Naiste-rand-Parnu-768x512.jpg 768w, https:\/\/visitparnu.com\/wp-content\/uploads\/2022\/11\/Naiste-rand-Parnu-1536x1023.jpg 1536w, https:\/\/visitparnu.com\/wp-content\/uploads\/2022\/11\/Naiste-rand-Parnu.jpg 1732w\" sizes=\"(max-width: 1024px) 100vw, 1024px\" \/>\t\t\t\t\t\t\t\t\t\t\t\t\t\t\t<\/div>\n\t\t\t\t<div class=\"elementor-element elementor-element-0f3cc31 elementor-widget elementor-widget-text-editor\" data-id=\"0f3cc31\" data-element_type=\"widget\" data-e-type=\"widget\" data-widget_type=\"text-editor.default\">\n\t\t\t\t\t\t\t\t\t<h2><strong>Rantapelastajat <\/strong><\/h2><p>Rantapelastajat toimivat P\u00e4rnun rannalla 1. kes\u00e4kuuta alkaen 31. elokuuta asti. Pelastajien toiminta-alue ulottuu Side-kadun jatko-osasta naisten rantaan asti. Lasten vanhemmille rantapelastajat jakavat rannekkeita, joihin voi kirjoittaa puhelinnumeronsa.<\/p><p>Uintiolosuhteista kertovat rannan pelastuspisteiden saloissa liehuvat liput:<\/p><ul><li><strong>Punainen lippu<\/strong> varoittaa, ett\u00e4 uinti on kaikille vaarallista (kylm\u00e4 vesi, huonot s\u00e4\u00e4olosuhteet, lev\u00e4 tai muut saasteet).<\/li><li><strong>Keltainen lippu<\/strong> varoittaa, ett\u00e4 veteen menemist\u00e4 ei suositella pikkulapsille, i\u00e4kk\u00e4ille ja huonon uimataidon omaaville.<\/li><li><strong>Vihre\u00e4 lippu<\/strong> on merkki siit\u00e4, ett\u00e4 uinti on kaikille sopiva.<\/li><\/ul><h2><strong>Tekemist\u00e4 rannalla <\/strong><\/h2><p>Kauniin hiekkarannan lis\u00e4ksi P\u00e4rnun rannalla on paljon muutakin tekemist\u00e4. Lapsia odottaa rannan vieress\u00e4 suuri leikkipuisto kiikkuineen, alueella toimii my\u00f6s pieni j\u00e4\u00e4tel\u00f6kahvila. Hiekkarannaltakin l\u00f6ytyy aktiviteetteja, auki on trampoliini ja minigolf. Rannalla voi vuokrata my\u00f6s py\u00f6ri\u00e4, potkulautoja, miniautoja ynn\u00e4 muita kulkuv\u00e4lineit\u00e4.<\/p><p>Suosituimpia aktiiviloman viettomahdollisuuksia P\u00e4rnun rannalla on surffaus.\u00a0<strong>L\u00e4mpim\u00e4n ja matalan veden sek\u00e4 hyv\u00e4n hiekkapohjan ansiosta P\u00e4rnun ranta on Pohjoismaiden paras ranta aloittelevalle surffarille<\/strong>. P\u00e4rnun Side-kadun jatko-osan p\u00e4\u00e4ss\u00e4 sijaitsevat surffauskerhot, jotka tarjoavat monipuolisia mahdollisuuksia surffauksen harrastamiseen.\u00a0<strong>Kes\u00e4ll\u00e4 surffauskerhot j\u00e4rjest\u00e4v\u00e4t useita mahtavia tapahtumia ja konsertteja.<\/strong><\/p><p>Ruokapaikkoja rannan tuntumassa ovat Steffanin rantaravintola, Hedon kylpyl\u00e4hotellin ravintolat\u00a0<a href=\"https:\/\/visitparnu.com\/fi\/objekt\/ravintola-resto-akord\/\">Akord<\/a>\u00a0ja\u00a0<a href=\"https:\/\/visitparnu.com\/fi\/objekt\/ravintola-raimond\/\">Raimond<\/a>,\u00a0<a href=\"https:\/\/visitparnu.com\/fi\/objekt\/rantastadionin-kahvila-statka-resto\/\">Rantastadionin Statka resto<\/a>\u00a0sek\u00e4\u00a0<a href=\"https:\/\/visitparnu.com\/fi\/objekt\/rannahotellin-ravintola\/\">Rannahotellin ravintola<\/a>. Erilaiset tilap\u00e4iset kioskit ja pienet ulkokahvilat tarjoavat kes\u00e4kaudella j\u00e4\u00e4tel\u00f6\u00e4, juomia, kevytt\u00e4 ruokaa ynn\u00e4 muuta virkist\u00e4v\u00e4\u00e4. N\u00e4lk\u00e4 ei p\u00e4\u00e4se rannalla varmasti yll\u00e4tt\u00e4m\u00e4\u00e4n ja useimmissa paikoissa voi maksaa my\u00f6s kortilla.<\/p><p>Uusiin ruokapaikkoihin kuuluu Kuuse-kadulla avattu v\u00e4limerellinen rantakahvila Oaas, jossa on suihkul\u00e4hde ja kaunis merin\u00e4k\u00f6ala. Side-kadulla on avattu <a href=\"https:\/\/visitparnu.com\/fi\/objekt\/ravintola-poko-parnussa\/\" target=\"_blank\" rel=\"noopener\">rantaravintola POKO<\/a>, jonka ruokalistalta l\u00f6ytyy luonnollisesta taikinajuuresta valmistettuja pizzoja, \u00e4yri\u00e4isi\u00e4, paikallista kalaa, kes\u00e4ist\u00e4 sushia ja salaatteja sek\u00e4 tietysti cocktaileja.<\/p>\t\t\t\t\t\t\t\t<\/div>\n\t\t\t\t<\/div>\n\t\t<div class=\"elementor-element elementor-element-19f1eb0 e-con-full e-flex e-con e-child\" data-id=\"19f1eb0\" data-element_type=\"container\" data-e-type=\"container\">\n\t\t\t\t<div class=\"elementor-element elementor-element-5ca4d58 elementor-widget elementor-widget-text-editor\" data-id=\"5ca4d58\" data-element_type=\"widget\" data-e-type=\"widget\" data-widget_type=\"text-editor.default\">\n\t\t\t\t\t\t\t\t\t<h2><strong>Pys\u00e4k\u00f6inti P\u00e4rnun ranta-alueella<\/strong><\/h2><p>P\u00e4rnun rannan virallisilla paikoitusalueilla ja kaduilla pys\u00e4k\u00f6inti on maksullista.<\/p><h3>Ranta-alue 1.5\u201331.8<\/h3><ul><li>ma-su (my\u00f6s kansalliset ja valtiolliset juhlap\u00e4iv\u00e4t) klo 8\u201319<\/li><li>1 tunti \u2013 5 euroa<\/li><li>24 tuntia \u2013 25 euroa<\/li><li>ensimm\u00e4iset 30 minuuttia ilmaiseksi<\/li><li>lippu on voimassa samalla ajanjaksolla my\u00f6s vanhankaupungin ja keskustan alueilla<\/li><li>m-pys\u00e4k\u00f6innin alueen lyhenne: PRAND30 (ensimm\u00e4iset 30 minuuttia ilmaiseksi)<\/li><\/ul><h3>Ranta-alue 1.9\u201330.04<\/h3><ul><li>ma-la (paitsi kansalliset ja valtiolliset juhlap\u00e4iv\u00e4t) klo 8\u201319; su ilmainen<\/li><li>1 tunti \u2013 1 euro<\/li><li>24 tuntia \u2013 5 euroa<\/li><li>ensimm\u00e4iset 60 minuuttia ilmaiseksi<\/li><li>lippu on voimassa samalla ajanjaksolla my\u00f6s keskustan alueella<\/li><li>m-pys\u00e4k\u00f6innin alueen lyhenne: PRAND60 (ensimm\u00e4iset 60 minuuttia ilmaiseksi)<\/li><\/ul><p>Pys\u00e4k\u00f6intilipun voi ostaa lippuautomaateista, linja-autoaseman R-kioskista (Pikk 13), P\u00e4rnun kaupunginhallituksesta (Suur-Sepa 16) ja Rantastadionin infopisteest\u00e4 (Ranna pst 2).<\/p><p>Pys\u00e4k\u00f6innist\u00e4 kaupungin pys\u00e4k\u00f6intialueilla voi maksaa<strong> pys\u00e4k\u00f6intisovelluksella Pargi.ee tai Flowbird.<\/strong><\/p><p>SMS-pys\u00e4k\u00f6inti on mahdollista vain, jos sinulla on\u00a0<strong>virolaisen matkapuhelinoperaattorin\u00a0<\/strong>sopimus.<\/p><p><strong>Virallisten pys\u00e4k\u00f6intialueiden lis\u00e4ksi ranta-alueella on my\u00f6s useita yksityisi\u00e4 pys\u00e4k\u00f6intialueita, t\u00e4ten kehotamme seuraamaan pys\u00e4k\u00f6intij\u00e4rjestyst\u00e4 kuvaavia infotauluja ja noudattamaan liikennemerkkej\u00e4.<\/strong><\/p><div class=\"flex flex-grow flex-col max-w-full\"><div class=\"min-h-[20px] text-message flex flex-col items-start whitespace-pre-wrap break-words [.text-message+&amp;]:mt-5 juice:w-full juice:items-end overflow-x-auto gap-2\" dir=\"auto\" data-message-author-role=\"assistant\" data-message-id=\"b15abfbd-8104-4310-b5e5-7748682bbe47\"><div class=\"flex w-full flex-col gap-1 juice:empty:hidden juice:first:pt-[3px]\"><div class=\"markdown prose w-full break-words dark:prose-invert light\"><p><a href=\"https:\/\/visitparnu.com\/fi\/pysakointi-parnussa\/\">Lue lis\u00e4\u00e4 pys\u00e4k\u00f6innist\u00e4 P\u00e4rnussa.<\/a><\/p><\/div><\/div><\/div><\/div><h2><strong>Hyv\u00e4 tiet\u00e4\u00e4<\/strong><\/h2><p>Julkiset WC:t l\u00f6ytyv\u00e4t Rannahoonesta, Steffanin rantaravintolan takaa sek\u00e4 P\u00e4rnun surffauskeskusten luota.<\/p><p>Hiekkarannan lis\u00e4ksi houkuttelee miellytt\u00e4v\u00e4\u00e4n k\u00e4velyyn kaikkina nelj\u00e4n\u00e4 vuodenaikana P\u00e4rnun rantapromenadi, joka kiemurtelee Rannahoonesta P\u00e4rnun rannan p\u00e4\u00e4h\u00e4n surffauskeskuksiin asti. Rannan ja keskikaupungin v\u00e4lille j\u00e4\u00e4 Rantapuisto, jossa on kiva k\u00e4vell\u00e4 tai ajaa polkupy\u00f6r\u00e4ll\u00e4. Kes\u00e4aikana j\u00e4rjestet\u00e4\u00e4n siell\u00e4 usein my\u00f6s pienempi\u00e4 ja isompia tapahtumia.<\/p><p>My\u00f6s arkkitehtuurista kiinnostuneiden kannattaa vierailla P\u00e4rnun rannalla:<\/p><ul><li>P\u00e4rnun keskusrannalla sijaitsee vuonna 1938 rakennettu Rannahoone.<\/li><li>Sen l\u00e4hell\u00e4 sijaitsevat kaksi samasta aikakaudesta per\u00e4isin olevaa ja saman arkkitehdin piirt\u00e4m\u00e4\u00e4 kylpyl\u00e4kaupungin arkkitehtuurisymbolia \u2014 vuonna 1937 valmistunut Rannahotell ja nyky\u00e4\u00e4n Hedon kylpyl\u00e4hotellin yhten\u00e4 osana oleva historiallinen mutakylpyl\u00e4 (Mudaravila), joka valmistui jo vuonna 1927.<\/li><\/ul>\t\t\t\t\t\t\t\t<\/div>\n\t\t\t\t<div class=\"elementor-element elementor-element-104f491 elementor-widget elementor-widget-image\" data-id=\"104f491\" data-element_type=\"widget\" data-e-type=\"widget\" data-widget_type=\"image.default\">\n\t\t\t\t\t\t\t\t\t\t\t\t\t\t\t<img decoding=\"async\" width=\"1024\" height=\"687\" src=\"https:\/\/visitparnu.com\/wp-content\/uploads\/2023\/06\/50729283031_3ab30df61d_o-1024x687.jpg\" class=\"attachment-large size-large wp-image-4968075\" alt=\"\" srcset=\"https:\/\/visitparnu.com\/wp-content\/uploads\/2023\/06\/50729283031_3ab30df61d_o-1024x687.jpg 1024w, https:\/\/visitparnu.com\/wp-content\/uploads\/2023\/06\/50729283031_3ab30df61d_o-300x201.jpg 300w, https:\/\/visitparnu.com\/wp-content\/uploads\/2023\/06\/50729283031_3ab30df61d_o-768x516.jpg 768w, https:\/\/visitparnu.com\/wp-content\/uploads\/2023\/06\/50729283031_3ab30df61d_o-1536x1031.jpg 1536w, https:\/\/visitparnu.com\/wp-content\/uploads\/2023\/06\/50729283031_3ab30df61d_o.jpg 1795w\" sizes=\"(max-width: 1024px) 100vw, 1024px\" \/>\t\t\t\t\t\t\t\t\t\t\t\t\t\t\t<\/div>\n\t\t\t\t<\/div>\n\t\t\t\t\t<\/div>\n\t\t\t\t<\/div>\n\t\t\t\t<\/div>\n\t\t","protected":false},"excerpt":{"rendered":"<p>P\u00e4rnu ranta sijaitsee keskikaupungista vain vartin k\u00e4velymatkan p\u00e4\u00e4ss\u00e4. Matalavetisen ja nopeasti l\u00e4mpenev\u00e4n lahden ansiosta P\u00e4rnun ranta on erinomainen uimapaikka. L\u00e4mpimin\u00e4 kes\u00e4p\u00e4ivin\u00e4 veden l\u00e4mp\u00f6tila voi P\u00e4rnun rannassa nousta jopa 30 asteeseen.\u00a0P\u00e4rnun rannan veden l\u00e4mp\u00f6tilaenn\u00e4tys vuodesta 2010 on per\u00e4ti 33\u00b0C! P\u00e4rnussa on noin 2 kilometri\u00e4 rantaviivaa ja se tarkoittaa, ett\u00e4 tilaa riitt\u00e4\u00e4 kaikille halukkaille. Kaikkein suosituin on [&hellip;]<\/p>\n","protected":false},"author":1,"featured_media":4944696,"parent":0,"menu_order":0,"comment_status":"closed","ping_status":"closed","template":"","meta":{"_acf_changed":false,"footnotes":""},"class_list":["post-4937077","page","type-page","status-publish","has-post-thumbnail","hentry"],"acf":[],"yoast_head":"<!-- This site is optimized with the Yoast SEO plugin v27.3 - https:\/\/yoast.com\/product\/yoast-seo-wordpress\/ -->\n<title>P\u00e4rnun ranta - Visit P\u00e4rnu<\/title>\n<meta name=\"robots\" content=\"index, follow, max-snippet:-1, max-image-preview:large, max-video-preview:-1\" \/>\n<link rel=\"canonical\" href=\"https:\/\/visitparnu.com\/fi\/parnun-ranta\/\" \/>\n<meta property=\"og:locale\" content=\"fi_FI\" \/>\n<meta property=\"og:type\" content=\"article\" \/>\n<meta property=\"og:title\" content=\"P\u00e4rnun ranta - Visit P\u00e4rnu\" \/>\n<meta property=\"og:description\" content=\"P\u00e4rnu ranta sijaitsee keskikaupungista vain vartin k\u00e4velymatkan p\u00e4\u00e4ss\u00e4. Matalavetisen ja nopeasti l\u00e4mpenev\u00e4n lahden ansiosta P\u00e4rnun ranta on erinomainen uimapaikka. L\u00e4mpimin\u00e4 kes\u00e4p\u00e4ivin\u00e4 veden l\u00e4mp\u00f6tila voi P\u00e4rnun rannassa nousta jopa 30 asteeseen.\u00a0P\u00e4rnun rannan veden l\u00e4mp\u00f6tilaenn\u00e4tys vuodesta 2010 on per\u00e4ti 33\u00b0C! P\u00e4rnussa on noin 2 kilometri\u00e4 rantaviivaa ja se tarkoittaa, ett\u00e4 tilaa riitt\u00e4\u00e4 kaikille halukkaille. Kaikkein suosituin on [&hellip;]\" \/>\n<meta property=\"og:url\" content=\"https:\/\/visitparnu.com\/fi\/parnun-ranta\/\" \/>\n<meta property=\"og:site_name\" content=\"Visit P\u00e4rnu\" \/>\n<meta property=\"article:publisher\" content=\"https:\/\/www.facebook.com\/visitparnuEE\/\" \/>\n<meta property=\"article:modified_time\" content=\"2024-06-29T15:48:42+00:00\" \/>\n<meta property=\"og:image\" content=\"https:\/\/visitparnu.com\/wp-content\/uploads\/2023\/01\/Parnu-rand-3.jpg\" \/>\n\t<meta property=\"og:image:width\" content=\"1886\" \/>\n\t<meta property=\"og:image:height\" content=\"1060\" \/>\n\t<meta property=\"og:image:type\" content=\"image\/jpeg\" \/>\n<meta name=\"twitter:card\" content=\"summary_large_image\" \/>\n<meta name=\"twitter:label1\" content=\"Arvioitu lukuaika\" \/>\n\t<meta name=\"twitter:data1\" content=\"4 minuuttia\" \/>\n<script type=\"application\/ld+json\" class=\"yoast-schema-graph\">{\"@context\":\"https:\\\/\\\/schema.org\",\"@graph\":[{\"@type\":\"WebPage\",\"@id\":\"https:\\\/\\\/visitparnu.com\\\/fi\\\/parnun-ranta\\\/\",\"url\":\"https:\\\/\\\/visitparnu.com\\\/fi\\\/parnun-ranta\\\/\",\"name\":\"P\u00e4rnun ranta - Visit P\u00e4rnu\",\"isPartOf\":{\"@id\":\"https:\\\/\\\/visitparnu.com\\\/fi\\\/#website\"},\"primaryImageOfPage\":{\"@id\":\"https:\\\/\\\/visitparnu.com\\\/fi\\\/parnun-ranta\\\/#primaryimage\"},\"image\":{\"@id\":\"https:\\\/\\\/visitparnu.com\\\/fi\\\/parnun-ranta\\\/#primaryimage\"},\"thumbnailUrl\":\"https:\\\/\\\/visitparnu.com\\\/wp-content\\\/uploads\\\/2023\\\/01\\\/Parnu-rand-3.jpg\",\"datePublished\":\"2020-03-17T07:42:03+00:00\",\"dateModified\":\"2024-06-29T15:48:42+00:00\",\"breadcrumb\":{\"@id\":\"https:\\\/\\\/visitparnu.com\\\/fi\\\/parnun-ranta\\\/#breadcrumb\"},\"inLanguage\":\"fi\",\"potentialAction\":[{\"@type\":\"ReadAction\",\"target\":[\"https:\\\/\\\/visitparnu.com\\\/fi\\\/parnun-ranta\\\/\"]}]},{\"@type\":\"ImageObject\",\"inLanguage\":\"fi\",\"@id\":\"https:\\\/\\\/visitparnu.com\\\/fi\\\/parnun-ranta\\\/#primaryimage\",\"url\":\"https:\\\/\\\/visitparnu.com\\\/wp-content\\\/uploads\\\/2023\\\/01\\\/Parnu-rand-3.jpg\",\"contentUrl\":\"https:\\\/\\\/visitparnu.com\\\/wp-content\\\/uploads\\\/2023\\\/01\\\/Parnu-rand-3.jpg\",\"width\":1886,\"height\":1060},{\"@type\":\"BreadcrumbList\",\"@id\":\"https:\\\/\\\/visitparnu.com\\\/fi\\\/parnun-ranta\\\/#breadcrumb\",\"itemListElement\":[{\"@type\":\"ListItem\",\"position\":1,\"name\":\"\",\"item\":\"https:\\\/\\\/visitparnu.com\\\/fi\\\/\"},{\"@type\":\"ListItem\",\"position\":2,\"name\":\"P\u00e4rnun ranta\"}]},{\"@type\":\"WebSite\",\"@id\":\"https:\\\/\\\/visitparnu.com\\\/fi\\\/#website\",\"url\":\"https:\\\/\\\/visitparnu.com\\\/fi\\\/\",\"name\":\"Visit P\u00e4rnu\",\"description\":\"\",\"publisher\":{\"@id\":\"https:\\\/\\\/visitparnu.com\\\/fi\\\/#organization\"},\"potentialAction\":[{\"@type\":\"SearchAction\",\"target\":{\"@type\":\"EntryPoint\",\"urlTemplate\":\"https:\\\/\\\/visitparnu.com\\\/fi\\\/?s={search_term_string}\"},\"query-input\":{\"@type\":\"PropertyValueSpecification\",\"valueRequired\":true,\"valueName\":\"search_term_string\"}}],\"inLanguage\":\"fi\"},{\"@type\":\"Organization\",\"@id\":\"https:\\\/\\\/visitparnu.com\\\/fi\\\/#organization\",\"name\":\"Visit P\u00e4rnu\",\"url\":\"https:\\\/\\\/visitparnu.com\\\/fi\\\/\",\"logo\":{\"@type\":\"ImageObject\",\"inLanguage\":\"fi\",\"@id\":\"https:\\\/\\\/visitparnu.com\\\/fi\\\/#\\\/schema\\\/logo\\\/image\\\/\",\"url\":\"https:\\\/\\\/visitparnu.com\\\/wp-content\\\/uploads\\\/2022\\\/11\\\/VP_logo.svg\",\"contentUrl\":\"https:\\\/\\\/visitparnu.com\\\/wp-content\\\/uploads\\\/2022\\\/11\\\/VP_logo.svg\",\"width\":305,\"height\":33,\"caption\":\"Visit P\u00e4rnu\"},\"image\":{\"@id\":\"https:\\\/\\\/visitparnu.com\\\/fi\\\/#\\\/schema\\\/logo\\\/image\\\/\"},\"sameAs\":[\"https:\\\/\\\/www.facebook.com\\\/visitparnuEE\\\/\",\"https:\\\/\\\/www.youtube.com\\\/user\\\/visitparnuestonia\\\/\",\"https:\\\/\\\/www.instagram.com\\\/visitparnu\\\/\"]}]}<\/script>\n<!-- \/ Yoast SEO plugin. -->","yoast_head_json":{"title":"P\u00e4rnun ranta - Visit P\u00e4rnu","robots":{"index":"index","follow":"follow","max-snippet":"max-snippet:-1","max-image-preview":"max-image-preview:large","max-video-preview":"max-video-preview:-1"},"canonical":"https:\/\/visitparnu.com\/fi\/parnun-ranta\/","og_locale":"fi_FI","og_type":"article","og_title":"P\u00e4rnun ranta - Visit P\u00e4rnu","og_description":"P\u00e4rnu ranta sijaitsee keskikaupungista vain vartin k\u00e4velymatkan p\u00e4\u00e4ss\u00e4. Matalavetisen ja nopeasti l\u00e4mpenev\u00e4n lahden ansiosta P\u00e4rnun ranta on erinomainen uimapaikka. L\u00e4mpimin\u00e4 kes\u00e4p\u00e4ivin\u00e4 veden l\u00e4mp\u00f6tila voi P\u00e4rnun rannassa nousta jopa 30 asteeseen.\u00a0P\u00e4rnun rannan veden l\u00e4mp\u00f6tilaenn\u00e4tys vuodesta 2010 on per\u00e4ti 33\u00b0C! P\u00e4rnussa on noin 2 kilometri\u00e4 rantaviivaa ja se tarkoittaa, ett\u00e4 tilaa riitt\u00e4\u00e4 kaikille halukkaille. Kaikkein suosituin on [&hellip;]","og_url":"https:\/\/visitparnu.com\/fi\/parnun-ranta\/","og_site_name":"Visit P\u00e4rnu","article_publisher":"https:\/\/www.facebook.com\/visitparnuEE\/","article_modified_time":"2024-06-29T15:48:42+00:00","og_image":[{"width":1886,"height":1060,"url":"https:\/\/visitparnu.com\/wp-content\/uploads\/2023\/01\/Parnu-rand-3.jpg","type":"image\/jpeg"}],"twitter_card":"summary_large_image","twitter_misc":{"Arvioitu lukuaika":"4 minuuttia"},"schema":{"@context":"https:\/\/schema.org","@graph":[{"@type":"WebPage","@id":"https:\/\/visitparnu.com\/fi\/parnun-ranta\/","url":"https:\/\/visitparnu.com\/fi\/parnun-ranta\/","name":"P\u00e4rnun ranta - Visit P\u00e4rnu","isPartOf":{"@id":"https:\/\/visitparnu.com\/fi\/#website"},"primaryImageOfPage":{"@id":"https:\/\/visitparnu.com\/fi\/parnun-ranta\/#primaryimage"},"image":{"@id":"https:\/\/visitparnu.com\/fi\/parnun-ranta\/#primaryimage"},"thumbnailUrl":"https:\/\/visitparnu.com\/wp-content\/uploads\/2023\/01\/Parnu-rand-3.jpg","datePublished":"2020-03-17T07:42:03+00:00","dateModified":"2024-06-29T15:48:42+00:00","breadcrumb":{"@id":"https:\/\/visitparnu.com\/fi\/parnun-ranta\/#breadcrumb"},"inLanguage":"fi","potentialAction":[{"@type":"ReadAction","target":["https:\/\/visitparnu.com\/fi\/parnun-ranta\/"]}]},{"@type":"ImageObject","inLanguage":"fi","@id":"https:\/\/visitparnu.com\/fi\/parnun-ranta\/#primaryimage","url":"https:\/\/visitparnu.com\/wp-content\/uploads\/2023\/01\/Parnu-rand-3.jpg","contentUrl":"https:\/\/visitparnu.com\/wp-content\/uploads\/2023\/01\/Parnu-rand-3.jpg","width":1886,"height":1060},{"@type":"BreadcrumbList","@id":"https:\/\/visitparnu.com\/fi\/parnun-ranta\/#breadcrumb","itemListElement":[{"@type":"ListItem","position":1,"name":"","item":"https:\/\/visitparnu.com\/fi\/"},{"@type":"ListItem","position":2,"name":"P\u00e4rnun ranta"}]},{"@type":"WebSite","@id":"https:\/\/visitparnu.com\/fi\/#website","url":"https:\/\/visitparnu.com\/fi\/","name":"Visit P\u00e4rnu","description":"","publisher":{"@id":"https:\/\/visitparnu.com\/fi\/#organization"},"potentialAction":[{"@type":"SearchAction","target":{"@type":"EntryPoint","urlTemplate":"https:\/\/visitparnu.com\/fi\/?s={search_term_string}"},"query-input":{"@type":"PropertyValueSpecification","valueRequired":true,"valueName":"search_term_string"}}],"inLanguage":"fi"},{"@type":"Organization","@id":"https:\/\/visitparnu.com\/fi\/#organization","name":"Visit P\u00e4rnu","url":"https:\/\/visitparnu.com\/fi\/","logo":{"@type":"ImageObject","inLanguage":"fi","@id":"https:\/\/visitparnu.com\/fi\/#\/schema\/logo\/image\/","url":"https:\/\/visitparnu.com\/wp-content\/uploads\/2022\/11\/VP_logo.svg","contentUrl":"https:\/\/visitparnu.com\/wp-content\/uploads\/2022\/11\/VP_logo.svg","width":305,"height":33,"caption":"Visit P\u00e4rnu"},"image":{"@id":"https:\/\/visitparnu.com\/fi\/#\/schema\/logo\/image\/"},"sameAs":["https:\/\/www.facebook.com\/visitparnuEE\/","https:\/\/www.youtube.com\/user\/visitparnuestonia\/","https:\/\/www.instagram.com\/visitparnu\/"]}]}},"_links":{"self":[{"href":"https:\/\/visitparnu.com\/fi\/wp-json\/wp\/v2\/pages\/4937077","targetHints":{"allow":["GET"]}}],"collection":[{"href":"https:\/\/visitparnu.com\/fi\/wp-json\/wp\/v2\/pages"}],"about":[{"href":"https:\/\/visitparnu.com\/fi\/wp-json\/wp\/v2\/types\/page"}],"author":[{"embeddable":true,"href":"https:\/\/visitparnu.com\/fi\/wp-json\/wp\/v2\/users\/1"}],"replies":[{"embeddable":true,"href":"https:\/\/visitparnu.com\/fi\/wp-json\/wp\/v2\/comments?post=4937077"}],"version-history":[{"count":26,"href":"https:\/\/visitparnu.com\/fi\/wp-json\/wp\/v2\/pages\/4937077\/revisions"}],"predecessor-version":[{"id":5006982,"href":"https:\/\/visitparnu.com\/fi\/wp-json\/wp\/v2\/pages\/4937077\/revisions\/5006982"}],"wp:featuredmedia":[{"embeddable":true,"href":"https:\/\/visitparnu.com\/fi\/wp-json\/wp\/v2\/media\/4944696"}],"wp:attachment":[{"href":"https:\/\/visitparnu.com\/fi\/wp-json\/wp\/v2\/media?parent=4937077"}],"curies":[{"name":"wp","href":"https:\/\/api.w.org\/{rel}","templated":true}]}}