{"id":4937066,"date":"2020-04-22T12:57:54","date_gmt":"2020-04-22T10:57:54","guid":{"rendered":"https:\/\/visitparnu.com\/kuinka-tulla-parnuun\/"},"modified":"2024-06-05T10:19:15","modified_gmt":"2024-06-05T08:19:15","slug":"kuinka-tulla-parnuun","status":"publish","type":"page","link":"https:\/\/visitparnu.com\/fi\/kuinka-tulla-parnuun\/","title":{"rendered":"Kuinka tulla P\u00e4rnuun?"},"content":{"rendered":"\t\t<div data-elementor-type=\"wp-page\" data-elementor-id=\"4937066\" class=\"elementor elementor-4937066 elementor-4936717\" data-elementor-post-type=\"page\">\n\t\t\t\t<div class=\"elementor-element elementor-element-25bcff2 content-one-col-block e-flex e-con-boxed e-con e-parent\" data-id=\"25bcff2\" data-element_type=\"container\" data-e-type=\"container\">\n\t\t\t\t\t<div class=\"e-con-inner\">\n\t\t<div class=\"elementor-element elementor-element-ad1e9c3 e-con-full e-flex e-con e-child\" data-id=\"ad1e9c3\" data-element_type=\"container\" data-e-type=\"container\">\n\t\t\t\t<div class=\"elementor-element elementor-element-b2fb583 elementor-widget elementor-widget-text-editor\" data-id=\"b2fb583\" data-element_type=\"widget\" data-e-type=\"widget\" data-widget_type=\"text-editor.default\">\n\t\t\t\t\t\t\t\t\t<p>P\u00e4rnuun p\u00e4\u00e4see bussilla ja autolla. Lis\u00e4ksi P\u00e4rnussa on pieni risteilysatama ja P\u00e4rnun lentokentt\u00e4. P\u00e4rnu sijaitsee hyv\u00e4ll\u00e4 paikalla, koska se on <strong>1,5 tunnin automatkan p\u00e4\u00e4ss\u00e4 Viron p\u00e4\u00e4kaupungista Tallinnasta <\/strong>sek\u00e4\u00a0<strong>2 tunnin automatkan p\u00e4\u00e4ss\u00e4 Latvian p\u00e4\u00e4kaupungista Riiasta<\/strong>. Kummassakin kaupungissa on kansainv\u00e4linen lentoasema. Viron kaupungeista on P\u00e4rnuun hyv\u00e4t linja-autoyhteydet.\u00a0<\/p>\t\t\t\t\t\t\t\t<\/div>\n\t\t\t\t<\/div>\n\t\t\t\t\t<\/div>\n\t\t\t\t<\/div>\n\t\t<div class=\"elementor-element elementor-element-ed3fa9d content-two-col-block e-flex e-con-boxed e-con e-parent\" data-id=\"ed3fa9d\" data-element_type=\"container\" data-e-type=\"container\">\n\t\t\t\t\t<div class=\"e-con-inner\">\n\t\t<div class=\"elementor-element elementor-element-7b97138 e-con-full e-flex e-con e-child\" data-id=\"7b97138\" data-element_type=\"container\" data-e-type=\"container\">\n\t\t\t\t<div class=\"elementor-element elementor-element-389df71 elementor-widget elementor-widget-image\" data-id=\"389df71\" data-element_type=\"widget\" data-e-type=\"widget\" data-widget_type=\"image.default\">\n\t\t\t\t\t\t\t\t\t\t\t\t\t\t\t<img fetchpriority=\"high\" decoding=\"async\" width=\"799\" height=\"533\" src=\"https:\/\/visitparnu.com\/wp-content\/uploads\/2023\/01\/tallinna-lennujaam.jpg\" class=\"attachment-large size-large wp-image-4944666\" alt=\"\" srcset=\"https:\/\/visitparnu.com\/wp-content\/uploads\/2023\/01\/tallinna-lennujaam.jpg 799w, https:\/\/visitparnu.com\/wp-content\/uploads\/2023\/01\/tallinna-lennujaam-300x200.jpg 300w, https:\/\/visitparnu.com\/wp-content\/uploads\/2023\/01\/tallinna-lennujaam-768x512.jpg 768w\" sizes=\"(max-width: 799px) 100vw, 799px\" \/>\t\t\t\t\t\t\t\t\t\t\t\t\t\t\t<\/div>\n\t\t\t\t<div class=\"elementor-element elementor-element-fd3c704 elementor-widget elementor-widget-text-editor\" data-id=\"fd3c704\" data-element_type=\"widget\" data-e-type=\"widget\" data-widget_type=\"text-editor.default\">\n\t\t\t\t\t\t\t\t\t<div class=\"elementor-element elementor-element-3ccb41a elementor-widget elementor-widget-text-editor\" data-id=\"3ccb41a\" data-element_type=\"widget\" data-settings=\"{&quot;ekit_we_effect_on&quot;:&quot;none&quot;}\" data-widget_type=\"text-editor.default\"><div class=\"elementor-widget-container\"><div class=\"elementor-text-editor elementor-clearfix\"><h2><strong>Saapuminen lentokoneella <\/strong><\/h2><p>P\u00e4rnun l\u00e4himm\u00e4t lentoasemat sijaitsevat Tallinnassa ja Riiassa.<\/p><p><strong>Viron suurin lentoasema eli Tallinnan lentoasema<\/strong> on nelj\u00e4n kilometrin p\u00e4\u00e4ss\u00e4 Tallinnan keskikaupungista. Paikan p\u00e4\u00e4ll\u00e4 on mahdollista vuokrata itselleen auto ja l\u00e4hte\u00e4 sielt\u00e4 ajanmaan kohti P\u00e4rnua. Toinen vaihtoehto on kulkea bussilla\/taksilla\/raitiovaunulla Tallinnan linja-autoasemalle ja matkustaa P\u00e4rnuun linja-autolla.\u00a0Tallinnan lentoaseman kautta kulkee 40 kansainv\u00e4list\u00e4 reitti\u00e4.<\/p><p><strong>Riian lentoasema <\/strong>sijaitsee 13 kilometrin p\u00e4\u00e4ss\u00e4 Riian keskustasta ja se on Latvian sek\u00e4 koko Baltian suurin lentoasema. Lentoaseman kautta kulkee vuodessa jopa 8 miljoonaa matkustajaa ja lentoasemalta on yhteys noin 80 kansainv\u00e4liseen kohteeseen.<\/p><p>Riian lentoasema sijaitsee P\u00e4rnusta 190 kilometrin p\u00e4\u00e4ss\u00e4. Paikan p\u00e4\u00e4ll\u00e4 voi samoin vuokrata itselleen auton tai kulkea Riian linja-autoasemalle.\u00a0<\/p><p><a href=\"https:\/\/visitparnu.com\/fi\/parnun-lentoasema\/\" target=\"_blank\" rel=\"noopener\"><strong>P\u00e4rnun lentoasemalle <\/strong><\/a>saapuvat sek\u00e4 kansainv\u00e4liset ett\u00e4 kotimaiset lennot. Lentoyhteyksien kautta olemme l\u00e4hemp\u00e4n\u00e4 maailmaa ja yhteydess\u00e4 eri suurkaupunkeihin.<\/p><\/div><\/div><\/div>\t\t\t\t\t\t\t\t<\/div>\n\t\t\t\t<\/div>\n\t\t<div class=\"elementor-element elementor-element-197dfe9 e-con-full e-flex e-con e-child\" data-id=\"197dfe9\" data-element_type=\"container\" data-e-type=\"container\">\n\t\t\t\t<div class=\"elementor-element elementor-element-0751664 elementor-widget elementor-widget-text-editor\" data-id=\"0751664\" data-element_type=\"widget\" data-e-type=\"widget\" data-widget_type=\"text-editor.default\">\n\t\t\t\t\t\t\t\t\t<h2><strong>Saapuminen merelt\u00e4 <\/strong><\/h2><p><strong>Tallinnan satamaan <\/strong>saapuu joka p\u00e4iv\u00e4 kymmeni\u00e4 laivoja, enimm\u00e4kseen Suomesta ja Ruotsista, mutta rahti- tai risteilylaivalla voi saapua kauempaakin. Tallinnan satama sijaitsee Tallinnan keskikaupungissa, P\u00e4rnusta noin 130 kilometrin p\u00e4\u00e4ss\u00e4.\u00a0 <strong><a href=\"https:\/\/www.ts.ee\/en\/\">Aikataulut<\/a> <\/strong>\u00a0l\u00f6ytyv\u00e4t sataman kotisivulta.<\/p><p><strong>P\u00e4rnun satamaan<\/strong>, joka sijaitsee P\u00e4rnun keskikaupungissa, on kes\u00e4kaudella mahdollista saapua risteilylaivoilla. Risteilylaivat pys\u00e4htyv\u00e4t P\u00e4rnussa yleens\u00e4 yhden p\u00e4iv\u00e4n.\u00a0<\/p><p><strong><a href=\"https:\/\/visitparnu.com\/fi\/objekt\/parnun-pursiseuran-huvivenesatama\/\">P\u00e4rnun<\/a><a href=\"https:\/\/visitparnu.com\/fi\/objekt\/parnun-pursiseuran-huvivenesatama\/\"> huvivenesataman<\/a><\/strong>\u00a0kautta P\u00e4rnuun voi saapua my\u00f6s omalla purjeveneell\u00e4 tai muulla aluksella. Pursiseuran satama sijaitsee lyhyen k\u00e4velymatkan p\u00e4\u00e4ss\u00e4 keskikaupungista.<\/p>\t\t\t\t\t\t\t\t<\/div>\n\t\t\t\t<div class=\"elementor-element elementor-element-1ccf1de elementor-widget elementor-widget-image\" data-id=\"1ccf1de\" data-element_type=\"widget\" data-e-type=\"widget\" data-widget_type=\"image.default\">\n\t\t\t\t\t\t\t\t\t\t\t\t\t\t\t<img decoding=\"async\" width=\"1024\" height=\"683\" src=\"https:\/\/visitparnu.com\/wp-content\/uploads\/2023\/01\/Parnu-jahisadam-1024x683.jpg\" class=\"attachment-large size-large wp-image-4944665\" alt=\"\" srcset=\"https:\/\/visitparnu.com\/wp-content\/uploads\/2023\/01\/Parnu-jahisadam-1024x683.jpg 1024w, https:\/\/visitparnu.com\/wp-content\/uploads\/2023\/01\/Parnu-jahisadam-300x200.jpg 300w, https:\/\/visitparnu.com\/wp-content\/uploads\/2023\/01\/Parnu-jahisadam-768x512.jpg 768w, https:\/\/visitparnu.com\/wp-content\/uploads\/2023\/01\/Parnu-jahisadam-1536x1024.jpg 1536w, https:\/\/visitparnu.com\/wp-content\/uploads\/2023\/01\/Parnu-jahisadam.jpg 1731w\" sizes=\"(max-width: 1024px) 100vw, 1024px\" \/>\t\t\t\t\t\t\t\t\t\t\t\t\t\t\t<\/div>\n\t\t\t\t<div class=\"elementor-element elementor-element-bf679ff elementor-widget elementor-widget-text-editor\" data-id=\"bf679ff\" data-element_type=\"widget\" data-e-type=\"widget\" data-widget_type=\"text-editor.default\">\n\t\t\t\t\t\t\t\t\t<h2><strong>Saapuminen linja-autolla <\/strong><\/h2><p>P\u00e4rnun linja-autoasemalle saapuvat kansainv\u00e4liset linja-autot useista Euroopan suurkaupungeista:<\/p><ul><li>Riiasta,\u00a0<\/li><li>Vilnasta,\u00a0<\/li><li>Varsovasta,\u00a0<\/li><li>Pietarista,<\/li><li>Minskist\u00e4.\u00a0<\/li><\/ul><p>Bussilla p\u00e4\u00e4see kulkemaan my\u00f6s P\u00e4rnun maakunnan eri alueiden v\u00e4lill\u00e4.<\/p><p>Tallinnan linja-autoasemalta on P\u00e4rnuun suora yhteys. Bussit kulkevat P\u00e4rnun ja Tallinnan v\u00e4lill\u00e4 joka puolen tunnin \u2014 tunnin v\u00e4lein.\u00a0<\/p><p>Lis\u00e4tiedot:\u00a0<\/p><ul><li><a href=\"https:\/\/visitparnu.com\/fi\/parnun-linja-autoasema\/\">P\u00e4rnun linja-autoasema<\/a>\u00a0<\/li><li><a href=\"http:\/\/www.bussijaam.ee\/en\/\">Tallinnan linja-autoasema<\/a><\/li><\/ul><h2><strong>Saapuminen autolla<\/strong><\/h2><p>Viron maantiet ovat yleens\u00e4 eritt\u00e4in hyv\u00e4ss\u00e4 kunnossa ja P\u00e4rnuun voi saapua useasta suunnasta. P\u00e4\u00e4maantiet, jotka kulkevat P\u00e4rnuun, l\u00e4htev\u00e4t Tallinnasta, Riiasta, Tartosta ja Haapsalusta. Autolla matkustaessa tutustu my\u00f6s <a href=\"https:\/\/visitparnu.com\/fi\/pysakointi-parnussa\/\">pys\u00e4k\u00f6intitietoihimme<\/a>.<\/p><p>Auton vuokrausmahdollisuuksia tarjotaan sek\u00e4 Tallinnan ett\u00e4 Riian lentoasemalla. Auton voi vuokrata my\u00f6s Viron kaikista isommista kaupungeista ja P\u00e4rnustakin. Tiedot P\u00e4rnussa toimivista autonvuokrausyrityksist\u00e4 muuttuvat usein. Saadakseen asiasta lis\u00e4tietoja voitte meille aina <a href=\"https:\/\/visitparnu.com\/fi\/yhteystiedot\/\">kirjoittaa<\/a>.<\/p>\t\t\t\t\t\t\t\t<\/div>\n\t\t\t\t<\/div>\n\t\t\t\t\t<\/div>\n\t\t\t\t<\/div>\n\t\t\t\t<\/div>\n\t\t","protected":false},"excerpt":{"rendered":"<p>P\u00e4rnuun p\u00e4\u00e4see bussilla ja autolla. Lis\u00e4ksi P\u00e4rnussa on pieni risteilysatama ja P\u00e4rnun lentokentt\u00e4. P\u00e4rnu sijaitsee hyv\u00e4ll\u00e4 paikalla, koska se on 1,5 tunnin automatkan p\u00e4\u00e4ss\u00e4 Viron p\u00e4\u00e4kaupungista Tallinnasta sek\u00e4\u00a02 tunnin automatkan p\u00e4\u00e4ss\u00e4 Latvian p\u00e4\u00e4kaupungista Riiasta. Kummassakin kaupungissa on kansainv\u00e4linen lentoasema. Viron kaupungeista on P\u00e4rnuun hyv\u00e4t linja-autoyhteydet.\u00a0 Saapuminen lentokoneella P\u00e4rnun l\u00e4himm\u00e4t lentoasemat sijaitsevat Tallinnassa ja Riiassa. Viron [&hellip;]<\/p>\n","protected":false},"author":1,"featured_media":4944659,"parent":0,"menu_order":0,"comment_status":"closed","ping_status":"closed","template":"","meta":{"_acf_changed":false,"footnotes":""},"class_list":["post-4937066","page","type-page","status-publish","has-post-thumbnail","hentry"],"acf":[],"yoast_head":"<!-- This site is optimized with the Yoast SEO plugin v27.3 - https:\/\/yoast.com\/product\/yoast-seo-wordpress\/ -->\n<title>Kuinka tulla P\u00e4rnuun? - Visit P\u00e4rnu<\/title>\n<meta name=\"robots\" content=\"index, follow, max-snippet:-1, max-image-preview:large, max-video-preview:-1\" \/>\n<link rel=\"canonical\" href=\"https:\/\/visitparnu.com\/fi\/kuinka-tulla-parnuun\/\" \/>\n<meta property=\"og:locale\" content=\"fi_FI\" \/>\n<meta property=\"og:type\" content=\"article\" \/>\n<meta property=\"og:title\" content=\"Kuinka tulla P\u00e4rnuun? - Visit P\u00e4rnu\" \/>\n<meta property=\"og:description\" content=\"P\u00e4rnuun p\u00e4\u00e4see bussilla ja autolla. Lis\u00e4ksi P\u00e4rnussa on pieni risteilysatama ja P\u00e4rnun lentokentt\u00e4. P\u00e4rnu sijaitsee hyv\u00e4ll\u00e4 paikalla, koska se on 1,5 tunnin automatkan p\u00e4\u00e4ss\u00e4 Viron p\u00e4\u00e4kaupungista Tallinnasta sek\u00e4\u00a02 tunnin automatkan p\u00e4\u00e4ss\u00e4 Latvian p\u00e4\u00e4kaupungista Riiasta. Kummassakin kaupungissa on kansainv\u00e4linen lentoasema. Viron kaupungeista on P\u00e4rnuun hyv\u00e4t linja-autoyhteydet.\u00a0 Saapuminen lentokoneella P\u00e4rnun l\u00e4himm\u00e4t lentoasemat sijaitsevat Tallinnassa ja Riiassa. Viron [&hellip;]\" \/>\n<meta property=\"og:url\" content=\"https:\/\/visitparnu.com\/fi\/kuinka-tulla-parnuun\/\" \/>\n<meta property=\"og:site_name\" content=\"Visit P\u00e4rnu\" \/>\n<meta property=\"article:publisher\" content=\"https:\/\/www.facebook.com\/visitparnuEE\/\" \/>\n<meta property=\"article:modified_time\" content=\"2024-06-05T08:19:15+00:00\" \/>\n<meta property=\"og:image\" content=\"https:\/\/visitparnu.com\/wp-content\/uploads\/2023\/01\/Kuidas-tulla-parnusse.jpg\" \/>\n\t<meta property=\"og:image:width\" content=\"1730\" \/>\n\t<meta property=\"og:image:height\" content=\"1155\" \/>\n\t<meta property=\"og:image:type\" content=\"image\/jpeg\" \/>\n<meta name=\"twitter:card\" content=\"summary_large_image\" \/>\n<meta name=\"twitter:label1\" content=\"Arvioitu lukuaika\" \/>\n\t<meta name=\"twitter:data1\" content=\"4 minuuttia\" \/>\n<script type=\"application\/ld+json\" class=\"yoast-schema-graph\">{\"@context\":\"https:\\\/\\\/schema.org\",\"@graph\":[{\"@type\":\"WebPage\",\"@id\":\"https:\\\/\\\/visitparnu.com\\\/fi\\\/kuinka-tulla-parnuun\\\/\",\"url\":\"https:\\\/\\\/visitparnu.com\\\/fi\\\/kuinka-tulla-parnuun\\\/\",\"name\":\"Kuinka tulla P\u00e4rnuun? - Visit P\u00e4rnu\",\"isPartOf\":{\"@id\":\"https:\\\/\\\/visitparnu.com\\\/fi\\\/#website\"},\"primaryImageOfPage\":{\"@id\":\"https:\\\/\\\/visitparnu.com\\\/fi\\\/kuinka-tulla-parnuun\\\/#primaryimage\"},\"image\":{\"@id\":\"https:\\\/\\\/visitparnu.com\\\/fi\\\/kuinka-tulla-parnuun\\\/#primaryimage\"},\"thumbnailUrl\":\"https:\\\/\\\/visitparnu.com\\\/wp-content\\\/uploads\\\/2023\\\/01\\\/Kuidas-tulla-parnusse.jpg\",\"datePublished\":\"2020-04-22T10:57:54+00:00\",\"dateModified\":\"2024-06-05T08:19:15+00:00\",\"breadcrumb\":{\"@id\":\"https:\\\/\\\/visitparnu.com\\\/fi\\\/kuinka-tulla-parnuun\\\/#breadcrumb\"},\"inLanguage\":\"fi\",\"potentialAction\":[{\"@type\":\"ReadAction\",\"target\":[\"https:\\\/\\\/visitparnu.com\\\/fi\\\/kuinka-tulla-parnuun\\\/\"]}]},{\"@type\":\"ImageObject\",\"inLanguage\":\"fi\",\"@id\":\"https:\\\/\\\/visitparnu.com\\\/fi\\\/kuinka-tulla-parnuun\\\/#primaryimage\",\"url\":\"https:\\\/\\\/visitparnu.com\\\/wp-content\\\/uploads\\\/2023\\\/01\\\/Kuidas-tulla-parnusse.jpg\",\"contentUrl\":\"https:\\\/\\\/visitparnu.com\\\/wp-content\\\/uploads\\\/2023\\\/01\\\/Kuidas-tulla-parnusse.jpg\",\"width\":1730,\"height\":1155},{\"@type\":\"BreadcrumbList\",\"@id\":\"https:\\\/\\\/visitparnu.com\\\/fi\\\/kuinka-tulla-parnuun\\\/#breadcrumb\",\"itemListElement\":[{\"@type\":\"ListItem\",\"position\":1,\"name\":\"\",\"item\":\"https:\\\/\\\/visitparnu.com\\\/fi\\\/\"},{\"@type\":\"ListItem\",\"position\":2,\"name\":\"Kuinka tulla P\u00e4rnuun?\"}]},{\"@type\":\"WebSite\",\"@id\":\"https:\\\/\\\/visitparnu.com\\\/fi\\\/#website\",\"url\":\"https:\\\/\\\/visitparnu.com\\\/fi\\\/\",\"name\":\"Visit P\u00e4rnu\",\"description\":\"\",\"publisher\":{\"@id\":\"https:\\\/\\\/visitparnu.com\\\/fi\\\/#organization\"},\"potentialAction\":[{\"@type\":\"SearchAction\",\"target\":{\"@type\":\"EntryPoint\",\"urlTemplate\":\"https:\\\/\\\/visitparnu.com\\\/fi\\\/?s={search_term_string}\"},\"query-input\":{\"@type\":\"PropertyValueSpecification\",\"valueRequired\":true,\"valueName\":\"search_term_string\"}}],\"inLanguage\":\"fi\"},{\"@type\":\"Organization\",\"@id\":\"https:\\\/\\\/visitparnu.com\\\/fi\\\/#organization\",\"name\":\"Visit P\u00e4rnu\",\"url\":\"https:\\\/\\\/visitparnu.com\\\/fi\\\/\",\"logo\":{\"@type\":\"ImageObject\",\"inLanguage\":\"fi\",\"@id\":\"https:\\\/\\\/visitparnu.com\\\/fi\\\/#\\\/schema\\\/logo\\\/image\\\/\",\"url\":\"https:\\\/\\\/visitparnu.com\\\/wp-content\\\/uploads\\\/2022\\\/11\\\/VP_logo.svg\",\"contentUrl\":\"https:\\\/\\\/visitparnu.com\\\/wp-content\\\/uploads\\\/2022\\\/11\\\/VP_logo.svg\",\"width\":305,\"height\":33,\"caption\":\"Visit P\u00e4rnu\"},\"image\":{\"@id\":\"https:\\\/\\\/visitparnu.com\\\/fi\\\/#\\\/schema\\\/logo\\\/image\\\/\"},\"sameAs\":[\"https:\\\/\\\/www.facebook.com\\\/visitparnuEE\\\/\",\"https:\\\/\\\/www.youtube.com\\\/user\\\/visitparnuestonia\\\/\",\"https:\\\/\\\/www.instagram.com\\\/visitparnu\\\/\"]}]}<\/script>\n<!-- \/ Yoast SEO plugin. -->","yoast_head_json":{"title":"Kuinka tulla P\u00e4rnuun? - Visit P\u00e4rnu","robots":{"index":"index","follow":"follow","max-snippet":"max-snippet:-1","max-image-preview":"max-image-preview:large","max-video-preview":"max-video-preview:-1"},"canonical":"https:\/\/visitparnu.com\/fi\/kuinka-tulla-parnuun\/","og_locale":"fi_FI","og_type":"article","og_title":"Kuinka tulla P\u00e4rnuun? - Visit P\u00e4rnu","og_description":"P\u00e4rnuun p\u00e4\u00e4see bussilla ja autolla. Lis\u00e4ksi P\u00e4rnussa on pieni risteilysatama ja P\u00e4rnun lentokentt\u00e4. P\u00e4rnu sijaitsee hyv\u00e4ll\u00e4 paikalla, koska se on 1,5 tunnin automatkan p\u00e4\u00e4ss\u00e4 Viron p\u00e4\u00e4kaupungista Tallinnasta sek\u00e4\u00a02 tunnin automatkan p\u00e4\u00e4ss\u00e4 Latvian p\u00e4\u00e4kaupungista Riiasta. Kummassakin kaupungissa on kansainv\u00e4linen lentoasema. Viron kaupungeista on P\u00e4rnuun hyv\u00e4t linja-autoyhteydet.\u00a0 Saapuminen lentokoneella P\u00e4rnun l\u00e4himm\u00e4t lentoasemat sijaitsevat Tallinnassa ja Riiassa. Viron [&hellip;]","og_url":"https:\/\/visitparnu.com\/fi\/kuinka-tulla-parnuun\/","og_site_name":"Visit P\u00e4rnu","article_publisher":"https:\/\/www.facebook.com\/visitparnuEE\/","article_modified_time":"2024-06-05T08:19:15+00:00","og_image":[{"width":1730,"height":1155,"url":"https:\/\/visitparnu.com\/wp-content\/uploads\/2023\/01\/Kuidas-tulla-parnusse.jpg","type":"image\/jpeg"}],"twitter_card":"summary_large_image","twitter_misc":{"Arvioitu lukuaika":"4 minuuttia"},"schema":{"@context":"https:\/\/schema.org","@graph":[{"@type":"WebPage","@id":"https:\/\/visitparnu.com\/fi\/kuinka-tulla-parnuun\/","url":"https:\/\/visitparnu.com\/fi\/kuinka-tulla-parnuun\/","name":"Kuinka tulla P\u00e4rnuun? - Visit P\u00e4rnu","isPartOf":{"@id":"https:\/\/visitparnu.com\/fi\/#website"},"primaryImageOfPage":{"@id":"https:\/\/visitparnu.com\/fi\/kuinka-tulla-parnuun\/#primaryimage"},"image":{"@id":"https:\/\/visitparnu.com\/fi\/kuinka-tulla-parnuun\/#primaryimage"},"thumbnailUrl":"https:\/\/visitparnu.com\/wp-content\/uploads\/2023\/01\/Kuidas-tulla-parnusse.jpg","datePublished":"2020-04-22T10:57:54+00:00","dateModified":"2024-06-05T08:19:15+00:00","breadcrumb":{"@id":"https:\/\/visitparnu.com\/fi\/kuinka-tulla-parnuun\/#breadcrumb"},"inLanguage":"fi","potentialAction":[{"@type":"ReadAction","target":["https:\/\/visitparnu.com\/fi\/kuinka-tulla-parnuun\/"]}]},{"@type":"ImageObject","inLanguage":"fi","@id":"https:\/\/visitparnu.com\/fi\/kuinka-tulla-parnuun\/#primaryimage","url":"https:\/\/visitparnu.com\/wp-content\/uploads\/2023\/01\/Kuidas-tulla-parnusse.jpg","contentUrl":"https:\/\/visitparnu.com\/wp-content\/uploads\/2023\/01\/Kuidas-tulla-parnusse.jpg","width":1730,"height":1155},{"@type":"BreadcrumbList","@id":"https:\/\/visitparnu.com\/fi\/kuinka-tulla-parnuun\/#breadcrumb","itemListElement":[{"@type":"ListItem","position":1,"name":"","item":"https:\/\/visitparnu.com\/fi\/"},{"@type":"ListItem","position":2,"name":"Kuinka tulla P\u00e4rnuun?"}]},{"@type":"WebSite","@id":"https:\/\/visitparnu.com\/fi\/#website","url":"https:\/\/visitparnu.com\/fi\/","name":"Visit P\u00e4rnu","description":"","publisher":{"@id":"https:\/\/visitparnu.com\/fi\/#organization"},"potentialAction":[{"@type":"SearchAction","target":{"@type":"EntryPoint","urlTemplate":"https:\/\/visitparnu.com\/fi\/?s={search_term_string}"},"query-input":{"@type":"PropertyValueSpecification","valueRequired":true,"valueName":"search_term_string"}}],"inLanguage":"fi"},{"@type":"Organization","@id":"https:\/\/visitparnu.com\/fi\/#organization","name":"Visit P\u00e4rnu","url":"https:\/\/visitparnu.com\/fi\/","logo":{"@type":"ImageObject","inLanguage":"fi","@id":"https:\/\/visitparnu.com\/fi\/#\/schema\/logo\/image\/","url":"https:\/\/visitparnu.com\/wp-content\/uploads\/2022\/11\/VP_logo.svg","contentUrl":"https:\/\/visitparnu.com\/wp-content\/uploads\/2022\/11\/VP_logo.svg","width":305,"height":33,"caption":"Visit P\u00e4rnu"},"image":{"@id":"https:\/\/visitparnu.com\/fi\/#\/schema\/logo\/image\/"},"sameAs":["https:\/\/www.facebook.com\/visitparnuEE\/","https:\/\/www.youtube.com\/user\/visitparnuestonia\/","https:\/\/www.instagram.com\/visitparnu\/"]}]}},"_links":{"self":[{"href":"https:\/\/visitparnu.com\/fi\/wp-json\/wp\/v2\/pages\/4937066","targetHints":{"allow":["GET"]}}],"collection":[{"href":"https:\/\/visitparnu.com\/fi\/wp-json\/wp\/v2\/pages"}],"about":[{"href":"https:\/\/visitparnu.com\/fi\/wp-json\/wp\/v2\/types\/page"}],"author":[{"embeddable":true,"href":"https:\/\/visitparnu.com\/fi\/wp-json\/wp\/v2\/users\/1"}],"replies":[{"embeddable":true,"href":"https:\/\/visitparnu.com\/fi\/wp-json\/wp\/v2\/comments?post=4937066"}],"version-history":[{"count":20,"href":"https:\/\/visitparnu.com\/fi\/wp-json\/wp\/v2\/pages\/4937066\/revisions"}],"predecessor-version":[{"id":5003220,"href":"https:\/\/visitparnu.com\/fi\/wp-json\/wp\/v2\/pages\/4937066\/revisions\/5003220"}],"wp:featuredmedia":[{"embeddable":true,"href":"https:\/\/visitparnu.com\/fi\/wp-json\/wp\/v2\/media\/4944659"}],"wp:attachment":[{"href":"https:\/\/visitparnu.com\/fi\/wp-json\/wp\/v2\/media?parent=4937066"}],"curies":[{"name":"wp","href":"https:\/\/api.w.org\/{rel}","templated":true}]}}