{"id":4937058,"date":"2019-05-28T15:57:08","date_gmt":"2019-05-28T13:57:08","guid":{"rendered":"https:\/\/visitparnu.com\/saa-parnussa\/"},"modified":"2023-01-26T16:22:22","modified_gmt":"2023-01-26T14:22:22","slug":"saa-parnussa","status":"publish","type":"page","link":"https:\/\/visitparnu.com\/fi\/saa-parnussa\/","title":{"rendered":"S\u00e4\u00e4 P\u00e4rnussa"},"content":{"rendered":"\t\t<div data-elementor-type=\"wp-post\" data-elementor-id=\"4937058\" class=\"elementor elementor-4937058 elementor-4936693\" data-elementor-post-type=\"page\">\n\t\t\t\t\t\t<section class=\"elementor-section elementor-top-section elementor-element elementor-element-eb7ac35 elementor-section-full_width elementor-section-height-default elementor-section-height-default\" data-id=\"eb7ac35\" data-element_type=\"section\" data-e-type=\"section\">\n\t\t\t\t\t\t<div class=\"elementor-container elementor-column-gap-default\">\n\t\t\t\t\t<div class=\"elementor-column elementor-col-50 elementor-top-column elementor-element elementor-element-46f4651\" data-id=\"46f4651\" data-element_type=\"column\" data-e-type=\"column\">\n\t\t\t<div class=\"elementor-widget-wrap elementor-element-populated\">\n\t\t\t\t\t\t<div class=\"elementor-element elementor-element-6a9aeac elementor-widget elementor-widget-text-editor\" data-id=\"6a9aeac\" data-element_type=\"widget\" data-e-type=\"widget\" data-widget_type=\"text-editor.default\">\n\t\t\t\t\t\t\t\t\t<p>S\u00e4\u00e4 voi P\u00e4rnussa olla paikoin hyvinkin vaihteleva, mutta yleens\u00e4 t\u00e4\u00e4ll\u00e4 on l\u00e4mpim\u00e4mp\u00e4\u00e4 kuin muualla Virossa. Siit\u00e4 syyst\u00e4 P\u00e4rnusta on tullut my\u00f6s Viron kes\u00e4p\u00e4\u00e4kaupunki. Hyv\u00e4 s\u00e4\u00e4 houkuttelee P\u00e4rnun kaduille kes\u00e4ll\u00e4 tuhansia vierailijoita, jotka tulevat t\u00e4nne hyv\u00e4n rannan ja monipuolisen kulttuuriohjelman takia.<\/p><h2><strong>S\u00e4\u00e4 P\u00e4rnussa kes\u00e4ll\u00e4<\/strong><\/h2><p>Kes\u00e4kuukautemme ovat kes\u00e4kuu, hein\u00e4kuu ja elokuu ja kes\u00e4n kohokohta on tietenkin hein\u00e4kuu.\u00a0<strong>S\u00e4\u00e4 on P\u00e4rnussa silloin hyvin l\u00e4mmin ja l\u00e4mp\u00f6tila vaihtelee<\/strong> <strong>15\u201320 \u00b0C v\u00e4lill\u00e4, l\u00e4mpim\u00e4mp\u00e4n\u00e4 kes\u00e4n\u00e4 jopa 22\u201327 \u00b0C.\u00a0<\/strong>Joskus voi olla sit\u00e4kin korkeampia l\u00e4mp\u00f6tiloja, esimerkiksi vuoden 2018 kes\u00e4ll\u00e4 l\u00e4mp\u00f6tila oli yli 30 \u00b0C enemm\u00e4n kuin kymmenen\u00e4 p\u00e4iv\u00e4n\u00e4.<\/p>\t\t\t\t\t\t\t\t<\/div>\n\t\t\t\t<div class=\"elementor-element elementor-element-4a663cc elementor-widget elementor-widget-image\" data-id=\"4a663cc\" data-element_type=\"widget\" data-e-type=\"widget\" data-widget_type=\"image.default\">\n\t\t\t\t\t\t\t\t\t\t\t\t<figure class=\"wp-caption\">\n\t\t\t\t\t\t\t\t\t\t<img fetchpriority=\"high\" decoding=\"async\" width=\"700\" height=\"466\" src=\"https:\/\/visitparnu.com\/wp-content\/uploads\/2022\/12\/Elefantti-Parnun-rannalla-1.jpg\" class=\"attachment-large size-large wp-image-4937059\" alt=\"\" srcset=\"https:\/\/visitparnu.com\/wp-content\/uploads\/2022\/12\/Elefantti-Parnun-rannalla-1.jpg 700w, https:\/\/visitparnu.com\/wp-content\/uploads\/2022\/12\/Elefantti-Parnun-rannalla-1-300x200.jpg 300w\" sizes=\"(max-width: 700px) 100vw, 700px\" \/>\t\t\t\t\t\t\t\t\t\t\t<figcaption class=\"widget-image-caption wp-caption-text\">Elefantti P\u00e4rnun rannalla<\/figcaption>\n\t\t\t\t\t\t\t\t\t\t<\/figure>\n\t\t\t\t\t\t\t\t\t<\/div>\n\t\t\t\t<div class=\"elementor-element elementor-element-6f59749 elementor-widget elementor-widget-text-editor\" data-id=\"6f59749\" data-element_type=\"widget\" data-e-type=\"widget\" data-widget_type=\"text-editor.default\">\n\t\t\t\t\t\t\t\t\t<h2><strong>S\u00e4\u00e4 P\u00e4rnussa syksyll\u00e4<\/strong><\/h2><p>Syksy alkaa Virossa virallisesti syyskuun toisella puoliskolla ja p\u00e4\u00e4ttyy talvip\u00e4iv\u00e4seisaukseen (21. tai 22. joulukuuta). S\u00e4\u00e4 muuttuu P\u00e4rnussa silloin tuulisemmaksi, mutta hyv\u00e4n s\u00e4\u00e4n aikana voi rannalla nauttia kauniita auringonlaskuja.\u00a0<strong>L\u00e4mp\u00f6tilat pysyttelev\u00e4t 1 \u00b0C &#8211; 11 \u00b0C tienoilla.\u00a0<\/strong> Syksy on my\u00f6s erinomainen aika nauttiakseen rauhallisista kaduista ja v\u00e4rikk\u00e4\u00e4st\u00e4 luonnosta. Vaikka syyskuu, lokakuu ja marraskuu ovat syyskuukausia, voi ensimm\u00e4isi\u00e4 lumisateita n\u00e4hd\u00e4 todenn\u00e4k\u00f6isesti jo lokakuussa.<\/p>\t\t\t\t\t\t\t\t<\/div>\n\t\t\t\t\t<\/div>\n\t\t<\/div>\n\t\t\t\t<div class=\"elementor-column elementor-col-50 elementor-top-column elementor-element elementor-element-617699f\" data-id=\"617699f\" data-element_type=\"column\" data-e-type=\"column\">\n\t\t\t<div class=\"elementor-widget-wrap elementor-element-populated\">\n\t\t\t\t\t\t<div class=\"elementor-element elementor-element-ee52c62 elementor-widget elementor-widget-text-editor\" data-id=\"ee52c62\" data-element_type=\"widget\" data-e-type=\"widget\" data-widget_type=\"text-editor.default\">\n\t\t\t\t\t\t\t\t\t<h2><strong>S\u00e4\u00e4 P\u00e4rnussa talvella<\/strong><\/h2><p>Viel\u00e4 kymmenkunta vuotta sitten talvisin oli kunnon pakkasia, mutta viime vuosina talvet ovat olleet melko l\u00e4mpimi\u00e4.\u00a0<strong>L\u00e4mp\u00f6tilat vaihtelevat yleens\u00e4 5 \u00b0C ja -15 \u00b0C v\u00e4lill\u00e4<\/strong>, silti on hyv\u00e4 ottaa mukaan l\u00e4mpimi\u00e4 vaatteita, koska pakkasta voi joskus olla jopa yli 15 \u00b0C. Lumisateita voi P\u00e4rnussa ja koko Virossa tulla yleens\u00e4 joulukuun ja maaliskuun v\u00e4lisen\u00e4 aikana.<\/p><h2><strong>S\u00e4\u00e4 P\u00e4rnussa kev\u00e4\u00e4ll\u00e4<\/strong><\/h2><p>Maaliskuun toisella puoliskolla alkaa kev\u00e4t, linnut aloittavat paluumuuton, el\u00e4imet her\u00e4\u00e4v\u00e4t talviunesta ja ensimm\u00e4iset kukat alkavat kukkimaan. Se on t\u00e4ydellinen aika tulla P\u00e4rnuun, koska s\u00e4\u00e4 yh\u00e4 l\u00e4mpenee ja p\u00e4iv\u00e4t ne vaan pitenee.\u00a0<strong>L\u00e4mp\u00f6tilat vaihtelevat -1 \u00b0C &#8211; 11 \u00b0C v\u00e4lill\u00e4.<\/strong><\/p>\t\t\t\t\t\t\t\t<\/div>\n\t\t\t\t<div class=\"elementor-element elementor-element-0739bd1 elementor-widget elementor-widget-image\" data-id=\"0739bd1\" data-element_type=\"widget\" data-e-type=\"widget\" data-widget_type=\"image.default\">\n\t\t\t\t\t\t\t\t\t\t\t\t<figure class=\"wp-caption\">\n\t\t\t\t\t\t\t\t\t\t<img decoding=\"async\" width=\"700\" height=\"467\" src=\"https:\/\/visitparnu.com\/wp-content\/uploads\/2022\/12\/Parnun-retkipolku-syksylla.jpg\" class=\"attachment-large size-large wp-image-4937060\" alt=\"\" srcset=\"https:\/\/visitparnu.com\/wp-content\/uploads\/2022\/12\/Parnun-retkipolku-syksylla.jpg 700w, https:\/\/visitparnu.com\/wp-content\/uploads\/2022\/12\/Parnun-retkipolku-syksylla-300x200.jpg 300w\" sizes=\"(max-width: 700px) 100vw, 700px\" \/>\t\t\t\t\t\t\t\t\t\t\t<figcaption class=\"widget-image-caption wp-caption-text\">P\u00e4rnun retkipolku syksyll\u00e4<\/figcaption>\n\t\t\t\t\t\t\t\t\t\t<\/figure>\n\t\t\t\t\t\t\t\t\t<\/div>\n\t\t\t\t<div class=\"elementor-element elementor-element-401c7f5 elementor-widget elementor-widget-text-editor\" data-id=\"401c7f5\" data-element_type=\"widget\" data-e-type=\"widget\" data-widget_type=\"text-editor.default\">\n\t\t\t\t\t\t\t\t\t<h2><strong>Mielenkiintoisia faktoja P\u00e4rnun s\u00e4\u00e4st\u00e4:<\/strong><\/h2><ul><li>Tammikuussa vuonna 2005 oli t\u00e4h\u00e4n menness\u00e4 yksi kovimmista myrskyist\u00e4 P\u00e4rnussa, kun tuulen keskinopeudeksi mitattiin 25 m\/s.<\/li><li>Tuulen nopeudeksi on P\u00e4rnumaalla mitattu korkeimmillaan 33 m\/s, Viron enn\u00e4tys on 40 m\/s.<\/li><li>P\u00e4rnun pakkasenn\u00e4tys on -34,8 \u00b0C ja se mitattiin vuonna 1893.<\/li><li>Kihnun pakkasenn\u00e4tys on -32,4 \u00b0C ja se on per\u00e4isin vuodesta 1978.<\/li><li>L\u00e4mp\u00f6enn\u00e4tys on per\u00e4isin vuodesta 2003 ja se on 33,2 \u00b0C.<\/li><li>Viron poutaisimman vuoden enn\u00e4tys kuuluu P\u00e4rnulle \u2013 vuonna 1941 oli vuotuinen sadem\u00e4\u00e4r\u00e4 vain 309 mm (keskim\u00e4\u00e4rin Virossa 550-800 mm).<\/li><li>Vedenkorkeuden Viron enn\u00e4tys kuuluu my\u00f6s P\u00e4rnulle ja se on per\u00e4isin vuodesta 2005, kun vedenkorkeus oli 294 cm yli normaalitasoa.<\/li><li>Lumipeite on P\u00e4rnumaalla ollut paksuimmillaan 53 senttimetri\u00e4.<\/li><\/ul><p>P\u00e4rnun keskikaupungilla sijaitsevat sek\u00e4 kaupungin viralliset ett\u00e4 yksityiset pys\u00e4k\u00f6intialueet.\u00a0<strong>Kaupungin pys\u00e4k\u00f6intialueita on 2 \u2013 keskikaupungin virallinen pys\u00e4k\u00f6intialue sek\u00e4 rannan virallinen pys\u00e4k\u00f6intialue.<\/strong>\u00a0<\/p>\t\t\t\t\t\t\t\t<\/div>\n\t\t\t\t\t<\/div>\n\t\t<\/div>\n\t\t\t\t\t<\/div>\n\t\t<\/section>\n\t\t\t\t<\/div>\n\t\t","protected":false},"excerpt":{"rendered":"<p>S\u00e4\u00e4 voi P\u00e4rnussa olla paikoin hyvinkin vaihteleva, mutta yleens\u00e4 t\u00e4\u00e4ll\u00e4 on l\u00e4mpim\u00e4mp\u00e4\u00e4 kuin muualla Virossa. Siit\u00e4 syyst\u00e4 P\u00e4rnusta on tullut my\u00f6s Viron kes\u00e4p\u00e4\u00e4kaupunki. Hyv\u00e4 s\u00e4\u00e4 houkuttelee P\u00e4rnun kaduille kes\u00e4ll\u00e4 tuhansia vierailijoita, jotka tulevat t\u00e4nne hyv\u00e4n rannan ja monipuolisen kulttuuriohjelman takia. S\u00e4\u00e4 P\u00e4rnussa kes\u00e4ll\u00e4 Kes\u00e4kuukautemme ovat kes\u00e4kuu, hein\u00e4kuu ja elokuu ja kes\u00e4n kohokohta on tietenkin hein\u00e4kuu.\u00a0S\u00e4\u00e4 [&hellip;]<\/p>\n","protected":false},"author":1,"featured_media":4937059,"parent":0,"menu_order":0,"comment_status":"closed","ping_status":"closed","template":"","meta":{"_acf_changed":false,"footnotes":""},"class_list":["post-4937058","page","type-page","status-publish","has-post-thumbnail","hentry"],"acf":[],"yoast_head":"<!-- This site is optimized with the Yoast SEO plugin v27.3 - https:\/\/yoast.com\/product\/yoast-seo-wordpress\/ -->\n<title>S\u00e4\u00e4 P\u00e4rnussa - Visit P\u00e4rnu<\/title>\n<meta name=\"robots\" content=\"index, follow, max-snippet:-1, max-image-preview:large, max-video-preview:-1\" \/>\n<link rel=\"canonical\" href=\"https:\/\/visitparnu.com\/fi\/saa-parnussa\/\" \/>\n<meta property=\"og:locale\" content=\"fi_FI\" \/>\n<meta property=\"og:type\" content=\"article\" \/>\n<meta property=\"og:title\" content=\"S\u00e4\u00e4 P\u00e4rnussa - Visit P\u00e4rnu\" \/>\n<meta property=\"og:description\" content=\"S\u00e4\u00e4 voi P\u00e4rnussa olla paikoin hyvinkin vaihteleva, mutta yleens\u00e4 t\u00e4\u00e4ll\u00e4 on l\u00e4mpim\u00e4mp\u00e4\u00e4 kuin muualla Virossa.\" \/>\n<meta property=\"og:url\" content=\"https:\/\/visitparnu.com\/fi\/saa-parnussa\/\" \/>\n<meta property=\"og:site_name\" content=\"Visit P\u00e4rnu\" \/>\n<meta property=\"article:publisher\" content=\"https:\/\/www.facebook.com\/visitparnuEE\/\" \/>\n<meta property=\"article:modified_time\" content=\"2023-01-26T14:22:22+00:00\" \/>\n<meta property=\"og:image\" content=\"https:\/\/visitparnu.com\/wp-content\/uploads\/2023\/01\/Parnu-ilm-4.jpg\" \/>\n\t<meta property=\"og:image:width\" content=\"1886\" \/>\n\t<meta property=\"og:image:height\" content=\"1060\" \/>\n\t<meta property=\"og:image:type\" content=\"image\/jpeg\" \/>\n<meta name=\"twitter:card\" content=\"summary_large_image\" \/>\n<meta name=\"twitter:label1\" content=\"Arvioitu lukuaika\" \/>\n\t<meta name=\"twitter:data1\" content=\"3 minuuttia\" \/>\n<script type=\"application\/ld+json\" class=\"yoast-schema-graph\">{\"@context\":\"https:\\\/\\\/schema.org\",\"@graph\":[{\"@type\":\"WebPage\",\"@id\":\"https:\\\/\\\/visitparnu.com\\\/fi\\\/saa-parnussa\\\/\",\"url\":\"https:\\\/\\\/visitparnu.com\\\/fi\\\/saa-parnussa\\\/\",\"name\":\"S\u00e4\u00e4 P\u00e4rnussa - Visit P\u00e4rnu\",\"isPartOf\":{\"@id\":\"https:\\\/\\\/visitparnu.com\\\/fi\\\/#website\"},\"primaryImageOfPage\":{\"@id\":\"https:\\\/\\\/visitparnu.com\\\/fi\\\/saa-parnussa\\\/#primaryimage\"},\"image\":{\"@id\":\"https:\\\/\\\/visitparnu.com\\\/fi\\\/saa-parnussa\\\/#primaryimage\"},\"thumbnailUrl\":\"https:\\\/\\\/visitparnu.com\\\/wp-content\\\/uploads\\\/2022\\\/12\\\/Elefantti-Parnun-rannalla-1.jpg\",\"datePublished\":\"2019-05-28T13:57:08+00:00\",\"dateModified\":\"2023-01-26T14:22:22+00:00\",\"breadcrumb\":{\"@id\":\"https:\\\/\\\/visitparnu.com\\\/fi\\\/saa-parnussa\\\/#breadcrumb\"},\"inLanguage\":\"fi\",\"potentialAction\":[{\"@type\":\"ReadAction\",\"target\":[\"https:\\\/\\\/visitparnu.com\\\/fi\\\/saa-parnussa\\\/\"]}]},{\"@type\":\"ImageObject\",\"inLanguage\":\"fi\",\"@id\":\"https:\\\/\\\/visitparnu.com\\\/fi\\\/saa-parnussa\\\/#primaryimage\",\"url\":\"https:\\\/\\\/visitparnu.com\\\/wp-content\\\/uploads\\\/2022\\\/12\\\/Elefantti-Parnun-rannalla-1.jpg\",\"contentUrl\":\"https:\\\/\\\/visitparnu.com\\\/wp-content\\\/uploads\\\/2022\\\/12\\\/Elefantti-Parnun-rannalla-1.jpg\",\"width\":700,\"height\":466},{\"@type\":\"BreadcrumbList\",\"@id\":\"https:\\\/\\\/visitparnu.com\\\/fi\\\/saa-parnussa\\\/#breadcrumb\",\"itemListElement\":[{\"@type\":\"ListItem\",\"position\":1,\"name\":\"\",\"item\":\"https:\\\/\\\/visitparnu.com\\\/fi\\\/\"},{\"@type\":\"ListItem\",\"position\":2,\"name\":\"S\u00e4\u00e4 P\u00e4rnussa\"}]},{\"@type\":\"WebSite\",\"@id\":\"https:\\\/\\\/visitparnu.com\\\/fi\\\/#website\",\"url\":\"https:\\\/\\\/visitparnu.com\\\/fi\\\/\",\"name\":\"Visit P\u00e4rnu\",\"description\":\"\",\"publisher\":{\"@id\":\"https:\\\/\\\/visitparnu.com\\\/fi\\\/#organization\"},\"potentialAction\":[{\"@type\":\"SearchAction\",\"target\":{\"@type\":\"EntryPoint\",\"urlTemplate\":\"https:\\\/\\\/visitparnu.com\\\/fi\\\/?s={search_term_string}\"},\"query-input\":{\"@type\":\"PropertyValueSpecification\",\"valueRequired\":true,\"valueName\":\"search_term_string\"}}],\"inLanguage\":\"fi\"},{\"@type\":\"Organization\",\"@id\":\"https:\\\/\\\/visitparnu.com\\\/fi\\\/#organization\",\"name\":\"Visit P\u00e4rnu\",\"url\":\"https:\\\/\\\/visitparnu.com\\\/fi\\\/\",\"logo\":{\"@type\":\"ImageObject\",\"inLanguage\":\"fi\",\"@id\":\"https:\\\/\\\/visitparnu.com\\\/fi\\\/#\\\/schema\\\/logo\\\/image\\\/\",\"url\":\"https:\\\/\\\/visitparnu.com\\\/wp-content\\\/uploads\\\/2022\\\/11\\\/VP_logo.svg\",\"contentUrl\":\"https:\\\/\\\/visitparnu.com\\\/wp-content\\\/uploads\\\/2022\\\/11\\\/VP_logo.svg\",\"width\":305,\"height\":33,\"caption\":\"Visit P\u00e4rnu\"},\"image\":{\"@id\":\"https:\\\/\\\/visitparnu.com\\\/fi\\\/#\\\/schema\\\/logo\\\/image\\\/\"},\"sameAs\":[\"https:\\\/\\\/www.facebook.com\\\/visitparnuEE\\\/\",\"https:\\\/\\\/www.youtube.com\\\/user\\\/visitparnuestonia\\\/\",\"https:\\\/\\\/www.instagram.com\\\/visitparnu\\\/\"]}]}<\/script>\n<!-- \/ Yoast SEO plugin. -->","yoast_head_json":{"title":"S\u00e4\u00e4 P\u00e4rnussa - Visit P\u00e4rnu","robots":{"index":"index","follow":"follow","max-snippet":"max-snippet:-1","max-image-preview":"max-image-preview:large","max-video-preview":"max-video-preview:-1"},"canonical":"https:\/\/visitparnu.com\/fi\/saa-parnussa\/","og_locale":"fi_FI","og_type":"article","og_title":"S\u00e4\u00e4 P\u00e4rnussa - Visit P\u00e4rnu","og_description":"S\u00e4\u00e4 voi P\u00e4rnussa olla paikoin hyvinkin vaihteleva, mutta yleens\u00e4 t\u00e4\u00e4ll\u00e4 on l\u00e4mpim\u00e4mp\u00e4\u00e4 kuin muualla Virossa.","og_url":"https:\/\/visitparnu.com\/fi\/saa-parnussa\/","og_site_name":"Visit P\u00e4rnu","article_publisher":"https:\/\/www.facebook.com\/visitparnuEE\/","article_modified_time":"2023-01-26T14:22:22+00:00","og_image":[{"width":1886,"height":1060,"url":"https:\/\/visitparnu.com\/wp-content\/uploads\/2023\/01\/Parnu-ilm-4.jpg","type":"image\/jpeg"}],"twitter_card":"summary_large_image","twitter_misc":{"Arvioitu lukuaika":"3 minuuttia"},"schema":{"@context":"https:\/\/schema.org","@graph":[{"@type":"WebPage","@id":"https:\/\/visitparnu.com\/fi\/saa-parnussa\/","url":"https:\/\/visitparnu.com\/fi\/saa-parnussa\/","name":"S\u00e4\u00e4 P\u00e4rnussa - Visit P\u00e4rnu","isPartOf":{"@id":"https:\/\/visitparnu.com\/fi\/#website"},"primaryImageOfPage":{"@id":"https:\/\/visitparnu.com\/fi\/saa-parnussa\/#primaryimage"},"image":{"@id":"https:\/\/visitparnu.com\/fi\/saa-parnussa\/#primaryimage"},"thumbnailUrl":"https:\/\/visitparnu.com\/wp-content\/uploads\/2022\/12\/Elefantti-Parnun-rannalla-1.jpg","datePublished":"2019-05-28T13:57:08+00:00","dateModified":"2023-01-26T14:22:22+00:00","breadcrumb":{"@id":"https:\/\/visitparnu.com\/fi\/saa-parnussa\/#breadcrumb"},"inLanguage":"fi","potentialAction":[{"@type":"ReadAction","target":["https:\/\/visitparnu.com\/fi\/saa-parnussa\/"]}]},{"@type":"ImageObject","inLanguage":"fi","@id":"https:\/\/visitparnu.com\/fi\/saa-parnussa\/#primaryimage","url":"https:\/\/visitparnu.com\/wp-content\/uploads\/2022\/12\/Elefantti-Parnun-rannalla-1.jpg","contentUrl":"https:\/\/visitparnu.com\/wp-content\/uploads\/2022\/12\/Elefantti-Parnun-rannalla-1.jpg","width":700,"height":466},{"@type":"BreadcrumbList","@id":"https:\/\/visitparnu.com\/fi\/saa-parnussa\/#breadcrumb","itemListElement":[{"@type":"ListItem","position":1,"name":"","item":"https:\/\/visitparnu.com\/fi\/"},{"@type":"ListItem","position":2,"name":"S\u00e4\u00e4 P\u00e4rnussa"}]},{"@type":"WebSite","@id":"https:\/\/visitparnu.com\/fi\/#website","url":"https:\/\/visitparnu.com\/fi\/","name":"Visit P\u00e4rnu","description":"","publisher":{"@id":"https:\/\/visitparnu.com\/fi\/#organization"},"potentialAction":[{"@type":"SearchAction","target":{"@type":"EntryPoint","urlTemplate":"https:\/\/visitparnu.com\/fi\/?s={search_term_string}"},"query-input":{"@type":"PropertyValueSpecification","valueRequired":true,"valueName":"search_term_string"}}],"inLanguage":"fi"},{"@type":"Organization","@id":"https:\/\/visitparnu.com\/fi\/#organization","name":"Visit P\u00e4rnu","url":"https:\/\/visitparnu.com\/fi\/","logo":{"@type":"ImageObject","inLanguage":"fi","@id":"https:\/\/visitparnu.com\/fi\/#\/schema\/logo\/image\/","url":"https:\/\/visitparnu.com\/wp-content\/uploads\/2022\/11\/VP_logo.svg","contentUrl":"https:\/\/visitparnu.com\/wp-content\/uploads\/2022\/11\/VP_logo.svg","width":305,"height":33,"caption":"Visit P\u00e4rnu"},"image":{"@id":"https:\/\/visitparnu.com\/fi\/#\/schema\/logo\/image\/"},"sameAs":["https:\/\/www.facebook.com\/visitparnuEE\/","https:\/\/www.youtube.com\/user\/visitparnuestonia\/","https:\/\/www.instagram.com\/visitparnu\/"]}]}},"_links":{"self":[{"href":"https:\/\/visitparnu.com\/fi\/wp-json\/wp\/v2\/pages\/4937058","targetHints":{"allow":["GET"]}}],"collection":[{"href":"https:\/\/visitparnu.com\/fi\/wp-json\/wp\/v2\/pages"}],"about":[{"href":"https:\/\/visitparnu.com\/fi\/wp-json\/wp\/v2\/types\/page"}],"author":[{"embeddable":true,"href":"https:\/\/visitparnu.com\/fi\/wp-json\/wp\/v2\/users\/1"}],"replies":[{"embeddable":true,"href":"https:\/\/visitparnu.com\/fi\/wp-json\/wp\/v2\/comments?post=4937058"}],"version-history":[{"count":6,"href":"https:\/\/visitparnu.com\/fi\/wp-json\/wp\/v2\/pages\/4937058\/revisions"}],"predecessor-version":[{"id":4954262,"href":"https:\/\/visitparnu.com\/fi\/wp-json\/wp\/v2\/pages\/4937058\/revisions\/4954262"}],"wp:featuredmedia":[{"embeddable":true,"href":"https:\/\/visitparnu.com\/fi\/wp-json\/wp\/v2\/media\/4937059"}],"wp:attachment":[{"href":"https:\/\/visitparnu.com\/fi\/wp-json\/wp\/v2\/media?parent=4937058"}],"curies":[{"name":"wp","href":"https:\/\/api.w.org\/{rel}","templated":true}]}}