{"id":4937057,"date":"2019-02-04T12:31:17","date_gmt":"2019-02-04T10:31:17","guid":{"rendered":"https:\/\/visitparnu.com\/parnun-aallonmurtaja\/"},"modified":"2023-01-16T21:32:27","modified_gmt":"2023-01-16T19:32:27","slug":"parnun-aallonmurtaja","status":"publish","type":"page","link":"https:\/\/visitparnu.com\/fi\/parnun-aallonmurtaja\/","title":{"rendered":"P\u00e4rnun aallonmurtaja"},"content":{"rendered":"\t\t<div data-elementor-type=\"wp-post\" data-elementor-id=\"4937057\" class=\"elementor elementor-4937057 elementor-4936690\" data-elementor-post-type=\"page\">\n\t\t\t\t<div class=\"elementor-element elementor-element-76810ec content-two-col-block e-flex e-con-boxed e-con e-parent\" data-id=\"76810ec\" data-element_type=\"container\" data-e-type=\"container\">\n\t\t\t\t\t<div class=\"e-con-inner\">\n\t\t<div class=\"elementor-element elementor-element-060401f e-con-full e-flex e-con e-parent\" data-id=\"060401f\" data-element_type=\"container\" data-e-type=\"container\">\n\t\t\t\t<div class=\"elementor-element elementor-element-f8bf5a5 elementor-widget elementor-widget-text-editor\" data-id=\"f8bf5a5\" data-element_type=\"widget\" data-e-type=\"widget\" data-widget_type=\"text-editor.default\">\n\t\t\t\t\t\t\t\t\t<p>Aikoinaan sataman syvent\u00e4miseksi ja kaupank\u00e4ynnin elvytt\u00e4miseksi rakennettu P\u00e4rnun aallonmurtaja on <strong>yksi kaupungin mielenkiintoisimmista n\u00e4ht\u00e4vyyksist\u00e4<\/strong>.<\/p><p>Vuoden 2019 alussa valmistui uusi valaistu lautapolku, joka alkaa Rantapuistosta ja kulkee pitkin P\u00e4rnujoen rantaa. Melkein puoli kilometri\u00e4 pitk\u00e4 paalujen varaan rakennettu kevyen liikenteen v\u00e4yl\u00e4 p\u00e4\u00e4ttyy majakan l\u00e4hell\u00e4 hiekkarannalla, reitin varrella on my\u00f6s penkkej\u00e4 ja py\u00f6r\u00e4telineit\u00e4. Uudesta lautapolusta tuli nopeasti hyvin suosittu k\u00e4velypaikka paikallisten keskuudessa, suosittelemme sit\u00e4 l\u00e4mpim\u00e4sti kaikille vierailijoillekin!<\/p><p><strong>Aallonmurtajalle p\u00e4\u00e4stess\u00e4 pyyd\u00e4mme olemaan varovaisia, koska kivet voivat olla liukkaita!<\/strong><\/p>\t\t\t\t\t\t\t\t<\/div>\n\t\t\t\t<div class=\"elementor-element elementor-element-f3f50b6 elementor-widget elementor-widget-image\" data-id=\"f3f50b6\" data-element_type=\"widget\" data-e-type=\"widget\" data-widget_type=\"image.default\">\n\t\t\t\t\t\t\t\t\t\t\t\t\t\t\t<img fetchpriority=\"high\" decoding=\"async\" width=\"1024\" height=\"684\" src=\"https:\/\/visitparnu.com\/wp-content\/uploads\/2023\/01\/muul-1024x684.jpg\" class=\"attachment-large size-large wp-image-4941481\" alt=\"\" srcset=\"https:\/\/visitparnu.com\/wp-content\/uploads\/2023\/01\/muul-1024x684.jpg 1024w, https:\/\/visitparnu.com\/wp-content\/uploads\/2023\/01\/muul-300x200.jpg 300w, https:\/\/visitparnu.com\/wp-content\/uploads\/2023\/01\/muul-768x513.jpg 768w, https:\/\/visitparnu.com\/wp-content\/uploads\/2023\/01\/muul-1536x1025.jpg 1536w, https:\/\/visitparnu.com\/wp-content\/uploads\/2023\/01\/muul.jpg 2048w\" sizes=\"(max-width: 1024px) 100vw, 1024px\" \/>\t\t\t\t\t\t\t\t\t\t\t\t\t\t\t<\/div>\n\t\t\t\t<div class=\"elementor-element elementor-element-e8ec4e9 elementor-widget elementor-widget-text-editor\" data-id=\"e8ec4e9\" data-element_type=\"widget\" data-e-type=\"widget\" data-widget_type=\"text-editor.default\">\n\t\t\t\t\t\t\t\t\t<p>Kiinnostavia tietoja:<\/p><ul><li>Aallonmurtaja voi aika ajoin olla kokonaan veden peitt\u00e4m\u00e4<\/li><li>Mik\u00e4li vedenkorkeus on alhainen, voi n\u00e4hd\u00e4 jopa aikaisemman puisen aallonmurtajan tolppien p\u00e4it\u00e4<\/li><li>7 metri\u00e4 leve\u00e4n aallonmurtajan pohja on noin 26 metri\u00e4 leve\u00e4 ja sen syvyys enint\u00e4\u00e4n 5 metri\u00e4<\/li><li><strong>Legenda<\/strong>: Muinaisen tarinan mukaan nuorten rakastuneiden t\u00e4ytyy yhdess\u00e4 k\u00e4vell\u00e4 aallonmurtajan loppuun asti, vahvistaakseen siell\u00e4 rakkautensa suudelmalla. T\u00e4m\u00e4 kuulemma takaa rakastuneille ikuisen rakkauden.<\/li><\/ul>\t\t\t\t\t\t\t\t<\/div>\n\t\t\t\t<\/div>\n\t\t<div class=\"elementor-element elementor-element-5bdcf15 e-con-full e-flex e-con e-parent\" data-id=\"5bdcf15\" data-element_type=\"container\" data-e-type=\"container\">\n\t\t\t\t<div class=\"elementor-element elementor-element-9dc3221 elementor-widget elementor-widget-text-editor\" data-id=\"9dc3221\" data-element_type=\"widget\" data-e-type=\"widget\" data-widget_type=\"text-editor.default\">\n\t\t\t\t\t\t\t\t\t<h2>P\u00e4rnun aallonmurtajan historia<\/h2><p>Keskiaikana P\u00e4rnussa ei ollut merisatamaa. Sen takia jouduttiin lasteja rahtialuksille kuljettamaan lotjilla. Meren kautta tapahtuvan kaupank\u00e4ynnin suurena esteen\u00e4 oli hiekan kasautuminen jokisuuhun. P\u00e4rnulaisten suurkauppiaiden vaatimuksesta Ven\u00e4j\u00e4n keisarinna Katariina II antoi m\u00e4\u00e4r\u00e4yksen aallonmurtajien rakentamisesta.<\/p><p>1800-luvun alussa jokisuuhun paalutettiinkin tammihirsiset rakennelmat. Niiden lahoamisen j\u00e4lkeen aloitettiin kest\u00e4v\u00e4mpien kiviaallonmurtajien rakentaminen. Kulmakiven asetti vuonna 1863 juhlallisesti paikalleen Viron ja Liivinmaan kenraalikuvern\u00f6\u00f6ri paroni von von Lieven.<\/p>\t\t\t\t\t\t\t\t<\/div>\n\t\t\t\t<div class=\"elementor-element elementor-element-89f318a elementor-widget elementor-widget-image\" data-id=\"89f318a\" data-element_type=\"widget\" data-e-type=\"widget\" data-widget_type=\"image.default\">\n\t\t\t\t\t\t\t\t\t\t\t\t\t\t\t<img decoding=\"async\" width=\"1024\" height=\"681\" src=\"https:\/\/visitparnu.com\/wp-content\/uploads\/2022\/11\/Muul-ohust-1024x681.jpg\" class=\"attachment-large size-large wp-image-4918904\" alt=\"\" srcset=\"https:\/\/visitparnu.com\/wp-content\/uploads\/2022\/11\/Muul-ohust-1024x681.jpg 1024w, https:\/\/visitparnu.com\/wp-content\/uploads\/2022\/11\/Muul-ohust-300x200.jpg 300w, https:\/\/visitparnu.com\/wp-content\/uploads\/2022\/11\/Muul-ohust-768x511.jpg 768w, https:\/\/visitparnu.com\/wp-content\/uploads\/2022\/11\/Muul-ohust-1536x1022.jpg 1536w, https:\/\/visitparnu.com\/wp-content\/uploads\/2022\/11\/Muul-ohust.jpg 1733w\" sizes=\"(max-width: 1024px) 100vw, 1024px\" \/>\t\t\t\t\t\t\t\t\t\t\t\t\t\t\t<\/div>\n\t\t\t\t<div class=\"elementor-element elementor-element-f9374d7 elementor-widget elementor-widget-text-editor\" data-id=\"f9374d7\" data-element_type=\"widget\" data-e-type=\"widget\" data-widget_type=\"text-editor.default\">\n\t\t\t\t\t\t\t\t\t<p>Ty\u00f6t aloitettiin talvella, kun P\u00e4rnulahdella oli paksu j\u00e4\u00e4peite. J\u00e4\u00e4lle merkattiin aallonmurtajien mitat, sen j\u00e4lkeen kuljetettiin paikalle koivuvitsoista punotut matot, jotka levitettiin j\u00e4\u00e4lle koko aallonmurtajan pituudelta. Sen j\u00e4lkeen ruvettiin tuomaan kivi\u00e4 pelloilta ja \u00e4skett\u00e4in puretuista P\u00e4rnun kaupunginmuureista. Kivi\u00e4 kuljetettiin paikalle my\u00f6s H\u00e4\u00e4demeesten ja Kihnun rannoilta. Kev\u00e4\u00e4ll\u00e4 j\u00e4\u00e4n sulaessa kivet vajosivat merenpohjaan.<\/p><p>Useamman vuoden kest\u00e4neet rakennusty\u00f6t olivat hyvin tuottoisia l\u00e4hiseudun tilallisille, jotka toimittivat perille isompia ja pienempi\u00e4 kivi\u00e4 omilta pelloilta. Tiedot tavoittivat jopa kihnulaisia ja riikalaisia merimiehi\u00e4 \u2013 sielt\u00e4kin tuotiin kes\u00e4ll\u00e4 aallonmurtajia varten materiaalia, joka upotettiin laivoilta mereen. Kiviaallonmurtajien p\u00e4\u00e4tyihin rakennettiin loistot helpottaakseen laivojen p\u00e4\u00e4sy\u00e4 satamaan y\u00f6aikaan.<\/p><p>Rakennusty\u00f6t, jotka k\u00e4sittiv\u00e4t my\u00f6s rannan tukirakennelmat ja laivav\u00e4yl\u00e4n syvent\u00e4misen, saatiin valmiiksi vuonna 1869. Se merkitsi meren kautta tapahtuvan kaupank\u00e4ynnin nousukauden alkua P\u00e4rnussa. P\u00e4rnusta vietiin siihen aikaan enimm\u00e4kseen puutavaraa ja pellavaa.<\/p>\t\t\t\t\t\t\t\t<\/div>\n\t\t\t\t<\/div>\n\t\t\t\t\t<\/div>\n\t\t\t\t<\/div>\n\t\t<div class=\"elementor-element elementor-element-20a9b4c e-flex e-con-boxed e-con e-parent\" data-id=\"20a9b4c\" data-element_type=\"container\" data-e-type=\"container\">\n\t\t\t\t\t<div class=\"e-con-inner\">\n\t\t\t\t<div class=\"elementor-element elementor-element-36d473c elementor-widget elementor-widget-google_maps\" data-id=\"36d473c\" data-element_type=\"widget\" data-e-type=\"widget\" data-widget_type=\"google_maps.default\">\n\t\t\t\t\t\t\t<div class=\"elementor-custom-embed\">\n\t\t\t<iframe loading=\"lazy\"\n\t\t\t\t\tsrc=\"https:\/\/maps.google.com\/maps?q=p%C3%A4rnu%20muul&#038;t=m&#038;z=14&#038;output=embed&#038;iwloc=near\"\n\t\t\t\t\ttitle=\"p\u00e4rnu muul\"\n\t\t\t\t\taria-label=\"p\u00e4rnu muul\"\n\t\t\t><\/iframe>\n\t\t<\/div>\n\t\t\t\t\t\t<\/div>\n\t\t\t\t\t<\/div>\n\t\t\t\t<\/div>\n\t\t\t\t<\/div>\n\t\t","protected":false},"excerpt":{"rendered":"<p>Aikoinaan sataman syvent\u00e4miseksi ja kaupank\u00e4ynnin elvytt\u00e4miseksi rakennettu P\u00e4rnun aallonmurtaja on yksi kaupungin mielenkiintoisimmista n\u00e4ht\u00e4vyyksist\u00e4. Vuoden 2019 alussa valmistui uusi valaistu lautapolku, joka alkaa Rantapuistosta ja kulkee pitkin P\u00e4rnujoen rantaa. Melkein puoli kilometri\u00e4 pitk\u00e4 paalujen varaan rakennettu kevyen liikenteen v\u00e4yl\u00e4 p\u00e4\u00e4ttyy majakan l\u00e4hell\u00e4 hiekkarannalla, reitin varrella on my\u00f6s penkkej\u00e4 ja py\u00f6r\u00e4telineit\u00e4. Uudesta lautapolusta tuli nopeasti hyvin [&hellip;]<\/p>\n","protected":false},"author":1,"featured_media":4946651,"parent":0,"menu_order":0,"comment_status":"closed","ping_status":"closed","template":"","meta":{"_acf_changed":false,"footnotes":""},"class_list":["post-4937057","page","type-page","status-publish","has-post-thumbnail","hentry"],"acf":[],"yoast_head":"<!-- This site is optimized with the Yoast SEO plugin v27.3 - https:\/\/yoast.com\/product\/yoast-seo-wordpress\/ -->\n<title>P\u00e4rnun aallonmurtaja - Visit P\u00e4rnu<\/title>\n<meta name=\"robots\" content=\"index, follow, max-snippet:-1, max-image-preview:large, max-video-preview:-1\" \/>\n<link rel=\"canonical\" href=\"https:\/\/visitparnu.com\/fi\/parnun-aallonmurtaja\/\" \/>\n<meta property=\"og:locale\" content=\"fi_FI\" \/>\n<meta property=\"og:type\" content=\"article\" \/>\n<meta property=\"og:title\" content=\"P\u00e4rnun aallonmurtaja - Visit P\u00e4rnu\" \/>\n<meta property=\"og:description\" content=\"Aikoinaan sataman syvent\u00e4miseksi ja kaupank\u00e4ynnin elvytt\u00e4miseksi rakennettu P\u00e4rnun aallonmurtaja on yksi kaupungin mielenkiintoisimmista n\u00e4ht\u00e4vyyksist\u00e4. Vuoden 2019 alussa valmistui uusi valaistu lautapolku, joka alkaa Rantapuistosta ja kulkee pitkin P\u00e4rnujoen rantaa. Melkein puoli kilometri\u00e4 pitk\u00e4 paalujen varaan rakennettu kevyen liikenteen v\u00e4yl\u00e4 p\u00e4\u00e4ttyy majakan l\u00e4hell\u00e4 hiekkarannalla, reitin varrella on my\u00f6s penkkej\u00e4 ja py\u00f6r\u00e4telineit\u00e4. Uudesta lautapolusta tuli nopeasti hyvin [&hellip;]\" \/>\n<meta property=\"og:url\" content=\"https:\/\/visitparnu.com\/fi\/parnun-aallonmurtaja\/\" \/>\n<meta property=\"og:site_name\" content=\"Visit P\u00e4rnu\" \/>\n<meta property=\"article:publisher\" content=\"https:\/\/www.facebook.com\/visitparnuEE\/\" \/>\n<meta property=\"article:modified_time\" content=\"2023-01-16T19:32:27+00:00\" \/>\n<meta property=\"og:image\" content=\"https:\/\/visitparnu.com\/wp-content\/uploads\/2023\/01\/Parnu-muul-1-1.jpg\" \/>\n\t<meta property=\"og:image:width\" content=\"1738\" \/>\n\t<meta property=\"og:image:height\" content=\"1150\" \/>\n\t<meta property=\"og:image:type\" content=\"image\/jpeg\" \/>\n<meta name=\"twitter:card\" content=\"summary_large_image\" \/>\n<meta name=\"twitter:label1\" content=\"Arvioitu lukuaika\" \/>\n\t<meta name=\"twitter:data1\" content=\"3 minuuttia\" \/>\n<script type=\"application\/ld+json\" class=\"yoast-schema-graph\">{\"@context\":\"https:\\\/\\\/schema.org\",\"@graph\":[{\"@type\":\"WebPage\",\"@id\":\"https:\\\/\\\/visitparnu.com\\\/fi\\\/parnun-aallonmurtaja\\\/\",\"url\":\"https:\\\/\\\/visitparnu.com\\\/fi\\\/parnun-aallonmurtaja\\\/\",\"name\":\"P\u00e4rnun aallonmurtaja - Visit P\u00e4rnu\",\"isPartOf\":{\"@id\":\"https:\\\/\\\/visitparnu.com\\\/fi\\\/#website\"},\"primaryImageOfPage\":{\"@id\":\"https:\\\/\\\/visitparnu.com\\\/fi\\\/parnun-aallonmurtaja\\\/#primaryimage\"},\"image\":{\"@id\":\"https:\\\/\\\/visitparnu.com\\\/fi\\\/parnun-aallonmurtaja\\\/#primaryimage\"},\"thumbnailUrl\":\"https:\\\/\\\/visitparnu.com\\\/wp-content\\\/uploads\\\/2023\\\/01\\\/Parnu-muul-1-1.jpg\",\"datePublished\":\"2019-02-04T10:31:17+00:00\",\"dateModified\":\"2023-01-16T19:32:27+00:00\",\"breadcrumb\":{\"@id\":\"https:\\\/\\\/visitparnu.com\\\/fi\\\/parnun-aallonmurtaja\\\/#breadcrumb\"},\"inLanguage\":\"fi\",\"potentialAction\":[{\"@type\":\"ReadAction\",\"target\":[\"https:\\\/\\\/visitparnu.com\\\/fi\\\/parnun-aallonmurtaja\\\/\"]}]},{\"@type\":\"ImageObject\",\"inLanguage\":\"fi\",\"@id\":\"https:\\\/\\\/visitparnu.com\\\/fi\\\/parnun-aallonmurtaja\\\/#primaryimage\",\"url\":\"https:\\\/\\\/visitparnu.com\\\/wp-content\\\/uploads\\\/2023\\\/01\\\/Parnu-muul-1-1.jpg\",\"contentUrl\":\"https:\\\/\\\/visitparnu.com\\\/wp-content\\\/uploads\\\/2023\\\/01\\\/Parnu-muul-1-1.jpg\",\"width\":1738,\"height\":1150,\"caption\":\"P\u00e4rnu muul\"},{\"@type\":\"BreadcrumbList\",\"@id\":\"https:\\\/\\\/visitparnu.com\\\/fi\\\/parnun-aallonmurtaja\\\/#breadcrumb\",\"itemListElement\":[{\"@type\":\"ListItem\",\"position\":1,\"name\":\"\",\"item\":\"https:\\\/\\\/visitparnu.com\\\/fi\\\/\"},{\"@type\":\"ListItem\",\"position\":2,\"name\":\"P\u00e4rnun aallonmurtaja\"}]},{\"@type\":\"WebSite\",\"@id\":\"https:\\\/\\\/visitparnu.com\\\/fi\\\/#website\",\"url\":\"https:\\\/\\\/visitparnu.com\\\/fi\\\/\",\"name\":\"Visit P\u00e4rnu\",\"description\":\"\",\"publisher\":{\"@id\":\"https:\\\/\\\/visitparnu.com\\\/fi\\\/#organization\"},\"potentialAction\":[{\"@type\":\"SearchAction\",\"target\":{\"@type\":\"EntryPoint\",\"urlTemplate\":\"https:\\\/\\\/visitparnu.com\\\/fi\\\/?s={search_term_string}\"},\"query-input\":{\"@type\":\"PropertyValueSpecification\",\"valueRequired\":true,\"valueName\":\"search_term_string\"}}],\"inLanguage\":\"fi\"},{\"@type\":\"Organization\",\"@id\":\"https:\\\/\\\/visitparnu.com\\\/fi\\\/#organization\",\"name\":\"Visit P\u00e4rnu\",\"url\":\"https:\\\/\\\/visitparnu.com\\\/fi\\\/\",\"logo\":{\"@type\":\"ImageObject\",\"inLanguage\":\"fi\",\"@id\":\"https:\\\/\\\/visitparnu.com\\\/fi\\\/#\\\/schema\\\/logo\\\/image\\\/\",\"url\":\"https:\\\/\\\/visitparnu.com\\\/wp-content\\\/uploads\\\/2022\\\/11\\\/VP_logo.svg\",\"contentUrl\":\"https:\\\/\\\/visitparnu.com\\\/wp-content\\\/uploads\\\/2022\\\/11\\\/VP_logo.svg\",\"width\":305,\"height\":33,\"caption\":\"Visit P\u00e4rnu\"},\"image\":{\"@id\":\"https:\\\/\\\/visitparnu.com\\\/fi\\\/#\\\/schema\\\/logo\\\/image\\\/\"},\"sameAs\":[\"https:\\\/\\\/www.facebook.com\\\/visitparnuEE\\\/\",\"https:\\\/\\\/www.youtube.com\\\/user\\\/visitparnuestonia\\\/\",\"https:\\\/\\\/www.instagram.com\\\/visitparnu\\\/\"]}]}<\/script>\n<!-- \/ Yoast SEO plugin. -->","yoast_head_json":{"title":"P\u00e4rnun aallonmurtaja - Visit P\u00e4rnu","robots":{"index":"index","follow":"follow","max-snippet":"max-snippet:-1","max-image-preview":"max-image-preview:large","max-video-preview":"max-video-preview:-1"},"canonical":"https:\/\/visitparnu.com\/fi\/parnun-aallonmurtaja\/","og_locale":"fi_FI","og_type":"article","og_title":"P\u00e4rnun aallonmurtaja - Visit P\u00e4rnu","og_description":"Aikoinaan sataman syvent\u00e4miseksi ja kaupank\u00e4ynnin elvytt\u00e4miseksi rakennettu P\u00e4rnun aallonmurtaja on yksi kaupungin mielenkiintoisimmista n\u00e4ht\u00e4vyyksist\u00e4. Vuoden 2019 alussa valmistui uusi valaistu lautapolku, joka alkaa Rantapuistosta ja kulkee pitkin P\u00e4rnujoen rantaa. Melkein puoli kilometri\u00e4 pitk\u00e4 paalujen varaan rakennettu kevyen liikenteen v\u00e4yl\u00e4 p\u00e4\u00e4ttyy majakan l\u00e4hell\u00e4 hiekkarannalla, reitin varrella on my\u00f6s penkkej\u00e4 ja py\u00f6r\u00e4telineit\u00e4. Uudesta lautapolusta tuli nopeasti hyvin [&hellip;]","og_url":"https:\/\/visitparnu.com\/fi\/parnun-aallonmurtaja\/","og_site_name":"Visit P\u00e4rnu","article_publisher":"https:\/\/www.facebook.com\/visitparnuEE\/","article_modified_time":"2023-01-16T19:32:27+00:00","og_image":[{"width":1738,"height":1150,"url":"https:\/\/visitparnu.com\/wp-content\/uploads\/2023\/01\/Parnu-muul-1-1.jpg","type":"image\/jpeg"}],"twitter_card":"summary_large_image","twitter_misc":{"Arvioitu lukuaika":"3 minuuttia"},"schema":{"@context":"https:\/\/schema.org","@graph":[{"@type":"WebPage","@id":"https:\/\/visitparnu.com\/fi\/parnun-aallonmurtaja\/","url":"https:\/\/visitparnu.com\/fi\/parnun-aallonmurtaja\/","name":"P\u00e4rnun aallonmurtaja - Visit P\u00e4rnu","isPartOf":{"@id":"https:\/\/visitparnu.com\/fi\/#website"},"primaryImageOfPage":{"@id":"https:\/\/visitparnu.com\/fi\/parnun-aallonmurtaja\/#primaryimage"},"image":{"@id":"https:\/\/visitparnu.com\/fi\/parnun-aallonmurtaja\/#primaryimage"},"thumbnailUrl":"https:\/\/visitparnu.com\/wp-content\/uploads\/2023\/01\/Parnu-muul-1-1.jpg","datePublished":"2019-02-04T10:31:17+00:00","dateModified":"2023-01-16T19:32:27+00:00","breadcrumb":{"@id":"https:\/\/visitparnu.com\/fi\/parnun-aallonmurtaja\/#breadcrumb"},"inLanguage":"fi","potentialAction":[{"@type":"ReadAction","target":["https:\/\/visitparnu.com\/fi\/parnun-aallonmurtaja\/"]}]},{"@type":"ImageObject","inLanguage":"fi","@id":"https:\/\/visitparnu.com\/fi\/parnun-aallonmurtaja\/#primaryimage","url":"https:\/\/visitparnu.com\/wp-content\/uploads\/2023\/01\/Parnu-muul-1-1.jpg","contentUrl":"https:\/\/visitparnu.com\/wp-content\/uploads\/2023\/01\/Parnu-muul-1-1.jpg","width":1738,"height":1150,"caption":"P\u00e4rnu muul"},{"@type":"BreadcrumbList","@id":"https:\/\/visitparnu.com\/fi\/parnun-aallonmurtaja\/#breadcrumb","itemListElement":[{"@type":"ListItem","position":1,"name":"","item":"https:\/\/visitparnu.com\/fi\/"},{"@type":"ListItem","position":2,"name":"P\u00e4rnun aallonmurtaja"}]},{"@type":"WebSite","@id":"https:\/\/visitparnu.com\/fi\/#website","url":"https:\/\/visitparnu.com\/fi\/","name":"Visit P\u00e4rnu","description":"","publisher":{"@id":"https:\/\/visitparnu.com\/fi\/#organization"},"potentialAction":[{"@type":"SearchAction","target":{"@type":"EntryPoint","urlTemplate":"https:\/\/visitparnu.com\/fi\/?s={search_term_string}"},"query-input":{"@type":"PropertyValueSpecification","valueRequired":true,"valueName":"search_term_string"}}],"inLanguage":"fi"},{"@type":"Organization","@id":"https:\/\/visitparnu.com\/fi\/#organization","name":"Visit P\u00e4rnu","url":"https:\/\/visitparnu.com\/fi\/","logo":{"@type":"ImageObject","inLanguage":"fi","@id":"https:\/\/visitparnu.com\/fi\/#\/schema\/logo\/image\/","url":"https:\/\/visitparnu.com\/wp-content\/uploads\/2022\/11\/VP_logo.svg","contentUrl":"https:\/\/visitparnu.com\/wp-content\/uploads\/2022\/11\/VP_logo.svg","width":305,"height":33,"caption":"Visit P\u00e4rnu"},"image":{"@id":"https:\/\/visitparnu.com\/fi\/#\/schema\/logo\/image\/"},"sameAs":["https:\/\/www.facebook.com\/visitparnuEE\/","https:\/\/www.youtube.com\/user\/visitparnuestonia\/","https:\/\/www.instagram.com\/visitparnu\/"]}]}},"_links":{"self":[{"href":"https:\/\/visitparnu.com\/fi\/wp-json\/wp\/v2\/pages\/4937057","targetHints":{"allow":["GET"]}}],"collection":[{"href":"https:\/\/visitparnu.com\/fi\/wp-json\/wp\/v2\/pages"}],"about":[{"href":"https:\/\/visitparnu.com\/fi\/wp-json\/wp\/v2\/types\/page"}],"author":[{"embeddable":true,"href":"https:\/\/visitparnu.com\/fi\/wp-json\/wp\/v2\/users\/1"}],"replies":[{"embeddable":true,"href":"https:\/\/visitparnu.com\/fi\/wp-json\/wp\/v2\/comments?post=4937057"}],"version-history":[{"count":4,"href":"https:\/\/visitparnu.com\/fi\/wp-json\/wp\/v2\/pages\/4937057\/revisions"}],"predecessor-version":[{"id":4946669,"href":"https:\/\/visitparnu.com\/fi\/wp-json\/wp\/v2\/pages\/4937057\/revisions\/4946669"}],"wp:featuredmedia":[{"embeddable":true,"href":"https:\/\/visitparnu.com\/fi\/wp-json\/wp\/v2\/media\/4946651"}],"wp:attachment":[{"href":"https:\/\/visitparnu.com\/fi\/wp-json\/wp\/v2\/media?parent=4937057"}],"curies":[{"name":"wp","href":"https:\/\/api.w.org\/{rel}","templated":true}]}}