{"id":4937055,"date":"2019-01-03T09:37:51","date_gmt":"2019-01-03T07:37:51","guid":{"rendered":"https:\/\/visitparnu.com\/parnun-linja-autoasema\/"},"modified":"2023-08-03T09:29:57","modified_gmt":"2023-08-03T07:29:57","slug":"parnun-linja-autoasema","status":"publish","type":"page","link":"https:\/\/visitparnu.com\/fi\/parnun-linja-autoasema\/","title":{"rendered":"P\u00e4rnun linja-autoasema"},"content":{"rendered":"\t\t<div data-elementor-type=\"wp-post\" data-elementor-id=\"4937055\" class=\"elementor elementor-4937055 elementor-4936686\" data-elementor-post-type=\"page\">\n\t\t\t\t<div class=\"elementor-element elementor-element-9a82c59 content-two-col-block e-flex e-con-boxed e-con e-parent\" data-id=\"9a82c59\" data-element_type=\"container\" data-e-type=\"container\">\n\t\t\t\t\t<div class=\"e-con-inner\">\n\t\t<div class=\"elementor-element elementor-element-38fdefd e-con-full e-flex e-con e-parent\" data-id=\"38fdefd\" data-element_type=\"container\" data-e-type=\"container\">\n\t\t\t\t<div class=\"elementor-element elementor-element-fface28 elementor-widget elementor-widget-text-editor\" data-id=\"fface28\" data-element_type=\"widget\" data-e-type=\"widget\" data-widget_type=\"text-editor.default\">\n\t\t\t\t\t\t\t\t\t<h2>Tiedot<\/h2><p><strong><u>P\u00e4rnun linja-autoaseman yhteystiedot:<\/u><\/strong><\/p><ul><li><strong>puh: 17018 \/ +372 4479725<\/strong><\/li><li><strong>e-mail: info@pytk.ee<\/strong><\/li><\/ul><p>P\u00e4rnun linja-autoasema sijaitsee P\u00e4rnun keskustassa, vanhan kaupungin v\u00e4litt\u00f6m\u00e4ss\u00e4 l\u00e4heisyydess\u00e4, osoitteessa Pikk 13. <br \/><b>Linja-autoasema on auki joka p\u00e4iv\u00e4 klo 6.30 \u2013 21.00. <br \/><\/b>Samaan aikaan linja-autoasemassa on auki my\u00f6s WC, inva-WC, lastenhoitohuone sek\u00e4 suihkuhuone. WC-tiloihin p\u00e4\u00e4see sek\u00e4 odotussalista ett\u00e4 laiturilta. WC:n k\u00e4ytt\u00f6 maksaa 40 sentti\u00e4 ja suihkuhuoneen k\u00e4ytt\u00f6 lis\u00e4ksi 2 euroa.<\/p><p>Linja-autoaseman odotustilassa on matkustajia varten muovituolit ja pehme\u00e4t sohvat, jossa pitempikin odotusaika kuluu mukavasti. <b>T\u00e4\u00e4ll\u00e4 on maksuton WiFi-alue<\/b> ja p\u00f6ydiss\u00e4-seiniss\u00e4 pistokkeet puhelimen tai kannettavan akun lataamiseksi. Linja-autoasemasta l\u00f6ytyy my\u00f6s kiva asemakirjasto, josta matkustaja voi ottaa kirjan odotussalissa selaamiseksi tai matkalle mukaan lukemiseksi.\u00a0<\/p><p>Tietoja P\u00e4rnusta ja P\u00e4rnun maakunnasta saa linja-autoasemassa sijaitsevasta s\u00e4hk\u00f6isest\u00e4 infopisteest\u00e4.<\/p><h2>Tavaras\u00e4il\u00f6<\/h2><p>P\u00e4rnun linja-autoaseman tavaras\u00e4il\u00f6palvelu Cargobus on auki:<\/p><ul><li>Ma-Pe 8-18\u00a0<\/li><\/ul><p>Tavaras\u00e4il\u00f6st\u00e4 on maksettava etuk\u00e4teen tavaran painon mukaan 2\u20ac-4\u20ac. Tavaras\u00e4il\u00f6\u00f6n ei oteta el\u00e4imi\u00e4, arvoesineit\u00e4 eik\u00e4 ruokatavaraa. Yli 6 kuukauden s\u00e4il\u00f6ss\u00e4 olleet tavarat h\u00e4vitet\u00e4\u00e4n.\u00a0<\/p><p>Linja-autoasemassa sijaitsevat my\u00f6s s\u00e4ilytyslokerot, joihin p\u00e4\u00e4see linja-autoaseman aukioloaikoina. Muut l\u00e4heiset s\u00e4ilytyslokerot sijaitsevat P\u00e4rnu Keskus -kauppakeskuksen ensimm\u00e4isess\u00e4 kerroksessa, osoitteessa Aida 7.<\/p>\t\t\t\t\t\t\t\t<\/div>\n\t\t\t\t<\/div>\n\t\t<div class=\"elementor-element elementor-element-060d00f e-con-full e-flex e-con e-parent\" data-id=\"060d00f\" data-element_type=\"container\" data-e-type=\"container\">\n\t\t\t\t<div class=\"elementor-element elementor-element-9053290 elementor-widget elementor-widget-text-editor\" data-id=\"9053290\" data-element_type=\"widget\" data-e-type=\"widget\" data-widget_type=\"text-editor.default\">\n\t\t\t\t\t\t\t\t\t<h2>Ruokailu<\/h2><p>P\u00e4rnun linja-autoaseman kahviloissa voi melkein koko odotussalin aukioloaikoina istua ja laittaa jotakin suuhunsa. Linja-autoaseman myym\u00e4l\u00e4-kahvilasta voi mukavasti ostaa bussimatkalle mukaan my\u00f6s vesipullon tai kevytt\u00e4 purtavaa.<\/p><ul><li>Kahvila Pagaripoisid (Ma-La 7-18, Su 9-17)<\/li><li>Myym\u00e4l\u00e4-kahvila R-Kiosk (Ma-Pe 6.30-21.00, La-Su 8.00-20.00)\u00a0<\/li><\/ul><h2>Reitit ja liput<\/h2><p>P\u00e4rnun linja-autoasemalta l\u00e4htev\u00e4t bussit isompiin keskuksiin Tallinnan, Tarton, Viljandin, Rakveren, Haapsalun ja Saarenmaan suuntaan. Bussit l\u00e4htev\u00e4t my\u00f6s P\u00e4rnun maakunnan eri osiin. <b>P\u00e4rnun maakunnan sis\u00e4isten reittien liput maksavat 1,5-2\u20ac<\/b>.<\/p><p>P\u00e4rnun linja-autoasemasta on kansainv\u00e4liset yhteydet Riikaan, Vilnaan, Varsovaan, Pietariin, Minskiin ja moniin muihin. Kansainv\u00e4listen reittien ja Viron sis\u00e4isen kaukoliikenteen lippuja on suositeltava ostaa etuk\u00e4teen.\u00a0<\/p><p><b>Matkalippuja voi ostaa kassasta<\/b> klo 6.30 \u2013 20.30. Matkalippuja voi ostaa my\u00f6s internetist\u00e4:<\/p><ul><li><a href=\"https:\/\/www.tpilet.ee\/en\" target=\"_blank\" rel=\"noopener\">Tpilet.ee<\/a>\u00a0(Viron sis\u00e4iset reitit)<\/li><li><a href=\"https:\/\/luxexpress.eu\/en\/\" target=\"_blank\" rel=\"noopener\">Luxexpress<\/a> (kansainv\u00e4liset reitit)<\/li><li><a href=\"https:\/\/ecolines.net\/fi\/fi\" target=\"_blank\" rel=\"noopener\">Ecolines<\/a>\u00a0(kansainv\u00e4liset reitit)<\/li><li><a href=\"https:\/\/global.flixbus.com\/\" target=\"_blank\" rel=\"noopener\">Flixbus<\/a> (kansainv\u00e4liset reitit)<\/li><\/ul><p>Lis\u00e4ksi voi lippuja ostaa linja-autoasemassa sijaitsevasta lippuautomaatista.<\/p><h2>Py\u00f6r\u00e4s\u00e4il\u00f6<\/h2><p>Linja-autoasemassa voi k\u00e4ytt\u00e4\u00e4 ilmaiseksi py\u00f6r\u00e4s\u00e4il\u00f6\u00e4, mutta py\u00f6r\u00e4lukko on oltava itsell\u00e4si mukana. Py\u00f6r\u00e4s\u00e4il\u00f6ss\u00e4 on mahdollista pumpata py\u00f6r\u00e4n renkaita, joilla on auton tai py\u00f6r\u00e4n venttiili, sek\u00e4 l\u00e4mpim\u00e4ll\u00e4 kaudella pest\u00e4 py\u00f6r\u00e4\u00e4.<br \/>Py\u00f6r\u00e4s\u00e4il\u00f6ss\u00e4 kuten muuallakin linja-autoaseman ymp\u00e4rist\u00f6ss\u00e4 ja sis\u00e4tiloissa on tallentava videovalvonta<\/p>\t\t\t\t\t\t\t\t<\/div>\n\t\t\t\t<\/div>\n\t\t\t\t\t<\/div>\n\t\t\t\t<\/div>\n\t\t\t\t<\/div>\n\t\t","protected":false},"excerpt":{"rendered":"<p>Tiedot P\u00e4rnun linja-autoaseman yhteystiedot: puh: 17018 \/ +372 4479725 e-mail: info@pytk.ee P\u00e4rnun linja-autoasema sijaitsee P\u00e4rnun keskustassa, vanhan kaupungin v\u00e4litt\u00f6m\u00e4ss\u00e4 l\u00e4heisyydess\u00e4, osoitteessa Pikk 13. Linja-autoasema on auki joka p\u00e4iv\u00e4 klo 6.30 \u2013 21.00. Samaan aikaan linja-autoasemassa on auki my\u00f6s WC, inva-WC, lastenhoitohuone sek\u00e4 suihkuhuone. WC-tiloihin p\u00e4\u00e4see sek\u00e4 odotussalista ett\u00e4 laiturilta. WC:n k\u00e4ytt\u00f6 maksaa 40 sentti\u00e4 ja [&hellip;]<\/p>\n","protected":false},"author":1,"featured_media":4941773,"parent":0,"menu_order":0,"comment_status":"closed","ping_status":"closed","template":"","meta":{"_acf_changed":false,"footnotes":""},"class_list":["post-4937055","page","type-page","status-publish","has-post-thumbnail","hentry"],"acf":[],"yoast_head":"<!-- This site is optimized with the Yoast SEO plugin v27.3 - https:\/\/yoast.com\/product\/yoast-seo-wordpress\/ -->\n<title>P\u00e4rnun linja-autoasema - Visit P\u00e4rnu<\/title>\n<meta name=\"robots\" content=\"index, follow, max-snippet:-1, max-image-preview:large, max-video-preview:-1\" \/>\n<link rel=\"canonical\" href=\"https:\/\/visitparnu.com\/fi\/parnun-linja-autoasema\/\" \/>\n<meta property=\"og:locale\" content=\"fi_FI\" \/>\n<meta property=\"og:type\" content=\"article\" \/>\n<meta property=\"og:title\" content=\"P\u00e4rnun linja-autoasema - Visit P\u00e4rnu\" \/>\n<meta property=\"og:description\" content=\"Tiedot P\u00e4rnun linja-autoaseman yhteystiedot: puh: 17018 \/ +372 4479725 e-mail: info@pytk.ee P\u00e4rnun linja-autoasema sijaitsee P\u00e4rnun keskustassa, vanhan kaupungin v\u00e4litt\u00f6m\u00e4ss\u00e4 l\u00e4heisyydess\u00e4, osoitteessa Pikk 13. Linja-autoasema on auki joka p\u00e4iv\u00e4 klo 6.30 \u2013 21.00. Samaan aikaan linja-autoasemassa on auki my\u00f6s WC, inva-WC, lastenhoitohuone sek\u00e4 suihkuhuone. WC-tiloihin p\u00e4\u00e4see sek\u00e4 odotussalista ett\u00e4 laiturilta. WC:n k\u00e4ytt\u00f6 maksaa 40 sentti\u00e4 ja [&hellip;]\" \/>\n<meta property=\"og:url\" content=\"https:\/\/visitparnu.com\/fi\/parnun-linja-autoasema\/\" \/>\n<meta property=\"og:site_name\" content=\"Visit P\u00e4rnu\" \/>\n<meta property=\"article:publisher\" content=\"https:\/\/www.facebook.com\/visitparnuEE\/\" \/>\n<meta property=\"article:modified_time\" content=\"2023-08-03T07:29:57+00:00\" \/>\n<meta property=\"og:image\" content=\"https:\/\/visitparnu.com\/wp-content\/uploads\/2023\/01\/Parnu-bussijaam-scaled-1.jpg\" \/>\n\t<meta property=\"og:image:width\" content=\"2560\" \/>\n\t<meta property=\"og:image:height\" content=\"1149\" \/>\n\t<meta property=\"og:image:type\" content=\"image\/jpeg\" \/>\n<meta name=\"twitter:card\" content=\"summary_large_image\" \/>\n<meta name=\"twitter:label1\" content=\"Arvioitu lukuaika\" \/>\n\t<meta name=\"twitter:data1\" content=\"3 minuuttia\" \/>\n<script type=\"application\/ld+json\" class=\"yoast-schema-graph\">{\"@context\":\"https:\\\/\\\/schema.org\",\"@graph\":[{\"@type\":\"WebPage\",\"@id\":\"https:\\\/\\\/visitparnu.com\\\/fi\\\/parnun-linja-autoasema\\\/\",\"url\":\"https:\\\/\\\/visitparnu.com\\\/fi\\\/parnun-linja-autoasema\\\/\",\"name\":\"P\u00e4rnun linja-autoasema - Visit P\u00e4rnu\",\"isPartOf\":{\"@id\":\"https:\\\/\\\/visitparnu.com\\\/fi\\\/#website\"},\"primaryImageOfPage\":{\"@id\":\"https:\\\/\\\/visitparnu.com\\\/fi\\\/parnun-linja-autoasema\\\/#primaryimage\"},\"image\":{\"@id\":\"https:\\\/\\\/visitparnu.com\\\/fi\\\/parnun-linja-autoasema\\\/#primaryimage\"},\"thumbnailUrl\":\"https:\\\/\\\/visitparnu.com\\\/wp-content\\\/uploads\\\/2023\\\/01\\\/Parnu-bussijaam-scaled-1.jpg\",\"datePublished\":\"2019-01-03T07:37:51+00:00\",\"dateModified\":\"2023-08-03T07:29:57+00:00\",\"breadcrumb\":{\"@id\":\"https:\\\/\\\/visitparnu.com\\\/fi\\\/parnun-linja-autoasema\\\/#breadcrumb\"},\"inLanguage\":\"fi\",\"potentialAction\":[{\"@type\":\"ReadAction\",\"target\":[\"https:\\\/\\\/visitparnu.com\\\/fi\\\/parnun-linja-autoasema\\\/\"]}]},{\"@type\":\"ImageObject\",\"inLanguage\":\"fi\",\"@id\":\"https:\\\/\\\/visitparnu.com\\\/fi\\\/parnun-linja-autoasema\\\/#primaryimage\",\"url\":\"https:\\\/\\\/visitparnu.com\\\/wp-content\\\/uploads\\\/2023\\\/01\\\/Parnu-bussijaam-scaled-1.jpg\",\"contentUrl\":\"https:\\\/\\\/visitparnu.com\\\/wp-content\\\/uploads\\\/2023\\\/01\\\/Parnu-bussijaam-scaled-1.jpg\",\"width\":2560,\"height\":1149},{\"@type\":\"BreadcrumbList\",\"@id\":\"https:\\\/\\\/visitparnu.com\\\/fi\\\/parnun-linja-autoasema\\\/#breadcrumb\",\"itemListElement\":[{\"@type\":\"ListItem\",\"position\":1,\"name\":\"\",\"item\":\"https:\\\/\\\/visitparnu.com\\\/fi\\\/\"},{\"@type\":\"ListItem\",\"position\":2,\"name\":\"P\u00e4rnun linja-autoasema\"}]},{\"@type\":\"WebSite\",\"@id\":\"https:\\\/\\\/visitparnu.com\\\/fi\\\/#website\",\"url\":\"https:\\\/\\\/visitparnu.com\\\/fi\\\/\",\"name\":\"Visit P\u00e4rnu\",\"description\":\"\",\"publisher\":{\"@id\":\"https:\\\/\\\/visitparnu.com\\\/fi\\\/#organization\"},\"potentialAction\":[{\"@type\":\"SearchAction\",\"target\":{\"@type\":\"EntryPoint\",\"urlTemplate\":\"https:\\\/\\\/visitparnu.com\\\/fi\\\/?s={search_term_string}\"},\"query-input\":{\"@type\":\"PropertyValueSpecification\",\"valueRequired\":true,\"valueName\":\"search_term_string\"}}],\"inLanguage\":\"fi\"},{\"@type\":\"Organization\",\"@id\":\"https:\\\/\\\/visitparnu.com\\\/fi\\\/#organization\",\"name\":\"Visit P\u00e4rnu\",\"url\":\"https:\\\/\\\/visitparnu.com\\\/fi\\\/\",\"logo\":{\"@type\":\"ImageObject\",\"inLanguage\":\"fi\",\"@id\":\"https:\\\/\\\/visitparnu.com\\\/fi\\\/#\\\/schema\\\/logo\\\/image\\\/\",\"url\":\"https:\\\/\\\/visitparnu.com\\\/wp-content\\\/uploads\\\/2022\\\/11\\\/VP_logo.svg\",\"contentUrl\":\"https:\\\/\\\/visitparnu.com\\\/wp-content\\\/uploads\\\/2022\\\/11\\\/VP_logo.svg\",\"width\":305,\"height\":33,\"caption\":\"Visit P\u00e4rnu\"},\"image\":{\"@id\":\"https:\\\/\\\/visitparnu.com\\\/fi\\\/#\\\/schema\\\/logo\\\/image\\\/\"},\"sameAs\":[\"https:\\\/\\\/www.facebook.com\\\/visitparnuEE\\\/\",\"https:\\\/\\\/www.youtube.com\\\/user\\\/visitparnuestonia\\\/\",\"https:\\\/\\\/www.instagram.com\\\/visitparnu\\\/\"]}]}<\/script>\n<!-- \/ Yoast SEO plugin. -->","yoast_head_json":{"title":"P\u00e4rnun linja-autoasema - Visit P\u00e4rnu","robots":{"index":"index","follow":"follow","max-snippet":"max-snippet:-1","max-image-preview":"max-image-preview:large","max-video-preview":"max-video-preview:-1"},"canonical":"https:\/\/visitparnu.com\/fi\/parnun-linja-autoasema\/","og_locale":"fi_FI","og_type":"article","og_title":"P\u00e4rnun linja-autoasema - Visit P\u00e4rnu","og_description":"Tiedot P\u00e4rnun linja-autoaseman yhteystiedot: puh: 17018 \/ +372 4479725 e-mail: info@pytk.ee P\u00e4rnun linja-autoasema sijaitsee P\u00e4rnun keskustassa, vanhan kaupungin v\u00e4litt\u00f6m\u00e4ss\u00e4 l\u00e4heisyydess\u00e4, osoitteessa Pikk 13. Linja-autoasema on auki joka p\u00e4iv\u00e4 klo 6.30 \u2013 21.00. Samaan aikaan linja-autoasemassa on auki my\u00f6s WC, inva-WC, lastenhoitohuone sek\u00e4 suihkuhuone. WC-tiloihin p\u00e4\u00e4see sek\u00e4 odotussalista ett\u00e4 laiturilta. WC:n k\u00e4ytt\u00f6 maksaa 40 sentti\u00e4 ja [&hellip;]","og_url":"https:\/\/visitparnu.com\/fi\/parnun-linja-autoasema\/","og_site_name":"Visit P\u00e4rnu","article_publisher":"https:\/\/www.facebook.com\/visitparnuEE\/","article_modified_time":"2023-08-03T07:29:57+00:00","og_image":[{"width":2560,"height":1149,"url":"https:\/\/visitparnu.com\/wp-content\/uploads\/2023\/01\/Parnu-bussijaam-scaled-1.jpg","type":"image\/jpeg"}],"twitter_card":"summary_large_image","twitter_misc":{"Arvioitu lukuaika":"3 minuuttia"},"schema":{"@context":"https:\/\/schema.org","@graph":[{"@type":"WebPage","@id":"https:\/\/visitparnu.com\/fi\/parnun-linja-autoasema\/","url":"https:\/\/visitparnu.com\/fi\/parnun-linja-autoasema\/","name":"P\u00e4rnun linja-autoasema - Visit P\u00e4rnu","isPartOf":{"@id":"https:\/\/visitparnu.com\/fi\/#website"},"primaryImageOfPage":{"@id":"https:\/\/visitparnu.com\/fi\/parnun-linja-autoasema\/#primaryimage"},"image":{"@id":"https:\/\/visitparnu.com\/fi\/parnun-linja-autoasema\/#primaryimage"},"thumbnailUrl":"https:\/\/visitparnu.com\/wp-content\/uploads\/2023\/01\/Parnu-bussijaam-scaled-1.jpg","datePublished":"2019-01-03T07:37:51+00:00","dateModified":"2023-08-03T07:29:57+00:00","breadcrumb":{"@id":"https:\/\/visitparnu.com\/fi\/parnun-linja-autoasema\/#breadcrumb"},"inLanguage":"fi","potentialAction":[{"@type":"ReadAction","target":["https:\/\/visitparnu.com\/fi\/parnun-linja-autoasema\/"]}]},{"@type":"ImageObject","inLanguage":"fi","@id":"https:\/\/visitparnu.com\/fi\/parnun-linja-autoasema\/#primaryimage","url":"https:\/\/visitparnu.com\/wp-content\/uploads\/2023\/01\/Parnu-bussijaam-scaled-1.jpg","contentUrl":"https:\/\/visitparnu.com\/wp-content\/uploads\/2023\/01\/Parnu-bussijaam-scaled-1.jpg","width":2560,"height":1149},{"@type":"BreadcrumbList","@id":"https:\/\/visitparnu.com\/fi\/parnun-linja-autoasema\/#breadcrumb","itemListElement":[{"@type":"ListItem","position":1,"name":"","item":"https:\/\/visitparnu.com\/fi\/"},{"@type":"ListItem","position":2,"name":"P\u00e4rnun linja-autoasema"}]},{"@type":"WebSite","@id":"https:\/\/visitparnu.com\/fi\/#website","url":"https:\/\/visitparnu.com\/fi\/","name":"Visit P\u00e4rnu","description":"","publisher":{"@id":"https:\/\/visitparnu.com\/fi\/#organization"},"potentialAction":[{"@type":"SearchAction","target":{"@type":"EntryPoint","urlTemplate":"https:\/\/visitparnu.com\/fi\/?s={search_term_string}"},"query-input":{"@type":"PropertyValueSpecification","valueRequired":true,"valueName":"search_term_string"}}],"inLanguage":"fi"},{"@type":"Organization","@id":"https:\/\/visitparnu.com\/fi\/#organization","name":"Visit P\u00e4rnu","url":"https:\/\/visitparnu.com\/fi\/","logo":{"@type":"ImageObject","inLanguage":"fi","@id":"https:\/\/visitparnu.com\/fi\/#\/schema\/logo\/image\/","url":"https:\/\/visitparnu.com\/wp-content\/uploads\/2022\/11\/VP_logo.svg","contentUrl":"https:\/\/visitparnu.com\/wp-content\/uploads\/2022\/11\/VP_logo.svg","width":305,"height":33,"caption":"Visit P\u00e4rnu"},"image":{"@id":"https:\/\/visitparnu.com\/fi\/#\/schema\/logo\/image\/"},"sameAs":["https:\/\/www.facebook.com\/visitparnuEE\/","https:\/\/www.youtube.com\/user\/visitparnuestonia\/","https:\/\/www.instagram.com\/visitparnu\/"]}]}},"_links":{"self":[{"href":"https:\/\/visitparnu.com\/fi\/wp-json\/wp\/v2\/pages\/4937055","targetHints":{"allow":["GET"]}}],"collection":[{"href":"https:\/\/visitparnu.com\/fi\/wp-json\/wp\/v2\/pages"}],"about":[{"href":"https:\/\/visitparnu.com\/fi\/wp-json\/wp\/v2\/types\/page"}],"author":[{"embeddable":true,"href":"https:\/\/visitparnu.com\/fi\/wp-json\/wp\/v2\/users\/1"}],"replies":[{"embeddable":true,"href":"https:\/\/visitparnu.com\/fi\/wp-json\/wp\/v2\/comments?post=4937055"}],"version-history":[{"count":18,"href":"https:\/\/visitparnu.com\/fi\/wp-json\/wp\/v2\/pages\/4937055\/revisions"}],"predecessor-version":[{"id":4979124,"href":"https:\/\/visitparnu.com\/fi\/wp-json\/wp\/v2\/pages\/4937055\/revisions\/4979124"}],"wp:featuredmedia":[{"embeddable":true,"href":"https:\/\/visitparnu.com\/fi\/wp-json\/wp\/v2\/media\/4941773"}],"wp:attachment":[{"href":"https:\/\/visitparnu.com\/fi\/wp-json\/wp\/v2\/media?parent=4937055"}],"curies":[{"name":"wp","href":"https:\/\/api.w.org\/{rel}","templated":true}]}}