{"id":4937045,"date":"2018-12-11T14:04:05","date_gmt":"2018-12-11T12:04:05","guid":{"rendered":"https:\/\/visitparnu.com\/yhteystiedot\/"},"modified":"2023-01-30T10:52:57","modified_gmt":"2023-01-30T08:52:57","slug":"yhteystiedot","status":"publish","type":"page","link":"https:\/\/visitparnu.com\/fi\/yhteystiedot\/","title":{"rendered":"Yhteystiedot"},"content":{"rendered":"\t\t<div data-elementor-type=\"wp-post\" data-elementor-id=\"4937045\" class=\"elementor elementor-4937045 elementor-4936678\" data-elementor-post-type=\"page\">\n\t\t\t\t\t\t<section class=\"elementor-section elementor-top-section elementor-element elementor-element-683011a elementor-section-full_width elementor-section-height-default elementor-section-height-default\" data-id=\"683011a\" data-element_type=\"section\" data-e-type=\"section\">\n\t\t\t\t\t\t<div class=\"elementor-container elementor-column-gap-default\">\n\t\t\t\t\t<div class=\"elementor-column elementor-col-100 elementor-top-column elementor-element elementor-element-b656979\" data-id=\"b656979\" data-element_type=\"column\" data-e-type=\"column\">\n\t\t\t<div class=\"elementor-widget-wrap elementor-element-populated\">\n\t\t\t\t\t\t<div class=\"elementor-element elementor-element-f374792 elementor-widget elementor-widget-text-editor\" data-id=\"f374792\" data-element_type=\"widget\" data-e-type=\"widget\" data-widget_type=\"text-editor.default\">\n\t\t\t\t\t\t\t\t\t<p><b>visitparnu.com<\/b> nettisivu on perustettu esittelem\u00e4\u00e4n <strong>P\u00e4rnun kaupunkia ja P\u00e4rnun maakuntaa<\/strong> kaikille kiinnostuneille. T\u00e4st\u00e4 l\u00f6ytyy vastauksia erilaisiin kysymyksiin, kuten mit\u00e4 tehd\u00e4 P\u00e4rnussa tai miss\u00e4 P\u00e4rnussa voi y\u00f6py\u00e4. Olemme ker\u00e4nneet sivulle kaiken tarpeellisen tiedon P\u00e4rnusta ja p\u00e4ivit\u00e4mme tietoja jatkuvasti.<\/p><p>Kotisivun lis\u00e4ksi teemme lehdist\u00f6matkoja, painatteita, valokuvia, videoita ynn\u00e4 muuta<br \/>Valokuvien saamiseksi pyyd\u00e4mme k\u00e4\u00e4ntym\u00e4\u00e4n\u00a0<a href=\"https:\/\/www.flickr.com\/photos\/visit-parnu\/albums\/\" target=\"_blank\" rel=\"noopener\">Flickr-kuvapankkiin<\/a>. Valokuvat ei ole tarkoitettu k\u00e4ytett\u00e4v\u00e4ksi kaupalliseen tarkoitukseen ja ehdottomasti on viitattava valokuvan tekij\u00e4\u00e4n ja visitparnu.com\u00a0 verkkotunnukseen.<\/p><p>Olemme tehneet erilaisia temaattisia painatteita kuten esimerkiksi P\u00e4rnun kaupungin kartta, P\u00e4rnun maakunnan kartta, alueemme imagojulkaisu ym. Painatteisiin voit tutustua <a href=\"https:\/\/visitparnu.com\/fi\/julkaisumme\/\">T\u00c4SS\u00c4<\/a>.<\/p><p>Videot ovat l\u00f6ydett\u00e4viss\u00e4\u00a0<a href=\"https:\/\/www.youtube.com\/channel\/UCSNsi-_ZO6W2WAMdaGkOfpg\" target=\"_blank\" rel=\"noopener\">YouTube-kanavallamme<\/a>.<\/p><p>Mik\u00e4li Teill\u00e4 on ehdotuksia, kysymyksi\u00e4 tai haluaisitte esimerkiksi j\u00e4rjest\u00e4\u00e4 P\u00e4rnuun lehdist\u00f6matkan, ottakaa meihin rohkeasti yhteytt\u00e4.<\/p>\t\t\t\t\t\t\t\t<\/div>\n\t\t\t\t<div class=\"elementor-element elementor-element-5b311ff elementor-button-align-center elementor-widget elementor-widget-form\" data-id=\"5b311ff\" data-element_type=\"widget\" data-e-type=\"widget\" data-settings=\"{&quot;step_next_label&quot;:&quot;Next&quot;,&quot;step_previous_label&quot;:&quot;Previous&quot;,&quot;button_width&quot;:&quot;100&quot;,&quot;step_type&quot;:&quot;number_text&quot;,&quot;step_icon_shape&quot;:&quot;circle&quot;}\" data-widget_type=\"form.default\">\n\t\t\t\t\t\t\t<form class=\"elementor-form\" method=\"post\" name=\"New Form\" aria-label=\"New Form\">\n\t\t\t<input type=\"hidden\" name=\"post_id\" value=\"4937045\"\/>\n\t\t\t<input type=\"hidden\" name=\"form_id\" value=\"5b311ff\"\/>\n\t\t\t<input type=\"hidden\" name=\"referer_title\" value=\"Yhteystiedot - Visit P\u00e4rnu\" \/>\n\n\t\t\t\t\t\t\t<input type=\"hidden\" name=\"queried_id\" value=\"4937045\"\/>\n\t\t\t\n\t\t\t<div class=\"elementor-form-fields-wrapper elementor-labels-above\">\n\t\t\t\t\t\t\t\t<div class=\"elementor-field-type-text elementor-field-group elementor-column elementor-field-group-name elementor-col-100\">\n\t\t\t\t\t\t\t\t\t\t\t\t<label for=\"form-field-name\" class=\"elementor-field-label\">\n\t\t\t\t\t\t\t\tNimi\t\t\t\t\t\t\t<\/label>\n\t\t\t\t\t\t\t\t\t\t\t\t\t\t<input size=\"1\" type=\"text\" name=\"form_fields[name]\" id=\"form-field-name\" class=\"elementor-field elementor-size-sm  elementor-field-textual\">\n\t\t\t\t\t\t\t\t\t\t\t<\/div>\n\t\t\t\t\t\t\t\t<div class=\"elementor-field-type-email elementor-field-group elementor-column elementor-field-group-email elementor-col-100 elementor-field-required\">\n\t\t\t\t\t\t\t\t\t\t\t\t<label for=\"form-field-email\" class=\"elementor-field-label\">\n\t\t\t\t\t\t\t\tS\u00e4hk\u00f6posti\t\t\t\t\t\t\t<\/label>\n\t\t\t\t\t\t\t\t\t\t\t\t\t\t<input size=\"1\" type=\"email\" name=\"form_fields[email]\" id=\"form-field-email\" class=\"elementor-field elementor-size-sm  elementor-field-textual\" required=\"required\">\n\t\t\t\t\t\t\t\t\t\t\t<\/div>\n\t\t\t\t\t\t\t\t<div class=\"elementor-field-type-textarea elementor-field-group elementor-column elementor-field-group-message elementor-col-100\">\n\t\t\t\t\t\t\t\t\t\t\t\t<label for=\"form-field-message\" class=\"elementor-field-label\">\n\t\t\t\t\t\t\t\tViesti\t\t\t\t\t\t\t<\/label>\n\t\t\t\t\t\t<textarea class=\"elementor-field-textual elementor-field  elementor-size-sm\" name=\"form_fields[message]\" id=\"form-field-message\" rows=\"4\"><\/textarea>\t\t\t\t<\/div>\n\t\t\t\t\t\t\t\t<div class=\"elementor-field-type-recaptcha elementor-field-group elementor-column elementor-field-group-eac63a4 elementor-col-100\">\n\t\t\t\t\t<div class=\"elementor-field\" id=\"form-field-eac63a4\"><\/div>\t\t\t\t<\/div>\n\t\t\t\t\t\t\t\t<div class=\"elementor-field-group elementor-column elementor-field-type-submit elementor-col-100 e-form__buttons\">\n\t\t\t\t\t<button class=\"elementor-button elementor-size-xs\" type=\"submit\">\n\t\t\t\t\t\t<span class=\"elementor-button-content-wrapper\">\n\t\t\t\t\t\t\t\t\t\t\t\t\t\t\t<span class=\"elementor-button-icon\">\n\t\t\t\t\t\t\t\t\t<i class=\"fa fa-send\" aria-hidden=\"true\"><\/i>\t\t\t\t\t\t\t\t\t\t\t\t\t\t\t\t\t<\/span>\n\t\t\t\t\t\t\t\t\t\t\t\t\t\t\t\t\t\t\t\t\t\t<span class=\"elementor-button-text\">L\u00e4het\u00e4 kirje<\/span>\n\t\t\t\t\t\t\t\t\t\t\t\t\t<\/span>\n\t\t\t\t\t<\/button>\n\t\t\t\t<\/div>\n\t\t\t<\/div>\n\t\t<\/form>\n\t\t\t\t\t\t<\/div>\n\t\t\t\t\t<\/div>\n\t\t<\/div>\n\t\t\t\t\t<\/div>\n\t\t<\/section>\n\t\t\t\t<\/div>\n\t\t","protected":false},"excerpt":{"rendered":"<p>visitparnu.com nettisivu on perustettu esittelem\u00e4\u00e4n P\u00e4rnun kaupunkia ja P\u00e4rnun maakuntaa kaikille kiinnostuneille. T\u00e4st\u00e4 l\u00f6ytyy vastauksia erilaisiin kysymyksiin, kuten mit\u00e4 tehd\u00e4 P\u00e4rnussa tai miss\u00e4 P\u00e4rnussa voi y\u00f6py\u00e4. Olemme ker\u00e4nneet sivulle kaiken tarpeellisen tiedon P\u00e4rnusta ja p\u00e4ivit\u00e4mme tietoja jatkuvasti. Kotisivun lis\u00e4ksi teemme lehdist\u00f6matkoja, painatteita, valokuvia, videoita ynn\u00e4 muutaValokuvien saamiseksi pyyd\u00e4mme k\u00e4\u00e4ntym\u00e4\u00e4n\u00a0Flickr-kuvapankkiin. Valokuvat ei ole tarkoitettu k\u00e4ytett\u00e4v\u00e4ksi kaupalliseen [&hellip;]<\/p>\n","protected":false},"author":1,"featured_media":4952383,"parent":0,"menu_order":0,"comment_status":"closed","ping_status":"closed","template":"","meta":{"_acf_changed":false,"footnotes":""},"class_list":["post-4937045","page","type-page","status-publish","has-post-thumbnail","hentry"],"acf":[],"yoast_head":"<!-- This site is optimized with the Yoast SEO plugin v27.3 - https:\/\/yoast.com\/product\/yoast-seo-wordpress\/ -->\n<title>Yhteystiedot - Visit P\u00e4rnu<\/title>\n<meta name=\"robots\" content=\"index, follow, max-snippet:-1, max-image-preview:large, max-video-preview:-1\" \/>\n<link rel=\"canonical\" href=\"https:\/\/visitparnu.com\/fi\/yhteystiedot\/\" \/>\n<meta property=\"og:locale\" content=\"fi_FI\" \/>\n<meta property=\"og:type\" content=\"article\" \/>\n<meta property=\"og:title\" content=\"Yhteystiedot - Visit P\u00e4rnu\" \/>\n<meta property=\"og:description\" content=\"visitparnu.com nettisivu on perustettu esittelem\u00e4\u00e4n P\u00e4rnun kaupunkia ja P\u00e4rnun maakuntaa kaikille kiinnostuneille. T\u00e4st\u00e4 l\u00f6ytyy vastauksia erilaisiin kysymyksiin, kuten mit\u00e4 tehd\u00e4 P\u00e4rnussa tai miss\u00e4 P\u00e4rnussa voi y\u00f6py\u00e4. Olemme ker\u00e4nneet sivulle kaiken tarpeellisen tiedon P\u00e4rnusta ja p\u00e4ivit\u00e4mme tietoja jatkuvasti. Kotisivun lis\u00e4ksi teemme lehdist\u00f6matkoja, painatteita, valokuvia, videoita ynn\u00e4 muutaValokuvien saamiseksi pyyd\u00e4mme k\u00e4\u00e4ntym\u00e4\u00e4n\u00a0Flickr-kuvapankkiin. Valokuvat ei ole tarkoitettu k\u00e4ytett\u00e4v\u00e4ksi kaupalliseen [&hellip;]\" \/>\n<meta property=\"og:url\" content=\"https:\/\/visitparnu.com\/fi\/yhteystiedot\/\" \/>\n<meta property=\"og:site_name\" content=\"Visit P\u00e4rnu\" \/>\n<meta property=\"article:publisher\" content=\"https:\/\/www.facebook.com\/visitparnuEE\/\" \/>\n<meta property=\"article:modified_time\" content=\"2023-01-30T08:52:57+00:00\" \/>\n<meta property=\"og:image\" content=\"https:\/\/visitparnu.com\/wp-content\/uploads\/2023\/01\/Kontaktid.jpg\" \/>\n\t<meta property=\"og:image:width\" content=\"1731\" \/>\n\t<meta property=\"og:image:height\" content=\"1154\" \/>\n\t<meta property=\"og:image:type\" content=\"image\/jpeg\" \/>\n<meta name=\"twitter:card\" content=\"summary_large_image\" \/>\n<meta name=\"twitter:label1\" content=\"Arvioitu lukuaika\" \/>\n\t<meta name=\"twitter:data1\" content=\"1 minuutti\" \/>\n<script type=\"application\/ld+json\" class=\"yoast-schema-graph\">{\"@context\":\"https:\\\/\\\/schema.org\",\"@graph\":[{\"@type\":\"WebPage\",\"@id\":\"https:\\\/\\\/visitparnu.com\\\/fi\\\/yhteystiedot\\\/\",\"url\":\"https:\\\/\\\/visitparnu.com\\\/fi\\\/yhteystiedot\\\/\",\"name\":\"Yhteystiedot - Visit P\u00e4rnu\",\"isPartOf\":{\"@id\":\"https:\\\/\\\/visitparnu.com\\\/fi\\\/#website\"},\"primaryImageOfPage\":{\"@id\":\"https:\\\/\\\/visitparnu.com\\\/fi\\\/yhteystiedot\\\/#primaryimage\"},\"image\":{\"@id\":\"https:\\\/\\\/visitparnu.com\\\/fi\\\/yhteystiedot\\\/#primaryimage\"},\"thumbnailUrl\":\"https:\\\/\\\/visitparnu.com\\\/wp-content\\\/uploads\\\/2023\\\/01\\\/Kontaktid.jpg\",\"datePublished\":\"2018-12-11T12:04:05+00:00\",\"dateModified\":\"2023-01-30T08:52:57+00:00\",\"breadcrumb\":{\"@id\":\"https:\\\/\\\/visitparnu.com\\\/fi\\\/yhteystiedot\\\/#breadcrumb\"},\"inLanguage\":\"fi\",\"potentialAction\":[{\"@type\":\"ReadAction\",\"target\":[\"https:\\\/\\\/visitparnu.com\\\/fi\\\/yhteystiedot\\\/\"]}]},{\"@type\":\"ImageObject\",\"inLanguage\":\"fi\",\"@id\":\"https:\\\/\\\/visitparnu.com\\\/fi\\\/yhteystiedot\\\/#primaryimage\",\"url\":\"https:\\\/\\\/visitparnu.com\\\/wp-content\\\/uploads\\\/2023\\\/01\\\/Kontaktid.jpg\",\"contentUrl\":\"https:\\\/\\\/visitparnu.com\\\/wp-content\\\/uploads\\\/2023\\\/01\\\/Kontaktid.jpg\",\"width\":1731,\"height\":1154},{\"@type\":\"BreadcrumbList\",\"@id\":\"https:\\\/\\\/visitparnu.com\\\/fi\\\/yhteystiedot\\\/#breadcrumb\",\"itemListElement\":[{\"@type\":\"ListItem\",\"position\":1,\"name\":\"\",\"item\":\"https:\\\/\\\/visitparnu.com\\\/fi\\\/\"},{\"@type\":\"ListItem\",\"position\":2,\"name\":\"Yhteystiedot\"}]},{\"@type\":\"WebSite\",\"@id\":\"https:\\\/\\\/visitparnu.com\\\/fi\\\/#website\",\"url\":\"https:\\\/\\\/visitparnu.com\\\/fi\\\/\",\"name\":\"Visit P\u00e4rnu\",\"description\":\"\",\"publisher\":{\"@id\":\"https:\\\/\\\/visitparnu.com\\\/fi\\\/#organization\"},\"potentialAction\":[{\"@type\":\"SearchAction\",\"target\":{\"@type\":\"EntryPoint\",\"urlTemplate\":\"https:\\\/\\\/visitparnu.com\\\/fi\\\/?s={search_term_string}\"},\"query-input\":{\"@type\":\"PropertyValueSpecification\",\"valueRequired\":true,\"valueName\":\"search_term_string\"}}],\"inLanguage\":\"fi\"},{\"@type\":\"Organization\",\"@id\":\"https:\\\/\\\/visitparnu.com\\\/fi\\\/#organization\",\"name\":\"Visit P\u00e4rnu\",\"url\":\"https:\\\/\\\/visitparnu.com\\\/fi\\\/\",\"logo\":{\"@type\":\"ImageObject\",\"inLanguage\":\"fi\",\"@id\":\"https:\\\/\\\/visitparnu.com\\\/fi\\\/#\\\/schema\\\/logo\\\/image\\\/\",\"url\":\"https:\\\/\\\/visitparnu.com\\\/wp-content\\\/uploads\\\/2022\\\/11\\\/VP_logo.svg\",\"contentUrl\":\"https:\\\/\\\/visitparnu.com\\\/wp-content\\\/uploads\\\/2022\\\/11\\\/VP_logo.svg\",\"width\":305,\"height\":33,\"caption\":\"Visit P\u00e4rnu\"},\"image\":{\"@id\":\"https:\\\/\\\/visitparnu.com\\\/fi\\\/#\\\/schema\\\/logo\\\/image\\\/\"},\"sameAs\":[\"https:\\\/\\\/www.facebook.com\\\/visitparnuEE\\\/\",\"https:\\\/\\\/www.youtube.com\\\/user\\\/visitparnuestonia\\\/\",\"https:\\\/\\\/www.instagram.com\\\/visitparnu\\\/\"]}]}<\/script>\n<!-- \/ Yoast SEO plugin. -->","yoast_head_json":{"title":"Yhteystiedot - Visit P\u00e4rnu","robots":{"index":"index","follow":"follow","max-snippet":"max-snippet:-1","max-image-preview":"max-image-preview:large","max-video-preview":"max-video-preview:-1"},"canonical":"https:\/\/visitparnu.com\/fi\/yhteystiedot\/","og_locale":"fi_FI","og_type":"article","og_title":"Yhteystiedot - Visit P\u00e4rnu","og_description":"visitparnu.com nettisivu on perustettu esittelem\u00e4\u00e4n P\u00e4rnun kaupunkia ja P\u00e4rnun maakuntaa kaikille kiinnostuneille. T\u00e4st\u00e4 l\u00f6ytyy vastauksia erilaisiin kysymyksiin, kuten mit\u00e4 tehd\u00e4 P\u00e4rnussa tai miss\u00e4 P\u00e4rnussa voi y\u00f6py\u00e4. Olemme ker\u00e4nneet sivulle kaiken tarpeellisen tiedon P\u00e4rnusta ja p\u00e4ivit\u00e4mme tietoja jatkuvasti. Kotisivun lis\u00e4ksi teemme lehdist\u00f6matkoja, painatteita, valokuvia, videoita ynn\u00e4 muutaValokuvien saamiseksi pyyd\u00e4mme k\u00e4\u00e4ntym\u00e4\u00e4n\u00a0Flickr-kuvapankkiin. Valokuvat ei ole tarkoitettu k\u00e4ytett\u00e4v\u00e4ksi kaupalliseen [&hellip;]","og_url":"https:\/\/visitparnu.com\/fi\/yhteystiedot\/","og_site_name":"Visit P\u00e4rnu","article_publisher":"https:\/\/www.facebook.com\/visitparnuEE\/","article_modified_time":"2023-01-30T08:52:57+00:00","og_image":[{"width":1731,"height":1154,"url":"https:\/\/visitparnu.com\/wp-content\/uploads\/2023\/01\/Kontaktid.jpg","type":"image\/jpeg"}],"twitter_card":"summary_large_image","twitter_misc":{"Arvioitu lukuaika":"1 minuutti"},"schema":{"@context":"https:\/\/schema.org","@graph":[{"@type":"WebPage","@id":"https:\/\/visitparnu.com\/fi\/yhteystiedot\/","url":"https:\/\/visitparnu.com\/fi\/yhteystiedot\/","name":"Yhteystiedot - Visit P\u00e4rnu","isPartOf":{"@id":"https:\/\/visitparnu.com\/fi\/#website"},"primaryImageOfPage":{"@id":"https:\/\/visitparnu.com\/fi\/yhteystiedot\/#primaryimage"},"image":{"@id":"https:\/\/visitparnu.com\/fi\/yhteystiedot\/#primaryimage"},"thumbnailUrl":"https:\/\/visitparnu.com\/wp-content\/uploads\/2023\/01\/Kontaktid.jpg","datePublished":"2018-12-11T12:04:05+00:00","dateModified":"2023-01-30T08:52:57+00:00","breadcrumb":{"@id":"https:\/\/visitparnu.com\/fi\/yhteystiedot\/#breadcrumb"},"inLanguage":"fi","potentialAction":[{"@type":"ReadAction","target":["https:\/\/visitparnu.com\/fi\/yhteystiedot\/"]}]},{"@type":"ImageObject","inLanguage":"fi","@id":"https:\/\/visitparnu.com\/fi\/yhteystiedot\/#primaryimage","url":"https:\/\/visitparnu.com\/wp-content\/uploads\/2023\/01\/Kontaktid.jpg","contentUrl":"https:\/\/visitparnu.com\/wp-content\/uploads\/2023\/01\/Kontaktid.jpg","width":1731,"height":1154},{"@type":"BreadcrumbList","@id":"https:\/\/visitparnu.com\/fi\/yhteystiedot\/#breadcrumb","itemListElement":[{"@type":"ListItem","position":1,"name":"","item":"https:\/\/visitparnu.com\/fi\/"},{"@type":"ListItem","position":2,"name":"Yhteystiedot"}]},{"@type":"WebSite","@id":"https:\/\/visitparnu.com\/fi\/#website","url":"https:\/\/visitparnu.com\/fi\/","name":"Visit P\u00e4rnu","description":"","publisher":{"@id":"https:\/\/visitparnu.com\/fi\/#organization"},"potentialAction":[{"@type":"SearchAction","target":{"@type":"EntryPoint","urlTemplate":"https:\/\/visitparnu.com\/fi\/?s={search_term_string}"},"query-input":{"@type":"PropertyValueSpecification","valueRequired":true,"valueName":"search_term_string"}}],"inLanguage":"fi"},{"@type":"Organization","@id":"https:\/\/visitparnu.com\/fi\/#organization","name":"Visit P\u00e4rnu","url":"https:\/\/visitparnu.com\/fi\/","logo":{"@type":"ImageObject","inLanguage":"fi","@id":"https:\/\/visitparnu.com\/fi\/#\/schema\/logo\/image\/","url":"https:\/\/visitparnu.com\/wp-content\/uploads\/2022\/11\/VP_logo.svg","contentUrl":"https:\/\/visitparnu.com\/wp-content\/uploads\/2022\/11\/VP_logo.svg","width":305,"height":33,"caption":"Visit P\u00e4rnu"},"image":{"@id":"https:\/\/visitparnu.com\/fi\/#\/schema\/logo\/image\/"},"sameAs":["https:\/\/www.facebook.com\/visitparnuEE\/","https:\/\/www.youtube.com\/user\/visitparnuestonia\/","https:\/\/www.instagram.com\/visitparnu\/"]}]}},"_links":{"self":[{"href":"https:\/\/visitparnu.com\/fi\/wp-json\/wp\/v2\/pages\/4937045","targetHints":{"allow":["GET"]}}],"collection":[{"href":"https:\/\/visitparnu.com\/fi\/wp-json\/wp\/v2\/pages"}],"about":[{"href":"https:\/\/visitparnu.com\/fi\/wp-json\/wp\/v2\/types\/page"}],"author":[{"embeddable":true,"href":"https:\/\/visitparnu.com\/fi\/wp-json\/wp\/v2\/users\/1"}],"replies":[{"embeddable":true,"href":"https:\/\/visitparnu.com\/fi\/wp-json\/wp\/v2\/comments?post=4937045"}],"version-history":[{"count":13,"href":"https:\/\/visitparnu.com\/fi\/wp-json\/wp\/v2\/pages\/4937045\/revisions"}],"predecessor-version":[{"id":4955636,"href":"https:\/\/visitparnu.com\/fi\/wp-json\/wp\/v2\/pages\/4937045\/revisions\/4955636"}],"wp:featuredmedia":[{"embeddable":true,"href":"https:\/\/visitparnu.com\/fi\/wp-json\/wp\/v2\/media\/4952383"}],"wp:attachment":[{"href":"https:\/\/visitparnu.com\/fi\/wp-json\/wp\/v2\/media?parent=4937045"}],"curies":[{"name":"wp","href":"https:\/\/api.w.org\/{rel}","templated":true}]}}