{"id":4937040,"date":"2018-10-29T16:17:40","date_gmt":"2018-10-29T14:17:40","guid":{"rendered":"https:\/\/visitparnu.com\/kanoottiretket-parnumaalla\/"},"modified":"2023-01-26T16:41:38","modified_gmt":"2023-01-26T14:41:38","slug":"kanoottiretket-parnumaalla","status":"publish","type":"page","link":"https:\/\/visitparnu.com\/fi\/kanoottiretket-parnumaalla\/","title":{"rendered":"Kanoottiretket P\u00e4rnumaalla"},"content":{"rendered":"\t\t<div data-elementor-type=\"wp-post\" data-elementor-id=\"4937040\" class=\"elementor elementor-4937040 elementor-4936669\" data-elementor-post-type=\"page\">\n\t\t\t\t\t\t<section class=\"elementor-section elementor-top-section elementor-element elementor-element-c67d514 elementor-section-full_width elementor-section-height-default elementor-section-height-default\" data-id=\"c67d514\" data-element_type=\"section\" data-e-type=\"section\">\n\t\t\t\t\t\t<div class=\"elementor-container elementor-column-gap-default\">\n\t\t\t\t\t<div class=\"elementor-column elementor-col-50 elementor-top-column elementor-element elementor-element-592f288\" data-id=\"592f288\" data-element_type=\"column\" data-e-type=\"column\">\n\t\t\t<div class=\"elementor-widget-wrap elementor-element-populated\">\n\t\t\t\t\t\t<div class=\"elementor-element elementor-element-7c79452 elementor-widget elementor-widget-text-editor\" data-id=\"7c79452\" data-element_type=\"widget\" data-e-type=\"widget\" data-widget_type=\"text-editor.default\">\n\t\t\t\t\t\t\t\t\t<p>Tiesittek\u00f6, ett\u00e4 kanoottiretki on yksi parhaimpia tapoja viett\u00e4\u00e4 mukavasti aikaa yst\u00e4vien tai ty\u00f6kavereiden kesken ja samaan aikaan yhdist\u00e4\u00e4 urheilullinen toimintaa ja loma? Se tarjoaa mahdollisuuden menn\u00e4 raikkaaseen ulkoilmaan, tutustua jokea ymp\u00e4r\u00f6iv\u00e4\u00e4n luontoon ja siell\u00e4 asusteleviin el\u00e4imiin. Kanoottiretket tarjoavat kaikille osallistujille mieleenpainuvia muistoja ja erilaisia haasteita. Kanoottia jakamalla t\u00e4ytyy aina ottaa huomioon toinen henkil\u00f6 \u2013 yhdess\u00e4 retkeillen syntyy varmasti parempi yhteisty\u00f6 ja keskin\u00e4inen ymm\u00e4rt\u00e4mys. Retkeilyst\u00e4 tosikiinnostuneiden on mahdollista osallistua monip\u00e4iv\u00e4isiin kanoottiretkiin, jossa y\u00f6vyt\u00e4\u00e4n luonnossa, saunotaan ja laitetaan ruokaa. Lis\u00e4ksi voi kanoottiretkeen yhdist\u00e4\u00e4 suoretken tai hevosretken.<\/p><h2>Milloin menn\u00e4 kanoottiretkelle?<\/h2><p>Kanoottiretki\u00e4 pystyt\u00e4\u00e4n P\u00e4rnumaalla j\u00e4rjest\u00e4m\u00e4\u00e4n kaikkina vuodenaikoina. T\u00e4ytyy valita sopiva vaatetus ja kykyjen mukainen reitti. Mutta mik\u00e4 on paras vuodenaika l\u00e4hte\u00e4 kanoottiretkelle? Se riippuu kiinnostuksista ja taidoista. Kev\u00e4iset kanoottiretket ovat erierikoisia, koska luonto her\u00e4\u00e4 ja sulamisvedet p\u00e4\u00e4tyv\u00e4t jokiin. Tulvakausi, jolloin joissa on vett\u00e4 enemm\u00e4n, tarjoaa hyv\u00e4n haasteen, koska virtausnopeudet ovet tavallista isompia. Kes\u00e4ll\u00e4 ja syksyll\u00e4 voi hyv\u00e4n rantan\u00e4k\u00f6alan nauttimisen asemesta seikkailla jokikasvillisuuden keskell\u00e4. Vedenkorkeus voi samassa vaihdella ja se vaikeuttaa hieman joillakin joilla matkan j\u00e4rjest\u00e4mist\u00e4. L\u00e4mpim\u00e4t s\u00e4\u00e4t ja l\u00e4mmin vesi tekev\u00e4t taas retkeilyst\u00e4 ja lepotauoista paljon mukavampia. Kes\u00e4isin j\u00e4rjestet\u00e4\u00e4n my\u00f6s my\u00f6h\u00e4isiltaisia\/\u00f6isi\u00e4 kanoottiretki\u00e4. Kanoottiretki talvella on todella erikoinen tapahtuma, koska vesi on hyvin kylm\u00e4 ja joenreunat voivat olla j\u00e4isi\u00e4. L\u00e4mp\u00f6tilan laskiessa jokikasvillisuus katoaa ja joenreunat tulevat pieniss\u00e4 joissa taas n\u00e4kyviin. Hyvin alhaisissa l\u00e4mp\u00f6tiloissa joet voivat j\u00e4\u00e4ty\u00e4 umpeen eik\u00e4 retke\u00e4 voida j\u00e4rjest\u00e4\u00e4. Silloin on mahdollista vaihtaa kanootit muihin v\u00e4lineisiin ja tutustua maalaukselliseen luontoon erimerkiksi luistimilla, lumikengill\u00e4 tai potkukelkalla.<\/p><h2>Kanoottiretki Soomaalla<\/h2><p>Kanoottiretket P\u00e4rnumaalla j\u00e4rjestet\u00e4\u00e4n enimm\u00e4kseen Soomaalla, joka tunnetaan viidennest\u00e4 vuodenajastaan. N\u00e4in kutsutaan ajanjaksoa, jolloin tulvavesi peitt\u00e4\u00e4 Soomaan alueen. Se tapahtuu yleens\u00e4 kev\u00e4\u00e4n alussa, kun talven lumi alkaa sulaa, mutta voi tapahtua my\u00f6s muina vuodenaikoina. S\u00e4iden ollessa hyvin ep\u00e4vakaisia voivat tulvat j\u00e4\u00e4d\u00e4 joinakin vuosina tulematta. Samassa vesi voi nousta monta metri\u00e4 ja silloin tulva peitt\u00e4\u00e4 hyvinkin laajoja alueita. Suurempien tulvien kohdalla puhutaan jopa V\u00f5rtsj\u00e4rven laajuisesta alueesta.<\/p>\t\t\t\t\t\t\t\t<\/div>\n\t\t\t\t\t<\/div>\n\t\t<\/div>\n\t\t\t\t<div class=\"elementor-column elementor-col-50 elementor-top-column elementor-element elementor-element-4caea3d\" data-id=\"4caea3d\" data-element_type=\"column\" data-e-type=\"column\">\n\t\t\t<div class=\"elementor-widget-wrap elementor-element-populated\">\n\t\t\t\t\t\t<div class=\"elementor-element elementor-element-dcf1e01 elementor-widget elementor-widget-text-editor\" data-id=\"dcf1e01\" data-element_type=\"widget\" data-e-type=\"widget\" data-widget_type=\"text-editor.default\">\n\t\t\t\t\t\t\t\t\t<p>Samassa vesi voi nousta monta metri\u00e4 ja silloin tulva peitt\u00e4\u00e4 hyvinkin laajoja alueita. Suurempien tulvien kohdalla puhutaan jopa V\u00f5rtsj\u00e4rven laajuisesta alueesta.<\/p><p>Soomaan viides vuodenaika houkuttelee tuhansia kiinnostuneita ymp\u00e4ri maailmaa. Mahdollisuus retkeill\u00e4 tulva-alueella ja n\u00e4hd\u00e4, miten paikalliset siin\u00e4 ymp\u00e4rist\u00f6ss\u00e4 asuvat, on ainutlaatuinen kokemus kaikille. Veden peitt\u00e4mi\u00e4 piha-alueita ja ajoteit\u00e4 sek\u00e4 selvit\u00e4kseen rakennettuja lauttoja ei ihan joka p\u00e4iv\u00e4 n\u00e4e.<\/p><p>Suosituimmat Soomaan joet kanoottiretkiin ovat:<\/p><ul><li>Halliste,<\/li><li>T\u00f5ramaa,<\/li><li>Raudna,<\/li><li>Lemmj\u00f5gi,<\/li><li>Navesti.<\/li><\/ul><h2>Kanoottiretket P\u00e4rnu-joella<\/h2><p>Soomaan lis\u00e4ksi kanoottiretken voi suunnitella P\u00e4rnu-joella, jonka virtausnopeus on vaihtelevainen. P\u00e4rnu-joen etuna on sen leveys \u2013 se sopii kanoottiretkiin kes\u00e4ll\u00e4 ja syksyll\u00e4, jolloin pienemm\u00e4t joet ovat jo kasvaneet umpeen. P\u00e4rnujoen tultua tutuksi voi kokeilla kanoottiretke\u00e4 my\u00f6s Reiu-joella, joka on P\u00e4rnu-joen sivujoki. Molemmat joet ovat kalarikkaita ja n\u00e4in on mahdollista kanoottiretkeen yhdist\u00e4\u00e4 kalanpyynti\u00e4. Silloin kanoottiretki voi huipentua esimerkiksi nuotiolla paistetun saaliin sy\u00f6miseen.<\/p><h2>Suosituksia kanoottiretkeen<\/h2><p>Parhaan mahdollisen kokemuksen saamiseksi suositellaan kanoottiretken j\u00e4rjest\u00e4mist\u00e4 matkanjohtajan kanssa, joka tuntee alueen hyvin. N\u00e4in retkeilij\u00e4t oppivat tuntemaan paremmin ymp\u00e4r\u00f6iv\u00e4\u00e4 luontoa ja kokemattomille retkeilij\u00f6ille se lis\u00e4\u00e4 tarvittavaa turvallisuuden tunnetta. P\u00e4rnumaalla on useita eri yrityksi\u00e4, jotka j\u00e4rjest\u00e4v\u00e4t kanoottiretki\u00e4 sek\u00e4 Soomaalla ett\u00e4 muilla P\u00e4rnumaan joilla.<\/p><p>Enemm\u00e4n tietoa Soomaasta:\u00a0<a href=\"https:\/\/visitparnu.com\/fi\/soomaa\/\" target=\"_blank\" rel=\"noopener\">Soomaan kansallispuisto<\/a><\/p><p>Vesiretkiel\u00e4myksi\u00e4 tarjoavat seuraavat yritykset:<\/p><ul><li><a href=\"http:\/\/www.joematkad.ee\/\" target=\"_blank\" rel=\"noopener\">joematkad.ee<\/a><\/li><li><a href=\"http:\/\/junsi.ee\/\">junsi.ee<\/a><\/li><li><a href=\"http:\/\/kanuu.ee\/\">kanuu.ee<\/a><\/li><li><a href=\"http:\/\/www.loodusmatkad.ee\/\">loodusmatkad.ee<\/a><\/li><li><a href=\"http:\/\/ponkaland.com\/\">ponkaland.com<\/a><\/li><li><a href=\"http:\/\/www.reimani.eu\/\">reimani.eu<\/a><\/li><li><a href=\"http:\/\/www.seiklevabaks.ee\/soomaa-national-park.html\" target=\"_blank\" rel=\"noopener\">seiklevabaks.ee\u00a0\u00a0<\/a><\/li><li><a style=\"font-weight: var( --e-global-typography-text-font-weight );\" href=\"http:\/\/eesti.soomaa.com\/\">soomaa.com<\/a><\/li><li><a href=\"http:\/\/www.tori.ee\/\">tori.ee<\/a><\/li><li><a href=\"http:\/\/www.veelaager.com\/\">veelaager.com<\/a><\/li><\/ul>\t\t\t\t\t\t\t\t<\/div>\n\t\t\t\t\t<\/div>\n\t\t<\/div>\n\t\t\t\t\t<\/div>\n\t\t<\/section>\n\t\t\t\t<\/div>\n\t\t","protected":false},"excerpt":{"rendered":"<p>Tiesittek\u00f6, ett\u00e4 kanoottiretki on yksi parhaimpia tapoja viett\u00e4\u00e4 mukavasti aikaa yst\u00e4vien tai ty\u00f6kavereiden kesken ja samaan aikaan yhdist\u00e4\u00e4 urheilullinen toimintaa ja loma? Se tarjoaa mahdollisuuden menn\u00e4 raikkaaseen ulkoilmaan, tutustua jokea ymp\u00e4r\u00f6iv\u00e4\u00e4n luontoon ja siell\u00e4 asusteleviin el\u00e4imiin. Kanoottiretket tarjoavat kaikille osallistujille mieleenpainuvia muistoja ja erilaisia haasteita. Kanoottia jakamalla t\u00e4ytyy aina ottaa huomioon toinen henkil\u00f6 \u2013 yhdess\u00e4 [&hellip;]<\/p>\n","protected":false},"author":1,"featured_media":4951039,"parent":0,"menu_order":0,"comment_status":"closed","ping_status":"closed","template":"","meta":{"_acf_changed":false,"footnotes":""},"class_list":["post-4937040","page","type-page","status-publish","has-post-thumbnail","hentry"],"acf":[],"yoast_head":"<!-- This site is optimized with the Yoast SEO plugin v27.3 - https:\/\/yoast.com\/product\/yoast-seo-wordpress\/ -->\n<title>Kanoottiretket P\u00e4rnumaalla - Visit P\u00e4rnu<\/title>\n<meta name=\"description\" content=\"Milloin menn\u00e4 kanoottiretkelle? Kanoottiretki Soomaalla. Kanoottiretket P\u00e4rnu-joella. Suosituksia kanoottiretkeen.\" \/>\n<meta name=\"robots\" content=\"index, follow, max-snippet:-1, max-image-preview:large, max-video-preview:-1\" \/>\n<link rel=\"canonical\" href=\"https:\/\/visitparnu.com\/fi\/kanoottiretket-parnumaalla\/\" \/>\n<meta property=\"og:locale\" content=\"fi_FI\" \/>\n<meta property=\"og:type\" content=\"article\" \/>\n<meta property=\"og:title\" content=\"Kanoottiretket P\u00e4rnumaalla - Visit P\u00e4rnu\" \/>\n<meta property=\"og:description\" content=\"Milloin menn\u00e4 kanoottiretkelle? Kanoottiretki Soomaalla. Kanoottiretket P\u00e4rnu-joella. Suosituksia kanoottiretkeen.\" \/>\n<meta property=\"og:url\" content=\"https:\/\/visitparnu.com\/fi\/kanoottiretket-parnumaalla\/\" \/>\n<meta property=\"og:site_name\" content=\"Visit P\u00e4rnu\" \/>\n<meta property=\"article:publisher\" content=\"https:\/\/www.facebook.com\/visitparnuEE\/\" \/>\n<meta property=\"article:modified_time\" content=\"2023-01-26T14:41:38+00:00\" \/>\n<meta property=\"og:image\" content=\"https:\/\/visitparnu.com\/wp-content\/uploads\/2023\/01\/Kanuumatkad.jpg\" \/>\n\t<meta property=\"og:image:width\" content=\"1731\" \/>\n\t<meta property=\"og:image:height\" content=\"1154\" \/>\n\t<meta property=\"og:image:type\" content=\"image\/jpeg\" \/>\n<meta name=\"twitter:card\" content=\"summary_large_image\" \/>\n<meta name=\"twitter:label1\" content=\"Arvioitu lukuaika\" \/>\n\t<meta name=\"twitter:data1\" content=\"4 minuuttia\" \/>\n<script type=\"application\/ld+json\" class=\"yoast-schema-graph\">{\"@context\":\"https:\\\/\\\/schema.org\",\"@graph\":[{\"@type\":\"WebPage\",\"@id\":\"https:\\\/\\\/visitparnu.com\\\/fi\\\/kanoottiretket-parnumaalla\\\/\",\"url\":\"https:\\\/\\\/visitparnu.com\\\/fi\\\/kanoottiretket-parnumaalla\\\/\",\"name\":\"Kanoottiretket P\u00e4rnumaalla - Visit P\u00e4rnu\",\"isPartOf\":{\"@id\":\"https:\\\/\\\/visitparnu.com\\\/fi\\\/#website\"},\"primaryImageOfPage\":{\"@id\":\"https:\\\/\\\/visitparnu.com\\\/fi\\\/kanoottiretket-parnumaalla\\\/#primaryimage\"},\"image\":{\"@id\":\"https:\\\/\\\/visitparnu.com\\\/fi\\\/kanoottiretket-parnumaalla\\\/#primaryimage\"},\"thumbnailUrl\":\"https:\\\/\\\/visitparnu.com\\\/wp-content\\\/uploads\\\/2023\\\/01\\\/Kanuumatkad-e1596615868876.jpg\",\"datePublished\":\"2018-10-29T14:17:40+00:00\",\"dateModified\":\"2023-01-26T14:41:38+00:00\",\"description\":\"Milloin menn\u00e4 kanoottiretkelle? Kanoottiretki Soomaalla. Kanoottiretket P\u00e4rnu-joella. Suosituksia kanoottiretkeen.\",\"breadcrumb\":{\"@id\":\"https:\\\/\\\/visitparnu.com\\\/fi\\\/kanoottiretket-parnumaalla\\\/#breadcrumb\"},\"inLanguage\":\"fi\",\"potentialAction\":[{\"@type\":\"ReadAction\",\"target\":[\"https:\\\/\\\/visitparnu.com\\\/fi\\\/kanoottiretket-parnumaalla\\\/\"]}]},{\"@type\":\"ImageObject\",\"inLanguage\":\"fi\",\"@id\":\"https:\\\/\\\/visitparnu.com\\\/fi\\\/kanoottiretket-parnumaalla\\\/#primaryimage\",\"url\":\"https:\\\/\\\/visitparnu.com\\\/wp-content\\\/uploads\\\/2023\\\/01\\\/Kanuumatkad-e1596615868876.jpg\",\"contentUrl\":\"https:\\\/\\\/visitparnu.com\\\/wp-content\\\/uploads\\\/2023\\\/01\\\/Kanuumatkad-e1596615868876.jpg\",\"width\":1730,\"height\":874},{\"@type\":\"BreadcrumbList\",\"@id\":\"https:\\\/\\\/visitparnu.com\\\/fi\\\/kanoottiretket-parnumaalla\\\/#breadcrumb\",\"itemListElement\":[{\"@type\":\"ListItem\",\"position\":1,\"name\":\"\",\"item\":\"https:\\\/\\\/visitparnu.com\\\/fi\\\/\"},{\"@type\":\"ListItem\",\"position\":2,\"name\":\"Kanoottiretket P\u00e4rnumaalla\"}]},{\"@type\":\"WebSite\",\"@id\":\"https:\\\/\\\/visitparnu.com\\\/fi\\\/#website\",\"url\":\"https:\\\/\\\/visitparnu.com\\\/fi\\\/\",\"name\":\"Visit P\u00e4rnu\",\"description\":\"\",\"publisher\":{\"@id\":\"https:\\\/\\\/visitparnu.com\\\/fi\\\/#organization\"},\"potentialAction\":[{\"@type\":\"SearchAction\",\"target\":{\"@type\":\"EntryPoint\",\"urlTemplate\":\"https:\\\/\\\/visitparnu.com\\\/fi\\\/?s={search_term_string}\"},\"query-input\":{\"@type\":\"PropertyValueSpecification\",\"valueRequired\":true,\"valueName\":\"search_term_string\"}}],\"inLanguage\":\"fi\"},{\"@type\":\"Organization\",\"@id\":\"https:\\\/\\\/visitparnu.com\\\/fi\\\/#organization\",\"name\":\"Visit P\u00e4rnu\",\"url\":\"https:\\\/\\\/visitparnu.com\\\/fi\\\/\",\"logo\":{\"@type\":\"ImageObject\",\"inLanguage\":\"fi\",\"@id\":\"https:\\\/\\\/visitparnu.com\\\/fi\\\/#\\\/schema\\\/logo\\\/image\\\/\",\"url\":\"https:\\\/\\\/visitparnu.com\\\/wp-content\\\/uploads\\\/2022\\\/11\\\/VP_logo.svg\",\"contentUrl\":\"https:\\\/\\\/visitparnu.com\\\/wp-content\\\/uploads\\\/2022\\\/11\\\/VP_logo.svg\",\"width\":305,\"height\":33,\"caption\":\"Visit P\u00e4rnu\"},\"image\":{\"@id\":\"https:\\\/\\\/visitparnu.com\\\/fi\\\/#\\\/schema\\\/logo\\\/image\\\/\"},\"sameAs\":[\"https:\\\/\\\/www.facebook.com\\\/visitparnuEE\\\/\",\"https:\\\/\\\/www.youtube.com\\\/user\\\/visitparnuestonia\\\/\",\"https:\\\/\\\/www.instagram.com\\\/visitparnu\\\/\"]}]}<\/script>\n<!-- \/ Yoast SEO plugin. -->","yoast_head_json":{"title":"Kanoottiretket P\u00e4rnumaalla - Visit P\u00e4rnu","description":"Milloin menn\u00e4 kanoottiretkelle? Kanoottiretki Soomaalla. Kanoottiretket P\u00e4rnu-joella. Suosituksia kanoottiretkeen.","robots":{"index":"index","follow":"follow","max-snippet":"max-snippet:-1","max-image-preview":"max-image-preview:large","max-video-preview":"max-video-preview:-1"},"canonical":"https:\/\/visitparnu.com\/fi\/kanoottiretket-parnumaalla\/","og_locale":"fi_FI","og_type":"article","og_title":"Kanoottiretket P\u00e4rnumaalla - Visit P\u00e4rnu","og_description":"Milloin menn\u00e4 kanoottiretkelle? Kanoottiretki Soomaalla. Kanoottiretket P\u00e4rnu-joella. Suosituksia kanoottiretkeen.","og_url":"https:\/\/visitparnu.com\/fi\/kanoottiretket-parnumaalla\/","og_site_name":"Visit P\u00e4rnu","article_publisher":"https:\/\/www.facebook.com\/visitparnuEE\/","article_modified_time":"2023-01-26T14:41:38+00:00","og_image":[{"width":1731,"height":1154,"url":"https:\/\/visitparnu.com\/wp-content\/uploads\/2023\/01\/Kanuumatkad.jpg","type":"image\/jpeg"}],"twitter_card":"summary_large_image","twitter_misc":{"Arvioitu lukuaika":"4 minuuttia"},"schema":{"@context":"https:\/\/schema.org","@graph":[{"@type":"WebPage","@id":"https:\/\/visitparnu.com\/fi\/kanoottiretket-parnumaalla\/","url":"https:\/\/visitparnu.com\/fi\/kanoottiretket-parnumaalla\/","name":"Kanoottiretket P\u00e4rnumaalla - Visit P\u00e4rnu","isPartOf":{"@id":"https:\/\/visitparnu.com\/fi\/#website"},"primaryImageOfPage":{"@id":"https:\/\/visitparnu.com\/fi\/kanoottiretket-parnumaalla\/#primaryimage"},"image":{"@id":"https:\/\/visitparnu.com\/fi\/kanoottiretket-parnumaalla\/#primaryimage"},"thumbnailUrl":"https:\/\/visitparnu.com\/wp-content\/uploads\/2023\/01\/Kanuumatkad-e1596615868876.jpg","datePublished":"2018-10-29T14:17:40+00:00","dateModified":"2023-01-26T14:41:38+00:00","description":"Milloin menn\u00e4 kanoottiretkelle? Kanoottiretki Soomaalla. Kanoottiretket P\u00e4rnu-joella. Suosituksia kanoottiretkeen.","breadcrumb":{"@id":"https:\/\/visitparnu.com\/fi\/kanoottiretket-parnumaalla\/#breadcrumb"},"inLanguage":"fi","potentialAction":[{"@type":"ReadAction","target":["https:\/\/visitparnu.com\/fi\/kanoottiretket-parnumaalla\/"]}]},{"@type":"ImageObject","inLanguage":"fi","@id":"https:\/\/visitparnu.com\/fi\/kanoottiretket-parnumaalla\/#primaryimage","url":"https:\/\/visitparnu.com\/wp-content\/uploads\/2023\/01\/Kanuumatkad-e1596615868876.jpg","contentUrl":"https:\/\/visitparnu.com\/wp-content\/uploads\/2023\/01\/Kanuumatkad-e1596615868876.jpg","width":1730,"height":874},{"@type":"BreadcrumbList","@id":"https:\/\/visitparnu.com\/fi\/kanoottiretket-parnumaalla\/#breadcrumb","itemListElement":[{"@type":"ListItem","position":1,"name":"","item":"https:\/\/visitparnu.com\/fi\/"},{"@type":"ListItem","position":2,"name":"Kanoottiretket P\u00e4rnumaalla"}]},{"@type":"WebSite","@id":"https:\/\/visitparnu.com\/fi\/#website","url":"https:\/\/visitparnu.com\/fi\/","name":"Visit P\u00e4rnu","description":"","publisher":{"@id":"https:\/\/visitparnu.com\/fi\/#organization"},"potentialAction":[{"@type":"SearchAction","target":{"@type":"EntryPoint","urlTemplate":"https:\/\/visitparnu.com\/fi\/?s={search_term_string}"},"query-input":{"@type":"PropertyValueSpecification","valueRequired":true,"valueName":"search_term_string"}}],"inLanguage":"fi"},{"@type":"Organization","@id":"https:\/\/visitparnu.com\/fi\/#organization","name":"Visit P\u00e4rnu","url":"https:\/\/visitparnu.com\/fi\/","logo":{"@type":"ImageObject","inLanguage":"fi","@id":"https:\/\/visitparnu.com\/fi\/#\/schema\/logo\/image\/","url":"https:\/\/visitparnu.com\/wp-content\/uploads\/2022\/11\/VP_logo.svg","contentUrl":"https:\/\/visitparnu.com\/wp-content\/uploads\/2022\/11\/VP_logo.svg","width":305,"height":33,"caption":"Visit P\u00e4rnu"},"image":{"@id":"https:\/\/visitparnu.com\/fi\/#\/schema\/logo\/image\/"},"sameAs":["https:\/\/www.facebook.com\/visitparnuEE\/","https:\/\/www.youtube.com\/user\/visitparnuestonia\/","https:\/\/www.instagram.com\/visitparnu\/"]}]}},"_links":{"self":[{"href":"https:\/\/visitparnu.com\/fi\/wp-json\/wp\/v2\/pages\/4937040","targetHints":{"allow":["GET"]}}],"collection":[{"href":"https:\/\/visitparnu.com\/fi\/wp-json\/wp\/v2\/pages"}],"about":[{"href":"https:\/\/visitparnu.com\/fi\/wp-json\/wp\/v2\/types\/page"}],"author":[{"embeddable":true,"href":"https:\/\/visitparnu.com\/fi\/wp-json\/wp\/v2\/users\/1"}],"replies":[{"embeddable":true,"href":"https:\/\/visitparnu.com\/fi\/wp-json\/wp\/v2\/comments?post=4937040"}],"version-history":[{"count":5,"href":"https:\/\/visitparnu.com\/fi\/wp-json\/wp\/v2\/pages\/4937040\/revisions"}],"predecessor-version":[{"id":4954306,"href":"https:\/\/visitparnu.com\/fi\/wp-json\/wp\/v2\/pages\/4937040\/revisions\/4954306"}],"wp:featuredmedia":[{"embeddable":true,"href":"https:\/\/visitparnu.com\/fi\/wp-json\/wp\/v2\/media\/4951039"}],"wp:attachment":[{"href":"https:\/\/visitparnu.com\/fi\/wp-json\/wp\/v2\/media?parent=4937040"}],"curies":[{"name":"wp","href":"https:\/\/api.w.org\/{rel}","templated":true}]}}