{"id":4936995,"date":"2018-09-28T11:53:27","date_gmt":"2018-09-28T09:53:27","guid":{"rendered":"https:\/\/visitparnu.com\/kaytannollinen-tieto\/"},"modified":"2023-01-26T12:55:05","modified_gmt":"2023-01-26T10:55:05","slug":"kaytannollinen-tieto","status":"publish","type":"page","link":"https:\/\/visitparnu.com\/fi\/kaytannollinen-tieto\/","title":{"rendered":"K\u00e4yt\u00e4nn\u00f6llinen tieto"},"content":{"rendered":"\t\t<div data-elementor-type=\"wp-post\" data-elementor-id=\"4936995\" class=\"elementor elementor-4936995 elementor-4936651\" data-elementor-post-type=\"page\">\n\t\t\t\t\t\t<section class=\"elementor-section elementor-top-section elementor-element elementor-element-378c83db elementor-section-full_width elementor-section-height-default elementor-section-height-default\" data-id=\"378c83db\" data-element_type=\"section\" data-e-type=\"section\">\n\t\t\t\t\t\t<div class=\"elementor-container elementor-column-gap-default\">\n\t\t\t\t\t<div class=\"elementor-column elementor-col-50 elementor-top-column elementor-element elementor-element-23d195b3\" data-id=\"23d195b3\" data-element_type=\"column\" data-e-type=\"column\">\n\t\t\t<div class=\"elementor-widget-wrap elementor-element-populated\">\n\t\t\t\t\t\t<div class=\"elementor-element elementor-element-3c75444 elementor-widget elementor-widget-text-editor\" data-id=\"3c75444\" data-element_type=\"widget\" data-e-type=\"widget\" data-widget_type=\"text-editor.default\">\n\t\t\t\t\t\t\t\t\t<h3>T\u00e4rke\u00e4t puhelinnumerot ja linkkej\u00e4<\/h3><p>Viron maakoodi ulkomailta soittaessa: +372 xxx xxxx<br \/>Yleinen h\u00e4lytysnumero: 112<br \/>L\u00e4\u00e4k\u00e4rinapu: P\u00e4rnu Haigla, Ristiku 1, +372 447 3301, <a href=\"http:\/\/www.ph.ee\" target=\"_blank\" rel=\"noopener\">www.ph.ee<\/a><br \/>Taksi: (+372) 1200, 1222, 1300, 12255, 1700, 1918<\/p><h3>T\u00e4rkeit\u00e4 linkkej\u00e4<\/h3><p>Viron matkailu: <a href=\"http:\/\/www.visitestonia.com\" target=\"_blank\" rel=\"noopener\">www.visitestonia.com<\/a><br \/>Maatilamatkailu: <a href=\"http:\/\/www.maaturism.ee\" target=\"_blank\" rel=\"noopener\">www.maaturism.ee<\/a><br \/>S\u00e4\u00e4: www.weather.ee<br \/>Viisumit, l\u00e4hetyst\u00f6t: <a href=\"http:\/\/www.vm.ee\" target=\"_blank\" rel=\"noopener\">www.vm.ee<\/a>, <a href=\"http:\/\/www.mfa.ee\" target=\"_blank\" rel=\"noopener\">www.mfa.ee<\/a><br \/>Valuuttakurssit: <a href=\"http:\/\/www.eestipank.ee\/valuutakursid\" target=\"_blank\" rel=\"noopener\">www.eestipank.ee\/valuutakursid<\/a><\/p><h3>Avoimet internet-pisteet<\/h3><p>P\u00e4rnussa on kolme avointa internet-pistett\u00e4:<br \/>P\u00e4rnun keskuskirjasto (Akadeemia 3, <a href=\"http:\/\/www.pkr.ee\" target=\"_blank\" rel=\"noopener\">www.pkr.ee<\/a> ), jossa on I kerroksessa yleis\u00f6kone ja avoin internet-piste; lis\u00e4ksi on koko talossa Wifi-verkko.<\/p><h3>Langaton internet-yhteys eli Wifi<\/h3><p>Langatonta internet-yhteytt\u00e4 (Wifi\u00e4) tarjoaa suurin osa P\u00e4rnun ruokapaikoista ja hotelleista. Katso tarkemmin kohdista Ruokailu ja Majoitus.<br \/>Mik\u00e4li s\u00e4\u00e4 sallii, p\u00e4\u00e4see internetiin my\u00f6s Iseseisvuse-aukiolla, Lastenpuistossa (R\u00fc\u00fctli-, Munga- ja Vee-katujen kulmassa) tai Rantapromenadilla.<\/p>\t\t\t\t\t\t\t\t<\/div>\n\t\t\t\t\t<\/div>\n\t\t<\/div>\n\t\t\t\t<div class=\"elementor-column elementor-col-50 elementor-top-column elementor-element elementor-element-2b9780ed\" data-id=\"2b9780ed\" data-element_type=\"column\" data-e-type=\"column\">\n\t\t\t<div class=\"elementor-widget-wrap elementor-element-populated\">\n\t\t\t\t\t\t<div class=\"elementor-element elementor-element-2a32670a elementor-widget elementor-widget-text-editor\" data-id=\"2a32670a\" data-element_type=\"widget\" data-e-type=\"widget\" data-widget_type=\"text-editor.default\">\n\t\t\t\t\t\t\t\t\t<h3>Julkiset WC:t<\/h3>\n<p>Julkiset maksulliset WC:t l\u00f6ytyv\u00e4t P\u00e4rnun linja-autoasemalta (Aia-kadun puolella) ja Kalda-kadun varrelta keskustan sillan vierest\u00e4. My\u00f6s keskustan kauppakeskuksissa (P\u00e4rnu Keskus ja Port Artur 2) sek\u00e4 P\u00e4rnun keskuskirjastossa on WC:t.<br>Tavaras\u00e4ilyty<br>Matkatavarat voi j\u00e4tt\u00e4\u00e4 s\u00e4il\u00f6\u00f6n P\u00e4rnun linja-autoaseman Cargobus-firman pisteeseen:<br>Cargobus, ma-pe 8.00-18.00<br>Pikk 3, P\u00e4rnu<br>Puh.: +372 442 7845<\/p>\n<h3>Valuutanvaihto<\/h3>\n<p>EUREX &#8211; Papiniidu 8\/10 (Ostoskeskus Kaubamajakas), ma-su 10.00-20.00<br><\/p>\n<h3>Viisumi-info<\/h3>\n<p>Kattava viisumi-info l\u00f6ytyy Viron ulkoministeri\u00f6n kotisivuilta <a href=\"http:\/\/www.vm.ee\" target=\"_blank\" rel=\"noopener\">www.vm.ee<\/a> (Estonian Ministry of Foreign affairs <a href=\"http:\/\/www.mfa.ee\" target=\"_blank\" rel=\"noopener\">www.mfa.ee<\/a>).<br>Tarvittaessa voi viisumin hakea matkatoimiston avulla.<br>Viro ei vaadi viisumia Euroopan Unionin (EU) ja Euroopan Talousalueen (EEA) j\u00e4senvaltioiden kansalaisilta eik\u00e4 Schengenin t\u00e4ysj\u00e4senvaltion oleskeluluvan omistajalta. Edell\u00e4 mainitun lis\u00e4ksi saavat Schengenin maissa (mm. Virossa) oleskella 90 p\u00e4iv\u00e4\u00e4 (puolen vuoden sis\u00e4ll\u00e4) seuraavien maiden kansalaiset: Amerikan Yhdysvallat, Australia, Japani, Argentiina, Brasilia, Chile ym., tarkemmat tiedot Viron ulkoministeri\u00f6n kotisivulla <a href=\"http:\/\/www.vm.ee\" target=\"_blank\" rel=\"noopener\">www.vm.ee<\/a>.<\/p>\n<h3>Tori<\/h3>\n<p>P\u00e4rnu Turg, Suur-Sepa 18, Tel +372 443 5895<br>Lepa Turg, V\u00e4ike-Kuke 9, Tel +372 445 9210<\/p>\t\t\t\t\t\t\t\t<\/div>\n\t\t\t\t\t<\/div>\n\t\t<\/div>\n\t\t\t\t\t<\/div>\n\t\t<\/section>\n\t\t\t\t<\/div>\n\t\t","protected":false},"excerpt":{"rendered":"<p>T\u00e4rke\u00e4t puhelinnumerot ja linkkej\u00e4 Viron maakoodi ulkomailta soittaessa: +372 xxx xxxxYleinen h\u00e4lytysnumero: 112L\u00e4\u00e4k\u00e4rinapu: P\u00e4rnu Haigla, Ristiku 1, +372 447 3301, www.ph.eeTaksi: (+372) 1200, 1222, 1300, 12255, 1700, 1918 T\u00e4rkeit\u00e4 linkkej\u00e4 Viron matkailu: www.visitestonia.comMaatilamatkailu: www.maaturism.eeS\u00e4\u00e4: www.weather.eeViisumit, l\u00e4hetyst\u00f6t: www.vm.ee, www.mfa.eeValuuttakurssit: www.eestipank.ee\/valuutakursid Avoimet internet-pisteet P\u00e4rnussa on kolme avointa internet-pistett\u00e4:P\u00e4rnun keskuskirjasto (Akadeemia 3, www.pkr.ee ), jossa on I kerroksessa [&hellip;]<\/p>\n","protected":false},"author":1,"featured_media":4953876,"parent":0,"menu_order":0,"comment_status":"closed","ping_status":"closed","template":"","meta":{"_acf_changed":false,"footnotes":""},"class_list":["post-4936995","page","type-page","status-publish","has-post-thumbnail","hentry"],"acf":[],"yoast_head":"<!-- This site is optimized with the Yoast SEO plugin v27.3 - https:\/\/yoast.com\/product\/yoast-seo-wordpress\/ -->\n<title>K\u00e4yt\u00e4nn\u00f6llinen tieto - Visit P\u00e4rnu<\/title>\n<meta name=\"robots\" content=\"index, follow, max-snippet:-1, max-image-preview:large, max-video-preview:-1\" \/>\n<link rel=\"canonical\" href=\"https:\/\/visitparnu.com\/fi\/kaytannollinen-tieto\/\" \/>\n<meta property=\"og:locale\" content=\"fi_FI\" \/>\n<meta property=\"og:type\" content=\"article\" \/>\n<meta property=\"og:title\" content=\"K\u00e4yt\u00e4nn\u00f6llinen tieto - Visit P\u00e4rnu\" \/>\n<meta property=\"og:description\" content=\"T\u00e4rke\u00e4t puhelinnumerot ja linkkej\u00e4 Viron maakoodi ulkomailta soittaessa: +372 xxx xxxxYleinen h\u00e4lytysnumero: 112L\u00e4\u00e4k\u00e4rinapu: P\u00e4rnu Haigla, Ristiku 1, +372 447 3301, www.ph.eeTaksi: (+372) 1200, 1222, 1300, 12255, 1700, 1918 T\u00e4rkeit\u00e4 linkkej\u00e4 Viron matkailu: www.visitestonia.comMaatilamatkailu: www.maaturism.eeS\u00e4\u00e4: www.weather.eeViisumit, l\u00e4hetyst\u00f6t: www.vm.ee, www.mfa.eeValuuttakurssit: www.eestipank.ee\/valuutakursid Avoimet internet-pisteet P\u00e4rnussa on kolme avointa internet-pistett\u00e4:P\u00e4rnun keskuskirjasto (Akadeemia 3, www.pkr.ee ), jossa on I kerroksessa [&hellip;]\" \/>\n<meta property=\"og:url\" content=\"https:\/\/visitparnu.com\/fi\/kaytannollinen-tieto\/\" \/>\n<meta property=\"og:site_name\" content=\"Visit P\u00e4rnu\" \/>\n<meta property=\"article:publisher\" content=\"https:\/\/www.facebook.com\/visitparnuEE\/\" \/>\n<meta property=\"article:modified_time\" content=\"2023-01-26T10:55:05+00:00\" \/>\n<meta property=\"og:image\" content=\"https:\/\/visitparnu.com\/wp-content\/uploads\/2023\/01\/Parnu-graafitid.jpg\" \/>\n\t<meta property=\"og:image:width\" content=\"1732\" \/>\n\t<meta property=\"og:image:height\" content=\"1154\" \/>\n\t<meta property=\"og:image:type\" content=\"image\/jpeg\" \/>\n<meta name=\"twitter:card\" content=\"summary_large_image\" \/>\n<meta name=\"twitter:label1\" content=\"Arvioitu lukuaika\" \/>\n\t<meta name=\"twitter:data1\" content=\"2 minuuttia\" \/>\n<script type=\"application\/ld+json\" class=\"yoast-schema-graph\">{\"@context\":\"https:\\\/\\\/schema.org\",\"@graph\":[{\"@type\":\"WebPage\",\"@id\":\"https:\\\/\\\/visitparnu.com\\\/fi\\\/kaytannollinen-tieto\\\/\",\"url\":\"https:\\\/\\\/visitparnu.com\\\/fi\\\/kaytannollinen-tieto\\\/\",\"name\":\"K\u00e4yt\u00e4nn\u00f6llinen tieto - Visit P\u00e4rnu\",\"isPartOf\":{\"@id\":\"https:\\\/\\\/visitparnu.com\\\/fi\\\/#website\"},\"primaryImageOfPage\":{\"@id\":\"https:\\\/\\\/visitparnu.com\\\/fi\\\/kaytannollinen-tieto\\\/#primaryimage\"},\"image\":{\"@id\":\"https:\\\/\\\/visitparnu.com\\\/fi\\\/kaytannollinen-tieto\\\/#primaryimage\"},\"thumbnailUrl\":\"https:\\\/\\\/visitparnu.com\\\/wp-content\\\/uploads\\\/2023\\\/01\\\/Parnu-graafitid.jpg\",\"datePublished\":\"2018-09-28T09:53:27+00:00\",\"dateModified\":\"2023-01-26T10:55:05+00:00\",\"breadcrumb\":{\"@id\":\"https:\\\/\\\/visitparnu.com\\\/fi\\\/kaytannollinen-tieto\\\/#breadcrumb\"},\"inLanguage\":\"fi\",\"potentialAction\":[{\"@type\":\"ReadAction\",\"target\":[\"https:\\\/\\\/visitparnu.com\\\/fi\\\/kaytannollinen-tieto\\\/\"]}]},{\"@type\":\"ImageObject\",\"inLanguage\":\"fi\",\"@id\":\"https:\\\/\\\/visitparnu.com\\\/fi\\\/kaytannollinen-tieto\\\/#primaryimage\",\"url\":\"https:\\\/\\\/visitparnu.com\\\/wp-content\\\/uploads\\\/2023\\\/01\\\/Parnu-graafitid.jpg\",\"contentUrl\":\"https:\\\/\\\/visitparnu.com\\\/wp-content\\\/uploads\\\/2023\\\/01\\\/Parnu-graafitid.jpg\",\"width\":1732,\"height\":1154},{\"@type\":\"BreadcrumbList\",\"@id\":\"https:\\\/\\\/visitparnu.com\\\/fi\\\/kaytannollinen-tieto\\\/#breadcrumb\",\"itemListElement\":[{\"@type\":\"ListItem\",\"position\":1,\"name\":\"\",\"item\":\"https:\\\/\\\/visitparnu.com\\\/fi\\\/\"},{\"@type\":\"ListItem\",\"position\":2,\"name\":\"K\u00e4yt\u00e4nn\u00f6llinen tieto\"}]},{\"@type\":\"WebSite\",\"@id\":\"https:\\\/\\\/visitparnu.com\\\/fi\\\/#website\",\"url\":\"https:\\\/\\\/visitparnu.com\\\/fi\\\/\",\"name\":\"Visit P\u00e4rnu\",\"description\":\"\",\"publisher\":{\"@id\":\"https:\\\/\\\/visitparnu.com\\\/fi\\\/#organization\"},\"potentialAction\":[{\"@type\":\"SearchAction\",\"target\":{\"@type\":\"EntryPoint\",\"urlTemplate\":\"https:\\\/\\\/visitparnu.com\\\/fi\\\/?s={search_term_string}\"},\"query-input\":{\"@type\":\"PropertyValueSpecification\",\"valueRequired\":true,\"valueName\":\"search_term_string\"}}],\"inLanguage\":\"fi\"},{\"@type\":\"Organization\",\"@id\":\"https:\\\/\\\/visitparnu.com\\\/fi\\\/#organization\",\"name\":\"Visit P\u00e4rnu\",\"url\":\"https:\\\/\\\/visitparnu.com\\\/fi\\\/\",\"logo\":{\"@type\":\"ImageObject\",\"inLanguage\":\"fi\",\"@id\":\"https:\\\/\\\/visitparnu.com\\\/fi\\\/#\\\/schema\\\/logo\\\/image\\\/\",\"url\":\"https:\\\/\\\/visitparnu.com\\\/wp-content\\\/uploads\\\/2022\\\/11\\\/VP_logo.svg\",\"contentUrl\":\"https:\\\/\\\/visitparnu.com\\\/wp-content\\\/uploads\\\/2022\\\/11\\\/VP_logo.svg\",\"width\":305,\"height\":33,\"caption\":\"Visit P\u00e4rnu\"},\"image\":{\"@id\":\"https:\\\/\\\/visitparnu.com\\\/fi\\\/#\\\/schema\\\/logo\\\/image\\\/\"},\"sameAs\":[\"https:\\\/\\\/www.facebook.com\\\/visitparnuEE\\\/\",\"https:\\\/\\\/www.youtube.com\\\/user\\\/visitparnuestonia\\\/\",\"https:\\\/\\\/www.instagram.com\\\/visitparnu\\\/\"]}]}<\/script>\n<!-- \/ Yoast SEO plugin. -->","yoast_head_json":{"title":"K\u00e4yt\u00e4nn\u00f6llinen tieto - Visit P\u00e4rnu","robots":{"index":"index","follow":"follow","max-snippet":"max-snippet:-1","max-image-preview":"max-image-preview:large","max-video-preview":"max-video-preview:-1"},"canonical":"https:\/\/visitparnu.com\/fi\/kaytannollinen-tieto\/","og_locale":"fi_FI","og_type":"article","og_title":"K\u00e4yt\u00e4nn\u00f6llinen tieto - Visit P\u00e4rnu","og_description":"T\u00e4rke\u00e4t puhelinnumerot ja linkkej\u00e4 Viron maakoodi ulkomailta soittaessa: +372 xxx xxxxYleinen h\u00e4lytysnumero: 112L\u00e4\u00e4k\u00e4rinapu: P\u00e4rnu Haigla, Ristiku 1, +372 447 3301, www.ph.eeTaksi: (+372) 1200, 1222, 1300, 12255, 1700, 1918 T\u00e4rkeit\u00e4 linkkej\u00e4 Viron matkailu: www.visitestonia.comMaatilamatkailu: www.maaturism.eeS\u00e4\u00e4: www.weather.eeViisumit, l\u00e4hetyst\u00f6t: www.vm.ee, www.mfa.eeValuuttakurssit: www.eestipank.ee\/valuutakursid Avoimet internet-pisteet P\u00e4rnussa on kolme avointa internet-pistett\u00e4:P\u00e4rnun keskuskirjasto (Akadeemia 3, www.pkr.ee ), jossa on I kerroksessa [&hellip;]","og_url":"https:\/\/visitparnu.com\/fi\/kaytannollinen-tieto\/","og_site_name":"Visit P\u00e4rnu","article_publisher":"https:\/\/www.facebook.com\/visitparnuEE\/","article_modified_time":"2023-01-26T10:55:05+00:00","og_image":[{"width":1732,"height":1154,"url":"https:\/\/visitparnu.com\/wp-content\/uploads\/2023\/01\/Parnu-graafitid.jpg","type":"image\/jpeg"}],"twitter_card":"summary_large_image","twitter_misc":{"Arvioitu lukuaika":"2 minuuttia"},"schema":{"@context":"https:\/\/schema.org","@graph":[{"@type":"WebPage","@id":"https:\/\/visitparnu.com\/fi\/kaytannollinen-tieto\/","url":"https:\/\/visitparnu.com\/fi\/kaytannollinen-tieto\/","name":"K\u00e4yt\u00e4nn\u00f6llinen tieto - Visit P\u00e4rnu","isPartOf":{"@id":"https:\/\/visitparnu.com\/fi\/#website"},"primaryImageOfPage":{"@id":"https:\/\/visitparnu.com\/fi\/kaytannollinen-tieto\/#primaryimage"},"image":{"@id":"https:\/\/visitparnu.com\/fi\/kaytannollinen-tieto\/#primaryimage"},"thumbnailUrl":"https:\/\/visitparnu.com\/wp-content\/uploads\/2023\/01\/Parnu-graafitid.jpg","datePublished":"2018-09-28T09:53:27+00:00","dateModified":"2023-01-26T10:55:05+00:00","breadcrumb":{"@id":"https:\/\/visitparnu.com\/fi\/kaytannollinen-tieto\/#breadcrumb"},"inLanguage":"fi","potentialAction":[{"@type":"ReadAction","target":["https:\/\/visitparnu.com\/fi\/kaytannollinen-tieto\/"]}]},{"@type":"ImageObject","inLanguage":"fi","@id":"https:\/\/visitparnu.com\/fi\/kaytannollinen-tieto\/#primaryimage","url":"https:\/\/visitparnu.com\/wp-content\/uploads\/2023\/01\/Parnu-graafitid.jpg","contentUrl":"https:\/\/visitparnu.com\/wp-content\/uploads\/2023\/01\/Parnu-graafitid.jpg","width":1732,"height":1154},{"@type":"BreadcrumbList","@id":"https:\/\/visitparnu.com\/fi\/kaytannollinen-tieto\/#breadcrumb","itemListElement":[{"@type":"ListItem","position":1,"name":"","item":"https:\/\/visitparnu.com\/fi\/"},{"@type":"ListItem","position":2,"name":"K\u00e4yt\u00e4nn\u00f6llinen tieto"}]},{"@type":"WebSite","@id":"https:\/\/visitparnu.com\/fi\/#website","url":"https:\/\/visitparnu.com\/fi\/","name":"Visit P\u00e4rnu","description":"","publisher":{"@id":"https:\/\/visitparnu.com\/fi\/#organization"},"potentialAction":[{"@type":"SearchAction","target":{"@type":"EntryPoint","urlTemplate":"https:\/\/visitparnu.com\/fi\/?s={search_term_string}"},"query-input":{"@type":"PropertyValueSpecification","valueRequired":true,"valueName":"search_term_string"}}],"inLanguage":"fi"},{"@type":"Organization","@id":"https:\/\/visitparnu.com\/fi\/#organization","name":"Visit P\u00e4rnu","url":"https:\/\/visitparnu.com\/fi\/","logo":{"@type":"ImageObject","inLanguage":"fi","@id":"https:\/\/visitparnu.com\/fi\/#\/schema\/logo\/image\/","url":"https:\/\/visitparnu.com\/wp-content\/uploads\/2022\/11\/VP_logo.svg","contentUrl":"https:\/\/visitparnu.com\/wp-content\/uploads\/2022\/11\/VP_logo.svg","width":305,"height":33,"caption":"Visit P\u00e4rnu"},"image":{"@id":"https:\/\/visitparnu.com\/fi\/#\/schema\/logo\/image\/"},"sameAs":["https:\/\/www.facebook.com\/visitparnuEE\/","https:\/\/www.youtube.com\/user\/visitparnuestonia\/","https:\/\/www.instagram.com\/visitparnu\/"]}]}},"_links":{"self":[{"href":"https:\/\/visitparnu.com\/fi\/wp-json\/wp\/v2\/pages\/4936995","targetHints":{"allow":["GET"]}}],"collection":[{"href":"https:\/\/visitparnu.com\/fi\/wp-json\/wp\/v2\/pages"}],"about":[{"href":"https:\/\/visitparnu.com\/fi\/wp-json\/wp\/v2\/types\/page"}],"author":[{"embeddable":true,"href":"https:\/\/visitparnu.com\/fi\/wp-json\/wp\/v2\/users\/1"}],"replies":[{"embeddable":true,"href":"https:\/\/visitparnu.com\/fi\/wp-json\/wp\/v2\/comments?post=4936995"}],"version-history":[{"count":5,"href":"https:\/\/visitparnu.com\/fi\/wp-json\/wp\/v2\/pages\/4936995\/revisions"}],"predecessor-version":[{"id":4953893,"href":"https:\/\/visitparnu.com\/fi\/wp-json\/wp\/v2\/pages\/4936995\/revisions\/4953893"}],"wp:featuredmedia":[{"embeddable":true,"href":"https:\/\/visitparnu.com\/fi\/wp-json\/wp\/v2\/media\/4953876"}],"wp:attachment":[{"href":"https:\/\/visitparnu.com\/fi\/wp-json\/wp\/v2\/media?parent=4936995"}],"curies":[{"name":"wp","href":"https:\/\/api.w.org\/{rel}","templated":true}]}}