{"id":5068167,"date":"2025-04-06T10:31:17","date_gmt":"2025-04-06T08:31:17","guid":{"rendered":"https:\/\/visitparnu.com\/supeluse-tanav\/"},"modified":"2026-02-03T07:19:26","modified_gmt":"2026-02-03T05:19:26","slug":"supeluse-tanav","status":"publish","type":"page","link":"https:\/\/visitparnu.com\/en\/supeluse-street\/","title":{"rendered":"Supeluse"},"content":{"rendered":"\t\t<div data-elementor-type=\"wp-page\" data-elementor-id=\"5068167\" class=\"elementor elementor-5068167 elementor-5047531\" data-elementor-post-type=\"page\">\n\t\t\t\t<div class=\"elementor-element elementor-element-305e1bcb e-flex e-con-boxed e-con e-parent\" data-id=\"305e1bcb\" data-element_type=\"container\" data-e-type=\"container\">\n\t\t\t\t\t<div class=\"e-con-inner\">\n\t\t\t\t<div class=\"elementor-element elementor-element-6a7d16c6 elementor-widget elementor-widget-text-editor\" data-id=\"6a7d16c6\" data-element_type=\"widget\" data-e-type=\"widget\" data-widget_type=\"text-editor.default\">\n\t\t\t\t\t\t\t\t\t<p>Pikk sirge Supeluse t\u00e4nav rajati algselt militaarvajadusi silmas pidades, kuna see viis linnast mere\u00e4\u00e4se rannakaitsepatareini. T\u00e4nava militaarne t\u00e4htsus v\u00e4henes 1830. aastatel, kui t\u00e4nava l\u00f5ppu rannakaitsepatarei endisse hoonesse rajati k\u00f5rts, mis ehitati 1838. aastal \u00fcmber supelasutuseks.<\/p><p>1857. aastal rajati t\u00e4nava piirkonda suvem\u00f5is, mille 1867. aastal omandas von B\u00f6\u00f6ckede perekond. Seet\u00f5ttu tuntakse hoonekompleksi B\u00f6\u00f6ckenhofi suvem\u00f5isana. Esialgu asusid t\u00e4nava \u00e4\u00e4res heina- ja karjamaad, kuid 19. sajandi l\u00f5pus hakkas linn ranna\u00e4\u00e4rseid heinamaat\u00fckke vahetama mujal asuvate maat\u00fckkide vastu, et rajada t\u00e4nava piirkonda parke ja suvilarajoone. Rannapargi rajamist alustati 1889. aastal. Kuna t\u00e4nava \u00e4\u00e4rsetes hoonetes majutati suvitajaid, siis n\u00f5udis linnavalitsus uutelt majadelt arhitektuurilist ilu ja k\u00fcllaldast mahukust. 1890. aastal ehitati t\u00e4nava l\u00f5pus asunud supelhoone asemele kaasaegne vesi-mudaravila. Esimene mudaravila h\u00e4vines 1915. aastal, kui Saksa s\u00f5jalaevastik tulistas linna paark\u00fcmmend m\u00fcrsku. \u00dclej\u00e4\u00e4nud Supeluse t\u00e4nava hooned \u00f5nneks eriti kannatada ei saanud. Aastatel\u00a01926\u20131927\u00a0valmis h\u00e4vinud mudaravila asemele praegune P\u00e4rnu mudaravila hoone.<\/p><p>T\u00e4nap\u00e4eval on Supeluse endiselt peamine kesklinna ja\u00a0supelranda\u00a0\u00fchendav t\u00e4nav, kus suvehooajal liigub palju rahvast. Samuti asuvad t\u00e4naval mitmed s\u00f6\u00f6gikohad ja majutusasutused. Seet\u00f5ttu on Supeluse t\u00e4navat nimetatud ka P\u00e4rnu suviseks peat\u00e4navaks.<\/p><p>Selleks, et jalak\u00e4ijatel ja ratturitel oleks rohkem ruumi, suleti 2020. aasta suveks t\u00e4nav autoliiklusele. Alates sellest aastast muutub Supeluse t\u00e4nav iga aasta 1. juunist alates <a href=\"https:\/\/visitparnu.com\/objekt\/supeluse-suvepromenaad\/\" target=\"_blank\" rel=\"noopener\">Suvepromenaadiks<\/a>, m\u00f6\u00f6da mida nii kohalikud elanikud kui ka linna k\u00fclalised saavad mugavalt ja ohutult liigelda kesklinna ning rannapiirkonna vahel.\u00a0<\/p>\t\t\t\t\t\t\t\t<\/div>\n\t\t\t\t\t<\/div>\n\t\t\t\t<\/div>\n\t\t\t\t<\/div>\n\t\t","protected":false},"excerpt":{"rendered":"<p>Pikk sirge Supeluse t\u00e4nav rajati algselt militaarvajadusi silmas pidades, kuna see viis linnast mere\u00e4\u00e4se rannakaitsepatareini. T\u00e4nava militaarne t\u00e4htsus v\u00e4henes 1830. aastatel, kui t\u00e4nava l\u00f5ppu rannakaitsepatarei endisse hoonesse rajati k\u00f5rts, mis ehitati 1838. aastal \u00fcmber supelasutuseks. 1857. aastal rajati t\u00e4nava piirkonda suvem\u00f5is, mille 1867. aastal omandas von B\u00f6\u00f6ckede perekond. Seet\u00f5ttu tuntakse hoonekompleksi B\u00f6\u00f6ckenhofi suvem\u00f5isana. Esialgu asusid [&hellip;]<\/p>\n","protected":false},"author":15,"featured_media":0,"parent":0,"menu_order":0,"comment_status":"closed","ping_status":"closed","template":"page-supeluse.php","meta":{"_acf_changed":false,"footnotes":""},"class_list":["post-5068167","page","type-page","status-publish","hentry"],"acf":[],"yoast_head":"<!-- This site is optimized with the Yoast SEO plugin v27.3 - https:\/\/yoast.com\/product\/yoast-seo-wordpress\/ -->\n<title>Supeluse - Visit P\u00e4rnu<\/title>\n<meta name=\"robots\" content=\"index, follow, max-snippet:-1, max-image-preview:large, max-video-preview:-1\" \/>\n<link rel=\"canonical\" href=\"https:\/\/visitparnu.com\/en\/supeluse-street\/\" \/>\n<meta property=\"og:locale\" content=\"en_US\" \/>\n<meta property=\"og:type\" content=\"article\" \/>\n<meta property=\"og:title\" content=\"Supeluse - Visit P\u00e4rnu\" \/>\n<meta property=\"og:description\" content=\"Pikk sirge Supeluse t\u00e4nav rajati algselt militaarvajadusi silmas pidades, kuna see viis linnast mere\u00e4\u00e4se rannakaitsepatareini. T\u00e4nava militaarne t\u00e4htsus v\u00e4henes 1830. aastatel, kui t\u00e4nava l\u00f5ppu rannakaitsepatarei endisse hoonesse rajati k\u00f5rts, mis ehitati 1838. aastal \u00fcmber supelasutuseks. 1857. aastal rajati t\u00e4nava piirkonda suvem\u00f5is, mille 1867. aastal omandas von B\u00f6\u00f6ckede perekond. Seet\u00f5ttu tuntakse hoonekompleksi B\u00f6\u00f6ckenhofi suvem\u00f5isana. Esialgu asusid [&hellip;]\" \/>\n<meta property=\"og:url\" content=\"https:\/\/visitparnu.com\/en\/supeluse-street\/\" \/>\n<meta property=\"og:site_name\" content=\"Visit P\u00e4rnu\" \/>\n<meta property=\"article:publisher\" content=\"https:\/\/www.facebook.com\/visitparnuEE\/\" \/>\n<meta property=\"article:modified_time\" content=\"2026-02-03T05:19:26+00:00\" \/>\n<meta name=\"twitter:card\" content=\"summary_large_image\" \/>\n<meta name=\"twitter:label1\" content=\"Est. reading time\" \/>\n\t<meta name=\"twitter:data1\" content=\"1 minute\" \/>\n<script type=\"application\/ld+json\" class=\"yoast-schema-graph\">{\"@context\":\"https:\\\/\\\/schema.org\",\"@graph\":[{\"@type\":\"WebPage\",\"@id\":\"https:\\\/\\\/visitparnu.com\\\/en\\\/supeluse-street\\\/\",\"url\":\"https:\\\/\\\/visitparnu.com\\\/en\\\/supeluse-street\\\/\",\"name\":\"Supeluse - Visit P\u00e4rnu\",\"isPartOf\":{\"@id\":\"https:\\\/\\\/visitparnu.com\\\/en\\\/#website\"},\"datePublished\":\"2025-04-06T08:31:17+00:00\",\"dateModified\":\"2026-02-03T05:19:26+00:00\",\"breadcrumb\":{\"@id\":\"https:\\\/\\\/visitparnu.com\\\/en\\\/supeluse-street\\\/#breadcrumb\"},\"inLanguage\":\"en-US\",\"potentialAction\":[{\"@type\":\"ReadAction\",\"target\":[\"https:\\\/\\\/visitparnu.com\\\/en\\\/supeluse-street\\\/\"]}]},{\"@type\":\"BreadcrumbList\",\"@id\":\"https:\\\/\\\/visitparnu.com\\\/en\\\/supeluse-street\\\/#breadcrumb\",\"itemListElement\":[{\"@type\":\"ListItem\",\"position\":1,\"name\":\"\",\"item\":\"https:\\\/\\\/visitparnu.com\\\/en\\\/\"},{\"@type\":\"ListItem\",\"position\":2,\"name\":\"Supeluse\"}]},{\"@type\":\"WebSite\",\"@id\":\"https:\\\/\\\/visitparnu.com\\\/en\\\/#website\",\"url\":\"https:\\\/\\\/visitparnu.com\\\/en\\\/\",\"name\":\"Visit P\u00e4rnu\",\"description\":\"\",\"publisher\":{\"@id\":\"https:\\\/\\\/visitparnu.com\\\/en\\\/#organization\"},\"potentialAction\":[{\"@type\":\"SearchAction\",\"target\":{\"@type\":\"EntryPoint\",\"urlTemplate\":\"https:\\\/\\\/visitparnu.com\\\/en\\\/?s={search_term_string}\"},\"query-input\":{\"@type\":\"PropertyValueSpecification\",\"valueRequired\":true,\"valueName\":\"search_term_string\"}}],\"inLanguage\":\"en-US\"},{\"@type\":\"Organization\",\"@id\":\"https:\\\/\\\/visitparnu.com\\\/en\\\/#organization\",\"name\":\"Visit P\u00e4rnu\",\"url\":\"https:\\\/\\\/visitparnu.com\\\/en\\\/\",\"logo\":{\"@type\":\"ImageObject\",\"inLanguage\":\"en-US\",\"@id\":\"https:\\\/\\\/visitparnu.com\\\/en\\\/#\\\/schema\\\/logo\\\/image\\\/\",\"url\":\"https:\\\/\\\/visitparnu.com\\\/wp-content\\\/uploads\\\/2022\\\/11\\\/VP_logo.svg\",\"contentUrl\":\"https:\\\/\\\/visitparnu.com\\\/wp-content\\\/uploads\\\/2022\\\/11\\\/VP_logo.svg\",\"width\":305,\"height\":33,\"caption\":\"Visit P\u00e4rnu\"},\"image\":{\"@id\":\"https:\\\/\\\/visitparnu.com\\\/en\\\/#\\\/schema\\\/logo\\\/image\\\/\"},\"sameAs\":[\"https:\\\/\\\/www.facebook.com\\\/visitparnuEE\\\/\",\"https:\\\/\\\/www.youtube.com\\\/user\\\/visitparnuestonia\\\/\",\"https:\\\/\\\/www.instagram.com\\\/visitparnu\\\/\"]}]}<\/script>\n<!-- \/ Yoast SEO plugin. -->","yoast_head_json":{"title":"Supeluse - Visit P\u00e4rnu","robots":{"index":"index","follow":"follow","max-snippet":"max-snippet:-1","max-image-preview":"max-image-preview:large","max-video-preview":"max-video-preview:-1"},"canonical":"https:\/\/visitparnu.com\/en\/supeluse-street\/","og_locale":"en_US","og_type":"article","og_title":"Supeluse - Visit P\u00e4rnu","og_description":"Pikk sirge Supeluse t\u00e4nav rajati algselt militaarvajadusi silmas pidades, kuna see viis linnast mere\u00e4\u00e4se rannakaitsepatareini. T\u00e4nava militaarne t\u00e4htsus v\u00e4henes 1830. aastatel, kui t\u00e4nava l\u00f5ppu rannakaitsepatarei endisse hoonesse rajati k\u00f5rts, mis ehitati 1838. aastal \u00fcmber supelasutuseks. 1857. aastal rajati t\u00e4nava piirkonda suvem\u00f5is, mille 1867. aastal omandas von B\u00f6\u00f6ckede perekond. Seet\u00f5ttu tuntakse hoonekompleksi B\u00f6\u00f6ckenhofi suvem\u00f5isana. Esialgu asusid [&hellip;]","og_url":"https:\/\/visitparnu.com\/en\/supeluse-street\/","og_site_name":"Visit P\u00e4rnu","article_publisher":"https:\/\/www.facebook.com\/visitparnuEE\/","article_modified_time":"2026-02-03T05:19:26+00:00","twitter_card":"summary_large_image","twitter_misc":{"Est. reading time":"1 minute"},"schema":{"@context":"https:\/\/schema.org","@graph":[{"@type":"WebPage","@id":"https:\/\/visitparnu.com\/en\/supeluse-street\/","url":"https:\/\/visitparnu.com\/en\/supeluse-street\/","name":"Supeluse - Visit P\u00e4rnu","isPartOf":{"@id":"https:\/\/visitparnu.com\/en\/#website"},"datePublished":"2025-04-06T08:31:17+00:00","dateModified":"2026-02-03T05:19:26+00:00","breadcrumb":{"@id":"https:\/\/visitparnu.com\/en\/supeluse-street\/#breadcrumb"},"inLanguage":"en-US","potentialAction":[{"@type":"ReadAction","target":["https:\/\/visitparnu.com\/en\/supeluse-street\/"]}]},{"@type":"BreadcrumbList","@id":"https:\/\/visitparnu.com\/en\/supeluse-street\/#breadcrumb","itemListElement":[{"@type":"ListItem","position":1,"name":"","item":"https:\/\/visitparnu.com\/en\/"},{"@type":"ListItem","position":2,"name":"Supeluse"}]},{"@type":"WebSite","@id":"https:\/\/visitparnu.com\/en\/#website","url":"https:\/\/visitparnu.com\/en\/","name":"Visit P\u00e4rnu","description":"","publisher":{"@id":"https:\/\/visitparnu.com\/en\/#organization"},"potentialAction":[{"@type":"SearchAction","target":{"@type":"EntryPoint","urlTemplate":"https:\/\/visitparnu.com\/en\/?s={search_term_string}"},"query-input":{"@type":"PropertyValueSpecification","valueRequired":true,"valueName":"search_term_string"}}],"inLanguage":"en-US"},{"@type":"Organization","@id":"https:\/\/visitparnu.com\/en\/#organization","name":"Visit P\u00e4rnu","url":"https:\/\/visitparnu.com\/en\/","logo":{"@type":"ImageObject","inLanguage":"en-US","@id":"https:\/\/visitparnu.com\/en\/#\/schema\/logo\/image\/","url":"https:\/\/visitparnu.com\/wp-content\/uploads\/2022\/11\/VP_logo.svg","contentUrl":"https:\/\/visitparnu.com\/wp-content\/uploads\/2022\/11\/VP_logo.svg","width":305,"height":33,"caption":"Visit P\u00e4rnu"},"image":{"@id":"https:\/\/visitparnu.com\/en\/#\/schema\/logo\/image\/"},"sameAs":["https:\/\/www.facebook.com\/visitparnuEE\/","https:\/\/www.youtube.com\/user\/visitparnuestonia\/","https:\/\/www.instagram.com\/visitparnu\/"]}]}},"_links":{"self":[{"href":"https:\/\/visitparnu.com\/en\/wp-json\/wp\/v2\/pages\/5068167","targetHints":{"allow":["GET"]}}],"collection":[{"href":"https:\/\/visitparnu.com\/en\/wp-json\/wp\/v2\/pages"}],"about":[{"href":"https:\/\/visitparnu.com\/en\/wp-json\/wp\/v2\/types\/page"}],"author":[{"embeddable":true,"href":"https:\/\/visitparnu.com\/en\/wp-json\/wp\/v2\/users\/15"}],"replies":[{"embeddable":true,"href":"https:\/\/visitparnu.com\/en\/wp-json\/wp\/v2\/comments?post=5068167"}],"version-history":[{"count":1,"href":"https:\/\/visitparnu.com\/en\/wp-json\/wp\/v2\/pages\/5068167\/revisions"}],"predecessor-version":[{"id":5068168,"href":"https:\/\/visitparnu.com\/en\/wp-json\/wp\/v2\/pages\/5068167\/revisions\/5068168"}],"wp:attachment":[{"href":"https:\/\/visitparnu.com\/en\/wp-json\/wp\/v2\/media?parent=5068167"}],"curies":[{"name":"wp","href":"https:\/\/api.w.org\/{rel}","templated":true}]}}