{"id":5063969,"date":"2025-10-25T14:50:28","date_gmt":"2025-10-25T12:50:28","guid":{"rendered":"https:\/\/visitparnu.com\/?page_id=5063969"},"modified":"2025-10-27T10:12:47","modified_gmt":"2025-10-27T08:12:47","slug":"sindi-manor-and-welfare-institutions","status":"publish","type":"page","link":"https:\/\/visitparnu.com\/en\/paikuse-history-trail\/sindi-manor-and-welfare-institutions\/","title":{"rendered":"Sindi Manor and welfare institutions"},"content":{"rendered":"\t\t<div data-elementor-type=\"wp-page\" data-elementor-id=\"5063969\" class=\"elementor elementor-5063969\" data-elementor-post-type=\"page\">\n\t\t\t\t<div class=\"elementor-element elementor-element-7ad96e4 e-flex e-con-boxed e-con e-parent\" data-id=\"7ad96e4\" data-element_type=\"container\" data-e-type=\"container\">\n\t\t\t\t\t<div class=\"e-con-inner\">\n\t\t\t\t<div class=\"elementor-element elementor-element-44d3c7e elementor-widget elementor-widget-heading\" data-id=\"44d3c7e\" data-element_type=\"widget\" data-e-type=\"widget\" data-widget_type=\"heading.default\">\n\t\t\t\t\t<h2 class=\"elementor-heading-title elementor-size-default\">Sindi Manor and welfare institutions<\/h2>\t\t\t\t<\/div>\n\t\t\t\t\t<\/div>\n\t\t\t\t<\/div>\n\t\t<div class=\"elementor-element elementor-element-1aab966 e-flex e-con-boxed e-con e-parent\" data-id=\"1aab966\" data-element_type=\"container\" data-e-type=\"container\">\n\t\t\t\t\t<div class=\"e-con-inner\">\n\t\t<div class=\"elementor-element elementor-element-cda40ed e-con-full e-flex e-con e-child\" data-id=\"cda40ed\" data-element_type=\"container\" data-e-type=\"container\">\n\t\t\t\t<div class=\"elementor-element elementor-element-2684614 elementor-widget elementor-widget-text-editor\" data-id=\"2684614\" data-element_type=\"widget\" data-e-type=\"widget\" data-widget_type=\"text-editor.default\">\n\t\t\t\t\t\t\t\t\t<p class=\"p1\">This manor takes its name from P\u00e4rnu town councillor <b>Claus Zinte<\/b>, who in 1565 received lands along the P\u00e4rnu River from King Sigismund II Augustus of Poland, most likely as a reward for his role in a conspiracy against the Swedish garrison during the struggle for control of P\u00e4rnu. The estate later passed to Zinte\u2019s son, Conrad, and came to be known by their family name as Zintenhof, or <b>Sindi Manor<\/b> in Estonian.<\/p><p class=\"p1\">The manor changed owners several times in the following centuries, being leased in 1832 to <b>Johann Christoph W\u00f6hrmann<\/b>, a Riga-born merchant and industrialist. Originally from L\u00fcbeck, the W\u00f6hrmann family retained the manor until the end of the century. W\u00f6hrmann\u2019s most significant contribution was the establishment of a cloth factory, built in 1834, on the lands of the former village of Saia, which belonged to the manor. The settlement that grew up around the factory adopted the manor\u2019s name and is still known today as the town of Sindi.<\/p><p class=\"p1\">In 1860, Johann Christoph\u2019s son, Christian Heinrich W\u00f6hrmann, purchased Sindi Manor outright from the state, having previously leased it. Alongside the cloth factory, he turned greater attention to developing the estate itself, establishing several auxiliary manors in the surrounding area. In 1893 Sindi Manor was sold at public auction to the land councillor <b>Wilhelm Stael von Holstein<\/b>, from whom in turn Sindi, W\u00f6hrmannshof and<\/p>\t\t\t\t\t\t\t\t<\/div>\n\t\t\t\t<div class=\"elementor-element elementor-element-4aed033 elementor-widget elementor-widget-image\" data-id=\"4aed033\" data-element_type=\"widget\" data-e-type=\"widget\" data-widget_type=\"image.default\">\n\t\t\t\t\t\t\t\t\t\t\t\t\t\t\t<img fetchpriority=\"high\" decoding=\"async\" width=\"945\" height=\"629\" src=\"https:\/\/visitparnu.com\/wp-content\/uploads\/2025\/10\/10-001.jpg\" class=\"attachment-large size-large wp-image-5063974\" alt=\"\" srcset=\"https:\/\/visitparnu.com\/wp-content\/uploads\/2025\/10\/10-001.jpg 945w, https:\/\/visitparnu.com\/wp-content\/uploads\/2025\/10\/10-001-300x200.jpg 300w, https:\/\/visitparnu.com\/wp-content\/uploads\/2025\/10\/10-001-768x511.jpg 768w\" sizes=\"(max-width: 945px) 100vw, 945px\" \/>\t\t\t\t\t\t\t\t\t\t\t\t\t\t\t<\/div>\n\t\t\t\t<\/div>\n\t\t<div class=\"elementor-element elementor-element-4b0f9b3 e-con-full e-flex e-con e-child\" data-id=\"4b0f9b3\" data-element_type=\"container\" data-e-type=\"container\">\n\t\t\t\t<div class=\"elementor-element elementor-element-b7cfb4b elementor-widget elementor-widget-text-editor\" data-id=\"b7cfb4b\" data-element_type=\"widget\" data-e-type=\"widget\" data-widget_type=\"text-editor.default\">\n\t\t\t\t\t\t\t\t\t<h3 class=\"p1\"><b>Building a shelter in the heart of the manor house<\/b><\/h3><p class=\"p1\">In 1919 the manor was nationalised and its lands divided up into settlement farms. The county government also planned to establish a <b>children\u2019s shelter<\/b> in the manor. However, this took some time to open, and required quite a lot of investment, as the old manor buildings were in very poor condition. With state funding, around half of the main manor house was renovated by 1922, allowing the first eight children to be accommodated there. Admission to the Sindi orphanage was arranged through municipal councils, and the home accepted children aged 4-16.<\/p><p class=\"p1\">In 1925, reorganisation was undertaken: the <b>P\u00e4rnu County Shelter for the Feebleminded<\/b>, which was facing a shortage of space in Voltveti, was relocated to Sindi Manor, while the children\u2019s home moved to Voltveti. The manor now became a home for those unable to care for themselves. In addition to the main house, the former manor barn was converted for residents\u2019 use, becoming the so-called \u201cwomen\u2019s house\u201d.<\/p><p class=\"p1\">The institution continued to operate during the Soviet era under the name of the <b>Sindi Home for the Disabled<\/b> (also known as the Sindi Psychochronic Home), and was transferred in its entirety from there to Koluvere in 1963.<\/p><p class=\"p1\">The empty rooms of the former shelter were used to establish <b>Sindi Special Vocational School No. 35<\/b>, based on the former P\u00e4rnu Juvenile Colony. Operating from 1965-1990, the school provided vocational training for adolescents aged 14-18 with behavioural difficulties, initially in metalworking and later also in painting and woodworking.<\/p>\t\t\t\t\t\t\t\t<\/div>\n\t\t\t\t<\/div>\n\t\t<div class=\"elementor-element elementor-element-675651c e-con-full e-flex e-con e-child\" data-id=\"675651c\" data-element_type=\"container\" data-e-type=\"container\">\n\t\t\t\t<div class=\"elementor-element elementor-element-bc76bc5 elementor-widget elementor-widget-image\" data-id=\"bc76bc5\" data-element_type=\"widget\" data-e-type=\"widget\" data-widget_type=\"image.default\">\n\t\t\t\t\t\t\t\t\t\t\t\t<figure class=\"wp-caption\">\n\t\t\t\t\t\t\t\t\t\t\t<a href=\"https:\/\/visitparnu.com\/wp-content\/uploads\/2025\/10\/10-002.jpg\" data-elementor-open-lightbox=\"yes\" data-elementor-lightbox-title=\"10-002\" data-elementor-lightbox-description=\"10-002\" data-e-action-hash=\"#elementor-action%3Aaction%3Dlightbox%26settings%3DeyJpZCI6NTA2Mzk3NSwidXJsIjoiaHR0cHM6XC9cL3Zpc2l0cGFybnUuY29tXC93cC1jb250ZW50XC91cGxvYWRzXC8yMDI1XC8xMFwvMTAtMDAyLmpwZyJ9\">\n\t\t\t\t\t\t\t<img decoding=\"async\" width=\"945\" height=\"629\" src=\"https:\/\/visitparnu.com\/wp-content\/uploads\/2025\/10\/10-002.jpg\" class=\"attachment-large size-large wp-image-5063975\" alt=\"\" srcset=\"https:\/\/visitparnu.com\/wp-content\/uploads\/2025\/10\/10-002.jpg 945w, https:\/\/visitparnu.com\/wp-content\/uploads\/2025\/10\/10-002-300x200.jpg 300w, https:\/\/visitparnu.com\/wp-content\/uploads\/2025\/10\/10-002-768x511.jpg 768w\" sizes=\"(max-width: 945px) 100vw, 945px\" \/>\t\t\t\t\t\t\t\t<\/a>\n\t\t\t\t\t\t\t\t\t\t\t<figcaption class=\"widget-image-caption wp-caption-text\">The former Sindi Home for the Disabled, housed in the main building of the former Sindi Manor around 1957, was renovated for the vocational school. By 1965 it was serving as a school building and then as a dormitory from 1972. Photocopy from the Seljametsa Museum collection<\/figcaption>\n\t\t\t\t\t\t\t\t\t\t<\/figure>\n\t\t\t\t\t\t\t\t\t<\/div>\n\t\t\t\t<div class=\"elementor-element elementor-element-b3d6beb elementor-widget elementor-widget-image\" data-id=\"b3d6beb\" data-element_type=\"widget\" data-e-type=\"widget\" data-widget_type=\"image.default\">\n\t\t\t\t\t\t\t\t\t\t\t\t<figure class=\"wp-caption\">\n\t\t\t\t\t\t\t\t\t\t\t<a href=\"https:\/\/visitparnu.com\/wp-content\/uploads\/2025\/10\/10-003.jpg\" data-elementor-open-lightbox=\"yes\" data-elementor-lightbox-title=\"10-003\" data-elementor-lightbox-description=\"10-003\" data-e-action-hash=\"#elementor-action%3Aaction%3Dlightbox%26settings%3DeyJpZCI6NTA2Mzk3NiwidXJsIjoiaHR0cHM6XC9cL3Zpc2l0cGFybnUuY29tXC93cC1jb250ZW50XC91cGxvYWRzXC8yMDI1XC8xMFwvMTAtMDAzLmpwZyJ9\">\n\t\t\t\t\t\t\t<img decoding=\"async\" width=\"945\" height=\"629\" src=\"https:\/\/visitparnu.com\/wp-content\/uploads\/2025\/10\/10-003.jpg\" class=\"attachment-large size-large wp-image-5063976\" alt=\"\" srcset=\"https:\/\/visitparnu.com\/wp-content\/uploads\/2025\/10\/10-003.jpg 945w, https:\/\/visitparnu.com\/wp-content\/uploads\/2025\/10\/10-003-300x200.jpg 300w, https:\/\/visitparnu.com\/wp-content\/uploads\/2025\/10\/10-003-768x511.jpg 768w\" sizes=\"(max-width: 945px) 100vw, 945px\" \/>\t\t\t\t\t\t\t\t<\/a>\n\t\t\t\t\t\t\t\t\t\t\t<figcaption class=\"widget-image-caption wp-caption-text\">Residents of the shelter for the intellectually disabled were also assigned to perform simple chores. Photographic postcard from the Seljametsa Museum collection<\/figcaption>\n\t\t\t\t\t\t\t\t\t\t<\/figure>\n\t\t\t\t\t\t\t\t\t<\/div>\n\t\t\t\t<div class=\"elementor-element elementor-element-3331944 elementor-widget elementor-widget-image\" data-id=\"3331944\" data-element_type=\"widget\" data-e-type=\"widget\" data-widget_type=\"image.default\">\n\t\t\t\t\t\t\t\t\t\t\t\t<figure class=\"wp-caption\">\n\t\t\t\t\t\t\t\t\t\t\t<a href=\"https:\/\/visitparnu.com\/wp-content\/uploads\/2025\/10\/10-004.jpg\" data-elementor-open-lightbox=\"yes\" data-elementor-lightbox-title=\"10-004\" data-elementor-lightbox-description=\"10-004\" data-e-action-hash=\"#elementor-action%3Aaction%3Dlightbox%26settings%3DeyJpZCI6NTA2Mzk3NywidXJsIjoiaHR0cHM6XC9cL3Zpc2l0cGFybnUuY29tXC93cC1jb250ZW50XC91cGxvYWRzXC8yMDI1XC8xMFwvMTAtMDA0LmpwZyJ9\">\n\t\t\t\t\t\t\t<img loading=\"lazy\" decoding=\"async\" width=\"945\" height=\"629\" src=\"https:\/\/visitparnu.com\/wp-content\/uploads\/2025\/10\/10-004.jpg\" class=\"attachment-large size-large wp-image-5063977\" alt=\"\" srcset=\"https:\/\/visitparnu.com\/wp-content\/uploads\/2025\/10\/10-004.jpg 945w, https:\/\/visitparnu.com\/wp-content\/uploads\/2025\/10\/10-004-300x200.jpg 300w, https:\/\/visitparnu.com\/wp-content\/uploads\/2025\/10\/10-004-768x511.jpg 768w\" sizes=\"(max-width: 945px) 100vw, 945px\" \/>\t\t\t\t\t\t\t\t<\/a>\n\t\t\t\t\t\t\t\t\t\t\t<figcaption class=\"widget-image-caption wp-caption-text\">Sindi vocational school students in 1967 undergoing training under Master Pavelson. Photo from the Seljametsa Museum collection<\/figcaption>\n\t\t\t\t\t\t\t\t\t\t<\/figure>\n\t\t\t\t\t\t\t\t\t<\/div>\n\t\t\t\t<\/div>\n\t\t\t\t\t<\/div>\n\t\t\t\t<\/div>\n\t\t\t\t<\/div>\n\t\t","protected":false},"excerpt":{"rendered":"<p>Sindi Manor and welfare institutions This manor takes its name from P\u00e4rnu town councillor Claus Zinte, who in 1565 received lands along the P\u00e4rnu River from King Sigismund II Augustus of Poland, most likely as a reward for his role in a conspiracy against the Swedish garrison during the struggle for control of P\u00e4rnu. The [&hellip;]<\/p>\n","protected":false},"author":15,"featured_media":0,"parent":5063628,"menu_order":9,"comment_status":"closed","ping_status":"closed","template":"elementor_header_footer","meta":{"_acf_changed":false,"footnotes":""},"class_list":["post-5063969","page","type-page","status-publish","hentry"],"acf":[],"yoast_head":"<!-- This site is optimized with the Yoast SEO plugin v27.5 - https:\/\/yoast.com\/product\/yoast-seo-wordpress\/ -->\n<title>Sindi Manor and welfare institutions - Visit P\u00e4rnu<\/title>\n<meta name=\"robots\" content=\"index, follow, max-snippet:-1, max-image-preview:large, max-video-preview:-1\" \/>\n<link rel=\"canonical\" href=\"https:\/\/visitparnu.com\/en\/paikuse-history-trail\/sindi-manor-and-welfare-institutions\/\" \/>\n<meta property=\"og:locale\" content=\"en_US\" \/>\n<meta property=\"og:type\" content=\"article\" \/>\n<meta property=\"og:title\" content=\"Sindi Manor and welfare institutions - Visit P\u00e4rnu\" \/>\n<meta property=\"og:description\" content=\"Sindi Manor and welfare institutions This manor takes its name from P\u00e4rnu town councillor Claus Zinte, who in 1565 received lands along the P\u00e4rnu River from King Sigismund II Augustus of Poland, most likely as a reward for his role in a conspiracy against the Swedish garrison during the struggle for control of P\u00e4rnu. The [&hellip;]\" \/>\n<meta property=\"og:url\" content=\"https:\/\/visitparnu.com\/en\/paikuse-history-trail\/sindi-manor-and-welfare-institutions\/\" \/>\n<meta property=\"og:site_name\" content=\"Visit P\u00e4rnu\" \/>\n<meta property=\"article:publisher\" content=\"https:\/\/www.facebook.com\/visitparnuEE\/\" \/>\n<meta property=\"article:modified_time\" content=\"2025-10-27T08:12:47+00:00\" \/>\n<meta property=\"og:image\" content=\"https:\/\/visitparnu.com\/wp-content\/uploads\/2025\/10\/10-001.jpg\" \/>\n<meta name=\"twitter:card\" content=\"summary_large_image\" \/>\n<meta name=\"twitter:label1\" content=\"Est. reading time\" \/>\n\t<meta name=\"twitter:data1\" content=\"4 minutes\" \/>\n<script type=\"application\/ld+json\" class=\"yoast-schema-graph\">{\"@context\":\"https:\\\/\\\/schema.org\",\"@graph\":[{\"@type\":\"WebPage\",\"@id\":\"https:\\\/\\\/visitparnu.com\\\/en\\\/paikuse-history-trail\\\/sindi-manor-and-welfare-institutions\\\/\",\"url\":\"https:\\\/\\\/visitparnu.com\\\/en\\\/paikuse-history-trail\\\/sindi-manor-and-welfare-institutions\\\/\",\"name\":\"Sindi Manor and welfare institutions - Visit P\u00e4rnu\",\"isPartOf\":{\"@id\":\"https:\\\/\\\/visitparnu.com\\\/en\\\/#website\"},\"primaryImageOfPage\":{\"@id\":\"https:\\\/\\\/visitparnu.com\\\/en\\\/paikuse-history-trail\\\/sindi-manor-and-welfare-institutions\\\/#primaryimage\"},\"image\":{\"@id\":\"https:\\\/\\\/visitparnu.com\\\/en\\\/paikuse-history-trail\\\/sindi-manor-and-welfare-institutions\\\/#primaryimage\"},\"thumbnailUrl\":\"https:\\\/\\\/visitparnu.com\\\/wp-content\\\/uploads\\\/2025\\\/10\\\/10-001.jpg\",\"datePublished\":\"2025-10-25T12:50:28+00:00\",\"dateModified\":\"2025-10-27T08:12:47+00:00\",\"breadcrumb\":{\"@id\":\"https:\\\/\\\/visitparnu.com\\\/en\\\/paikuse-history-trail\\\/sindi-manor-and-welfare-institutions\\\/#breadcrumb\"},\"inLanguage\":\"en-US\",\"potentialAction\":[{\"@type\":\"ReadAction\",\"target\":[\"https:\\\/\\\/visitparnu.com\\\/en\\\/paikuse-history-trail\\\/sindi-manor-and-welfare-institutions\\\/\"]}]},{\"@type\":\"ImageObject\",\"inLanguage\":\"en-US\",\"@id\":\"https:\\\/\\\/visitparnu.com\\\/en\\\/paikuse-history-trail\\\/sindi-manor-and-welfare-institutions\\\/#primaryimage\",\"url\":\"https:\\\/\\\/visitparnu.com\\\/wp-content\\\/uploads\\\/2025\\\/10\\\/10-001.jpg\",\"contentUrl\":\"https:\\\/\\\/visitparnu.com\\\/wp-content\\\/uploads\\\/2025\\\/10\\\/10-001.jpg\"},{\"@type\":\"BreadcrumbList\",\"@id\":\"https:\\\/\\\/visitparnu.com\\\/en\\\/paikuse-history-trail\\\/sindi-manor-and-welfare-institutions\\\/#breadcrumb\",\"itemListElement\":[{\"@type\":\"ListItem\",\"position\":1,\"name\":\"\",\"item\":\"https:\\\/\\\/visitparnu.com\\\/en\\\/\"},{\"@type\":\"ListItem\",\"position\":2,\"name\":\"Paikuse\",\"item\":\"https:\\\/\\\/visitparnu.com\\\/en\\\/paikuse-history\\\/\"},{\"@type\":\"ListItem\",\"position\":3,\"name\":\"Paikuse history trail intro\",\"item\":\"https:\\\/\\\/visitparnu.com\\\/en\\\/paikuse-history-trail\\\/\"},{\"@type\":\"ListItem\",\"position\":4,\"name\":\"Sindi Manor and welfare institutions\"}]},{\"@type\":\"WebSite\",\"@id\":\"https:\\\/\\\/visitparnu.com\\\/en\\\/#website\",\"url\":\"https:\\\/\\\/visitparnu.com\\\/en\\\/\",\"name\":\"Visit P\u00e4rnu\",\"description\":\"\",\"publisher\":{\"@id\":\"https:\\\/\\\/visitparnu.com\\\/en\\\/#organization\"},\"potentialAction\":[{\"@type\":\"SearchAction\",\"target\":{\"@type\":\"EntryPoint\",\"urlTemplate\":\"https:\\\/\\\/visitparnu.com\\\/en\\\/?s={search_term_string}\"},\"query-input\":{\"@type\":\"PropertyValueSpecification\",\"valueRequired\":true,\"valueName\":\"search_term_string\"}}],\"inLanguage\":\"en-US\"},{\"@type\":\"Organization\",\"@id\":\"https:\\\/\\\/visitparnu.com\\\/en\\\/#organization\",\"name\":\"Visit P\u00e4rnu\",\"url\":\"https:\\\/\\\/visitparnu.com\\\/en\\\/\",\"logo\":{\"@type\":\"ImageObject\",\"inLanguage\":\"en-US\",\"@id\":\"https:\\\/\\\/visitparnu.com\\\/en\\\/#\\\/schema\\\/logo\\\/image\\\/\",\"url\":\"https:\\\/\\\/visitparnu.com\\\/wp-content\\\/uploads\\\/2022\\\/11\\\/VP_logo.svg\",\"contentUrl\":\"https:\\\/\\\/visitparnu.com\\\/wp-content\\\/uploads\\\/2022\\\/11\\\/VP_logo.svg\",\"width\":305,\"height\":33,\"caption\":\"Visit P\u00e4rnu\"},\"image\":{\"@id\":\"https:\\\/\\\/visitparnu.com\\\/en\\\/#\\\/schema\\\/logo\\\/image\\\/\"},\"sameAs\":[\"https:\\\/\\\/www.facebook.com\\\/visitparnuEE\\\/\",\"https:\\\/\\\/www.youtube.com\\\/user\\\/visitparnuestonia\\\/\",\"https:\\\/\\\/www.instagram.com\\\/visitparnu\\\/\"]}]}<\/script>\n<!-- \/ Yoast SEO plugin. -->","yoast_head_json":{"title":"Sindi Manor and welfare institutions - Visit P\u00e4rnu","robots":{"index":"index","follow":"follow","max-snippet":"max-snippet:-1","max-image-preview":"max-image-preview:large","max-video-preview":"max-video-preview:-1"},"canonical":"https:\/\/visitparnu.com\/en\/paikuse-history-trail\/sindi-manor-and-welfare-institutions\/","og_locale":"en_US","og_type":"article","og_title":"Sindi Manor and welfare institutions - Visit P\u00e4rnu","og_description":"Sindi Manor and welfare institutions This manor takes its name from P\u00e4rnu town councillor Claus Zinte, who in 1565 received lands along the P\u00e4rnu River from King Sigismund II Augustus of Poland, most likely as a reward for his role in a conspiracy against the Swedish garrison during the struggle for control of P\u00e4rnu. The [&hellip;]","og_url":"https:\/\/visitparnu.com\/en\/paikuse-history-trail\/sindi-manor-and-welfare-institutions\/","og_site_name":"Visit P\u00e4rnu","article_publisher":"https:\/\/www.facebook.com\/visitparnuEE\/","article_modified_time":"2025-10-27T08:12:47+00:00","og_image":[{"url":"https:\/\/visitparnu.com\/wp-content\/uploads\/2025\/10\/10-001.jpg","type":"","width":"","height":""}],"twitter_card":"summary_large_image","twitter_misc":{"Est. reading time":"4 minutes"},"schema":{"@context":"https:\/\/schema.org","@graph":[{"@type":"WebPage","@id":"https:\/\/visitparnu.com\/en\/paikuse-history-trail\/sindi-manor-and-welfare-institutions\/","url":"https:\/\/visitparnu.com\/en\/paikuse-history-trail\/sindi-manor-and-welfare-institutions\/","name":"Sindi Manor and welfare institutions - Visit P\u00e4rnu","isPartOf":{"@id":"https:\/\/visitparnu.com\/en\/#website"},"primaryImageOfPage":{"@id":"https:\/\/visitparnu.com\/en\/paikuse-history-trail\/sindi-manor-and-welfare-institutions\/#primaryimage"},"image":{"@id":"https:\/\/visitparnu.com\/en\/paikuse-history-trail\/sindi-manor-and-welfare-institutions\/#primaryimage"},"thumbnailUrl":"https:\/\/visitparnu.com\/wp-content\/uploads\/2025\/10\/10-001.jpg","datePublished":"2025-10-25T12:50:28+00:00","dateModified":"2025-10-27T08:12:47+00:00","breadcrumb":{"@id":"https:\/\/visitparnu.com\/en\/paikuse-history-trail\/sindi-manor-and-welfare-institutions\/#breadcrumb"},"inLanguage":"en-US","potentialAction":[{"@type":"ReadAction","target":["https:\/\/visitparnu.com\/en\/paikuse-history-trail\/sindi-manor-and-welfare-institutions\/"]}]},{"@type":"ImageObject","inLanguage":"en-US","@id":"https:\/\/visitparnu.com\/en\/paikuse-history-trail\/sindi-manor-and-welfare-institutions\/#primaryimage","url":"https:\/\/visitparnu.com\/wp-content\/uploads\/2025\/10\/10-001.jpg","contentUrl":"https:\/\/visitparnu.com\/wp-content\/uploads\/2025\/10\/10-001.jpg"},{"@type":"BreadcrumbList","@id":"https:\/\/visitparnu.com\/en\/paikuse-history-trail\/sindi-manor-and-welfare-institutions\/#breadcrumb","itemListElement":[{"@type":"ListItem","position":1,"name":"","item":"https:\/\/visitparnu.com\/en\/"},{"@type":"ListItem","position":2,"name":"Paikuse","item":"https:\/\/visitparnu.com\/en\/paikuse-history\/"},{"@type":"ListItem","position":3,"name":"Paikuse history trail intro","item":"https:\/\/visitparnu.com\/en\/paikuse-history-trail\/"},{"@type":"ListItem","position":4,"name":"Sindi Manor and welfare institutions"}]},{"@type":"WebSite","@id":"https:\/\/visitparnu.com\/en\/#website","url":"https:\/\/visitparnu.com\/en\/","name":"Visit P\u00e4rnu","description":"","publisher":{"@id":"https:\/\/visitparnu.com\/en\/#organization"},"potentialAction":[{"@type":"SearchAction","target":{"@type":"EntryPoint","urlTemplate":"https:\/\/visitparnu.com\/en\/?s={search_term_string}"},"query-input":{"@type":"PropertyValueSpecification","valueRequired":true,"valueName":"search_term_string"}}],"inLanguage":"en-US"},{"@type":"Organization","@id":"https:\/\/visitparnu.com\/en\/#organization","name":"Visit P\u00e4rnu","url":"https:\/\/visitparnu.com\/en\/","logo":{"@type":"ImageObject","inLanguage":"en-US","@id":"https:\/\/visitparnu.com\/en\/#\/schema\/logo\/image\/","url":"https:\/\/visitparnu.com\/wp-content\/uploads\/2022\/11\/VP_logo.svg","contentUrl":"https:\/\/visitparnu.com\/wp-content\/uploads\/2022\/11\/VP_logo.svg","width":305,"height":33,"caption":"Visit P\u00e4rnu"},"image":{"@id":"https:\/\/visitparnu.com\/en\/#\/schema\/logo\/image\/"},"sameAs":["https:\/\/www.facebook.com\/visitparnuEE\/","https:\/\/www.youtube.com\/user\/visitparnuestonia\/","https:\/\/www.instagram.com\/visitparnu\/"]}]}},"_links":{"self":[{"href":"https:\/\/visitparnu.com\/en\/wp-json\/wp\/v2\/pages\/5063969","targetHints":{"allow":["GET"]}}],"collection":[{"href":"https:\/\/visitparnu.com\/en\/wp-json\/wp\/v2\/pages"}],"about":[{"href":"https:\/\/visitparnu.com\/en\/wp-json\/wp\/v2\/types\/page"}],"author":[{"embeddable":true,"href":"https:\/\/visitparnu.com\/en\/wp-json\/wp\/v2\/users\/15"}],"replies":[{"embeddable":true,"href":"https:\/\/visitparnu.com\/en\/wp-json\/wp\/v2\/comments?post=5063969"}],"version-history":[{"count":15,"href":"https:\/\/visitparnu.com\/en\/wp-json\/wp\/v2\/pages\/5063969\/revisions"}],"predecessor-version":[{"id":5066185,"href":"https:\/\/visitparnu.com\/en\/wp-json\/wp\/v2\/pages\/5063969\/revisions\/5066185"}],"up":[{"embeddable":true,"href":"https:\/\/visitparnu.com\/en\/wp-json\/wp\/v2\/pages\/5063628"}],"wp:attachment":[{"href":"https:\/\/visitparnu.com\/en\/wp-json\/wp\/v2\/media?parent=5063969"}],"curies":[{"name":"wp","href":"https:\/\/api.w.org\/{rel}","templated":true}]}}