{"id":5063648,"date":"2025-10-24T12:00:28","date_gmt":"2025-10-24T10:00:28","guid":{"rendered":"https:\/\/visitparnu.com\/parnu-ept-elamurajoon\/"},"modified":"2025-10-27T10:12:24","modified_gmt":"2025-10-27T08:12:24","slug":"parnu-ept-residential-area","status":"publish","type":"page","link":"https:\/\/visitparnu.com\/en\/paikuse-history-trail\/parnu-ept-residential-area\/","title":{"rendered":"P\u00e4rnu EPT residential area"},"content":{"rendered":"\t\t<div data-elementor-type=\"wp-page\" data-elementor-id=\"5063648\" class=\"elementor elementor-5063648\" data-elementor-post-type=\"page\">\n\t\t\t\t<div class=\"elementor-element elementor-element-f1fbda3 e-flex e-con-boxed e-con e-parent\" data-id=\"f1fbda3\" data-element_type=\"container\" data-e-type=\"container\">\n\t\t\t\t\t<div class=\"e-con-inner\">\n\t\t\t\t<div class=\"elementor-element elementor-element-689bed1 elementor-widget elementor-widget-heading\" data-id=\"689bed1\" data-element_type=\"widget\" data-e-type=\"widget\" data-widget_type=\"heading.default\">\n\t\t\t\t\t<h1 class=\"elementor-heading-title elementor-size-default\">P\u00e4rnu EPT residential area<\/h1>\t\t\t\t<\/div>\n\t\t\t\t<div class=\"elementor-element elementor-element-437af75 elementor-widget elementor-widget-heading\" data-id=\"437af75\" data-element_type=\"widget\" data-e-type=\"widget\" data-widget_type=\"heading.default\">\n\t\t\t\t\t<h2 class=\"elementor-heading-title elementor-size-default\">Settlement of land development workers and mechanisation specialists<\/h2>\t\t\t\t<\/div>\n\t\t\t\t\t<\/div>\n\t\t\t\t<\/div>\n\t\t<div class=\"elementor-element elementor-element-ef9d965 e-flex e-con-boxed e-con e-parent\" data-id=\"ef9d965\" data-element_type=\"container\" data-e-type=\"container\">\n\t\t\t\t\t<div class=\"e-con-inner\">\n\t\t<div class=\"elementor-element elementor-element-11978f4 e-con-full e-flex e-con e-child\" data-id=\"11978f4\" data-element_type=\"container\" data-e-type=\"container\">\n\t\t\t\t<div class=\"elementor-element elementor-element-0c37860 elementor-widget elementor-widget-text-editor\" data-id=\"0c37860\" data-element_type=\"widget\" data-e-type=\"widget\" data-widget_type=\"text-editor.default\">\n\t\t\t\t\t\t\t\t\t<p class=\"p1\">In 1970, the P\u00e4rnu <b>Experimental Land Development Unit<\/b> was established on the basis of the production facilities of the P\u00e4rnu Land Development Administration in Paikuse, which was merged with the P\u00e4rnu District Association of Estonian Agricultural Machinery (P\u00e4rnu <b>EPT<\/b>) in 1973. It was also decided to relocate the office and the management of this large company, which operated throughout P\u00e4rnu County, from its existing location in P\u00e4rnu-Jaagupi to Paikuse.<\/p>\t\t\t\t\t\t\t\t<\/div>\n\t\t\t\t<div class=\"elementor-element elementor-element-a06cd62 elementor-widget elementor-widget-image\" data-id=\"a06cd62\" data-element_type=\"widget\" data-e-type=\"widget\" data-widget_type=\"image.default\">\n\t\t\t\t\t\t\t\t\t\t\t\t<figure class=\"wp-caption\">\n\t\t\t\t\t\t\t\t\t\t\t<a href=\"https:\/\/visitparnu.com\/wp-content\/uploads\/2025\/10\/9-002.jpg\" data-elementor-open-lightbox=\"yes\" data-elementor-lightbox-title=\"9-002\" data-elementor-lightbox-description=\"9-002\" data-e-action-hash=\"#elementor-action%3Aaction%3Dlightbox%26settings%3DeyJpZCI6NTA2Mzk0NSwidXJsIjoiaHR0cHM6XC9cL3Zpc2l0cGFybnUuY29tXC93cC1jb250ZW50XC91cGxvYWRzXC8yMDI1XC8xMFwvOS0wMDIuanBnIn0%3D\">\n\t\t\t\t\t\t\t<img fetchpriority=\"high\" decoding=\"async\" width=\"945\" height=\"629\" src=\"https:\/\/visitparnu.com\/wp-content\/uploads\/2025\/10\/9-002.jpg\" class=\"attachment-large size-large wp-image-5063945\" alt=\"\" srcset=\"https:\/\/visitparnu.com\/wp-content\/uploads\/2025\/10\/9-002.jpg 945w, https:\/\/visitparnu.com\/wp-content\/uploads\/2025\/10\/9-002-300x200.jpg 300w, https:\/\/visitparnu.com\/wp-content\/uploads\/2025\/10\/9-002-768x511.jpg 768w\" sizes=\"(max-width: 945px) 100vw, 945px\" \/>\t\t\t\t\t\t\t\t<\/a>\n\t\t\t\t\t\t\t\t\t\t\t<figcaption class=\"widget-image-caption wp-caption-text\">EPT car repair hangars in Paikuse Photo from the P\u00e4rnu Museum collection<\/figcaption>\n\t\t\t\t\t\t\t\t\t\t<\/figure>\n\t\t\t\t\t\t\t\t\t<\/div>\n\t\t\t\t<div class=\"elementor-element elementor-element-91c4466 elementor-widget elementor-widget-text-editor\" data-id=\"91c4466\" data-element_type=\"widget\" data-e-type=\"widget\" data-widget_type=\"text-editor.default\">\n\t\t\t\t\t\t\t\t\t<p class=\"p2\">Paikuse then began to develop as a population centre, forming a settlement for mechanisation specialists and land development workers where a residential district of apartment buildings was established. The first apartment blocks, each with 18 flats, were built in 1972 by P\u00e4rnu KEK. Over the course of a couple of decades, this district grew to include more than 200 apartments, mainly home to young families.<\/p>\t\t\t\t\t\t\t\t<\/div>\n\t\t\t\t<div class=\"elementor-element elementor-element-487da7a elementor-widget elementor-widget-image\" data-id=\"487da7a\" data-element_type=\"widget\" data-e-type=\"widget\" data-widget_type=\"image.default\">\n\t\t\t\t\t\t\t\t\t\t\t\t<figure class=\"wp-caption\">\n\t\t\t\t\t\t\t\t\t\t<img decoding=\"async\" width=\"945\" height=\"629\" src=\"https:\/\/visitparnu.com\/wp-content\/uploads\/2025\/10\/9-001.jpg\" class=\"attachment-large size-large wp-image-5063944\" alt=\"\" srcset=\"https:\/\/visitparnu.com\/wp-content\/uploads\/2025\/10\/9-001.jpg 945w, https:\/\/visitparnu.com\/wp-content\/uploads\/2025\/10\/9-001-300x200.jpg 300w, https:\/\/visitparnu.com\/wp-content\/uploads\/2025\/10\/9-001-768x511.jpg 768w\" sizes=\"(max-width: 945px) 100vw, 945px\" \/>\t\t\t\t\t\t\t\t\t\t\t<figcaption class=\"widget-image-caption wp-caption-text\">In 1976, a new office building was built for P\u00e4rnu EPT. Since 1996 the building has been home to Paikuse Elementary School. Photo from the P\u00e4rnu Museum collection<\/figcaption>\n\t\t\t\t\t\t\t\t\t\t<\/figure>\n\t\t\t\t\t\t\t\t\t<\/div>\n\t\t\t\t<\/div>\n\t\t<div class=\"elementor-element elementor-element-7363cb1 e-con-full e-flex e-con e-child\" data-id=\"7363cb1\" data-element_type=\"container\" data-e-type=\"container\">\n\t\t\t\t<div class=\"elementor-element elementor-element-4b9d43b elementor-widget elementor-widget-image\" data-id=\"4b9d43b\" data-element_type=\"widget\" data-e-type=\"widget\" data-widget_type=\"image.default\">\n\t\t\t\t\t\t\t\t\t\t\t\t<figure class=\"wp-caption\">\n\t\t\t\t\t\t\t\t\t\t\t<a href=\"https:\/\/visitparnu.com\/wp-content\/uploads\/2025\/10\/9-003.jpg\" data-elementor-open-lightbox=\"yes\" data-elementor-lightbox-title=\"9-003\" data-elementor-lightbox-description=\"9-003\" data-e-action-hash=\"#elementor-action%3Aaction%3Dlightbox%26settings%3DeyJpZCI6NTA2Mzk0NiwidXJsIjoiaHR0cHM6XC9cL3Zpc2l0cGFybnUuY29tXC93cC1jb250ZW50XC91cGxvYWRzXC8yMDI1XC8xMFwvOS0wMDMuanBnIn0%3D\">\n\t\t\t\t\t\t\t<img decoding=\"async\" width=\"945\" height=\"629\" src=\"https:\/\/visitparnu.com\/wp-content\/uploads\/2025\/10\/9-003.jpg\" class=\"attachment-large size-large wp-image-5063946\" alt=\"\" srcset=\"https:\/\/visitparnu.com\/wp-content\/uploads\/2025\/10\/9-003.jpg 945w, https:\/\/visitparnu.com\/wp-content\/uploads\/2025\/10\/9-003-300x200.jpg 300w, https:\/\/visitparnu.com\/wp-content\/uploads\/2025\/10\/9-003-768x511.jpg 768w\" sizes=\"(max-width: 945px) 100vw, 945px\" \/>\t\t\t\t\t\t\t\t<\/a>\n\t\t\t\t\t\t\t\t\t\t\t<figcaption class=\"widget-image-caption wp-caption-text\">Apartment building in Sindi-Lodja Heinrich Paalvelt\u2019s photo in the collection of the Estonian Agricultural Museum<\/figcaption>\n\t\t\t\t\t\t\t\t\t\t<\/figure>\n\t\t\t\t\t\t\t\t\t<\/div>\n\t\t\t\t<div class=\"elementor-element elementor-element-61b559f elementor-widget elementor-widget-text-editor\" data-id=\"61b559f\" data-element_type=\"widget\" data-e-type=\"widget\" data-widget_type=\"text-editor.default\">\n\t\t\t\t\t\t\t\t\t<h3 class=\"p1\"><b>Paikuse kindergarten<\/b><\/h3><p class=\"p1\">A kindergarten for 140 children was completed in 1981. It opened with four nursery groups for 100 children and two toddler groups for 40 children. Until 1991, the kindergarten was directly run by P\u00e4rnu EPT, after which responsibility was transferred to the local executive committee, the predecessor of the municipal government. From then on, places were guaranteed at the kindergarten for all children from Paikuse municipality, not just those whose parents worked for EPT.<\/p>\t\t\t\t\t\t\t\t<\/div>\n\t\t\t\t<div class=\"elementor-element elementor-element-439f899 elementor-widget elementor-widget-image\" data-id=\"439f899\" data-element_type=\"widget\" data-e-type=\"widget\" data-widget_type=\"image.default\">\n\t\t\t\t\t\t\t\t\t\t\t\t<figure class=\"wp-caption\">\n\t\t\t\t\t\t\t\t\t\t\t<a href=\"https:\/\/visitparnu.com\/wp-content\/uploads\/2025\/10\/9-004.jpg\" data-elementor-open-lightbox=\"yes\" data-elementor-lightbox-title=\"9-004\" data-elementor-lightbox-description=\"9-004\" data-e-action-hash=\"#elementor-action%3Aaction%3Dlightbox%26settings%3DeyJpZCI6NTA2Mzk0NywidXJsIjoiaHR0cHM6XC9cL3Zpc2l0cGFybnUuY29tXC93cC1jb250ZW50XC91cGxvYWRzXC8yMDI1XC8xMFwvOS0wMDQuanBnIn0%3D\">\n\t\t\t\t\t\t\t<img loading=\"lazy\" decoding=\"async\" width=\"945\" height=\"629\" src=\"https:\/\/visitparnu.com\/wp-content\/uploads\/2025\/10\/9-004.jpg\" class=\"attachment-large size-large wp-image-5063947\" alt=\"\" srcset=\"https:\/\/visitparnu.com\/wp-content\/uploads\/2025\/10\/9-004.jpg 945w, https:\/\/visitparnu.com\/wp-content\/uploads\/2025\/10\/9-004-300x200.jpg 300w, https:\/\/visitparnu.com\/wp-content\/uploads\/2025\/10\/9-004-768x511.jpg 768w\" sizes=\"(max-width: 945px) 100vw, 945px\" \/>\t\t\t\t\t\t\t\t<\/a>\n\t\t\t\t\t\t\t\t\t\t\t<figcaption class=\"widget-image-caption wp-caption-text\">Paikuse kindergarten<\/figcaption>\n\t\t\t\t\t\t\t\t\t\t<\/figure>\n\t\t\t\t\t\t\t\t\t<\/div>\n\t\t\t\t<div class=\"elementor-element elementor-element-0df4d5f elementor-widget elementor-widget-text-editor\" data-id=\"0df4d5f\" data-element_type=\"widget\" data-e-type=\"widget\" data-widget_type=\"text-editor.default\">\n\t\t\t\t\t\t\t\t\t<p class=\"p1\">As the population of this local government area close to the city grew rapidly in the early 2000s, the kindergarten soon faced a shortage of space.<\/p><p class=\"p1\">An extension was opened in autumn 2007, adding 80 new places, which made it possible to open parallel age groups.<\/p><p class=\"p1\">In January 2019, the Mesimumm and Seljametsa kindergartens were merged. Today, the Paikuse complex hosts 10 groups and the Seljametsa complex three, with a total of 265 children.<\/p>\t\t\t\t\t\t\t\t<\/div>\n\t\t\t\t<\/div>\n\t\t\t\t\t<\/div>\n\t\t\t\t<\/div>\n\t\t\t\t<\/div>\n\t\t","protected":false},"excerpt":{"rendered":"<p>P\u00e4rnu EPT residential area Settlement of land development workers and mechanisation specialists In 1970, the P\u00e4rnu Experimental Land Development Unit was established on the basis of the production facilities of the P\u00e4rnu Land Development Administration in Paikuse, which was merged with the P\u00e4rnu District Association of Estonian Agricultural Machinery (P\u00e4rnu EPT) in 1973. It was [&hellip;]<\/p>\n","protected":false},"author":15,"featured_media":0,"parent":5063628,"menu_order":8,"comment_status":"closed","ping_status":"closed","template":"elementor_header_footer","meta":{"_acf_changed":false,"footnotes":""},"class_list":["post-5063648","page","type-page","status-publish","hentry"],"acf":[],"yoast_head":"<!-- This site is optimized with the Yoast SEO plugin v27.5 - https:\/\/yoast.com\/product\/yoast-seo-wordpress\/ -->\n<title>P\u00e4rnu EPT residential area - Visit P\u00e4rnu<\/title>\n<meta name=\"robots\" content=\"index, follow, max-snippet:-1, max-image-preview:large, max-video-preview:-1\" \/>\n<link rel=\"canonical\" href=\"https:\/\/visitparnu.com\/en\/paikuse-history-trail\/parnu-ept-residential-area\/\" \/>\n<meta property=\"og:locale\" content=\"en_US\" \/>\n<meta property=\"og:type\" content=\"article\" \/>\n<meta property=\"og:title\" content=\"P\u00e4rnu EPT residential area - Visit P\u00e4rnu\" \/>\n<meta property=\"og:description\" content=\"P\u00e4rnu EPT residential area Settlement of land development workers and mechanisation specialists In 1970, the P\u00e4rnu Experimental Land Development Unit was established on the basis of the production facilities of the P\u00e4rnu Land Development Administration in Paikuse, which was merged with the P\u00e4rnu District Association of Estonian Agricultural Machinery (P\u00e4rnu EPT) in 1973. It was [&hellip;]\" \/>\n<meta property=\"og:url\" content=\"https:\/\/visitparnu.com\/en\/paikuse-history-trail\/parnu-ept-residential-area\/\" \/>\n<meta property=\"og:site_name\" content=\"Visit P\u00e4rnu\" \/>\n<meta property=\"article:publisher\" content=\"https:\/\/www.facebook.com\/visitparnuEE\/\" \/>\n<meta property=\"article:modified_time\" content=\"2025-10-27T08:12:24+00:00\" \/>\n<meta property=\"og:image\" content=\"https:\/\/visitparnu.com\/wp-content\/uploads\/2025\/10\/9-002.jpg\" \/>\n<meta name=\"twitter:card\" content=\"summary_large_image\" \/>\n<meta name=\"twitter:label1\" content=\"Est. reading time\" \/>\n\t<meta name=\"twitter:data1\" content=\"3 minutes\" \/>\n<script type=\"application\/ld+json\" class=\"yoast-schema-graph\">{\"@context\":\"https:\\\/\\\/schema.org\",\"@graph\":[{\"@type\":\"WebPage\",\"@id\":\"https:\\\/\\\/visitparnu.com\\\/en\\\/paikuse-history-trail\\\/parnu-ept-residential-area\\\/\",\"url\":\"https:\\\/\\\/visitparnu.com\\\/en\\\/paikuse-history-trail\\\/parnu-ept-residential-area\\\/\",\"name\":\"P\u00e4rnu EPT residential area - Visit P\u00e4rnu\",\"isPartOf\":{\"@id\":\"https:\\\/\\\/visitparnu.com\\\/en\\\/#website\"},\"primaryImageOfPage\":{\"@id\":\"https:\\\/\\\/visitparnu.com\\\/en\\\/paikuse-history-trail\\\/parnu-ept-residential-area\\\/#primaryimage\"},\"image\":{\"@id\":\"https:\\\/\\\/visitparnu.com\\\/en\\\/paikuse-history-trail\\\/parnu-ept-residential-area\\\/#primaryimage\"},\"thumbnailUrl\":\"https:\\\/\\\/visitparnu.com\\\/wp-content\\\/uploads\\\/2025\\\/10\\\/9-002.jpg\",\"datePublished\":\"2025-10-24T10:00:28+00:00\",\"dateModified\":\"2025-10-27T08:12:24+00:00\",\"breadcrumb\":{\"@id\":\"https:\\\/\\\/visitparnu.com\\\/en\\\/paikuse-history-trail\\\/parnu-ept-residential-area\\\/#breadcrumb\"},\"inLanguage\":\"en-US\",\"potentialAction\":[{\"@type\":\"ReadAction\",\"target\":[\"https:\\\/\\\/visitparnu.com\\\/en\\\/paikuse-history-trail\\\/parnu-ept-residential-area\\\/\"]}]},{\"@type\":\"ImageObject\",\"inLanguage\":\"en-US\",\"@id\":\"https:\\\/\\\/visitparnu.com\\\/en\\\/paikuse-history-trail\\\/parnu-ept-residential-area\\\/#primaryimage\",\"url\":\"https:\\\/\\\/visitparnu.com\\\/wp-content\\\/uploads\\\/2025\\\/10\\\/9-002.jpg\",\"contentUrl\":\"https:\\\/\\\/visitparnu.com\\\/wp-content\\\/uploads\\\/2025\\\/10\\\/9-002.jpg\"},{\"@type\":\"BreadcrumbList\",\"@id\":\"https:\\\/\\\/visitparnu.com\\\/en\\\/paikuse-history-trail\\\/parnu-ept-residential-area\\\/#breadcrumb\",\"itemListElement\":[{\"@type\":\"ListItem\",\"position\":1,\"name\":\"\",\"item\":\"https:\\\/\\\/visitparnu.com\\\/en\\\/\"},{\"@type\":\"ListItem\",\"position\":2,\"name\":\"Paikuse\",\"item\":\"https:\\\/\\\/visitparnu.com\\\/en\\\/paikuse-history\\\/\"},{\"@type\":\"ListItem\",\"position\":3,\"name\":\"Paikuse history trail intro\",\"item\":\"https:\\\/\\\/visitparnu.com\\\/en\\\/paikuse-history-trail\\\/\"},{\"@type\":\"ListItem\",\"position\":4,\"name\":\"P\u00e4rnu EPT residential area\"}]},{\"@type\":\"WebSite\",\"@id\":\"https:\\\/\\\/visitparnu.com\\\/en\\\/#website\",\"url\":\"https:\\\/\\\/visitparnu.com\\\/en\\\/\",\"name\":\"Visit P\u00e4rnu\",\"description\":\"\",\"publisher\":{\"@id\":\"https:\\\/\\\/visitparnu.com\\\/en\\\/#organization\"},\"potentialAction\":[{\"@type\":\"SearchAction\",\"target\":{\"@type\":\"EntryPoint\",\"urlTemplate\":\"https:\\\/\\\/visitparnu.com\\\/en\\\/?s={search_term_string}\"},\"query-input\":{\"@type\":\"PropertyValueSpecification\",\"valueRequired\":true,\"valueName\":\"search_term_string\"}}],\"inLanguage\":\"en-US\"},{\"@type\":\"Organization\",\"@id\":\"https:\\\/\\\/visitparnu.com\\\/en\\\/#organization\",\"name\":\"Visit P\u00e4rnu\",\"url\":\"https:\\\/\\\/visitparnu.com\\\/en\\\/\",\"logo\":{\"@type\":\"ImageObject\",\"inLanguage\":\"en-US\",\"@id\":\"https:\\\/\\\/visitparnu.com\\\/en\\\/#\\\/schema\\\/logo\\\/image\\\/\",\"url\":\"https:\\\/\\\/visitparnu.com\\\/wp-content\\\/uploads\\\/2022\\\/11\\\/VP_logo.svg\",\"contentUrl\":\"https:\\\/\\\/visitparnu.com\\\/wp-content\\\/uploads\\\/2022\\\/11\\\/VP_logo.svg\",\"width\":305,\"height\":33,\"caption\":\"Visit P\u00e4rnu\"},\"image\":{\"@id\":\"https:\\\/\\\/visitparnu.com\\\/en\\\/#\\\/schema\\\/logo\\\/image\\\/\"},\"sameAs\":[\"https:\\\/\\\/www.facebook.com\\\/visitparnuEE\\\/\",\"https:\\\/\\\/www.youtube.com\\\/user\\\/visitparnuestonia\\\/\",\"https:\\\/\\\/www.instagram.com\\\/visitparnu\\\/\"]}]}<\/script>\n<!-- \/ Yoast SEO plugin. -->","yoast_head_json":{"title":"P\u00e4rnu EPT residential area - Visit P\u00e4rnu","robots":{"index":"index","follow":"follow","max-snippet":"max-snippet:-1","max-image-preview":"max-image-preview:large","max-video-preview":"max-video-preview:-1"},"canonical":"https:\/\/visitparnu.com\/en\/paikuse-history-trail\/parnu-ept-residential-area\/","og_locale":"en_US","og_type":"article","og_title":"P\u00e4rnu EPT residential area - Visit P\u00e4rnu","og_description":"P\u00e4rnu EPT residential area Settlement of land development workers and mechanisation specialists In 1970, the P\u00e4rnu Experimental Land Development Unit was established on the basis of the production facilities of the P\u00e4rnu Land Development Administration in Paikuse, which was merged with the P\u00e4rnu District Association of Estonian Agricultural Machinery (P\u00e4rnu EPT) in 1973. It was [&hellip;]","og_url":"https:\/\/visitparnu.com\/en\/paikuse-history-trail\/parnu-ept-residential-area\/","og_site_name":"Visit P\u00e4rnu","article_publisher":"https:\/\/www.facebook.com\/visitparnuEE\/","article_modified_time":"2025-10-27T08:12:24+00:00","og_image":[{"url":"https:\/\/visitparnu.com\/wp-content\/uploads\/2025\/10\/9-002.jpg","type":"","width":"","height":""}],"twitter_card":"summary_large_image","twitter_misc":{"Est. reading time":"3 minutes"},"schema":{"@context":"https:\/\/schema.org","@graph":[{"@type":"WebPage","@id":"https:\/\/visitparnu.com\/en\/paikuse-history-trail\/parnu-ept-residential-area\/","url":"https:\/\/visitparnu.com\/en\/paikuse-history-trail\/parnu-ept-residential-area\/","name":"P\u00e4rnu EPT residential area - Visit P\u00e4rnu","isPartOf":{"@id":"https:\/\/visitparnu.com\/en\/#website"},"primaryImageOfPage":{"@id":"https:\/\/visitparnu.com\/en\/paikuse-history-trail\/parnu-ept-residential-area\/#primaryimage"},"image":{"@id":"https:\/\/visitparnu.com\/en\/paikuse-history-trail\/parnu-ept-residential-area\/#primaryimage"},"thumbnailUrl":"https:\/\/visitparnu.com\/wp-content\/uploads\/2025\/10\/9-002.jpg","datePublished":"2025-10-24T10:00:28+00:00","dateModified":"2025-10-27T08:12:24+00:00","breadcrumb":{"@id":"https:\/\/visitparnu.com\/en\/paikuse-history-trail\/parnu-ept-residential-area\/#breadcrumb"},"inLanguage":"en-US","potentialAction":[{"@type":"ReadAction","target":["https:\/\/visitparnu.com\/en\/paikuse-history-trail\/parnu-ept-residential-area\/"]}]},{"@type":"ImageObject","inLanguage":"en-US","@id":"https:\/\/visitparnu.com\/en\/paikuse-history-trail\/parnu-ept-residential-area\/#primaryimage","url":"https:\/\/visitparnu.com\/wp-content\/uploads\/2025\/10\/9-002.jpg","contentUrl":"https:\/\/visitparnu.com\/wp-content\/uploads\/2025\/10\/9-002.jpg"},{"@type":"BreadcrumbList","@id":"https:\/\/visitparnu.com\/en\/paikuse-history-trail\/parnu-ept-residential-area\/#breadcrumb","itemListElement":[{"@type":"ListItem","position":1,"name":"","item":"https:\/\/visitparnu.com\/en\/"},{"@type":"ListItem","position":2,"name":"Paikuse","item":"https:\/\/visitparnu.com\/en\/paikuse-history\/"},{"@type":"ListItem","position":3,"name":"Paikuse history trail intro","item":"https:\/\/visitparnu.com\/en\/paikuse-history-trail\/"},{"@type":"ListItem","position":4,"name":"P\u00e4rnu EPT residential area"}]},{"@type":"WebSite","@id":"https:\/\/visitparnu.com\/en\/#website","url":"https:\/\/visitparnu.com\/en\/","name":"Visit P\u00e4rnu","description":"","publisher":{"@id":"https:\/\/visitparnu.com\/en\/#organization"},"potentialAction":[{"@type":"SearchAction","target":{"@type":"EntryPoint","urlTemplate":"https:\/\/visitparnu.com\/en\/?s={search_term_string}"},"query-input":{"@type":"PropertyValueSpecification","valueRequired":true,"valueName":"search_term_string"}}],"inLanguage":"en-US"},{"@type":"Organization","@id":"https:\/\/visitparnu.com\/en\/#organization","name":"Visit P\u00e4rnu","url":"https:\/\/visitparnu.com\/en\/","logo":{"@type":"ImageObject","inLanguage":"en-US","@id":"https:\/\/visitparnu.com\/en\/#\/schema\/logo\/image\/","url":"https:\/\/visitparnu.com\/wp-content\/uploads\/2022\/11\/VP_logo.svg","contentUrl":"https:\/\/visitparnu.com\/wp-content\/uploads\/2022\/11\/VP_logo.svg","width":305,"height":33,"caption":"Visit P\u00e4rnu"},"image":{"@id":"https:\/\/visitparnu.com\/en\/#\/schema\/logo\/image\/"},"sameAs":["https:\/\/www.facebook.com\/visitparnuEE\/","https:\/\/www.youtube.com\/user\/visitparnuestonia\/","https:\/\/www.instagram.com\/visitparnu\/"]}]}},"_links":{"self":[{"href":"https:\/\/visitparnu.com\/en\/wp-json\/wp\/v2\/pages\/5063648","targetHints":{"allow":["GET"]}}],"collection":[{"href":"https:\/\/visitparnu.com\/en\/wp-json\/wp\/v2\/pages"}],"about":[{"href":"https:\/\/visitparnu.com\/en\/wp-json\/wp\/v2\/types\/page"}],"author":[{"embeddable":true,"href":"https:\/\/visitparnu.com\/en\/wp-json\/wp\/v2\/users\/15"}],"replies":[{"embeddable":true,"href":"https:\/\/visitparnu.com\/en\/wp-json\/wp\/v2\/comments?post=5063648"}],"version-history":[{"count":25,"href":"https:\/\/visitparnu.com\/en\/wp-json\/wp\/v2\/pages\/5063648\/revisions"}],"predecessor-version":[{"id":5064037,"href":"https:\/\/visitparnu.com\/en\/wp-json\/wp\/v2\/pages\/5063648\/revisions\/5064037"}],"up":[{"embeddable":true,"href":"https:\/\/visitparnu.com\/en\/wp-json\/wp\/v2\/pages\/5063628"}],"wp:attachment":[{"href":"https:\/\/visitparnu.com\/en\/wp-json\/wp\/v2\/media?parent=5063648"}],"curies":[{"name":"wp","href":"https:\/\/api.w.org\/{rel}","templated":true}]}}