{"id":5063646,"date":"2025-10-24T12:00:03","date_gmt":"2025-10-24T10:00:03","guid":{"rendered":"https:\/\/visitparnu.com\/vana-parnu-paide-maantee-ja-piirkonna-teedevorgust\/"},"modified":"2025-10-27T10:11:55","modified_gmt":"2025-10-27T08:11:55","slug":"the-old-parnu-paide-road-and-the-local-road-network","status":"publish","type":"page","link":"https:\/\/visitparnu.com\/en\/paikuse-history-trail\/the-old-parnu-paide-road-and-the-local-road-network\/","title":{"rendered":"The old P\u00e4rnu-Paide road and the local road network"},"content":{"rendered":"\t\t<div data-elementor-type=\"wp-page\" data-elementor-id=\"5063646\" class=\"elementor elementor-5063646\" data-elementor-post-type=\"page\">\n\t\t\t\t<div class=\"elementor-element elementor-element-872d63b e-flex e-con-boxed e-con e-parent\" data-id=\"872d63b\" data-element_type=\"container\" data-e-type=\"container\">\n\t\t\t\t\t<div class=\"e-con-inner\">\n\t\t\t\t<div class=\"elementor-element elementor-element-413a9dd elementor-widget elementor-widget-heading\" data-id=\"413a9dd\" data-element_type=\"widget\" data-e-type=\"widget\" data-widget_type=\"heading.default\">\n\t\t\t\t\t<h2 class=\"elementor-heading-title elementor-size-default\">The old P\u00e4rnu-Paide road and the local road network<\/h2>\t\t\t\t<\/div>\n\t\t\t\t\t<\/div>\n\t\t\t\t<\/div>\n\t\t<div class=\"elementor-element elementor-element-8806df1 e-flex e-con-boxed e-con e-parent\" data-id=\"8806df1\" data-element_type=\"container\" data-e-type=\"container\">\n\t\t\t\t\t<div class=\"e-con-inner\">\n\t\t<div class=\"elementor-element elementor-element-087c147 e-con-full e-flex e-con e-child\" data-id=\"087c147\" data-element_type=\"container\" data-e-type=\"container\">\n\t\t\t\t<div class=\"elementor-element elementor-element-eb929ac elementor-widget elementor-widget-text-editor\" data-id=\"eb929ac\" data-element_type=\"widget\" data-e-type=\"widget\" data-widget_type=\"text-editor.default\">\n\t\t\t\t\t\t\t\t\t<p class=\"p1\"><i>On the way out of P\u00e4rnu we had to go through the Sindi pine forest, which was known to harbour many robbers and murderers&#8230;<\/i><\/p><p class=\"p1\">\u2013 From a travelogue in the newspaper <i>Sakala<\/i>, 12 July 1919<\/p>\t\t\t\t\t\t\t\t<\/div>\n\t\t\t\t<div class=\"elementor-element elementor-element-d306b84 elementor-widget elementor-widget-text-editor\" data-id=\"d306b84\" data-element_type=\"widget\" data-e-type=\"widget\" data-widget_type=\"text-editor.default\">\n\t\t\t\t\t\t\t\t\t<h2 class=\"p1\"><b>The old postal road<\/b><\/h2><p class=\"p1\">You are now standing on what was once the postal road leading from the town of P\u00e4rnu to Paide, by way of Tori and V\u00e4ndra. The road began at Raek\u00fcla on the Riga road and was considered one of the busiest roads in Northern Livonia, connecting the more fertile and prosperous areas of the P\u00e4rnu River basin with the export harbour in P\u00e4rnu.<\/p><p class=\"p1\">After crossing the Reiu River, this historic road initially turned left from Lodja tavern, following the riverbank through the Sindi pine forest and towards the factory settlement at Sindi Manor. The road was sandy, and in spring often became soft and full of ruts due to the heavy factory carts. Since the lower course of the P\u00e4rnu River was navigable only as far as the mouth of the Reiu River, the output of the Sindi cloth factory had to be hauled there for loading onto ships.<\/p><p class=\"p1\">Partly due to pressure from the factory administration and with support from the Livonian Road Fund, construction of a <b>new stone road<\/b> <b>along a new route<\/b> (today\u2019s road between Sindi-Lodja and Paikuse) began in 1910. A small reinforced concrete bridge also had to be built over the stream at Sindi Manor (T\u00fcrk\u2019s Stream). From then on, the old road gradually became overgrown with grass, being used only occasionally when the stone road underwent major repairs.<\/p>\t\t\t\t\t\t\t\t<\/div>\n\t\t\t\t<\/div>\n\t\t<div class=\"elementor-element elementor-element-90ecf62 e-con-full e-flex e-con e-child\" data-id=\"90ecf62\" data-element_type=\"container\" data-e-type=\"container\">\n\t\t<div class=\"elementor-element elementor-element-26e9ce5 e-con-full e-flex e-con e-child\" data-id=\"26e9ce5\" data-element_type=\"container\" data-e-type=\"container\">\n\t\t\t\t<div class=\"elementor-element elementor-element-fb8aa82 elementor-widget elementor-widget-text-editor\" data-id=\"fb8aa82\" data-element_type=\"widget\" data-e-type=\"widget\" data-widget_type=\"text-editor.default\">\n\t\t\t\t\t\t\t\t\t<p class=\"p1\"><b>Winter roads between Viljandi and P\u00e4rnu<\/b><\/p><p class=\"p1\"><b>Before the development of railways and motor transport, main trade was carried out in convoys along winter roads. These convoys transported loads of grain, flax, timber, spirits, salt and iron.<\/b><\/p><p class=\"p1\">Travelling over frozen bogs and along iced-over rivers made it much easier to move heavy loads compared to unpaved summer roads, and also significantly shortened the distances.<\/p><p class=\"p1\">One of Estonia\u2019s most important networks of winter roads developed across the marshlands between Viljandi and P\u00e4rnu. Depending on the exact starting point, the main branches of the route ran through T\u00f5ramaa via Tori or through Kikepera bog towards the Sikasselja tavern. <b>The final destination of both roads was Sindi-Lodja<\/b>, where travellers descended onto the river ice at the mouth near the pontoon bridge, and the final stretch to the town of P\u00e4rnu was made along the firmly frozen river.<\/p><p class=\"p1\">This shortcut reduced the distance between P\u00e4rnu and Viljandi by almost a quarter. When a new road from Viljandi to P\u00e4rnu was planned in the 1930s, its endpoint was marked as being the Sindi-Lodja tavern. The distance between the two towns on this road, which unfortunately was never built, would have been just under 70 km.<\/p><p class=\"p1\">The importance of the winter roads declined with the development of the railway network, and ultimately disappeared entirely with the replacement of horse-drawn transport with automobiles in the 1950s.<\/p>\t\t\t\t\t\t\t\t<\/div>\n\t\t\t\t<div class=\"elementor-element elementor-element-83408db elementor-widget elementor-widget-image\" data-id=\"83408db\" data-element_type=\"widget\" data-e-type=\"widget\" data-widget_type=\"image.default\">\n\t\t\t\t\t\t\t\t\t\t\t\t<figure class=\"wp-caption\">\n\t\t\t\t\t\t\t\t\t\t\t<a href=\"https:\/\/visitparnu.com\/wp-content\/uploads\/2025\/10\/8-003.jpg\" data-elementor-open-lightbox=\"yes\" data-elementor-lightbox-title=\"8-003\" data-elementor-lightbox-description=\"8-003\" data-e-action-hash=\"#elementor-action%3Aaction%3Dlightbox%26settings%3DeyJpZCI6NTA2MzkyNiwidXJsIjoiaHR0cHM6XC9cL3Zpc2l0cGFybnUuY29tXC93cC1jb250ZW50XC91cGxvYWRzXC8yMDI1XC8xMFwvOC0wMDMuanBnIn0%3D\">\n\t\t\t\t\t\t\t<img fetchpriority=\"high\" decoding=\"async\" width=\"945\" height=\"629\" src=\"https:\/\/visitparnu.com\/wp-content\/uploads\/2025\/10\/8-003.jpg\" class=\"attachment-large size-large wp-image-5063926\" alt=\"\" srcset=\"https:\/\/visitparnu.com\/wp-content\/uploads\/2025\/10\/8-003.jpg 945w, https:\/\/visitparnu.com\/wp-content\/uploads\/2025\/10\/8-003-300x200.jpg 300w, https:\/\/visitparnu.com\/wp-content\/uploads\/2025\/10\/8-003-768x511.jpg 768w\" sizes=\"(max-width: 945px) 100vw, 945px\" \/>\t\t\t\t\t\t\t\t<\/a>\n\t\t\t\t\t\t\t\t\t\t\t<figcaption class=\"widget-image-caption wp-caption-text\">The starting point of the P\u00e4rnu-Viljandi winter road at Sindi-Lodja. Tavern building in the centre P\u00e4rnu Museum photo collection<\/figcaption>\n\t\t\t\t\t\t\t\t\t\t<\/figure>\n\t\t\t\t\t\t\t\t\t<\/div>\n\t\t\t\t<\/div>\n\t\t<div class=\"elementor-element elementor-element-c3a607a e-con-full e-flex e-con e-child\" data-id=\"c3a607a\" data-element_type=\"container\" data-e-type=\"container\">\n\t\t\t\t<div class=\"elementor-element elementor-element-449729a elementor-widget elementor-widget-image\" data-id=\"449729a\" data-element_type=\"widget\" data-e-type=\"widget\" data-widget_type=\"image.default\">\n\t\t\t\t\t\t\t\t\t\t\t\t<figure class=\"wp-caption\">\n\t\t\t\t\t\t\t\t\t\t\t<a href=\"https:\/\/visitparnu.com\/wp-content\/uploads\/2025\/10\/8-004.jpg\" data-elementor-open-lightbox=\"yes\" data-elementor-lightbox-title=\"8-004\" data-elementor-lightbox-description=\"8-004\" data-e-action-hash=\"#elementor-action%3Aaction%3Dlightbox%26settings%3DeyJpZCI6NTA2MzkyNywidXJsIjoiaHR0cHM6XC9cL3Zpc2l0cGFybnUuY29tXC93cC1jb250ZW50XC91cGxvYWRzXC8yMDI1XC8xMFwvOC0wMDQuanBnIn0%3D\">\n\t\t\t\t\t\t\t<img decoding=\"async\" width=\"945\" height=\"629\" src=\"https:\/\/visitparnu.com\/wp-content\/uploads\/2025\/10\/8-004.jpg\" class=\"attachment-large size-large wp-image-5063927\" alt=\"\" srcset=\"https:\/\/visitparnu.com\/wp-content\/uploads\/2025\/10\/8-004.jpg 945w, https:\/\/visitparnu.com\/wp-content\/uploads\/2025\/10\/8-004-300x200.jpg 300w, https:\/\/visitparnu.com\/wp-content\/uploads\/2025\/10\/8-004-768x511.jpg 768w\" sizes=\"(max-width: 945px) 100vw, 945px\" \/>\t\t\t\t\t\t\t\t<\/a>\n\t\t\t\t\t\t\t\t\t\t\t<figcaption class=\"widget-image-caption wp-caption-text\">Of the 46 bridges built on the Lelle-P\u00e4rnu railway, the last one before P\u00e4rnu crossed the Reiu River. Photo from the P\u00e4rnu Museum collection<\/figcaption>\n\t\t\t\t\t\t\t\t\t\t<\/figure>\n\t\t\t\t\t\t\t\t\t<\/div>\n\t\t\t\t<div class=\"elementor-element elementor-element-9cd9e89 elementor-widget elementor-widget-text-editor\" data-id=\"9cd9e89\" data-element_type=\"widget\" data-e-type=\"widget\" data-widget_type=\"text-editor.default\">\n\t\t\t\t\t\t\t\t\t<p class=\"p1\"><b>The old narrow-gauge railway embankment runs parallel to the road between Lodja and Paikus.<\/b><\/p><p class=\"p1\">To shorten the railway connection between P\u00e4rnu and Tallinn, which previously ran through M\u00f5isak\u00fcla and Viljandi, a new railway line was built from Lelle to P\u00e4rnu in 1925. It was opened on 16 February 1928 and significantly reduced the previous 15-hour travel time between Tallinn and P\u00e4rnu. From then on, the main traffic between Sindi and P\u00e4rnu was also by rail.<\/p><p class=\"p1\">By 1973, the Lelle-P\u00e4rnu narrow-gauge section was replaced with a broad-gauge one, which was rerouted before Sindi onto a new alignment via Tammiste and, starting in 1976, across the Papiniidu Bridge to Raek\u00fcla. Due to reconstruction work, the railway connection between Sindi and P\u00e4rnu had been dismantled earlier, in 1969.<\/p>\t\t\t\t\t\t\t\t<\/div>\n\t\t\t\t<div class=\"elementor-element elementor-element-ba7806a elementor-widget elementor-widget-image\" data-id=\"ba7806a\" data-element_type=\"widget\" data-e-type=\"widget\" data-widget_type=\"image.default\">\n\t\t\t\t\t\t\t\t\t\t\t\t<figure class=\"wp-caption\">\n\t\t\t\t\t\t\t\t\t\t\t<a href=\"https:\/\/visitparnu.com\/wp-content\/uploads\/2025\/10\/8-002.jpg\" data-elementor-open-lightbox=\"yes\" data-elementor-lightbox-title=\"8-002\" data-elementor-lightbox-description=\"8-002\" data-e-action-hash=\"#elementor-action%3Aaction%3Dlightbox%26settings%3DeyJpZCI6NTA2MzkyNSwidXJsIjoiaHR0cHM6XC9cL3Zpc2l0cGFybnUuY29tXC93cC1jb250ZW50XC91cGxvYWRzXC8yMDI1XC8xMFwvOC0wMDIuanBnIn0%3D\">\n\t\t\t\t\t\t\t<img decoding=\"async\" width=\"945\" height=\"629\" src=\"https:\/\/visitparnu.com\/wp-content\/uploads\/2025\/10\/8-002.jpg\" class=\"attachment-large size-large wp-image-5063925\" alt=\"\" srcset=\"https:\/\/visitparnu.com\/wp-content\/uploads\/2025\/10\/8-002.jpg 945w, https:\/\/visitparnu.com\/wp-content\/uploads\/2025\/10\/8-002-300x200.jpg 300w, https:\/\/visitparnu.com\/wp-content\/uploads\/2025\/10\/8-002-768x511.jpg 768w\" sizes=\"(max-width: 945px) 100vw, 945px\" \/>\t\t\t\t\t\t\t\t<\/a>\n\t\t\t\t\t\t\t\t\t\t\t<figcaption class=\"widget-image-caption wp-caption-text\">Construction of the road between Tori and Sindi in 1934 Photo from the collection of the Estonian National Museum<\/figcaption>\n\t\t\t\t\t\t\t\t\t\t<\/figure>\n\t\t\t\t\t\t\t\t\t<\/div>\n\t\t\t\t<\/div>\n\t\t\t\t<\/div>\n\t\t\t\t\t<\/div>\n\t\t\t\t<\/div>\n\t\t\t\t<\/div>\n\t\t","protected":false},"excerpt":{"rendered":"<p>The old P\u00e4rnu-Paide road and the local road network On the way out of P\u00e4rnu we had to go through the Sindi pine forest, which was known to harbour many robbers and murderers&#8230; \u2013 From a travelogue in the newspaper Sakala, 12 July 1919 The old postal road You are now standing on what was [&hellip;]<\/p>\n","protected":false},"author":15,"featured_media":0,"parent":5063628,"menu_order":7,"comment_status":"closed","ping_status":"closed","template":"elementor_header_footer","meta":{"_acf_changed":false,"footnotes":""},"class_list":["post-5063646","page","type-page","status-publish","hentry"],"acf":[],"yoast_head":"<!-- This site is optimized with the Yoast SEO plugin v27.5 - https:\/\/yoast.com\/product\/yoast-seo-wordpress\/ -->\n<title>The old P\u00e4rnu-Paide road and the local road network - Visit P\u00e4rnu<\/title>\n<meta name=\"robots\" content=\"index, follow, max-snippet:-1, max-image-preview:large, max-video-preview:-1\" \/>\n<link rel=\"canonical\" href=\"https:\/\/visitparnu.com\/en\/paikuse-history-trail\/the-old-parnu-paide-road-and-the-local-road-network\/\" \/>\n<meta property=\"og:locale\" content=\"en_US\" \/>\n<meta property=\"og:type\" content=\"article\" \/>\n<meta property=\"og:title\" content=\"The old P\u00e4rnu-Paide road and the local road network - Visit P\u00e4rnu\" \/>\n<meta property=\"og:description\" content=\"The old P\u00e4rnu-Paide road and the local road network On the way out of P\u00e4rnu we had to go through the Sindi pine forest, which was known to harbour many robbers and murderers&#8230; \u2013 From a travelogue in the newspaper Sakala, 12 July 1919 The old postal road You are now standing on what was [&hellip;]\" \/>\n<meta property=\"og:url\" content=\"https:\/\/visitparnu.com\/en\/paikuse-history-trail\/the-old-parnu-paide-road-and-the-local-road-network\/\" \/>\n<meta property=\"og:site_name\" content=\"Visit P\u00e4rnu\" \/>\n<meta property=\"article:publisher\" content=\"https:\/\/www.facebook.com\/visitparnuEE\/\" \/>\n<meta property=\"article:modified_time\" content=\"2025-10-27T08:11:55+00:00\" \/>\n<meta property=\"og:image\" content=\"https:\/\/visitparnu.com\/wp-content\/uploads\/2025\/10\/8-003.jpg\" \/>\n<meta name=\"twitter:card\" content=\"summary_large_image\" \/>\n<meta name=\"twitter:label1\" content=\"Est. reading time\" \/>\n\t<meta name=\"twitter:data1\" content=\"4 minutes\" \/>\n<script type=\"application\/ld+json\" class=\"yoast-schema-graph\">{\"@context\":\"https:\\\/\\\/schema.org\",\"@graph\":[{\"@type\":\"WebPage\",\"@id\":\"https:\\\/\\\/visitparnu.com\\\/en\\\/paikuse-history-trail\\\/the-old-parnu-paide-road-and-the-local-road-network\\\/\",\"url\":\"https:\\\/\\\/visitparnu.com\\\/en\\\/paikuse-history-trail\\\/the-old-parnu-paide-road-and-the-local-road-network\\\/\",\"name\":\"The old P\u00e4rnu-Paide road and the local road network - Visit P\u00e4rnu\",\"isPartOf\":{\"@id\":\"https:\\\/\\\/visitparnu.com\\\/en\\\/#website\"},\"primaryImageOfPage\":{\"@id\":\"https:\\\/\\\/visitparnu.com\\\/en\\\/paikuse-history-trail\\\/the-old-parnu-paide-road-and-the-local-road-network\\\/#primaryimage\"},\"image\":{\"@id\":\"https:\\\/\\\/visitparnu.com\\\/en\\\/paikuse-history-trail\\\/the-old-parnu-paide-road-and-the-local-road-network\\\/#primaryimage\"},\"thumbnailUrl\":\"https:\\\/\\\/visitparnu.com\\\/wp-content\\\/uploads\\\/2025\\\/10\\\/8-003.jpg\",\"datePublished\":\"2025-10-24T10:00:03+00:00\",\"dateModified\":\"2025-10-27T08:11:55+00:00\",\"breadcrumb\":{\"@id\":\"https:\\\/\\\/visitparnu.com\\\/en\\\/paikuse-history-trail\\\/the-old-parnu-paide-road-and-the-local-road-network\\\/#breadcrumb\"},\"inLanguage\":\"en-US\",\"potentialAction\":[{\"@type\":\"ReadAction\",\"target\":[\"https:\\\/\\\/visitparnu.com\\\/en\\\/paikuse-history-trail\\\/the-old-parnu-paide-road-and-the-local-road-network\\\/\"]}]},{\"@type\":\"ImageObject\",\"inLanguage\":\"en-US\",\"@id\":\"https:\\\/\\\/visitparnu.com\\\/en\\\/paikuse-history-trail\\\/the-old-parnu-paide-road-and-the-local-road-network\\\/#primaryimage\",\"url\":\"https:\\\/\\\/visitparnu.com\\\/wp-content\\\/uploads\\\/2025\\\/10\\\/8-003.jpg\",\"contentUrl\":\"https:\\\/\\\/visitparnu.com\\\/wp-content\\\/uploads\\\/2025\\\/10\\\/8-003.jpg\"},{\"@type\":\"BreadcrumbList\",\"@id\":\"https:\\\/\\\/visitparnu.com\\\/en\\\/paikuse-history-trail\\\/the-old-parnu-paide-road-and-the-local-road-network\\\/#breadcrumb\",\"itemListElement\":[{\"@type\":\"ListItem\",\"position\":1,\"name\":\"\",\"item\":\"https:\\\/\\\/visitparnu.com\\\/en\\\/\"},{\"@type\":\"ListItem\",\"position\":2,\"name\":\"Paikuse\",\"item\":\"https:\\\/\\\/visitparnu.com\\\/en\\\/paikuse-history\\\/\"},{\"@type\":\"ListItem\",\"position\":3,\"name\":\"Paikuse history trail intro\",\"item\":\"https:\\\/\\\/visitparnu.com\\\/en\\\/paikuse-history-trail\\\/\"},{\"@type\":\"ListItem\",\"position\":4,\"name\":\"The old P\u00e4rnu-Paide road and the local road network\"}]},{\"@type\":\"WebSite\",\"@id\":\"https:\\\/\\\/visitparnu.com\\\/en\\\/#website\",\"url\":\"https:\\\/\\\/visitparnu.com\\\/en\\\/\",\"name\":\"Visit P\u00e4rnu\",\"description\":\"\",\"publisher\":{\"@id\":\"https:\\\/\\\/visitparnu.com\\\/en\\\/#organization\"},\"potentialAction\":[{\"@type\":\"SearchAction\",\"target\":{\"@type\":\"EntryPoint\",\"urlTemplate\":\"https:\\\/\\\/visitparnu.com\\\/en\\\/?s={search_term_string}\"},\"query-input\":{\"@type\":\"PropertyValueSpecification\",\"valueRequired\":true,\"valueName\":\"search_term_string\"}}],\"inLanguage\":\"en-US\"},{\"@type\":\"Organization\",\"@id\":\"https:\\\/\\\/visitparnu.com\\\/en\\\/#organization\",\"name\":\"Visit P\u00e4rnu\",\"url\":\"https:\\\/\\\/visitparnu.com\\\/en\\\/\",\"logo\":{\"@type\":\"ImageObject\",\"inLanguage\":\"en-US\",\"@id\":\"https:\\\/\\\/visitparnu.com\\\/en\\\/#\\\/schema\\\/logo\\\/image\\\/\",\"url\":\"https:\\\/\\\/visitparnu.com\\\/wp-content\\\/uploads\\\/2022\\\/11\\\/VP_logo.svg\",\"contentUrl\":\"https:\\\/\\\/visitparnu.com\\\/wp-content\\\/uploads\\\/2022\\\/11\\\/VP_logo.svg\",\"width\":305,\"height\":33,\"caption\":\"Visit P\u00e4rnu\"},\"image\":{\"@id\":\"https:\\\/\\\/visitparnu.com\\\/en\\\/#\\\/schema\\\/logo\\\/image\\\/\"},\"sameAs\":[\"https:\\\/\\\/www.facebook.com\\\/visitparnuEE\\\/\",\"https:\\\/\\\/www.youtube.com\\\/user\\\/visitparnuestonia\\\/\",\"https:\\\/\\\/www.instagram.com\\\/visitparnu\\\/\"]}]}<\/script>\n<!-- \/ Yoast SEO plugin. -->","yoast_head_json":{"title":"The old P\u00e4rnu-Paide road and the local road network - Visit P\u00e4rnu","robots":{"index":"index","follow":"follow","max-snippet":"max-snippet:-1","max-image-preview":"max-image-preview:large","max-video-preview":"max-video-preview:-1"},"canonical":"https:\/\/visitparnu.com\/en\/paikuse-history-trail\/the-old-parnu-paide-road-and-the-local-road-network\/","og_locale":"en_US","og_type":"article","og_title":"The old P\u00e4rnu-Paide road and the local road network - Visit P\u00e4rnu","og_description":"The old P\u00e4rnu-Paide road and the local road network On the way out of P\u00e4rnu we had to go through the Sindi pine forest, which was known to harbour many robbers and murderers&#8230; \u2013 From a travelogue in the newspaper Sakala, 12 July 1919 The old postal road You are now standing on what was [&hellip;]","og_url":"https:\/\/visitparnu.com\/en\/paikuse-history-trail\/the-old-parnu-paide-road-and-the-local-road-network\/","og_site_name":"Visit P\u00e4rnu","article_publisher":"https:\/\/www.facebook.com\/visitparnuEE\/","article_modified_time":"2025-10-27T08:11:55+00:00","og_image":[{"url":"https:\/\/visitparnu.com\/wp-content\/uploads\/2025\/10\/8-003.jpg","type":"","width":"","height":""}],"twitter_card":"summary_large_image","twitter_misc":{"Est. reading time":"4 minutes"},"schema":{"@context":"https:\/\/schema.org","@graph":[{"@type":"WebPage","@id":"https:\/\/visitparnu.com\/en\/paikuse-history-trail\/the-old-parnu-paide-road-and-the-local-road-network\/","url":"https:\/\/visitparnu.com\/en\/paikuse-history-trail\/the-old-parnu-paide-road-and-the-local-road-network\/","name":"The old P\u00e4rnu-Paide road and the local road network - Visit P\u00e4rnu","isPartOf":{"@id":"https:\/\/visitparnu.com\/en\/#website"},"primaryImageOfPage":{"@id":"https:\/\/visitparnu.com\/en\/paikuse-history-trail\/the-old-parnu-paide-road-and-the-local-road-network\/#primaryimage"},"image":{"@id":"https:\/\/visitparnu.com\/en\/paikuse-history-trail\/the-old-parnu-paide-road-and-the-local-road-network\/#primaryimage"},"thumbnailUrl":"https:\/\/visitparnu.com\/wp-content\/uploads\/2025\/10\/8-003.jpg","datePublished":"2025-10-24T10:00:03+00:00","dateModified":"2025-10-27T08:11:55+00:00","breadcrumb":{"@id":"https:\/\/visitparnu.com\/en\/paikuse-history-trail\/the-old-parnu-paide-road-and-the-local-road-network\/#breadcrumb"},"inLanguage":"en-US","potentialAction":[{"@type":"ReadAction","target":["https:\/\/visitparnu.com\/en\/paikuse-history-trail\/the-old-parnu-paide-road-and-the-local-road-network\/"]}]},{"@type":"ImageObject","inLanguage":"en-US","@id":"https:\/\/visitparnu.com\/en\/paikuse-history-trail\/the-old-parnu-paide-road-and-the-local-road-network\/#primaryimage","url":"https:\/\/visitparnu.com\/wp-content\/uploads\/2025\/10\/8-003.jpg","contentUrl":"https:\/\/visitparnu.com\/wp-content\/uploads\/2025\/10\/8-003.jpg"},{"@type":"BreadcrumbList","@id":"https:\/\/visitparnu.com\/en\/paikuse-history-trail\/the-old-parnu-paide-road-and-the-local-road-network\/#breadcrumb","itemListElement":[{"@type":"ListItem","position":1,"name":"","item":"https:\/\/visitparnu.com\/en\/"},{"@type":"ListItem","position":2,"name":"Paikuse","item":"https:\/\/visitparnu.com\/en\/paikuse-history\/"},{"@type":"ListItem","position":3,"name":"Paikuse history trail intro","item":"https:\/\/visitparnu.com\/en\/paikuse-history-trail\/"},{"@type":"ListItem","position":4,"name":"The old P\u00e4rnu-Paide road and the local road network"}]},{"@type":"WebSite","@id":"https:\/\/visitparnu.com\/en\/#website","url":"https:\/\/visitparnu.com\/en\/","name":"Visit P\u00e4rnu","description":"","publisher":{"@id":"https:\/\/visitparnu.com\/en\/#organization"},"potentialAction":[{"@type":"SearchAction","target":{"@type":"EntryPoint","urlTemplate":"https:\/\/visitparnu.com\/en\/?s={search_term_string}"},"query-input":{"@type":"PropertyValueSpecification","valueRequired":true,"valueName":"search_term_string"}}],"inLanguage":"en-US"},{"@type":"Organization","@id":"https:\/\/visitparnu.com\/en\/#organization","name":"Visit P\u00e4rnu","url":"https:\/\/visitparnu.com\/en\/","logo":{"@type":"ImageObject","inLanguage":"en-US","@id":"https:\/\/visitparnu.com\/en\/#\/schema\/logo\/image\/","url":"https:\/\/visitparnu.com\/wp-content\/uploads\/2022\/11\/VP_logo.svg","contentUrl":"https:\/\/visitparnu.com\/wp-content\/uploads\/2022\/11\/VP_logo.svg","width":305,"height":33,"caption":"Visit P\u00e4rnu"},"image":{"@id":"https:\/\/visitparnu.com\/en\/#\/schema\/logo\/image\/"},"sameAs":["https:\/\/www.facebook.com\/visitparnuEE\/","https:\/\/www.youtube.com\/user\/visitparnuestonia\/","https:\/\/www.instagram.com\/visitparnu\/"]}]}},"_links":{"self":[{"href":"https:\/\/visitparnu.com\/en\/wp-json\/wp\/v2\/pages\/5063646","targetHints":{"allow":["GET"]}}],"collection":[{"href":"https:\/\/visitparnu.com\/en\/wp-json\/wp\/v2\/pages"}],"about":[{"href":"https:\/\/visitparnu.com\/en\/wp-json\/wp\/v2\/types\/page"}],"author":[{"embeddable":true,"href":"https:\/\/visitparnu.com\/en\/wp-json\/wp\/v2\/users\/15"}],"replies":[{"embeddable":true,"href":"https:\/\/visitparnu.com\/en\/wp-json\/wp\/v2\/comments?post=5063646"}],"version-history":[{"count":18,"href":"https:\/\/visitparnu.com\/en\/wp-json\/wp\/v2\/pages\/5063646\/revisions"}],"predecessor-version":[{"id":5064034,"href":"https:\/\/visitparnu.com\/en\/wp-json\/wp\/v2\/pages\/5063646\/revisions\/5064034"}],"up":[{"embeddable":true,"href":"https:\/\/visitparnu.com\/en\/wp-json\/wp\/v2\/pages\/5063628"}],"wp:attachment":[{"href":"https:\/\/visitparnu.com\/en\/wp-json\/wp\/v2\/media?parent=5063646"}],"curies":[{"name":"wp","href":"https:\/\/api.w.org\/{rel}","templated":true}]}}