{"id":5063644,"date":"2025-10-24T11:59:32","date_gmt":"2025-10-24T09:59:32","guid":{"rendered":"https:\/\/visitparnu.com\/kaitseliinid-ja-il-maailmasoja-jaljed\/"},"modified":"2025-10-27T10:10:40","modified_gmt":"2025-10-27T08:10:40","slug":"defence-lines-and-traces-of-world-war-ii","status":"publish","type":"page","link":"https:\/\/visitparnu.com\/en\/paikuse-history-trail\/defence-lines-and-traces-of-world-war-ii\/","title":{"rendered":"Defence lines and traces of World War II"},"content":{"rendered":"\t\t<div data-elementor-type=\"wp-page\" data-elementor-id=\"5063644\" class=\"elementor elementor-5063644\" data-elementor-post-type=\"page\">\n\t\t\t\t<div class=\"elementor-element elementor-element-f8e959d e-flex e-con-boxed e-con e-parent\" data-id=\"f8e959d\" data-element_type=\"container\" data-e-type=\"container\">\n\t\t\t\t\t<div class=\"e-con-inner\">\n\t\t\t\t<div class=\"elementor-element elementor-element-d1f44df elementor-widget elementor-widget-heading\" data-id=\"d1f44df\" data-element_type=\"widget\" data-e-type=\"widget\" data-widget_type=\"heading.default\">\n\t\t\t\t\t<h2 class=\"elementor-heading-title elementor-size-default\">Defence lines and traces of World War II<\/h2>\t\t\t\t<\/div>\n\t\t\t\t\t<\/div>\n\t\t\t\t<\/div>\n\t\t<div class=\"elementor-element elementor-element-4e09a43 e-flex e-con-boxed e-con e-parent\" data-id=\"4e09a43\" data-element_type=\"container\" data-e-type=\"container\">\n\t\t\t\t\t<div class=\"e-con-inner\">\n\t\t<div class=\"elementor-element elementor-element-4833ca4 e-con-full e-flex e-con e-child\" data-id=\"4833ca4\" data-element_type=\"container\" data-e-type=\"container\">\n\t\t\t\t<div class=\"elementor-element elementor-element-33ea460 elementor-widget elementor-widget-text-editor\" data-id=\"33ea460\" data-element_type=\"widget\" data-e-type=\"widget\" data-widget_type=\"text-editor.default\">\n\t\t\t\t\t\t\t\t\t<p class=\"p1\"><b>As rivers are natural obstacles and an important tactical barrier in fortifying a front, trenches supporting defence lines were dug on both sides of the lower reaches of the P\u00e4rnu River.<\/b><\/p><p class=\"p1\">Even here, on the bank on the Paikuse side, <b>a 500-metre defensive ditch<\/b> has survived as a military heritage site and is identifiable in the landscape.<\/p><h2 class=\"p1\"><b>1941: The summer of war<\/b><\/h2><p class=\"p1\">The Nazi German invasion of the Soviet Union began on Sunday 22 June 1941. The Soviet occupation authorities anticipated that military action would reach Estonia, and by 28 June they had begun constructing anti-tank ditches and trenches around the city of P\u00e4rnu.<\/p><p class=\"p1\">Things accelerated from 4 July when, after heavy fighting on the Koiva River, the Red Army chose to withdraw its 8th Army Corps to a new defensive line along the P\u00e4rnu-Viljandi-Emaj\u00f5gi River. This new line was supported by natural barriers in P\u00e4rnu County like the marshland and rivers of the local river basin, as well as by additional defensive positions being built over a large area from Reiu through Vaskr\u00e4\u00e4ma and P\u00f5Iendmaa all the way to the marshes.<\/p><p class=\"p1\">An order was then issued to the residents of both the city and the county to present themselves for forced labour. All adults were obliged to participate \u2013 men up to the age of 60 and women up to the age of 55 \u2013 except those employed in strategically important positions under martial law. Thousands of civilians were thus drafted for earthworks and organised into brigades assigned to specific sections. The overall coordinator of the fortification works was union leader Voldemar Sassi, dispatched from Tallinn, and the headquarters for the construction efforts was located in Raek\u00fcla schoolhouse.<\/p><p class=\"p1\">The works were never fully completed, as the troops of the German 26th Army Corps under the command of <b>Colonel Wilhelm Ullersperger<\/b> arrived in P\u00e4rnu via M\u00f5isak\u00fcla and Kilingi-N\u00f5mme on the morning of 8 July. The Germans were reportedly astonished not only by the absence of Red Army units in P\u00e4rnu, but also by the fact that the bridges across the rivers had been left intact.<\/p><p class=\"p1\">Sassi, who had organised the fortification works, and those with him were killed at noon that same day on the Sindi-Lodja bridge: returning to the city after inspecting the works, they were unaware of the frontline situation and their car was struck by a shell from a German anti-tank gun. No one escaped with their life from the burning vehicle. Their remains were initially buried beside the road at the site, then in a mass grave in P\u00e4rnu\u2019s Old Park.<\/p>\t\t\t\t\t\t\t\t<\/div>\n\t\t\t\t<\/div>\n\t\t<div class=\"elementor-element elementor-element-ae659d5 e-con-full e-flex e-con e-child\" data-id=\"ae659d5\" data-element_type=\"container\" data-e-type=\"container\">\n\t\t\t\t<div class=\"elementor-element elementor-element-c704f97 elementor-widget elementor-widget-heading\" data-id=\"c704f97\" data-element_type=\"widget\" data-e-type=\"widget\" data-widget_type=\"heading.default\">\n\t\t\t\t\t<h3 class=\"elementor-heading-title elementor-size-default\">The frontline shift in 1944 and the destruction of the bridges<\/h3>\t\t\t\t<\/div>\n\t\t\t\t<div class=\"elementor-element elementor-element-e3f7803 elementor-widget elementor-widget-image\" data-id=\"e3f7803\" data-element_type=\"widget\" data-e-type=\"widget\" data-widget_type=\"image.default\">\n\t\t\t\t\t\t\t\t\t\t\t\t<figure class=\"wp-caption\">\n\t\t\t\t\t\t\t\t\t\t\t<a href=\"https:\/\/visitparnu.com\/wp-content\/uploads\/2025\/10\/7-001.jpg\" data-elementor-open-lightbox=\"yes\" data-elementor-lightbox-title=\"7-001\" data-elementor-lightbox-description=\"7-001\" data-e-action-hash=\"#elementor-action%3Aaction%3Dlightbox%26settings%3DeyJpZCI6NTA2MzkwMCwidXJsIjoiaHR0cHM6XC9cL3Zpc2l0cGFybnUuY29tXC93cC1jb250ZW50XC91cGxvYWRzXC8yMDI1XC8xMFwvNy0wMDEuanBnIn0%3D\">\n\t\t\t\t\t\t\t<img fetchpriority=\"high\" decoding=\"async\" width=\"945\" height=\"629\" src=\"https:\/\/visitparnu.com\/wp-content\/uploads\/2025\/10\/7-001.jpg\" class=\"attachment-large size-large wp-image-5063900\" alt=\"\" srcset=\"https:\/\/visitparnu.com\/wp-content\/uploads\/2025\/10\/7-001.jpg 945w, https:\/\/visitparnu.com\/wp-content\/uploads\/2025\/10\/7-001-300x200.jpg 300w, https:\/\/visitparnu.com\/wp-content\/uploads\/2025\/10\/7-001-768x511.jpg 768w\" sizes=\"(max-width: 945px) 100vw, 945px\" \/>\t\t\t\t\t\t\t\t<\/a>\n\t\t\t\t\t\t\t\t\t\t\t<figcaption class=\"widget-image-caption wp-caption-text\">Destroyed bridge over the Reiu River in 1944 Photos from the National Archives of Estonia, files on the crimes and damage caused by fascist German invaders and their accomplices<\/figcaption>\n\t\t\t\t\t\t\t\t\t\t<\/figure>\n\t\t\t\t\t\t\t\t\t<\/div>\n\t\t\t\t<div class=\"elementor-element elementor-element-3b6c963 elementor-widget elementor-widget-text-editor\" data-id=\"3b6c963\" data-element_type=\"widget\" data-e-type=\"widget\" data-widget_type=\"text-editor.default\">\n\t\t\t\t\t\t\t\t\t<p class=\"p1\">By 1944, the tide of war had turned completely against Germany. On September 16, Hitler gave the order to abandon mainland Estonia and Operation Aster was launched. Retreating German troops moved through Sindi-Lodja on their way from Central Estonia toward Riga, and the withdrawal continued for a full week.<\/p><p class=\"p3\">On the evening of 22 September, the Soviet air force carried out an air raid on P\u00e4rnu, but the German retreat across the Sindi-Lodja bridge continued into the following morning, 23 September. At around 10 o\u2019clock that morning, the last departing troops first blew up the concrete bridge over T\u00fcrk\u2019s Stream, and half an hour later also destroyed the Sindi-Lodja bridge. By noon, the bridges in P\u00e4rnu had likewise been blown up.<\/p><p class=\"p3\">The Sindi-Lodja bridge was rebuilt in a similar form to the original in 1955, and in 1957 a new concrete bridge was also built across T\u00fcrk\u2019s Stream.<\/p>\t\t\t\t\t\t\t\t<\/div>\n\t\t<div class=\"elementor-element elementor-element-4d21603 e-con-full e-flex e-con e-child\" data-id=\"4d21603\" data-element_type=\"container\" data-e-type=\"container\">\n\t\t<div class=\"elementor-element elementor-element-72e5e8a e-con-full e-flex e-con e-child\" data-id=\"72e5e8a\" data-element_type=\"container\" data-e-type=\"container\">\n\t\t\t\t<div class=\"elementor-element elementor-element-a84a754 elementor-widget elementor-widget-text-editor\" data-id=\"a84a754\" data-element_type=\"widget\" data-e-type=\"widget\" data-widget_type=\"text-editor.default\">\n\t\t\t\t\t\t\t\t\t<p class=\"p1\">At around 4.00 pm on 23 September 1944, the same day that the Sindi-Lodja bridge was blown up, four or five Soviet tanks reached the destroyed bridge across T\u00fcrk\u2019s Stream from the direction of Sindi. The tanks simply plowed through the stream, but came to a halt in front of the ruins of the Sindi-Lodja bridge. To cross the Reiu River, the troops had to move towards the old Reiu Manor, where a ford in the river allowed them to get through. By the following evening, a temporary footbridge had also been built at the mouth of the Reiu River.<\/p><p class=\"p1\">To commemorate the tank convoy that passed through here towards P\u00e4rnu, and to mark the 25th anniversary of its \u2018liberation\u2019, local authorities unveiled a monument at Sindi-Lodja on 23 September 1969: a T-34\/85 tank mounted on a pedestal. Although Soviet propaganda claimed that this very tank had taken part in the \u2018liberation\u2019 of P\u00e4rnu on 23 September 1944, it later emerged that the vehicle had actually been manufactured in 1945.<\/p><p class=\"p1\">The monument \u2013 one of five tank memorials in the Estonian SSR \u2013 was dismantled on 10 October 1990. The tank was later restored to working order and is now on display at the Museum of the Estonian Struggle for Liberty in Lagedi.<\/p>\t\t\t\t\t\t\t\t<\/div>\n\t\t\t\t<\/div>\n\t\t<div class=\"elementor-element elementor-element-644582d e-con-full e-flex e-con e-child\" data-id=\"644582d\" data-element_type=\"container\" data-e-type=\"container\">\n\t\t\t\t<div class=\"elementor-element elementor-element-4db2bf8 elementor-widget elementor-widget-image\" data-id=\"4db2bf8\" data-element_type=\"widget\" data-e-type=\"widget\" data-widget_type=\"image.default\">\n\t\t\t\t\t\t\t\t\t\t\t\t<figure class=\"wp-caption\">\n\t\t\t\t\t\t\t\t\t\t\t<a href=\"https:\/\/visitparnu.com\/wp-content\/uploads\/2025\/10\/7-002.jpg\" data-elementor-open-lightbox=\"yes\" data-elementor-lightbox-title=\"7-002\" data-elementor-lightbox-description=\"7-002\" data-e-action-hash=\"#elementor-action%3Aaction%3Dlightbox%26settings%3DeyJpZCI6NTA2MzkwMSwidXJsIjoiaHR0cHM6XC9cL3Zpc2l0cGFybnUuY29tXC93cC1jb250ZW50XC91cGxvYWRzXC8yMDI1XC8xMFwvNy0wMDIuanBnIn0%3D\">\n\t\t\t\t\t\t\t<img decoding=\"async\" width=\"945\" height=\"629\" src=\"https:\/\/visitparnu.com\/wp-content\/uploads\/2025\/10\/7-002.jpg\" class=\"attachment-large size-large wp-image-5063901\" alt=\"\" srcset=\"https:\/\/visitparnu.com\/wp-content\/uploads\/2025\/10\/7-002.jpg 945w, https:\/\/visitparnu.com\/wp-content\/uploads\/2025\/10\/7-002-300x200.jpg 300w, https:\/\/visitparnu.com\/wp-content\/uploads\/2025\/10\/7-002-768x511.jpg 768w\" sizes=\"(max-width: 945px) 100vw, 945px\" \/>\t\t\t\t\t\t\t\t<\/a>\n\t\t\t\t\t\t\t\t\t\t\t<figcaption class=\"widget-image-caption wp-caption-text\">Tank monument in Sindi-Lodja. Photo from the P\u00e4rnu Museum collection<\/figcaption>\n\t\t\t\t\t\t\t\t\t\t<\/figure>\n\t\t\t\t\t\t\t\t\t<\/div>\n\t\t\t\t<div class=\"elementor-element elementor-element-481b197 elementor-widget elementor-widget-image\" data-id=\"481b197\" data-element_type=\"widget\" data-e-type=\"widget\" data-widget_type=\"image.default\">\n\t\t\t\t\t\t\t\t\t\t\t\t<figure class=\"wp-caption\">\n\t\t\t\t\t\t\t\t\t\t\t<a href=\"https:\/\/visitparnu.com\/wp-content\/uploads\/2025\/10\/7-003.jpg\" data-elementor-open-lightbox=\"yes\" data-elementor-lightbox-title=\"7-003\" data-elementor-lightbox-description=\"7-003\" data-e-action-hash=\"#elementor-action%3Aaction%3Dlightbox%26settings%3DeyJpZCI6NTA2MzkwMiwidXJsIjoiaHR0cHM6XC9cL3Zpc2l0cGFybnUuY29tXC93cC1jb250ZW50XC91cGxvYWRzXC8yMDI1XC8xMFwvNy0wMDMuanBnIn0%3D\">\n\t\t\t\t\t\t\t<img decoding=\"async\" width=\"945\" height=\"629\" src=\"https:\/\/visitparnu.com\/wp-content\/uploads\/2025\/10\/7-003.jpg\" class=\"attachment-large size-large wp-image-5063902\" alt=\"\" srcset=\"https:\/\/visitparnu.com\/wp-content\/uploads\/2025\/10\/7-003.jpg 945w, https:\/\/visitparnu.com\/wp-content\/uploads\/2025\/10\/7-003-300x200.jpg 300w, https:\/\/visitparnu.com\/wp-content\/uploads\/2025\/10\/7-003-768x511.jpg 768w\" sizes=\"(max-width: 945px) 100vw, 945px\" \/>\t\t\t\t\t\t\t\t<\/a>\n\t\t\t\t\t\t\t\t\t\t\t<figcaption class=\"widget-image-caption wp-caption-text\">Removal of the monument in 1990 Aksel Randmer\u2019s photo in the P\u00e4rnu Museum collection<\/figcaption>\n\t\t\t\t\t\t\t\t\t\t<\/figure>\n\t\t\t\t\t\t\t\t\t<\/div>\n\t\t\t\t<\/div>\n\t\t\t\t<\/div>\n\t\t\t\t<\/div>\n\t\t\t\t\t<\/div>\n\t\t\t\t<\/div>\n\t\t\t\t<\/div>\n\t\t","protected":false},"excerpt":{"rendered":"<p>Defence lines and traces of World War II As rivers are natural obstacles and an important tactical barrier in fortifying a front, trenches supporting defence lines were dug on both sides of the lower reaches of the P\u00e4rnu River. Even here, on the bank on the Paikuse side, a 500-metre defensive ditch has survived as [&hellip;]<\/p>\n","protected":false},"author":15,"featured_media":0,"parent":5063628,"menu_order":6,"comment_status":"closed","ping_status":"closed","template":"elementor_header_footer","meta":{"_acf_changed":false,"footnotes":""},"class_list":["post-5063644","page","type-page","status-publish","hentry"],"acf":[],"yoast_head":"<!-- This site is optimized with the Yoast SEO plugin v27.3 - https:\/\/yoast.com\/product\/yoast-seo-wordpress\/ -->\n<title>Defence lines and traces of World War II - Visit P\u00e4rnu<\/title>\n<meta name=\"robots\" content=\"index, follow, max-snippet:-1, max-image-preview:large, max-video-preview:-1\" \/>\n<link rel=\"canonical\" href=\"https:\/\/visitparnu.com\/en\/paikuse-history-trail\/defence-lines-and-traces-of-world-war-ii\/\" \/>\n<meta property=\"og:locale\" content=\"en_US\" \/>\n<meta property=\"og:type\" content=\"article\" \/>\n<meta property=\"og:title\" content=\"Defence lines and traces of World War II - Visit P\u00e4rnu\" \/>\n<meta property=\"og:description\" content=\"Defence lines and traces of World War II As rivers are natural obstacles and an important tactical barrier in fortifying a front, trenches supporting defence lines were dug on both sides of the lower reaches of the P\u00e4rnu River. Even here, on the bank on the Paikuse side, a 500-metre defensive ditch has survived as [&hellip;]\" \/>\n<meta property=\"og:url\" content=\"https:\/\/visitparnu.com\/en\/paikuse-history-trail\/defence-lines-and-traces-of-world-war-ii\/\" \/>\n<meta property=\"og:site_name\" content=\"Visit P\u00e4rnu\" \/>\n<meta property=\"article:publisher\" content=\"https:\/\/www.facebook.com\/visitparnuEE\/\" \/>\n<meta property=\"article:modified_time\" content=\"2025-10-27T08:10:40+00:00\" \/>\n<meta property=\"og:image\" content=\"https:\/\/visitparnu.com\/wp-content\/uploads\/2025\/10\/7-001.jpg\" \/>\n<meta name=\"twitter:card\" content=\"summary_large_image\" \/>\n<meta name=\"twitter:label1\" content=\"Est. reading time\" \/>\n\t<meta name=\"twitter:data1\" content=\"5 minutes\" \/>\n<script type=\"application\/ld+json\" class=\"yoast-schema-graph\">{\"@context\":\"https:\\\/\\\/schema.org\",\"@graph\":[{\"@type\":\"WebPage\",\"@id\":\"https:\\\/\\\/visitparnu.com\\\/en\\\/paikuse-history-trail\\\/defence-lines-and-traces-of-world-war-ii\\\/\",\"url\":\"https:\\\/\\\/visitparnu.com\\\/en\\\/paikuse-history-trail\\\/defence-lines-and-traces-of-world-war-ii\\\/\",\"name\":\"Defence lines and traces of World War II - Visit P\u00e4rnu\",\"isPartOf\":{\"@id\":\"https:\\\/\\\/visitparnu.com\\\/en\\\/#website\"},\"primaryImageOfPage\":{\"@id\":\"https:\\\/\\\/visitparnu.com\\\/en\\\/paikuse-history-trail\\\/defence-lines-and-traces-of-world-war-ii\\\/#primaryimage\"},\"image\":{\"@id\":\"https:\\\/\\\/visitparnu.com\\\/en\\\/paikuse-history-trail\\\/defence-lines-and-traces-of-world-war-ii\\\/#primaryimage\"},\"thumbnailUrl\":\"https:\\\/\\\/visitparnu.com\\\/wp-content\\\/uploads\\\/2025\\\/10\\\/7-001.jpg\",\"datePublished\":\"2025-10-24T09:59:32+00:00\",\"dateModified\":\"2025-10-27T08:10:40+00:00\",\"breadcrumb\":{\"@id\":\"https:\\\/\\\/visitparnu.com\\\/en\\\/paikuse-history-trail\\\/defence-lines-and-traces-of-world-war-ii\\\/#breadcrumb\"},\"inLanguage\":\"en-US\",\"potentialAction\":[{\"@type\":\"ReadAction\",\"target\":[\"https:\\\/\\\/visitparnu.com\\\/en\\\/paikuse-history-trail\\\/defence-lines-and-traces-of-world-war-ii\\\/\"]}]},{\"@type\":\"ImageObject\",\"inLanguage\":\"en-US\",\"@id\":\"https:\\\/\\\/visitparnu.com\\\/en\\\/paikuse-history-trail\\\/defence-lines-and-traces-of-world-war-ii\\\/#primaryimage\",\"url\":\"https:\\\/\\\/visitparnu.com\\\/wp-content\\\/uploads\\\/2025\\\/10\\\/7-001.jpg\",\"contentUrl\":\"https:\\\/\\\/visitparnu.com\\\/wp-content\\\/uploads\\\/2025\\\/10\\\/7-001.jpg\"},{\"@type\":\"BreadcrumbList\",\"@id\":\"https:\\\/\\\/visitparnu.com\\\/en\\\/paikuse-history-trail\\\/defence-lines-and-traces-of-world-war-ii\\\/#breadcrumb\",\"itemListElement\":[{\"@type\":\"ListItem\",\"position\":1,\"name\":\"\",\"item\":\"https:\\\/\\\/visitparnu.com\\\/en\\\/\"},{\"@type\":\"ListItem\",\"position\":2,\"name\":\"Paikuse\",\"item\":\"https:\\\/\\\/visitparnu.com\\\/en\\\/paikuse-history\\\/\"},{\"@type\":\"ListItem\",\"position\":3,\"name\":\"Paikuse history trail intro\",\"item\":\"https:\\\/\\\/visitparnu.com\\\/en\\\/paikuse-history-trail\\\/\"},{\"@type\":\"ListItem\",\"position\":4,\"name\":\"Defence lines and traces of World War II\"}]},{\"@type\":\"WebSite\",\"@id\":\"https:\\\/\\\/visitparnu.com\\\/en\\\/#website\",\"url\":\"https:\\\/\\\/visitparnu.com\\\/en\\\/\",\"name\":\"Visit P\u00e4rnu\",\"description\":\"\",\"publisher\":{\"@id\":\"https:\\\/\\\/visitparnu.com\\\/en\\\/#organization\"},\"potentialAction\":[{\"@type\":\"SearchAction\",\"target\":{\"@type\":\"EntryPoint\",\"urlTemplate\":\"https:\\\/\\\/visitparnu.com\\\/en\\\/?s={search_term_string}\"},\"query-input\":{\"@type\":\"PropertyValueSpecification\",\"valueRequired\":true,\"valueName\":\"search_term_string\"}}],\"inLanguage\":\"en-US\"},{\"@type\":\"Organization\",\"@id\":\"https:\\\/\\\/visitparnu.com\\\/en\\\/#organization\",\"name\":\"Visit P\u00e4rnu\",\"url\":\"https:\\\/\\\/visitparnu.com\\\/en\\\/\",\"logo\":{\"@type\":\"ImageObject\",\"inLanguage\":\"en-US\",\"@id\":\"https:\\\/\\\/visitparnu.com\\\/en\\\/#\\\/schema\\\/logo\\\/image\\\/\",\"url\":\"https:\\\/\\\/visitparnu.com\\\/wp-content\\\/uploads\\\/2022\\\/11\\\/VP_logo.svg\",\"contentUrl\":\"https:\\\/\\\/visitparnu.com\\\/wp-content\\\/uploads\\\/2022\\\/11\\\/VP_logo.svg\",\"width\":305,\"height\":33,\"caption\":\"Visit P\u00e4rnu\"},\"image\":{\"@id\":\"https:\\\/\\\/visitparnu.com\\\/en\\\/#\\\/schema\\\/logo\\\/image\\\/\"},\"sameAs\":[\"https:\\\/\\\/www.facebook.com\\\/visitparnuEE\\\/\",\"https:\\\/\\\/www.youtube.com\\\/user\\\/visitparnuestonia\\\/\",\"https:\\\/\\\/www.instagram.com\\\/visitparnu\\\/\"]}]}<\/script>\n<!-- \/ Yoast SEO plugin. -->","yoast_head_json":{"title":"Defence lines and traces of World War II - Visit P\u00e4rnu","robots":{"index":"index","follow":"follow","max-snippet":"max-snippet:-1","max-image-preview":"max-image-preview:large","max-video-preview":"max-video-preview:-1"},"canonical":"https:\/\/visitparnu.com\/en\/paikuse-history-trail\/defence-lines-and-traces-of-world-war-ii\/","og_locale":"en_US","og_type":"article","og_title":"Defence lines and traces of World War II - Visit P\u00e4rnu","og_description":"Defence lines and traces of World War II As rivers are natural obstacles and an important tactical barrier in fortifying a front, trenches supporting defence lines were dug on both sides of the lower reaches of the P\u00e4rnu River. Even here, on the bank on the Paikuse side, a 500-metre defensive ditch has survived as [&hellip;]","og_url":"https:\/\/visitparnu.com\/en\/paikuse-history-trail\/defence-lines-and-traces-of-world-war-ii\/","og_site_name":"Visit P\u00e4rnu","article_publisher":"https:\/\/www.facebook.com\/visitparnuEE\/","article_modified_time":"2025-10-27T08:10:40+00:00","og_image":[{"url":"https:\/\/visitparnu.com\/wp-content\/uploads\/2025\/10\/7-001.jpg","type":"","width":"","height":""}],"twitter_card":"summary_large_image","twitter_misc":{"Est. reading time":"5 minutes"},"schema":{"@context":"https:\/\/schema.org","@graph":[{"@type":"WebPage","@id":"https:\/\/visitparnu.com\/en\/paikuse-history-trail\/defence-lines-and-traces-of-world-war-ii\/","url":"https:\/\/visitparnu.com\/en\/paikuse-history-trail\/defence-lines-and-traces-of-world-war-ii\/","name":"Defence lines and traces of World War II - Visit P\u00e4rnu","isPartOf":{"@id":"https:\/\/visitparnu.com\/en\/#website"},"primaryImageOfPage":{"@id":"https:\/\/visitparnu.com\/en\/paikuse-history-trail\/defence-lines-and-traces-of-world-war-ii\/#primaryimage"},"image":{"@id":"https:\/\/visitparnu.com\/en\/paikuse-history-trail\/defence-lines-and-traces-of-world-war-ii\/#primaryimage"},"thumbnailUrl":"https:\/\/visitparnu.com\/wp-content\/uploads\/2025\/10\/7-001.jpg","datePublished":"2025-10-24T09:59:32+00:00","dateModified":"2025-10-27T08:10:40+00:00","breadcrumb":{"@id":"https:\/\/visitparnu.com\/en\/paikuse-history-trail\/defence-lines-and-traces-of-world-war-ii\/#breadcrumb"},"inLanguage":"en-US","potentialAction":[{"@type":"ReadAction","target":["https:\/\/visitparnu.com\/en\/paikuse-history-trail\/defence-lines-and-traces-of-world-war-ii\/"]}]},{"@type":"ImageObject","inLanguage":"en-US","@id":"https:\/\/visitparnu.com\/en\/paikuse-history-trail\/defence-lines-and-traces-of-world-war-ii\/#primaryimage","url":"https:\/\/visitparnu.com\/wp-content\/uploads\/2025\/10\/7-001.jpg","contentUrl":"https:\/\/visitparnu.com\/wp-content\/uploads\/2025\/10\/7-001.jpg"},{"@type":"BreadcrumbList","@id":"https:\/\/visitparnu.com\/en\/paikuse-history-trail\/defence-lines-and-traces-of-world-war-ii\/#breadcrumb","itemListElement":[{"@type":"ListItem","position":1,"name":"","item":"https:\/\/visitparnu.com\/en\/"},{"@type":"ListItem","position":2,"name":"Paikuse","item":"https:\/\/visitparnu.com\/en\/paikuse-history\/"},{"@type":"ListItem","position":3,"name":"Paikuse history trail intro","item":"https:\/\/visitparnu.com\/en\/paikuse-history-trail\/"},{"@type":"ListItem","position":4,"name":"Defence lines and traces of World War II"}]},{"@type":"WebSite","@id":"https:\/\/visitparnu.com\/en\/#website","url":"https:\/\/visitparnu.com\/en\/","name":"Visit P\u00e4rnu","description":"","publisher":{"@id":"https:\/\/visitparnu.com\/en\/#organization"},"potentialAction":[{"@type":"SearchAction","target":{"@type":"EntryPoint","urlTemplate":"https:\/\/visitparnu.com\/en\/?s={search_term_string}"},"query-input":{"@type":"PropertyValueSpecification","valueRequired":true,"valueName":"search_term_string"}}],"inLanguage":"en-US"},{"@type":"Organization","@id":"https:\/\/visitparnu.com\/en\/#organization","name":"Visit P\u00e4rnu","url":"https:\/\/visitparnu.com\/en\/","logo":{"@type":"ImageObject","inLanguage":"en-US","@id":"https:\/\/visitparnu.com\/en\/#\/schema\/logo\/image\/","url":"https:\/\/visitparnu.com\/wp-content\/uploads\/2022\/11\/VP_logo.svg","contentUrl":"https:\/\/visitparnu.com\/wp-content\/uploads\/2022\/11\/VP_logo.svg","width":305,"height":33,"caption":"Visit P\u00e4rnu"},"image":{"@id":"https:\/\/visitparnu.com\/en\/#\/schema\/logo\/image\/"},"sameAs":["https:\/\/www.facebook.com\/visitparnuEE\/","https:\/\/www.youtube.com\/user\/visitparnuestonia\/","https:\/\/www.instagram.com\/visitparnu\/"]}]}},"_links":{"self":[{"href":"https:\/\/visitparnu.com\/en\/wp-json\/wp\/v2\/pages\/5063644","targetHints":{"allow":["GET"]}}],"collection":[{"href":"https:\/\/visitparnu.com\/en\/wp-json\/wp\/v2\/pages"}],"about":[{"href":"https:\/\/visitparnu.com\/en\/wp-json\/wp\/v2\/types\/page"}],"author":[{"embeddable":true,"href":"https:\/\/visitparnu.com\/en\/wp-json\/wp\/v2\/users\/15"}],"replies":[{"embeddable":true,"href":"https:\/\/visitparnu.com\/en\/wp-json\/wp\/v2\/comments?post=5063644"}],"version-history":[{"count":25,"href":"https:\/\/visitparnu.com\/en\/wp-json\/wp\/v2\/pages\/5063644\/revisions"}],"predecessor-version":[{"id":5064032,"href":"https:\/\/visitparnu.com\/en\/wp-json\/wp\/v2\/pages\/5063644\/revisions\/5064032"}],"up":[{"embeddable":true,"href":"https:\/\/visitparnu.com\/en\/wp-json\/wp\/v2\/pages\/5063628"}],"wp:attachment":[{"href":"https:\/\/visitparnu.com\/en\/wp-json\/wp\/v2\/media?parent=5063644"}],"curies":[{"name":"wp","href":"https:\/\/api.w.org\/{rel}","templated":true}]}}