{"id":5063634,"date":"2025-10-24T11:56:26","date_gmt":"2025-10-24T09:56:26","guid":{"rendered":"https:\/\/visitparnu.com\/metskonna-kontorihoone-ja-metsamajandi-asula\/"},"modified":"2025-10-27T10:07:20","modified_gmt":"2025-10-27T08:07:20","slug":"forest-management-district-office-building-and-forest-management-settlement","status":"publish","type":"page","link":"https:\/\/visitparnu.com\/en\/paikuse-history-trail\/forest-management-district\/","title":{"rendered":"Forest Management District office building and forest management settlement"},"content":{"rendered":"\t\t<div data-elementor-type=\"wp-page\" data-elementor-id=\"5063634\" class=\"elementor elementor-5063634\" data-elementor-post-type=\"page\">\n\t\t\t\t<div class=\"elementor-element elementor-element-7a8b068 e-flex e-con-boxed e-con e-parent\" data-id=\"7a8b068\" data-element_type=\"container\" data-e-type=\"container\">\n\t\t\t\t\t<div class=\"e-con-inner\">\n\t\t\t\t<div class=\"elementor-element elementor-element-31b0aa2 elementor-widget elementor-widget-heading\" data-id=\"31b0aa2\" data-element_type=\"widget\" data-e-type=\"widget\" data-widget_type=\"heading.default\">\n\t\t\t\t\t<h1 class=\"elementor-heading-title elementor-size-default\">Forest Management District office building and forest management settlement<\/h1>\t\t\t\t<\/div>\n\t\t\t\t\t<\/div>\n\t\t\t\t<\/div>\n\t\t<div class=\"elementor-element elementor-element-da8d78c e-flex e-con-boxed e-con e-parent\" data-id=\"da8d78c\" data-element_type=\"container\" data-e-type=\"container\">\n\t\t\t\t\t<div class=\"e-con-inner\">\n\t\t<div class=\"elementor-element elementor-element-219367c e-con-full e-flex e-con e-child\" data-id=\"219367c\" data-element_type=\"container\" data-e-type=\"container\">\n\t\t\t\t<div class=\"elementor-element elementor-element-1aa4d3a elementor-widget elementor-widget-image\" data-id=\"1aa4d3a\" data-element_type=\"widget\" data-e-type=\"widget\" data-widget_type=\"image.default\">\n\t\t\t\t\t\t\t\t\t\t\t\t<figure class=\"wp-caption\">\n\t\t\t\t\t\t\t\t\t\t\t<a href=\"https:\/\/visitparnu.com\/wp-content\/uploads\/2025\/10\/2-001.jpg\" data-elementor-open-lightbox=\"yes\" data-elementor-lightbox-title=\"Where the Reiu River flows into the P\u00e4rnu River, log booms were located to catch timber that had been floated downstream. Here, the logs were sorted and forwarded to the sawmills in the city.  Photo from the P\u00e4rnu Museum collection\" data-elementor-lightbox-description=\"Where the Reiu River flows into the P\u00e4rnu River, log booms were located to catch timber that had been floated downstream. Here, the logs were sorted and forwarded to the sawmills in the city.  Photo from the P\u00e4rnu Museum collection\" data-e-action-hash=\"#elementor-action%3Aaction%3Dlightbox%26settings%3DeyJpZCI6NTA2MzY4NCwidXJsIjoiaHR0cHM6XC9cL3Zpc2l0cGFybnUuY29tXC93cC1jb250ZW50XC91cGxvYWRzXC8yMDI1XC8xMFwvMi0wMDEuanBnIn0%3D\">\n\t\t\t\t\t\t\t<img fetchpriority=\"high\" decoding=\"async\" width=\"945\" height=\"629\" src=\"https:\/\/visitparnu.com\/wp-content\/uploads\/2025\/10\/2-001.jpg\" class=\"attachment-large size-large wp-image-5063684\" alt=\"Where the Reiu River flows into the P\u00e4rnu River, log booms were located to catch timber that had been floated downstream. Here, the logs were sorted and forwarded to the sawmills in the city. Photo from the P\u00e4rnu Museum collection\" srcset=\"https:\/\/visitparnu.com\/wp-content\/uploads\/2025\/10\/2-001.jpg 945w, https:\/\/visitparnu.com\/wp-content\/uploads\/2025\/10\/2-001-300x200.jpg 300w, https:\/\/visitparnu.com\/wp-content\/uploads\/2025\/10\/2-001-768x511.jpg 768w\" sizes=\"(max-width: 945px) 100vw, 945px\" \/>\t\t\t\t\t\t\t\t<\/a>\n\t\t\t\t\t\t\t\t\t\t\t<figcaption class=\"widget-image-caption wp-caption-text\">Where the Reiu River flows into the P\u00e4rnu River, log booms were located to catch timber that had been floated downstream. Here, the logs were sorted and forwarded to the sawmills in the city.  Photo from the P\u00e4rnu Museum collection<\/figcaption>\n\t\t\t\t\t\t\t\t\t\t<\/figure>\n\t\t\t\t\t\t\t\t\t<\/div>\n\t\t\t\t<div class=\"elementor-element elementor-element-0072023 elementor-widget elementor-widget-text-editor\" data-id=\"0072023\" data-element_type=\"widget\" data-e-type=\"widget\" data-widget_type=\"text-editor.default\">\n\t\t\t\t\t\t\t\t\t<h3 class=\"p1\"><b>Forest management<\/b><\/h3><p class=\"p1\"><b>In P\u00e4rnu County, large tracts of forest and a river system suitable for log-floating made P\u00e4rnu an important centre for timber processing and exports. Even the modest Sindi Manor, which possessed little arable land, and mostly sandy land at that, held significant forested areas.<\/b><\/p><p class=\"p1\">In 1920 the manor forests <b>were nationalised and merged with state forests.<\/b> Dendrologist Karl Aun was appointed as the forest warden of P\u00e4rnu County, overseeing a total of 13 forest districts and their foresters, rangers and timber inspectors. In 1925, the <b>State Forest Industry<\/b> was established under the Ministry of Agriculture, tasked with harvesting timber and supplying local residents, businesses and municipalities with timber and products. In 1937 the industry was transformed into a state joint-stock company, <i>Eesti Metsat\u00f6\u00f6stus <\/i>(the Estonian Forest Industry).<\/p><p class=\"p1\">At the start of the Soviet occupation, private forests were also nationalised, and all timber processing was absorbed into the planned economy. <b>Forest industry centres<\/b> were established in each county. At the time, there were 12 forest districts in P\u00e4rnu: Audru, J\u00e4\u00e4rja, Kariste, Kilingi, K\u00f5nnu, Laiksaare, Lodja, Oraj\u00f5e, P\u00e4rnu, Taali, Tihemetsa and V\u00e4ndra.<\/p><p>\u00a0<\/p><p class=\"p1\">In 1947, the next major change took place when <b>forest managements<\/b> were separated from the forest industry centres, as forest management companies were responsible for the reforestation, maintenance, supervision, protection and utilisation of the forests. In total, 19 forest managements were established across the Estonian SSR, two of them in P\u00e4rnu County: P\u00e4rnu Forest Management and Kilingi-N\u00f5mme (Model) Forest Management. For the P\u00e4rnu management unit, an office was initially set up on the former premises of P\u00e4rnu City Forest Office in Raek\u00fcla, on the outskirts of the city.<\/p><p class=\"p1\">In 1992, after Estonia had regained its independence, the forest management companies were dissolved and tasks related to forest management were initially taken over by the State Forest Board. Since 1999, the management of state forests has been handled by the State Forest Management Centre.<\/p>\t\t\t\t\t\t\t\t<\/div>\n\t\t\t\t<\/div>\n\t\t<div class=\"elementor-element elementor-element-e74be63 e-con-full e-flex e-con e-child\" data-id=\"e74be63\" data-element_type=\"container\" data-e-type=\"container\">\n\t\t\t\t<div class=\"elementor-element elementor-element-d75af63 elementor-widget elementor-widget-text-editor\" data-id=\"d75af63\" data-element_type=\"widget\" data-e-type=\"widget\" data-widget_type=\"text-editor.default\">\n\t\t\t\t\t\t\t\t\t<h2 class=\"p1\"><b>Reiu Forest District<\/b><\/h2><p class=\"p1\">The predecessor of Reiu Forest District was the pre-war <b>Reiu forest division of the P\u00e4rnu City Forest District<\/b>, which included ranger posts such as Niidu, Rae, Kullipesa and Tamme. On the state forest side, the Surju Forest District existed, which from 1935 was known as the P\u00e4rnu District of State Forests.<\/p>\t\t\t\t\t\t\t\t<\/div>\n\t\t\t\t<div class=\"elementor-element elementor-element-702eff9 elementor-widget elementor-widget-image\" data-id=\"702eff9\" data-element_type=\"widget\" data-e-type=\"widget\" data-widget_type=\"image.default\">\n\t\t\t\t\t\t\t\t\t\t\t\t<figure class=\"wp-caption\">\n\t\t\t\t\t\t\t\t\t\t\t<a href=\"https:\/\/visitparnu.com\/wp-content\/uploads\/2025\/10\/2-002.jpg\" data-elementor-open-lightbox=\"yes\" data-elementor-lightbox-title=\"Boys on a raft on the Reiu River in 1934. \u00a0Photo from the P\u00e4rnu Museum collection\" data-elementor-lightbox-description=\"Boys on a raft on the Reiu River in 1934. \u00a0Photo from the P\u00e4rnu Museum collection\" data-e-action-hash=\"#elementor-action%3Aaction%3Dlightbox%26settings%3DeyJpZCI6NTA2MzcwNywidXJsIjoiaHR0cHM6XC9cL3Zpc2l0cGFybnUuY29tXC93cC1jb250ZW50XC91cGxvYWRzXC8yMDI1XC8xMFwvMi0wMDIuanBnIn0%3D\">\n\t\t\t\t\t\t\t<img decoding=\"async\" width=\"945\" height=\"629\" src=\"https:\/\/visitparnu.com\/wp-content\/uploads\/2025\/10\/2-002.jpg\" class=\"attachment-large size-large wp-image-5063707\" alt=\"Boys on a raft on the Reiu River in 1934. \u00a0Photo from the P\u00e4rnu Museum collection\" srcset=\"https:\/\/visitparnu.com\/wp-content\/uploads\/2025\/10\/2-002.jpg 945w, https:\/\/visitparnu.com\/wp-content\/uploads\/2025\/10\/2-002-300x200.jpg 300w, https:\/\/visitparnu.com\/wp-content\/uploads\/2025\/10\/2-002-768x511.jpg 768w\" sizes=\"(max-width: 945px) 100vw, 945px\" \/>\t\t\t\t\t\t\t\t<\/a>\n\t\t\t\t\t\t\t\t\t\t\t<figcaption class=\"widget-image-caption wp-caption-text\">Boys on a raft on the Reiu River in 1934. \u00a0Photo from the P\u00e4rnu Museum collection<\/figcaption>\n\t\t\t\t\t\t\t\t\t\t<\/figure>\n\t\t\t\t\t\t\t\t\t<\/div>\n\t\t\t\t<div class=\"elementor-element elementor-element-17e7274 elementor-widget elementor-widget-text-editor\" data-id=\"17e7274\" data-element_type=\"widget\" data-e-type=\"widget\" data-widget_type=\"text-editor.default\">\n\t\t\t\t\t\t\t\t\t<p class=\"p1\">\u00a0The independent Reiu Forest District was formed in 1947 by separating it from the Surju Forest District and incorporating sections from several other districts. Reiu was tasked with managing the forests surrounding P\u00e4rnu, forming the city\u2019s \u2018green belt\u2019. These were Category 1 forests in which clear-felling was prohibited. For decades, the Reiu Forest District office was located in Raek\u00fcla, under the same roof as the forest management headquarters. In 1983, the <b>office building of the Reiu Forest District<\/b> was constructed here, on lands of the former S\u00f5mera Farm (at Paide mnt 14).<\/p>\t\t\t\t\t\t\t\t<\/div>\n\t\t\t\t<div class=\"elementor-element elementor-element-82e6026 elementor-widget elementor-widget-image\" data-id=\"82e6026\" data-element_type=\"widget\" data-e-type=\"widget\" data-widget_type=\"image.default\">\n\t\t\t\t\t\t\t\t\t\t\t\t<figure class=\"wp-caption\">\n\t\t\t\t\t\t\t\t\t\t\t<a href=\"https:\/\/visitparnu.com\/wp-content\/uploads\/2025\/10\/2-003.jpg\" data-elementor-open-lightbox=\"yes\" data-elementor-lightbox-title=\"2-003\" data-elementor-lightbox-description=\"2-003\" data-e-action-hash=\"#elementor-action%3Aaction%3Dlightbox%26settings%3DeyJpZCI6NTA2MzcxNCwidXJsIjoiaHR0cHM6XC9cL3Zpc2l0cGFybnUuY29tXC93cC1jb250ZW50XC91cGxvYWRzXC8yMDI1XC8xMFwvMi0wMDMuanBnIn0%3D\">\n\t\t\t\t\t\t\t<img decoding=\"async\" width=\"945\" height=\"629\" src=\"https:\/\/visitparnu.com\/wp-content\/uploads\/2025\/10\/2-003.jpg\" class=\"attachment-large size-large wp-image-5063714\" alt=\"\" srcset=\"https:\/\/visitparnu.com\/wp-content\/uploads\/2025\/10\/2-003.jpg 945w, https:\/\/visitparnu.com\/wp-content\/uploads\/2025\/10\/2-003-300x200.jpg 300w, https:\/\/visitparnu.com\/wp-content\/uploads\/2025\/10\/2-003-768x511.jpg 768w\" sizes=\"(max-width: 945px) 100vw, 945px\" \/>\t\t\t\t\t\t\t\t<\/a>\n\t\t\t\t\t\t\t\t\t\t\t<figcaption class=\"widget-image-caption wp-caption-text\">Forest district office building in Paikuse Photo: Indrek Aija<\/figcaption>\n\t\t\t\t\t\t\t\t\t\t<\/figure>\n\t\t\t\t\t\t\t\t\t<\/div>\n\t\t\t\t<div class=\"elementor-element elementor-element-b9db169 elementor-widget elementor-widget-text-editor\" data-id=\"b9db169\" data-element_type=\"widget\" data-e-type=\"widget\" data-widget_type=\"text-editor.default\">\n\t\t\t\t\t\t\t\t\t<p class=\"p1\">Although the office building included two apartments, construction of a two-storey residential building with apartments for employees of P\u00e4rnu Forest Management commenced in 1985. Later, additional two- and three-storey apartment buildings were added.<\/p><p class=\"p1\">In 1997, the Reiu Forest District was merged with the Surju and Taali Forest Districts, with most employees moved to the Surju Forest District office. Subsequently, the office building here was extensively renovated, becoming the home of the Southwest Department of the Forest Management Economics and Information Centre (the predecessor of the State Forest Management Centre or RMK) in autumn 1998.<\/p><p class=\"p1\"><b>Today, the RMK\u2019s Southwest Region includes 15 forest districts in four counties.<\/b><\/p>\t\t\t\t\t\t\t\t<\/div>\n\t\t\t\t<div class=\"elementor-element elementor-element-1e287ce elementor-widget elementor-widget-image\" data-id=\"1e287ce\" data-element_type=\"widget\" data-e-type=\"widget\" data-widget_type=\"image.default\">\n\t\t\t\t\t\t\t\t\t\t\t\t<figure class=\"wp-caption\">\n\t\t\t\t\t\t\t\t\t\t\t<a href=\"https:\/\/visitparnu.com\/wp-content\/uploads\/2025\/10\/2-004.jpg\" data-elementor-open-lightbox=\"yes\" data-elementor-lightbox-title=\"2-004\" data-elementor-lightbox-description=\"2-004\" data-e-action-hash=\"#elementor-action%3Aaction%3Dlightbox%26settings%3DeyJpZCI6NTA2MzczOSwidXJsIjoiaHR0cHM6XC9cL3Zpc2l0cGFybnUuY29tXC93cC1jb250ZW50XC91cGxvYWRzXC8yMDI1XC8xMFwvMi0wMDQuanBnIn0%3D\">\n\t\t\t\t\t\t\t<img loading=\"lazy\" decoding=\"async\" width=\"945\" height=\"629\" src=\"https:\/\/visitparnu.com\/wp-content\/uploads\/2025\/10\/2-004.jpg\" class=\"attachment-large size-large wp-image-5063739\" alt=\"\" srcset=\"https:\/\/visitparnu.com\/wp-content\/uploads\/2025\/10\/2-004.jpg 945w, https:\/\/visitparnu.com\/wp-content\/uploads\/2025\/10\/2-004-300x200.jpg 300w, https:\/\/visitparnu.com\/wp-content\/uploads\/2025\/10\/2-004-768x511.jpg 768w\" sizes=\"(max-width: 945px) 100vw, 945px\" \/>\t\t\t\t\t\t\t\t<\/a>\n\t\t\t\t\t\t\t\t\t\t\t<figcaption class=\"widget-image-caption wp-caption-text\">The RMK Southwest Region\u2019s new office building Sketch by JVR architects<\/figcaption>\n\t\t\t\t\t\t\t\t\t\t<\/figure>\n\t\t\t\t\t\t\t\t\t<\/div>\n\t\t\t\t<\/div>\n\t\t\t\t\t<\/div>\n\t\t\t\t<\/div>\n\t\t\t\t<\/div>\n\t\t","protected":false},"excerpt":{"rendered":"<p>Forest Management District office building and forest management settlement Where the Reiu River flows into the P\u00e4rnu River, log booms were located to catch timber that had been floated downstream. Here, the logs were sorted and forwarded to the sawmills in the city. Photo from the P\u00e4rnu Museum collection Forest management In P\u00e4rnu County, large [&hellip;]<\/p>\n","protected":false},"author":15,"featured_media":0,"parent":5063628,"menu_order":1,"comment_status":"closed","ping_status":"closed","template":"elementor_header_footer","meta":{"_acf_changed":false,"footnotes":""},"class_list":["post-5063634","page","type-page","status-publish","hentry"],"acf":[],"yoast_head":"<!-- This site is optimized with the Yoast SEO plugin v27.5 - https:\/\/yoast.com\/product\/yoast-seo-wordpress\/ -->\n<title>Forest Management District office building and forest management settlement - Visit P\u00e4rnu<\/title>\n<meta name=\"robots\" content=\"index, follow, max-snippet:-1, max-image-preview:large, max-video-preview:-1\" \/>\n<link rel=\"canonical\" href=\"https:\/\/visitparnu.com\/en\/paikuse-history-trail\/forest-management-district\/\" \/>\n<meta property=\"og:locale\" content=\"en_US\" \/>\n<meta property=\"og:type\" content=\"article\" \/>\n<meta property=\"og:title\" content=\"Forest Management District office building and forest management settlement - Visit P\u00e4rnu\" \/>\n<meta property=\"og:description\" content=\"Forest Management District office building and forest management settlement Where the Reiu River flows into the P\u00e4rnu River, log booms were located to catch timber that had been floated downstream. Here, the logs were sorted and forwarded to the sawmills in the city. Photo from the P\u00e4rnu Museum collection Forest management In P\u00e4rnu County, large [&hellip;]\" \/>\n<meta property=\"og:url\" content=\"https:\/\/visitparnu.com\/en\/paikuse-history-trail\/forest-management-district\/\" \/>\n<meta property=\"og:site_name\" content=\"Visit P\u00e4rnu\" \/>\n<meta property=\"article:publisher\" content=\"https:\/\/www.facebook.com\/visitparnuEE\/\" \/>\n<meta property=\"article:modified_time\" content=\"2025-10-27T08:07:20+00:00\" \/>\n<meta property=\"og:image\" content=\"https:\/\/visitparnu.com\/wp-content\/uploads\/2025\/10\/2-001.jpg\" \/>\n<meta name=\"twitter:card\" content=\"summary_large_image\" \/>\n<meta name=\"twitter:label1\" content=\"Est. reading time\" \/>\n\t<meta name=\"twitter:data1\" content=\"4 minutes\" \/>\n<script type=\"application\/ld+json\" class=\"yoast-schema-graph\">{\"@context\":\"https:\\\/\\\/schema.org\",\"@graph\":[{\"@type\":\"WebPage\",\"@id\":\"https:\\\/\\\/visitparnu.com\\\/en\\\/paikuse-history-trail\\\/forest-management-district\\\/\",\"url\":\"https:\\\/\\\/visitparnu.com\\\/en\\\/paikuse-history-trail\\\/forest-management-district\\\/\",\"name\":\"Forest Management District office building and forest management settlement - Visit P\u00e4rnu\",\"isPartOf\":{\"@id\":\"https:\\\/\\\/visitparnu.com\\\/en\\\/#website\"},\"primaryImageOfPage\":{\"@id\":\"https:\\\/\\\/visitparnu.com\\\/en\\\/paikuse-history-trail\\\/forest-management-district\\\/#primaryimage\"},\"image\":{\"@id\":\"https:\\\/\\\/visitparnu.com\\\/en\\\/paikuse-history-trail\\\/forest-management-district\\\/#primaryimage\"},\"thumbnailUrl\":\"https:\\\/\\\/visitparnu.com\\\/wp-content\\\/uploads\\\/2025\\\/10\\\/2-001.jpg\",\"datePublished\":\"2025-10-24T09:56:26+00:00\",\"dateModified\":\"2025-10-27T08:07:20+00:00\",\"breadcrumb\":{\"@id\":\"https:\\\/\\\/visitparnu.com\\\/en\\\/paikuse-history-trail\\\/forest-management-district\\\/#breadcrumb\"},\"inLanguage\":\"en-US\",\"potentialAction\":[{\"@type\":\"ReadAction\",\"target\":[\"https:\\\/\\\/visitparnu.com\\\/en\\\/paikuse-history-trail\\\/forest-management-district\\\/\"]}]},{\"@type\":\"ImageObject\",\"inLanguage\":\"en-US\",\"@id\":\"https:\\\/\\\/visitparnu.com\\\/en\\\/paikuse-history-trail\\\/forest-management-district\\\/#primaryimage\",\"url\":\"https:\\\/\\\/visitparnu.com\\\/wp-content\\\/uploads\\\/2025\\\/10\\\/2-001.jpg\",\"contentUrl\":\"https:\\\/\\\/visitparnu.com\\\/wp-content\\\/uploads\\\/2025\\\/10\\\/2-001.jpg\"},{\"@type\":\"BreadcrumbList\",\"@id\":\"https:\\\/\\\/visitparnu.com\\\/en\\\/paikuse-history-trail\\\/forest-management-district\\\/#breadcrumb\",\"itemListElement\":[{\"@type\":\"ListItem\",\"position\":1,\"name\":\"\",\"item\":\"https:\\\/\\\/visitparnu.com\\\/en\\\/\"},{\"@type\":\"ListItem\",\"position\":2,\"name\":\"Paikuse\",\"item\":\"https:\\\/\\\/visitparnu.com\\\/en\\\/paikuse-history\\\/\"},{\"@type\":\"ListItem\",\"position\":3,\"name\":\"Paikuse history trail intro\",\"item\":\"https:\\\/\\\/visitparnu.com\\\/en\\\/paikuse-history-trail\\\/\"},{\"@type\":\"ListItem\",\"position\":4,\"name\":\"Forest Management District office building and forest management settlement\"}]},{\"@type\":\"WebSite\",\"@id\":\"https:\\\/\\\/visitparnu.com\\\/en\\\/#website\",\"url\":\"https:\\\/\\\/visitparnu.com\\\/en\\\/\",\"name\":\"Visit P\u00e4rnu\",\"description\":\"\",\"publisher\":{\"@id\":\"https:\\\/\\\/visitparnu.com\\\/en\\\/#organization\"},\"potentialAction\":[{\"@type\":\"SearchAction\",\"target\":{\"@type\":\"EntryPoint\",\"urlTemplate\":\"https:\\\/\\\/visitparnu.com\\\/en\\\/?s={search_term_string}\"},\"query-input\":{\"@type\":\"PropertyValueSpecification\",\"valueRequired\":true,\"valueName\":\"search_term_string\"}}],\"inLanguage\":\"en-US\"},{\"@type\":\"Organization\",\"@id\":\"https:\\\/\\\/visitparnu.com\\\/en\\\/#organization\",\"name\":\"Visit P\u00e4rnu\",\"url\":\"https:\\\/\\\/visitparnu.com\\\/en\\\/\",\"logo\":{\"@type\":\"ImageObject\",\"inLanguage\":\"en-US\",\"@id\":\"https:\\\/\\\/visitparnu.com\\\/en\\\/#\\\/schema\\\/logo\\\/image\\\/\",\"url\":\"https:\\\/\\\/visitparnu.com\\\/wp-content\\\/uploads\\\/2022\\\/11\\\/VP_logo.svg\",\"contentUrl\":\"https:\\\/\\\/visitparnu.com\\\/wp-content\\\/uploads\\\/2022\\\/11\\\/VP_logo.svg\",\"width\":305,\"height\":33,\"caption\":\"Visit P\u00e4rnu\"},\"image\":{\"@id\":\"https:\\\/\\\/visitparnu.com\\\/en\\\/#\\\/schema\\\/logo\\\/image\\\/\"},\"sameAs\":[\"https:\\\/\\\/www.facebook.com\\\/visitparnuEE\\\/\",\"https:\\\/\\\/www.youtube.com\\\/user\\\/visitparnuestonia\\\/\",\"https:\\\/\\\/www.instagram.com\\\/visitparnu\\\/\"]}]}<\/script>\n<!-- \/ Yoast SEO plugin. -->","yoast_head_json":{"title":"Forest Management District office building and forest management settlement - Visit P\u00e4rnu","robots":{"index":"index","follow":"follow","max-snippet":"max-snippet:-1","max-image-preview":"max-image-preview:large","max-video-preview":"max-video-preview:-1"},"canonical":"https:\/\/visitparnu.com\/en\/paikuse-history-trail\/forest-management-district\/","og_locale":"en_US","og_type":"article","og_title":"Forest Management District office building and forest management settlement - Visit P\u00e4rnu","og_description":"Forest Management District office building and forest management settlement Where the Reiu River flows into the P\u00e4rnu River, log booms were located to catch timber that had been floated downstream. Here, the logs were sorted and forwarded to the sawmills in the city. Photo from the P\u00e4rnu Museum collection Forest management In P\u00e4rnu County, large [&hellip;]","og_url":"https:\/\/visitparnu.com\/en\/paikuse-history-trail\/forest-management-district\/","og_site_name":"Visit P\u00e4rnu","article_publisher":"https:\/\/www.facebook.com\/visitparnuEE\/","article_modified_time":"2025-10-27T08:07:20+00:00","og_image":[{"url":"https:\/\/visitparnu.com\/wp-content\/uploads\/2025\/10\/2-001.jpg","type":"","width":"","height":""}],"twitter_card":"summary_large_image","twitter_misc":{"Est. reading time":"4 minutes"},"schema":{"@context":"https:\/\/schema.org","@graph":[{"@type":"WebPage","@id":"https:\/\/visitparnu.com\/en\/paikuse-history-trail\/forest-management-district\/","url":"https:\/\/visitparnu.com\/en\/paikuse-history-trail\/forest-management-district\/","name":"Forest Management District office building and forest management settlement - Visit P\u00e4rnu","isPartOf":{"@id":"https:\/\/visitparnu.com\/en\/#website"},"primaryImageOfPage":{"@id":"https:\/\/visitparnu.com\/en\/paikuse-history-trail\/forest-management-district\/#primaryimage"},"image":{"@id":"https:\/\/visitparnu.com\/en\/paikuse-history-trail\/forest-management-district\/#primaryimage"},"thumbnailUrl":"https:\/\/visitparnu.com\/wp-content\/uploads\/2025\/10\/2-001.jpg","datePublished":"2025-10-24T09:56:26+00:00","dateModified":"2025-10-27T08:07:20+00:00","breadcrumb":{"@id":"https:\/\/visitparnu.com\/en\/paikuse-history-trail\/forest-management-district\/#breadcrumb"},"inLanguage":"en-US","potentialAction":[{"@type":"ReadAction","target":["https:\/\/visitparnu.com\/en\/paikuse-history-trail\/forest-management-district\/"]}]},{"@type":"ImageObject","inLanguage":"en-US","@id":"https:\/\/visitparnu.com\/en\/paikuse-history-trail\/forest-management-district\/#primaryimage","url":"https:\/\/visitparnu.com\/wp-content\/uploads\/2025\/10\/2-001.jpg","contentUrl":"https:\/\/visitparnu.com\/wp-content\/uploads\/2025\/10\/2-001.jpg"},{"@type":"BreadcrumbList","@id":"https:\/\/visitparnu.com\/en\/paikuse-history-trail\/forest-management-district\/#breadcrumb","itemListElement":[{"@type":"ListItem","position":1,"name":"","item":"https:\/\/visitparnu.com\/en\/"},{"@type":"ListItem","position":2,"name":"Paikuse","item":"https:\/\/visitparnu.com\/en\/paikuse-history\/"},{"@type":"ListItem","position":3,"name":"Paikuse history trail intro","item":"https:\/\/visitparnu.com\/en\/paikuse-history-trail\/"},{"@type":"ListItem","position":4,"name":"Forest Management District office building and forest management settlement"}]},{"@type":"WebSite","@id":"https:\/\/visitparnu.com\/en\/#website","url":"https:\/\/visitparnu.com\/en\/","name":"Visit P\u00e4rnu","description":"","publisher":{"@id":"https:\/\/visitparnu.com\/en\/#organization"},"potentialAction":[{"@type":"SearchAction","target":{"@type":"EntryPoint","urlTemplate":"https:\/\/visitparnu.com\/en\/?s={search_term_string}"},"query-input":{"@type":"PropertyValueSpecification","valueRequired":true,"valueName":"search_term_string"}}],"inLanguage":"en-US"},{"@type":"Organization","@id":"https:\/\/visitparnu.com\/en\/#organization","name":"Visit P\u00e4rnu","url":"https:\/\/visitparnu.com\/en\/","logo":{"@type":"ImageObject","inLanguage":"en-US","@id":"https:\/\/visitparnu.com\/en\/#\/schema\/logo\/image\/","url":"https:\/\/visitparnu.com\/wp-content\/uploads\/2022\/11\/VP_logo.svg","contentUrl":"https:\/\/visitparnu.com\/wp-content\/uploads\/2022\/11\/VP_logo.svg","width":305,"height":33,"caption":"Visit P\u00e4rnu"},"image":{"@id":"https:\/\/visitparnu.com\/en\/#\/schema\/logo\/image\/"},"sameAs":["https:\/\/www.facebook.com\/visitparnuEE\/","https:\/\/www.youtube.com\/user\/visitparnuestonia\/","https:\/\/www.instagram.com\/visitparnu\/"]}]}},"_links":{"self":[{"href":"https:\/\/visitparnu.com\/en\/wp-json\/wp\/v2\/pages\/5063634","targetHints":{"allow":["GET"]}}],"collection":[{"href":"https:\/\/visitparnu.com\/en\/wp-json\/wp\/v2\/pages"}],"about":[{"href":"https:\/\/visitparnu.com\/en\/wp-json\/wp\/v2\/types\/page"}],"author":[{"embeddable":true,"href":"https:\/\/visitparnu.com\/en\/wp-json\/wp\/v2\/users\/15"}],"replies":[{"embeddable":true,"href":"https:\/\/visitparnu.com\/en\/wp-json\/wp\/v2\/comments?post=5063634"}],"version-history":[{"count":66,"href":"https:\/\/visitparnu.com\/en\/wp-json\/wp\/v2\/pages\/5063634\/revisions"}],"predecessor-version":[{"id":5064022,"href":"https:\/\/visitparnu.com\/en\/wp-json\/wp\/v2\/pages\/5063634\/revisions\/5064022"}],"up":[{"embeddable":true,"href":"https:\/\/visitparnu.com\/en\/wp-json\/wp\/v2\/pages\/5063628"}],"wp:attachment":[{"href":"https:\/\/visitparnu.com\/en\/wp-json\/wp\/v2\/media?parent=5063634"}],"curies":[{"name":"wp","href":"https:\/\/api.w.org\/{rel}","templated":true}]}}