{"id":5050599,"date":"2021-05-26T09:45:47","date_gmt":"2021-05-26T07:45:47","guid":{"rendered":"https:\/\/visitparnu.com\/soovitused\/"},"modified":"2025-06-26T11:00:50","modified_gmt":"2025-06-26T09:00:50","slug":"recommendations","status":"publish","type":"page","link":"https:\/\/visitparnu.com\/en\/recommendations\/","title":{"rendered":"Recommendations"},"content":{"rendered":"\t\t<div data-elementor-type=\"wp-post\" data-elementor-id=\"5050599\" class=\"elementor elementor-5050599 elementor-4936763\" data-elementor-post-type=\"page\">\n\t\t\t\t<div class=\"elementor-element elementor-element-37812a62 content-one-col-block e-flex e-con-boxed e-con e-parent\" data-id=\"37812a62\" data-element_type=\"container\" data-e-type=\"container\">\n\t\t\t\t\t<div class=\"e-con-inner\">\n\t\t<div class=\"elementor-element elementor-element-51bf21e5 e-con-full e-flex e-con e-child\" data-id=\"51bf21e5\" data-element_type=\"container\" data-e-type=\"container\">\n\t\t\t\t<div class=\"elementor-element elementor-element-555efa36 elementor-widget elementor-widget-text-editor\" data-id=\"555efa36\" data-element_type=\"widget\" data-e-type=\"widget\" data-widget_type=\"text-editor.default\">\n\t\t\t\t\t\t\t\t\t<p>Looking for fun things to do in P\u00e4rnu? Check out our top suggestions here!<\/p>\t\t\t\t\t\t\t\t<\/div>\n\t\t\t\t<div class=\"elementor-element elementor-element-5a42d55 elementor-grid-3 elementor-grid-tablet-2 elementor-grid-mobile-1 elementor-widget elementor-widget-loop-grid\" data-id=\"5a42d55\" data-element_type=\"widget\" data-e-type=\"widget\" data-settings=\"{&quot;pagination_type&quot;:&quot;numbers&quot;,&quot;columns&quot;:3,&quot;row_gap&quot;:{&quot;unit&quot;:&quot;px&quot;,&quot;size&quot;:10,&quot;sizes&quot;:[]},&quot;template_id&quot;:4955441,&quot;_skin&quot;:&quot;post&quot;,&quot;columns_tablet&quot;:&quot;2&quot;,&quot;columns_mobile&quot;:&quot;1&quot;,&quot;edit_handle_selector&quot;:&quot;[data-elementor-type=\\&quot;loop-item\\&quot;]&quot;,&quot;pagination_load_type&quot;:&quot;page_reload&quot;,&quot;row_gap_tablet&quot;:{&quot;unit&quot;:&quot;px&quot;,&quot;size&quot;:&quot;&quot;,&quot;sizes&quot;:[]},&quot;row_gap_mobile&quot;:{&quot;unit&quot;:&quot;px&quot;,&quot;size&quot;:&quot;&quot;,&quot;sizes&quot;:[]}}\" data-widget_type=\"loop-grid.post\">\n\t\t\t\t<div class=\"elementor-widget-container\">\n\t\t\t\t\t\t\t<div class=\"elementor-loop-container elementor-grid\" role=\"list\">\n\t\t<style id=\"loop-4955441\">.elementor-4955441 .elementor-element.elementor-element-3ef2a45{--display:flex;--min-height:350px;--gap:20px 20px;--row-gap:20px;--column-gap:20px;--background-transition:0.3s;--border-radius:30px 30px 30px 30px;--margin-top:0px;--margin-bottom:20px;--margin-left:0px;--margin-right:20px;--padding-top:30px;--padding-bottom:30px;--padding-left:30px;--padding-right:30px;}.elementor-4955441 .elementor-element.elementor-element-3ef2a45:hover{background-color:#CFDEED33;}.elementor-widget-image .widget-image-caption{color:var( --e-global-color-text );}.elementor-4955441 .elementor-element.elementor-element-c23e7ae img{height:200px;object-fit:cover;object-position:center center;border-radius:25px 25px 25px 25px;}.elementor-widget-theme-post-title .elementor-heading-title{color:var( --e-global-color-primary );}.elementor-4955441 .elementor-element.elementor-element-3e9b98e{text-align:start;}.elementor-4955441 .elementor-element.elementor-element-3e9b98e .elementor-heading-title{font-family:\"TT Norms\", Sans-serif;font-size:25px;font-weight:500;}.elementor-widget-theme-post-excerpt{color:var( --e-global-color-text );}.elementor-4955441 .elementor-element.elementor-element-2320efc{text-align:start;font-family:\"TT Norms\", Sans-serif;line-height:1.7em;}@media(max-width:767px){.elementor-4955441 .elementor-element.elementor-element-3ef2a45{--padding-top:15px;--padding-bottom:15px;--padding-left:15px;--padding-right:15px;}}<\/style>\t\t<div data-elementor-type=\"loop-item\" data-elementor-id=\"4955441\" class=\"elementor elementor-4955441 elementor-4924415 elementor-4924415 e-loop-item e-loop-item-5001514 post-5001514 post type-post status-publish format-standard has-post-thumbnail hentry category-soovitused-en tag-sundmused-en\" data-elementor-post-type=\"elementor_library\" data-custom-edit-handle=\"1\">\n\t\t\t<a class=\"elementor-element elementor-element-3ef2a45 e-flex e-con-boxed e-con e-parent\" data-id=\"3ef2a45\" data-element_type=\"container\" data-e-type=\"container\" href=\"https:\/\/visitparnu.com\/en\/annual-music-festivals-and-events-in-parnu\/\">\n\t\t\t\t\t<div class=\"e-con-inner\">\n\t\t\t\t<div class=\"elementor-element elementor-element-c23e7ae elementor-widget elementor-widget-image\" data-id=\"c23e7ae\" data-element_type=\"widget\" data-e-type=\"widget\" data-widget_type=\"image.default\">\n\t\t\t\t\t\t\t\t\t\t\t\t\t\t\t<img fetchpriority=\"high\" decoding=\"async\" width=\"768\" height=\"512\" src=\"https:\/\/visitparnu.com\/wp-content\/uploads\/2022\/12\/Beach_Grind_2023_9-1-768x512.jpg\" class=\"attachment-medium_large size-medium_large wp-image-5001720\" alt=\"\" srcset=\"https:\/\/visitparnu.com\/wp-content\/uploads\/2022\/12\/Beach_Grind_2023_9-1-768x512.jpg 768w, https:\/\/visitparnu.com\/wp-content\/uploads\/2022\/12\/Beach_Grind_2023_9-1-300x200.jpg 300w, https:\/\/visitparnu.com\/wp-content\/uploads\/2022\/12\/Beach_Grind_2023_9-1-1024x683.jpg 1024w, https:\/\/visitparnu.com\/wp-content\/uploads\/2022\/12\/Beach_Grind_2023_9-1-1536x1024.jpg 1536w, https:\/\/visitparnu.com\/wp-content\/uploads\/2022\/12\/Beach_Grind_2023_9-1.jpg 2048w\" sizes=\"(max-width: 768px) 100vw, 768px\" \/>\t\t\t\t\t\t\t\t\t\t\t\t\t\t\t<\/div>\n\t\t\t\t<div class=\"elementor-element elementor-element-3e9b98e elementor-widget elementor-widget-theme-post-title elementor-page-title elementor-widget-heading\" data-id=\"3e9b98e\" data-element_type=\"widget\" data-e-type=\"widget\" data-widget_type=\"theme-post-title.default\">\n\t\t\t\t\t<h2 class=\"elementor-heading-title elementor-size-default\">Major annual music festivals and events in P\u00e4rnu county 2026<\/h2>\t\t\t\t<\/div>\n\t\t\t\t\t<\/div>\n\t\t\t\t<\/a>\n\t\t\t\t<\/div>\n\t\t\t\t<div data-elementor-type=\"loop-item\" data-elementor-id=\"4955441\" class=\"elementor elementor-4955441 elementor-4924415 elementor-4924415 e-loop-item e-loop-item-5060769 post-5060769 post type-post status-publish format-standard has-post-thumbnail hentry category-soovitused-en tag-sundmused-en\" data-elementor-post-type=\"elementor_library\" data-custom-edit-handle=\"1\">\n\t\t\t<a class=\"elementor-element elementor-element-3ef2a45 e-flex e-con-boxed e-con e-parent\" data-id=\"3ef2a45\" data-element_type=\"container\" data-e-type=\"container\" href=\"https:\/\/visitparnu.com\/en\/brainstorm-recommends-parnu\/\">\n\t\t\t\t\t<div class=\"e-con-inner\">\n\t\t\t\t<div class=\"elementor-element elementor-element-c23e7ae elementor-widget elementor-widget-image\" data-id=\"c23e7ae\" data-element_type=\"widget\" data-e-type=\"widget\" data-widget_type=\"image.default\">\n\t\t\t\t\t\t\t\t\t\t\t\t\t\t\t<img decoding=\"async\" width=\"768\" height=\"256\" src=\"https:\/\/visitparnu.com\/wp-content\/uploads\/2025\/09\/Header_4-768x256.jpg\" class=\"attachment-medium_large size-medium_large wp-image-5061063\" alt=\"\" srcset=\"https:\/\/visitparnu.com\/wp-content\/uploads\/2025\/09\/Header_4-768x256.jpg 768w, https:\/\/visitparnu.com\/wp-content\/uploads\/2025\/09\/Header_4-300x100.jpg 300w, https:\/\/visitparnu.com\/wp-content\/uploads\/2025\/09\/Header_4-1024x341.jpg 1024w, https:\/\/visitparnu.com\/wp-content\/uploads\/2025\/09\/Header_4-1536x512.jpg 1536w, https:\/\/visitparnu.com\/wp-content\/uploads\/2025\/09\/Header_4-2048x683.jpg 2048w\" sizes=\"(max-width: 768px) 100vw, 768px\" \/>\t\t\t\t\t\t\t\t\t\t\t\t\t\t\t<\/div>\n\t\t\t\t<div class=\"elementor-element elementor-element-3e9b98e elementor-widget elementor-widget-theme-post-title elementor-page-title elementor-widget-heading\" data-id=\"3e9b98e\" data-element_type=\"widget\" data-e-type=\"widget\" data-widget_type=\"theme-post-title.default\">\n\t\t\t\t\t<h2 class=\"elementor-heading-title elementor-size-default\">Brainstorm recommends #onceuponatimeinparnu<\/h2>\t\t\t\t<\/div>\n\t\t\t\t<div class=\"elementor-element elementor-element-2320efc elementor-widget elementor-widget-theme-post-excerpt\" data-id=\"2320efc\" data-element_type=\"widget\" data-e-type=\"widget\" data-widget_type=\"theme-post-excerpt.default\">\n\t\t\t\t\tLisaks kuurortlinnale on P\u00e4rnu ka kultuurilinn, kust leiab muusikafestivale ja s\u00fcndmuseid igale maitsele, nii klassikalise muusika ja ooperi kui ka\t\t\t\t<\/div>\n\t\t\t\t\t<\/div>\n\t\t\t\t<\/a>\n\t\t\t\t<\/div>\n\t\t\t\t<div data-elementor-type=\"loop-item\" data-elementor-id=\"4955441\" class=\"elementor elementor-4955441 elementor-4924415 elementor-4924415 e-loop-item e-loop-item-5033894 post-5033894 post type-post status-publish format-standard has-post-thumbnail hentry category-soovitused-en tag-sundmused-en\" data-elementor-post-type=\"elementor_library\" data-custom-edit-handle=\"1\">\n\t\t\t<a class=\"elementor-element elementor-element-3ef2a45 e-flex e-con-boxed e-con e-parent\" data-id=\"3ef2a45\" data-element_type=\"container\" data-e-type=\"container\" href=\"https:\/\/visitparnu.com\/en\/bedwetters-recommends-yessparnu-vol2\/\">\n\t\t\t\t\t<div class=\"e-con-inner\">\n\t\t\t\t<div class=\"elementor-element elementor-element-c23e7ae elementor-widget elementor-widget-image\" data-id=\"c23e7ae\" data-element_type=\"widget\" data-e-type=\"widget\" data-widget_type=\"image.default\">\n\t\t\t\t\t\t\t\t\t\t\t\t\t\t\t<img decoding=\"async\" width=\"768\" height=\"256\" src=\"https:\/\/visitparnu.com\/wp-content\/uploads\/2024\/09\/YESS-2-eng-768x256.png\" class=\"attachment-medium_large size-medium_large wp-image-5033896\" alt=\"\" srcset=\"https:\/\/visitparnu.com\/wp-content\/uploads\/2024\/09\/YESS-2-eng-768x256.png 768w, https:\/\/visitparnu.com\/wp-content\/uploads\/2024\/09\/YESS-2-eng-300x100.png 300w, https:\/\/visitparnu.com\/wp-content\/uploads\/2024\/09\/YESS-2-eng-1024x341.png 1024w, https:\/\/visitparnu.com\/wp-content\/uploads\/2024\/09\/YESS-2-eng-1536x512.png 1536w, https:\/\/visitparnu.com\/wp-content\/uploads\/2024\/09\/YESS-2-eng-2048x683.png 2048w, https:\/\/visitparnu.com\/wp-content\/uploads\/2024\/09\/YESS-2-eng-e1727687163344.png 1500w\" sizes=\"(max-width: 768px) 100vw, 768px\" \/>\t\t\t\t\t\t\t\t\t\t\t\t\t\t\t<\/div>\n\t\t\t\t<div class=\"elementor-element elementor-element-3e9b98e elementor-widget elementor-widget-theme-post-title elementor-page-title elementor-widget-heading\" data-id=\"3e9b98e\" data-element_type=\"widget\" data-e-type=\"widget\" data-widget_type=\"theme-post-title.default\">\n\t\t\t\t\t<h2 class=\"elementor-heading-title elementor-size-default\">Bedwetters recommends \u2013 #yessp\u00e4rnu vol2<\/h2>\t\t\t\t<\/div>\n\t\t\t\t<div class=\"elementor-element elementor-element-2320efc elementor-widget elementor-widget-theme-post-excerpt\" data-id=\"2320efc\" data-element_type=\"widget\" data-e-type=\"widget\" data-widget_type=\"theme-post-excerpt.default\">\n\t\t\t\t\tLisaks kuurortlinnale on P\u00e4rnu ka kultuurilinn, kust leiab muusikafestivale ja s\u00fcndmuseid igale maitsele, nii klassikalise muusika ja ooperi kui ka\t\t\t\t<\/div>\n\t\t\t\t\t<\/div>\n\t\t\t\t<\/a>\n\t\t\t\t<\/div>\n\t\t\t\t<div data-elementor-type=\"loop-item\" data-elementor-id=\"4955441\" class=\"elementor elementor-4955441 elementor-4924415 elementor-4924415 e-loop-item e-loop-item-4963236 post-4963236 post type-post status-publish format-standard has-post-thumbnail hentry category-guides category-soovitused-en tag-toit-en\" data-elementor-post-type=\"elementor_library\" data-custom-edit-handle=\"1\">\n\t\t\t<a class=\"elementor-element elementor-element-3ef2a45 e-flex e-con-boxed e-con e-parent\" data-id=\"3ef2a45\" data-element_type=\"container\" data-e-type=\"container\" href=\"https:\/\/visitparnu.com\/en\/next-gourmet-destination\/\">\n\t\t\t\t\t<div class=\"e-con-inner\">\n\t\t\t\t<div class=\"elementor-element elementor-element-c23e7ae elementor-widget elementor-widget-image\" data-id=\"c23e7ae\" data-element_type=\"widget\" data-e-type=\"widget\" data-widget_type=\"image.default\">\n\t\t\t\t\t\t\t\t\t\t\t\t\t\t\t<img loading=\"lazy\" decoding=\"async\" width=\"768\" height=\"513\" src=\"https:\/\/visitparnu.com\/wp-content\/uploads\/2023\/05\/akord_product183-002-768x513.jpg\" class=\"attachment-medium_large size-medium_large wp-image-5053901\" alt=\"akord\" srcset=\"https:\/\/visitparnu.com\/wp-content\/uploads\/2023\/05\/akord_product183-002-768x513.jpg 768w, https:\/\/visitparnu.com\/wp-content\/uploads\/2023\/05\/akord_product183-002-300x200.jpg 300w, https:\/\/visitparnu.com\/wp-content\/uploads\/2023\/05\/akord_product183-002-1024x684.jpg 1024w, https:\/\/visitparnu.com\/wp-content\/uploads\/2023\/05\/akord_product183-002-1536x1026.jpg 1536w, https:\/\/visitparnu.com\/wp-content\/uploads\/2023\/05\/akord_product183-002.jpg 1920w\" sizes=\"(max-width: 768px) 100vw, 768px\" \/>\t\t\t\t\t\t\t\t\t\t\t\t\t\t\t<\/div>\n\t\t\t\t<div class=\"elementor-element elementor-element-3e9b98e elementor-widget elementor-widget-theme-post-title elementor-page-title elementor-widget-heading\" data-id=\"3e9b98e\" data-element_type=\"widget\" data-e-type=\"widget\" data-widget_type=\"theme-post-title.default\">\n\t\t\t\t\t<h2 class=\"elementor-heading-title elementor-size-default\">Your next gourmet destination \u2013 P\u00e4rnu<\/h2>\t\t\t\t<\/div>\n\t\t\t\t<div class=\"elementor-element elementor-element-2320efc elementor-widget elementor-widget-theme-post-excerpt\" data-id=\"2320efc\" data-element_type=\"widget\" data-e-type=\"widget\" data-widget_type=\"theme-post-excerpt.default\">\n\t\t\t\t\tTaimetoit on j\u00e4rjest populaarsem ja vegan toite v\u00f5ib leida ka mitmetest P\u00e4rnu s\u00f6\u00f6gikohtadest. Kui oled taimetoitlane v\u00f5i soovid lihtsalt kergemat\t\t\t\t<\/div>\n\t\t\t\t\t<\/div>\n\t\t\t\t<\/a>\n\t\t\t\t<\/div>\n\t\t\t\t<div data-elementor-type=\"loop-item\" data-elementor-id=\"4955441\" class=\"elementor elementor-4955441 elementor-4924415 elementor-4924415 e-loop-item e-loop-item-5007938 post-5007938 post type-post status-publish format-standard hentry category-soovitused-en tag-sundmused-en\" data-elementor-post-type=\"elementor_library\" data-custom-edit-handle=\"1\">\n\t\t\t<a class=\"elementor-element elementor-element-3ef2a45 e-flex e-con-boxed e-con e-parent\" data-id=\"3ef2a45\" data-element_type=\"container\" data-e-type=\"container\" href=\"https:\/\/visitparnu.com\/en\/bedwetters-soovitab-yessparnu\/\">\n\t\t\t\t\t<div class=\"e-con-inner\">\n\t\t\t\t<div class=\"elementor-element elementor-element-c23e7ae elementor-widget elementor-widget-image\" data-id=\"c23e7ae\" data-element_type=\"widget\" data-e-type=\"widget\" data-widget_type=\"image.default\">\n\t\t\t\t\t\t\t\t\t\t\t\t\t\t\t<img loading=\"lazy\" decoding=\"async\" width=\"768\" height=\"384\" src=\"https:\/\/visitparnu.com\/wp-content\/uploads\/2022\/11\/parnu_featured-768x384.jpg\" class=\"attachment-medium_large size-medium_large wp-image-4940257\" alt=\"\" srcset=\"https:\/\/visitparnu.com\/wp-content\/uploads\/2022\/11\/parnu_featured-768x384.jpg 768w, https:\/\/visitparnu.com\/wp-content\/uploads\/2022\/11\/parnu_featured-300x150.jpg 300w, https:\/\/visitparnu.com\/wp-content\/uploads\/2022\/11\/parnu_featured-1024x512.jpg 1024w, https:\/\/visitparnu.com\/wp-content\/uploads\/2022\/11\/parnu_featured-1536x768.jpg 1536w, https:\/\/visitparnu.com\/wp-content\/uploads\/2022\/11\/parnu_featured-2048x1024.jpg 2048w\" sizes=\"(max-width: 768px) 100vw, 768px\" \/>\t\t\t\t\t\t\t\t\t\t\t\t\t\t\t<\/div>\n\t\t\t\t<div class=\"elementor-element elementor-element-3e9b98e elementor-widget elementor-widget-theme-post-title elementor-page-title elementor-widget-heading\" data-id=\"3e9b98e\" data-element_type=\"widget\" data-e-type=\"widget\" data-widget_type=\"theme-post-title.default\">\n\t\t\t\t\t<h2 class=\"elementor-heading-title elementor-size-default\">Bedwetters recommends \u2013 #yessp\u00e4rnu<\/h2>\t\t\t\t<\/div>\n\t\t\t\t<div class=\"elementor-element elementor-element-2320efc elementor-widget elementor-widget-theme-post-excerpt\" data-id=\"2320efc\" data-element_type=\"widget\" data-e-type=\"widget\" data-widget_type=\"theme-post-excerpt.default\">\n\t\t\t\t\tLisaks kuurortlinnale on P\u00e4rnu ka kultuurilinn, kust leiab muusikafestivale ja s\u00fcndmuseid igale maitsele, nii klassikalise muusika ja ooperi kui ka\t\t\t\t<\/div>\n\t\t\t\t\t<\/div>\n\t\t\t\t<\/a>\n\t\t\t\t<\/div>\n\t\t\t\t<\/div>\n\t\t\n\t\t\t\t\t\t<\/div>\n\t\t\t\t<\/div>\n\t\t\t\t<\/div>\n\t\t\t\t\t<\/div>\n\t\t\t\t<\/div>\n\t\t\t\t<\/div>\n\t\t","protected":false},"excerpt":{"rendered":"<p>Looking for fun things to do in P\u00e4rnu? Check out our top suggestions here!<\/p>\n","protected":false},"author":1,"featured_media":5004037,"parent":0,"menu_order":0,"comment_status":"closed","ping_status":"closed","template":"","meta":{"_acf_changed":false,"footnotes":""},"class_list":["post-5050599","page","type-page","status-publish","has-post-thumbnail","hentry"],"acf":[],"yoast_head":"<!-- This site is optimized with the Yoast SEO plugin v27.3 - https:\/\/yoast.com\/product\/yoast-seo-wordpress\/ -->\n<title>Recommendations - Visit P\u00e4rnu<\/title>\n<meta name=\"description\" content=\"Looking for fun things to do in P\u00e4rnu? Check out our top suggestions here\" \/>\n<meta name=\"robots\" content=\"index, follow, max-snippet:-1, max-image-preview:large, max-video-preview:-1\" \/>\n<link rel=\"canonical\" href=\"https:\/\/visitparnu.com\/en\/recommendations\/\" \/>\n<meta property=\"og:locale\" content=\"en_US\" \/>\n<meta property=\"og:type\" content=\"article\" \/>\n<meta property=\"og:title\" content=\"Recommendations - Visit P\u00e4rnu\" \/>\n<meta property=\"og:description\" content=\"Looking for fun things to do in P\u00e4rnu? Check out our top suggestions here\" \/>\n<meta property=\"og:url\" content=\"https:\/\/visitparnu.com\/en\/recommendations\/\" \/>\n<meta property=\"og:site_name\" content=\"Visit P\u00e4rnu\" \/>\n<meta property=\"article:publisher\" content=\"https:\/\/www.facebook.com\/visitparnuEE\/\" \/>\n<meta property=\"article:modified_time\" content=\"2025-06-26T09:00:50+00:00\" \/>\n<meta property=\"og:image\" content=\"https:\/\/visitparnu.com\/wp-content\/uploads\/2024\/04\/50617024312_5369d69599_k.jpg\" \/>\n\t<meta property=\"og:image:width\" content=\"2048\" \/>\n\t<meta property=\"og:image:height\" content=\"1024\" \/>\n\t<meta property=\"og:image:type\" content=\"image\/jpeg\" \/>\n<meta name=\"twitter:card\" content=\"summary_large_image\" \/>\n<meta name=\"twitter:label1\" content=\"Est. reading time\" \/>\n\t<meta name=\"twitter:data1\" content=\"2 minutes\" \/>\n<script type=\"application\/ld+json\" class=\"yoast-schema-graph\">{\"@context\":\"https:\\\/\\\/schema.org\",\"@graph\":[{\"@type\":\"WebPage\",\"@id\":\"https:\\\/\\\/visitparnu.com\\\/en\\\/recommendations\\\/\",\"url\":\"https:\\\/\\\/visitparnu.com\\\/en\\\/recommendations\\\/\",\"name\":\"Recommendations - Visit P\u00e4rnu\",\"isPartOf\":{\"@id\":\"https:\\\/\\\/visitparnu.com\\\/en\\\/#website\"},\"primaryImageOfPage\":{\"@id\":\"https:\\\/\\\/visitparnu.com\\\/en\\\/recommendations\\\/#primaryimage\"},\"image\":{\"@id\":\"https:\\\/\\\/visitparnu.com\\\/en\\\/recommendations\\\/#primaryimage\"},\"thumbnailUrl\":\"https:\\\/\\\/visitparnu.com\\\/wp-content\\\/uploads\\\/2024\\\/04\\\/50617024312_5369d69599_k.jpg\",\"datePublished\":\"2021-05-26T07:45:47+00:00\",\"dateModified\":\"2025-06-26T09:00:50+00:00\",\"description\":\"Looking for fun things to do in P\u00e4rnu? Check out our top suggestions here\",\"breadcrumb\":{\"@id\":\"https:\\\/\\\/visitparnu.com\\\/en\\\/recommendations\\\/#breadcrumb\"},\"inLanguage\":\"en-US\",\"potentialAction\":[{\"@type\":\"ReadAction\",\"target\":[\"https:\\\/\\\/visitparnu.com\\\/en\\\/recommendations\\\/\"]}]},{\"@type\":\"ImageObject\",\"inLanguage\":\"en-US\",\"@id\":\"https:\\\/\\\/visitparnu.com\\\/en\\\/recommendations\\\/#primaryimage\",\"url\":\"https:\\\/\\\/visitparnu.com\\\/wp-content\\\/uploads\\\/2024\\\/04\\\/50617024312_5369d69599_k.jpg\",\"contentUrl\":\"https:\\\/\\\/visitparnu.com\\\/wp-content\\\/uploads\\\/2024\\\/04\\\/50617024312_5369d69599_k.jpg\",\"width\":2048,\"height\":1024,\"caption\":\"P\u00e4rnu linn\"},{\"@type\":\"BreadcrumbList\",\"@id\":\"https:\\\/\\\/visitparnu.com\\\/en\\\/recommendations\\\/#breadcrumb\",\"itemListElement\":[{\"@type\":\"ListItem\",\"position\":1,\"name\":\"\",\"item\":\"https:\\\/\\\/visitparnu.com\\\/en\\\/\"},{\"@type\":\"ListItem\",\"position\":2,\"name\":\"Recommendations\"}]},{\"@type\":\"WebSite\",\"@id\":\"https:\\\/\\\/visitparnu.com\\\/en\\\/#website\",\"url\":\"https:\\\/\\\/visitparnu.com\\\/en\\\/\",\"name\":\"Visit P\u00e4rnu\",\"description\":\"\",\"publisher\":{\"@id\":\"https:\\\/\\\/visitparnu.com\\\/en\\\/#organization\"},\"potentialAction\":[{\"@type\":\"SearchAction\",\"target\":{\"@type\":\"EntryPoint\",\"urlTemplate\":\"https:\\\/\\\/visitparnu.com\\\/en\\\/?s={search_term_string}\"},\"query-input\":{\"@type\":\"PropertyValueSpecification\",\"valueRequired\":true,\"valueName\":\"search_term_string\"}}],\"inLanguage\":\"en-US\"},{\"@type\":\"Organization\",\"@id\":\"https:\\\/\\\/visitparnu.com\\\/en\\\/#organization\",\"name\":\"Visit P\u00e4rnu\",\"url\":\"https:\\\/\\\/visitparnu.com\\\/en\\\/\",\"logo\":{\"@type\":\"ImageObject\",\"inLanguage\":\"en-US\",\"@id\":\"https:\\\/\\\/visitparnu.com\\\/en\\\/#\\\/schema\\\/logo\\\/image\\\/\",\"url\":\"https:\\\/\\\/visitparnu.com\\\/wp-content\\\/uploads\\\/2022\\\/11\\\/VP_logo.svg\",\"contentUrl\":\"https:\\\/\\\/visitparnu.com\\\/wp-content\\\/uploads\\\/2022\\\/11\\\/VP_logo.svg\",\"width\":305,\"height\":33,\"caption\":\"Visit P\u00e4rnu\"},\"image\":{\"@id\":\"https:\\\/\\\/visitparnu.com\\\/en\\\/#\\\/schema\\\/logo\\\/image\\\/\"},\"sameAs\":[\"https:\\\/\\\/www.facebook.com\\\/visitparnuEE\\\/\",\"https:\\\/\\\/www.youtube.com\\\/user\\\/visitparnuestonia\\\/\",\"https:\\\/\\\/www.instagram.com\\\/visitparnu\\\/\"]}]}<\/script>\n<!-- \/ Yoast SEO plugin. -->","yoast_head_json":{"title":"Recommendations - Visit P\u00e4rnu","description":"Looking for fun things to do in P\u00e4rnu? Check out our top suggestions here","robots":{"index":"index","follow":"follow","max-snippet":"max-snippet:-1","max-image-preview":"max-image-preview:large","max-video-preview":"max-video-preview:-1"},"canonical":"https:\/\/visitparnu.com\/en\/recommendations\/","og_locale":"en_US","og_type":"article","og_title":"Recommendations - Visit P\u00e4rnu","og_description":"Looking for fun things to do in P\u00e4rnu? Check out our top suggestions here","og_url":"https:\/\/visitparnu.com\/en\/recommendations\/","og_site_name":"Visit P\u00e4rnu","article_publisher":"https:\/\/www.facebook.com\/visitparnuEE\/","article_modified_time":"2025-06-26T09:00:50+00:00","og_image":[{"width":2048,"height":1024,"url":"https:\/\/visitparnu.com\/wp-content\/uploads\/2024\/04\/50617024312_5369d69599_k.jpg","type":"image\/jpeg"}],"twitter_card":"summary_large_image","twitter_misc":{"Est. reading time":"2 minutes"},"schema":{"@context":"https:\/\/schema.org","@graph":[{"@type":"WebPage","@id":"https:\/\/visitparnu.com\/en\/recommendations\/","url":"https:\/\/visitparnu.com\/en\/recommendations\/","name":"Recommendations - Visit P\u00e4rnu","isPartOf":{"@id":"https:\/\/visitparnu.com\/en\/#website"},"primaryImageOfPage":{"@id":"https:\/\/visitparnu.com\/en\/recommendations\/#primaryimage"},"image":{"@id":"https:\/\/visitparnu.com\/en\/recommendations\/#primaryimage"},"thumbnailUrl":"https:\/\/visitparnu.com\/wp-content\/uploads\/2024\/04\/50617024312_5369d69599_k.jpg","datePublished":"2021-05-26T07:45:47+00:00","dateModified":"2025-06-26T09:00:50+00:00","description":"Looking for fun things to do in P\u00e4rnu? Check out our top suggestions here","breadcrumb":{"@id":"https:\/\/visitparnu.com\/en\/recommendations\/#breadcrumb"},"inLanguage":"en-US","potentialAction":[{"@type":"ReadAction","target":["https:\/\/visitparnu.com\/en\/recommendations\/"]}]},{"@type":"ImageObject","inLanguage":"en-US","@id":"https:\/\/visitparnu.com\/en\/recommendations\/#primaryimage","url":"https:\/\/visitparnu.com\/wp-content\/uploads\/2024\/04\/50617024312_5369d69599_k.jpg","contentUrl":"https:\/\/visitparnu.com\/wp-content\/uploads\/2024\/04\/50617024312_5369d69599_k.jpg","width":2048,"height":1024,"caption":"P\u00e4rnu linn"},{"@type":"BreadcrumbList","@id":"https:\/\/visitparnu.com\/en\/recommendations\/#breadcrumb","itemListElement":[{"@type":"ListItem","position":1,"name":"","item":"https:\/\/visitparnu.com\/en\/"},{"@type":"ListItem","position":2,"name":"Recommendations"}]},{"@type":"WebSite","@id":"https:\/\/visitparnu.com\/en\/#website","url":"https:\/\/visitparnu.com\/en\/","name":"Visit P\u00e4rnu","description":"","publisher":{"@id":"https:\/\/visitparnu.com\/en\/#organization"},"potentialAction":[{"@type":"SearchAction","target":{"@type":"EntryPoint","urlTemplate":"https:\/\/visitparnu.com\/en\/?s={search_term_string}"},"query-input":{"@type":"PropertyValueSpecification","valueRequired":true,"valueName":"search_term_string"}}],"inLanguage":"en-US"},{"@type":"Organization","@id":"https:\/\/visitparnu.com\/en\/#organization","name":"Visit P\u00e4rnu","url":"https:\/\/visitparnu.com\/en\/","logo":{"@type":"ImageObject","inLanguage":"en-US","@id":"https:\/\/visitparnu.com\/en\/#\/schema\/logo\/image\/","url":"https:\/\/visitparnu.com\/wp-content\/uploads\/2022\/11\/VP_logo.svg","contentUrl":"https:\/\/visitparnu.com\/wp-content\/uploads\/2022\/11\/VP_logo.svg","width":305,"height":33,"caption":"Visit P\u00e4rnu"},"image":{"@id":"https:\/\/visitparnu.com\/en\/#\/schema\/logo\/image\/"},"sameAs":["https:\/\/www.facebook.com\/visitparnuEE\/","https:\/\/www.youtube.com\/user\/visitparnuestonia\/","https:\/\/www.instagram.com\/visitparnu\/"]}]}},"_links":{"self":[{"href":"https:\/\/visitparnu.com\/en\/wp-json\/wp\/v2\/pages\/5050599","targetHints":{"allow":["GET"]}}],"collection":[{"href":"https:\/\/visitparnu.com\/en\/wp-json\/wp\/v2\/pages"}],"about":[{"href":"https:\/\/visitparnu.com\/en\/wp-json\/wp\/v2\/types\/page"}],"author":[{"embeddable":true,"href":"https:\/\/visitparnu.com\/en\/wp-json\/wp\/v2\/users\/1"}],"replies":[{"embeddable":true,"href":"https:\/\/visitparnu.com\/en\/wp-json\/wp\/v2\/comments?post=5050599"}],"version-history":[{"count":25,"href":"https:\/\/visitparnu.com\/en\/wp-json\/wp\/v2\/pages\/5050599\/revisions"}],"predecessor-version":[{"id":5054902,"href":"https:\/\/visitparnu.com\/en\/wp-json\/wp\/v2\/pages\/5050599\/revisions\/5054902"}],"wp:featuredmedia":[{"embeddable":true,"href":"https:\/\/visitparnu.com\/en\/wp-json\/wp\/v2\/media\/5004037"}],"wp:attachment":[{"href":"https:\/\/visitparnu.com\/en\/wp-json\/wp\/v2\/media?parent=5050599"}],"curies":[{"name":"wp","href":"https:\/\/api.w.org\/{rel}","templated":true}]}}