{"id":5040408,"date":"2024-12-17T10:53:51","date_gmt":"2024-12-17T08:53:51","guid":{"rendered":"https:\/\/visitparnu.com\/tana-parnus\/"},"modified":"2024-12-18T08:22:31","modified_gmt":"2024-12-18T06:22:31","slug":"tana-parnus","status":"publish","type":"page","link":"https:\/\/visitparnu.com\/en\/happening-today\/","title":{"rendered":"T\u00e4na P\u00e4rnus"},"content":{"rendered":"\t\t<div data-elementor-type=\"wp-post\" data-elementor-id=\"5040408\" class=\"elementor elementor-5040408 elementor-5040333\" data-elementor-post-type=\"page\">\n\t\t\t\t<div class=\"elementor-element elementor-element-5ac8f83 e-flex e-con-boxed e-con e-parent\" data-id=\"5ac8f83\" data-element_type=\"container\" data-e-type=\"container\">\n\t\t\t\t\t<div class=\"e-con-inner\">\n\t\t\t\t<div class=\"elementor-element elementor-element-2abb37f elementor-widget elementor-widget-heading\" data-id=\"2abb37f\" data-element_type=\"widget\" data-e-type=\"widget\" data-widget_type=\"heading.default\">\n\t\t\t\t\t<h1 class=\"elementor-heading-title elementor-size-default\">T\u00e4na P\u00e4rnus<\/h1>\t\t\t\t<\/div>\n\t\t\t\t\t<\/div>\n\t\t\t\t<\/div>\n\t\t<div class=\"elementor-element elementor-element-b56be1b e-flex e-con-boxed e-con e-parent\" data-id=\"b56be1b\" data-element_type=\"container\" data-e-type=\"container\">\n\t\t\t\t\t<div class=\"e-con-inner\">\n\t\t\t\t<div class=\"elementor-element elementor-element-1595371 elementor-widget elementor-widget-text-editor\" data-id=\"1595371\" data-element_type=\"widget\" data-e-type=\"widget\" data-widget_type=\"text-editor.default\">\n\t\t\t\t\t\t\t\t\t<p>P\u00e4rnus toimub aastas sadu erinevaid s\u00fcndmuseid. Suuremad festivalid ja \u00fcritused toimuvad tavap\u00e4raselt suvel, kuid mitmed \u00e4gedad s\u00fcndmused leiavad aset ka v\u00e4ljaspool suveperioodi. Paljude suur\u00fcrituste toimumise koht on P\u00e4rnu Vallik\u00e4\u00e4r, P\u00e4rnu Kontserdimaja, Endla teater ja P\u00e4rnu rand. Visit P\u00e4rnu koondab kokku k\u00f5ik olulise, mis P\u00e4rnu linnas ja maakonnas toimub. Siit saate h\u00e4id ideid, kui plaanid n\u00e4dalavahetuse reisi v\u00f5i pikemat puhkust P\u00e4rnus.<\/p>\t\t\t\t\t\t\t\t<\/div>\n\t\t\t\t\t<\/div>\n\t\t\t\t<\/div>\n\t\t\t\t<\/div>\n\t\t","protected":false},"excerpt":{"rendered":"<p>T\u00e4na P\u00e4rnus P\u00e4rnus toimub aastas sadu erinevaid s\u00fcndmuseid. Suuremad festivalid ja \u00fcritused toimuvad tavap\u00e4raselt suvel, kuid mitmed \u00e4gedad s\u00fcndmused leiavad aset ka v\u00e4ljaspool suveperioodi. Paljude suur\u00fcrituste toimumise koht on P\u00e4rnu Vallik\u00e4\u00e4r, P\u00e4rnu Kontserdimaja, Endla teater ja P\u00e4rnu rand. Visit P\u00e4rnu koondab kokku k\u00f5ik olulise, mis P\u00e4rnu linnas ja maakonnas toimub. Siit saate h\u00e4id ideid, kui [&hellip;]<\/p>\n","protected":false},"author":15,"featured_media":0,"parent":0,"menu_order":0,"comment_status":"closed","ping_status":"closed","template":"page_today.php","meta":{"_acf_changed":false,"footnotes":""},"class_list":["post-5040408","page","type-page","status-publish","hentry"],"acf":[],"yoast_head":"<!-- This site is optimized with the Yoast SEO plugin v27.3 - https:\/\/yoast.com\/product\/yoast-seo-wordpress\/ -->\n<title>T\u00e4na P\u00e4rnus - Visit P\u00e4rnu<\/title>\n<meta name=\"description\" content=\"Saa teada, mis t\u00e4na P\u00e4rnus toimub! J\u00e4rgmise n\u00e4dala \u00fcritused, meelelahutus ja p\u00f5nevad tegevused P\u00e4rnu linnas ning P\u00e4rnumaal.\" \/>\n<meta name=\"robots\" content=\"index, follow, max-snippet:-1, max-image-preview:large, max-video-preview:-1\" \/>\n<link rel=\"canonical\" href=\"https:\/\/visitparnu.com\/en\/happening-today\/\" \/>\n<meta property=\"og:locale\" content=\"en_US\" \/>\n<meta property=\"og:type\" content=\"article\" \/>\n<meta property=\"og:title\" content=\"T\u00e4na P\u00e4rnus - Visit P\u00e4rnu\" \/>\n<meta property=\"og:description\" content=\"Saa teada, mis t\u00e4na P\u00e4rnus toimub! J\u00e4rgmise n\u00e4dala \u00fcritused, meelelahutus ja p\u00f5nevad tegevused P\u00e4rnu linnas ning P\u00e4rnumaal.\" \/>\n<meta property=\"og:url\" content=\"https:\/\/visitparnu.com\/en\/happening-today\/\" \/>\n<meta property=\"og:site_name\" content=\"Visit P\u00e4rnu\" \/>\n<meta property=\"article:publisher\" content=\"https:\/\/www.facebook.com\/visitparnuEE\/\" \/>\n<meta property=\"article:modified_time\" content=\"2024-12-18T06:22:31+00:00\" \/>\n<meta name=\"twitter:card\" content=\"summary_large_image\" \/>\n<meta name=\"twitter:label1\" content=\"Est. reading time\" \/>\n\t<meta name=\"twitter:data1\" content=\"1 minute\" \/>\n<script type=\"application\/ld+json\" class=\"yoast-schema-graph\">{\"@context\":\"https:\\\/\\\/schema.org\",\"@graph\":[{\"@type\":\"WebPage\",\"@id\":\"https:\\\/\\\/visitparnu.com\\\/en\\\/happening-today\\\/\",\"url\":\"https:\\\/\\\/visitparnu.com\\\/en\\\/happening-today\\\/\",\"name\":\"T\u00e4na P\u00e4rnus - Visit P\u00e4rnu\",\"isPartOf\":{\"@id\":\"https:\\\/\\\/visitparnu.com\\\/en\\\/#website\"},\"datePublished\":\"2024-12-17T08:53:51+00:00\",\"dateModified\":\"2024-12-18T06:22:31+00:00\",\"description\":\"Saa teada, mis t\u00e4na P\u00e4rnus toimub! J\u00e4rgmise n\u00e4dala \u00fcritused, meelelahutus ja p\u00f5nevad tegevused P\u00e4rnu linnas ning P\u00e4rnumaal.\",\"breadcrumb\":{\"@id\":\"https:\\\/\\\/visitparnu.com\\\/en\\\/happening-today\\\/#breadcrumb\"},\"inLanguage\":\"en-US\",\"potentialAction\":[{\"@type\":\"ReadAction\",\"target\":[\"https:\\\/\\\/visitparnu.com\\\/en\\\/happening-today\\\/\"]}]},{\"@type\":\"BreadcrumbList\",\"@id\":\"https:\\\/\\\/visitparnu.com\\\/en\\\/happening-today\\\/#breadcrumb\",\"itemListElement\":[{\"@type\":\"ListItem\",\"position\":1,\"name\":\"\",\"item\":\"https:\\\/\\\/visitparnu.com\\\/en\\\/\"},{\"@type\":\"ListItem\",\"position\":2,\"name\":\"T\u00e4na P\u00e4rnus\"}]},{\"@type\":\"WebSite\",\"@id\":\"https:\\\/\\\/visitparnu.com\\\/en\\\/#website\",\"url\":\"https:\\\/\\\/visitparnu.com\\\/en\\\/\",\"name\":\"Visit P\u00e4rnu\",\"description\":\"\",\"publisher\":{\"@id\":\"https:\\\/\\\/visitparnu.com\\\/en\\\/#organization\"},\"potentialAction\":[{\"@type\":\"SearchAction\",\"target\":{\"@type\":\"EntryPoint\",\"urlTemplate\":\"https:\\\/\\\/visitparnu.com\\\/en\\\/?s={search_term_string}\"},\"query-input\":{\"@type\":\"PropertyValueSpecification\",\"valueRequired\":true,\"valueName\":\"search_term_string\"}}],\"inLanguage\":\"en-US\"},{\"@type\":\"Organization\",\"@id\":\"https:\\\/\\\/visitparnu.com\\\/en\\\/#organization\",\"name\":\"Visit P\u00e4rnu\",\"url\":\"https:\\\/\\\/visitparnu.com\\\/en\\\/\",\"logo\":{\"@type\":\"ImageObject\",\"inLanguage\":\"en-US\",\"@id\":\"https:\\\/\\\/visitparnu.com\\\/en\\\/#\\\/schema\\\/logo\\\/image\\\/\",\"url\":\"https:\\\/\\\/visitparnu.com\\\/wp-content\\\/uploads\\\/2022\\\/11\\\/VP_logo.svg\",\"contentUrl\":\"https:\\\/\\\/visitparnu.com\\\/wp-content\\\/uploads\\\/2022\\\/11\\\/VP_logo.svg\",\"width\":305,\"height\":33,\"caption\":\"Visit P\u00e4rnu\"},\"image\":{\"@id\":\"https:\\\/\\\/visitparnu.com\\\/en\\\/#\\\/schema\\\/logo\\\/image\\\/\"},\"sameAs\":[\"https:\\\/\\\/www.facebook.com\\\/visitparnuEE\\\/\",\"https:\\\/\\\/www.youtube.com\\\/user\\\/visitparnuestonia\\\/\",\"https:\\\/\\\/www.instagram.com\\\/visitparnu\\\/\"]}]}<\/script>\n<!-- \/ Yoast SEO plugin. -->","yoast_head_json":{"title":"T\u00e4na P\u00e4rnus - Visit P\u00e4rnu","description":"Saa teada, mis t\u00e4na P\u00e4rnus toimub! J\u00e4rgmise n\u00e4dala \u00fcritused, meelelahutus ja p\u00f5nevad tegevused P\u00e4rnu linnas ning P\u00e4rnumaal.","robots":{"index":"index","follow":"follow","max-snippet":"max-snippet:-1","max-image-preview":"max-image-preview:large","max-video-preview":"max-video-preview:-1"},"canonical":"https:\/\/visitparnu.com\/en\/happening-today\/","og_locale":"en_US","og_type":"article","og_title":"T\u00e4na P\u00e4rnus - Visit P\u00e4rnu","og_description":"Saa teada, mis t\u00e4na P\u00e4rnus toimub! J\u00e4rgmise n\u00e4dala \u00fcritused, meelelahutus ja p\u00f5nevad tegevused P\u00e4rnu linnas ning P\u00e4rnumaal.","og_url":"https:\/\/visitparnu.com\/en\/happening-today\/","og_site_name":"Visit P\u00e4rnu","article_publisher":"https:\/\/www.facebook.com\/visitparnuEE\/","article_modified_time":"2024-12-18T06:22:31+00:00","twitter_card":"summary_large_image","twitter_misc":{"Est. reading time":"1 minute"},"schema":{"@context":"https:\/\/schema.org","@graph":[{"@type":"WebPage","@id":"https:\/\/visitparnu.com\/en\/happening-today\/","url":"https:\/\/visitparnu.com\/en\/happening-today\/","name":"T\u00e4na P\u00e4rnus - Visit P\u00e4rnu","isPartOf":{"@id":"https:\/\/visitparnu.com\/en\/#website"},"datePublished":"2024-12-17T08:53:51+00:00","dateModified":"2024-12-18T06:22:31+00:00","description":"Saa teada, mis t\u00e4na P\u00e4rnus toimub! J\u00e4rgmise n\u00e4dala \u00fcritused, meelelahutus ja p\u00f5nevad tegevused P\u00e4rnu linnas ning P\u00e4rnumaal.","breadcrumb":{"@id":"https:\/\/visitparnu.com\/en\/happening-today\/#breadcrumb"},"inLanguage":"en-US","potentialAction":[{"@type":"ReadAction","target":["https:\/\/visitparnu.com\/en\/happening-today\/"]}]},{"@type":"BreadcrumbList","@id":"https:\/\/visitparnu.com\/en\/happening-today\/#breadcrumb","itemListElement":[{"@type":"ListItem","position":1,"name":"","item":"https:\/\/visitparnu.com\/en\/"},{"@type":"ListItem","position":2,"name":"T\u00e4na P\u00e4rnus"}]},{"@type":"WebSite","@id":"https:\/\/visitparnu.com\/en\/#website","url":"https:\/\/visitparnu.com\/en\/","name":"Visit P\u00e4rnu","description":"","publisher":{"@id":"https:\/\/visitparnu.com\/en\/#organization"},"potentialAction":[{"@type":"SearchAction","target":{"@type":"EntryPoint","urlTemplate":"https:\/\/visitparnu.com\/en\/?s={search_term_string}"},"query-input":{"@type":"PropertyValueSpecification","valueRequired":true,"valueName":"search_term_string"}}],"inLanguage":"en-US"},{"@type":"Organization","@id":"https:\/\/visitparnu.com\/en\/#organization","name":"Visit P\u00e4rnu","url":"https:\/\/visitparnu.com\/en\/","logo":{"@type":"ImageObject","inLanguage":"en-US","@id":"https:\/\/visitparnu.com\/en\/#\/schema\/logo\/image\/","url":"https:\/\/visitparnu.com\/wp-content\/uploads\/2022\/11\/VP_logo.svg","contentUrl":"https:\/\/visitparnu.com\/wp-content\/uploads\/2022\/11\/VP_logo.svg","width":305,"height":33,"caption":"Visit P\u00e4rnu"},"image":{"@id":"https:\/\/visitparnu.com\/en\/#\/schema\/logo\/image\/"},"sameAs":["https:\/\/www.facebook.com\/visitparnuEE\/","https:\/\/www.youtube.com\/user\/visitparnuestonia\/","https:\/\/www.instagram.com\/visitparnu\/"]}]}},"_links":{"self":[{"href":"https:\/\/visitparnu.com\/en\/wp-json\/wp\/v2\/pages\/5040408","targetHints":{"allow":["GET"]}}],"collection":[{"href":"https:\/\/visitparnu.com\/en\/wp-json\/wp\/v2\/pages"}],"about":[{"href":"https:\/\/visitparnu.com\/en\/wp-json\/wp\/v2\/types\/page"}],"author":[{"embeddable":true,"href":"https:\/\/visitparnu.com\/en\/wp-json\/wp\/v2\/users\/15"}],"replies":[{"embeddable":true,"href":"https:\/\/visitparnu.com\/en\/wp-json\/wp\/v2\/comments?post=5040408"}],"version-history":[{"count":1,"href":"https:\/\/visitparnu.com\/en\/wp-json\/wp\/v2\/pages\/5040408\/revisions"}],"predecessor-version":[{"id":5040409,"href":"https:\/\/visitparnu.com\/en\/wp-json\/wp\/v2\/pages\/5040408\/revisions\/5040409"}],"wp:attachment":[{"href":"https:\/\/visitparnu.com\/en\/wp-json\/wp\/v2\/media?parent=5040408"}],"curies":[{"name":"wp","href":"https:\/\/api.w.org\/{rel}","templated":true}]}}