{"id":4944025,"date":"2023-01-04T14:59:59","date_gmt":"2023-01-04T12:59:59","guid":{"rendered":"https:\/\/visitparnu.com\/lemmikloomaga-reisimine\/"},"modified":"2025-01-03T09:49:25","modified_gmt":"2025-01-03T07:49:25","slug":"vacation-with-a-pet","status":"publish","type":"page","link":"https:\/\/visitparnu.com\/en\/vacation-with-a-pet\/","title":{"rendered":"Vacation in P\u00e4rnu with a Pet"},"content":{"rendered":"\t\t<div data-elementor-type=\"wp-page\" data-elementor-id=\"4944025\" class=\"elementor elementor-4944025 elementor-4941091\" data-elementor-post-type=\"page\">\n\t\t\t\t<div class=\"elementor-element elementor-element-4542f427 content-two-col-block e-flex e-con-boxed e-con e-parent\" data-id=\"4542f427\" data-element_type=\"container\" data-e-type=\"container\">\n\t\t\t\t\t<div class=\"e-con-inner\">\n\t\t<div class=\"elementor-element elementor-element-bb3f354 e-con-full e-flex e-con e-child\" data-id=\"bb3f354\" data-element_type=\"container\" data-e-type=\"container\">\n\t\t\t\t<div class=\"elementor-element elementor-element-82d2a8b elementor-widget elementor-widget-text-editor\" data-id=\"82d2a8b\" data-element_type=\"widget\" data-e-type=\"widget\" data-widget_type=\"text-editor.default\">\n\t\t\t\t\t\t\t\t\t<blockquote><p>When you come to P\u00e4rnu on vacation, you don\u2019t have to leave your four-legged favorite at home or with your neighbors with a sad heart. P\u00e4rnu is a dog-friendly city and guests with dogs are welcome in many cafes, restaurants and hotels in P\u00e4rnu. There are also separate areas on the beach where you can bathe with your dog.<\/p><\/blockquote>\t\t\t\t\t\t\t\t<\/div>\n\t\t\t\t<\/div>\n\t\t<div class=\"elementor-element elementor-element-3fb015cc e-con-full e-flex e-con e-child\" data-id=\"3fb015cc\" data-element_type=\"container\" data-e-type=\"container\">\n\t\t\t\t<div class=\"elementor-element elementor-element-529d8bb8 elementor-widget elementor-widget-image\" data-id=\"529d8bb8\" data-element_type=\"widget\" data-e-type=\"widget\" data-widget_type=\"image.default\">\n\t\t\t\t\t\t\t\t\t\t\t\t\t\t\t<img fetchpriority=\"high\" decoding=\"async\" width=\"600\" height=\"400\" src=\"https:\/\/visitparnu.com\/wp-content\/uploads\/2023\/01\/dogs-g3044fb8ff_1920-prcwso3nuh9nguvk61vdyme0erz7k7v7hu5zrhxl0g.jpg\" class=\"attachment-large size-large wp-image-4941113\" alt=\"\" srcset=\"https:\/\/visitparnu.com\/wp-content\/uploads\/2023\/01\/dogs-g3044fb8ff_1920-prcwso3nuh9nguvk61vdyme0erz7k7v7hu5zrhxl0g.jpg 600w, https:\/\/visitparnu.com\/wp-content\/uploads\/2023\/01\/dogs-g3044fb8ff_1920-prcwso3nuh9nguvk61vdyme0erz7k7v7hu5zrhxl0g-300x200.jpg 300w\" sizes=\"(max-width: 600px) 100vw, 600px\" \/>\t\t\t\t\t\t\t\t\t\t\t\t\t\t\t<\/div>\n\t\t\t\t<\/div>\n\t\t\t\t\t<\/div>\n\t\t\t\t<\/div>\n\t\t<div class=\"elementor-element elementor-element-d0ef2c8 content-two-col-block e-flex e-con-boxed e-con e-parent\" data-id=\"d0ef2c8\" data-element_type=\"container\" data-e-type=\"container\">\n\t\t\t\t\t<div class=\"e-con-inner\">\n\t\t<div class=\"elementor-element elementor-element-cd76e32 e-con-full e-flex e-con e-child\" data-id=\"cd76e32\" data-element_type=\"container\" data-e-type=\"container\">\n\t\t\t\t<div class=\"elementor-element elementor-element-d66adac elementor-widget elementor-widget-heading\" data-id=\"d66adac\" data-element_type=\"widget\" data-e-type=\"widget\" data-widget_type=\"heading.default\">\n\t\t\t\t\t<h2 class=\"elementor-heading-title elementor-size-default\">Vacation with a dog<\/h2>\t\t\t\t<\/div>\n\t\t\t\t<div class=\"elementor-element elementor-element-c6019ba elementor-widget elementor-widget-text-editor\" data-id=\"c6019ba\" data-element_type=\"widget\" data-e-type=\"widget\" data-widget_type=\"text-editor.default\">\n\t\t\t\t\t\t\t\t\t<p>Among others, guests with dogs are accommodated by <a href=\"https:\/\/visitparnu.com\/en\/objekt\/hedon-spa-hotel-2-2\/\">Hedon SPA &amp; Hotel<\/a>, <a href=\"https:\/\/visitparnu.com\/en\/estonia-resort-hotel-spa-experiences-at-the-spa\/\">ESTONIA Resort Hotel &amp; SPA<\/a>, <a href=\"https:\/\/visitparnu.com\/en\/objekt\/wasa-resort-spa-hotel\/\">Wasa Resort<\/a> and <a href=\"https:\/\/visitparnu.com\/en\/objekt\/strand-spa-conference-hotel\/\">Strand SPA &amp; Conference Hotel<\/a>. In Hedon, vacationers with pets are offered rooms on the first floor of the historic mud house, which also has easy access to the outdoors. At the Strand, you can stay with your pet in a standard room. At Estonia Resort, a drinking bowl, a towel for cleaning paws and plastic bags await visitors with a dog in the room. When coming to P\u00e4rnu with a dog and booking accommodation, you must inform the hotel that you have a four-legged friend with you. It is also worth familiarizing yourself with the hotel\u2019s custom in advance of your vacation, in which areas you can walk with your dog and when you must keep your dog on a leash.<\/p>\t\t\t\t\t\t\t\t<\/div>\n\t\t\t\t<div class=\"elementor-element elementor-element-9125867 elementor-widget elementor-widget-heading\" data-id=\"9125867\" data-element_type=\"widget\" data-e-type=\"widget\" data-widget_type=\"heading.default\">\n\t\t\t\t\t<h2 class=\"elementor-heading-title elementor-size-default\">Eating and drinking with a dog<\/h2>\t\t\t\t<\/div>\n\t\t\t\t<div class=\"elementor-element elementor-element-9fcb7a0 elementor-widget elementor-widget-text-editor\" data-id=\"9fcb7a0\" data-element_type=\"widget\" data-e-type=\"widget\" data-widget_type=\"text-editor.default\">\n\t\t\t\t\t\t\t\t\t<p>If the dog gets thirsty, you can ask for water from a dog-friendly restaurant along the street. The city also has public water taps. They are located at the entrance to Naisteranna, on the extension of Lehe Street by the children\u2019s playground and on the extension of Side Street. You should not take water from the fountain for your pet.<\/p><p>The most dog-friendly restaurants in P\u00e4rnu are listed <a href=\"https:\/\/visitparnu.com\/en\/eating-out\/\">on this page<\/a>. Some places allow you to dine with your dog on the terrace, while others allow friendly and peaceful four-legged friends to stay indoors. In many places, dogs are offered a bowl of drinking water and something to chew on. Some caf\u00e9s have already proactively placed drinking water and drinking bowls on the terrace for puppies. The most well-known places that welcome visitors with pets are, for example, <a href=\"https:\/\/visitparnu.com\/en\/objekt\/parnu-yacht-club-restaurant\/\">P\u00e4rnu Jahtklubi<\/a>, <a href=\"https:\/\/visitparnu.com\/en\/objekt\/poisi-eine\/\">Poisi Eine<\/a>, <a href=\"https:\/\/visitparnu.com\/en\/objekt\/pizza-restaurant-steffani\/\">Steffani pitsarestoran<\/a>, <a href=\"https:\/\/visitparnu.com\/en\/objekt\/cafe-supelsaksad\/\">Supelsaksad<\/a>, <a href=\"https:\/\/visitparnu.com\/en\/objekt\/olivers-garden-cafe\/\">Oliver\u2019s Garden Cafe<\/a>, as well as several others.<\/p>\t\t\t\t\t\t\t\t<\/div>\n\t\t\t\t<\/div>\n\t\t<div class=\"elementor-element elementor-element-22f6d43 e-con-full e-flex e-con e-child\" data-id=\"22f6d43\" data-element_type=\"container\" data-e-type=\"container\">\n\t\t\t\t<div class=\"elementor-element elementor-element-c1da24e elementor-widget elementor-widget-heading\" data-id=\"c1da24e\" data-element_type=\"widget\" data-e-type=\"widget\" data-widget_type=\"heading.default\">\n\t\t\t\t\t<h2 class=\"elementor-heading-title elementor-size-default\">Walking with a dog<\/h2>\t\t\t\t<\/div>\n\t\t\t\t<div class=\"elementor-element elementor-element-2cd30cb elementor-widget elementor-widget-text-editor\" data-id=\"2cd30cb\" data-element_type=\"widget\" data-e-type=\"widget\" data-widget_type=\"text-editor.default\">\n\t\t\t\t\t\t\t\t\t<p>There are many parks and pleasant streets in P\u00e4rnu, so taking a walk with your dog is rather easy here and you don\u2019t have to look for a separate place around the corner. Walking the dog is a good way to get to know the beautiful resort that P\u00e4rnu undoubtedly is. Of course, it is also expected here that the dog owner cleans up after his dog. For this purpose, there are trash cans in parks and in the city.<\/p><p>When walking in public areas, the dog must be on a leash. Without a leash, the dog can run around only in the fenced dog park and training area. In less populated areas, the dog can be let off the leash for a moment under the responsibility of the animal owner, but in the summertime, finding such place is not easy. Using a leash also gives peace of mind to the dog owner himself, because P\u00e4rnu can be quite noisy and crowded during the summer and there is no risk of the dog accidentally bothering strangers or running off. When planning to visit a crowded event or fair with your dog, you should use a muzzle in addition to the leash.<\/p>\t\t\t\t\t\t\t\t<\/div>\n\t\t\t\t<div class=\"elementor-element elementor-element-400e267 elementor-widget elementor-widget-heading\" data-id=\"400e267\" data-element_type=\"widget\" data-e-type=\"widget\" data-widget_type=\"heading.default\">\n\t\t\t\t\t<h2 class=\"elementor-heading-title elementor-size-default\">Swimming with a dog<\/h2>\t\t\t\t<\/div>\n\t\t\t\t<div class=\"elementor-element elementor-element-3e9d804 elementor-widget elementor-widget-text-editor\" data-id=\"3e9d804\" data-element_type=\"widget\" data-e-type=\"widget\" data-widget_type=\"text-editor.default\">\n\t\t\t\t\t\t\t\t\t<p>When coming to P\u00e4rnu with a dog, you have to take into account that you cannot go to the central beach with a dog in the summer season. Pets are also not allowed to bathe in the fountains. So where to swim with a dog? There are four options for this in P\u00e4rnu \u2013 the left side of the P\u00e4rnu river next to the Mole of P\u00e4rnu, Mai beach, Vana-P\u00e4rnu beach and Raek\u00fcla beach. <a href=\"https:\/\/gis.parnu.ee\/portal\/apps\/experiencebuilder\/experience\/?id=5f619c84a9c74c2a8ba8fc636df55a16\">See here<\/a> for a more detailed indication of where to bathe your dog in P\u00e4rnu.<\/p>\t\t\t\t\t\t\t\t<\/div>\n\t\t\t\t<\/div>\n\t\t\t\t\t<\/div>\n\t\t\t\t<\/div>\n\t\t<div class=\"elementor-element elementor-element-9fdcf63 content-two-col-block e-flex e-con-boxed e-con e-parent\" data-id=\"9fdcf63\" data-element_type=\"container\" data-e-type=\"container\">\n\t\t\t\t\t<div class=\"e-con-inner\">\n\t\t\t\t<div class=\"elementor-element elementor-element-42de7bd elementor-widget elementor-widget-heading\" data-id=\"42de7bd\" data-element_type=\"widget\" data-e-type=\"widget\" data-widget_type=\"heading.default\">\n\t\t\t\t\t<h2 class=\"elementor-heading-title elementor-size-default\">Dog park<\/h2>\t\t\t\t<\/div>\n\t\t\t\t<div class=\"elementor-element elementor-element-37918a9 elementor-widget elementor-widget-text-editor\" data-id=\"37918a9\" data-element_type=\"widget\" data-e-type=\"widget\" data-widget_type=\"text-editor.default\">\n\t\t\t\t\t\t\t\t\t<p>Last year, a proper fenced dog park was opened next to the Mai light traffic road. The P\u00e4rnu dog park consists of two separate areas, one for large dogs and the other for smaller dogs. Both areas have great hills and bushes, between which four-legged friends can happily run around waving their tails. Booms, steps, ramps, running obstacles and an agility tunnel have been installed in the dog park to add excitement. The most convenient way to get to the dog park is via <a href=\"https:\/\/visitparnu.com\/en\/objekt\/cycle-and-pedestrian-track-on-the-mai-beach-in-parnu\/\">Mai light traffic road<\/a>. If you start walking from the end of the beach promenade, it is about a twenty-minute walk away.<\/p>\t\t\t\t\t\t\t\t<\/div>\n\t\t\t\t\t<\/div>\n\t\t\t\t<\/div>\n\t\t\t\t<\/div>\n\t\t","protected":false},"excerpt":{"rendered":"<p>When you come to P\u00e4rnu on vacation, you don\u2019t have to leave your four-legged favorite at home or with your neighbors with a sad heart. P\u00e4rnu is a dog-friendly city and guests with dogs are welcome in many cafes, restaurants and hotels in P\u00e4rnu. There are also separate areas on the beach where you can [&hellip;]<\/p>\n","protected":false},"author":1,"featured_media":0,"parent":0,"menu_order":0,"comment_status":"closed","ping_status":"closed","template":"","meta":{"_acf_changed":false,"footnotes":""},"class_list":["post-4944025","page","type-page","status-publish","hentry"],"acf":[],"yoast_head":"<!-- This site is optimized with the Yoast SEO plugin v27.3 - https:\/\/yoast.com\/product\/yoast-seo-wordpress\/ -->\n<title>Vacation in P\u00e4rnu with a Pet - Visit P\u00e4rnu<\/title>\n<meta name=\"robots\" content=\"index, follow, max-snippet:-1, max-image-preview:large, max-video-preview:-1\" \/>\n<link rel=\"canonical\" href=\"https:\/\/visitparnu.com\/en\/vacation-with-a-pet\/\" \/>\n<meta property=\"og:locale\" content=\"en_US\" \/>\n<meta property=\"og:type\" content=\"article\" \/>\n<meta property=\"og:title\" content=\"Vacation in P\u00e4rnu with a Pet - Visit P\u00e4rnu\" \/>\n<meta property=\"og:description\" content=\"When you come to P\u00e4rnu on vacation, you don\u2019t have to leave your four-legged favorite at home or with your neighbors with a sad heart. P\u00e4rnu is a dog-friendly city and guests with dogs are welcome in many cafes, restaurants and hotels in P\u00e4rnu. There are also separate areas on the beach where you can [&hellip;]\" \/>\n<meta property=\"og:url\" content=\"https:\/\/visitparnu.com\/en\/vacation-with-a-pet\/\" \/>\n<meta property=\"og:site_name\" content=\"Visit P\u00e4rnu\" \/>\n<meta property=\"article:publisher\" content=\"https:\/\/www.facebook.com\/visitparnuEE\/\" \/>\n<meta property=\"article:modified_time\" content=\"2025-01-03T07:49:25+00:00\" \/>\n<meta property=\"og:image\" content=\"https:\/\/visitparnu.com\/wp-content\/uploads\/2023\/01\/dogs-g3044fb8ff_1920-prcwso3nuh9nguvk61vdyme0erz7k7v7hu5zrhxl0g.jpg\" \/>\n\t<meta property=\"og:image:width\" content=\"600\" \/>\n\t<meta property=\"og:image:height\" content=\"400\" \/>\n\t<meta property=\"og:image:type\" content=\"image\/jpeg\" \/>\n<meta name=\"twitter:card\" content=\"summary_large_image\" \/>\n<script type=\"application\/ld+json\" class=\"yoast-schema-graph\">{\"@context\":\"https:\\\/\\\/schema.org\",\"@graph\":[{\"@type\":\"WebPage\",\"@id\":\"https:\\\/\\\/visitparnu.com\\\/en\\\/vacation-with-a-pet\\\/\",\"url\":\"https:\\\/\\\/visitparnu.com\\\/en\\\/vacation-with-a-pet\\\/\",\"name\":\"Vacation in P\u00e4rnu with a Pet - Visit P\u00e4rnu\",\"isPartOf\":{\"@id\":\"https:\\\/\\\/visitparnu.com\\\/en\\\/#website\"},\"primaryImageOfPage\":{\"@id\":\"https:\\\/\\\/visitparnu.com\\\/en\\\/vacation-with-a-pet\\\/#primaryimage\"},\"image\":{\"@id\":\"https:\\\/\\\/visitparnu.com\\\/en\\\/vacation-with-a-pet\\\/#primaryimage\"},\"thumbnailUrl\":\"https:\\\/\\\/visitparnu.com\\\/wp-content\\\/uploads\\\/2023\\\/01\\\/dogs-g3044fb8ff_1920-prcwso3nuh9nguvk61vdyme0erz7k7v7hu5zrhxl0g.jpg\",\"datePublished\":\"2023-01-04T12:59:59+00:00\",\"dateModified\":\"2025-01-03T07:49:25+00:00\",\"breadcrumb\":{\"@id\":\"https:\\\/\\\/visitparnu.com\\\/en\\\/vacation-with-a-pet\\\/#breadcrumb\"},\"inLanguage\":\"en-US\",\"potentialAction\":[{\"@type\":\"ReadAction\",\"target\":[\"https:\\\/\\\/visitparnu.com\\\/en\\\/vacation-with-a-pet\\\/\"]}]},{\"@type\":\"ImageObject\",\"inLanguage\":\"en-US\",\"@id\":\"https:\\\/\\\/visitparnu.com\\\/en\\\/vacation-with-a-pet\\\/#primaryimage\",\"url\":\"https:\\\/\\\/visitparnu.com\\\/wp-content\\\/uploads\\\/2023\\\/01\\\/dogs-g3044fb8ff_1920-prcwso3nuh9nguvk61vdyme0erz7k7v7hu5zrhxl0g.jpg\",\"contentUrl\":\"https:\\\/\\\/visitparnu.com\\\/wp-content\\\/uploads\\\/2023\\\/01\\\/dogs-g3044fb8ff_1920-prcwso3nuh9nguvk61vdyme0erz7k7v7hu5zrhxl0g.jpg\"},{\"@type\":\"BreadcrumbList\",\"@id\":\"https:\\\/\\\/visitparnu.com\\\/en\\\/vacation-with-a-pet\\\/#breadcrumb\",\"itemListElement\":[{\"@type\":\"ListItem\",\"position\":1,\"name\":\"\",\"item\":\"https:\\\/\\\/visitparnu.com\\\/en\\\/\"},{\"@type\":\"ListItem\",\"position\":2,\"name\":\"Vacation in P\u00e4rnu with a Pet\"}]},{\"@type\":\"WebSite\",\"@id\":\"https:\\\/\\\/visitparnu.com\\\/en\\\/#website\",\"url\":\"https:\\\/\\\/visitparnu.com\\\/en\\\/\",\"name\":\"Visit P\u00e4rnu\",\"description\":\"\",\"publisher\":{\"@id\":\"https:\\\/\\\/visitparnu.com\\\/en\\\/#organization\"},\"potentialAction\":[{\"@type\":\"SearchAction\",\"target\":{\"@type\":\"EntryPoint\",\"urlTemplate\":\"https:\\\/\\\/visitparnu.com\\\/en\\\/?s={search_term_string}\"},\"query-input\":{\"@type\":\"PropertyValueSpecification\",\"valueRequired\":true,\"valueName\":\"search_term_string\"}}],\"inLanguage\":\"en-US\"},{\"@type\":\"Organization\",\"@id\":\"https:\\\/\\\/visitparnu.com\\\/en\\\/#organization\",\"name\":\"Visit P\u00e4rnu\",\"url\":\"https:\\\/\\\/visitparnu.com\\\/en\\\/\",\"logo\":{\"@type\":\"ImageObject\",\"inLanguage\":\"en-US\",\"@id\":\"https:\\\/\\\/visitparnu.com\\\/en\\\/#\\\/schema\\\/logo\\\/image\\\/\",\"url\":\"https:\\\/\\\/visitparnu.com\\\/wp-content\\\/uploads\\\/2022\\\/11\\\/VP_logo.svg\",\"contentUrl\":\"https:\\\/\\\/visitparnu.com\\\/wp-content\\\/uploads\\\/2022\\\/11\\\/VP_logo.svg\",\"width\":305,\"height\":33,\"caption\":\"Visit P\u00e4rnu\"},\"image\":{\"@id\":\"https:\\\/\\\/visitparnu.com\\\/en\\\/#\\\/schema\\\/logo\\\/image\\\/\"},\"sameAs\":[\"https:\\\/\\\/www.facebook.com\\\/visitparnuEE\\\/\",\"https:\\\/\\\/www.youtube.com\\\/user\\\/visitparnuestonia\\\/\",\"https:\\\/\\\/www.instagram.com\\\/visitparnu\\\/\"]}]}<\/script>\n<!-- \/ Yoast SEO plugin. -->","yoast_head_json":{"title":"Vacation in P\u00e4rnu with a Pet - Visit P\u00e4rnu","robots":{"index":"index","follow":"follow","max-snippet":"max-snippet:-1","max-image-preview":"max-image-preview:large","max-video-preview":"max-video-preview:-1"},"canonical":"https:\/\/visitparnu.com\/en\/vacation-with-a-pet\/","og_locale":"en_US","og_type":"article","og_title":"Vacation in P\u00e4rnu with a Pet - Visit P\u00e4rnu","og_description":"When you come to P\u00e4rnu on vacation, you don\u2019t have to leave your four-legged favorite at home or with your neighbors with a sad heart. P\u00e4rnu is a dog-friendly city and guests with dogs are welcome in many cafes, restaurants and hotels in P\u00e4rnu. There are also separate areas on the beach where you can [&hellip;]","og_url":"https:\/\/visitparnu.com\/en\/vacation-with-a-pet\/","og_site_name":"Visit P\u00e4rnu","article_publisher":"https:\/\/www.facebook.com\/visitparnuEE\/","article_modified_time":"2025-01-03T07:49:25+00:00","og_image":[{"width":600,"height":400,"url":"https:\/\/visitparnu.com\/wp-content\/uploads\/2023\/01\/dogs-g3044fb8ff_1920-prcwso3nuh9nguvk61vdyme0erz7k7v7hu5zrhxl0g.jpg","type":"image\/jpeg"}],"twitter_card":"summary_large_image","schema":{"@context":"https:\/\/schema.org","@graph":[{"@type":"WebPage","@id":"https:\/\/visitparnu.com\/en\/vacation-with-a-pet\/","url":"https:\/\/visitparnu.com\/en\/vacation-with-a-pet\/","name":"Vacation in P\u00e4rnu with a Pet - Visit P\u00e4rnu","isPartOf":{"@id":"https:\/\/visitparnu.com\/en\/#website"},"primaryImageOfPage":{"@id":"https:\/\/visitparnu.com\/en\/vacation-with-a-pet\/#primaryimage"},"image":{"@id":"https:\/\/visitparnu.com\/en\/vacation-with-a-pet\/#primaryimage"},"thumbnailUrl":"https:\/\/visitparnu.com\/wp-content\/uploads\/2023\/01\/dogs-g3044fb8ff_1920-prcwso3nuh9nguvk61vdyme0erz7k7v7hu5zrhxl0g.jpg","datePublished":"2023-01-04T12:59:59+00:00","dateModified":"2025-01-03T07:49:25+00:00","breadcrumb":{"@id":"https:\/\/visitparnu.com\/en\/vacation-with-a-pet\/#breadcrumb"},"inLanguage":"en-US","potentialAction":[{"@type":"ReadAction","target":["https:\/\/visitparnu.com\/en\/vacation-with-a-pet\/"]}]},{"@type":"ImageObject","inLanguage":"en-US","@id":"https:\/\/visitparnu.com\/en\/vacation-with-a-pet\/#primaryimage","url":"https:\/\/visitparnu.com\/wp-content\/uploads\/2023\/01\/dogs-g3044fb8ff_1920-prcwso3nuh9nguvk61vdyme0erz7k7v7hu5zrhxl0g.jpg","contentUrl":"https:\/\/visitparnu.com\/wp-content\/uploads\/2023\/01\/dogs-g3044fb8ff_1920-prcwso3nuh9nguvk61vdyme0erz7k7v7hu5zrhxl0g.jpg"},{"@type":"BreadcrumbList","@id":"https:\/\/visitparnu.com\/en\/vacation-with-a-pet\/#breadcrumb","itemListElement":[{"@type":"ListItem","position":1,"name":"","item":"https:\/\/visitparnu.com\/en\/"},{"@type":"ListItem","position":2,"name":"Vacation in P\u00e4rnu with a Pet"}]},{"@type":"WebSite","@id":"https:\/\/visitparnu.com\/en\/#website","url":"https:\/\/visitparnu.com\/en\/","name":"Visit P\u00e4rnu","description":"","publisher":{"@id":"https:\/\/visitparnu.com\/en\/#organization"},"potentialAction":[{"@type":"SearchAction","target":{"@type":"EntryPoint","urlTemplate":"https:\/\/visitparnu.com\/en\/?s={search_term_string}"},"query-input":{"@type":"PropertyValueSpecification","valueRequired":true,"valueName":"search_term_string"}}],"inLanguage":"en-US"},{"@type":"Organization","@id":"https:\/\/visitparnu.com\/en\/#organization","name":"Visit P\u00e4rnu","url":"https:\/\/visitparnu.com\/en\/","logo":{"@type":"ImageObject","inLanguage":"en-US","@id":"https:\/\/visitparnu.com\/en\/#\/schema\/logo\/image\/","url":"https:\/\/visitparnu.com\/wp-content\/uploads\/2022\/11\/VP_logo.svg","contentUrl":"https:\/\/visitparnu.com\/wp-content\/uploads\/2022\/11\/VP_logo.svg","width":305,"height":33,"caption":"Visit P\u00e4rnu"},"image":{"@id":"https:\/\/visitparnu.com\/en\/#\/schema\/logo\/image\/"},"sameAs":["https:\/\/www.facebook.com\/visitparnuEE\/","https:\/\/www.youtube.com\/user\/visitparnuestonia\/","https:\/\/www.instagram.com\/visitparnu\/"]}]}},"_links":{"self":[{"href":"https:\/\/visitparnu.com\/en\/wp-json\/wp\/v2\/pages\/4944025","targetHints":{"allow":["GET"]}}],"collection":[{"href":"https:\/\/visitparnu.com\/en\/wp-json\/wp\/v2\/pages"}],"about":[{"href":"https:\/\/visitparnu.com\/en\/wp-json\/wp\/v2\/types\/page"}],"author":[{"embeddable":true,"href":"https:\/\/visitparnu.com\/en\/wp-json\/wp\/v2\/users\/1"}],"replies":[{"embeddable":true,"href":"https:\/\/visitparnu.com\/en\/wp-json\/wp\/v2\/comments?post=4944025"}],"version-history":[{"count":8,"href":"https:\/\/visitparnu.com\/en\/wp-json\/wp\/v2\/pages\/4944025\/revisions"}],"predecessor-version":[{"id":5041302,"href":"https:\/\/visitparnu.com\/en\/wp-json\/wp\/v2\/pages\/4944025\/revisions\/5041302"}],"wp:attachment":[{"href":"https:\/\/visitparnu.com\/en\/wp-json\/wp\/v2\/media?parent=4944025"}],"curies":[{"name":"wp","href":"https:\/\/api.w.org\/{rel}","templated":true}]}}