{"id":4944005,"date":"2023-01-04T14:56:21","date_gmt":"2023-01-04T12:56:21","guid":{"rendered":"https:\/\/visitparnu.com\/parnu-ajalugu\/"},"modified":"2023-01-15T13:32:42","modified_gmt":"2023-01-15T11:32:42","slug":"history-of-parnu","status":"publish","type":"page","link":"https:\/\/visitparnu.com\/en\/history-of-parnu\/","title":{"rendered":"The History of P\u00e4rnu"},"content":{"rendered":"\t\t<div data-elementor-type=\"wp-page\" data-elementor-id=\"4944005\" class=\"elementor elementor-4944005 elementor-4941089\" data-elementor-post-type=\"page\">\n\t\t\t\t<div class=\"elementor-element elementor-element-71bd7a55 content-two-col-block e-flex e-con-boxed e-con e-parent\" data-id=\"71bd7a55\" data-element_type=\"container\" data-e-type=\"container\">\n\t\t\t\t\t<div class=\"e-con-inner\">\n\t\t<div class=\"elementor-element elementor-element-79af514d e-con-full e-flex e-con e-parent\" data-id=\"79af514d\" data-element_type=\"container\" data-e-type=\"container\">\n\t\t\t\t<div class=\"elementor-element elementor-element-2b821bd1 elementor-widget elementor-widget-text-editor\" data-id=\"2b821bd1\" data-element_type=\"widget\" data-e-type=\"widget\" data-widget_type=\"text-editor.default\">\n\t\t\t\t\t\t\t\t\t<p>P\u00e4rnu is a resort city with a rich culture and romantic streets and a history dating back to the 13th century. P\u00e4rnu-J\u00f5esuu has been inhabited for more than 11,000 years already. A good location along the sea and the river has shaped P\u00e4rnu into the city it is today.<\/p><p><br>\nIn the Middle Ages, P\u00e4rnu was a port of historical importance in the import of goods. In 1838, the first bathing establishment was opened here and the history of the development of P\u00e4rnu as a resort began.<\/p><p><br>\nThroughout the times, P\u00e4rnu beach and spas have been one of the most beloved elements of spending a holiday in the city. <\/p>\t\t\t\t\t\t\t\t<\/div>\n\t\t\t\t<\/div>\n\t\t\t\t\t<\/div>\n\t\t\t\t<\/div>\n\t\t\t\t<\/div>\n\t\t","protected":false},"excerpt":{"rendered":"<p>P\u00e4rnu is a resort city with a rich culture and romantic streets and a history dating back to the 13th century. P\u00e4rnu-J\u00f5esuu has been inhabited for more than 11,000 years already. A good location along the sea and the river has shaped P\u00e4rnu into the city it is today. In the Middle Ages, P\u00e4rnu was [&hellip;]<\/p>\n","protected":false},"author":1,"featured_media":0,"parent":0,"menu_order":0,"comment_status":"closed","ping_status":"closed","template":"","meta":{"_acf_changed":false,"footnotes":""},"class_list":["post-4944005","page","type-page","status-publish","hentry"],"acf":[],"yoast_head":"<!-- This site is optimized with the Yoast SEO plugin v27.3 - https:\/\/yoast.com\/product\/yoast-seo-wordpress\/ -->\n<title>The History of P\u00e4rnu - Visit P\u00e4rnu<\/title>\n<meta name=\"robots\" content=\"index, follow, max-snippet:-1, max-image-preview:large, max-video-preview:-1\" \/>\n<link rel=\"canonical\" href=\"https:\/\/visitparnu.com\/en\/history-of-parnu\/\" \/>\n<meta property=\"og:locale\" content=\"en_US\" \/>\n<meta property=\"og:type\" content=\"article\" \/>\n<meta property=\"og:title\" content=\"The History of P\u00e4rnu - Visit P\u00e4rnu\" \/>\n<meta property=\"og:description\" content=\"P\u00e4rnu is a resort city with a rich culture and romantic streets and a history dating back to the 13th century. P\u00e4rnu-J\u00f5esuu has been inhabited for more than 11,000 years already. A good location along the sea and the river has shaped P\u00e4rnu into the city it is today. In the Middle Ages, P\u00e4rnu was [&hellip;]\" \/>\n<meta property=\"og:url\" content=\"https:\/\/visitparnu.com\/en\/history-of-parnu\/\" \/>\n<meta property=\"og:site_name\" content=\"Visit P\u00e4rnu\" \/>\n<meta property=\"article:publisher\" content=\"https:\/\/www.facebook.com\/visitparnuEE\/\" \/>\n<meta property=\"article:modified_time\" content=\"2023-01-15T11:32:42+00:00\" \/>\n<meta name=\"twitter:card\" content=\"summary_large_image\" \/>\n<meta name=\"twitter:label1\" content=\"Est. reading time\" \/>\n\t<meta name=\"twitter:data1\" content=\"1 minute\" \/>\n<script type=\"application\/ld+json\" class=\"yoast-schema-graph\">{\"@context\":\"https:\\\/\\\/schema.org\",\"@graph\":[{\"@type\":\"WebPage\",\"@id\":\"https:\\\/\\\/visitparnu.com\\\/en\\\/history-of-parnu\\\/\",\"url\":\"https:\\\/\\\/visitparnu.com\\\/en\\\/history-of-parnu\\\/\",\"name\":\"The History of P\u00e4rnu - Visit P\u00e4rnu\",\"isPartOf\":{\"@id\":\"https:\\\/\\\/visitparnu.com\\\/en\\\/#website\"},\"datePublished\":\"2023-01-04T12:56:21+00:00\",\"dateModified\":\"2023-01-15T11:32:42+00:00\",\"breadcrumb\":{\"@id\":\"https:\\\/\\\/visitparnu.com\\\/en\\\/history-of-parnu\\\/#breadcrumb\"},\"inLanguage\":\"en-US\",\"potentialAction\":[{\"@type\":\"ReadAction\",\"target\":[\"https:\\\/\\\/visitparnu.com\\\/en\\\/history-of-parnu\\\/\"]}]},{\"@type\":\"BreadcrumbList\",\"@id\":\"https:\\\/\\\/visitparnu.com\\\/en\\\/history-of-parnu\\\/#breadcrumb\",\"itemListElement\":[{\"@type\":\"ListItem\",\"position\":1,\"name\":\"\",\"item\":\"https:\\\/\\\/visitparnu.com\\\/en\\\/\"},{\"@type\":\"ListItem\",\"position\":2,\"name\":\"The History of P\u00e4rnu\"}]},{\"@type\":\"WebSite\",\"@id\":\"https:\\\/\\\/visitparnu.com\\\/en\\\/#website\",\"url\":\"https:\\\/\\\/visitparnu.com\\\/en\\\/\",\"name\":\"Visit P\u00e4rnu\",\"description\":\"\",\"publisher\":{\"@id\":\"https:\\\/\\\/visitparnu.com\\\/en\\\/#organization\"},\"potentialAction\":[{\"@type\":\"SearchAction\",\"target\":{\"@type\":\"EntryPoint\",\"urlTemplate\":\"https:\\\/\\\/visitparnu.com\\\/en\\\/?s={search_term_string}\"},\"query-input\":{\"@type\":\"PropertyValueSpecification\",\"valueRequired\":true,\"valueName\":\"search_term_string\"}}],\"inLanguage\":\"en-US\"},{\"@type\":\"Organization\",\"@id\":\"https:\\\/\\\/visitparnu.com\\\/en\\\/#organization\",\"name\":\"Visit P\u00e4rnu\",\"url\":\"https:\\\/\\\/visitparnu.com\\\/en\\\/\",\"logo\":{\"@type\":\"ImageObject\",\"inLanguage\":\"en-US\",\"@id\":\"https:\\\/\\\/visitparnu.com\\\/en\\\/#\\\/schema\\\/logo\\\/image\\\/\",\"url\":\"https:\\\/\\\/visitparnu.com\\\/wp-content\\\/uploads\\\/2022\\\/11\\\/VP_logo.svg\",\"contentUrl\":\"https:\\\/\\\/visitparnu.com\\\/wp-content\\\/uploads\\\/2022\\\/11\\\/VP_logo.svg\",\"width\":305,\"height\":33,\"caption\":\"Visit P\u00e4rnu\"},\"image\":{\"@id\":\"https:\\\/\\\/visitparnu.com\\\/en\\\/#\\\/schema\\\/logo\\\/image\\\/\"},\"sameAs\":[\"https:\\\/\\\/www.facebook.com\\\/visitparnuEE\\\/\",\"https:\\\/\\\/www.youtube.com\\\/user\\\/visitparnuestonia\\\/\",\"https:\\\/\\\/www.instagram.com\\\/visitparnu\\\/\"]}]}<\/script>\n<!-- \/ Yoast SEO plugin. -->","yoast_head_json":{"title":"The History of P\u00e4rnu - Visit P\u00e4rnu","robots":{"index":"index","follow":"follow","max-snippet":"max-snippet:-1","max-image-preview":"max-image-preview:large","max-video-preview":"max-video-preview:-1"},"canonical":"https:\/\/visitparnu.com\/en\/history-of-parnu\/","og_locale":"en_US","og_type":"article","og_title":"The History of P\u00e4rnu - Visit P\u00e4rnu","og_description":"P\u00e4rnu is a resort city with a rich culture and romantic streets and a history dating back to the 13th century. P\u00e4rnu-J\u00f5esuu has been inhabited for more than 11,000 years already. A good location along the sea and the river has shaped P\u00e4rnu into the city it is today. In the Middle Ages, P\u00e4rnu was [&hellip;]","og_url":"https:\/\/visitparnu.com\/en\/history-of-parnu\/","og_site_name":"Visit P\u00e4rnu","article_publisher":"https:\/\/www.facebook.com\/visitparnuEE\/","article_modified_time":"2023-01-15T11:32:42+00:00","twitter_card":"summary_large_image","twitter_misc":{"Est. reading time":"1 minute"},"schema":{"@context":"https:\/\/schema.org","@graph":[{"@type":"WebPage","@id":"https:\/\/visitparnu.com\/en\/history-of-parnu\/","url":"https:\/\/visitparnu.com\/en\/history-of-parnu\/","name":"The History of P\u00e4rnu - Visit P\u00e4rnu","isPartOf":{"@id":"https:\/\/visitparnu.com\/en\/#website"},"datePublished":"2023-01-04T12:56:21+00:00","dateModified":"2023-01-15T11:32:42+00:00","breadcrumb":{"@id":"https:\/\/visitparnu.com\/en\/history-of-parnu\/#breadcrumb"},"inLanguage":"en-US","potentialAction":[{"@type":"ReadAction","target":["https:\/\/visitparnu.com\/en\/history-of-parnu\/"]}]},{"@type":"BreadcrumbList","@id":"https:\/\/visitparnu.com\/en\/history-of-parnu\/#breadcrumb","itemListElement":[{"@type":"ListItem","position":1,"name":"","item":"https:\/\/visitparnu.com\/en\/"},{"@type":"ListItem","position":2,"name":"The History of P\u00e4rnu"}]},{"@type":"WebSite","@id":"https:\/\/visitparnu.com\/en\/#website","url":"https:\/\/visitparnu.com\/en\/","name":"Visit P\u00e4rnu","description":"","publisher":{"@id":"https:\/\/visitparnu.com\/en\/#organization"},"potentialAction":[{"@type":"SearchAction","target":{"@type":"EntryPoint","urlTemplate":"https:\/\/visitparnu.com\/en\/?s={search_term_string}"},"query-input":{"@type":"PropertyValueSpecification","valueRequired":true,"valueName":"search_term_string"}}],"inLanguage":"en-US"},{"@type":"Organization","@id":"https:\/\/visitparnu.com\/en\/#organization","name":"Visit P\u00e4rnu","url":"https:\/\/visitparnu.com\/en\/","logo":{"@type":"ImageObject","inLanguage":"en-US","@id":"https:\/\/visitparnu.com\/en\/#\/schema\/logo\/image\/","url":"https:\/\/visitparnu.com\/wp-content\/uploads\/2022\/11\/VP_logo.svg","contentUrl":"https:\/\/visitparnu.com\/wp-content\/uploads\/2022\/11\/VP_logo.svg","width":305,"height":33,"caption":"Visit P\u00e4rnu"},"image":{"@id":"https:\/\/visitparnu.com\/en\/#\/schema\/logo\/image\/"},"sameAs":["https:\/\/www.facebook.com\/visitparnuEE\/","https:\/\/www.youtube.com\/user\/visitparnuestonia\/","https:\/\/www.instagram.com\/visitparnu\/"]}]}},"_links":{"self":[{"href":"https:\/\/visitparnu.com\/en\/wp-json\/wp\/v2\/pages\/4944005","targetHints":{"allow":["GET"]}}],"collection":[{"href":"https:\/\/visitparnu.com\/en\/wp-json\/wp\/v2\/pages"}],"about":[{"href":"https:\/\/visitparnu.com\/en\/wp-json\/wp\/v2\/types\/page"}],"author":[{"embeddable":true,"href":"https:\/\/visitparnu.com\/en\/wp-json\/wp\/v2\/users\/1"}],"replies":[{"embeddable":true,"href":"https:\/\/visitparnu.com\/en\/wp-json\/wp\/v2\/comments?post=4944005"}],"version-history":[{"count":4,"href":"https:\/\/visitparnu.com\/en\/wp-json\/wp\/v2\/pages\/4944005\/revisions"}],"predecessor-version":[{"id":4944012,"href":"https:\/\/visitparnu.com\/en\/wp-json\/wp\/v2\/pages\/4944005\/revisions\/4944012"}],"wp:attachment":[{"href":"https:\/\/visitparnu.com\/en\/wp-json\/wp\/v2\/media?parent=4944005"}],"curies":[{"name":"wp","href":"https:\/\/api.w.org\/{rel}","templated":true}]}}