{"id":4936934,"date":"2020-02-20T05:39:47","date_gmt":"2020-02-20T03:39:47","guid":{"rendered":"https:\/\/visitparnu.com\/why-parnu\/"},"modified":"2023-01-26T15:16:17","modified_gmt":"2023-01-26T13:16:17","slug":"why-parnu","status":"publish","type":"page","link":"https:\/\/visitparnu.com\/en\/why-parnu\/","title":{"rendered":"Why P\u00e4rnu?"},"content":{"rendered":"\t\t<div data-elementor-type=\"wp-page\" data-elementor-id=\"4936934\" class=\"elementor elementor-4936934 elementor-4936708\" data-elementor-post-type=\"page\">\n\t\t\t\t<div class=\"elementor-element elementor-element-eaea88b content-one-col-block e-flex e-con-boxed e-con e-parent\" data-id=\"eaea88b\" data-element_type=\"container\" data-e-type=\"container\">\n\t\t\t\t\t<div class=\"e-con-inner\">\n\t\t<div class=\"elementor-element elementor-element-dd0027f e-con-full e-flex e-con e-parent\" data-id=\"dd0027f\" data-element_type=\"container\" data-e-type=\"container\">\n\t\t\t\t<div class=\"elementor-element elementor-element-418dcdf elementor-widget elementor-widget-heading\" data-id=\"418dcdf\" data-element_type=\"widget\" data-e-type=\"widget\" data-widget_type=\"heading.default\">\n\t\t\t\t\t<h4 class=\"elementor-heading-title elementor-size-default\">P\u00e4rnu is a seaside resort town that offers plenty of opportunities for seminars and conferences. In P\u00e4rnu, innovation and tradition, urban life, and a peaceful atmosphere come together as one.\n\nThere are many reasons to organize a conference in P\u00e4rnu.<\/h4>\t\t\t\t<\/div>\n\t\t\t\t<\/div>\n\t\t\t\t\t<\/div>\n\t\t\t\t<\/div>\n\t\t<div class=\"elementor-element elementor-element-5859d55 content-two-col-block e-flex e-con-boxed e-con e-parent\" data-id=\"5859d55\" data-element_type=\"container\" data-e-type=\"container\">\n\t\t\t\t\t<div class=\"e-con-inner\">\n\t\t<div class=\"elementor-element elementor-element-7f8d591 e-con-full e-flex e-con e-parent\" data-id=\"7f8d591\" data-element_type=\"container\" data-e-type=\"container\">\n\t\t\t\t<div class=\"elementor-element elementor-element-7d75160 elementor-widget elementor-widget-heading\" data-id=\"7d75160\" data-element_type=\"widget\" data-e-type=\"widget\" data-widget_type=\"heading.default\">\n\t\t\t\t\t<h2 class=\"elementor-heading-title elementor-size-default\">Compactness<\/h2>\t\t\t\t<\/div>\n\t\t\t\t<div class=\"elementor-element elementor-element-f95fbd5 elementor-widget elementor-widget-text-editor\" data-id=\"f95fbd5\" data-element_type=\"widget\" data-e-type=\"widget\" data-widget_type=\"text-editor.default\">\n\t\t\t\t\t\t\t\t\t<p>The city of P\u00e4rnu is a great choice for those who want to escape the rush of the big city and avoid traffic jams. All the main sights, beaches, and seminar venues of P\u00e4rnu are within walking distance. The streets and historical villas of P\u00e4rnu are a sight in their own right. The architecture characteristic of this resort cannot be found anywhere else.<\/p><p>There are several golf courses within a 15-minute drive, and the beautiful nature offers plenty of opportunities for hiking and recreation in the fresh air.<\/p>\t\t\t\t\t\t\t\t<\/div>\n\t\t\t\t<\/div>\n\t\t<div class=\"elementor-element elementor-element-85b9c53 e-con-full e-flex e-con e-parent\" data-id=\"85b9c53\" data-element_type=\"container\" data-e-type=\"container\">\n\t\t\t\t<div class=\"elementor-element elementor-element-a64e58c elementor-widget elementor-widget-video\" data-id=\"a64e58c\" data-element_type=\"widget\" data-e-type=\"widget\" data-settings=\"{&quot;youtube_url&quot;:&quot;https:\\\/\\\/youtu.be\\\/0IpeAuTv6vA&quot;,&quot;video_type&quot;:&quot;youtube&quot;,&quot;controls&quot;:&quot;yes&quot;}\" data-widget_type=\"video.default\">\n\t\t\t\t\t\t\t<div class=\"elementor-wrapper elementor-open-inline\">\n\t\t\t<div class=\"elementor-video\"><\/div>\t\t<\/div>\n\t\t\t\t\t\t<\/div>\n\t\t\t\t<\/div>\n\t\t\t\t\t<\/div>\n\t\t\t\t<\/div>\n\t\t<div class=\"elementor-element elementor-element-6ca83ee content-two-col-block e-flex e-con-boxed e-con e-parent\" data-id=\"6ca83ee\" data-element_type=\"container\" data-e-type=\"container\">\n\t\t\t\t\t<div class=\"e-con-inner\">\n\t\t<div class=\"elementor-element elementor-element-9d42b19 e-con-full e-flex e-con e-parent\" data-id=\"9d42b19\" data-element_type=\"container\" data-e-type=\"container\">\n\t\t\t\t<div class=\"elementor-element elementor-element-b86f3ec elementor-widget elementor-widget-heading\" data-id=\"b86f3ec\" data-element_type=\"widget\" data-e-type=\"widget\" data-widget_type=\"heading.default\">\n\t\t\t\t\t<h2 class=\"elementor-heading-title elementor-size-default\">Favorable location<\/h2>\t\t\t\t<\/div>\n\t\t\t\t<div class=\"elementor-element elementor-element-f801cca elementor-widget elementor-widget-text-editor\" data-id=\"f801cca\" data-element_type=\"widget\" data-e-type=\"widget\" data-widget_type=\"text-editor.default\">\n\t\t\t\t\t\t\t\t\t<p>P\u00e4rnu is just 1.5 hours from Tallinn and 2 hours from Riga. The connection to both cities is fast and good, and you can get here conveniently by bus or car.<\/p>\t\t\t\t\t\t\t\t<\/div>\n\t\t\t\t<div class=\"elementor-element elementor-element-77ef5e6 elementor-widget elementor-widget-heading\" data-id=\"77ef5e6\" data-element_type=\"widget\" data-e-type=\"widget\" data-widget_type=\"heading.default\">\n\t\t\t\t\t<h2 class=\"elementor-heading-title elementor-size-default\">Long-standing traditions<\/h2>\t\t\t\t<\/div>\n\t\t\t\t<div class=\"elementor-element elementor-element-bf4a403 elementor-widget elementor-widget-text-editor\" data-id=\"bf4a403\" data-element_type=\"widget\" data-e-type=\"widget\" data-widget_type=\"text-editor.default\">\n\t\t\t\t\t\t\t\t\t<p>P\u00e4rnu is one of the oldest resorts in this region. The first recreational establishment was opened in P\u00e4rnu more than 180 years ago. Long-term experience in customer service and hospitality has created all the preconditions for making the stay of our guests as enjoyable as possible.<\/p>\t\t\t\t\t\t\t\t<\/div>\n\t\t\t\t<div class=\"elementor-element elementor-element-b221cb2 elementor-widget elementor-widget-heading\" data-id=\"b221cb2\" data-element_type=\"widget\" data-e-type=\"widget\" data-widget_type=\"heading.default\">\n\t\t\t\t\t<h2 class=\"elementor-heading-title elementor-size-default\">High-level conference rooms and seminar venues<\/h2>\t\t\t\t<\/div>\n\t\t\t\t<div class=\"elementor-element elementor-element-a8b9260 elementor-widget elementor-widget-text-editor\" data-id=\"a8b9260\" data-element_type=\"widget\" data-e-type=\"widget\" data-widget_type=\"text-editor.default\">\n\t\t\t\t\t\t\t\t\t<p>P\u00e4rnu and P\u00e4rnu County have many different conference venues and seminar facilities. In P\u00e4rnu, you will find both dignified historical seminar rooms and modern spa hotels that host conferences. A short distance from the city, there are a number of large holiday resorts and hotels where you can work seamlessly with your team and spend time together.<br \/>The P\u00e4rnu seminar and conference venues meet all international requirements. The venues will provide a diverse range of catering options, professionally organized on-site facilities, halls, and training rooms of various sizes for larger and smaller events, facilities for conducting seminars, wifi, etc.<\/p>\t\t\t\t\t\t\t\t<\/div>\n\t\t\t\t<div class=\"elementor-element elementor-element-7b0c656 elementor-widget elementor-widget-image\" data-id=\"7b0c656\" data-element_type=\"widget\" data-e-type=\"widget\" data-widget_type=\"image.default\">\n\t\t\t\t\t\t\t\t\t\t\t\t\t\t\t<img fetchpriority=\"high\" decoding=\"async\" width=\"1024\" height=\"683\" src=\"https:\/\/visitparnu.com\/wp-content\/uploads\/2022\/12\/autor-Annika-Haas-1-scaled-1-1024x683.jpg\" class=\"attachment-large size-large wp-image-4939118\" alt=\"\" srcset=\"https:\/\/visitparnu.com\/wp-content\/uploads\/2022\/12\/autor-Annika-Haas-1-scaled-1-1024x683.jpg 1024w, https:\/\/visitparnu.com\/wp-content\/uploads\/2022\/12\/autor-Annika-Haas-1-scaled-1-300x200.jpg 300w, https:\/\/visitparnu.com\/wp-content\/uploads\/2022\/12\/autor-Annika-Haas-1-scaled-1-768x512.jpg 768w, https:\/\/visitparnu.com\/wp-content\/uploads\/2022\/12\/autor-Annika-Haas-1-scaled-1-1536x1024.jpg 1536w, https:\/\/visitparnu.com\/wp-content\/uploads\/2022\/12\/autor-Annika-Haas-1-scaled-1-2048x1366.jpg 2048w\" sizes=\"(max-width: 1024px) 100vw, 1024px\" \/>\t\t\t\t\t\t\t\t\t\t\t\t\t\t\t<\/div>\n\t\t\t\t<\/div>\n\t\t<div class=\"elementor-element elementor-element-6ae60ed e-con-full e-flex e-con e-parent\" data-id=\"6ae60ed\" data-element_type=\"container\" data-e-type=\"container\">\n\t\t\t\t<div class=\"elementor-element elementor-element-49df259 elementor-widget elementor-widget-heading\" data-id=\"49df259\" data-element_type=\"widget\" data-e-type=\"widget\" data-widget_type=\"heading.default\">\n\t\t\t\t\t<h2 class=\"elementor-heading-title elementor-size-default\">If you are looking for something special<\/h2>\t\t\t\t<\/div>\n\t\t\t\t<div class=\"elementor-element elementor-element-7361603 elementor-widget elementor-widget-text-editor\" data-id=\"7361603\" data-element_type=\"widget\" data-e-type=\"widget\" data-widget_type=\"text-editor.default\">\n\t\t\t\t\t\t\t\t\t<p>P\u00e4rnu conference and seminar venues provide a wide variety of formats for both indoor and outdoor events. Conferences at a top-class hotel, summer days by the sea, a seminar in a sauna, a team meeting in the pool, a business meeting at a historic villa, a team event on a golf course \u2013 the number of options is endless. Organizing an event in P\u00e4rnu or P\u00e4rnu County can be as special and memorable as you wish. And for good measure, you may want to add a few extra days for a personal holiday.<\/p>\t\t\t\t\t\t\t\t<\/div>\n\t\t\t\t<div class=\"elementor-element elementor-element-05a765b elementor-widget elementor-widget-image\" data-id=\"05a765b\" data-element_type=\"widget\" data-e-type=\"widget\" data-widget_type=\"image.default\">\n\t\t\t\t\t\t\t\t\t\t\t\t\t\t\t<img decoding=\"async\" width=\"1024\" height=\"683\" src=\"https:\/\/visitparnu.com\/wp-content\/uploads\/2022\/11\/Tolkuse-raba-wifi-foto-Priidu-Saart-1024x683.jpg\" class=\"attachment-large size-large wp-image-4918929\" alt=\"\" srcset=\"https:\/\/visitparnu.com\/wp-content\/uploads\/2022\/11\/Tolkuse-raba-wifi-foto-Priidu-Saart-1024x683.jpg 1024w, https:\/\/visitparnu.com\/wp-content\/uploads\/2022\/11\/Tolkuse-raba-wifi-foto-Priidu-Saart-300x200.jpg 300w, https:\/\/visitparnu.com\/wp-content\/uploads\/2022\/11\/Tolkuse-raba-wifi-foto-Priidu-Saart-768x512.jpg 768w, https:\/\/visitparnu.com\/wp-content\/uploads\/2022\/11\/Tolkuse-raba-wifi-foto-Priidu-Saart-1536x1024.jpg 1536w, https:\/\/visitparnu.com\/wp-content\/uploads\/2022\/11\/Tolkuse-raba-wifi-foto-Priidu-Saart.jpg 2048w\" sizes=\"(max-width: 1024px) 100vw, 1024px\" \/>\t\t\t\t\t\t\t\t\t\t\t\t\t\t\t<\/div>\n\t\t\t\t<div class=\"elementor-element elementor-element-d12c4b4 elementor-widget elementor-widget-heading\" data-id=\"d12c4b4\" data-element_type=\"widget\" data-e-type=\"widget\" data-widget_type=\"heading.default\">\n\t\t\t\t\t<h2 class=\"elementor-heading-title elementor-size-default\">Plenty of opportunities to combine work and leisure<\/h2>\t\t\t\t<\/div>\n\t\t\t\t<div class=\"elementor-element elementor-element-186baab elementor-widget elementor-widget-text-editor\" data-id=\"186baab\" data-element_type=\"widget\" data-e-type=\"widget\" data-widget_type=\"text-editor.default\">\n\t\t\t\t\t\t\t\t\t<p>The special atmosphere of P\u00e4rnu even encourages you to take time out and relax. Here, you and your staff can get out of the routine and organize efficient seminar days, while also invigorating the soul and mind. What could be better than joining a conference with a little vacation on the side?<\/p><p>P\u00e4rnu and its surroundings offer numerous opportunities to combine conference and leisure activities throughout the year. Let the participants of your event pamper themselves in the evening at the spa, go surfing or a SUP hike, discover the beach, go bog hiking or do a quick race lap on the biggest circuit in Estonia. In addition, you can explore P\u00e4rnu city and county areas on a joint bike ride or with electric skateboards, organize pool parties or sail to Kihnu Island, and exotic Island that in the list of UNESCO Heritage Sites, just a few examples.<\/p>\t\t\t\t\t\t\t\t<\/div>\n\t\t\t\t<div class=\"elementor-element elementor-element-6e7ee61 elementor-widget elementor-widget-image\" data-id=\"6e7ee61\" data-element_type=\"widget\" data-e-type=\"widget\" data-widget_type=\"image.default\">\n\t\t\t\t\t\t\t\t\t\t\t\t\t\t\t<img decoding=\"async\" width=\"1024\" height=\"683\" src=\"https:\/\/visitparnu.com\/wp-content\/uploads\/2022\/11\/51051579693_5bfb38ed62_k-1-1024x683.jpg\" class=\"attachment-large size-large wp-image-4918930\" alt=\"\" srcset=\"https:\/\/visitparnu.com\/wp-content\/uploads\/2022\/11\/51051579693_5bfb38ed62_k-1-1024x683.jpg 1024w, https:\/\/visitparnu.com\/wp-content\/uploads\/2022\/11\/51051579693_5bfb38ed62_k-1-300x200.jpg 300w, https:\/\/visitparnu.com\/wp-content\/uploads\/2022\/11\/51051579693_5bfb38ed62_k-1-768x512.jpg 768w, https:\/\/visitparnu.com\/wp-content\/uploads\/2022\/11\/51051579693_5bfb38ed62_k-1-1536x1024.jpg 1536w, https:\/\/visitparnu.com\/wp-content\/uploads\/2022\/11\/51051579693_5bfb38ed62_k-1.jpg 2048w\" sizes=\"(max-width: 1024px) 100vw, 1024px\" \/>\t\t\t\t\t\t\t\t\t\t\t\t\t\t\t<\/div>\n\t\t\t\t<\/div>\n\t\t\t\t\t<\/div>\n\t\t\t\t<\/div>\n\t\t\t\t<\/div>\n\t\t","protected":false},"excerpt":{"rendered":"<p>P\u00e4rnu is a seaside resort town that offers plenty of opportunities for seminars and conferences. In P\u00e4rnu, innovation and tradition, urban life, and a peaceful atmosphere come together as one. There are many reasons to organize a conference in P\u00e4rnu. Compactness The city of P\u00e4rnu is a great choice for those who want to escape [&hellip;]<\/p>\n","protected":false},"author":1,"featured_media":4918928,"parent":0,"menu_order":0,"comment_status":"closed","ping_status":"closed","template":"","meta":{"_acf_changed":false,"footnotes":""},"class_list":["post-4936934","page","type-page","status-publish","has-post-thumbnail","hentry"],"acf":[],"yoast_head":"<!-- This site is optimized with the Yoast SEO plugin v27.3 - https:\/\/yoast.com\/product\/yoast-seo-wordpress\/ -->\n<title>Why P\u00e4rnu? - Visit P\u00e4rnu<\/title>\n<meta name=\"robots\" content=\"index, follow, max-snippet:-1, max-image-preview:large, max-video-preview:-1\" \/>\n<link rel=\"canonical\" href=\"https:\/\/visitparnu.com\/en\/why-parnu\/\" \/>\n<meta property=\"og:locale\" content=\"en_US\" \/>\n<meta property=\"og:type\" content=\"article\" \/>\n<meta property=\"og:title\" content=\"Why P\u00e4rnu? - Visit P\u00e4rnu\" \/>\n<meta property=\"og:description\" content=\"P\u00e4rnu is a seaside resort town that offers plenty of opportunities for seminars and conferences. In P\u00e4rnu, innovation and tradition, urban life, and a peaceful atmosphere come together as one. There are many reasons to organize a conference in P\u00e4rnu. Compactness The city of P\u00e4rnu is a great choice for those who want to escape [&hellip;]\" \/>\n<meta property=\"og:url\" content=\"https:\/\/visitparnu.com\/en\/why-parnu\/\" \/>\n<meta property=\"og:site_name\" content=\"Visit P\u00e4rnu\" \/>\n<meta property=\"article:publisher\" content=\"https:\/\/www.facebook.com\/visitparnuEE\/\" \/>\n<meta property=\"article:modified_time\" content=\"2023-01-26T13:16:17+00:00\" \/>\n<meta property=\"og:image\" content=\"https:\/\/visitparnu.com\/wp-content\/uploads\/2022\/11\/Playday-2020-foto-Annika-Haas-1.jpg\" \/>\n\t<meta property=\"og:image:width\" content=\"1920\" \/>\n\t<meta property=\"og:image:height\" content=\"1280\" \/>\n\t<meta property=\"og:image:type\" content=\"image\/jpeg\" \/>\n<meta name=\"twitter:card\" content=\"summary_large_image\" \/>\n<meta name=\"twitter:label1\" content=\"Est. reading time\" \/>\n\t<meta name=\"twitter:data1\" content=\"4 minutes\" \/>\n<script type=\"application\/ld+json\" class=\"yoast-schema-graph\">{\"@context\":\"https:\\\/\\\/schema.org\",\"@graph\":[{\"@type\":\"WebPage\",\"@id\":\"https:\\\/\\\/visitparnu.com\\\/en\\\/why-parnu\\\/\",\"url\":\"https:\\\/\\\/visitparnu.com\\\/en\\\/why-parnu\\\/\",\"name\":\"Why P\u00e4rnu? - Visit P\u00e4rnu\",\"isPartOf\":{\"@id\":\"https:\\\/\\\/visitparnu.com\\\/en\\\/#website\"},\"primaryImageOfPage\":{\"@id\":\"https:\\\/\\\/visitparnu.com\\\/en\\\/why-parnu\\\/#primaryimage\"},\"image\":{\"@id\":\"https:\\\/\\\/visitparnu.com\\\/en\\\/why-parnu\\\/#primaryimage\"},\"thumbnailUrl\":\"https:\\\/\\\/visitparnu.com\\\/wp-content\\\/uploads\\\/2022\\\/11\\\/Playday-2020-foto-Annika-Haas-1.jpg\",\"datePublished\":\"2020-02-20T03:39:47+00:00\",\"dateModified\":\"2023-01-26T13:16:17+00:00\",\"breadcrumb\":{\"@id\":\"https:\\\/\\\/visitparnu.com\\\/en\\\/why-parnu\\\/#breadcrumb\"},\"inLanguage\":\"en-US\",\"potentialAction\":[{\"@type\":\"ReadAction\",\"target\":[\"https:\\\/\\\/visitparnu.com\\\/en\\\/why-parnu\\\/\"]}]},{\"@type\":\"ImageObject\",\"inLanguage\":\"en-US\",\"@id\":\"https:\\\/\\\/visitparnu.com\\\/en\\\/why-parnu\\\/#primaryimage\",\"url\":\"https:\\\/\\\/visitparnu.com\\\/wp-content\\\/uploads\\\/2022\\\/11\\\/Playday-2020-foto-Annika-Haas-1.jpg\",\"contentUrl\":\"https:\\\/\\\/visitparnu.com\\\/wp-content\\\/uploads\\\/2022\\\/11\\\/Playday-2020-foto-Annika-Haas-1.jpg\",\"width\":1920,\"height\":1280},{\"@type\":\"BreadcrumbList\",\"@id\":\"https:\\\/\\\/visitparnu.com\\\/en\\\/why-parnu\\\/#breadcrumb\",\"itemListElement\":[{\"@type\":\"ListItem\",\"position\":1,\"name\":\"\",\"item\":\"https:\\\/\\\/visitparnu.com\\\/en\\\/\"},{\"@type\":\"ListItem\",\"position\":2,\"name\":\"Why P\u00e4rnu?\"}]},{\"@type\":\"WebSite\",\"@id\":\"https:\\\/\\\/visitparnu.com\\\/en\\\/#website\",\"url\":\"https:\\\/\\\/visitparnu.com\\\/en\\\/\",\"name\":\"Visit P\u00e4rnu\",\"description\":\"\",\"publisher\":{\"@id\":\"https:\\\/\\\/visitparnu.com\\\/en\\\/#organization\"},\"potentialAction\":[{\"@type\":\"SearchAction\",\"target\":{\"@type\":\"EntryPoint\",\"urlTemplate\":\"https:\\\/\\\/visitparnu.com\\\/en\\\/?s={search_term_string}\"},\"query-input\":{\"@type\":\"PropertyValueSpecification\",\"valueRequired\":true,\"valueName\":\"search_term_string\"}}],\"inLanguage\":\"en-US\"},{\"@type\":\"Organization\",\"@id\":\"https:\\\/\\\/visitparnu.com\\\/en\\\/#organization\",\"name\":\"Visit P\u00e4rnu\",\"url\":\"https:\\\/\\\/visitparnu.com\\\/en\\\/\",\"logo\":{\"@type\":\"ImageObject\",\"inLanguage\":\"en-US\",\"@id\":\"https:\\\/\\\/visitparnu.com\\\/en\\\/#\\\/schema\\\/logo\\\/image\\\/\",\"url\":\"https:\\\/\\\/visitparnu.com\\\/wp-content\\\/uploads\\\/2022\\\/11\\\/VP_logo.svg\",\"contentUrl\":\"https:\\\/\\\/visitparnu.com\\\/wp-content\\\/uploads\\\/2022\\\/11\\\/VP_logo.svg\",\"width\":305,\"height\":33,\"caption\":\"Visit P\u00e4rnu\"},\"image\":{\"@id\":\"https:\\\/\\\/visitparnu.com\\\/en\\\/#\\\/schema\\\/logo\\\/image\\\/\"},\"sameAs\":[\"https:\\\/\\\/www.facebook.com\\\/visitparnuEE\\\/\",\"https:\\\/\\\/www.youtube.com\\\/user\\\/visitparnuestonia\\\/\",\"https:\\\/\\\/www.instagram.com\\\/visitparnu\\\/\"]}]}<\/script>\n<!-- \/ Yoast SEO plugin. -->","yoast_head_json":{"title":"Why P\u00e4rnu? - Visit P\u00e4rnu","robots":{"index":"index","follow":"follow","max-snippet":"max-snippet:-1","max-image-preview":"max-image-preview:large","max-video-preview":"max-video-preview:-1"},"canonical":"https:\/\/visitparnu.com\/en\/why-parnu\/","og_locale":"en_US","og_type":"article","og_title":"Why P\u00e4rnu? - Visit P\u00e4rnu","og_description":"P\u00e4rnu is a seaside resort town that offers plenty of opportunities for seminars and conferences. In P\u00e4rnu, innovation and tradition, urban life, and a peaceful atmosphere come together as one. There are many reasons to organize a conference in P\u00e4rnu. Compactness The city of P\u00e4rnu is a great choice for those who want to escape [&hellip;]","og_url":"https:\/\/visitparnu.com\/en\/why-parnu\/","og_site_name":"Visit P\u00e4rnu","article_publisher":"https:\/\/www.facebook.com\/visitparnuEE\/","article_modified_time":"2023-01-26T13:16:17+00:00","og_image":[{"width":1920,"height":1280,"url":"https:\/\/visitparnu.com\/wp-content\/uploads\/2022\/11\/Playday-2020-foto-Annika-Haas-1.jpg","type":"image\/jpeg"}],"twitter_card":"summary_large_image","twitter_misc":{"Est. reading time":"4 minutes"},"schema":{"@context":"https:\/\/schema.org","@graph":[{"@type":"WebPage","@id":"https:\/\/visitparnu.com\/en\/why-parnu\/","url":"https:\/\/visitparnu.com\/en\/why-parnu\/","name":"Why P\u00e4rnu? - Visit P\u00e4rnu","isPartOf":{"@id":"https:\/\/visitparnu.com\/en\/#website"},"primaryImageOfPage":{"@id":"https:\/\/visitparnu.com\/en\/why-parnu\/#primaryimage"},"image":{"@id":"https:\/\/visitparnu.com\/en\/why-parnu\/#primaryimage"},"thumbnailUrl":"https:\/\/visitparnu.com\/wp-content\/uploads\/2022\/11\/Playday-2020-foto-Annika-Haas-1.jpg","datePublished":"2020-02-20T03:39:47+00:00","dateModified":"2023-01-26T13:16:17+00:00","breadcrumb":{"@id":"https:\/\/visitparnu.com\/en\/why-parnu\/#breadcrumb"},"inLanguage":"en-US","potentialAction":[{"@type":"ReadAction","target":["https:\/\/visitparnu.com\/en\/why-parnu\/"]}]},{"@type":"ImageObject","inLanguage":"en-US","@id":"https:\/\/visitparnu.com\/en\/why-parnu\/#primaryimage","url":"https:\/\/visitparnu.com\/wp-content\/uploads\/2022\/11\/Playday-2020-foto-Annika-Haas-1.jpg","contentUrl":"https:\/\/visitparnu.com\/wp-content\/uploads\/2022\/11\/Playday-2020-foto-Annika-Haas-1.jpg","width":1920,"height":1280},{"@type":"BreadcrumbList","@id":"https:\/\/visitparnu.com\/en\/why-parnu\/#breadcrumb","itemListElement":[{"@type":"ListItem","position":1,"name":"","item":"https:\/\/visitparnu.com\/en\/"},{"@type":"ListItem","position":2,"name":"Why P\u00e4rnu?"}]},{"@type":"WebSite","@id":"https:\/\/visitparnu.com\/en\/#website","url":"https:\/\/visitparnu.com\/en\/","name":"Visit P\u00e4rnu","description":"","publisher":{"@id":"https:\/\/visitparnu.com\/en\/#organization"},"potentialAction":[{"@type":"SearchAction","target":{"@type":"EntryPoint","urlTemplate":"https:\/\/visitparnu.com\/en\/?s={search_term_string}"},"query-input":{"@type":"PropertyValueSpecification","valueRequired":true,"valueName":"search_term_string"}}],"inLanguage":"en-US"},{"@type":"Organization","@id":"https:\/\/visitparnu.com\/en\/#organization","name":"Visit P\u00e4rnu","url":"https:\/\/visitparnu.com\/en\/","logo":{"@type":"ImageObject","inLanguage":"en-US","@id":"https:\/\/visitparnu.com\/en\/#\/schema\/logo\/image\/","url":"https:\/\/visitparnu.com\/wp-content\/uploads\/2022\/11\/VP_logo.svg","contentUrl":"https:\/\/visitparnu.com\/wp-content\/uploads\/2022\/11\/VP_logo.svg","width":305,"height":33,"caption":"Visit P\u00e4rnu"},"image":{"@id":"https:\/\/visitparnu.com\/en\/#\/schema\/logo\/image\/"},"sameAs":["https:\/\/www.facebook.com\/visitparnuEE\/","https:\/\/www.youtube.com\/user\/visitparnuestonia\/","https:\/\/www.instagram.com\/visitparnu\/"]}]}},"_links":{"self":[{"href":"https:\/\/visitparnu.com\/en\/wp-json\/wp\/v2\/pages\/4936934","targetHints":{"allow":["GET"]}}],"collection":[{"href":"https:\/\/visitparnu.com\/en\/wp-json\/wp\/v2\/pages"}],"about":[{"href":"https:\/\/visitparnu.com\/en\/wp-json\/wp\/v2\/types\/page"}],"author":[{"embeddable":true,"href":"https:\/\/visitparnu.com\/en\/wp-json\/wp\/v2\/users\/1"}],"replies":[{"embeddable":true,"href":"https:\/\/visitparnu.com\/en\/wp-json\/wp\/v2\/comments?post=4936934"}],"version-history":[{"count":4,"href":"https:\/\/visitparnu.com\/en\/wp-json\/wp\/v2\/pages\/4936934\/revisions"}],"predecessor-version":[{"id":4946461,"href":"https:\/\/visitparnu.com\/en\/wp-json\/wp\/v2\/pages\/4936934\/revisions\/4946461"}],"wp:featuredmedia":[{"embeddable":true,"href":"https:\/\/visitparnu.com\/en\/wp-json\/wp\/v2\/media\/4918928"}],"wp:attachment":[{"href":"https:\/\/visitparnu.com\/en\/wp-json\/wp\/v2\/media?parent=4936934"}],"curies":[{"name":"wp","href":"https:\/\/api.w.org\/{rel}","templated":true}]}}